{"id":10075,"date":"2021-10-18T12:48:01","date_gmt":"2021-10-18T17:48:01","guid":{"rendered":"https:\/\/gldlaw.com\/san-antonio-immigration-attorney\/"},"modified":"2023-02-08T14:15:54","modified_gmt":"2023-02-08T20:15:54","slug":"abogado-de-inmigracion-de-san-antonio","status":"publish","type":"page","link":"https:\/\/gldlaw.com\/es\/abogado-de-inmigracion-de-san-antonio\/","title":{"rendered":"Abogado de Inmigraci\u00f3n de San Antonio"},"content":{"rendered":"\n\n\t<h1>Abogado de Inmigraci\u00f3n de San Antonio<\/h1>\n\t<h2>Ciudadan\u00eda, Visas y M\u00e1s<\/h2>\n<p>Cuando est\u00e1 considerando inmigrar a los Estados Unidos, o cuando tiene una empresa que necesita contratar trabajadores extranjeros, podr\u00eda beneficiarse de trabajar con un abogado de inmigraci\u00f3n de San Antonio.<\/p>\n<p>Su abogado puede ayudarlo a completar y presentar toda la documentaci\u00f3n que necesita para completar su proceso de inmigraci\u00f3n, as\u00ed como a responder sus preguntas en cada paso del camino.<\/p>\n\t<iframe loading=\"lazy\" title=\"Firm Overview\" width=\"500\" height=\"281\" src=\"https:\/\/www.youtube.com\/embed\/DcLq9R-L6zI?feature=oembed\" frameborder=\"0\" allow=\"accelerometer; autoplay; clipboard-write; encrypted-media; gyroscope; picture-in-picture; web-share\" allowfullscreen><\/iframe>\n\t<h2>POR QU\u00c9 ELEGIR DAVIS &amp; ASOCIADOS<\/h2>\n<ul>\n<li>(Nuestro lema es &#8220;Familias, no Expedientes&#8221; porque cuando hace negocios con nosotros, no es un expediente m\u00e1s).<\/li>\n<li>Nuestro personal es multiling\u00fce y muchos de nosotros hemos experimentado el proceso de inmigraci\u00f3n con nuestras familias y amigos.<\/li>\n<li>El Sr. Davis est\u00e1 certificado por la Junta de Inmigraci\u00f3n y Ley de Nacionalidad de la Junta de Especializaci\u00f3n Legal de Texas.<\/li>\n<\/ul>\n\t<h4>Mamata Sharma<\/h4>\nDefinitivamente recomiendo Davis &#038; Associates. Gary Davis y su equipo han logrado que nuestro caso sea exitoso no solo una vez, sino dos veces, tanto para m\u00ed como para mi esposo. Son salvavidas para nosotros. Gary Davis es fenomenal, tiene los pies en la tierra y es una persona amable, siempre se ha comunicado bien con nosotros y responde r\u00e1pidamente. Estoy tan feliz de haberlo encontrado cuando estaba buscando desesperadamente un mejor abogado. Sigan con el buen trabajo, profesionalismo y humildad.<br \/>\n.\n\t<h2><a href=\"https:\/\/gldlaw.com\/es\/contacto\/\">Haga Clic Hoy Para Su Consulta Gratis \u00bb<\/a><\/h2>\n\t\t\t<a href=\"https:\/\/gldlaw.com\/es\/contacto\/\" target=\"_self\" role=\"button\" rel=\"noopener\">\n\t\t\t\t\t\t\tOprima Aqu\u00ed\n\t\t\t\t\t<\/a>\n<h2>\n\t\t\u00bfPor qu\u00e9 trabajar con un abogado de inmigraci\u00f3n de San Antonio, TX?\n\t<\/h2>\n\t<p>Davis &amp; Associates puede ayudarlo con:<\/p>\n<ul>\n<li><a href=\"https:\/\/gldlaw.com\/es\/inmigracion\/asilo\/\">Asilo<\/a><\/li>\n<li><a href=\"https:\/\/gldlaw.com\/es\/inmigracion\/la-inmigracion-de-negocios\/\">Inmigraci\u00f3n De Negocios<\/a><\/li>\n<li><a href=\"https:\/\/gldlaw.com\/es\/inmigracion\/ciudadania-y-naturalizacion\/\">Ciudadan\u00eda Y Naturalizaci\u00f3n<\/a><\/li>\n<li><a href=\"https:\/\/gldlaw.com\/es\/inmigracion\/daca\/\">DACA<\/a><\/li>\n<li><a href=\"https:\/\/gldlaw.com\/es\/inmigracion\/doble-ciudadania\/\">La Doble Nacionalidad<\/a><\/li>\n<li><a href=\"https:\/\/gldlaw.com\/es\/inmigracion\/deportacion\/\">Deportaci\u00f3n (Remoci\u00f3n)<\/a><\/li>\n<li><a href=\"https:\/\/gldlaw.com\/es\/inmigracion\/inmigracion-familiar\/\">Inmigraci\u00f3n Familiar<\/a><\/li>\n<li><a href=\"https:\/\/gldlaw.com\/es\/inmigracion\/tarjeta-verdes\/\">Tarjetas Verdes<\/a><\/li>\n<li><a href=\"https:\/\/gldlaw.com\/es\/inmigracion\/inmigracion-familiar\/matrimonio-con-tarjeta-verde\/\">Matrimonio Con Tarjeta Verde<\/a><\/li>\n<li><a href=\"https:\/\/gldlaw.com\/es\/inmigracion\/abogados-de-apelaciones-de-inmigracion-de-texas\/\">Apelaciones De Inmigraci\u00f3n<\/a><\/li>\n<li><a href=\"https:\/\/gldlaw.com\/es\/inmigracion\/visas\/\">Visas<\/a><\/li>\n<\/ul>\n\t<iframe loading=\"lazy\" title=\"Consultation Process\" width=\"500\" height=\"281\" src=\"https:\/\/www.youtube.com\/embed\/h8upSzfPFqs?feature=oembed\" frameborder=\"0\" allow=\"accelerometer; autoplay; clipboard-write; encrypted-media; gyroscope; picture-in-picture; web-share\" allowfullscreen><\/iframe>\n<h2>\n\t\t\u00bfQu\u00e9 puede hacer un abogado de inmigraci\u00f3n de San Antonio por usted?\n\t<\/h2>\n\t<p>Cuando est\u00e1 considerando inmigrar a los Estados Unidos, o cuando tiene una empresa que necesita contratar trabajadores extranjeros, podr\u00eda beneficiarse de trabajar con un abogado de inmigraci\u00f3n de San Antonio. Su abogado puede ayudarlo a completar y presentar toda la documentaci\u00f3n que necesita para completar su proceso de inmigraci\u00f3n, as\u00ed como a responder sus preguntas en cada paso del camino.<\/p>\n<p>Un abogado de inmigraci\u00f3n de San Antonio puede ayudarlo con una amplia gama de problemas de inmigraci\u00f3n que van desde la defensa de deportaci\u00f3n hasta una visa de prometido. Las siguientes secciones explican.<\/p>\n<h2>\n\t\tInmigraci\u00f3n de negocios con la ayuda de un abogado de inmigraci\u00f3n de San Antonio\n\t<\/h2>\n\t<p>La ley de inmigraci\u00f3n comercial de los Estados Unidos puede ser muy compleja y siempre est\u00e1 sujeta a cambios. Es por eso que muchas compa\u00f1\u00edas que necesitan traer talento extranjero eligen trabajar con un <a href=\"https:\/\/gldlaw.com\/es\/inmigracion\/la-inmigracion-de-negocios\/\">\u00a0abogado de inmigraci\u00f3n<\/a><a href=\"https:\/\/gldlaw.com\/immigration\/business-immigration\/\"> comercial<\/a> de San Antonio para obtener ayuda con el papeleo y cumplir con la ley.<\/p>\n<p>Debido a que las empresas que contratan trabajadores extranjeros deben certificarse con el Departamento de Trabajo de los Estados Unidos y patrocinar a cualquier inmigrante que deseen contratar, ciertamente es una buena idea obtener orientaci\u00f3n legal.<\/p>\n\t<iframe loading=\"lazy\" title=\"Bufete De Abogados De Inmigraci\u00f3n Davis &amp; Associates\" width=\"500\" height=\"281\" src=\"https:\/\/www.youtube.com\/embed\/qv8b9EifqHc?feature=oembed\" frameborder=\"0\" allow=\"accelerometer; autoplay; clipboard-write; encrypted-media; gyroscope; picture-in-picture; web-share\" allowfullscreen><\/iframe>\n\t<p>No necesariamente tiene que venir a los Estados Unidos como trabajador patrocinado. Hay v\u00edas para que una persona solicite al gobierno de los Estados Unidos que practique negocios aqu\u00ed, como una visa de comerciante por tratado o una tarjeta verde de inversionista. Si desea explorar estas opciones, programe una consulta gratuita con uno de nuestros abogados de inmigraci\u00f3n; Estaremos encantados de responder a sus preguntas.<\/p>\n\t<h2><a href=\"https:\/\/gldlaw.com\/es\/contacto\/\">Haga Clic Hoy Para Su Consulta Gratis \u00bb<\/a><\/h2>\n\t\t\t<a href=\"https:\/\/gldlaw.com\/es\/contacto\/\" target=\"_self\" role=\"button\" rel=\"noopener\">\n\t\t\t\t\t\t\tOprima Aqu\u00ed\n\t\t\t\t\t<\/a>\n<h2>\n\t\tTrabajar con un abogado de inmigraci\u00f3n de San Antonio para obtener una visa \n\t<\/h2>\n\t<iframe loading=\"lazy\" title=\"Visas and Greencards\" width=\"500\" height=\"281\" src=\"https:\/\/www.youtube.com\/embed\/tLjediP_qm4?start=31&#038;feature=oembed\" frameborder=\"0\" allow=\"accelerometer; autoplay; clipboard-write; encrypted-media; gyroscope; picture-in-picture\" allowfullscreen><\/iframe>\n\t<p>Para visitar, trabajar o asistir a la escuela en los Estados Unidos, necesita una visa del gobierno de los Estados Unidos.<\/p>\n<p>Una visa es t\u00e9cnicamente su permiso para permanecer en los Estados Unidos por un per\u00edodo de tiempo determinado.<\/p>\n<p>Hay varios tipos de visas disponibles, incluidas las que le permiten recorrer el pa\u00eds, asistir a una universidad o escuela de comercio, trabajar para un determinado negocio o incluso <a href=\"https:\/\/gldlaw.com\/es\/inmigracion\/inmigracion-familiar\/visas-de-prometido-k-1\/\">venir a los Estados Unidos para casarse con su prometido.<\/a><\/p>\n\t<p>Si tiene la intenci\u00f3n de obtener una visa para venir a los Estados Unidos, puede beneficiarse de trabajar con un <a href=\"https:\/\/gldlaw.com\/es\/inmigracion\/visas\/\">abogado de visas de San Antonio<\/a>. Su abogado puede ayudarlo a elegir el tipo correcto de visa para sus necesidades, as\u00ed como a completar y presentar su petici\u00f3n para ello.<\/p>\n<p>Cuando tiene una visa, solo puede permanecer en los Estados Unidos si no viola sus t\u00e9rminos. Por ejemplo, si est\u00e1s en los Estados Unidos con una visa para asistir a la escuela, no puedes trabajar sin la debida autorizaci\u00f3n. Si viola las condiciones de su visa, ser\u00e1 deportado de los Estados Unidos, y es posible que se le proh\u00edba regresar.<\/p>\n<h2>\n\t\tTarjetas verdes a trav\u00e9s de un abogado de inmigraci\u00f3n de San Antonio\n\t<\/h2>\n\t<p>Los residentes permanentes legales en los Estados Unidos obtienen tarjetas verdes, una autorizaci\u00f3n personalizada para vivir y trabajar en cualquier lugar de los Estados Unidos. Aunque una tarjeta verde no llega a ofrecer los mismos beneficios que ofrece la ciudadan\u00eda, es un trampol\u00edn hacia la naturalizaci\u00f3n.<\/p>\n<p>La naturalizaci\u00f3n es el acto de convertirse en ciudadano estadounidense cuando no ten\u00eda ese derecho por nacimiento. Muchas personas que desean obtener\u00a0 tarjetas verdes eligen trabajar con un <a href=\"https:\/\/gldlaw.com\/es\/inmigracion\/tarjeta-verdes\/\">abogado de tarjetas verdes en San Antonio<\/a> para simplificar el proceso. Su abogado puede completar y presentar la documentaci\u00f3n apropiada y responder sus preguntas en el camino.<\/p>\n<h2>\n\t\tCiudadan\u00eda (naturalizaci\u00f3n)\n\t<\/h2>\n\t<p>Si no naci\u00f3 ciudadano estadounidense, puede convertirse en uno, siempre y cuando cumpla con ciertos criterios. Primero, debe ser admisible en los Estados Unidos.<\/p>\n<p>Tambi\u00e9n debe tener una tarjeta verde durante un cierto per\u00edodo de tiempo; Por lo general, debe ser un residente permanente legal con una tarjeta verde durante al menos 3 a\u00f1os si est\u00e1 casado con un ciudadano estadounidense o 5 a\u00f1os bajo cualquier otra circunstancia. Tambi\u00e9n debe:<\/p>\n\t<ul>\n<li>Ser mayor de 18 a\u00f1os cuando presente la solicitud<\/li>\n<li>Demostrar que ha tenido una residencia en los Estados Unidos durante al menos 5 a\u00f1os en el momento de presentar la solicitud<\/li>\n<li>Demostrar que ha estado f\u00edsicamente presente en los Estados Unidos durante al menos 30 meses de los \u00faltimos 5 a\u00f1os cuando presenta la solicitud<\/li>\n<li>Ser una persona de buen car\u00e1cter moral<\/li>\n<li>Leer, escribir y hablar ingl\u00e9s b\u00e1sico<\/li>\n<li>Aprobar el examen de ciudadan\u00eda estadounidense<\/li>\n<li>Estar dispuesto a jurar lealtad a los Estados Unidos despu\u00e9s de que se le otorgue la ciudadan\u00eda<\/li>\n<li>Adherirse a los principios e ideales de la Constituci\u00f3n de los Estados Unidos<\/li>\n<\/ul>\n\t<iframe loading=\"lazy\" title=\"Naturalized Citizenship\" width=\"500\" height=\"281\" src=\"https:\/\/www.youtube.com\/embed\/1UIiGpVEO2Q?start=6&#038;feature=oembed\" frameborder=\"0\" allow=\"accelerometer; autoplay; clipboard-write; encrypted-media; gyroscope; picture-in-picture\" allowfullscreen><\/iframe>\n\t<p>Debido a que el proceso de naturalizaci\u00f3n puede llevar mucho tiempo, y debido a que las leyes que lo rodean son complejas, es posible que desee trabajar con un <a href=\"https:\/\/gldlaw.com\/es\/inmigracion\/ciudadania-y-naturalizacion\/\">abogado de ciudadan\u00eda estadounidense<\/a> que pueda ayudarlo. Adem\u00e1s, si tiene circunstancias especiales, como antecedentes penales o cualquier otra cosa que pueda afectar su solicitud, es posible que desee consultar con un abogado.<\/p>\n\t<h2><a href=\"https:\/\/gldlaw.com\/es\/contacto\/\">Haga Clic Hoy Para Su Consulta Gratis \u00bb<\/a><\/h2>\n\t\t\t<a href=\"https:\/\/gldlaw.com\/es\/contacto\/\" target=\"_self\" role=\"button\" rel=\"noopener\">\n\t\t\t\t\t\t\tOprima Aqu\u00ed\n\t\t\t\t\t<\/a>\n<h2>\n\t\tAyuda de inmigraci\u00f3n familiar de un abogado de inmigraci\u00f3n de San Antonio\n\t<\/h2>\n\t<p>Los ciudadanos estadounidenses y los residentes permanentes legales pueden patrocinar a ciertos miembros de la familia para que vengan a los Estados Unidos.<\/p>\n<p>Sin embargo, hay diferentes tipos de visas de inmigrante disponibles dependiendo de su estado de ciudadan\u00eda personal y las relaciones que comparte con los miembros de su familia.<\/p>\n<p>En general, los familiares inmediatos (como c\u00f3nyuges e hijos solteros) de ciudadanos estadounidenses que deseen solicitar tarjetas verdes pueden hacerlo de inmediato, sin per\u00edodo de espera.<\/p>\n\t<iframe loading=\"lazy\" title=\"Family Immigration\" width=\"500\" height=\"281\" src=\"https:\/\/www.youtube.com\/embed\/-AURpgbdVdE?feature=oembed\" frameborder=\"0\" allow=\"accelerometer; autoplay; clipboard-write; encrypted-media; gyroscope; picture-in-picture\" allowfullscreen><\/iframe>\n\t<p>Sin embargo, los familiares inmediatos de los titulares de la tarjeta verde \u00a0generalmente deben esperar hasta que se abra un lugar para ellos. Si desea traer a su familia a los Estados Unidos, podr\u00eda beneficiarse de hablar con un <a href=\"https:\/\/gldlaw.com\/es\/inmigracion\/inmigracion-familiar\/\">abogado de inmigraci\u00f3n familiar de San Antonio<\/a> que entienda las v\u00edas por las cuales sus parientes son elegibles para ingresar al pa\u00eds.<\/p>\n<h2>\n\t\tAplicaciones IF\n\t<\/h2>\n\t<p>El programa de Acci\u00f3n Diferida para los Llegados en la Infancia, com\u00fanmente llamado DACA, es un programa para proteger a las personas que llegaron a los Estados Unidos cuando eran ni\u00f1os. Si est\u00e1 interesado en solicitar DACA o renovar su estatus, puede trabajar con un <a href=\"https:\/\/gldlaw.com\/es\/inmigracion\/daca\/\">abogado de DACA<\/a> que pueda responder sus preguntas y presentar la documentaci\u00f3n apropiada en su nombre.<\/p>\n<h2>Asilo y Estatus de Refugiado en los Estados Unidos<\/h2>\n<p>El asilo y el estatus de refugiado permiten a las personas venir a los Estados Unidos para protegerse contra la persecuci\u00f3n en sus pa\u00edses de origen. Si tiene un temor leg\u00edtimo o persecuci\u00f3n, o si ha sido perseguido en el pasado debido a su raza, nacionalidad, creencias religiosas, opiniones pol\u00edticas\u00a0 o pertenencia a un grupo social, podr\u00eda ser elegible. Debe discutir sus opciones con un <a href=\"https:\/\/gldlaw.com\/es\/inmigracion\/asilo\/\">abogado de asilo en San Antonio<\/a> que pueda ayudarlo a comenzar a avanzar.<\/p>\n<h3>Apelaciones de Inmigraci\u00f3n por un Abogado de Inmigraci\u00f3n de San Antonio<\/h3>\n<p>Los jueces de inmigraci\u00f3n a veces toman decisiones con las que no estamos de acuerdo, y si eso le sucede a usted, podr\u00eda ser elegible para presentar una apelaci\u00f3n. Muchas personas que presentan apelaciones de inmigraci\u00f3n lo hacen con la ayuda de un abogado. Su <a href=\"https:\/\/gldlaw.com\/es\/inmigracion\/abogados-de-apelaciones-de-inmigracion-de-texas\/\">abogado de apelaciones<\/a> de inmigraci\u00f3n podr\u00e1 pedirle a la corte que reabra su caso y lo revise, y usted puede obtener un mejor resultado.<\/p>\n<h3>Abogados de Defensa de Deportaci\u00f3n en San Antonio<\/h3>\n<p>La deportaci\u00f3n, oficialmente llamada <em>remoci\u00f3n<\/em>, da miedo. Si te deportan de los Estados Unidos, no se te permite regresar al pa\u00eds, incluso si toda tu vida est\u00e1 aqu\u00ed. Si enfrenta un proceso de deportaci\u00f3n, le conviene ponerse en contacto con un <a href=\"https:\/\/gldlaw.com\/es\/inmigracion\/deportacion\/\">abogado defensor de deportaci\u00f3n en San Antonio<\/a> que pueda ayudarlo a obtener el mejor resultado posible.<\/p>\n<h2>\u00bfNecesita hablar con un abogado de inmigraci\u00f3n de San Antonio?<\/h2>\n<p>Si est\u00e1 considerando inmigrar a los Estados Unidos, contratar trabajadores extranjeros o\u00a0 enfrentar procedimientos de deportaci\u00f3n, o si enfrenta cualquier otro problema de inmigraci\u00f3n, es posible que podamos ayudarlo. Llame a nuestra oficina hoy para programar su consulta gratuita con un profesional experto y atento que puede brindarle el asesoramiento legal que necesita.<\/p>\n\t<h2><a href=\"https:\/\/gldlaw.com\/es\/contacto\/\">Haga Clic Hoy Para Su Consulta Gratis \u00bb<\/a><\/h2>\n\t\t\t<a href=\"https:\/\/gldlaw.com\/es\/contacto\/\" target=\"_self\" role=\"button\" rel=\"noopener\">\n\t\t\t\t\t\t\tOprima Aqu\u00ed\n\t\t\t\t\t<\/a>\n\n","protected":false},"excerpt":{"rendered":"<p>Abogado de Inmigraci\u00f3n de San Antonio Ciudadan\u00eda, Visas y M\u00e1s Cuando est\u00e1 considerando inmigrar a los Estados Unidos, o cuando tiene una empresa que necesita contratar trabajadores extranjeros, podr\u00eda beneficiarse de trabajar con un abogado de inmigraci\u00f3n de San Antonio. Su abogado puede ayudarlo a completar y presentar toda la documentaci\u00f3n que necesita para completar&hellip;<\/p>\n","protected":false},"author":5,"featured_media":0,"parent":0,"menu_order":0,"comment_status":"closed","ping_status":"closed","template":"","meta":{"_monsterinsights_skip_tracking":false,"_monsterinsights_sitenote_active":false,"_monsterinsights_sitenote_note":"","_monsterinsights_sitenote_category":0,"footnotes":""},"class_list":["post-10075","page","type-page","status-publish","hentry"],"yoast_head":"<!-- This site is optimized with the Yoast SEO plugin v27.6 - https:\/\/yoast.com\/product\/yoast-seo-wordpress\/ -->\n<title>Abogado de Inmigraci\u00f3n de San Antonio | Consulta Gratis<\/title>\n<meta name=\"description\" content=\"\u00bfDeber\u00eda trabajar con un abogado de inmigraci\u00f3n de San Antonio si planea venir a los EE. UU. o contratar trabajadores extranjeros en su empresa?\" \/>\n<meta name=\"robots\" content=\"index, follow, max-snippet:-1, max-image-preview:large, max-video-preview:-1\" \/>\n<link rel=\"canonical\" href=\"https:\/\/gldlaw.com\/es\/abogado-de-inmigracion-de-san-antonio\/\" \/>\n<meta property=\"og:locale\" content=\"es_MX\" \/>\n<meta property=\"og:type\" content=\"article\" \/>\n<meta property=\"og:title\" content=\"Abogado de Inmigraci\u00f3n de San Antonio | Consulta Gratis\" \/>\n<meta property=\"og:description\" content=\"\u00bfDeber\u00eda trabajar con un abogado de inmigraci\u00f3n de San Antonio si planea venir a los EE. UU. o contratar trabajadores extranjeros en su empresa?\" \/>\n<meta property=\"og:url\" content=\"https:\/\/gldlaw.com\/es\/abogado-de-inmigracion-de-san-antonio\/\" \/>\n<meta property=\"og:site_name\" content=\"Davis &amp; Associates\" \/>\n<meta property=\"article:publisher\" content=\"https:\/\/www.facebook.com\/GLDavisandAssociates\/\" \/>\n<meta property=\"article:modified_time\" content=\"2023-02-08T20:15:54+00:00\" \/>\n<meta property=\"og:image\" content=\"https:\/\/gldlaw.com\/wp-content\/uploads\/2016\/09\/Attorney-At-Law-Mag-5.png\" \/>\n\t<meta property=\"og:image:width\" content=\"560\" \/>\n\t<meta property=\"og:image:height\" content=\"315\" \/>\n\t<meta property=\"og:image:type\" content=\"image\/png\" \/>\n<meta name=\"twitter:card\" content=\"summary_large_image\" \/>\n<meta name=\"twitter:site\" content=\"@GLD_Law\" \/>\n<meta name=\"twitter:label1\" content=\"Tiempo de lectura\" \/>\n\t<meta name=\"twitter:data1\" content=\"7 minutos\" \/>\n<script type=\"application\/ld+json\" class=\"yoast-schema-graph\">{\"@context\":\"https:\\\/\\\/schema.org\",\"@graph\":[{\"@type\":\"WebPage\",\"@id\":\"https:\\\/\\\/gldlaw.com\\\/es\\\/abogado-de-inmigracion-de-san-antonio\\\/\",\"url\":\"https:\\\/\\\/gldlaw.com\\\/es\\\/abogado-de-inmigracion-de-san-antonio\\\/\",\"name\":\"Abogado de Inmigraci\u00f3n de San Antonio | Consulta Gratis\",\"isPartOf\":{\"@id\":\"https:\\\/\\\/gldlaw.com\\\/es\\\/#website\"},\"datePublished\":\"2021-10-18T17:48:01+00:00\",\"dateModified\":\"2023-02-08T20:15:54+00:00\",\"description\":\"\u00bfDeber\u00eda trabajar con un abogado de inmigraci\u00f3n de San Antonio si planea venir a los EE. UU. o contratar trabajadores extranjeros en su empresa?\",\"breadcrumb\":{\"@id\":\"https:\\\/\\\/gldlaw.com\\\/es\\\/abogado-de-inmigracion-de-san-antonio\\\/#breadcrumb\"},\"inLanguage\":\"es\",\"potentialAction\":[{\"@type\":\"ReadAction\",\"target\":[\"https:\\\/\\\/gldlaw.com\\\/es\\\/abogado-de-inmigracion-de-san-antonio\\\/\"]}]},{\"@type\":\"BreadcrumbList\",\"@id\":\"https:\\\/\\\/gldlaw.com\\\/es\\\/abogado-de-inmigracion-de-san-antonio\\\/#breadcrumb\",\"itemListElement\":[{\"@type\":\"ListItem\",\"position\":1,\"name\":\"Home\",\"item\":\"https:\\\/\\\/gldlaw.com\\\/es\\\/\"},{\"@type\":\"ListItem\",\"position\":2,\"name\":\"Abogado de Inmigraci\u00f3n de San Antonio\"}]},{\"@type\":\"WebSite\",\"@id\":\"https:\\\/\\\/gldlaw.com\\\/es\\\/#website\",\"url\":\"https:\\\/\\\/gldlaw.com\\\/es\\\/\",\"name\":\"Davis &amp; Associates\",\"description\":\"Dallas \\\/ Fort Worth Immigration Attorney\",\"potentialAction\":[{\"@type\":\"SearchAction\",\"target\":{\"@type\":\"EntryPoint\",\"urlTemplate\":\"https:\\\/\\\/gldlaw.com\\\/es\\\/?s={search_term_string}\"},\"query-input\":{\"@type\":\"PropertyValueSpecification\",\"valueRequired\":true,\"valueName\":\"search_term_string\"}}],\"inLanguage\":\"es\"}]}<\/script>\n<!-- \/ Yoast SEO plugin. -->","yoast_head_json":{"title":"Abogado de Inmigraci\u00f3n de San Antonio | Consulta Gratis","description":"\u00bfDeber\u00eda trabajar con un abogado de inmigraci\u00f3n de San Antonio si planea venir a los EE. UU. o contratar trabajadores extranjeros en su empresa?","robots":{"index":"index","follow":"follow","max-snippet":"max-snippet:-1","max-image-preview":"max-image-preview:large","max-video-preview":"max-video-preview:-1"},"canonical":"https:\/\/gldlaw.com\/es\/abogado-de-inmigracion-de-san-antonio\/","og_locale":"es_MX","og_type":"article","og_title":"Abogado de Inmigraci\u00f3n de San Antonio | Consulta Gratis","og_description":"\u00bfDeber\u00eda trabajar con un abogado de inmigraci\u00f3n de San Antonio si planea venir a los EE. UU. o contratar trabajadores extranjeros en su empresa?","og_url":"https:\/\/gldlaw.com\/es\/abogado-de-inmigracion-de-san-antonio\/","og_site_name":"Davis &amp; Associates","article_publisher":"https:\/\/www.facebook.com\/GLDavisandAssociates\/","article_modified_time":"2023-02-08T20:15:54+00:00","og_image":[{"width":560,"height":315,"url":"https:\/\/gldlaw.com\/wp-content\/uploads\/2016\/09\/Attorney-At-Law-Mag-5.png","type":"image\/png"}],"twitter_card":"summary_large_image","twitter_site":"@GLD_Law","twitter_misc":{"Tiempo de lectura":"7 minutos"},"schema":{"@context":"https:\/\/schema.org","@graph":[{"@type":"WebPage","@id":"https:\/\/gldlaw.com\/es\/abogado-de-inmigracion-de-san-antonio\/","url":"https:\/\/gldlaw.com\/es\/abogado-de-inmigracion-de-san-antonio\/","name":"Abogado de Inmigraci\u00f3n de San Antonio | Consulta Gratis","isPartOf":{"@id":"https:\/\/gldlaw.com\/es\/#website"},"datePublished":"2021-10-18T17:48:01+00:00","dateModified":"2023-02-08T20:15:54+00:00","description":"\u00bfDeber\u00eda trabajar con un abogado de inmigraci\u00f3n de San Antonio si planea venir a los EE. UU. o contratar trabajadores extranjeros en su empresa?","breadcrumb":{"@id":"https:\/\/gldlaw.com\/es\/abogado-de-inmigracion-de-san-antonio\/#breadcrumb"},"inLanguage":"es","potentialAction":[{"@type":"ReadAction","target":["https:\/\/gldlaw.com\/es\/abogado-de-inmigracion-de-san-antonio\/"]}]},{"@type":"BreadcrumbList","@id":"https:\/\/gldlaw.com\/es\/abogado-de-inmigracion-de-san-antonio\/#breadcrumb","itemListElement":[{"@type":"ListItem","position":1,"name":"Home","item":"https:\/\/gldlaw.com\/es\/"},{"@type":"ListItem","position":2,"name":"Abogado de Inmigraci\u00f3n de San Antonio"}]},{"@type":"WebSite","@id":"https:\/\/gldlaw.com\/es\/#website","url":"https:\/\/gldlaw.com\/es\/","name":"Davis &amp; Associates","description":"Dallas \/ Fort Worth Immigration Attorney","potentialAction":[{"@type":"SearchAction","target":{"@type":"EntryPoint","urlTemplate":"https:\/\/gldlaw.com\/es\/?s={search_term_string}"},"query-input":{"@type":"PropertyValueSpecification","valueRequired":true,"valueName":"search_term_string"}}],"inLanguage":"es"}]}},"_links":{"self":[{"href":"https:\/\/gldlaw.com\/es\/wp-json\/wp\/v2\/pages\/10075","targetHints":{"allow":["GET"]}}],"collection":[{"href":"https:\/\/gldlaw.com\/es\/wp-json\/wp\/v2\/pages"}],"about":[{"href":"https:\/\/gldlaw.com\/es\/wp-json\/wp\/v2\/types\/page"}],"author":[{"embeddable":true,"href":"https:\/\/gldlaw.com\/es\/wp-json\/wp\/v2\/users\/5"}],"replies":[{"embeddable":true,"href":"https:\/\/gldlaw.com\/es\/wp-json\/wp\/v2\/comments?post=10075"}],"version-history":[{"count":4,"href":"https:\/\/gldlaw.com\/es\/wp-json\/wp\/v2\/pages\/10075\/revisions"}],"predecessor-version":[{"id":10081,"href":"https:\/\/gldlaw.com\/es\/wp-json\/wp\/v2\/pages\/10075\/revisions\/10081"}],"wp:attachment":[{"href":"https:\/\/gldlaw.com\/es\/wp-json\/wp\/v2\/media?parent=10075"}],"curies":[{"name":"wp","href":"https:\/\/api.w.org\/{rel}","templated":true}]}}