{"id":10090,"date":"2021-11-30T13:20:43","date_gmt":"2021-11-30T19:20:43","guid":{"rendered":"https:\/\/gldlaw.com\/irving-immigration-lawyer\/"},"modified":"2023-07-18T10:57:29","modified_gmt":"2023-07-18T15:57:29","slug":"abogado-de-inmigracion-en-irving-tx","status":"publish","type":"page","link":"https:\/\/gldlaw.com\/es\/abogado-de-inmigracion-en-irving-tx\/","title":{"rendered":"Abogado De Inmigraci\u00f3n En Irving, TX"},"content":{"rendered":"\n\n\t<h1>Abogado De Inmigraci\u00f3n En Irving, TX<\/h1>\n\t<h2>Ciudadan\u00eda, Visas y M\u00e1s<\/h2>\n<p>Si desea inmigrar a los Estados Unidos, patrocinar a trabajadores extranjeros en su empresa o necesita ayuda con asuntos como la defensa contra la deportaci\u00f3n, asilo o estatus de refugiado, o convertirse en ciudadano estadounidense por naturalizaci\u00f3n, es posible que necesite la ayuda de un abogado de inmigraci\u00f3n en Irving, Texas.<\/p>\n<p>Esto es lo que necesita saber.<\/p>\n\t<iframe loading=\"lazy\" title=\"Meet The Team at Davis &amp; Associates\" width=\"500\" height=\"281\" src=\"https:\/\/www.youtube.com\/embed\/qdU7WQ9PGoo?feature=oembed\" frameborder=\"0\" allow=\"accelerometer; autoplay; clipboard-write; encrypted-media; gyroscope; picture-in-picture; web-share\" allowfullscreen><\/iframe>\n\t<h2>Por Qu\u00e9 Elegir Davis &amp; Associates<\/h2>\n<ul>\n<li>El Sr. Davis est\u00e1 certificado por la Junta de Inmigraci\u00f3n y Ley de Nacionalidad de la Junta de Especializaci\u00f3n Legal de Texas.<\/li>\n<li>(Nuestro lema es &#8220;Familias, no Expedientes&#8221; porque cuando hace negocios con nosotros, no es un expediente m\u00e1s).<\/li>\n<li>Nuestro personal es multiling\u00fce y muchos de nosotros hemos experimentado el proceso de inmigraci\u00f3n con nuestras familias y amigos.<\/li>\n<\/ul>\n\t<h4>ALP Fiesta LLC<\/h4>\nEspero que existan 7 ESTRELLAS, \u00a1me dar\u00edan 7 ESTRELLAS!. Obtuve los servicios de Davis &#038; Associates en uno de mis problemas de inmigraci\u00f3n m\u00e1s dif\u00edciles. El Sr. Garry Davis y su equipo, especialmente Claire, son profesionales consumados y extremadamente serviciales, la forma en que prepararon y presentaron el caso es realmente encomiable y finalmente mi caso ha sido aprobado por USCIS. No tengo ninguna duda de que la aprobaci\u00f3n de este caso solo fue posible debido a su perspicacia profesional, comprensi\u00f3n y conocimiento de las normas y pol\u00edticas de inmigraci\u00f3n. Demostraron que su lema es &#8220;Familias, no archivos&#8221;. Recomiendo encarecidamente a Davis &#038; Associates para cualquier problema de inmigraci\u00f3n.<br \/>\n\t<h2><a href=\"https:\/\/gldlaw.com\/es\/contacto\/\">PROGRAMA TU CONSULTA GRATUITA HOY &gt;&gt; \u00bb<\/a><\/h2>\n\t\t\t<a href=\"https:\/\/gldlaw.com\/es\/contacto\/\" target=\"_self\" rel=\"noopener\">\n\t\t\t\t\t\t\tOprima Aqu\u00ed\n\t\t\t\t\t<\/a>\n<h2>\n\t\t\u00bfNecesita un abogado de inmigraci\u00f3n en Irving, TX?\n\t<\/h2>\n\t<p>La ley de inmigraci\u00f3n en los Estados Unidos es complicada, y siempre est\u00e1 sujeta a cambios. Una decisi\u00f3n del Congreso u orden ejecutiva puede poner todo su caso patas arriba, por lo que para muchas personas, lo mejor que puede hacer es trabajar con un abogado de inmigraci\u00f3n con experiencia en Irving que se mantenga al d\u00eda con la informaci\u00f3n legal tal como se decide en el Congreso o los tribunales.<\/p>\n<p>Trabajar con un abogado puede facilitarle las cosas; No tiene que preocuparse por llenar correctamente las peticiones (o incluso asegurarse de que est\u00e1 llenando las\u00a0 peticiones correctas), presentarlas a tiempo o cualquier otra cosa; solo necesita hablar con su abogado, proporcionar documentaci\u00f3n de respaldo y presentarse a sus entrevistas de inmigraci\u00f3n, citas biom\u00e9tricas u otras citas necesarias.<\/p>\n\t<iframe loading=\"lazy\" title=\"Consultation Process\" width=\"500\" height=\"281\" src=\"https:\/\/www.youtube.com\/embed\/h8upSzfPFqs?feature=oembed\" frameborder=\"0\" allow=\"accelerometer; autoplay; clipboard-write; encrypted-media; gyroscope; picture-in-picture; web-share\" allowfullscreen><\/iframe>\n\t<h2>\u00bfEn qu\u00e9 puede ayudarle un abogado de inmigraci\u00f3n de Irving?<\/h2>\n<p><img loading=\"lazy\" decoding=\"async\" src=\"https:\/\/gldlaw.com\/wp-content\/uploads\/2023\/02\/Abogado-De-Inmigracio\u0301n-En-Irving-TX.png\" alt=\"Abogado De Inmigracio\u0301n En Irving, TX\" width=\"501\" height=\"263\" \/>Un abogado de inmigraci\u00f3n de Irving podr\u00e1 ayudarlo con pr\u00e1cticamente cualquier aspecto de la inmigraci\u00f3n de los Estados Unidos. Obtenga m\u00e1s detalles en las siguientes secciones.<\/p>\n<h3>Asilo y estatus de refugiado con la ayuda de un abogado de inmigraci\u00f3n de Irving<\/h3>\n<p><a href=\"https:\/\/gldlaw.com\/es\/inmigracion\/asilo\/\">El asilo y el estatus de refugiado<\/a> logran lo mismo: te dan refugio seguro en los Estados Unidos. La principal diferencia entre los dos es su ubicaci\u00f3n en el momento de presentar la solicitud. Si se encuentra en un cruce fronterizo de los Estados Unidos o ya est\u00e1 en los Estados Unidos, solicitar\u00e1 asilo; si se encuentra fuera del pa\u00eds, solicitar\u00e1 al gobierno de los Estados Unidos el estatus de refugiado.<\/p>\n<p>Si ha sido perseguido, o si est\u00e1 en peligro de ser perseguido por cualquiera de las siguientes razones, podr\u00eda ser elegible para el asilo en los Estados Unidos:<\/p>\n<ul>\n<li>Creencias religiosas<\/li>\n<li>Raza<\/li>\n<li>Nacionalidad<\/li>\n<li>Opini\u00f3n pol\u00edtica<\/li>\n<li>Pertenencia a un determinado grupo social<\/li>\n<\/ul>\n<h2>\n\t\tBusiness Immigration Services Through a Irving Immigration Attorney\n\t<\/h2>\n\t<p><a href=\"https:\/\/gldlaw.com\/es\/inmigracion\/la-inmigracion-de-negocios\/\">La inmigraci\u00f3n<\/a> de negocios es uno de los aspectos m\u00e1s complicados de la ley estadounidense.<\/p>\n<p>Adem\u00e1s de restringir cu\u00e1ndo y c\u00f3mo las empresas pueden contratar talento extranjero, la ley requiere que las empresas de los Estados Unidos cumplan con ciertos criterios antes de que puedan solicitar al gobierno que traiga a un trabajador de fuera de nuestras fronteras.<\/p>\n<p>Trabajar con un abogado de inmigraci\u00f3n de negocios con experiencia en Irving puede ser la ruta m\u00e1s sencilla para su empresa.<\/p>\n\t<iframe loading=\"lazy\" title=\"Bufete De Abogados De Inmigraci\u00f3n Davis &amp; Associates\" width=\"500\" height=\"281\" src=\"https:\/\/www.youtube.com\/embed\/qv8b9EifqHc?feature=oembed\" frameborder=\"0\" allow=\"accelerometer; autoplay; clipboard-write; encrypted-media; gyroscope; picture-in-picture; web-share\" allowfullscreen><\/iframe>\n\t<p>Le ayudaremos a garantizar que cumpla con los requisitos del gobierno de los Estados Unidos para contratar trabajadores extranjeros, presentaremos todos los documentos apropiados en su nombre y le explicaremos todo el proceso.<\/p>\n<p>Podemos ayudarlo a traer a los trabajadores que necesita, ya sea que sean de un pa\u00eds donde su empresa tenga otra sucursal o simplemente necesite expandir el grupo de talentos de su empresa. Nuestra firma puede ayudarlo a obtener visas de trabajo y tarjetas verdes para los inmigrantes que desea patrocinar.<\/p>\n<ul>\n<li>Visas CW-1 para trabajadores de transici\u00f3n<\/li>\n<li><a href=\"https:\/\/gldlaw.com\/es\/inmigracion\/la-inmigracion-de-negocios\/visa-e-1\/\">Visas E-1, E-2,\u00a0<\/a>E-2C y E-3,\u00a0<a href=\"https:\/\/gldlaw.com\/es\/inmigracion\/la-inmigracion-de-negocios\/visas-eb-1\/\">EB-1<\/a>\u00a0y\u00a0<a href=\"https:\/\/gldlaw.com\/es\/inmigracion\/la-inmigracion-de-negocios\/eb-5-visa-de-inversionista\/\">EB-5<\/a>\u00a0para comerciantes de tratados, inversionistas de tratados, empleados calificados, inversionistas extranjeros a largo plazo y ciertos profesionales de ocupaciones especializadas provenientes de Australia solamente<\/li>\n<li><a href=\"https:\/\/gldlaw.com\/es\/inmigracion\/la-inmigracion-de-negocios\/h-1b-employment-visa\/\">Visas H-1B<\/a>\u00a0para trabajadores del Tratado de Libre Comercio, ocupaciones especializadas, modelos de moda de m\u00e9rito y habilidad distinguidos, y trabajadores en ocupaciones especializadas<\/li>\n<li><a href=\"https:\/\/www.uscis.gov\/archive\/h-1c-registered-nurse-working-in-a-health-professional-shortage-area-as-determined-by-the-department\">Visas H-1C para enfermeras registradas<\/a><\/li>\n<li>Visas H-2A para trabajadores agr\u00edcolas temporales o estacionales<\/li>\n<li>Visas H-3 para aprendices (que no sean m\u00e9dicas o acad\u00e9micas)<\/li>\n<li><a href=\"https:\/\/gldlaw.com\/immigration\/business-immigration\/visa-h-4\/\">H-4 Visas<\/a><\/li>\n<li>I visados para representantes de medios de informaci\u00f3n extranjeros, incluidos la prensa, la radio y el cine<\/li>\n<li><a href=\"https:\/\/gldlaw.com\/es\/inmigracion\/la-inmigracion-de-negocios\/visa-l-1\/\">Visas L-1A<\/a>\u00a0y\u00a0<a href=\"https:\/\/gldlaw.com\/es\/inmigracion\/la-inmigracion-de-negocios\/visas-l-1b\/\">L-1B<\/a>\u00a0para personas transferidas dentro de la compa\u00f1\u00eda<\/li>\n<li><a href=\"https:\/\/gldlaw.com\/es\/inmigracion\/la-inmigracion-de-negocios\/guia-de-visas-o-1\/\">Visas O-1 y<\/a>\u00a0O-2 para personas con habilidades extraordinarias en las ciencias, artes, educaci\u00f3n, negocios, atletismo o producci\u00f3n en pel\u00edculas y televisi\u00f3n (y su personal de apoyo)<\/li>\n<li><a href=\"https:\/\/gldlaw.com\/es\/inmigracion\/la-inmigracion-de-negocios\/visas-p1\/\">Visas P-1A y P-1B<\/a>\u00a0para atletas, artistas y miembros de grupos de entretenimiento reconocidos internacionalmente<\/li>\n<li>Visas P-2 y P-3 para artistas individuales y grupos que ingresan para actuar bajo programas de intercambio rec\u00edproco, as\u00ed como artistas y animadores que vienen a los Estados Unidos para actuar, ense\u00f1ar o entrenar bajo un programa culturalmente \u00fanico.<\/li>\n<li>Visas Q-1 para personas que participan en programas internacionales de intercambio cultural<\/li>\n<li>Visas R-1 para trabajadores religiosos<\/li>\n<li><a href=\"https:\/\/gldlaw.com\/es\/inmigracion\/la-inmigracion-de-negocios\/tn-visas-for-nafta-professionals\/\">Visas TN<\/a>\u00a0para profesionales temporales del Tratado de Libre Comercio de Am\u00e9rica del Norte provenientes de Canad\u00e1 o M\u00e9xico<\/li>\n<\/ul>\n\t<h3>Ayuda de un abogado de inmigraci\u00f3n de Irving con ciudadan\u00eda y naturalizaci\u00f3n<\/h3>\n<p>Obtener la <a href=\"https:\/\/gldlaw.com\/es\/inmigracion\/ciudadania-y-naturalizacion\/\">ciudadan\u00eda estadounidense a trav\u00e9s de la naturalizaci\u00f3n<\/a> es un proceso largo, y requiere que complete y presente una cantidad significativa de papeleo. Pero antes de que pueda solicitar la ciudadan\u00eda, debe convertirse en un residente permanente legal; adem\u00e1s, debe ser residente permanente legal durante al menos cinco a\u00f1os (tres si est\u00e1 casado con un ciudadano estadounidense) antes de poder convertirse en ciudadano estadounidense naturalizado. Tambi\u00e9n debe cumplir con muchas otras condiciones, incluida la demostraci\u00f3n de que ha estado f\u00edsicamente presente en los Estados Unidos durante al menos 30 meses de los \u00faltimos cinco a\u00f1os, que es una persona de buen car\u00e1cter moral y que puede leer, escribir y hablar ingl\u00e9s b\u00e1sico. Tambi\u00e9n debe aprobar una prueba de educaci\u00f3n c\u00edvica, que cubre informaci\u00f3n sobre el gobierno y la historia de los Estados Unidos, as\u00ed como estar dispuesto a jurar lealtad a los Estados Unidos.<\/p>\n<p>Todo este proceso comienza con una visa que le permite venir a los Estados Unidos en primer lugar. Si tiene la intenci\u00f3n de obtener la ciudadan\u00eda estadounidense pero actualmente no se encuentra en los Estados Unidos, es posible que podamos ayudarlo a encontrar una visa que eventualmente lo conduzca a la ciudadan\u00eda. Si actualmente se encuentra en los Estados Unidos, es posible que podamos ayudarlo a ajustar su estado para que pueda convertirse en un residente permanente legal y obtener una tarjeta verde, y si ya tiene una tarjeta verde, es posible que podamos ayudarlo a obtener su ciudadan\u00eda estadounidense.<\/p>\n\t<h3>Art\u00edculos \u00datiles<\/h3>\n<p><a href=\"https:\/\/gldlaw.com\/es\/inmigracion\/doble-ciudadania\/\">Ciudadan\u00eda dual en los EE. UU.: todo lo que necesita saber<\/a><\/p>\n<p><a href=\"https:\/\/gldlaw.com\/es\/el-camino-a-la-ciudadania-americana\/\">El camino hacia la ciudadan\u00eda estadounidense<\/a><\/p>\n\t<h2><a href=\"https:\/\/gldlaw.com\/es\/contacto\/\">PROGRAMA TU CONSULTA GRATUITA HOY &gt;&gt; \u00bb<\/a><\/h2>\n\t\t\t<a href=\"https:\/\/gldlaw.com\/es\/contacto\/\" target=\"_self\" rel=\"noopener\">\n\t\t\t\t\t\t\tOprima Aqu\u00ed\n\t\t\t\t\t<\/a>\n\t<h3>Acci\u00f3n Diferida para los Llegados en la Infancia<\/h3>\n<p>Si se le otorga el <a href=\"https:\/\/gldlaw.com\/es\/inmigracion\/daca\/\">estatus de DACA<\/a>, que solo est\u00e1 disponible para inmigrantes que llegaron a los Estados Unidos cuando eran ni\u00f1os, la acci\u00f3n de deportaci\u00f3n en su contra se aplaza por dos a\u00f1os a la vez. Al momento de escribir este art\u00edculo, se est\u00e1n procesando nuevas solicitudes de DACA para personas que llegaron a los Estados Unidos antes de cumplir los 16 a\u00f1os y han vivido en los Estados Unidos desde el 15 de junio de 2007.<\/p>\n<p>Si anteriormente se le otorg\u00f3 el estatus de DACA y necesita renovar su petici\u00f3n, un abogado de inmigraci\u00f3n en Irving tambi\u00e9n puede ayudarlo.<\/p>\n<h3>Defensa de Deportaci\u00f3n<\/h3>\n<p>Cuando se enfrenta a un proceso de deportaci\u00f3n, puede beneficiarse de trabajar con un <a href=\"https:\/\/gldlaw.com\/es\/inmigracion\/deportacion\/\">abogado defensor de deportaci\u00f3n en Irving<\/a>. Usted tiene derecho a contratar a un abogado si tiene derecho a una audiencia, y su abogado puede ayudar a garantizar que su versi\u00f3n de la historia salga a la luz, y eso puede darle la oportunidad de evitar la deportaci\u00f3n.<\/p>\n<h3>Inmigraci\u00f3n Familiar<\/h3>\n<p>Los ciudadanos estadounidenses y los residentes permanentes legales pueden <a href=\"https:\/\/gldlaw.com\/es\/inmigracion\/inmigracion-familiar\/\">patrocinar a ciertos miembros de la familia para que vengan a los Estados Unidos<\/a>. Si usted es el c\u00f3nyuge, hijo o\u00a0 padre de un ciudadano estadounidense, puede ser elegible para una visa o tarjeta verde que le permita estar m\u00e1s cerca de su familia. Adem\u00e1s, si usted es el c\u00f3nyuge o hijo de un titular de la tarjeta verde (un residente permanente legal de los Estados Unidos), tambi\u00e9n puede ser elegible.<\/p>\n<p>La relaci\u00f3n que comparte con un ciudadano estadounidense o residente permanente legal es lo que lo hace elegible para inmigrar a los Estados Unidos, y el gobierno prioriza a algunos miembros de la familia sobre otros. Un abogado de inmigraci\u00f3n de Irving puede ayudarlo a determinar la mejor manera de trabajar con su patrocinador con sede en los Estados Unidos para venir a los Estados Unidos.<\/p>\n<h3>Tarjetas Verdes<\/h3>\n<p>Cuando se convierte en residente permanente legal de los Estados Unidos, <a href=\"https:\/\/gldlaw.com\/es\/inmigracion\/tarjeta-verdes\/\">obtiene una tarjeta verde<\/a> , un documento oficial que demuestra que est\u00e1 legalmente autorizado a vivir y trabajar en cualquier parte del pa\u00eds. Debe pertenecer a una de las siguientes categor\u00edas para ser elegible para una tarjeta verde:<\/p>\n<ul>\n<li>Patrocinio de cierto miembro de la familia<\/li>\n<li>Empleo<\/li>\n<li>Estatus especial de inmigrante<\/li>\n<li>Estatuto de refugiado o asilado<\/li>\n<li>Trata de personas o v\u00edctimas de delitos<\/li>\n<li>V\u00edctimas de abuso<\/li>\n<li>Viviendo en los Estados Unidos desde enero de 1972<\/li>\n<li>Un peque\u00f1o n\u00famero de otras circunstancias<\/li>\n<\/ul>\n<p>Su abogado puede ayudarlo a determinar la base de su solicitud de tarjeta verde cuando sea el momento de presentarla.<\/p>\n<h2>\u00bfNecesita hablar con un abogado de inmigraci\u00f3n en Irving, TX?<\/h2>\n<p>Si est\u00e1 considerando inmigrar a los Estados Unidos, si es ciudadano estadounidense o residente permanente legal que desea patrocinar a un miembro de la familia, o si su empresa necesita traer trabajadores extranjeros, es posible que podamos ayudarlo. Llame a nuestra oficina ahora para programar una consulta gratuita con un abogado de inmigraci\u00f3n en Irving que evaluar\u00e1 su situaci\u00f3n y le dar\u00e1 la orientaci\u00f3n que necesita.<\/p>\n\t<h2><a href=\"https:\/\/gldlaw.com\/es\/contacto\/\">PROGRAMA TU CONSULTA GRATUITA HOY &gt;&gt; \u00bb<\/a><\/h2>\n\t\t\t<a href=\"https:\/\/gldlaw.com\/es\/contacto\/\" target=\"_self\" rel=\"noopener\">\n\t\t\t\t\t\t\tOprima Aqu\u00ed\n\t\t\t\t\t<\/a>\n\n","protected":false},"excerpt":{"rendered":"<p>Abogado De Inmigraci\u00f3n En Irving, TX Ciudadan\u00eda, Visas y M\u00e1s Si desea inmigrar a los Estados Unidos, patrocinar a trabajadores extranjeros en su empresa o necesita ayuda con asuntos como la defensa contra la deportaci\u00f3n, asilo o estatus de refugiado, o convertirse en ciudadano estadounidense por naturalizaci\u00f3n, es posible que necesite la ayuda de un&hellip;<\/p>\n","protected":false},"author":5,"featured_media":0,"parent":0,"menu_order":0,"comment_status":"closed","ping_status":"closed","template":"","meta":{"_monsterinsights_skip_tracking":false,"_monsterinsights_sitenote_active":false,"_monsterinsights_sitenote_note":"","_monsterinsights_sitenote_category":0,"footnotes":""},"class_list":["post-10090","page","type-page","status-publish","hentry"],"yoast_head":"<!-- This site is optimized with the Yoast SEO plugin v27.6 - https:\/\/yoast.com\/product\/yoast-seo-wordpress\/ -->\n<title>Abogado De Inmigraci\u00f3n En Irving, TX | Consulta Gratis<\/title>\n<meta name=\"description\" content=\"Un abogado de inmigraci\u00f3n en Irving puede ayudarlo con una tarjeta verde, naturalizaci\u00f3n, visas o defensa de deportaci\u00f3n.\" \/>\n<meta name=\"robots\" content=\"index, follow, max-snippet:-1, max-image-preview:large, max-video-preview:-1\" \/>\n<link rel=\"canonical\" href=\"https:\/\/gldlaw.com\/es\/abogado-de-inmigracion-en-irving-tx\/\" \/>\n<meta property=\"og:locale\" content=\"es_MX\" \/>\n<meta property=\"og:type\" content=\"article\" \/>\n<meta property=\"og:title\" content=\"Abogado De Inmigraci\u00f3n En Irving, TX | Consulta Gratis\" \/>\n<meta property=\"og:description\" content=\"Un abogado de inmigraci\u00f3n en Irving puede ayudarlo con una tarjeta verde, naturalizaci\u00f3n, visas o defensa de deportaci\u00f3n.\" \/>\n<meta property=\"og:url\" content=\"https:\/\/gldlaw.com\/es\/abogado-de-inmigracion-en-irving-tx\/\" \/>\n<meta property=\"og:site_name\" content=\"Davis &amp; Associates\" \/>\n<meta property=\"article:publisher\" content=\"https:\/\/www.facebook.com\/GLDavisandAssociates\/\" \/>\n<meta property=\"article:modified_time\" content=\"2023-07-18T15:57:29+00:00\" \/>\n<meta property=\"og:image\" content=\"https:\/\/gldlaw.com\/wp-content\/uploads\/2016\/09\/Attorney-At-Law-Mag-5.png\" \/>\n\t<meta property=\"og:image:width\" content=\"560\" \/>\n\t<meta property=\"og:image:height\" content=\"315\" \/>\n\t<meta property=\"og:image:type\" content=\"image\/png\" \/>\n<meta name=\"twitter:card\" content=\"summary_large_image\" \/>\n<meta name=\"twitter:site\" content=\"@GLD_Law\" \/>\n<meta name=\"twitter:label1\" content=\"Tiempo de lectura\" \/>\n\t<meta name=\"twitter:data1\" content=\"8 minutos\" \/>\n<script type=\"application\/ld+json\" class=\"yoast-schema-graph\">{\"@context\":\"https:\\\/\\\/schema.org\",\"@graph\":[{\"@type\":\"WebPage\",\"@id\":\"https:\\\/\\\/gldlaw.com\\\/es\\\/abogado-de-inmigracion-en-irving-tx\\\/\",\"url\":\"https:\\\/\\\/gldlaw.com\\\/es\\\/abogado-de-inmigracion-en-irving-tx\\\/\",\"name\":\"Abogado De Inmigraci\u00f3n En Irving, TX | Consulta Gratis\",\"isPartOf\":{\"@id\":\"https:\\\/\\\/gldlaw.com\\\/es\\\/#website\"},\"datePublished\":\"2021-11-30T19:20:43+00:00\",\"dateModified\":\"2023-07-18T15:57:29+00:00\",\"description\":\"Un abogado de inmigraci\u00f3n en Irving puede ayudarlo con una tarjeta verde, naturalizaci\u00f3n, visas o defensa de deportaci\u00f3n.\",\"breadcrumb\":{\"@id\":\"https:\\\/\\\/gldlaw.com\\\/es\\\/abogado-de-inmigracion-en-irving-tx\\\/#breadcrumb\"},\"inLanguage\":\"es\",\"potentialAction\":[{\"@type\":\"ReadAction\",\"target\":[\"https:\\\/\\\/gldlaw.com\\\/es\\\/abogado-de-inmigracion-en-irving-tx\\\/\"]}]},{\"@type\":\"BreadcrumbList\",\"@id\":\"https:\\\/\\\/gldlaw.com\\\/es\\\/abogado-de-inmigracion-en-irving-tx\\\/#breadcrumb\",\"itemListElement\":[{\"@type\":\"ListItem\",\"position\":1,\"name\":\"Home\",\"item\":\"https:\\\/\\\/gldlaw.com\\\/es\\\/\"},{\"@type\":\"ListItem\",\"position\":2,\"name\":\"Abogado De Inmigraci\u00f3n En Irving, TX\"}]},{\"@type\":\"WebSite\",\"@id\":\"https:\\\/\\\/gldlaw.com\\\/es\\\/#website\",\"url\":\"https:\\\/\\\/gldlaw.com\\\/es\\\/\",\"name\":\"Davis &amp; Associates\",\"description\":\"Dallas \\\/ Fort Worth Immigration Attorney\",\"potentialAction\":[{\"@type\":\"SearchAction\",\"target\":{\"@type\":\"EntryPoint\",\"urlTemplate\":\"https:\\\/\\\/gldlaw.com\\\/es\\\/?s={search_term_string}\"},\"query-input\":{\"@type\":\"PropertyValueSpecification\",\"valueRequired\":true,\"valueName\":\"search_term_string\"}}],\"inLanguage\":\"es\"}]}<\/script>\n<!-- \/ Yoast SEO plugin. -->","yoast_head_json":{"title":"Abogado De Inmigraci\u00f3n En Irving, TX | Consulta Gratis","description":"Un abogado de inmigraci\u00f3n en Irving puede ayudarlo con una tarjeta verde, naturalizaci\u00f3n, visas o defensa de deportaci\u00f3n.","robots":{"index":"index","follow":"follow","max-snippet":"max-snippet:-1","max-image-preview":"max-image-preview:large","max-video-preview":"max-video-preview:-1"},"canonical":"https:\/\/gldlaw.com\/es\/abogado-de-inmigracion-en-irving-tx\/","og_locale":"es_MX","og_type":"article","og_title":"Abogado De Inmigraci\u00f3n En Irving, TX | Consulta Gratis","og_description":"Un abogado de inmigraci\u00f3n en Irving puede ayudarlo con una tarjeta verde, naturalizaci\u00f3n, visas o defensa de deportaci\u00f3n.","og_url":"https:\/\/gldlaw.com\/es\/abogado-de-inmigracion-en-irving-tx\/","og_site_name":"Davis &amp; Associates","article_publisher":"https:\/\/www.facebook.com\/GLDavisandAssociates\/","article_modified_time":"2023-07-18T15:57:29+00:00","og_image":[{"width":560,"height":315,"url":"https:\/\/gldlaw.com\/wp-content\/uploads\/2016\/09\/Attorney-At-Law-Mag-5.png","type":"image\/png"}],"twitter_card":"summary_large_image","twitter_site":"@GLD_Law","twitter_misc":{"Tiempo de lectura":"8 minutos"},"schema":{"@context":"https:\/\/schema.org","@graph":[{"@type":"WebPage","@id":"https:\/\/gldlaw.com\/es\/abogado-de-inmigracion-en-irving-tx\/","url":"https:\/\/gldlaw.com\/es\/abogado-de-inmigracion-en-irving-tx\/","name":"Abogado De Inmigraci\u00f3n En Irving, TX | Consulta Gratis","isPartOf":{"@id":"https:\/\/gldlaw.com\/es\/#website"},"datePublished":"2021-11-30T19:20:43+00:00","dateModified":"2023-07-18T15:57:29+00:00","description":"Un abogado de inmigraci\u00f3n en Irving puede ayudarlo con una tarjeta verde, naturalizaci\u00f3n, visas o defensa de deportaci\u00f3n.","breadcrumb":{"@id":"https:\/\/gldlaw.com\/es\/abogado-de-inmigracion-en-irving-tx\/#breadcrumb"},"inLanguage":"es","potentialAction":[{"@type":"ReadAction","target":["https:\/\/gldlaw.com\/es\/abogado-de-inmigracion-en-irving-tx\/"]}]},{"@type":"BreadcrumbList","@id":"https:\/\/gldlaw.com\/es\/abogado-de-inmigracion-en-irving-tx\/#breadcrumb","itemListElement":[{"@type":"ListItem","position":1,"name":"Home","item":"https:\/\/gldlaw.com\/es\/"},{"@type":"ListItem","position":2,"name":"Abogado De Inmigraci\u00f3n En Irving, TX"}]},{"@type":"WebSite","@id":"https:\/\/gldlaw.com\/es\/#website","url":"https:\/\/gldlaw.com\/es\/","name":"Davis &amp; Associates","description":"Dallas \/ Fort Worth Immigration Attorney","potentialAction":[{"@type":"SearchAction","target":{"@type":"EntryPoint","urlTemplate":"https:\/\/gldlaw.com\/es\/?s={search_term_string}"},"query-input":{"@type":"PropertyValueSpecification","valueRequired":true,"valueName":"search_term_string"}}],"inLanguage":"es"}]}},"_links":{"self":[{"href":"https:\/\/gldlaw.com\/es\/wp-json\/wp\/v2\/pages\/10090","targetHints":{"allow":["GET"]}}],"collection":[{"href":"https:\/\/gldlaw.com\/es\/wp-json\/wp\/v2\/pages"}],"about":[{"href":"https:\/\/gldlaw.com\/es\/wp-json\/wp\/v2\/types\/page"}],"author":[{"embeddable":true,"href":"https:\/\/gldlaw.com\/es\/wp-json\/wp\/v2\/users\/5"}],"replies":[{"embeddable":true,"href":"https:\/\/gldlaw.com\/es\/wp-json\/wp\/v2\/comments?post=10090"}],"version-history":[{"count":5,"href":"https:\/\/gldlaw.com\/es\/wp-json\/wp\/v2\/pages\/10090\/revisions"}],"predecessor-version":[{"id":10393,"href":"https:\/\/gldlaw.com\/es\/wp-json\/wp\/v2\/pages\/10090\/revisions\/10393"}],"wp:attachment":[{"href":"https:\/\/gldlaw.com\/es\/wp-json\/wp\/v2\/media?parent=10090"}],"curies":[{"name":"wp","href":"https:\/\/api.w.org\/{rel}","templated":true}]}}