{"id":10210,"date":"2023-03-14T13:43:14","date_gmt":"2023-03-14T18:43:14","guid":{"rendered":"https:\/\/gldlaw.com\/abogados\/jose-aponte\/"},"modified":"2023-03-14T13:48:02","modified_gmt":"2023-03-14T18:48:02","slug":"jose-aponte","status":"publish","type":"page","link":"https:\/\/gldlaw.com\/es\/abogados\/jose-aponte\/","title":{"rendered":"Jose Aponte"},"content":{"rendered":"\r\n<h2>Jose Aponte<\/h2>\r\n<p><img loading=\"lazy\" decoding=\"async\" title=\"Jose Aponte\" src=\"https:\/\/gldlaw.com\/wp-content\/uploads\/2023\/03\/Jose-Aponte.jpg\" alt=\"Jose Aponte\" width=\"801\" height=\"1024\" \/><\/p>\r\n<h5>DEPARTMENTS<\/h5>\r\n<p>Abogado de inmigraci\u00f3n<\/p>\r\n<h5>EDUCATION<\/h5>\r\n<h5>CONTACT ME<\/h5>\r\n<h1>PERFIL DE ABOGADO DE INMIGRACI\u00d3N<\/h1>\r\n<p>Jos\u00e9 Aponte naci\u00f3 en Brooklyn, Nueva York. Sin embargo, se cri\u00f3 en Guayama, Puerto Rico. \u00a0Jos\u00e9 habla ingl\u00e9s y espa\u00f1ol con fluidez y ha estudiado portugu\u00e9s brasile\u00f1o durante varios a\u00f1os. \u00a0Ha representado a clientes en las jurisdicciones estadounidenses de Nueva York, Puerto Rico, Louisiana y Texas, as\u00ed como a clientes ubicados en jurisdicciones extranjeras como M\u00e9xico y Chile.<\/p>\r\n<p>Jos\u00e9 tiene experiencia y es un apasionado de los casos complejos de la ley de inmigraci\u00f3n, incluida la representaci\u00f3n de clientes \u00a0en \u00e1reas como unsistema, cancelaci\u00f3n de expulsi\u00f3n, Visa U, ciudadan\u00eda, as\u00ed como en otras \u00e1reas.<\/p>\r\n<p>Jos\u00e9 se gradu\u00f3 de la escuela secundaria en Puerto Rico, donde se gradu\u00f3 como mejor alumno de Guamani Private High School. Luego se gradu\u00f3 \u00a0de la Facultad de Artes y Ciencias de la Universidad de Nueva York con una licenciatura en Psicolog\u00eda y una especializaci\u00f3n en Qu\u00edmica. En 2006, obtuvo su t\u00edtulo de Juris Doctor de la Facultad de Derecho de Washington de American University en Washington, D.C.\u00a0 En 2007, fue admitido en la pr\u00e1ctica de la abogac\u00eda ante el Colegio de Abogados del Estado de Nueva York.<\/p>\r\n<p>Poco despu\u00e9s de comenzar su carrera, Jos\u00e9 se sinti\u00f3 atra\u00eddo por el \u00e1rea de lainmigraci\u00f3n. M\u00e1s recientemente, se ha desempe\u00f1ado como Profesor Adjunto de Derecho en la Facultad de Derecho Thurgood Marshall de la Universidad del Sur de Texas, ense\u00f1ando una ley sylum y refugee. Tambi\u00e9n ha dirigido talleres de migraci\u00f3n en su iglesia.<\/p>\r\n<p>Adem\u00e1s de la pr\u00e1ctica de la abogac\u00eda, Jos\u00e9 tiene una profunda pasi\u00f3n por \u00a0el arte de la fotograf\u00eda y el estudio de la historia. Est\u00e1 casado con Laura Robles-Aponte, M.S.CCC-SLP, una pat\u00f3loga del habla y el lenguaje. Residen en Humble, Texas, junto con sus dos gatos, Lucy y Winston Churchill.<\/p>\r\n","protected":false},"excerpt":{"rendered":"<p>Jose Aponte DEPARTMENTS Abogado de inmigraci\u00f3n EDUCATION CONTACT ME PERFIL DE ABOGADO DE INMIGRACI\u00d3N Jos\u00e9 Aponte naci\u00f3 en Brooklyn, Nueva York. Sin embargo, se cri\u00f3 en Guayama, Puerto Rico. \u00a0Jos\u00e9 habla ingl\u00e9s y espa\u00f1ol con fluidez y ha estudiado portugu\u00e9s brasile\u00f1o durante varios a\u00f1os. \u00a0Ha representado a clientes en las jurisdicciones estadounidenses de Nueva York,&hellip;<\/p>\n","protected":false},"author":5,"featured_media":0,"parent":7276,"menu_order":0,"comment_status":"closed","ping_status":"closed","template":"","meta":{"_monsterinsights_skip_tracking":false,"_monsterinsights_sitenote_active":false,"_monsterinsights_sitenote_note":"","_monsterinsights_sitenote_category":0,"footnotes":""},"class_list":["post-10210","page","type-page","status-publish","hentry"],"yoast_head":"<!-- This site is optimized with the Yoast SEO plugin v27.4 - https:\/\/yoast.com\/product\/yoast-seo-wordpress\/ -->\n<title>Jose Aponte | Abogado de inmigraci\u00f3n | Inmigraci\u00f3n de Houston<\/title>\n<meta name=\"description\" content=\"Jos\u00e9 tiene experiencia y es un apasionado de los casos complejos de la ley de inmigraci\u00f3n, incluida la representaci\u00f3n de clientes en \u00e1reas como unsistema, cancelaci\u00f3n de expulsi\u00f3n, Visa U, ciudadan\u00eda, as\u00ed como en otras \u00e1reas.\" \/>\n<meta name=\"robots\" content=\"index, follow, max-snippet:-1, max-image-preview:large, max-video-preview:-1\" \/>\n<link rel=\"canonical\" href=\"https:\/\/gldlaw.com\/es\/abogados\/jose-aponte\/\" \/>\n<meta property=\"og:locale\" content=\"es_MX\" \/>\n<meta property=\"og:type\" content=\"article\" \/>\n<meta property=\"og:title\" content=\"Jose Aponte | Abogado de inmigraci\u00f3n | Inmigraci\u00f3n de Houston\" \/>\n<meta property=\"og:description\" content=\"Jos\u00e9 tiene experiencia y es un apasionado de los casos complejos de la ley de inmigraci\u00f3n, incluida la representaci\u00f3n de clientes en \u00e1reas como unsistema, cancelaci\u00f3n de expulsi\u00f3n, Visa U, ciudadan\u00eda, as\u00ed como en otras \u00e1reas.\" \/>\n<meta property=\"og:url\" content=\"https:\/\/gldlaw.com\/es\/abogados\/jose-aponte\/\" \/>\n<meta property=\"og:site_name\" content=\"Davis &amp; Associates\" \/>\n<meta property=\"article:publisher\" content=\"https:\/\/www.facebook.com\/GLDavisandAssociates\/\" \/>\n<meta property=\"article:modified_time\" content=\"2023-03-14T18:48:02+00:00\" \/>\n<meta property=\"og:image\" content=\"https:\/\/gldlaw.com\/wp-content\/uploads\/2023\/03\/Jose-Aponte.jpg\" \/>\n<meta name=\"twitter:card\" content=\"summary_large_image\" \/>\n<meta name=\"twitter:site\" content=\"@GLD_Law\" \/>\n<meta name=\"twitter:label1\" content=\"Tiempo de lectura\" \/>\n\t<meta name=\"twitter:data1\" content=\"2 minutos\" \/>\n<script type=\"application\/ld+json\" class=\"yoast-schema-graph\">{\"@context\":\"https:\\\/\\\/schema.org\",\"@graph\":[{\"@type\":\"WebPage\",\"@id\":\"https:\\\/\\\/gldlaw.com\\\/es\\\/abogados\\\/jose-aponte\\\/\",\"url\":\"https:\\\/\\\/gldlaw.com\\\/es\\\/abogados\\\/jose-aponte\\\/\",\"name\":\"Jose Aponte | Abogado de inmigraci\u00f3n | Inmigraci\u00f3n de Houston\",\"isPartOf\":{\"@id\":\"https:\\\/\\\/gldlaw.com\\\/es\\\/#website\"},\"primaryImageOfPage\":{\"@id\":\"https:\\\/\\\/gldlaw.com\\\/es\\\/abogados\\\/jose-aponte\\\/#primaryimage\"},\"image\":{\"@id\":\"https:\\\/\\\/gldlaw.com\\\/es\\\/abogados\\\/jose-aponte\\\/#primaryimage\"},\"thumbnailUrl\":\"https:\\\/\\\/gldlaw.com\\\/wp-content\\\/uploads\\\/2023\\\/03\\\/Jose-Aponte.jpg\",\"datePublished\":\"2023-03-14T18:43:14+00:00\",\"dateModified\":\"2023-03-14T18:48:02+00:00\",\"description\":\"Jos\u00e9 tiene experiencia y es un apasionado de los casos complejos de la ley de inmigraci\u00f3n, incluida la representaci\u00f3n de clientes en \u00e1reas como unsistema, cancelaci\u00f3n de expulsi\u00f3n, Visa U, ciudadan\u00eda, as\u00ed como en otras \u00e1reas.\",\"breadcrumb\":{\"@id\":\"https:\\\/\\\/gldlaw.com\\\/es\\\/abogados\\\/jose-aponte\\\/#breadcrumb\"},\"inLanguage\":\"es\",\"potentialAction\":[{\"@type\":\"ReadAction\",\"target\":[\"https:\\\/\\\/gldlaw.com\\\/es\\\/abogados\\\/jose-aponte\\\/\"]}]},{\"@type\":\"ImageObject\",\"inLanguage\":\"es\",\"@id\":\"https:\\\/\\\/gldlaw.com\\\/es\\\/abogados\\\/jose-aponte\\\/#primaryimage\",\"url\":\"https:\\\/\\\/gldlaw.com\\\/wp-content\\\/uploads\\\/2023\\\/03\\\/Jose-Aponte.jpg\",\"contentUrl\":\"https:\\\/\\\/gldlaw.com\\\/wp-content\\\/uploads\\\/2023\\\/03\\\/Jose-Aponte.jpg\"},{\"@type\":\"BreadcrumbList\",\"@id\":\"https:\\\/\\\/gldlaw.com\\\/es\\\/abogados\\\/jose-aponte\\\/#breadcrumb\",\"itemListElement\":[{\"@type\":\"ListItem\",\"position\":1,\"name\":\"Home\",\"item\":\"https:\\\/\\\/gldlaw.com\\\/es\\\/\"},{\"@type\":\"ListItem\",\"position\":2,\"name\":\"Abogados\",\"item\":\"https:\\\/\\\/gldlaw.com\\\/es\\\/abogados\\\/\"},{\"@type\":\"ListItem\",\"position\":3,\"name\":\"Jose Aponte\"}]},{\"@type\":\"WebSite\",\"@id\":\"https:\\\/\\\/gldlaw.com\\\/es\\\/#website\",\"url\":\"https:\\\/\\\/gldlaw.com\\\/es\\\/\",\"name\":\"Davis &amp; Associates\",\"description\":\"Dallas \\\/ Fort Worth Immigration Attorney\",\"potentialAction\":[{\"@type\":\"SearchAction\",\"target\":{\"@type\":\"EntryPoint\",\"urlTemplate\":\"https:\\\/\\\/gldlaw.com\\\/es\\\/?s={search_term_string}\"},\"query-input\":{\"@type\":\"PropertyValueSpecification\",\"valueRequired\":true,\"valueName\":\"search_term_string\"}}],\"inLanguage\":\"es\"}]}<\/script>\n<!-- \/ Yoast SEO plugin. -->","yoast_head_json":{"title":"Jose Aponte | Abogado de inmigraci\u00f3n | Inmigraci\u00f3n de Houston","description":"Jos\u00e9 tiene experiencia y es un apasionado de los casos complejos de la ley de inmigraci\u00f3n, incluida la representaci\u00f3n de clientes en \u00e1reas como unsistema, cancelaci\u00f3n de expulsi\u00f3n, Visa U, ciudadan\u00eda, as\u00ed como en otras \u00e1reas.","robots":{"index":"index","follow":"follow","max-snippet":"max-snippet:-1","max-image-preview":"max-image-preview:large","max-video-preview":"max-video-preview:-1"},"canonical":"https:\/\/gldlaw.com\/es\/abogados\/jose-aponte\/","og_locale":"es_MX","og_type":"article","og_title":"Jose Aponte | Abogado de inmigraci\u00f3n | Inmigraci\u00f3n de Houston","og_description":"Jos\u00e9 tiene experiencia y es un apasionado de los casos complejos de la ley de inmigraci\u00f3n, incluida la representaci\u00f3n de clientes en \u00e1reas como unsistema, cancelaci\u00f3n de expulsi\u00f3n, Visa U, ciudadan\u00eda, as\u00ed como en otras \u00e1reas.","og_url":"https:\/\/gldlaw.com\/es\/abogados\/jose-aponte\/","og_site_name":"Davis &amp; Associates","article_publisher":"https:\/\/www.facebook.com\/GLDavisandAssociates\/","article_modified_time":"2023-03-14T18:48:02+00:00","og_image":[{"url":"https:\/\/gldlaw.com\/wp-content\/uploads\/2023\/03\/Jose-Aponte.jpg","type":"","width":"","height":""}],"twitter_card":"summary_large_image","twitter_site":"@GLD_Law","twitter_misc":{"Tiempo de lectura":"2 minutos"},"schema":{"@context":"https:\/\/schema.org","@graph":[{"@type":"WebPage","@id":"https:\/\/gldlaw.com\/es\/abogados\/jose-aponte\/","url":"https:\/\/gldlaw.com\/es\/abogados\/jose-aponte\/","name":"Jose Aponte | Abogado de inmigraci\u00f3n | Inmigraci\u00f3n de Houston","isPartOf":{"@id":"https:\/\/gldlaw.com\/es\/#website"},"primaryImageOfPage":{"@id":"https:\/\/gldlaw.com\/es\/abogados\/jose-aponte\/#primaryimage"},"image":{"@id":"https:\/\/gldlaw.com\/es\/abogados\/jose-aponte\/#primaryimage"},"thumbnailUrl":"https:\/\/gldlaw.com\/wp-content\/uploads\/2023\/03\/Jose-Aponte.jpg","datePublished":"2023-03-14T18:43:14+00:00","dateModified":"2023-03-14T18:48:02+00:00","description":"Jos\u00e9 tiene experiencia y es un apasionado de los casos complejos de la ley de inmigraci\u00f3n, incluida la representaci\u00f3n de clientes en \u00e1reas como unsistema, cancelaci\u00f3n de expulsi\u00f3n, Visa U, ciudadan\u00eda, as\u00ed como en otras \u00e1reas.","breadcrumb":{"@id":"https:\/\/gldlaw.com\/es\/abogados\/jose-aponte\/#breadcrumb"},"inLanguage":"es","potentialAction":[{"@type":"ReadAction","target":["https:\/\/gldlaw.com\/es\/abogados\/jose-aponte\/"]}]},{"@type":"ImageObject","inLanguage":"es","@id":"https:\/\/gldlaw.com\/es\/abogados\/jose-aponte\/#primaryimage","url":"https:\/\/gldlaw.com\/wp-content\/uploads\/2023\/03\/Jose-Aponte.jpg","contentUrl":"https:\/\/gldlaw.com\/wp-content\/uploads\/2023\/03\/Jose-Aponte.jpg"},{"@type":"BreadcrumbList","@id":"https:\/\/gldlaw.com\/es\/abogados\/jose-aponte\/#breadcrumb","itemListElement":[{"@type":"ListItem","position":1,"name":"Home","item":"https:\/\/gldlaw.com\/es\/"},{"@type":"ListItem","position":2,"name":"Abogados","item":"https:\/\/gldlaw.com\/es\/abogados\/"},{"@type":"ListItem","position":3,"name":"Jose Aponte"}]},{"@type":"WebSite","@id":"https:\/\/gldlaw.com\/es\/#website","url":"https:\/\/gldlaw.com\/es\/","name":"Davis &amp; Associates","description":"Dallas \/ Fort Worth Immigration Attorney","potentialAction":[{"@type":"SearchAction","target":{"@type":"EntryPoint","urlTemplate":"https:\/\/gldlaw.com\/es\/?s={search_term_string}"},"query-input":{"@type":"PropertyValueSpecification","valueRequired":true,"valueName":"search_term_string"}}],"inLanguage":"es"}]}},"_links":{"self":[{"href":"https:\/\/gldlaw.com\/es\/wp-json\/wp\/v2\/pages\/10210","targetHints":{"allow":["GET"]}}],"collection":[{"href":"https:\/\/gldlaw.com\/es\/wp-json\/wp\/v2\/pages"}],"about":[{"href":"https:\/\/gldlaw.com\/es\/wp-json\/wp\/v2\/types\/page"}],"author":[{"embeddable":true,"href":"https:\/\/gldlaw.com\/es\/wp-json\/wp\/v2\/users\/5"}],"replies":[{"embeddable":true,"href":"https:\/\/gldlaw.com\/es\/wp-json\/wp\/v2\/comments?post=10210"}],"version-history":[{"count":3,"href":"https:\/\/gldlaw.com\/es\/wp-json\/wp\/v2\/pages\/10210\/revisions"}],"predecessor-version":[{"id":10213,"href":"https:\/\/gldlaw.com\/es\/wp-json\/wp\/v2\/pages\/10210\/revisions\/10213"}],"up":[{"embeddable":true,"href":"https:\/\/gldlaw.com\/es\/wp-json\/wp\/v2\/pages\/7276"}],"wp:attachment":[{"href":"https:\/\/gldlaw.com\/es\/wp-json\/wp\/v2\/media?parent=10210"}],"curies":[{"name":"wp","href":"https:\/\/api.w.org\/{rel}","templated":true}]}}