{"id":10456,"date":"2023-07-19T15:37:34","date_gmt":"2023-07-19T20:37:34","guid":{"rendered":"https:\/\/gldlaw.com\/abogados\/claire-mcvey-carmona\/"},"modified":"2023-07-19T16:08:32","modified_gmt":"2023-07-19T21:08:32","slug":"claire-mcvey-carmona","status":"publish","type":"page","link":"https:\/\/gldlaw.com\/es\/abogados\/claire-mcvey-carmona\/","title":{"rendered":"Claire McVey Carmona"},"content":{"rendered":"\n\n\t<h2>Claire McVey Carmona<\/h2>\n\t\t\t\t<img loading=\"lazy\" decoding=\"async\" src=\"https:\/\/gldlaw.com\/wp-content\/uploads\/2023\/07\/Claire-McVey-Carmona-Davis-Associates-Deportation-Immigration-Attorney-2.png\" alt=\"Claire McVey Carmona - Davis &amp; Associates - Deportation Immigration Attorney (2)\" itemprop=\"image\" height=\"1406\" width=\"955\" title=\"Claire McVey Carmona - Davis &amp; Associates - Deportation Immigration Attorney (2)\" onerror=\"this.style.display='none'\"  \/>\n<h5>\n\t\tDEPARTMENTS\n\t<\/h5>\n\t<p>Abogado Principal<\/p>\n<h5>\n\t\tEDUCACI\u00d3N\n\t<\/h5>\n<h5>\n\t\tEDUCATION\n\t<\/h5>\n<h5>\n\t\tCONTACT ME\n\t<\/h5>\n\t\t\t<a href=\"https:\/\/gldlaw.com\/es\/contacto\/\" target=\"_self\" rel=\"noopener\">\n\t\t\t\t\t\t\tCont\u00e1ctenos\n\t\t\t\t\t<\/a>\n<h1>\n\t\tPERFIL DEL ABOGADO DE INMIGRACI\u00d3N\n\t<\/h1>\n\t<p>Claire McVey Carmona comenz\u00f3 a aprender espa\u00f1ol a trav\u00e9s de un programa de inmersi\u00f3n a la edad de seis a\u00f1os. Esta experiencia le permite apreciar la importancia de superar las barreras culturales y ling\u00fc\u00edsticas comunic\u00e1ndose con alguien en su idioma nativo.<\/p>\n<p>Claire obtuvo su B.A. en Ciencias Pol\u00edticas con menores en espa\u00f1ol y chino de la Universidad DePauw. Obtuvo su Doctorado en Jurisprudencia de Salmon P. Chase College of Law e hizo pasant\u00edas con abogados de inmigraci\u00f3n y litigios, y un juez de la Corte de Familia en Covington, Kentucky. Fue admitida en el Colegio de Abogados de Kentucky en 2018.<\/p>\n<p>Despu\u00e9s de obtener su licencia, Claire ha trabajado exclusivamente en leyes de inmigraci\u00f3n y ha representado a cientos de clientes ante el Tribunal de Inmigraci\u00f3n, la Junta de Apelaciones de Inmigraci\u00f3n, los Tribunales de Apelaciones de Circuito, USCIS y el Centro Nacional de Visas.<\/p>\n<p>Claire comenz\u00f3 a trabajar como abogada con licencia en Brownsville, Texas durante la administraci\u00f3n Trump y vio de primera mano las luchas que enfrentaban los inmigrantes despu\u00e9s de llegar a la frontera entre Estados Unidos y M\u00e9xico. Claire aprovech\u00f3 su tiempo en Brownsville para ser voluntaria en una organizaci\u00f3n sin fines de lucro que ayudaba a los solicitantes de asilo que se ve\u00edan obligados a esperar meses fuera de los Estados Unidos en ciudades fronterizas peligrosas antes de que se les permitiera presentar sus solicitudes de asilo.<\/p>\n<p>Claire disfruta de todos los aspectos de la ley de inmigraci\u00f3n, pero se especializa en defensa de deportaci\u00f3n, alivio posterior a la deportaci\u00f3n y visas especiales para v\u00edctimas de violencia dom\u00e9stica, trata de personas y otros actos criminales.<\/p>\n<p>Adem\u00e1s de su experiencia laboral, Claire tambi\u00e9n tiene experiencia personal con la inmigraci\u00f3n en los Estados Unidos a trav\u00e9s de la petici\u00f3n a su esposo, German Carmona. Claire y German tienen una hija, Cecilia, que es su orgullo y alegr\u00eda.<\/p>\n<p>En 2022, Claire se mud\u00f3 a Texas desde Washington DC y trabaja como abogada principal de deportaci\u00f3n en la oficina de Dallas. Claire habla espa\u00f1ol con fluidez y tambi\u00e9n ha estudiado franc\u00e9s, italiano y mandar\u00edn.<\/p>\n\n","protected":false},"excerpt":{"rendered":"<p>Claire McVey Carmona DEPARTMENTS Abogado Principal EDUCACI\u00d3N EDUCATION CONTACT ME Cont\u00e1ctenos PERFIL DEL ABOGADO DE INMIGRACI\u00d3N Claire McVey Carmona comenz\u00f3 a aprender espa\u00f1ol a trav\u00e9s de un programa de inmersi\u00f3n a la edad de seis a\u00f1os. Esta experiencia le permite apreciar la importancia de superar las barreras culturales y ling\u00fc\u00edsticas comunic\u00e1ndose con alguien en su&hellip;<\/p>\n","protected":false},"author":5,"featured_media":0,"parent":7276,"menu_order":0,"comment_status":"closed","ping_status":"closed","template":"","meta":{"_monsterinsights_skip_tracking":false,"_monsterinsights_sitenote_active":false,"_monsterinsights_sitenote_note":"","_monsterinsights_sitenote_category":0,"footnotes":""},"class_list":["post-10456","page","type-page","status-publish","hentry"],"yoast_head":"<!-- This site is optimized with the Yoast SEO plugin v27.6 - https:\/\/yoast.com\/product\/yoast-seo-wordpress\/ -->\n<title>Claire McVey Carmona | Abogado de Deportaci\u00f3n<\/title>\n<meta name=\"description\" content=\"Claire disfruta de todos los aspectos de la ley de inmigraci\u00f3n, pero se especializa en defensa de deportaci\u00f3n, alivio posterior...\" \/>\n<meta name=\"robots\" content=\"index, follow, max-snippet:-1, max-image-preview:large, max-video-preview:-1\" \/>\n<link rel=\"canonical\" href=\"https:\/\/gldlaw.com\/es\/abogados\/claire-mcvey-carmona\/\" \/>\n<meta property=\"og:locale\" content=\"es_MX\" \/>\n<meta property=\"og:type\" content=\"article\" \/>\n<meta property=\"og:title\" content=\"Claire McVey Carmona | Abogado de Deportaci\u00f3n\" \/>\n<meta property=\"og:description\" content=\"Claire disfruta de todos los aspectos de la ley de inmigraci\u00f3n, pero se especializa en defensa de deportaci\u00f3n, alivio posterior...\" \/>\n<meta property=\"og:url\" content=\"https:\/\/gldlaw.com\/es\/abogados\/claire-mcvey-carmona\/\" \/>\n<meta property=\"og:site_name\" content=\"Davis &amp; Associates\" \/>\n<meta property=\"article:publisher\" content=\"https:\/\/www.facebook.com\/GLDavisandAssociates\/\" \/>\n<meta property=\"article:modified_time\" content=\"2023-07-19T21:08:32+00:00\" \/>\n<meta property=\"og:image\" content=\"https:\/\/gldlaw.com\/wp-content\/uploads\/2023\/07\/Claire-McVey-Carmona-Davis-Associates-Deportation-Immigration-Attorney-2.png\" \/>\n<meta name=\"twitter:card\" content=\"summary_large_image\" \/>\n<meta name=\"twitter:site\" content=\"@GLD_Law\" \/>\n<meta name=\"twitter:label1\" content=\"Tiempo de lectura\" \/>\n\t<meta name=\"twitter:data1\" content=\"2 minutos\" \/>\n<script type=\"application\/ld+json\" class=\"yoast-schema-graph\">{\"@context\":\"https:\\\/\\\/schema.org\",\"@graph\":[{\"@type\":\"WebPage\",\"@id\":\"https:\\\/\\\/gldlaw.com\\\/es\\\/abogados\\\/claire-mcvey-carmona\\\/\",\"url\":\"https:\\\/\\\/gldlaw.com\\\/es\\\/abogados\\\/claire-mcvey-carmona\\\/\",\"name\":\"Claire McVey Carmona | Abogado de Deportaci\u00f3n\",\"isPartOf\":{\"@id\":\"https:\\\/\\\/gldlaw.com\\\/es\\\/#website\"},\"primaryImageOfPage\":{\"@id\":\"https:\\\/\\\/gldlaw.com\\\/es\\\/abogados\\\/claire-mcvey-carmona\\\/#primaryimage\"},\"image\":{\"@id\":\"https:\\\/\\\/gldlaw.com\\\/es\\\/abogados\\\/claire-mcvey-carmona\\\/#primaryimage\"},\"thumbnailUrl\":\"https:\\\/\\\/gldlaw.com\\\/wp-content\\\/uploads\\\/2023\\\/07\\\/Claire-McVey-Carmona-Davis-Associates-Deportation-Immigration-Attorney-2.png\",\"datePublished\":\"2023-07-19T20:37:34+00:00\",\"dateModified\":\"2023-07-19T21:08:32+00:00\",\"description\":\"Claire disfruta de todos los aspectos de la ley de inmigraci\u00f3n, pero se especializa en defensa de deportaci\u00f3n, alivio posterior...\",\"breadcrumb\":{\"@id\":\"https:\\\/\\\/gldlaw.com\\\/es\\\/abogados\\\/claire-mcvey-carmona\\\/#breadcrumb\"},\"inLanguage\":\"es\",\"potentialAction\":[{\"@type\":\"ReadAction\",\"target\":[\"https:\\\/\\\/gldlaw.com\\\/es\\\/abogados\\\/claire-mcvey-carmona\\\/\"]}]},{\"@type\":\"ImageObject\",\"inLanguage\":\"es\",\"@id\":\"https:\\\/\\\/gldlaw.com\\\/es\\\/abogados\\\/claire-mcvey-carmona\\\/#primaryimage\",\"url\":\"https:\\\/\\\/gldlaw.com\\\/wp-content\\\/uploads\\\/2023\\\/07\\\/Claire-McVey-Carmona-Davis-Associates-Deportation-Immigration-Attorney-2.png\",\"contentUrl\":\"https:\\\/\\\/gldlaw.com\\\/wp-content\\\/uploads\\\/2023\\\/07\\\/Claire-McVey-Carmona-Davis-Associates-Deportation-Immigration-Attorney-2.png\"},{\"@type\":\"BreadcrumbList\",\"@id\":\"https:\\\/\\\/gldlaw.com\\\/es\\\/abogados\\\/claire-mcvey-carmona\\\/#breadcrumb\",\"itemListElement\":[{\"@type\":\"ListItem\",\"position\":1,\"name\":\"Home\",\"item\":\"https:\\\/\\\/gldlaw.com\\\/es\\\/\"},{\"@type\":\"ListItem\",\"position\":2,\"name\":\"Abogados\",\"item\":\"https:\\\/\\\/gldlaw.com\\\/es\\\/abogados\\\/\"},{\"@type\":\"ListItem\",\"position\":3,\"name\":\"Claire McVey Carmona\"}]},{\"@type\":\"WebSite\",\"@id\":\"https:\\\/\\\/gldlaw.com\\\/es\\\/#website\",\"url\":\"https:\\\/\\\/gldlaw.com\\\/es\\\/\",\"name\":\"Davis &amp; Associates\",\"description\":\"Dallas \\\/ Fort Worth Immigration Attorney\",\"potentialAction\":[{\"@type\":\"SearchAction\",\"target\":{\"@type\":\"EntryPoint\",\"urlTemplate\":\"https:\\\/\\\/gldlaw.com\\\/es\\\/?s={search_term_string}\"},\"query-input\":{\"@type\":\"PropertyValueSpecification\",\"valueRequired\":true,\"valueName\":\"search_term_string\"}}],\"inLanguage\":\"es\"}]}<\/script>\n<!-- \/ Yoast SEO plugin. -->","yoast_head_json":{"title":"Claire McVey Carmona | Abogado de Deportaci\u00f3n","description":"Claire disfruta de todos los aspectos de la ley de inmigraci\u00f3n, pero se especializa en defensa de deportaci\u00f3n, alivio posterior...","robots":{"index":"index","follow":"follow","max-snippet":"max-snippet:-1","max-image-preview":"max-image-preview:large","max-video-preview":"max-video-preview:-1"},"canonical":"https:\/\/gldlaw.com\/es\/abogados\/claire-mcvey-carmona\/","og_locale":"es_MX","og_type":"article","og_title":"Claire McVey Carmona | Abogado de Deportaci\u00f3n","og_description":"Claire disfruta de todos los aspectos de la ley de inmigraci\u00f3n, pero se especializa en defensa de deportaci\u00f3n, alivio posterior...","og_url":"https:\/\/gldlaw.com\/es\/abogados\/claire-mcvey-carmona\/","og_site_name":"Davis &amp; Associates","article_publisher":"https:\/\/www.facebook.com\/GLDavisandAssociates\/","article_modified_time":"2023-07-19T21:08:32+00:00","og_image":[{"url":"https:\/\/gldlaw.com\/wp-content\/uploads\/2023\/07\/Claire-McVey-Carmona-Davis-Associates-Deportation-Immigration-Attorney-2.png","type":"","width":"","height":""}],"twitter_card":"summary_large_image","twitter_site":"@GLD_Law","twitter_misc":{"Tiempo de lectura":"2 minutos"},"schema":{"@context":"https:\/\/schema.org","@graph":[{"@type":"WebPage","@id":"https:\/\/gldlaw.com\/es\/abogados\/claire-mcvey-carmona\/","url":"https:\/\/gldlaw.com\/es\/abogados\/claire-mcvey-carmona\/","name":"Claire McVey Carmona | Abogado de Deportaci\u00f3n","isPartOf":{"@id":"https:\/\/gldlaw.com\/es\/#website"},"primaryImageOfPage":{"@id":"https:\/\/gldlaw.com\/es\/abogados\/claire-mcvey-carmona\/#primaryimage"},"image":{"@id":"https:\/\/gldlaw.com\/es\/abogados\/claire-mcvey-carmona\/#primaryimage"},"thumbnailUrl":"https:\/\/gldlaw.com\/wp-content\/uploads\/2023\/07\/Claire-McVey-Carmona-Davis-Associates-Deportation-Immigration-Attorney-2.png","datePublished":"2023-07-19T20:37:34+00:00","dateModified":"2023-07-19T21:08:32+00:00","description":"Claire disfruta de todos los aspectos de la ley de inmigraci\u00f3n, pero se especializa en defensa de deportaci\u00f3n, alivio posterior...","breadcrumb":{"@id":"https:\/\/gldlaw.com\/es\/abogados\/claire-mcvey-carmona\/#breadcrumb"},"inLanguage":"es","potentialAction":[{"@type":"ReadAction","target":["https:\/\/gldlaw.com\/es\/abogados\/claire-mcvey-carmona\/"]}]},{"@type":"ImageObject","inLanguage":"es","@id":"https:\/\/gldlaw.com\/es\/abogados\/claire-mcvey-carmona\/#primaryimage","url":"https:\/\/gldlaw.com\/wp-content\/uploads\/2023\/07\/Claire-McVey-Carmona-Davis-Associates-Deportation-Immigration-Attorney-2.png","contentUrl":"https:\/\/gldlaw.com\/wp-content\/uploads\/2023\/07\/Claire-McVey-Carmona-Davis-Associates-Deportation-Immigration-Attorney-2.png"},{"@type":"BreadcrumbList","@id":"https:\/\/gldlaw.com\/es\/abogados\/claire-mcvey-carmona\/#breadcrumb","itemListElement":[{"@type":"ListItem","position":1,"name":"Home","item":"https:\/\/gldlaw.com\/es\/"},{"@type":"ListItem","position":2,"name":"Abogados","item":"https:\/\/gldlaw.com\/es\/abogados\/"},{"@type":"ListItem","position":3,"name":"Claire McVey Carmona"}]},{"@type":"WebSite","@id":"https:\/\/gldlaw.com\/es\/#website","url":"https:\/\/gldlaw.com\/es\/","name":"Davis &amp; Associates","description":"Dallas \/ Fort Worth Immigration Attorney","potentialAction":[{"@type":"SearchAction","target":{"@type":"EntryPoint","urlTemplate":"https:\/\/gldlaw.com\/es\/?s={search_term_string}"},"query-input":{"@type":"PropertyValueSpecification","valueRequired":true,"valueName":"search_term_string"}}],"inLanguage":"es"}]}},"_links":{"self":[{"href":"https:\/\/gldlaw.com\/es\/wp-json\/wp\/v2\/pages\/10456","targetHints":{"allow":["GET"]}}],"collection":[{"href":"https:\/\/gldlaw.com\/es\/wp-json\/wp\/v2\/pages"}],"about":[{"href":"https:\/\/gldlaw.com\/es\/wp-json\/wp\/v2\/types\/page"}],"author":[{"embeddable":true,"href":"https:\/\/gldlaw.com\/es\/wp-json\/wp\/v2\/users\/5"}],"replies":[{"embeddable":true,"href":"https:\/\/gldlaw.com\/es\/wp-json\/wp\/v2\/comments?post=10456"}],"version-history":[{"count":2,"href":"https:\/\/gldlaw.com\/es\/wp-json\/wp\/v2\/pages\/10456\/revisions"}],"predecessor-version":[{"id":10458,"href":"https:\/\/gldlaw.com\/es\/wp-json\/wp\/v2\/pages\/10456\/revisions\/10458"}],"up":[{"embeddable":true,"href":"https:\/\/gldlaw.com\/es\/wp-json\/wp\/v2\/pages\/7276"}],"wp:attachment":[{"href":"https:\/\/gldlaw.com\/es\/wp-json\/wp\/v2\/media?parent=10456"}],"curies":[{"name":"wp","href":"https:\/\/api.w.org\/{rel}","templated":true}]}}