{"id":10469,"date":"2023-07-20T16:37:53","date_gmt":"2023-07-20T21:37:53","guid":{"rendered":"https:\/\/gldlaw.com\/inmigracion\/inmigracion-familiar\/bring-your-adopted-child-to-the-us\/"},"modified":"2023-07-24T09:39:07","modified_gmt":"2023-07-24T14:39:07","slug":"traer-a-su-hijo-adoptado-a-los-estados-unidos","status":"publish","type":"page","link":"https:\/\/gldlaw.com\/es\/inmigracion\/inmigracion-familiar\/traer-a-su-hijo-adoptado-a-los-estados-unidos\/","title":{"rendered":"C\u00f3mo Traer A Su Hijo Adoptado A Los Estados Unidos"},"content":{"rendered":"\n\n\t<h1>C\u00f3mo Traer A Su Hijo Adoptado A Los Estados Unidos<\/h1>\n\t<p>Cuando adopta a un ni\u00f1o de fuera de los Estados Unidos, debe participar en un proceso de adopci\u00f3n internacional para que el ni\u00f1o inmigre a los Estados Unidos.<\/p>\n<p>La ley de inmigraci\u00f3n de los Estados Unidos ofrece tres v\u00edas por las cuales un ni\u00f1o adoptado puede inmigrar a los Estados Unidos: el proceso de adopci\u00f3n de La Haya, el proceso de adopci\u00f3n de hu\u00e9rfanos y el proceso de petici\u00f3n basado en la familia.<\/p>\n<p>Aqu\u00ed, discutimos cada uno.<\/p>\n<h2>El Proceso De Adopci\u00f3n De La Haya<\/h2>\n\t\t\t\t<img loading=\"lazy\" decoding=\"async\" src=\"https:\/\/gldlaw.com\/wp-content\/uploads\/2023\/07\/Como-Traer-A-Su-Hijo-Adoptado-A-Los-Estados-Unidos-.png\" alt=\"Co\u0301mo Traer A Su Hijo Adoptado A Los Estados Unidos\" itemprop=\"image\" height=\"630\" width=\"1200\" title=\"Co\u0301mo Traer A Su Hijo Adoptado A Los Estados Unidos\" onerror=\"this.style.display='none'\"  \/>\n\t<p>El Convenio de La Haya sobre la Protecci\u00f3n de los Ni\u00f1os y la Cooperaci\u00f3n en materia de Adopci\u00f3n Internacional es un tratado que cre\u00f3 normas y pr\u00e1cticas internacionales para las adopciones internacionales al proporcionar salvaguardias para prevenir el secuestro, la trata o la venta de ni\u00f1os, y para proteger su inter\u00e9s superior, as\u00ed como el de los padres biol\u00f3gicos y adoptivos. Fue promulgada en los Estados Unidos en abril de 2008.<\/p>\n\t<h2><a href=\"https:\/\/gldlaw.com\/es\/contacto\/\">Haga Clic Hoy Para Su Consulta Gratis<\/a><\/h2>\n\t\t\t<a href=\"https:\/\/gldlaw.com\/es\/contacto\/\" target=\"_self\" rel=\"noopener\">\n\t\t\t\t\t\t\tOprima Aqu\u00ed\n\t\t\t\t\t<\/a>\n\t<h3>\u00bfQui\u00e9n Es Elegible Para Adoptar?<\/h3>\n<p><img loading=\"lazy\" decoding=\"async\" src=\"https:\/\/gldlaw.com\/wp-content\/uploads\/2023\/07\/\u00bfQuien-Es-Elegible-Para-Adoptar-.png\" alt=\"\u00bfQuie\u0301n Es Elegible Para Adoptar?\" width=\"500\" height=\"375\" \/>Para adoptar a trav\u00e9s del proceso de adopci\u00f3n de La Haya, debe cumplir con los criterios de elegibilidad<em> para el Formulario I-800A, Solicitud de determinaci\u00f3n de idoneidad para adoptar a un ni\u00f1o de un pa\u00eds de la<\/em> Convenci\u00f3n, y el Formulario I-800, <em>Petici\u00f3n para clasificar al adoptado de la Convenci\u00f3n como pariente inmediato<\/em>. Tambi\u00e9n debe ser ciudadano estadounidense y residir habitualmente all\u00ed. Si no est\u00e1 casado, la edad m\u00ednima para presentar el Formulario I-800A es de 24 a\u00f1os, y debe tener al menos 25 a\u00f1os al presentar el Formulario I-800.<\/p>\n<h3>\u00bfQui\u00e9n Califica Como Adoptado Bajo El Proceso De La Haya?<\/h3>\n<p>Para que un ni\u00f1o califique como adoptado en virtud del proceso de La Haya, primero debe ser residente habitual de un pa\u00eds de La Haya. Tambi\u00e9n deben ser elegibles para una adopci\u00f3n internacional por la Autoridad Central de su pa\u00eds con todos los contenidos necesarios para la adopci\u00f3n.<\/p>\n<p>El ni\u00f1o debe ser menor de 16 a\u00f1os de edad al momento de presentar el Formulario I-800. Si la excepci\u00f3n de hermanos es aplicable, entonces deben haber sido menores de 18 a\u00f1os.<\/p>\n<h3>C\u00f3mo Presentar Una Solicitud En El Marco Del Proceso De La Haya<\/h3>\n<p>Primero, seleccione un proveedor de servicios de adopci\u00f3n (ASP) acreditado en los Estados Unidos para que lo ayude a asesorarlo sobre la adopci\u00f3n, proporcione <a href=\"https:\/\/www.childwelfare.gov\/pubs\/f-homstu\/\">\u00a0un estudio del hogar internacional <\/a>\u00a0para evaluar su residencia y haga un seguimiento con usted con respecto a los servicios posteriores a la colocaci\u00f3n.<\/p>\n<p>Tambi\u00e9n puede ser en su mejor inter\u00e9s obtener la ayuda de un abogado de inmigraci\u00f3n que pueda guiarlo a trav\u00e9s de todos los procesos complicados y el papeleo de USCIS asociado con una adopci\u00f3n internacional.<\/p>\n<p>A continuaci\u00f3n, siga estos pasos:<\/p>\n<ul>\n<li>Antes de adoptar a un ni\u00f1o o aceptar la colocaci\u00f3n, presente el Formulario I-800A para que USCIS revise su elegibilidad para adoptar<\/li>\n<li>Despu\u00e9s de que USCIS apruebe el Formulario I-800A, trabaje con su ASP para obtener una colocaci\u00f3n adoptiva propuesta con la Autoridad Central del Pa\u00eds de La Haya<\/li>\n<li>Presente el Formulario I-800 antes de adoptar. Esta es una petici\u00f3n para que USCIS verifique que el ni\u00f1o es elegible para la inmigraci\u00f3n propuesta basada en la adopci\u00f3n a los Estados Unidos.<\/li>\n<li>Obtener la custodia legal o adoptar al ni\u00f1o para inmigraci\u00f3n y adopci\u00f3n en los Estados Unidos, una vez que su petici\u00f3n del Formulario I-800 sea aprobada provisionalmente por USCIS<\/li>\n<\/ul>\n<h3>\u00bfQu\u00e9 Visas Est\u00e1n Disponibles Para Que Los Adoptados De La Haya Vengan A Los Estados Unidos?<\/h3>\n<p>Los padres adoptivos necesitan obtener visas de inmigraci\u00f3n para sus adoptados. Los ni\u00f1os adoptados a trav\u00e9s del proceso de adopci\u00f3n de La Haya ingresan a los Estados Unidos con una visa de inmigrante IH-3 o a trav\u00e9s de una visa de inmigrante IH-4, si est\u00e1 finalizando la adopci\u00f3n en los Estados Unidos.<\/p>\n<p>Los adoptados adquieren la ciudadan\u00eda estadounidense una vez que ingresan a los Estados Unidos con su visa IH-3 como residentes permanentes legales menores de 18 a\u00f1os y viven con sus padres ciudadanos estadounidenses. USCIS enviar\u00e1 un Certificado de Ciudadan\u00eda por correo. (Si su hijo es menor de 14 a\u00f1os, no se necesitar\u00e1n nuevos formularios ni tarifas).<\/p>\n<p>Los ni\u00f1os con una visa IH-4 no obtendr\u00e1n autom\u00e1ticamente la ciudadan\u00eda al ingresar a los Estados Unidos. Se convierten en residentes permanentes legales hasta el d\u00eda en que son adoptados, despu\u00e9s de lo cual obtendr\u00e1n autom\u00e1ticamente la ciudadan\u00eda si son adoptados antes de cumplir los 18 a\u00f1os.<\/p>\n<h2>El Proceso De Adopci\u00f3n De Hu\u00e9rfanos (Proceso No De La Haya)<\/h2>\n<p>El proceso de adopci\u00f3n de hu\u00e9rfanos es una opci\u00f3n de adopci\u00f3n alternativa para los padres que buscan adoptar a un ni\u00f1o que no es de un pa\u00eds de La Haya.<\/p>\n<h3>\u00bfQui\u00e9n Es Elegible Para Presentar Una Solicitud De Proceso Hu\u00e9rfano?<\/h3>\n<p>Debe ser ciudadano estadounidense para adoptar a un ni\u00f1o a trav\u00e9s del proceso de orfandad. Los solicitantes solteros no deben tener menos de 25 a\u00f1os de edad al presentar una petici\u00f3n del Formulario I-600. Para las parejas casadas, su c\u00f3nyuge tambi\u00e9n tiene que adoptar al ni\u00f1o y firmar el Formulario I-600, Petici\u00f3n para clasificar al hu\u00e9rfano como pariente inmediato.<\/p>\n<p>Tambi\u00e9n debe establecer que:<\/p>\n<ul>\n<li>El ni\u00f1o es hu\u00e9rfano, seg\u00fan lo define la ley de inmigraci\u00f3n de los Estados Unidos<\/li>\n<li>Proporcionar\u00e1s el cuidado parental adecuado<\/li>\n<li>Usted y su c\u00f3nyuge, para los peticionarios casados, adoptaron al ni\u00f1o en el extranjero y al menos uno de ustedes observ\u00f3 al ni\u00f1o antes, o durante la presentaci\u00f3n de la adopci\u00f3n.<\/li>\n<li>Adoptar\u00e1 al ni\u00f1o una vez que llegue a los Estados Unidos (con permiso para traer al ni\u00f1o de su pa\u00eds de origen a los Estados Unidos para ser adoptado)<\/li>\n<\/ul>\n\t<h2><a href=\"https:\/\/gldlaw.com\/es\/contacto\/\">Haga Clic Hoy Para Su Consulta Gratis<\/a><\/h2>\n\t\t\t<a href=\"https:\/\/gldlaw.com\/es\/contacto\/\" target=\"_self\" rel=\"noopener\">\n\t\t\t\t\t\t\tOprima Aqu\u00ed\n\t\t\t\t\t<\/a>\n\t<h3>\u00bfQui\u00e9n Califica Como Hu\u00e9rfano?<\/h3>\n<p>Un ni\u00f1o debe calificar como hu\u00e9rfano como se describe en la ley de inmigraci\u00f3n de los Estados Unidos, que define a un hu\u00e9rfano como un ni\u00f1o nacido en el extranjero que:<\/p>\n<ul>\n<li>No tiene padres debido a su muerte, desaparici\u00f3n, deserci\u00f3n, abandono o separaci\u00f3n; o qui\u00e9n<\/li>\n<li>Tiene un padre \u00fanico, o un padre sobreviviente, que no puede cuidar de ellos, y ha liberado al ni\u00f1o, por escrito, para ser emigrado y adoptado<\/li>\n<\/ul>\n<p>Deber\u00e1 presentar una petici\u00f3n de hu\u00e9rfano antes de que el ni\u00f1o cumpla 16 a\u00f1os.<\/p>\n<h3>C\u00f3mo Aplicar Bajo El Proceso Hu\u00e9rfano<\/h3>\n<p>Para aplicar bajo el proceso de hu\u00e9rfano, obtenga una evaluaci\u00f3n de sostenibilidad (estudio en el hogar) para determinar su capacidad para proporcionar el cuidado parental adecuado, y haga que USCIS revise el estado de hu\u00e9rfano del ni\u00f1o.<\/p>\n<p>Si ya ha identificado a un ni\u00f1o que desea adoptar, deber\u00e1 enviar:<\/p>\n<ul>\n<li>Formulario I-600, Petici\u00f3n para clasificar a un hu\u00e9rfano como pariente inmediato<\/li>\n<li>Su estudio en el hogar y cualquier evidencia o documentaci\u00f3n complementaria que demuestre que usted es un padre adoptivo adecuado<\/li>\n<li>Evidencia de que el menor es hu\u00e9rfano y desea adoptarlo<\/li>\n<\/ul>\n<h3>\u00bfQu\u00e9 Visas Est\u00e1n Disponibles Para Que Los Hu\u00e9rfanos Adoptados Vengan A Los Estados Unidos?<\/h3>\n<p>Un hu\u00e9rfano cuya adopci\u00f3n completa se finaliz\u00f3 en el extranjero, y que fue visto y observado f\u00edsicamente por al menos uno de los padres antes o durante la adopci\u00f3n, recibe una visa IR-3.<\/p>\n<p>Si un ni\u00f1o viaja a los Estados Unidos para ser adoptado, o fue adoptado en el extranjero, o no fue visto u observado por los padres adoptivos antes o durante la adopci\u00f3n, se les emite una visa IR-4.<\/p>\n<h2>Proceso De Adopci\u00f3n De Peticiones Basadas En La Familia<\/h2>\n<p>El proceso de adopci\u00f3n de petici\u00f3n basado en la familia permite que las personas adoptadas sean consideradas como hijos de sus padres adoptivos para la inmigraci\u00f3n.<\/p>\n<h3>\u00bfQui\u00e9n Es Elegible Para Presentar Una Petici\u00f3n Basada En La Familia?<\/h3>\n<p>Entre otros criterios de calificaci\u00f3n para ser elegible para presentar una petici\u00f3n basada en la familia, usted debe:<\/p>\n<ul>\n<li>Ser un residente permanente legal o un ciudadano estadounidense<\/li>\n<li>Adoptar a un ni\u00f1o que no sea de La Haya<\/li>\n<li>Mostrar prueba de una adopci\u00f3n final, que ocurri\u00f3 antes de que el ni\u00f1o cumpliera 16 a\u00f1os, que satisfaga los requisitos de residencia y custodia conjunta de 2 a\u00f1os para que el ni\u00f1o adoptado sea considerado su hijo para fines de inmigraci\u00f3n<\/li>\n<\/ul>\n<h3>\u00bfQui\u00e9n Califica Como Un Ni\u00f1o Adoptado?<\/h3>\n<p>Los requisitos para que un ni\u00f1o adoptado sea considerado hijo de un padre adoptivo para inmigraci\u00f3n incluyen:<\/p>\n<ul>\n<li>El padre adoptivo que adopt\u00f3 al ni\u00f1o antes de cumplir 16 a\u00f1os, y que proporcione evidencia de una adopci\u00f3n completa<\/li>\n<li>El padre adoptivo que tiene la custodia legal (una concesi\u00f3n de custodia de una autoridad gubernamental) del ni\u00f1o y reside con ellos durante un m\u00ednimo de dos a\u00f1os mientras el ni\u00f1o era menor de 21 a\u00f1os<\/li>\n<\/ul>\n<h3>C\u00f3mo Aplicar Bajo El Proceso De Petici\u00f3n Basado En La Familia<\/h3>\n<p>Para comenzar el proceso de inmigraci\u00f3n, debe presentar el Formulario I-130, Petici\u00f3n para pariente extranjero, ante los Servicios de Ciudadan\u00eda e Inmigraci\u00f3n de los Estados Unidos y participar en el proceso de adjudicaci\u00f3n. Ser\u00eda en su mejor inter\u00e9s comunicarse con un abogado de inmigraci\u00f3n. Un abogado experto puede ayudarlo a manejar su caso con USCIS.<\/p>\n<h3>\u00bfQu\u00e9 Visa Se Requiere Para Que Los Adoptados De Peticiones Basadas En La Familia Vengan A Los Estados Unidos?<\/h3>\n<p>Para peticiones basadas en la familia, la visa IR-2 se otorga a un ni\u00f1o que:<\/p>\n<ul>\n<li>Fue adoptado antes de cumplir 16 a\u00f1os<\/li>\n<li>Vivieron con su padre adoptivo, que ten\u00eda la custodia legal de ellos, por un m\u00ednimo de dos a\u00f1os<\/li>\n<\/ul>\n<h2>\u00bfNecesita Hablar Con Un Abogado De Inmigraci\u00f3n Sobre La Adopci\u00f3n De Un Ni\u00f1o En El Extranjero?<\/h2>\n<p>Si necesita hablar con\u00a0 un <a href=\"https:\/\/gldlaw.com\/es\/abogados\/\">abogado de inmigraci\u00f3n<\/a> sobre la adopci\u00f3n de un ni\u00f1o que vive en el extranjero, estamos aqu\u00ed para ayudarlo. Llame a nuestra oficina o cont\u00e1ctenos en l\u00ednea hoy para programar una consulta gratuita con un abogado de inmigraci\u00f3n que pueda brindarle la orientaci\u00f3n legal que necesita.<\/p>\n\t<h2><a href=\"https:\/\/gldlaw.com\/es\/contacto\/\">Haga Clic Hoy Para Su Consulta Gratis<\/a><\/h2>\n\t\t\t<a href=\"https:\/\/gldlaw.com\/es\/contacto\/\" target=\"_self\" rel=\"noopener\">\n\t\t\t\t\t\t\tOprima Aqu\u00ed\n\t\t\t\t\t<\/a>\n\n","protected":false},"excerpt":{"rendered":"<p>C\u00f3mo Traer A Su Hijo Adoptado A Los Estados Unidos Cuando adopta a un ni\u00f1o de fuera de los Estados Unidos, debe participar en un proceso de adopci\u00f3n internacional para que el ni\u00f1o inmigre a los Estados Unidos. La ley de inmigraci\u00f3n de los Estados Unidos ofrece tres v\u00edas por las cuales un ni\u00f1o adoptado&hellip;<\/p>\n","protected":false},"author":5,"featured_media":0,"parent":3424,"menu_order":0,"comment_status":"closed","ping_status":"closed","template":"","meta":{"_monsterinsights_skip_tracking":false,"_monsterinsights_sitenote_active":false,"_monsterinsights_sitenote_note":"","_monsterinsights_sitenote_category":0,"footnotes":""},"class_list":["post-10469","page","type-page","status-publish","hentry"],"yoast_head":"<!-- This site is optimized with the Yoast SEO plugin v27.5 - https:\/\/yoast.com\/product\/yoast-seo-wordpress\/ -->\n<title>C\u00f3mo Traer A Su Hijo Adoptado A Los Estados Unidos | Form I-800<\/title>\n<meta name=\"description\" content=\"Al adoptar fuera de los EE. UU., debe participar en un proceso de adopci\u00f3n internacional para traer a su hijo adoptado a los Estados Unidos.\" \/>\n<meta name=\"robots\" content=\"index, follow, max-snippet:-1, max-image-preview:large, max-video-preview:-1\" \/>\n<link rel=\"canonical\" href=\"https:\/\/gldlaw.com\/es\/inmigracion\/inmigracion-familiar\/traer-a-su-hijo-adoptado-a-los-estados-unidos\/\" \/>\n<meta property=\"og:locale\" content=\"es_MX\" \/>\n<meta property=\"og:type\" content=\"article\" \/>\n<meta property=\"og:title\" content=\"C\u00f3mo Traer A Su Hijo Adoptado A Los Estados Unidos | Form I-800\" \/>\n<meta property=\"og:description\" content=\"Al adoptar fuera de los EE. UU., debe participar en un proceso de adopci\u00f3n internacional para traer a su hijo adoptado a los Estados Unidos.\" \/>\n<meta property=\"og:url\" content=\"https:\/\/gldlaw.com\/es\/inmigracion\/inmigracion-familiar\/traer-a-su-hijo-adoptado-a-los-estados-unidos\/\" \/>\n<meta property=\"og:site_name\" content=\"Davis &amp; Associates\" \/>\n<meta property=\"article:publisher\" content=\"https:\/\/www.facebook.com\/GLDavisandAssociates\/\" \/>\n<meta property=\"article:modified_time\" content=\"2023-07-24T14:39:07+00:00\" \/>\n<meta property=\"og:image\" content=\"https:\/\/gldlaw.com\/wp-content\/uploads\/2023\/07\/Como-Traer-A-Su-Hijo-Adoptado-A-Los-Estados-Unidos-.png\" \/>\n<meta name=\"twitter:card\" content=\"summary_large_image\" \/>\n<meta name=\"twitter:site\" content=\"@GLD_Law\" \/>\n<meta name=\"twitter:label1\" content=\"Tiempo de lectura\" \/>\n\t<meta name=\"twitter:data1\" content=\"7 minutos\" \/>\n<script type=\"application\/ld+json\" class=\"yoast-schema-graph\">{\"@context\":\"https:\\\/\\\/schema.org\",\"@graph\":[{\"@type\":\"WebPage\",\"@id\":\"https:\\\/\\\/gldlaw.com\\\/es\\\/inmigracion\\\/inmigracion-familiar\\\/traer-a-su-hijo-adoptado-a-los-estados-unidos\\\/\",\"url\":\"https:\\\/\\\/gldlaw.com\\\/es\\\/inmigracion\\\/inmigracion-familiar\\\/traer-a-su-hijo-adoptado-a-los-estados-unidos\\\/\",\"name\":\"C\u00f3mo Traer A Su Hijo Adoptado A Los Estados Unidos | Form I-800\",\"isPartOf\":{\"@id\":\"https:\\\/\\\/gldlaw.com\\\/es\\\/#website\"},\"primaryImageOfPage\":{\"@id\":\"https:\\\/\\\/gldlaw.com\\\/es\\\/inmigracion\\\/inmigracion-familiar\\\/traer-a-su-hijo-adoptado-a-los-estados-unidos\\\/#primaryimage\"},\"image\":{\"@id\":\"https:\\\/\\\/gldlaw.com\\\/es\\\/inmigracion\\\/inmigracion-familiar\\\/traer-a-su-hijo-adoptado-a-los-estados-unidos\\\/#primaryimage\"},\"thumbnailUrl\":\"https:\\\/\\\/gldlaw.com\\\/wp-content\\\/uploads\\\/2023\\\/07\\\/Como-Traer-A-Su-Hijo-Adoptado-A-Los-Estados-Unidos-.png\",\"datePublished\":\"2023-07-20T21:37:53+00:00\",\"dateModified\":\"2023-07-24T14:39:07+00:00\",\"description\":\"Al adoptar fuera de los EE. UU., debe participar en un proceso de adopci\u00f3n internacional para traer a su hijo adoptado a los Estados Unidos.\",\"breadcrumb\":{\"@id\":\"https:\\\/\\\/gldlaw.com\\\/es\\\/inmigracion\\\/inmigracion-familiar\\\/traer-a-su-hijo-adoptado-a-los-estados-unidos\\\/#breadcrumb\"},\"inLanguage\":\"es\",\"potentialAction\":[{\"@type\":\"ReadAction\",\"target\":[\"https:\\\/\\\/gldlaw.com\\\/es\\\/inmigracion\\\/inmigracion-familiar\\\/traer-a-su-hijo-adoptado-a-los-estados-unidos\\\/\"]}]},{\"@type\":\"ImageObject\",\"inLanguage\":\"es\",\"@id\":\"https:\\\/\\\/gldlaw.com\\\/es\\\/inmigracion\\\/inmigracion-familiar\\\/traer-a-su-hijo-adoptado-a-los-estados-unidos\\\/#primaryimage\",\"url\":\"https:\\\/\\\/gldlaw.com\\\/wp-content\\\/uploads\\\/2023\\\/07\\\/Como-Traer-A-Su-Hijo-Adoptado-A-Los-Estados-Unidos-.png\",\"contentUrl\":\"https:\\\/\\\/gldlaw.com\\\/wp-content\\\/uploads\\\/2023\\\/07\\\/Como-Traer-A-Su-Hijo-Adoptado-A-Los-Estados-Unidos-.png\"},{\"@type\":\"BreadcrumbList\",\"@id\":\"https:\\\/\\\/gldlaw.com\\\/es\\\/inmigracion\\\/inmigracion-familiar\\\/traer-a-su-hijo-adoptado-a-los-estados-unidos\\\/#breadcrumb\",\"itemListElement\":[{\"@type\":\"ListItem\",\"position\":1,\"name\":\"Home\",\"item\":\"https:\\\/\\\/gldlaw.com\\\/es\\\/\"},{\"@type\":\"ListItem\",\"position\":2,\"name\":\"Areas de Pr\u00e1ctica\",\"item\":\"https:\\\/\\\/gldlaw.com\\\/es\\\/inmigracion\\\/\"},{\"@type\":\"ListItem\",\"position\":3,\"name\":\"Inmigraci\u00f3n Familiar\",\"item\":\"https:\\\/\\\/gldlaw.com\\\/es\\\/inmigracion\\\/inmigracion-familiar\\\/\"},{\"@type\":\"ListItem\",\"position\":4,\"name\":\"C\u00f3mo Traer A Su Hijo Adoptado A Los Estados Unidos\"}]},{\"@type\":\"WebSite\",\"@id\":\"https:\\\/\\\/gldlaw.com\\\/es\\\/#website\",\"url\":\"https:\\\/\\\/gldlaw.com\\\/es\\\/\",\"name\":\"Davis &amp; Associates\",\"description\":\"Dallas \\\/ Fort Worth Immigration Attorney\",\"potentialAction\":[{\"@type\":\"SearchAction\",\"target\":{\"@type\":\"EntryPoint\",\"urlTemplate\":\"https:\\\/\\\/gldlaw.com\\\/es\\\/?s={search_term_string}\"},\"query-input\":{\"@type\":\"PropertyValueSpecification\",\"valueRequired\":true,\"valueName\":\"search_term_string\"}}],\"inLanguage\":\"es\"}]}<\/script>\n<!-- \/ Yoast SEO plugin. -->","yoast_head_json":{"title":"C\u00f3mo Traer A Su Hijo Adoptado A Los Estados Unidos | Form I-800","description":"Al adoptar fuera de los EE. UU., debe participar en un proceso de adopci\u00f3n internacional para traer a su hijo adoptado a los Estados Unidos.","robots":{"index":"index","follow":"follow","max-snippet":"max-snippet:-1","max-image-preview":"max-image-preview:large","max-video-preview":"max-video-preview:-1"},"canonical":"https:\/\/gldlaw.com\/es\/inmigracion\/inmigracion-familiar\/traer-a-su-hijo-adoptado-a-los-estados-unidos\/","og_locale":"es_MX","og_type":"article","og_title":"C\u00f3mo Traer A Su Hijo Adoptado A Los Estados Unidos | Form I-800","og_description":"Al adoptar fuera de los EE. UU., debe participar en un proceso de adopci\u00f3n internacional para traer a su hijo adoptado a los Estados Unidos.","og_url":"https:\/\/gldlaw.com\/es\/inmigracion\/inmigracion-familiar\/traer-a-su-hijo-adoptado-a-los-estados-unidos\/","og_site_name":"Davis &amp; Associates","article_publisher":"https:\/\/www.facebook.com\/GLDavisandAssociates\/","article_modified_time":"2023-07-24T14:39:07+00:00","og_image":[{"url":"https:\/\/gldlaw.com\/wp-content\/uploads\/2023\/07\/Como-Traer-A-Su-Hijo-Adoptado-A-Los-Estados-Unidos-.png","type":"","width":"","height":""}],"twitter_card":"summary_large_image","twitter_site":"@GLD_Law","twitter_misc":{"Tiempo de lectura":"7 minutos"},"schema":{"@context":"https:\/\/schema.org","@graph":[{"@type":"WebPage","@id":"https:\/\/gldlaw.com\/es\/inmigracion\/inmigracion-familiar\/traer-a-su-hijo-adoptado-a-los-estados-unidos\/","url":"https:\/\/gldlaw.com\/es\/inmigracion\/inmigracion-familiar\/traer-a-su-hijo-adoptado-a-los-estados-unidos\/","name":"C\u00f3mo Traer A Su Hijo Adoptado A Los Estados Unidos | Form I-800","isPartOf":{"@id":"https:\/\/gldlaw.com\/es\/#website"},"primaryImageOfPage":{"@id":"https:\/\/gldlaw.com\/es\/inmigracion\/inmigracion-familiar\/traer-a-su-hijo-adoptado-a-los-estados-unidos\/#primaryimage"},"image":{"@id":"https:\/\/gldlaw.com\/es\/inmigracion\/inmigracion-familiar\/traer-a-su-hijo-adoptado-a-los-estados-unidos\/#primaryimage"},"thumbnailUrl":"https:\/\/gldlaw.com\/wp-content\/uploads\/2023\/07\/Como-Traer-A-Su-Hijo-Adoptado-A-Los-Estados-Unidos-.png","datePublished":"2023-07-20T21:37:53+00:00","dateModified":"2023-07-24T14:39:07+00:00","description":"Al adoptar fuera de los EE. UU., debe participar en un proceso de adopci\u00f3n internacional para traer a su hijo adoptado a los Estados Unidos.","breadcrumb":{"@id":"https:\/\/gldlaw.com\/es\/inmigracion\/inmigracion-familiar\/traer-a-su-hijo-adoptado-a-los-estados-unidos\/#breadcrumb"},"inLanguage":"es","potentialAction":[{"@type":"ReadAction","target":["https:\/\/gldlaw.com\/es\/inmigracion\/inmigracion-familiar\/traer-a-su-hijo-adoptado-a-los-estados-unidos\/"]}]},{"@type":"ImageObject","inLanguage":"es","@id":"https:\/\/gldlaw.com\/es\/inmigracion\/inmigracion-familiar\/traer-a-su-hijo-adoptado-a-los-estados-unidos\/#primaryimage","url":"https:\/\/gldlaw.com\/wp-content\/uploads\/2023\/07\/Como-Traer-A-Su-Hijo-Adoptado-A-Los-Estados-Unidos-.png","contentUrl":"https:\/\/gldlaw.com\/wp-content\/uploads\/2023\/07\/Como-Traer-A-Su-Hijo-Adoptado-A-Los-Estados-Unidos-.png"},{"@type":"BreadcrumbList","@id":"https:\/\/gldlaw.com\/es\/inmigracion\/inmigracion-familiar\/traer-a-su-hijo-adoptado-a-los-estados-unidos\/#breadcrumb","itemListElement":[{"@type":"ListItem","position":1,"name":"Home","item":"https:\/\/gldlaw.com\/es\/"},{"@type":"ListItem","position":2,"name":"Areas de Pr\u00e1ctica","item":"https:\/\/gldlaw.com\/es\/inmigracion\/"},{"@type":"ListItem","position":3,"name":"Inmigraci\u00f3n Familiar","item":"https:\/\/gldlaw.com\/es\/inmigracion\/inmigracion-familiar\/"},{"@type":"ListItem","position":4,"name":"C\u00f3mo Traer A Su Hijo Adoptado A Los Estados Unidos"}]},{"@type":"WebSite","@id":"https:\/\/gldlaw.com\/es\/#website","url":"https:\/\/gldlaw.com\/es\/","name":"Davis &amp; Associates","description":"Dallas \/ Fort Worth Immigration Attorney","potentialAction":[{"@type":"SearchAction","target":{"@type":"EntryPoint","urlTemplate":"https:\/\/gldlaw.com\/es\/?s={search_term_string}"},"query-input":{"@type":"PropertyValueSpecification","valueRequired":true,"valueName":"search_term_string"}}],"inLanguage":"es"}]}},"_links":{"self":[{"href":"https:\/\/gldlaw.com\/es\/wp-json\/wp\/v2\/pages\/10469","targetHints":{"allow":["GET"]}}],"collection":[{"href":"https:\/\/gldlaw.com\/es\/wp-json\/wp\/v2\/pages"}],"about":[{"href":"https:\/\/gldlaw.com\/es\/wp-json\/wp\/v2\/types\/page"}],"author":[{"embeddable":true,"href":"https:\/\/gldlaw.com\/es\/wp-json\/wp\/v2\/users\/5"}],"replies":[{"embeddable":true,"href":"https:\/\/gldlaw.com\/es\/wp-json\/wp\/v2\/comments?post=10469"}],"version-history":[{"count":3,"href":"https:\/\/gldlaw.com\/es\/wp-json\/wp\/v2\/pages\/10469\/revisions"}],"predecessor-version":[{"id":10476,"href":"https:\/\/gldlaw.com\/es\/wp-json\/wp\/v2\/pages\/10469\/revisions\/10476"}],"up":[{"embeddable":true,"href":"https:\/\/gldlaw.com\/es\/wp-json\/wp\/v2\/pages\/3424"}],"wp:attachment":[{"href":"https:\/\/gldlaw.com\/es\/wp-json\/wp\/v2\/media?parent=10469"}],"curies":[{"name":"wp","href":"https:\/\/api.w.org\/{rel}","templated":true}]}}