{"id":10749,"date":"2024-01-24T12:10:14","date_gmt":"2024-01-24T18:10:14","guid":{"rendered":"https:\/\/gldlaw.com\/inmigracion\/humanitarian-parole\/"},"modified":"2025-04-14T11:21:58","modified_gmt":"2025-04-14T16:21:58","slug":"libertad-condicional-humanitaria","status":"publish","type":"page","link":"https:\/\/gldlaw.com\/es\/inmigracion\/libertad-condicional-humanitaria\/","title":{"rendered":"Libertad Condicional Humanitaria"},"content":{"rendered":"\n\n\t<h1>Libertad Condicional Humanitaria en Texas<\/h1>\n\t<h2>\u00bfQu\u00e9 es la libertad condicional humanitaria?<\/h2>\n<p>La libertad condicional humanitaria es un m\u00e9todo que permite al gobierno de los EE. UU. permitir que las personas ingresen al pa\u00eds sin pasar por el proceso normal de inmigraci\u00f3n.<\/p>\n<p>Este no es un camino hacia la ciudadan\u00eda, se utiliza en momentos de necesidad urgente.<\/p>\n\t\t\t\t<img loading=\"lazy\" decoding=\"async\" src=\"https:\/\/gldlaw.com\/wp-content\/uploads\/2024\/01\/Humanitarian-Parole-Davis-Associates-.jpeg\" alt=\"Humanitarian Parole - Davis &amp; Associates\" itemprop=\"image\" height=\"630\" width=\"1200\" title=\"Humanitarian Parole - Davis &amp; Associates\" onerror=\"this.style.display='none'\"  \/>\n\t<p>A menudo se usa por razones humanitarias, como emergencias m\u00e9dicas o situaciones familiares urgentes, pero tambi\u00e9n se ha utilizado en tiempos de crisis humanitaria, como una guerra, un desastre o una invasi\u00f3n.<\/p>\n<p>El Servicio de Ciudadan\u00eda e Inmigraci\u00f3n de los Estados Unidos (USCIS, por sus siglas en ingl\u00e9s) utiliza su propia discreci\u00f3n al permitir que las personas ingresen al pa\u00eds utilizando el permiso humanitario a trav\u00e9s de la Ley de Inmigraci\u00f3n <a href=\"https:\/\/www.uscis.gov\/laws-and-policy\/legislation\/immigration-and-nationality-act\">y Nacionalidad<\/a>.<\/p>\n<p>La libertad condicional humanitaria es una soluci\u00f3n temporal a una necesidad humanitaria inmediata. Es importante darse cuenta de que el permiso humanitario no se considera &#8220;admitido formalmente en los Estados Unidos a los efectos de la ley de inmigraci\u00f3n&#8221;.<\/p>\n<p>Hist\u00f3ricamente, los programas de libertad condicional humanitaria tambi\u00e9n se han establecido para ayudar a grandes cantidades de migrantes que experimentan condiciones peligrosas a encontrar seguridad en los Estados Unidos.<\/p>\n<p>En la d\u00e9cada de 1950, la libertad condicional humanitaria se utiliz\u00f3 para admitir en el pa\u00eds a personas procedentes de Hungr\u00eda. En la d\u00e9cada de 1970, se utiliz\u00f3 para traer personas de Vietnam, Laos y Camboya a los Estados Unidos. En los \u00faltimos a\u00f1os, Estados Unidos ha utilizado la libertad condicional humanitaria para transportar por aire a decenas de miles de personas desde Afganist\u00e1n despu\u00e9s de que los talibanes tomaran Kabul y desde Ucrania despu\u00e9s de la invasi\u00f3n rusa.<\/p>\n<p>M\u00e1s recientemente, la libertad condicional humanitaria se utiliz\u00f3 para ayudar a admitir a personas de Cuba, Nicaragua, Venezuela y Hait\u00ed. Ha habido otros ejemplos de uso masivo de la libertad condicional humanitaria, y es probable que haya muchos m\u00e1s.<\/p>\n\t<h2>Haga Clic Hoy Para Su Consulta Gratis<\/h2>\n\t\t\t<a href=\"https:\/\/gldlaw.com\/es\/contacto\/\" target=\"_self\">\n\t\t\t\t\t\t\tOprima Aqu\u00ed\n\t\t\t\t\t<\/a>\n\t<h2>\u00bfQui\u00e9n Puede Solicitar El Permiso Humanitario?<\/h2>\n<p><img loading=\"lazy\" decoding=\"async\" src=\"https:\/\/gldlaw.com\/wp-content\/uploads\/2024\/01\/Ayuda-de-Inmigracion-Obtencion-de-Permiso-Humanitario-Davis-Associates.jpg\" alt=\"Ayuda de Inmigracio\u0301n - Obtencio\u0301n de Permiso Humanitario - Davis &amp; Associates\" width=\"500\" height=\"375\" \/>Puede solicitar el permiso humanitario por razones humanitarias urgentes si se encuentra fuera de los Estados Unidos. No existe una definici\u00f3n espec\u00edfica de esto, por lo que ha sido utilizado de muchas maneras diferentes por varias administraciones a lo largo de las d\u00e9cadas. Los oficiales de USCIS analizan todas las circunstancias para decidir si su necesidad es una necesidad humanitaria urgente. Tendr\u00e1n en cuenta muchos factores, entre ellos los siguientes:<\/p>\n<ul>\n<li>Los efectos de sus circunstancias en su bienestar<\/li>\n<li>El grado de sufrimiento que experimentar\u00e1 si se le niega la libertad condicional<\/li>\n<li>Si tiene una enfermedad que requiere tratamiento m\u00e9dico cr\u00edtico<\/li>\n<li>Si la libertad condicional puede cumplir con el prop\u00f3sito previsto<\/li>\n<li>Si tiene la intenci\u00f3n de salir despu\u00e9s de la libertad condicional u obtener un estatus migratorio legal<\/li>\n<li>Si usted es un riesgo para la seguridad nacional o si su libertad condicional crear\u00eda un riesgo para la seguridad nacional<\/li>\n<li>Si tiene antecedentes penales<\/li>\n<li>Si tiene violaciones de inmigraci\u00f3n anteriores<\/li>\n<li>Si tiene suficiente apoyo financiero<\/li>\n<li>Tu personaje<\/li>\n<li>Si debe obtener una visa en lugar de un permiso de permanencia temporal<\/li>\n<\/ul>\n<p>Tambi\u00e9n hay otras consideraciones. La libertad condicional humanitaria se decide en funci\u00f3n de muchos factores. Algunas personas descubren que podr\u00edan calificar para una visa. Su abogado puede informarle si podr\u00eda ser un buen candidato para el permiso humanitario.<\/p>\n<h2>\u00bfC\u00f3mo Solicita La Libertad Condicional Humanitaria En Los Estados Unidos?<\/h2>\n<p>Puede solicitar el permiso de permanencia temporal presentando un <a href=\"https:\/\/www.uscis.gov\/i-131\">Formulario I-131, Solicitud de Documento de Viaje<\/a> o haciendo que alguien lo presente por usted. Por lo general, USCIS necesita ver pruebas de que usted tiene una necesidad urgente de libertad condicional y que tiene un apoyo financiero.<\/p>\n<p>USCIS considerar\u00e1 las pautas federales de pobreza del Departamento de Salud y Servicios Humanos (HHS, por sus siglas en ingl\u00e9s) y le permitir\u00e1 tener m\u00faltiples apoyos financieros. Tambi\u00e9n puede ser su propio patrocinador financiero. Su patrocinador financiero no tiene que tener un estatus migratorio propio o ciudadan\u00eda, pero USCIS generalmente es m\u00e1s probable que apruebe su permiso de permanencia temporal si su patrocinador es un residente permanente legal o un ciudadano estadounidense.<\/p>\n<p>El peticionario debe presentar un <a href=\"https:\/\/www.uscis.gov\/i-134\">Formulario I-134, Declaraci\u00f3n de Apoyo Financiero<\/a> para cada patrocinador financiero. Muchas veces, a las personas se les concede la libertad condicional humanitaria al obtener una organizaci\u00f3n sin fines de lucro como su apoyo financiero.<\/p>\n<h2>\u00bfC\u00f3mo Es El Proceso De Solicitud?<\/h2>\n<p>Cuando presente su petici\u00f3n de permiso humanitario y su declaraci\u00f3n de apoyo financiero, deber\u00e1 pagar una tarifa de presentaci\u00f3n o presentar un <a href=\"https:\/\/www.uscis.gov\/i-912\">Formulario I-912, Solicitud de exenci\u00f3n de tarifas<\/a> junto con todos los documentos y pruebas de respaldo. Despu\u00e9s de eso, la solicitud de permiso de permanencia temporal se env\u00eda a la Divisi\u00f3n de Asuntos Internacionales y de Refugiados de USCIS.<\/p>\n<p>Tenga en cuenta que USCIS revisa toda la informaci\u00f3n para ver si hay una naturaleza urgente o especialmente urgente en su solicitud. Tambi\u00e9n resuelven la jurisdicci\u00f3n. Por ejemplo, si ha sido deportado y est\u00e1 solicitando un permiso humanitario, generalmente dirigir\u00e1n su petici\u00f3n a ICE en lugar de USCIS.<\/p>\n<p>El proceso t\u00edpico de USCIS a menudo incluye estos pasos:<\/p>\n<ul>\n<li>Es posible que le env\u00eden un aviso de que tiene una cita para una entrevista. Debes asistir a esta entrevista si te lo piden.<\/li>\n<li>Todas las pruebas ser\u00e1n revisadas por funcionarios estadounidenses y lo examinar\u00e1n para asegurarse de que sea elegible. Si necesitan m\u00e1s pruebas, se lo har\u00e1n saber.<\/li>\n<li>Si se encuentra en un pa\u00eds con una embajada o consulado de EE. UU., los funcionarios les informar\u00e1n de la decisi\u00f3n. Si no se encuentra en un pa\u00eds con una embajada o consulado de EE. UU., debe informarles cuando llegue a un lugar con uno antes de que puedan completar su procesamiento de libertad condicional.<\/li>\n<li>Pueden emitir su documento de viaje con aprobaci\u00f3n condicional.<\/li>\n<li>Si parece que usted es elegible para el permiso de permanencia temporal, por lo general programar\u00e1n <a href=\"https:\/\/gldlaw.com\/biometric-appointment\/\">su cita de servicios biom\u00e9tricos<\/a> y le informar\u00e1n las condiciones de su permiso de permanencia temporal. Cualquier persona que tenga 14 a\u00f1os o m\u00e1s tiene que proporcionar datos biom\u00e9tricos.<\/li>\n<\/ul>\n<p>El proceso suele tardar entre dos y cuatro meses en obtener la aprobaci\u00f3n, pero es posible obtener un &#8220;procesamiento acelerado&#8221; y su abogado puede explicarle si califica para eso o no y c\u00f3mo hacerlo.<\/p>\n<p>Sin embargo, tenga en cuenta que todas las peticiones de libertad condicional humanitaria se basan en una necesidad urgente, por lo que para un procesamiento acelerado, su situaci\u00f3n deber\u00e1 ser excepcionalmente potencialmente mortal, urgente o urgente.<\/p>\n\t<h2>Haga Clic Hoy Para Su Consulta Gratis<\/h2>\n\t\t\t<a href=\"https:\/\/gldlaw.com\/es\/contacto\/\" target=\"_self\">\n\t\t\t\t\t\t\tOprima Aqu\u00ed\n\t\t\t\t\t<\/a>\n\t<h2>Ejemplos de Situaciones Que A Menudo Se Aprueban<\/h2>\n<p><img loading=\"lazy\" decoding=\"async\" src=\"https:\/\/gldlaw.com\/wp-content\/uploads\/2024\/01\/Obtencion-de-Libertad-Condicional-Humanitaria-Davis-Associates.jpg\" alt=\"Obtencio\u0301n de Libertad Condicional Humanitaria - Davis &amp; Associates\" width=\"500\" height=\"375\" \/>Hay muchas razones por las que alguien puede solicitar un permiso humanitario. Por ejemplo, puede solicitar el permiso de permanencia temporal para cuidar a un familiar en los Estados Unidos que est\u00e1 enfermo o para visitar a un familiar que se est\u00e1 muriendo.<\/p>\n<p>Puede solicitar un permiso humanitario para atender los asuntos de un miembro de la familia en los Estados Unidos que ha fallecido. Es posible que tenga que testificar en una demanda. Puede ser una detenida embarazada, menor de edad, enferma o embarazada.<\/p>\n<h3>Lo Que La Libertad Condicional Humanitaria No Puede Hacer<\/h3>\n<p>La libertad condicional humanitaria nunca debe utilizarse para evitar los procedimientos normales de visado o los plazos de visado. El permiso humanitario nunca debe usarse para evitar el tiempo de procesamiento de la exenci\u00f3n de inadmisibilidad.<\/p>\n<p>Tampoco debe usarse en lugar del proceso normal de convertirse en refugiado. La duraci\u00f3n de la libertad condicional se establece caso por caso, pero no le ofrece en absoluto una forma permanente o a largo plazo de estar en los Estados Unidos.<\/p>\n<p>Las personas que desean permanecer en el pa\u00eds deben consultar con un abogado de inmigraci\u00f3n calificado para crear un plan razonable, legal y alcanzable.<\/p>\n<p>El permiso de permanencia temporal termina en el plazo especificado por USCIS o en el momento en que la persona obtiene un estatus migratorio, lo que ocurra primero.<\/p>\n<h3>\u00bfSe Revoca La Libertad Condicional Por Razones Humanitarias?<\/h3>\n<p>Si se le concede el permiso de permanencia temporal en los EE. UU. por razones humanitarias, USCIS puede revocarlo sin previo aviso si decide que ya no es necesario o si la persona en libertad condicional no cumple con las condiciones del permiso de permanencia temporal.<\/p>\n<h3>\u00bfSe Puede Trabajar Mientras Se Est\u00e1 En Libertad Condicional Humanitaria?<\/h3>\n<p>A veces se emiten permisos de trabajo para personas que se encuentran en el pa\u00eds con libertad condicional humanitaria, pero cualquier autorizaci\u00f3n de empleo, como la libertad condicional, es temporal.<\/p>\n<h2>\u00bfNecesita Ayuda Con La Libertad Condicional Humanitaria?<\/h2>\n<p>Si desea representaci\u00f3n legal mientras solicita la libertad condicional humanitaria, si est\u00e1 detenido y busca la libertad condicional humanitaria, o si ya se le ha otorgado la libertad condicional humanitaria y est\u00e1 interesado en encontrar una v\u00eda de inmigraci\u00f3n para que pueda permanecer en el pa\u00eds por m\u00e1s tiempo, comun\u00edquese con Davis &amp; Associates.<\/p>\n<p>Somos el bufete de abogados de inmigraci\u00f3n preferido en Texas. Ofrecemos <a href=\"https:\/\/gldlaw.com\/es\/contacto\/\">consultas gratuitas<\/a>, as\u00ed que p\u00f3ngase en contacto con nosotros hoy mismo.<\/p>\n\t<h2>Haga Clic Hoy Para Su Consulta Gratis<\/h2>\n\t\t\t<a href=\"https:\/\/gldlaw.com\/es\/contacto\/\" target=\"_self\">\n\t\t\t\t\t\t\tOprima Aqu\u00ed\n\t\t\t\t\t<\/a>\n\n","protected":false},"excerpt":{"rendered":"<p>Libertad Condicional Humanitaria en Texas \u00bfQu\u00e9 es la libertad condicional humanitaria? La libertad condicional humanitaria es un m\u00e9todo que permite al gobierno de los EE. UU. permitir que las personas ingresen al pa\u00eds sin pasar por el proceso normal de inmigraci\u00f3n. Este no es un camino hacia la ciudadan\u00eda, se utiliza en momentos de necesidad&hellip;<\/p>\n","protected":false},"author":5,"featured_media":0,"parent":3409,"menu_order":0,"comment_status":"closed","ping_status":"closed","template":"","meta":{"_monsterinsights_skip_tracking":false,"_monsterinsights_sitenote_active":false,"_monsterinsights_sitenote_note":"","_monsterinsights_sitenote_category":0,"footnotes":""},"class_list":["post-10749","page","type-page","status-publish","hentry"],"yoast_head":"<!-- This site is optimized with the Yoast SEO plugin v27.5 - https:\/\/yoast.com\/product\/yoast-seo-wordpress\/ -->\n<title>Libertad Condicional Humanitaria | Proceso de Solicitud<\/title>\n<meta name=\"description\" content=\"La libertad condicional humanitaria es un m\u00e9todo que permite al gobierno de Estados Unidos permitir la entrada de personas al pa\u00eds sin...\" \/>\n<meta name=\"robots\" content=\"index, follow, max-snippet:-1, max-image-preview:large, max-video-preview:-1\" \/>\n<link rel=\"canonical\" href=\"https:\/\/gldlaw.com\/es\/inmigracion\/libertad-condicional-humanitaria\/\" \/>\n<meta property=\"og:locale\" content=\"es_MX\" \/>\n<meta property=\"og:type\" content=\"article\" \/>\n<meta property=\"og:title\" content=\"Libertad Condicional Humanitaria | Proceso de Solicitud\" \/>\n<meta property=\"og:description\" content=\"La libertad condicional humanitaria es un m\u00e9todo que permite al gobierno de Estados Unidos permitir la entrada de personas al pa\u00eds sin...\" \/>\n<meta property=\"og:url\" content=\"https:\/\/gldlaw.com\/es\/inmigracion\/libertad-condicional-humanitaria\/\" \/>\n<meta property=\"og:site_name\" content=\"Davis &amp; Associates\" \/>\n<meta property=\"article:publisher\" content=\"https:\/\/www.facebook.com\/GLDavisandAssociates\/\" \/>\n<meta property=\"article:modified_time\" content=\"2025-04-14T16:21:58+00:00\" \/>\n<meta property=\"og:image\" content=\"https:\/\/gldlaw.com\/wp-content\/uploads\/2024\/01\/Humanitarian-Parole-Davis-Associates-.jpeg\" \/>\n<meta name=\"twitter:card\" content=\"summary_large_image\" \/>\n<meta name=\"twitter:site\" content=\"@GLD_Law\" \/>\n<meta name=\"twitter:label1\" content=\"Tiempo de lectura\" \/>\n\t<meta name=\"twitter:data1\" content=\"7 minutos\" \/>\n<script type=\"application\/ld+json\" class=\"yoast-schema-graph\">{\"@context\":\"https:\\\/\\\/schema.org\",\"@graph\":[{\"@type\":\"WebPage\",\"@id\":\"https:\\\/\\\/gldlaw.com\\\/es\\\/inmigracion\\\/libertad-condicional-humanitaria\\\/\",\"url\":\"https:\\\/\\\/gldlaw.com\\\/es\\\/inmigracion\\\/libertad-condicional-humanitaria\\\/\",\"name\":\"Libertad Condicional Humanitaria | Proceso de Solicitud\",\"isPartOf\":{\"@id\":\"https:\\\/\\\/gldlaw.com\\\/es\\\/#website\"},\"primaryImageOfPage\":{\"@id\":\"https:\\\/\\\/gldlaw.com\\\/es\\\/inmigracion\\\/libertad-condicional-humanitaria\\\/#primaryimage\"},\"image\":{\"@id\":\"https:\\\/\\\/gldlaw.com\\\/es\\\/inmigracion\\\/libertad-condicional-humanitaria\\\/#primaryimage\"},\"thumbnailUrl\":\"https:\\\/\\\/gldlaw.com\\\/wp-content\\\/uploads\\\/2024\\\/01\\\/Humanitarian-Parole-Davis-Associates-.jpeg\",\"datePublished\":\"2024-01-24T18:10:14+00:00\",\"dateModified\":\"2025-04-14T16:21:58+00:00\",\"description\":\"La libertad condicional humanitaria es un m\u00e9todo que permite al gobierno de Estados Unidos permitir la entrada de personas al pa\u00eds sin...\",\"breadcrumb\":{\"@id\":\"https:\\\/\\\/gldlaw.com\\\/es\\\/inmigracion\\\/libertad-condicional-humanitaria\\\/#breadcrumb\"},\"inLanguage\":\"es\",\"potentialAction\":[{\"@type\":\"ReadAction\",\"target\":[\"https:\\\/\\\/gldlaw.com\\\/es\\\/inmigracion\\\/libertad-condicional-humanitaria\\\/\"]}]},{\"@type\":\"ImageObject\",\"inLanguage\":\"es\",\"@id\":\"https:\\\/\\\/gldlaw.com\\\/es\\\/inmigracion\\\/libertad-condicional-humanitaria\\\/#primaryimage\",\"url\":\"https:\\\/\\\/gldlaw.com\\\/wp-content\\\/uploads\\\/2024\\\/01\\\/Humanitarian-Parole-Davis-Associates-.jpeg\",\"contentUrl\":\"https:\\\/\\\/gldlaw.com\\\/wp-content\\\/uploads\\\/2024\\\/01\\\/Humanitarian-Parole-Davis-Associates-.jpeg\"},{\"@type\":\"BreadcrumbList\",\"@id\":\"https:\\\/\\\/gldlaw.com\\\/es\\\/inmigracion\\\/libertad-condicional-humanitaria\\\/#breadcrumb\",\"itemListElement\":[{\"@type\":\"ListItem\",\"position\":1,\"name\":\"Home\",\"item\":\"https:\\\/\\\/gldlaw.com\\\/es\\\/\"},{\"@type\":\"ListItem\",\"position\":2,\"name\":\"Areas de Pr\u00e1ctica\",\"item\":\"https:\\\/\\\/gldlaw.com\\\/es\\\/inmigracion\\\/\"},{\"@type\":\"ListItem\",\"position\":3,\"name\":\"Libertad Condicional Humanitaria\"}]},{\"@type\":\"WebSite\",\"@id\":\"https:\\\/\\\/gldlaw.com\\\/es\\\/#website\",\"url\":\"https:\\\/\\\/gldlaw.com\\\/es\\\/\",\"name\":\"Davis &amp; Associates\",\"description\":\"Dallas \\\/ Fort Worth Immigration Attorney\",\"potentialAction\":[{\"@type\":\"SearchAction\",\"target\":{\"@type\":\"EntryPoint\",\"urlTemplate\":\"https:\\\/\\\/gldlaw.com\\\/es\\\/?s={search_term_string}\"},\"query-input\":{\"@type\":\"PropertyValueSpecification\",\"valueRequired\":true,\"valueName\":\"search_term_string\"}}],\"inLanguage\":\"es\"}]}<\/script>\n<!-- \/ Yoast SEO plugin. -->","yoast_head_json":{"title":"Libertad Condicional Humanitaria | Proceso de Solicitud","description":"La libertad condicional humanitaria es un m\u00e9todo que permite al gobierno de Estados Unidos permitir la entrada de personas al pa\u00eds sin...","robots":{"index":"index","follow":"follow","max-snippet":"max-snippet:-1","max-image-preview":"max-image-preview:large","max-video-preview":"max-video-preview:-1"},"canonical":"https:\/\/gldlaw.com\/es\/inmigracion\/libertad-condicional-humanitaria\/","og_locale":"es_MX","og_type":"article","og_title":"Libertad Condicional Humanitaria | Proceso de Solicitud","og_description":"La libertad condicional humanitaria es un m\u00e9todo que permite al gobierno de Estados Unidos permitir la entrada de personas al pa\u00eds sin...","og_url":"https:\/\/gldlaw.com\/es\/inmigracion\/libertad-condicional-humanitaria\/","og_site_name":"Davis &amp; Associates","article_publisher":"https:\/\/www.facebook.com\/GLDavisandAssociates\/","article_modified_time":"2025-04-14T16:21:58+00:00","og_image":[{"url":"https:\/\/gldlaw.com\/wp-content\/uploads\/2024\/01\/Humanitarian-Parole-Davis-Associates-.jpeg","type":"","width":"","height":""}],"twitter_card":"summary_large_image","twitter_site":"@GLD_Law","twitter_misc":{"Tiempo de lectura":"7 minutos"},"schema":{"@context":"https:\/\/schema.org","@graph":[{"@type":"WebPage","@id":"https:\/\/gldlaw.com\/es\/inmigracion\/libertad-condicional-humanitaria\/","url":"https:\/\/gldlaw.com\/es\/inmigracion\/libertad-condicional-humanitaria\/","name":"Libertad Condicional Humanitaria | Proceso de Solicitud","isPartOf":{"@id":"https:\/\/gldlaw.com\/es\/#website"},"primaryImageOfPage":{"@id":"https:\/\/gldlaw.com\/es\/inmigracion\/libertad-condicional-humanitaria\/#primaryimage"},"image":{"@id":"https:\/\/gldlaw.com\/es\/inmigracion\/libertad-condicional-humanitaria\/#primaryimage"},"thumbnailUrl":"https:\/\/gldlaw.com\/wp-content\/uploads\/2024\/01\/Humanitarian-Parole-Davis-Associates-.jpeg","datePublished":"2024-01-24T18:10:14+00:00","dateModified":"2025-04-14T16:21:58+00:00","description":"La libertad condicional humanitaria es un m\u00e9todo que permite al gobierno de Estados Unidos permitir la entrada de personas al pa\u00eds sin...","breadcrumb":{"@id":"https:\/\/gldlaw.com\/es\/inmigracion\/libertad-condicional-humanitaria\/#breadcrumb"},"inLanguage":"es","potentialAction":[{"@type":"ReadAction","target":["https:\/\/gldlaw.com\/es\/inmigracion\/libertad-condicional-humanitaria\/"]}]},{"@type":"ImageObject","inLanguage":"es","@id":"https:\/\/gldlaw.com\/es\/inmigracion\/libertad-condicional-humanitaria\/#primaryimage","url":"https:\/\/gldlaw.com\/wp-content\/uploads\/2024\/01\/Humanitarian-Parole-Davis-Associates-.jpeg","contentUrl":"https:\/\/gldlaw.com\/wp-content\/uploads\/2024\/01\/Humanitarian-Parole-Davis-Associates-.jpeg"},{"@type":"BreadcrumbList","@id":"https:\/\/gldlaw.com\/es\/inmigracion\/libertad-condicional-humanitaria\/#breadcrumb","itemListElement":[{"@type":"ListItem","position":1,"name":"Home","item":"https:\/\/gldlaw.com\/es\/"},{"@type":"ListItem","position":2,"name":"Areas de Pr\u00e1ctica","item":"https:\/\/gldlaw.com\/es\/inmigracion\/"},{"@type":"ListItem","position":3,"name":"Libertad Condicional Humanitaria"}]},{"@type":"WebSite","@id":"https:\/\/gldlaw.com\/es\/#website","url":"https:\/\/gldlaw.com\/es\/","name":"Davis &amp; Associates","description":"Dallas \/ Fort Worth Immigration Attorney","potentialAction":[{"@type":"SearchAction","target":{"@type":"EntryPoint","urlTemplate":"https:\/\/gldlaw.com\/es\/?s={search_term_string}"},"query-input":{"@type":"PropertyValueSpecification","valueRequired":true,"valueName":"search_term_string"}}],"inLanguage":"es"}]}},"_links":{"self":[{"href":"https:\/\/gldlaw.com\/es\/wp-json\/wp\/v2\/pages\/10749","targetHints":{"allow":["GET"]}}],"collection":[{"href":"https:\/\/gldlaw.com\/es\/wp-json\/wp\/v2\/pages"}],"about":[{"href":"https:\/\/gldlaw.com\/es\/wp-json\/wp\/v2\/types\/page"}],"author":[{"embeddable":true,"href":"https:\/\/gldlaw.com\/es\/wp-json\/wp\/v2\/users\/5"}],"replies":[{"embeddable":true,"href":"https:\/\/gldlaw.com\/es\/wp-json\/wp\/v2\/comments?post=10749"}],"version-history":[{"count":4,"href":"https:\/\/gldlaw.com\/es\/wp-json\/wp\/v2\/pages\/10749\/revisions"}],"predecessor-version":[{"id":12139,"href":"https:\/\/gldlaw.com\/es\/wp-json\/wp\/v2\/pages\/10749\/revisions\/12139"}],"up":[{"embeddable":true,"href":"https:\/\/gldlaw.com\/es\/wp-json\/wp\/v2\/pages\/3409"}],"wp:attachment":[{"href":"https:\/\/gldlaw.com\/es\/wp-json\/wp\/v2\/media?parent=10749"}],"curies":[{"name":"wp","href":"https:\/\/api.w.org\/{rel}","templated":true}]}}