{"id":10778,"date":"2024-01-24T15:33:23","date_gmt":"2024-01-24T21:33:23","guid":{"rendered":"https:\/\/gldlaw.com\/inmigracion\/form-i-94\/"},"modified":"2025-04-14T11:21:36","modified_gmt":"2025-04-14T16:21:36","slug":"formulario-i-94","status":"publish","type":"page","link":"https:\/\/gldlaw.com\/es\/inmigracion\/formulario-i-94\/","title":{"rendered":"Formulario I-94"},"content":{"rendered":"\n\n\t<h1>Ayuda Legal para el Formulario I-94 en Texas<\/h1>\n\t<h2>\u00bfQu\u00e9 es un Formulario I-94?<\/h2>\n<p><a href=\"https:\/\/i94.cbp.dhs.gov\/I94\/#\/home\">El Formulario I-94<\/a> es el registro de llegadas y salidas del Departamento de Seguridad Nacional, tambi\u00e9n conocido como Tarjeta de Registro de Llegada\/Salida.<\/p>\n<p>Se emite a las personas que son admitidas en los Estados Unidos, a las personas que est\u00e1n ajustando su estatus mientras est\u00e1n en el pa\u00eds, a las personas que extienden su estad\u00eda en los Estados Unidos y a otros.<\/p>\n<p>Un oficial de Aduanas y Protecci\u00f3n Fronteriza de EE. UU. generalmente adjunta un Formulario I-94 al pasaporte de un visitante no inmigrante cuando ingresa al pa\u00eds.<\/p>\n\t\t\t\t<img loading=\"lazy\" decoding=\"async\" src=\"https:\/\/gldlaw.com\/wp-content\/uploads\/2024\/01\/\u00bfQue-es-un-Formulario-I-94.jpeg\" alt=\"\u00bfQue\u0301 es un Formulario I-94?\" itemprop=\"image\" height=\"630\" width=\"1200\" title=\"\u00bfQue\u0301 es un Formulario I-94?\" onerror=\"this.style.display='none'\"  \/>\n\t<p>Todos los visitantes del pa\u00eds, excepto los ciudadanos estadounidenses, las personas con visas de inmigrante, los residentes legales que regresan y la mayor\u00eda de los ciudadanos canadienses necesitan un Formulario I-94 y se les emitir\u00e1 uno durante el proceso de admisi\u00f3n.<\/p>\n<h2>Cosas que Debe Saber Sobre el Formulario I-94<\/h2>\n<p>Hay muchos detalles sobre el Formulario I-94 que pueden ayudar a los viajeros si los conocen de antemano. Por ejemplo, cualquier viajero que tenga la intenci\u00f3n de ingresar a los Estados Unidos en una frontera terrestre o en ferry en ciertos puertos puede ahorrar tiempo solicitando un I-94 por adelantado. Otro ahorro de tiempo es que la Oficina de Aduanas y Protecci\u00f3n Fronteriza permite a los viajeros solicitar un I-94 utilizando su aplicaci\u00f3n m\u00f3vil CBP One\u2122 o en el sitio web de CBP I-94.<\/p>\n<p>Otra cosa importante que debe saber es que los visitantes que forman parte del Programa de Exenci\u00f3n de Visa deben obtener un Sistema Electr\u00f3nico de Autorizaci\u00f3n de Viaje antes de llegar a la frontera terrestre de los EE. UU. Los visitantes del VWP tambi\u00e9n pueden usar el sitio web del I-94 o la aplicaci\u00f3n m\u00f3vil CBP One\u2122 para solicitar su I-94 con anticipaci\u00f3n. Por supuesto, puede seguir la ruta antigua y usar un Formulario I-94 en papel, pero no le ahorrar\u00e1 ninguna molestia.<\/p>\n\t<h2>Haga Clic Hoy Para Su Consulta Gratis<\/h2>\n\t\t\t<a href=\"https:\/\/gldlaw.com\/es\/contacto\/\" target=\"_self\">\n\t\t\t\t\t\t\tOprima Aqu\u00ed\n\t\t\t\t\t<\/a>\n\t<h2>Preguntas Frecuentes Sobre el Formulario I-94<\/h2>\n<h3><strong><em><img loading=\"lazy\" decoding=\"async\" src=\"https:\/\/gldlaw.com\/wp-content\/uploads\/2024\/01\/Preguntas-frecuentes-sobre-reducciones-y-exenciones-de-tarifas-de-USCIS.jpeg\" alt=\"Preguntas frecuentes sobre reducciones y exenciones de tarifas de USCIS\" width=\"500\" height=\"375\" \/>\u00bfCu\u00e1l es la diferencia entre un Formulario I-94 y un Formulario I-94W?<\/em><\/strong><\/h3>\n<p>El Formulario I-94W es un registro de llegada y salida de exenci\u00f3n de visa de no inmigrante. El I-94W es para visitantes no inmigrantes que no tienen una visa de visitante. Algunos ciudadanos de ciertos pa\u00edses pueden ingresar al pa\u00eds sin una visa de visitante gracias al <a href=\"https:\/\/www.ecfr.gov\/current\/title-8\/chapter-I\/subchapter-B\/part-217\">Programa de Exenci\u00f3n de Visa<\/a>. El Formulario I-94, por otro lado, es el registro de llegada y salida para los visitantes que tienen una visa.<\/p>\n<h3><strong><em>\u00bfMi Formulario I-94 tiene fecha de vencimiento?<\/em><\/strong><\/h3>\n<p>S\u00ed, su Formulario I-94 tendr\u00e1 una &#8220;Fecha de admisi\u00f3n hasta&#8221; que le indica su fecha l\u00edmite para salir del pa\u00eds.\u00a0 Tambi\u00e9n tendr\u00e1 una fecha de vencimiento de la OMB, pero esa no es la fecha en la que debe irse. Debe salir antes de la &#8220;Fecha de admisi\u00f3n hasta&#8221;. Esa es la fecha en que expira el estado de su visa.<\/p>\n<p>A veces, no se mostrar\u00e1 ninguna fecha y tendr\u00e1 &#8220;D\/S&#8221;. Es la abreviatura de &#8220;Duraci\u00f3n del estatus&#8221;. En otras palabras, si su fecha de admisi\u00f3n hasta es &#8220;D\/S&#8221;, entonces expira cuando expira el estado de su visa. Para el resto de viajeros, tendr\u00e1 una fecha concreta que se indica. Puedes ver un ejemplo <a href=\"https:\/\/www.cbp.gov\/sites\/default\/files\/documents\/502386%20-%20I-94%20Fact%20Sheet_OFO.pdf\">aqu\u00ed<\/a>.<\/p>\n<h3><strong><em>\u00bfCBP registra mi salida?<\/em><\/strong><\/h3>\n<p>Si tiene un I-94 electr\u00f3nico, su salida se registrar\u00e1 si sale por tierra o ferry y vuelve a ingresar a los Estados Unidos antes de la fecha de vencimiento marcada en su I-94. Si sale por mar o aire, su salida se registrar\u00e1 electr\u00f3nicamente mediante la informaci\u00f3n del manifiesto proporcionada por el transportista que est\u00e1 utilizando o por CBP.<\/p>\n<p>Si tiene un Formulario I-94 en papel y sale por tierra o ferry, debe entregar el formulario a la Agencia de Servicios Fronterizos de Canad\u00e1 o a CBP si est\u00e1 a punto de ingresar a M\u00e9xico. Es crucial que no olvide entregar un I-94 en papel cuando salga del pa\u00eds porque as\u00ed es como los EE. UU. rastrear\u00e1n su salida y sabr\u00e1n que se fue antes de que expirara su visa.<\/p>\n<h3><strong><em>\u00bfQu\u00e9 pasa si fui admitido incorrectamente en mi I-94?<\/em><\/strong><\/h3>\n<p>Si su admisi\u00f3n fue marcada incorrectamente, debe consultar a un abogado y visitar un sitio local de inspecci\u00f3n diferida de CBP para que su admisi\u00f3n sea corregida y registrada correctamente. Dado que puede usar sus registros de viaje I-94 para muchos prop\u00f3sitos de inmigraci\u00f3n, es importante que todo est\u00e9 documentado correctamente.<\/p>\n<h2>Abogados de Inmigraci\u00f3n de Texas<\/h2>\n<p>Si tiene preguntas sobre su documento de llegada y salida I-94, lo mejor es consultar con un abogado de inmigraci\u00f3n. Recuerde que las personas que buscan otras visas suelen utilizar un I-94 en el futuro, por lo que es importante que los viajeros consideren lo que podr\u00edan significar sus formularios I-94 m\u00e1s adelante. Davis &amp; Associates cuenta <a href=\"https:\/\/gldlaw.com\/es\">\u00a0con abogados de inmigraci\u00f3n altamente calificados en Texas, <\/a>por lo que si necesita a alguien en quien pueda confiar, comun\u00edquese con nosotros hoy.<\/p>\n\t<h2>Haga Clic Hoy Para Su Consulta Gratis<\/h2>\n\t\t\t<a href=\"https:\/\/gldlaw.com\/es\/contacto\/\" target=\"_self\">\n\t\t\t\t\t\t\tOprima Aqu\u00ed\n\t\t\t\t\t<\/a>\n\n","protected":false},"excerpt":{"rendered":"<p>Ayuda Legal para el Formulario I-94 en Texas \u00bfQu\u00e9 es un Formulario I-94? El Formulario I-94 es el registro de llegadas y salidas del Departamento de Seguridad Nacional, tambi\u00e9n conocido como Tarjeta de Registro de Llegada\/Salida. Se emite a las personas que son admitidas en los Estados Unidos, a las personas que est\u00e1n ajustando su&hellip;<\/p>\n","protected":false},"author":5,"featured_media":0,"parent":3409,"menu_order":0,"comment_status":"closed","ping_status":"closed","template":"","meta":{"_monsterinsights_skip_tracking":false,"_monsterinsights_sitenote_active":false,"_monsterinsights_sitenote_note":"","_monsterinsights_sitenote_category":0,"footnotes":""},"class_list":["post-10778","page","type-page","status-publish","hentry"],"yoast_head":"<!-- This site is optimized with the Yoast SEO plugin v27.6 - https:\/\/yoast.com\/product\/yoast-seo-wordpress\/ -->\n<title>\u00bfQu\u00e9 es un Formulario I-94? | Proceso de Solicitud<\/title>\n<meta name=\"description\" content=\"El Formulario I-94 es el registro de llegadas y salidas del Departamento de Seguridad Nacional, tambi\u00e9n conocido como tarjeta...\" \/>\n<meta name=\"robots\" content=\"index, follow, max-snippet:-1, max-image-preview:large, max-video-preview:-1\" \/>\n<link rel=\"canonical\" href=\"https:\/\/gldlaw.com\/es\/inmigracion\/formulario-i-94\/\" \/>\n<meta property=\"og:locale\" content=\"es_MX\" \/>\n<meta property=\"og:type\" content=\"article\" \/>\n<meta property=\"og:title\" content=\"\u00bfQu\u00e9 es un Formulario I-94? | Proceso de Solicitud\" \/>\n<meta property=\"og:description\" content=\"El Formulario I-94 es el registro de llegadas y salidas del Departamento de Seguridad Nacional, tambi\u00e9n conocido como tarjeta...\" \/>\n<meta property=\"og:url\" content=\"https:\/\/gldlaw.com\/es\/inmigracion\/formulario-i-94\/\" \/>\n<meta property=\"og:site_name\" content=\"Davis &amp; Associates\" \/>\n<meta property=\"article:publisher\" content=\"https:\/\/www.facebook.com\/GLDavisandAssociates\/\" \/>\n<meta property=\"article:modified_time\" content=\"2025-04-14T16:21:36+00:00\" \/>\n<meta property=\"og:image\" content=\"https:\/\/gldlaw.com\/wp-content\/uploads\/2024\/01\/Preguntas-frecuentes-sobre-reducciones-y-exenciones-de-tarifas-de-USCIS.jpeg\" \/>\n<meta name=\"twitter:card\" content=\"summary_large_image\" \/>\n<meta name=\"twitter:site\" content=\"@GLD_Law\" \/>\n<meta name=\"twitter:label1\" content=\"Tiempo de lectura\" \/>\n\t<meta name=\"twitter:data1\" content=\"4 minutos\" \/>\n<script type=\"application\/ld+json\" class=\"yoast-schema-graph\">{\"@context\":\"https:\\\/\\\/schema.org\",\"@graph\":[{\"@type\":\"WebPage\",\"@id\":\"https:\\\/\\\/gldlaw.com\\\/es\\\/inmigracion\\\/formulario-i-94\\\/\",\"url\":\"https:\\\/\\\/gldlaw.com\\\/es\\\/inmigracion\\\/formulario-i-94\\\/\",\"name\":\"\u00bfQu\u00e9 es un Formulario I-94? | Proceso de Solicitud\",\"isPartOf\":{\"@id\":\"https:\\\/\\\/gldlaw.com\\\/es\\\/#website\"},\"primaryImageOfPage\":{\"@id\":\"https:\\\/\\\/gldlaw.com\\\/es\\\/inmigracion\\\/formulario-i-94\\\/#primaryimage\"},\"image\":{\"@id\":\"https:\\\/\\\/gldlaw.com\\\/es\\\/inmigracion\\\/formulario-i-94\\\/#primaryimage\"},\"thumbnailUrl\":\"https:\\\/\\\/gldlaw.com\\\/wp-content\\\/uploads\\\/2024\\\/01\\\/Preguntas-frecuentes-sobre-reducciones-y-exenciones-de-tarifas-de-USCIS.jpeg\",\"datePublished\":\"2024-01-24T21:33:23+00:00\",\"dateModified\":\"2025-04-14T16:21:36+00:00\",\"description\":\"El Formulario I-94 es el registro de llegadas y salidas del Departamento de Seguridad Nacional, tambi\u00e9n conocido como tarjeta...\",\"breadcrumb\":{\"@id\":\"https:\\\/\\\/gldlaw.com\\\/es\\\/inmigracion\\\/formulario-i-94\\\/#breadcrumb\"},\"inLanguage\":\"es\",\"potentialAction\":[{\"@type\":\"ReadAction\",\"target\":[\"https:\\\/\\\/gldlaw.com\\\/es\\\/inmigracion\\\/formulario-i-94\\\/\"]}]},{\"@type\":\"ImageObject\",\"inLanguage\":\"es\",\"@id\":\"https:\\\/\\\/gldlaw.com\\\/es\\\/inmigracion\\\/formulario-i-94\\\/#primaryimage\",\"url\":\"https:\\\/\\\/gldlaw.com\\\/wp-content\\\/uploads\\\/2024\\\/01\\\/Preguntas-frecuentes-sobre-reducciones-y-exenciones-de-tarifas-de-USCIS.jpeg\",\"contentUrl\":\"https:\\\/\\\/gldlaw.com\\\/wp-content\\\/uploads\\\/2024\\\/01\\\/Preguntas-frecuentes-sobre-reducciones-y-exenciones-de-tarifas-de-USCIS.jpeg\"},{\"@type\":\"BreadcrumbList\",\"@id\":\"https:\\\/\\\/gldlaw.com\\\/es\\\/inmigracion\\\/formulario-i-94\\\/#breadcrumb\",\"itemListElement\":[{\"@type\":\"ListItem\",\"position\":1,\"name\":\"Home\",\"item\":\"https:\\\/\\\/gldlaw.com\\\/es\\\/\"},{\"@type\":\"ListItem\",\"position\":2,\"name\":\"Areas de Pr\u00e1ctica\",\"item\":\"https:\\\/\\\/gldlaw.com\\\/es\\\/inmigracion\\\/\"},{\"@type\":\"ListItem\",\"position\":3,\"name\":\"Formulario I-94\"}]},{\"@type\":\"WebSite\",\"@id\":\"https:\\\/\\\/gldlaw.com\\\/es\\\/#website\",\"url\":\"https:\\\/\\\/gldlaw.com\\\/es\\\/\",\"name\":\"Davis &amp; Associates\",\"description\":\"Dallas \\\/ Fort Worth Immigration Attorney\",\"potentialAction\":[{\"@type\":\"SearchAction\",\"target\":{\"@type\":\"EntryPoint\",\"urlTemplate\":\"https:\\\/\\\/gldlaw.com\\\/es\\\/?s={search_term_string}\"},\"query-input\":{\"@type\":\"PropertyValueSpecification\",\"valueRequired\":true,\"valueName\":\"search_term_string\"}}],\"inLanguage\":\"es\"}]}<\/script>\n<!-- \/ Yoast SEO plugin. -->","yoast_head_json":{"title":"\u00bfQu\u00e9 es un Formulario I-94? | Proceso de Solicitud","description":"El Formulario I-94 es el registro de llegadas y salidas del Departamento de Seguridad Nacional, tambi\u00e9n conocido como tarjeta...","robots":{"index":"index","follow":"follow","max-snippet":"max-snippet:-1","max-image-preview":"max-image-preview:large","max-video-preview":"max-video-preview:-1"},"canonical":"https:\/\/gldlaw.com\/es\/inmigracion\/formulario-i-94\/","og_locale":"es_MX","og_type":"article","og_title":"\u00bfQu\u00e9 es un Formulario I-94? | Proceso de Solicitud","og_description":"El Formulario I-94 es el registro de llegadas y salidas del Departamento de Seguridad Nacional, tambi\u00e9n conocido como tarjeta...","og_url":"https:\/\/gldlaw.com\/es\/inmigracion\/formulario-i-94\/","og_site_name":"Davis &amp; Associates","article_publisher":"https:\/\/www.facebook.com\/GLDavisandAssociates\/","article_modified_time":"2025-04-14T16:21:36+00:00","og_image":[{"url":"https:\/\/gldlaw.com\/wp-content\/uploads\/2024\/01\/Preguntas-frecuentes-sobre-reducciones-y-exenciones-de-tarifas-de-USCIS.jpeg","type":"","width":"","height":""}],"twitter_card":"summary_large_image","twitter_site":"@GLD_Law","twitter_misc":{"Tiempo de lectura":"4 minutos"},"schema":{"@context":"https:\/\/schema.org","@graph":[{"@type":"WebPage","@id":"https:\/\/gldlaw.com\/es\/inmigracion\/formulario-i-94\/","url":"https:\/\/gldlaw.com\/es\/inmigracion\/formulario-i-94\/","name":"\u00bfQu\u00e9 es un Formulario I-94? | Proceso de Solicitud","isPartOf":{"@id":"https:\/\/gldlaw.com\/es\/#website"},"primaryImageOfPage":{"@id":"https:\/\/gldlaw.com\/es\/inmigracion\/formulario-i-94\/#primaryimage"},"image":{"@id":"https:\/\/gldlaw.com\/es\/inmigracion\/formulario-i-94\/#primaryimage"},"thumbnailUrl":"https:\/\/gldlaw.com\/wp-content\/uploads\/2024\/01\/Preguntas-frecuentes-sobre-reducciones-y-exenciones-de-tarifas-de-USCIS.jpeg","datePublished":"2024-01-24T21:33:23+00:00","dateModified":"2025-04-14T16:21:36+00:00","description":"El Formulario I-94 es el registro de llegadas y salidas del Departamento de Seguridad Nacional, tambi\u00e9n conocido como tarjeta...","breadcrumb":{"@id":"https:\/\/gldlaw.com\/es\/inmigracion\/formulario-i-94\/#breadcrumb"},"inLanguage":"es","potentialAction":[{"@type":"ReadAction","target":["https:\/\/gldlaw.com\/es\/inmigracion\/formulario-i-94\/"]}]},{"@type":"ImageObject","inLanguage":"es","@id":"https:\/\/gldlaw.com\/es\/inmigracion\/formulario-i-94\/#primaryimage","url":"https:\/\/gldlaw.com\/wp-content\/uploads\/2024\/01\/Preguntas-frecuentes-sobre-reducciones-y-exenciones-de-tarifas-de-USCIS.jpeg","contentUrl":"https:\/\/gldlaw.com\/wp-content\/uploads\/2024\/01\/Preguntas-frecuentes-sobre-reducciones-y-exenciones-de-tarifas-de-USCIS.jpeg"},{"@type":"BreadcrumbList","@id":"https:\/\/gldlaw.com\/es\/inmigracion\/formulario-i-94\/#breadcrumb","itemListElement":[{"@type":"ListItem","position":1,"name":"Home","item":"https:\/\/gldlaw.com\/es\/"},{"@type":"ListItem","position":2,"name":"Areas de Pr\u00e1ctica","item":"https:\/\/gldlaw.com\/es\/inmigracion\/"},{"@type":"ListItem","position":3,"name":"Formulario I-94"}]},{"@type":"WebSite","@id":"https:\/\/gldlaw.com\/es\/#website","url":"https:\/\/gldlaw.com\/es\/","name":"Davis &amp; Associates","description":"Dallas \/ Fort Worth Immigration Attorney","potentialAction":[{"@type":"SearchAction","target":{"@type":"EntryPoint","urlTemplate":"https:\/\/gldlaw.com\/es\/?s={search_term_string}"},"query-input":{"@type":"PropertyValueSpecification","valueRequired":true,"valueName":"search_term_string"}}],"inLanguage":"es"}]}},"_links":{"self":[{"href":"https:\/\/gldlaw.com\/es\/wp-json\/wp\/v2\/pages\/10778","targetHints":{"allow":["GET"]}}],"collection":[{"href":"https:\/\/gldlaw.com\/es\/wp-json\/wp\/v2\/pages"}],"about":[{"href":"https:\/\/gldlaw.com\/es\/wp-json\/wp\/v2\/types\/page"}],"author":[{"embeddable":true,"href":"https:\/\/gldlaw.com\/es\/wp-json\/wp\/v2\/users\/5"}],"replies":[{"embeddable":true,"href":"https:\/\/gldlaw.com\/es\/wp-json\/wp\/v2\/comments?post=10778"}],"version-history":[{"count":4,"href":"https:\/\/gldlaw.com\/es\/wp-json\/wp\/v2\/pages\/10778\/revisions"}],"predecessor-version":[{"id":12138,"href":"https:\/\/gldlaw.com\/es\/wp-json\/wp\/v2\/pages\/10778\/revisions\/12138"}],"up":[{"embeddable":true,"href":"https:\/\/gldlaw.com\/es\/wp-json\/wp\/v2\/pages\/3409"}],"wp:attachment":[{"href":"https:\/\/gldlaw.com\/es\/wp-json\/wp\/v2\/media?parent=10778"}],"curies":[{"name":"wp","href":"https:\/\/api.w.org\/{rel}","templated":true}]}}