{"id":3350,"date":"2016-09-08T16:29:24","date_gmt":"2016-09-08T16:29:24","guid":{"rendered":"https:\/\/gldlaw.com\/home-copy\/"},"modified":"2025-10-07T15:02:30","modified_gmt":"2025-10-07T20:02:30","slug":"inicio","status":"publish","type":"page","link":"https:\/\/gldlaw.com\/es\/","title":{"rendered":"Inicio"},"content":{"rendered":"\r\n\r\n\t\t\t\t<a href=\"https:\/\/gldlaw.com\/es\/contacto\/\" target=\"_self\" itemprop=\"url\" rel=\"noopener\">\r\n\t\t\t\t<img loading=\"lazy\" decoding=\"async\" src=\"https:\/\/gldlaw.com\/wp-content\/uploads\/2022\/09\/Davis-Associates-Bufete-de-abogados-de-inmigracio\u0301n-en-Dallas-y-Houston-TX-1.png\" alt=\"Davis &amp; Associates - Bufete de abogados de inmigracio\u0301n en Dallas y Houston TX\" itemprop=\"image\" height=\"862\" width=\"2048\" title=\"Davis &amp; Associates - Bufete de abogados de inmigracio\u0301n en Dallas y Houston TX\" onerror=\"this.style.display='none'\"  \/>\r\n\t\t\t\t<\/a>\r\n\t<h4><strong>NUESTRA GARANT\u00cdA<\/strong><\/h4>\r\n<p>Nuestra misi\u00f3n es proporcionar a los abogados de inmigraci\u00f3n m\u00e1s competentes y al mejor precio posible.<\/p>\r\n\t<h4>EQUIPO DE CLASE MUNDIAL<\/h4>\r\n<p>Nuestro equipo y sus credenciales verdaderamente apoyan los valiosos recursos que ofrecemos a nuestros clientes.<\/p>\r\n\t<h4>ENFOQUE TOTAL DEL CLIENTE<\/h4>\r\n<p>Nuestros clientes van desde\u00a0empresas\u00a0de tama\u00f1o medio\u00a0a\u00a0familias individuales a lo largo de Texas\u00a0y m\u00e1s all\u00e1.<\/p>\r\n\t<h4>EXPERIENCIA REAL<\/h4>\r\n<p>Nuestra pr\u00e1ctica\u00a0se centra exclusivamente en los servicios legales\u00a0de inmigraci\u00f3n\u00a0de\u00a0la m\u00e1s alta calidad y\u00a0compromiso.<\/p>\r\n\t<h2>Haga Clic Hoy Para Su Consulta Gratis<\/h2>\r\n\t\t\t<a href=\"https:\/\/gldlaw.com\/es\/contacto\/\" target=\"_self\" rel=\"noopener\">\r\n\t\t\t\t\t\t\tOprima Aqu\u00ed\r\n\t\t\t\t\t<\/a>\r\n\t<h1><a href=\"https:\/\/gldlaw.com\/es\/inmigracion\/\">\u00c1REAS DE INMIGRACI\u00d3N<\/a><\/h1>\r\n<p>Encabezada por Garry Davis, nuestro fundador y socio gerente, quien est\u00e1 certificado por la Junta de Especializaci\u00f3n Legal de Texas, la pr\u00e1ctica de la ley de inmigraci\u00f3n se centra exclusivamente en proporcionar servicios legales de inmigraci\u00f3n de la m\u00e1s alta calidad con un compromiso inquebrantable con la capacidad de respuesta y el servicio ejemplar.<\/p>\r\n\t<p>Los ciudadanos y residentes permanentes de los Estados Unidos tienen la capacidad de solicitar al gobierno federal una visa de inmigrante para ciertos miembros de la familia. Los ciudadanos estadounidenses pueden solicitar m\u00e1s categor\u00edas como <a href=\"https:\/\/gldlaw.com\/es\/inmigracion\/inmigracion-familiar\/matrimonio-con-tarjeta-verde\/\">el matrimonio con tarjeta verde<\/a>, <a href=\"https:\/\/gldlaw.com\/es\/inmigracion\/inmigracion-familiar\/visas-de-prometido-k-1\/\">las visas de prometido K-1, las visas<\/a> <a href=\"https:\/\/gldlaw.com\/es\/inmigracion\/inmigracion-familiar\/guia-de-visas-k-3\/\">K-3<\/a> y \u00a0las <a href=\"https:\/\/gldlaw.com\/es\/inmigracion\/inmigracion-familiar\/tarjetas-de-residencia-para-matrimonio-del-mismo-sexo\/\">tarjetas verdes de matrimonio entre personas del mismo sexo<\/a>. Para las personas que desean saber c\u00f3mo se puede obtener una visa de inmigrante (tambi\u00e9n conocida como residencia permanente o &#8220;tarjeta verde&#8221;) a trav\u00e9s de un miembro de la familia.\u00a0\u00a0<a href=\"https:\/\/gldlaw.com\/es\/inmigracion\/inmigracion-familiar\/\">M\u00e1s informaci\u00f3n \u00bb<\/a><\/p>\r\n\t<p>Los ciudadanos y residentes permanentes de los Estados Unidos tienen la capacidad de solicitar al gobierno federal una visa de inmigrante para ciertos miembros de la familia que corren el riesgo de ser deportados de los Estados Unidos. Los ciudadanos estadounidenses pueden solicitar m\u00e1s categor\u00edas de miembros de la familia. Nuestra pr\u00e1ctica de deportaci\u00f3n ayuda a las personas y familias a navegar los desaf\u00edos del procesamiento de deportaci\u00f3n, incluidos los <a href=\"https:\/\/gldlaw.com\/es\/descripcion-de-los-procedimientos-de-remocion-y-por-que-deberia-contratar-un-abogado-de-deportacion\/\">procedimientos de deportaci\u00f3n<\/a> y <a href=\"https:\/\/gldlaw.com\/es\/inmigracion\/abogados-de-apelaciones-de-inmigracion-de-texas\/\">las apelaciones<\/a>. \u00a1Podemos ayudarte!\u00a0<a href=\"https:\/\/gldlaw.com\/es\/inmigracion\/deportacion\/\">M\u00e1s informaci\u00f3n \u00bb<\/a><\/p>\r\n\t<p>Las leyes federales de inmigraci\u00f3n permiten varias formas para que un no ciudadano de los Estados Unidos se convierta en residente permanente. Hay una <a href=\"https:\/\/gldlaw.com\/es\/una-sopa-de-letras-de-visas-temporales\/\">variedad de visas<\/a> que sirven como un camino hacia la residencia o simplemente como una forma de visitar los Estados Unidos (<a href=\"https:\/\/gldlaw.com\/es\/una-sopa-de-letras-de-visas-temporales\/\">visas de turista<\/a>, como la <a href=\"https:\/\/gldlaw.com\/es\/inmigracion\/visas\/b-1b-2-visas\/\">visa B-1, la visa<\/a> <a href=\"https:\/\/gldlaw.com\/es\/inmigracion\/visas\/b-1b-2-visas\/\">B-2<\/a>, <a href=\"https:\/\/gldlaw.com\/es\/inmigracion\/visas\/visa-f-1\/\">las visas F-1 para estudiantes<\/a>, \u00a0la <a href=\"https:\/\/gldlaw.com\/es\/inmigracion\/visas\/visa-f-1-tarjeta-de-residencia\/\">visa F-1 a la tarjeta verde<\/a>) y <a href=\"https:\/\/gldlaw.com\/es\/inmigracion\/visas\/visa-j-1\/\">las visas J-1<\/a>. Podemos ayudarlo con el proceso de solicitud de visa y apelaci\u00f3n, represent\u00e1ndolo y ayud\u00e1ndolo a guiarlo a trav\u00e9s del complicado proceso legal. \u00bfNecesita ayuda con <a href=\"https:\/\/gldlaw.com\/es\/inmigracion\/deportacion\/\">los procedimientos de deportaci\u00f3n<\/a>, <a href=\"https:\/\/gldlaw.com\/es\/inmigracion\/abogados-de-apelaciones-de-inmigracion-de-texas\/\">apelaciones de inmigraci\u00f3n<\/a>, peticiones de visa de inmigrante, peticiones de visa de no inmigrante, cambio de estatus, ajuste de estatus, <a href=\"https:\/\/gldlaw.com\/es\/proceso-de-procesamiento-consular\/\">procesamiento de visas consulares<\/a>, \u00f3rdenes de mandamus y \u00f3rdenes de habeus corpus en la corte federal, <a href=\"https:\/\/gldlaw.com\/immigration\/asylum\/\">asilo pol\u00edtico<\/a>, ley de violencia contra la mujer, trabajadores religiosos inmigrantes especiales y exenciones? \u00a0<a href=\"https:\/\/gldlaw.com\/es\/inmigracion\/visas\/\">M\u00e1s informaci\u00f3n \u00bb<\/a><\/p>\r\n\t<p>Ayudamos tanto a las empresas con consultor\u00eda y servicios de inmigraci\u00f3n, como a aquellas personas que solicitan <a href=\"https:\/\/gldlaw.com\/es\/inmigracion\/la-inmigracion-de-negocios\/\">visas de trabajo<\/a>. Los empleadores y su personal de recursos humanos deben equilibrar los requisitos para contratar solo a aquellos autorizados a trabajar con los requisitos de igual protecci\u00f3n de la Constituci\u00f3n y las leyes federales y estatales. Los empleadores pueden presentar una <a href=\"https:\/\/gldlaw.com\/es\/inmigracion\/la-inmigracion-de-negocios\/h-1b-employment-visa\/\">petici\u00f3n H-1B<\/a> para contratar a un trabajador H-1B. Una persona tambi\u00e9n puede solicitar una visa de inversionista o una visa <a href=\"https:\/\/gldlaw.com\/es\/inmigracion\/la-inmigracion-de-negocios\/eb-5-visa-de-inversionista\/\">de creaci\u00f3n de empleo EB-5<\/a>. Otros tipos populares de visas basadas en el empleo incluyen: <a href=\"https:\/\/gldlaw.com\/dallas\/business-immigration\/eb-5-investor-visa\/\">Visa de Creaci\u00f3n de Empleo Eb-5<\/a>, <a href=\"https:\/\/gldlaw.com\/es\/inmigracion\/la-inmigracion-de-negocios\/visa-l-1\/\">Visa L-1<\/a>, <a href=\"https:\/\/gldlaw.com\/es\/inmigracion\/la-inmigracion-de-negocios\/visas-l-1b\/\">Visas L-1B<\/a>,<a href=\"https:\/\/gldlaw.com\/es\/inmigracion\/la-inmigracion-de-negocios\/visas-p1\/\"> Visas P-1<\/a> para Atletismo y Artistas, <a href=\"https:\/\/gldlaw.com\/es\/inmigracion\/la-inmigracion-de-negocios\/guia-de-visas-o-1\/\">Visas O-1 <\/a>para visas de no inmigrante, <a href=\"https:\/\/gldlaw.com\/es\/inmigracion\/la-inmigracion-de-negocios\/visa-e-1\/\">Visa E-1<\/a>, \u00a0Visa <a href=\"https:\/\/gldlaw.com\/es\/inmigracion\/la-inmigracion-de-negocios\/visado-e-2\/\">E-2 para Inversionistas de<\/a> Tratados, <a href=\"https:\/\/gldlaw.com\/es\/inmigracion\/la-inmigracion-de-negocios\/visas-eb-1\/\">Visa EB-1<\/a>, <a href=\"https:\/\/gldlaw.com\/es\/inmigracion\/la-inmigracion-de-negocios\/visa-h-4\/\">Visa H-4<\/a> y\u00a0<a href=\"https:\/\/gldlaw.com\/es\/inmigracion\/visas\/visa-j-1\/\">Visa J-1<\/a> y <a href=\"https:\/\/gldlaw.com\/es\/inmigracion\/la-inmigracion-de-negocios\/tn-visas-for-nafta-professionals\/\">Visas TN<\/a> para M\u00e9xico y Canad\u00e1. \u00a1Podemos ayudar con todos ellos!\u00a0<a href=\"https:\/\/gldlaw.com\/es\/inmigracion\/la-inmigracion-de-negocios\/\">M\u00e1s informaci\u00f3n \u00bb<\/a><\/p>\r\n\t<p>Navegar por las peligrosas aguas de la Ley de Inmigraci\u00f3n de los Estados Unidos se est\u00e1 volviendo cada vez m\u00e1s dif\u00edcil para los empleadores. Los puertos seguros que una vez estuvieron en su lugar para proteger a los empleadores de las consecuencias de la contrataci\u00f3n de trabajadores no autorizados no son lo que alguna vez fueron.\u00a0<a href=\"https:\/\/gldlaw.com\/es\/inmigracion\/la-inmigracion-de-negocios\/\">Nuestros experimentados abogados de inmigraci\u00f3n de negocios asesoran<\/a> a empresas de todos los tama\u00f1os en temas de cumplimiento del empleador, y ofrecen servicios de auditor\u00eda y educaci\u00f3n para minimizar su exposici\u00f3n a demandas por discriminaci\u00f3n y auditor\u00edas por parte del gobierno. Tambi\u00e9n ayudamos a las empresas a conseguir trabajadores que ingresen legalmente al pa\u00eds a trav\u00e9s de visas de empleo.\u00a0<a href=\"https:\/\/gldlaw.com\/es\/inmigracion\/la-inmigracion-de-negocios\/\">M\u00e1s informaci\u00f3n \u00bb<\/a><\/p>\r\n\t<p>Cuando una persona no est\u00e1 de acuerdo con el fallo del juez de inmigraci\u00f3n al concluir su procedimiento de deportaci\u00f3n, puede apelar la decisi\u00f3n ante la Junta de Apelaciones de Inmigraci\u00f3n en Falls Church, VA. Representamos a nuestros clientes a trav\u00e9s de este complicado proceso. Perm\u00edtanos ayudarle con su:<\/p>\r\n<p>Denegaci\u00f3n de asilo<\/p>\r\n<p><a href=\"https:\/\/gldlaw.com\/es\/inmigracion\/deportacion\/\">Caso de deportaci\u00f3n<\/a><\/p>\r\n<p><a href=\"https:\/\/gldlaw.com\/es\/inmigracion\/ciudadania-y-naturalizacion\/\">Negaci\u00f3n de ciudadan\u00eda\/naturalizaci\u00f3n<\/a><\/p>\r\n<p><a href=\"https:\/\/gldlaw.com\/es\/inmigracion\/tarjeta-verdes\/\">Denegaci\u00f3n de la tarjeta verde<\/a><\/p>\r\n<p><a href=\"https:\/\/gldlaw.com\/es\/inmigracion\/abogados-de-apelaciones-de-inmigracion-de-texas\/\">M\u00e1s informaci\u00f3n \u00bb<\/a><\/p>\r\n\t\t\t<a href=\"https:\/\/gldlaw.com\/es\/presentacion-de-la-oficina\/\" target=\"_self\" rel=\"noopener\">\r\n\t\t\t\t\t\t\tAPRENDE M\u00c1S\r\n\t\t\t\t\t<\/a>\r\n\t<h2><strong>CONOCE GARRY DAVIS &#8211; CONSEJO DE ADMINISTRACI\u00d3N DE INMIGRACI\u00d3N CERTIFICADA<\/strong><\/h2>\r\n<p>En Davis &amp; Asociados, entendemos TODAS las opciones de inmigraci\u00f3n disponibles para usted, y nuestro abogado de inmigraci\u00f3n de Dallas Garry Davis y su equipo pueden ayudarle a resolver su problema de la manera m\u00e1s accesible, con la mayor probabilidad de \u00e9xito.<\/p>\r\n\t\t\t\t<a href=\"https:\/\/gldlaw.com\/es\/garry-davis\/\" target=\"_self\" itemprop=\"url\" rel=\"noopener\">\r\n\t\t\t\t<img loading=\"lazy\" decoding=\"async\" src=\"https:\/\/gldlaw.com\/wp-content\/uploads\/2019\/10\/IMG_6546-1-200x300.jpg\" alt=\"IMG_6546\" itemprop=\"image\" height=\"300\" width=\"200\" title=\"IMG_6546\" onerror=\"this.style.display='none'\"  \/>\r\n\t\t\t\t<\/a>\r\n\t<h3>GARRY DAVIS<\/h3>\r\n<h5>Abogado de Inmigraci\u00f3n<\/h5>\r\n<p>Como abogado de inmigraci\u00f3n en Dallas, Texas, Garry Davis pr\u00e1ctica la ley de inmigraci\u00f3n exclusivamente. Su experiencia abarca todas las \u00e1reas de la ley de inmigraci\u00f3n, con especial \u00e9nfasis en defensa de deportaci\u00f3n, inmigraci\u00f3n de empleo, inmigraci\u00f3n de inversiones, inmigraci\u00f3n familiar, apelaciones y litigios en tribunales federales.<\/p>\r\n\t\t\t<a href=\"https:\/\/gldlaw.com\/garry-davis\/\" target=\"_self\" rel=\"noopener\">\r\n\t\t\t\t\t\t\tAPRENDE M\u00c1S\r\n\t\t\t\t\t<\/a>\r\n\t<h2>TESTIMONIOS DE CLIENTES<br \/>\r\n<\/h2>\r\n<p>Nuestra misi\u00f3n es proporcionar a los abogados de inmigraci\u00f3n m\u00e1s competentes disponibles al mejor precio. Nuestro objetivo es mantener a las familias juntas y negocios funcionando con eficacia y eficiencia. Nuestra esperanza es que cuando nuestro contrato llega a su fin, nuestros clientes se sientan c\u00f3modos recomendando amigos, familiares y colegas a nuestra oficina para asistencia con su caso de inmigraci\u00f3n en el futuro.<\/p>\r\n\t<h5>KARLA SANTIAGO<\/h5>\r\n<p>Mi experiencia con Davis &amp; Asociados fue excelente, toda la gente que trabaja all\u00ed fue muy servicial conmigo y estuvieron siempre respondiendo a mis preguntas. Nos ayudaron con el proceso de nuestro caso, Davis &amp; Asociados realmente sabe lo que est\u00e1 haciendo, visite a diez abogados de inmigraci\u00f3n y todos eran una estafa! Les recomiendo que vayan con Davis &amp; Asociados con sus problemas de inmigraci\u00f3n. \u00a1Son honestos y razonables, son los mejores!<\/p>\r\n\t<h5>SHAHI BANDANA<\/h5>\r\n<p>Yo m\u00e1s que nadie sabe que yo hice lo correcto al elegir a Davis &amp; Asociados. Soy en verdad un cliente muy satisfecho. Garry Davis es muy honesto, eficaz, accesible y sobre todo es como una familia. Tengo mi tarjeta de residencia gracias a Garry Davis. Hubo un tiempo cuando estuve fuera del pa\u00eds y necesitaba su consejo, Garry Davis se tom\u00f3 el tiempo para proporcionarme la informaci\u00f3n requerida a pesar de la diferencia en el horario. Aprecio mucho su servicio. Lo estoy recomendando a todo el mundo. Gracias otra vez.<\/p>\r\n\t<h5>MASIEL OLIVA<\/h5>\r\n<p>Gracias chicos por todo su gran trabajo. Mi esposa y yo estuvimos muy satisfechos con sus servicios y no podr\u00edamos haber elegido un mejor equipo para llevar nuestro caso. Sin duda referimos a Davis &amp; Asociados a nuestra familia y amigos. El proceso fue muy sencillo y accesible. \u00a1Gracias de nuevo!<\/p>\r\n\t<h5>MUHAMMAD MOTIWALA<\/h5>\r\n<p>El Sr. Garry Davis es sin duda, un abogado incre\u00edble. Por encima de todo, es un muy buen oyente que es una ventaja para sus clientes y tiene una personalidad incre\u00edble y est\u00e1 dispuesto a ayudar a la gente. Estoy m\u00e1s que feliz de tratar s\u00f3lo con el Sr. Davis con los ojos cerrados en todo momento.<\/p>\r\n\t<h2>Haga click hoy para su consulta gratis<\/h2>\r\n\t\t\t<a href=\"https:\/\/gldlaw.com\/es\/contacto\/\" target=\"_self\" rel=\"noopener\">\r\n\t\t\t\t\t\t\tOprima Aqu\u00ed\r\n\t\t\t\t\t<\/a>\r\n\t<h2><strong>\u00daLTIMAS NOTICIAS DE LEYES DE INMIGRACI\u00d3N Y ART\u00cdCULOS BLOG<\/strong><\/h2>\r\n<p>Mant\u00e9ngase al d\u00eda con nuestra oficina con noticias y los \u00faltimos avances en las leyes de inmigraci\u00f3n que hablan sobre inmigraci\u00f3n, familia, inmigraci\u00f3n de negocios, visas, deportaci\u00f3n y m\u00e1s.<\/p>\r\n\t\t\t<a href=\"https:\/\/gldlaw.com\/es\/noticias\/\" target=\"_self\" rel=\"noopener\">\r\n\t\t\t\t\t\t\tVISITA NUESTRO BLOG ley de inmigraci\u00f3n\r\n\t\t\t\t\t<\/a>\r\n\r\n","protected":false},"excerpt":{"rendered":"<p>NUESTRA GARANT\u00cdA Nuestra misi\u00f3n es proporcionar a los abogados de inmigraci\u00f3n m\u00e1s competentes y al mejor precio posible. EQUIPO DE CLASE MUNDIAL Nuestro equipo y sus credenciales verdaderamente apoyan los valiosos recursos que ofrecemos a nuestros clientes. ENFOQUE TOTAL DEL CLIENTE Nuestros clientes van desde\u00a0empresas\u00a0de tama\u00f1o medio\u00a0a\u00a0familias individuales a lo largo de Texas\u00a0y m\u00e1s all\u00e1.&hellip;<\/p>\n","protected":false},"author":18,"featured_media":0,"parent":0,"menu_order":0,"comment_status":"closed","ping_status":"closed","template":"","meta":{"_monsterinsights_skip_tracking":false,"_monsterinsights_sitenote_active":false,"_monsterinsights_sitenote_note":"","_monsterinsights_sitenote_category":0,"footnotes":""},"class_list":["post-3350","page","type-page","status-publish","hentry"],"yoast_head":"<!-- This site is optimized with the Yoast SEO plugin v27.3 - https:\/\/yoast.com\/product\/yoast-seo-wordpress\/ -->\n<title>Dallas Abogado de Inmigraci\u00f3n | Davis y Asociados<\/title>\n<meta name=\"description\" content=\"Dallas Abogado de Inmigraci\u00f3n. Programar una consulta gratis con Davis y Asociados.\" \/>\n<meta name=\"robots\" content=\"index, follow, max-snippet:-1, max-image-preview:large, max-video-preview:-1\" \/>\n<link rel=\"canonical\" href=\"https:\/\/gldlaw.com\/es\/\" \/>\n<meta property=\"og:locale\" content=\"es_MX\" \/>\n<meta property=\"og:type\" content=\"article\" \/>\n<meta property=\"og:title\" content=\"Dallas Abogado de Inmigraci\u00f3n | Davis y Asociados\" \/>\n<meta property=\"og:description\" content=\"Dallas Abogado de Inmigraci\u00f3n. Programar una consulta gratis con Davis y Asociados.\" \/>\n<meta property=\"og:url\" content=\"https:\/\/gldlaw.com\/es\/\" \/>\n<meta property=\"og:site_name\" content=\"Davis &amp; Associates\" \/>\n<meta property=\"article:publisher\" content=\"https:\/\/www.facebook.com\/GLDavisandAssociates\/\" \/>\n<meta property=\"article:modified_time\" content=\"2025-10-07T20:02:30+00:00\" \/>\n<meta property=\"og:image\" content=\"https:\/\/gldlaw.com\/wp-content\/uploads\/2019\/10\/IMG_6546-1-200x300.jpg\" \/>\n<meta name=\"twitter:card\" content=\"summary_large_image\" \/>\n<meta name=\"twitter:site\" content=\"@GLD_Law\" \/>\n<meta name=\"twitter:label1\" content=\"Tiempo de lectura\" \/>\n\t<meta name=\"twitter:data1\" content=\"11 minutos\" \/>\n<script type=\"application\/ld+json\" class=\"yoast-schema-graph\">{\"@context\":\"https:\\\/\\\/schema.org\",\"@graph\":[{\"@type\":\"WebPage\",\"@id\":\"https:\\\/\\\/gldlaw.com\\\/es\\\/\",\"url\":\"https:\\\/\\\/gldlaw.com\\\/es\\\/\",\"name\":\"Dallas Abogado de Inmigraci\u00f3n | Davis y Asociados\",\"isPartOf\":{\"@id\":\"https:\\\/\\\/gldlaw.com\\\/es\\\/#website\"},\"primaryImageOfPage\":{\"@id\":\"https:\\\/\\\/gldlaw.com\\\/es\\\/#primaryimage\"},\"image\":{\"@id\":\"https:\\\/\\\/gldlaw.com\\\/es\\\/#primaryimage\"},\"thumbnailUrl\":\"https:\\\/\\\/gldlaw.com\\\/wp-content\\\/uploads\\\/2019\\\/10\\\/IMG_6546-1-200x300.jpg\",\"datePublished\":\"2016-09-08T16:29:24+00:00\",\"dateModified\":\"2025-10-07T20:02:30+00:00\",\"description\":\"Dallas Abogado de Inmigraci\u00f3n. Programar una consulta gratis con Davis y Asociados.\",\"breadcrumb\":{\"@id\":\"https:\\\/\\\/gldlaw.com\\\/es\\\/#breadcrumb\"},\"inLanguage\":\"es\",\"potentialAction\":[{\"@type\":\"ReadAction\",\"target\":[\"https:\\\/\\\/gldlaw.com\\\/es\\\/\"]}]},{\"@type\":\"ImageObject\",\"inLanguage\":\"es\",\"@id\":\"https:\\\/\\\/gldlaw.com\\\/es\\\/#primaryimage\",\"url\":\"https:\\\/\\\/gldlaw.com\\\/wp-content\\\/uploads\\\/2019\\\/10\\\/IMG_6546-1-200x300.jpg\",\"contentUrl\":\"https:\\\/\\\/gldlaw.com\\\/wp-content\\\/uploads\\\/2019\\\/10\\\/IMG_6546-1-200x300.jpg\"},{\"@type\":\"BreadcrumbList\",\"@id\":\"https:\\\/\\\/gldlaw.com\\\/es\\\/#breadcrumb\",\"itemListElement\":[{\"@type\":\"ListItem\",\"position\":1,\"name\":\"Home\",\"item\":\"https:\\\/\\\/gldlaw.com\\\/es\\\/\"},{\"@type\":\"ListItem\",\"position\":2,\"name\":\"Inicio\"}]},{\"@type\":\"WebSite\",\"@id\":\"https:\\\/\\\/gldlaw.com\\\/es\\\/#website\",\"url\":\"https:\\\/\\\/gldlaw.com\\\/es\\\/\",\"name\":\"Davis &amp; Associates\",\"description\":\"Dallas \\\/ Fort Worth Immigration Attorney\",\"potentialAction\":[{\"@type\":\"SearchAction\",\"target\":{\"@type\":\"EntryPoint\",\"urlTemplate\":\"https:\\\/\\\/gldlaw.com\\\/es\\\/?s={search_term_string}\"},\"query-input\":{\"@type\":\"PropertyValueSpecification\",\"valueRequired\":true,\"valueName\":\"search_term_string\"}}],\"inLanguage\":\"es\"}]}<\/script>\n<!-- \/ Yoast SEO plugin. -->","yoast_head_json":{"title":"Dallas Abogado de Inmigraci\u00f3n | Davis y Asociados","description":"Dallas Abogado de Inmigraci\u00f3n. Programar una consulta gratis con Davis y Asociados.","robots":{"index":"index","follow":"follow","max-snippet":"max-snippet:-1","max-image-preview":"max-image-preview:large","max-video-preview":"max-video-preview:-1"},"canonical":"https:\/\/gldlaw.com\/es\/","og_locale":"es_MX","og_type":"article","og_title":"Dallas Abogado de Inmigraci\u00f3n | Davis y Asociados","og_description":"Dallas Abogado de Inmigraci\u00f3n. Programar una consulta gratis con Davis y Asociados.","og_url":"https:\/\/gldlaw.com\/es\/","og_site_name":"Davis &amp; Associates","article_publisher":"https:\/\/www.facebook.com\/GLDavisandAssociates\/","article_modified_time":"2025-10-07T20:02:30+00:00","og_image":[{"url":"https:\/\/gldlaw.com\/wp-content\/uploads\/2019\/10\/IMG_6546-1-200x300.jpg","type":"","width":"","height":""}],"twitter_card":"summary_large_image","twitter_site":"@GLD_Law","twitter_misc":{"Tiempo de lectura":"11 minutos"},"schema":{"@context":"https:\/\/schema.org","@graph":[{"@type":"WebPage","@id":"https:\/\/gldlaw.com\/es\/","url":"https:\/\/gldlaw.com\/es\/","name":"Dallas Abogado de Inmigraci\u00f3n | Davis y Asociados","isPartOf":{"@id":"https:\/\/gldlaw.com\/es\/#website"},"primaryImageOfPage":{"@id":"https:\/\/gldlaw.com\/es\/#primaryimage"},"image":{"@id":"https:\/\/gldlaw.com\/es\/#primaryimage"},"thumbnailUrl":"https:\/\/gldlaw.com\/wp-content\/uploads\/2019\/10\/IMG_6546-1-200x300.jpg","datePublished":"2016-09-08T16:29:24+00:00","dateModified":"2025-10-07T20:02:30+00:00","description":"Dallas Abogado de Inmigraci\u00f3n. Programar una consulta gratis con Davis y Asociados.","breadcrumb":{"@id":"https:\/\/gldlaw.com\/es\/#breadcrumb"},"inLanguage":"es","potentialAction":[{"@type":"ReadAction","target":["https:\/\/gldlaw.com\/es\/"]}]},{"@type":"ImageObject","inLanguage":"es","@id":"https:\/\/gldlaw.com\/es\/#primaryimage","url":"https:\/\/gldlaw.com\/wp-content\/uploads\/2019\/10\/IMG_6546-1-200x300.jpg","contentUrl":"https:\/\/gldlaw.com\/wp-content\/uploads\/2019\/10\/IMG_6546-1-200x300.jpg"},{"@type":"BreadcrumbList","@id":"https:\/\/gldlaw.com\/es\/#breadcrumb","itemListElement":[{"@type":"ListItem","position":1,"name":"Home","item":"https:\/\/gldlaw.com\/es\/"},{"@type":"ListItem","position":2,"name":"Inicio"}]},{"@type":"WebSite","@id":"https:\/\/gldlaw.com\/es\/#website","url":"https:\/\/gldlaw.com\/es\/","name":"Davis &amp; Associates","description":"Dallas \/ Fort Worth Immigration Attorney","potentialAction":[{"@type":"SearchAction","target":{"@type":"EntryPoint","urlTemplate":"https:\/\/gldlaw.com\/es\/?s={search_term_string}"},"query-input":{"@type":"PropertyValueSpecification","valueRequired":true,"valueName":"search_term_string"}}],"inLanguage":"es"}]}},"_links":{"self":[{"href":"https:\/\/gldlaw.com\/es\/wp-json\/wp\/v2\/pages\/3350","targetHints":{"allow":["GET"]}}],"collection":[{"href":"https:\/\/gldlaw.com\/es\/wp-json\/wp\/v2\/pages"}],"about":[{"href":"https:\/\/gldlaw.com\/es\/wp-json\/wp\/v2\/types\/page"}],"author":[{"embeddable":true,"href":"https:\/\/gldlaw.com\/es\/wp-json\/wp\/v2\/users\/18"}],"replies":[{"embeddable":true,"href":"https:\/\/gldlaw.com\/es\/wp-json\/wp\/v2\/comments?post=3350"}],"version-history":[{"count":22,"href":"https:\/\/gldlaw.com\/es\/wp-json\/wp\/v2\/pages\/3350\/revisions"}],"predecessor-version":[{"id":12374,"href":"https:\/\/gldlaw.com\/es\/wp-json\/wp\/v2\/pages\/3350\/revisions\/12374"}],"wp:attachment":[{"href":"https:\/\/gldlaw.com\/es\/wp-json\/wp\/v2\/media?parent=3350"}],"curies":[{"name":"wp","href":"https:\/\/api.w.org\/{rel}","templated":true}]}}