{"id":3378,"date":"2016-08-11T19:34:01","date_gmt":"2016-08-11T19:34:01","guid":{"rendered":"https:\/\/gldlaw.com\/es\/attorneys\/garry-davis\/"},"modified":"2019-11-18T22:02:55","modified_gmt":"2019-11-18T22:02:55","slug":"garry-davis","status":"publish","type":"page","link":"https:\/\/gldlaw.com\/es\/abogados\/garry-davis\/","title":{"rendered":"Garry Davis"},"content":{"rendered":"\n\t<h2>GARRY DAVIS<\/h2>\n\t\t\t\t<img loading=\"lazy\" decoding=\"async\" src=\"https:\/\/gldlaw.com\/wp-content\/uploads\/2019\/10\/IMG_6546-1-683x1024.jpg\" alt=\"IMG_6546\" itemprop=\"image\" height=\"1024\" width=\"683\" title=\"IMG_6546\" onerror=\"this.style.display='none'\"  \/>\n<h5>\n\t\tDEPARTMENTOS\n\t<\/h5>\n\t<p>Abogado de Inmigraci\u00f3n<\/p>\n<h5>\n\t\tACTIVIDADES PROFECIONALES\n\t<\/h5>\n<h5>\n\t\tEDUCACION\n\t<\/h5>\n<h5>\n\t\tLLAMENOS\n\t<\/h5>\n<h1>\n\t\tAbogado de Inmigraci\u00f3n Perfil\n\t<\/h1>\n<p>Garry Davis practica la ley de inmigraci\u00f3n exclusivamente. Su experiencia abarca todas las \u00e1reas de la ley de inmigraci\u00f3n, con especial \u00e9nfasis en la defensa de deportaci\u00f3n, \u00a0casos laboral; \u00a0casos de inversi\u00f3n, \u00a0casos familiar, apelaciones y litigios ante los tribunales federales.<\/p>\n<p>El Sr. Garry Davis naci\u00f3 en 1973 en Houston, Texas, donde se gradu\u00f3 con honores de la escuela secundaria Humble en 1991. En 1997, complet\u00f3 su licenciatura en japon\u00e9s en la Universidad Brigham Young. Mientras que en la universidad, sirvi\u00f3 en una misi\u00f3n en la iglesia por 2 a\u00f1os en Okinawa, Jap\u00f3n. En el 2000, recibi\u00f3 su Doctorado (t\u00edtulo de abogado) de la Universidad de Texas en Austin, y fue admitido en la Barra de Texas ese a\u00f1o.<\/p>\n<p>El Sr. Davis tambi\u00e9n tiene una gran experiencia en el asesoramiento de los inmigrantes y abogados de defensa criminal sobre las consecuencias migratorias de la actividad criminal.<\/p>\n<p>El Sr. Davis recibi\u00f3 certificaci\u00f3n en Inmigraci\u00f3n y Nacionalidad Derecho en 2005 por la Junta de Especializaci\u00f3n Legal de Texas. \u00a0La revista de Texas \u00a0lo ha nombrado \u00a0Super Abogado 6 veces, y US News y World Report lo identific\u00f3 como uno de los mejores abogados en Am\u00e9rica 4 veces. Dos veces, US News and World Report seleccionan su Oficina como una de las mejores Oficinas de Am\u00e9rica.<\/p>\n<p>Garry Davis ha representado con \u00e9xito a clientes en:<\/p>\n<ul>\n<li>Procedimientos de \u00a0devoluci\u00f3n o expulsi\u00f3n<\/li>\n<li>Peticiones de visa de inmigrante, como los trabajadores profesionales (H-1B), transferencias entre compa\u00f1\u00edas (L-1A, L-1B), trabajadores religiosos (R-1), Inversionistas Internacionales (E-2), International Traders (E-1), y habilidades extraordinarias (O-1)<\/li>\n<li>Tarjetas de residencia por medio de el matrimonio y otras relaciones familiares<\/li>\n<li>Tarjetas de residencia para los gerentes y ejecutivos de multinacionales<\/li>\n<li>Tarjetas de residencia a trav\u00e9s de Exenci\u00f3n de Inter\u00e9s Nacional<\/li>\n<li>Tarjetas de residencia para Profesores e investigadores excepcionales<\/li>\n<li>Tarjetas de residencia para los empleados a trav\u00e9s de la certificaci\u00f3n de trabajo<\/li>\n<li>Tarjetas de residencia a trav\u00e9s de peticiones de visa de inmigrante para trabajadores religiosos<\/li>\n<li>Tarjetas de residencia para las v\u00edctimas de abuso a trav\u00e9s de <a class=\"wpil_keyword_link\" href=\"https:\/\/gldlaw.com\/immigration\/visas-and-green-cards-for-vawa\/\"   title=\"VAWA\" data-wpil-keyword-link=\"linked\"  data-wpil-monitor-id=\"619\">VAWA<\/a><\/li>\n<li>Procedimientos judiciales federales, tales como \u00f3rdenes judiciales y recursos de exhibici\u00f3n<\/li>\n<li>El asilo pol\u00edtico y exenci\u00f3n de expulsi\u00f3n<\/li>\n<li>Llamamiento a la Junta de Apelaciones de Inmigraci\u00f3n y la Oficina de Administraci\u00f3n de apelaciones<\/li>\n<li>Mociones para reabrir y reconsiderar la decisi\u00f3n de USCIS, cortes de inmigraci\u00f3n y consulados de EE.UU.<\/li>\n<\/ul>\n<p>Como un servicio pro bono, ha actuado como enlace entre la Asociaci\u00f3n Americana de Abogados de Inmigraci\u00f3n (AILA) y la corte de inmigraci\u00f3n de Dallas. Con frecuencia habla en conferencias de educaci\u00f3n continua legales. La Conferencia Nacional de AILA y las conferencias regionales AILA le han invitado a hablar en varios eventos. En respuesta a las invitaciones de su alma mater, tambi\u00e9n ha hablado en la Conferencia de UT en la Ley de Inmigraci\u00f3n. Recientemente, \u00e9l acept\u00f3 una invitaci\u00f3n para formar parte del comit\u00e9 del programa para la Barra de Texas un Seminario de \u00a0Inmigraci\u00f3n de Derecho que tuvo lugar en el 2012. Sus esfuerzos de alcance comunitario incluyen tambi\u00e9n hablando en cuestiones de inmigraci\u00f3n en iglesias y escuelas locales, en un esfuerzo por educar al p\u00fablico sobre las cuestiones de derecho de inmigraci\u00f3n y opciones para aquellos que buscan un estatus legal en los EE.UU.. Ha viajado dos veces a Pakist\u00e1n para hablar en diversas C\u00e1maras de Comercio sobre las opciones para emigrar a los EE.UU..<\/p>\n","protected":false},"excerpt":{"rendered":"<p>GARRY DAVIS DEPARTMENTOS Abogado de Inmigraci\u00f3n ACTIVIDADES PROFECIONALES EDUCACION LLAMENOS Abogado de Inmigraci\u00f3n Perfil Garry Davis practica la ley de inmigraci\u00f3n exclusivamente. Su experiencia abarca todas las \u00e1reas de la ley de inmigraci\u00f3n, con especial \u00e9nfasis en la defensa de deportaci\u00f3n, \u00a0casos laboral; \u00a0casos de inversi\u00f3n, \u00a0casos familiar, apelaciones y litigios ante los tribunales federales.&hellip;<\/p>\n","protected":false},"author":18,"featured_media":0,"parent":7276,"menu_order":0,"comment_status":"closed","ping_status":"closed","template":"","meta":{"_monsterinsights_skip_tracking":false,"_monsterinsights_sitenote_active":false,"_monsterinsights_sitenote_note":"","_monsterinsights_sitenote_category":0,"footnotes":""},"class_list":["post-3378","page","type-page","status-publish","hentry"],"yoast_head":"<!-- This site is optimized with the Yoast SEO plugin v27.5 - https:\/\/yoast.com\/product\/yoast-seo-wordpress\/ -->\n<title>Garry Davis Abogado de Inmigraci\u00f3n | Ley de inmigraci\u00f3n de Dallas<\/title>\n<meta name=\"description\" content=\"Garry Davis practica la ley de inmigraci\u00f3n exclusivamente. Su experiencia abarca la defensa de la deportaci\u00f3n, inmigraci\u00f3n laboral, inmigraci\u00f3n familiar, apelaciones y litigios judiciales federales.\" \/>\n<meta name=\"robots\" content=\"index, follow, max-snippet:-1, max-image-preview:large, max-video-preview:-1\" \/>\n<link rel=\"canonical\" href=\"https:\/\/gldlaw.com\/attorneys\/garry-davis\/\" \/>\n<meta property=\"og:locale\" content=\"es_MX\" \/>\n<meta property=\"og:type\" content=\"article\" \/>\n<meta property=\"og:title\" content=\"Garry Davis Abogado de Inmigraci\u00f3n | Ley de inmigraci\u00f3n de Dallas\" \/>\n<meta property=\"og:description\" content=\"Garry Davis practica la ley de inmigraci\u00f3n exclusivamente. Su experiencia abarca la defensa de la deportaci\u00f3n, inmigraci\u00f3n laboral, inmigraci\u00f3n familiar, apelaciones y litigios judiciales federales.\" \/>\n<meta property=\"og:url\" content=\"https:\/\/gldlaw.com\/attorneys\/garry-davis\/\" \/>\n<meta property=\"og:site_name\" content=\"Davis &amp; Associates\" \/>\n<meta property=\"article:publisher\" content=\"https:\/\/www.facebook.com\/GLDavisandAssociates\/\" \/>\n<meta property=\"article:modified_time\" content=\"2019-11-18T22:02:55+00:00\" \/>\n<meta property=\"og:image\" content=\"https:\/\/gldlaw.com\/wp-content\/uploads\/2019\/10\/IMG_6546-1-683x1024.jpg\" \/>\n<meta name=\"twitter:card\" content=\"summary_large_image\" \/>\n<meta name=\"twitter:site\" content=\"@GLD_Law\" \/>\n<meta name=\"twitter:label1\" content=\"Tiempo de lectura\" \/>\n\t<meta name=\"twitter:data1\" content=\"3 minutos\" \/>\n<script type=\"application\/ld+json\" class=\"yoast-schema-graph\">{\"@context\":\"https:\\\/\\\/schema.org\",\"@graph\":[{\"@type\":\"WebPage\",\"@id\":\"https:\\\/\\\/gldlaw.com\\\/attorneys\\\/garry-davis\\\/\",\"url\":\"https:\\\/\\\/gldlaw.com\\\/attorneys\\\/garry-davis\\\/\",\"name\":\"Garry Davis Abogado de Inmigraci\u00f3n | Ley de inmigraci\u00f3n de Dallas\",\"isPartOf\":{\"@id\":\"https:\\\/\\\/gldlaw.com\\\/es\\\/#website\"},\"primaryImageOfPage\":{\"@id\":\"https:\\\/\\\/gldlaw.com\\\/attorneys\\\/garry-davis\\\/#primaryimage\"},\"image\":{\"@id\":\"https:\\\/\\\/gldlaw.com\\\/attorneys\\\/garry-davis\\\/#primaryimage\"},\"thumbnailUrl\":\"https:\\\/\\\/gldlaw.com\\\/wp-content\\\/uploads\\\/2019\\\/10\\\/IMG_6546-1-683x1024.jpg\",\"datePublished\":\"2016-08-11T19:34:01+00:00\",\"dateModified\":\"2019-11-18T22:02:55+00:00\",\"description\":\"Garry Davis practica la ley de inmigraci\u00f3n exclusivamente. Su experiencia abarca la defensa de la deportaci\u00f3n, inmigraci\u00f3n laboral, inmigraci\u00f3n familiar, apelaciones y litigios judiciales federales.\",\"breadcrumb\":{\"@id\":\"https:\\\/\\\/gldlaw.com\\\/attorneys\\\/garry-davis\\\/#breadcrumb\"},\"inLanguage\":\"es\",\"potentialAction\":[{\"@type\":\"ReadAction\",\"target\":[\"https:\\\/\\\/gldlaw.com\\\/attorneys\\\/garry-davis\\\/\"]}]},{\"@type\":\"ImageObject\",\"inLanguage\":\"es\",\"@id\":\"https:\\\/\\\/gldlaw.com\\\/attorneys\\\/garry-davis\\\/#primaryimage\",\"url\":\"https:\\\/\\\/gldlaw.com\\\/wp-content\\\/uploads\\\/2019\\\/10\\\/IMG_6546-1-683x1024.jpg\",\"contentUrl\":\"https:\\\/\\\/gldlaw.com\\\/wp-content\\\/uploads\\\/2019\\\/10\\\/IMG_6546-1-683x1024.jpg\"},{\"@type\":\"BreadcrumbList\",\"@id\":\"https:\\\/\\\/gldlaw.com\\\/attorneys\\\/garry-davis\\\/#breadcrumb\",\"itemListElement\":[{\"@type\":\"ListItem\",\"position\":1,\"name\":\"Home\",\"item\":\"https:\\\/\\\/gldlaw.com\\\/es\\\/\"},{\"@type\":\"ListItem\",\"position\":2,\"name\":\"Abogados\",\"item\":\"https:\\\/\\\/gldlaw.com\\\/es\\\/abogados\\\/\"},{\"@type\":\"ListItem\",\"position\":3,\"name\":\"Garry Davis\"}]},{\"@type\":\"WebSite\",\"@id\":\"https:\\\/\\\/gldlaw.com\\\/es\\\/#website\",\"url\":\"https:\\\/\\\/gldlaw.com\\\/es\\\/\",\"name\":\"Davis &amp; Associates\",\"description\":\"Dallas \\\/ Fort Worth Immigration Attorney\",\"potentialAction\":[{\"@type\":\"SearchAction\",\"target\":{\"@type\":\"EntryPoint\",\"urlTemplate\":\"https:\\\/\\\/gldlaw.com\\\/es\\\/?s={search_term_string}\"},\"query-input\":{\"@type\":\"PropertyValueSpecification\",\"valueRequired\":true,\"valueName\":\"search_term_string\"}}],\"inLanguage\":\"es\"}]}<\/script>\n<!-- \/ Yoast SEO plugin. -->","yoast_head_json":{"title":"Garry Davis Abogado de Inmigraci\u00f3n | Ley de inmigraci\u00f3n de Dallas","description":"Garry Davis practica la ley de inmigraci\u00f3n exclusivamente. Su experiencia abarca la defensa de la deportaci\u00f3n, inmigraci\u00f3n laboral, inmigraci\u00f3n familiar, apelaciones y litigios judiciales federales.","robots":{"index":"index","follow":"follow","max-snippet":"max-snippet:-1","max-image-preview":"max-image-preview:large","max-video-preview":"max-video-preview:-1"},"canonical":"https:\/\/gldlaw.com\/attorneys\/garry-davis\/","og_locale":"es_MX","og_type":"article","og_title":"Garry Davis Abogado de Inmigraci\u00f3n | Ley de inmigraci\u00f3n de Dallas","og_description":"Garry Davis practica la ley de inmigraci\u00f3n exclusivamente. Su experiencia abarca la defensa de la deportaci\u00f3n, inmigraci\u00f3n laboral, inmigraci\u00f3n familiar, apelaciones y litigios judiciales federales.","og_url":"https:\/\/gldlaw.com\/attorneys\/garry-davis\/","og_site_name":"Davis &amp; Associates","article_publisher":"https:\/\/www.facebook.com\/GLDavisandAssociates\/","article_modified_time":"2019-11-18T22:02:55+00:00","og_image":[{"url":"https:\/\/gldlaw.com\/wp-content\/uploads\/2019\/10\/IMG_6546-1-683x1024.jpg","type":"","width":"","height":""}],"twitter_card":"summary_large_image","twitter_site":"@GLD_Law","twitter_misc":{"Tiempo de lectura":"3 minutos"},"schema":{"@context":"https:\/\/schema.org","@graph":[{"@type":"WebPage","@id":"https:\/\/gldlaw.com\/attorneys\/garry-davis\/","url":"https:\/\/gldlaw.com\/attorneys\/garry-davis\/","name":"Garry Davis Abogado de Inmigraci\u00f3n | Ley de inmigraci\u00f3n de Dallas","isPartOf":{"@id":"https:\/\/gldlaw.com\/es\/#website"},"primaryImageOfPage":{"@id":"https:\/\/gldlaw.com\/attorneys\/garry-davis\/#primaryimage"},"image":{"@id":"https:\/\/gldlaw.com\/attorneys\/garry-davis\/#primaryimage"},"thumbnailUrl":"https:\/\/gldlaw.com\/wp-content\/uploads\/2019\/10\/IMG_6546-1-683x1024.jpg","datePublished":"2016-08-11T19:34:01+00:00","dateModified":"2019-11-18T22:02:55+00:00","description":"Garry Davis practica la ley de inmigraci\u00f3n exclusivamente. Su experiencia abarca la defensa de la deportaci\u00f3n, inmigraci\u00f3n laboral, inmigraci\u00f3n familiar, apelaciones y litigios judiciales federales.","breadcrumb":{"@id":"https:\/\/gldlaw.com\/attorneys\/garry-davis\/#breadcrumb"},"inLanguage":"es","potentialAction":[{"@type":"ReadAction","target":["https:\/\/gldlaw.com\/attorneys\/garry-davis\/"]}]},{"@type":"ImageObject","inLanguage":"es","@id":"https:\/\/gldlaw.com\/attorneys\/garry-davis\/#primaryimage","url":"https:\/\/gldlaw.com\/wp-content\/uploads\/2019\/10\/IMG_6546-1-683x1024.jpg","contentUrl":"https:\/\/gldlaw.com\/wp-content\/uploads\/2019\/10\/IMG_6546-1-683x1024.jpg"},{"@type":"BreadcrumbList","@id":"https:\/\/gldlaw.com\/attorneys\/garry-davis\/#breadcrumb","itemListElement":[{"@type":"ListItem","position":1,"name":"Home","item":"https:\/\/gldlaw.com\/es\/"},{"@type":"ListItem","position":2,"name":"Abogados","item":"https:\/\/gldlaw.com\/es\/abogados\/"},{"@type":"ListItem","position":3,"name":"Garry Davis"}]},{"@type":"WebSite","@id":"https:\/\/gldlaw.com\/es\/#website","url":"https:\/\/gldlaw.com\/es\/","name":"Davis &amp; Associates","description":"Dallas \/ Fort Worth Immigration Attorney","potentialAction":[{"@type":"SearchAction","target":{"@type":"EntryPoint","urlTemplate":"https:\/\/gldlaw.com\/es\/?s={search_term_string}"},"query-input":{"@type":"PropertyValueSpecification","valueRequired":true,"valueName":"search_term_string"}}],"inLanguage":"es"}]}},"_links":{"self":[{"href":"https:\/\/gldlaw.com\/es\/wp-json\/wp\/v2\/pages\/3378","targetHints":{"allow":["GET"]}}],"collection":[{"href":"https:\/\/gldlaw.com\/es\/wp-json\/wp\/v2\/pages"}],"about":[{"href":"https:\/\/gldlaw.com\/es\/wp-json\/wp\/v2\/types\/page"}],"author":[{"embeddable":true,"href":"https:\/\/gldlaw.com\/es\/wp-json\/wp\/v2\/users\/18"}],"replies":[{"embeddable":true,"href":"https:\/\/gldlaw.com\/es\/wp-json\/wp\/v2\/comments?post=3378"}],"version-history":[{"count":2,"href":"https:\/\/gldlaw.com\/es\/wp-json\/wp\/v2\/pages\/3378\/revisions"}],"predecessor-version":[{"id":11442,"href":"https:\/\/gldlaw.com\/es\/wp-json\/wp\/v2\/pages\/3378\/revisions\/11442"}],"up":[{"embeddable":true,"href":"https:\/\/gldlaw.com\/es\/wp-json\/wp\/v2\/pages\/7276"}],"wp:attachment":[{"href":"https:\/\/gldlaw.com\/es\/wp-json\/wp\/v2\/media?parent=3378"}],"curies":[{"name":"wp","href":"https:\/\/api.w.org\/{rel}","templated":true}]}}