{"id":3395,"date":"2015-05-26T23:54:36","date_gmt":"2015-05-26T23:54:36","guid":{"rendered":"https:\/\/gldlaw.com\/es\/firm-overview\/"},"modified":"2023-07-18T09:52:31","modified_gmt":"2023-07-18T14:52:31","slug":"presentacion-de-la-oficina","status":"publish","type":"page","link":"https:\/\/gldlaw.com\/es\/presentacion-de-la-oficina\/","title":{"rendered":"Presentaci\u00f3n de la Oficina"},"content":{"rendered":"\n\n\t<h1>DESCRIPCI\u00d3N GENERAL DE LA OFICINA<\/h1>\n\t\t\t\t<img loading=\"lazy\" decoding=\"async\" src=\"https:\/\/gldlaw.com\/wp-content\/uploads\/2023\/07\/DESCRIPCION-GENERAL-DE-LA-OFICINA.jpeg\" alt=\"DESCRIPCIO\u0301N GENERAL DE LA OFICINA\" itemprop=\"image\" height=\"451\" width=\"1024\" title=\"DESCRIPCIO\u0301N GENERAL DE LA OFICINA\" onerror=\"this.style.display='none'\"  \/>\n\t<p><img loading=\"lazy\" decoding=\"async\" src=\"https:\/\/gldlaw.com\/wp-content\/uploads\/2023\/07\/Lo-tratamos-como-familia-no-como-archivos.png\" alt=\"Lo tratamos como familia, no como archivos\" width=\"500\" height=\"405\" \/>Davis &amp; Asociados son los abogados de inmigraci\u00f3n de elecci\u00f3n en Dallas. Nos preocupamos por las familias, no archivos. Ofrecemos el mejor servicio al mejor precio posible. Nuestros clientes son diversos. Nuestras credenciales y la reputaci\u00f3n hablan.<\/p>\n<p>En Davis &amp; Asociados sabemos que el Servicio de Inmigraci\u00f3n se trata de mantener unidas a las familias. Nuestro lema es &#8220;Familias, no archivos&#8221; porque cuando se convierte en nuestro cliente, usted no es otro archivo en nuestros escritorios. Davis &amp; Asociados realmente se preocupa por ayudar a alcanzar sus objetivos de inmigraci\u00f3n. Muchos de nosotros hemos pasado por el proceso migratorio con nuestras familias y seres queridos. Somos conscientes de lo que se siente.<\/p>\n<p>Nuestra misi\u00f3n es proporcionar a los abogados de inmigraci\u00f3n m\u00e1s competentes\u00a0 disponibles al mejor precio. Nuestro objetivo es mantener a las familias juntas y negocios funcionando con eficacia y eficiencia. Esperamos que cuando el caso haya terminado, nos recomienden a sus amigos, familiares y colegas para una futura ayuda con su caso de inmigraci\u00f3n.<\/p>\n<p>Davis &amp; Asociados representa a clientes de empresas de tama\u00f1o medio a familias individuales en todo el Norte de Texas y m\u00e1s all\u00e1. Nos ocupamos de todos los aspectos de la ley de inmigraci\u00f3n, incluyendo la defensa de deportaci\u00f3n, los procedimientos de h\u00e1beas corpus y mandamus, peticiones por medio de la familia, el cumplimiento del empleador, visas temporales de trabajo y la universidad, residencia permanente, naturalizaci\u00f3n, el procesamiento de visa restringida, y las exenciones, etc.<\/p>\n<p>Davis &amp; Asociados abri\u00f3 su oficina en el 2007. El Sr. Davis abri\u00f3 por primera vez su pr\u00e1ctica en McKinney, Texas. Pero despu\u00e9s de un a\u00f1o, se traslad\u00f3 a Dallas con el fin de dar cabida a sus muchos clientes de todas las \u00e1reas de Dallas y el Norte de Texas. Desde la apertura de la pr\u00e1ctica hace 9 a\u00f1os, Davis &amp; Asociados ha representado a miles de clientes en la b\u00fasqueda de beneficios de inmigraci\u00f3n en los Estados Unidos.<\/p>\n<p>Un nativo de Texas, el Sr. Davis se gradu\u00f3 de la Universidad de la Escuela de Leyes de Texas en Austin con su maestr\u00eda en leyes. Durante la escuela de leyes, el Sr. Davis practicaba con un abogado de inmigraci\u00f3n. Y desde su graduaci\u00f3n, \u00e9l s\u00f3lo ha practicado la Ley de Inmigraci\u00f3n. Antes de abrir Davis &amp; Asociados, el Sr. Garry Davis trabaj\u00f3 durante 7 a\u00f1os como un abogado de inmigraci\u00f3n en la oficina legal de Tidwell, Swaim y Asociados y la oficina legal de Miley &amp; Brown. Fue mientras trabajaba con Miley &amp; Brown que recibi\u00f3 su certificado por<u> la Junta de Especializaci\u00f3n Legal de Texas en Derecho de inmigraci\u00f3n y nacionalidad<\/u>.\u00a0Este prestigioso certificado identifica a abogados que son verdaderamente excepcionales; en su especializaci\u00f3n. Para calificar, el abogado debe demostrar un alto nivel de eficiencia en todas las \u00e1reas de la ley de inmigraci\u00f3n, as\u00ed como aprobar un examen riguroso para demostrar que entiende perfectamente todos los estatutos, los casos judiciales pertinentes y regulaciones concernientes a la ley de inmigraci\u00f3n de los Estados Unidos. La educaci\u00f3n legal en curso adicional y es necesaria para mantener la certificaci\u00f3n. El Sr. Davis ha sido certificado desde el a\u00f1o 2005. El Sr. Davis ha sido seleccionado como un S\u00faper Abogado de\u00a0<a href=\"https:\/\/www.superlawyers.com\/texas\/lawyer\/Garry-L-Davis-Jr\/6f9fdf4a-b126-4f39-a3a2-1b80506f29d6.html\">Texas<\/a>\u00a0varias veces, y ha sido invitado a hablar en numerosas conferencias de educaci\u00f3n jur\u00eddica \u00a0en todo el pa\u00eds y en el extranjero, incluyendo la Conferencia Nacional de la Asociaci\u00f3n Americana de Abogados de Inmigraci\u00f3n (AILA).<\/p>\n\t<h2>Haga click hoy para su consulta gratis<\/h2>\n\t\t\t<a href=\"https:\/\/gldlaw.com\/es\/contacto\/\" target=\"_self\" rel=\"noopener\">\n\t\t\t\t\t\t\tOPRIMA AQUI\n\t\t\t\t\t<\/a>\n\t<h2>DECLARACI\u00d3N DE PROP\u00d3SITO<\/h2>\n<p><img loading=\"lazy\" decoding=\"async\" src=\"https:\/\/gldlaw.com\/wp-content\/uploads\/2023\/07\/Reunion-del-equipo-de-Davis-Associates.png\" alt=\"Reunio\u0301n del equipo de Davis &amp; Associates\" width=\"500\" height=\"375\" \/><\/p>\n<p>Brindamos un excelente servicio al cliente a trav\u00e9s de nuestra pr\u00e1ctica experta de la ley de inmigraci\u00f3n.<\/p>\n<h2>VISI\u00d3N<\/h2>\n<p>Nuestra capacidad para encontrar soluciones e implementarlas de manera r\u00e1pida y experta nos convierte en el mejor bufete de abogados de inmigraci\u00f3n en Dallas, Houston y m\u00e1s all\u00e1. Es nuestro deber continuar nuestro crecimiento y desarrollo como empresa para que podamos brindar excelencia a tantos clientes como sea posible. Los miembros del equipo de Davis &amp; Associates (desde el abogado y asistente legal m\u00e1s experimentado hasta el miembro m\u00e1s nuevo del equipo administrativo) son expertos en encontrar soluciones en su \u00e1rea de responsabilidad. Nuestra m\u00e1xima prioridad es encontrar e implementar soluciones de inmigraci\u00f3n para nuestros clientes. Debido a que somos tan buenos trabajando duro y resolviendo problemas, nuestro equipo tambi\u00e9n mejora constantemente la eficiencia, la comunicaci\u00f3n con el cliente, el alcance del marketing y el trabajo en equipo en todos los departamentos.<\/p>\n<h2>MISI\u00d3N<\/h2>\n<p>Brindamos servicios legales expertos de inmigraci\u00f3n y un excelente servicio al cliente a nuestros clientes. Existimos para:<\/p>\n<ol>\n<li>Reunir y mantener unidas a las familias<\/li>\n<li>Proporcionar oportunidades para que los clientes vengan a los Estados Unidos y se esfuercen por una vida pac\u00edfica y exitosa<\/li>\n<li>Ayudar a las personas a tener segundas oportunidades<\/li>\n<li>Proporcionar el resultado m\u00e1s ventajoso para nuestros clientes<\/li>\n<li>Preservar las propiedades de nuestros clientes<\/li>\n<\/ol>\n<p>Queremos ayudar a nuestros clientes a comprender sus opciones y hacer que sus presentaciones gubernamentales sean lo m\u00e1s libres de estr\u00e9s posible. Entendemos que los plazos, las calificaciones de beneficios, las experiencias pasadas y la necesidad de prestar atenci\u00f3n a cada detalle son estresantes tanto para los clientes como para los miembros de nuestro equipo. Nuestra respuesta a ese estr\u00e9s es siempre preguntar: &#8220;\u00bfC\u00f3mo puedo ayudar?&#8221;<\/p>\n<p>Abogamos por nuestros clientes. El equipo que trabaja en el caso de un cliente se ve a s\u00ed mismo como defensores y miembros del equipo con nuestros clientes. Reconocemos la necesidad de brindar tranquilidad a nuestros clientes. Por lo tanto, comunicamos nuestro trabajo regularmente con nuestros clientes. Respondemos r\u00e1pida y positivamente a las preocupaciones de nuestros clientes. Trabajamos en los casos con prontitud.<\/p>\n<h2>VALORES<\/h2>\n<p><strong><em>Somos Expertos &#8211; Si Es Posible, Podemos Hacerlo<\/em><\/strong><\/p>\n<p>Hemos trabajado duro para ser los mejores en nuestro campo. Nuestros servicios tienen un gran valor porque estamos altamente calificados en lo que hacemos. Nos esforzamos constantemente para mejorar nuestro producto de trabajo a trav\u00e9s de:<\/p>\n<ul>\n<li><strong>Estudio y desarrollo personal<\/strong>: si no conocemos una respuesta o soluci\u00f3n, sabemos c\u00f3mo usar nuestros recursos para encontrar la soluci\u00f3n. Estudiamos, aprendemos, preguntamos y mejoramos.<\/li>\n<li><strong>Capacitaci\u00f3n<\/strong> &#8211; Participamos regularmente en la capacitaci\u00f3n tanto dentro como fuera de la oficina. Nuestros abogados se mantienen al d\u00eda con los CLE y trabajan para obtener la certificaci\u00f3n de la Junta.<\/li>\n<li><strong>Trabajo duro<\/strong>: individualmente, organizamos y priorizamos las responsabilidades de nuestros casos y nos enfocamos en completarlos de manera r\u00e1pida y eficiente. Pasamos nuestro tiempo de trabajo sabiamente, enfocados primero en los casos de mayor prioridad de los que somos responsables.<\/li>\n<li><strong>Responsabilidad personal <\/strong>&#8211; Cada uno de nosotros asume la responsabilidad personal por los \u00e9xitos y los errores que cometemos. Reconocemos nuestros roles como miembros de un equipo, trabajando juntos para proporcionar la mejor experiencia posible al cliente.<\/li>\n<li><strong>Comunicaci\u00f3n<\/strong> &#8211; Mantenemos un contacto regular con los clientes de una manera altamente profesional. A trav\u00e9s del mantenimiento cuidadoso de registros en las notas del archivo, nos mantenemos al tanto de los plazos del cliente y el progreso del caso. Elegimos palabras amables cuando hablamos con o sobre nuestros clientes, compa\u00f1eros de trabajo y otros en todo momento.<\/li>\n<\/ul>\n<h3><strong><em>Somos Excelentes &#8211; Podemos Hacer, Haremos, Felices De<\/em><\/strong><\/h3>\n<p>Realmente nos preocupamos por nuestros clientes individualmente. Brindamos un excelente servicio al cliente para proteger las licencias de nuestros abogados, para proteger nuestra reputaci\u00f3n en la industria y, lo m\u00e1s importante, para mostrar a nuestros clientes que nos preocupamos por ellos y sus futuros, familias y objetivos. Nos esforzamos constantemente para proporcionar una excelente experiencia al cliente a trav\u00e9s de:<\/p>\n<ul>\n<li><strong>Honestidad<\/strong> &#8211; Somos transparentes con nuestros clientes.<\/li>\n<li><strong>Integridad<\/strong> &#8211; Hacemos lo que prometemos en el plazo que se espera.<br \/>\n<strong>Comportamiento \u00e9tico<\/strong> &#8211; Obedecemos la ley.<\/li>\n<li><strong>Procesamiento de casos<\/strong>: hacemos las cosas de manera r\u00e1pida y correcta.<\/li>\n<li><strong>Comunicaci\u00f3n<\/strong> &#8211; Iniciamos contacto regular con nuestros clientes sobre el estado de sus casos para que nunca tengan que preocuparse. Usamos nuestras palabras (tanto escritas como habladas) para mostrar respeto mutuo y por nuestros clientes. Cooperamos con otros miembros del equipo y departamentos para lograr la mejor experiencia posible para el cliente.<\/li>\n<\/ul>\n\t<h2>Haga click hoy para su consulta gratis<\/h2>\n\t\t\t<a href=\"https:\/\/gldlaw.com\/es\/contacto\/\" target=\"_self\" rel=\"noopener\">\n\t\t\t\t\t\t\tOPRIMA AQUI\n\t\t\t\t\t<\/a>\n\n","protected":false},"excerpt":{"rendered":"<p>DESCRIPCI\u00d3N GENERAL DE LA OFICINA Davis &amp; Asociados son los abogados de inmigraci\u00f3n de elecci\u00f3n en Dallas. Nos preocupamos por las familias, no archivos. Ofrecemos el mejor servicio al mejor precio posible. Nuestros clientes son diversos. Nuestras credenciales y la reputaci\u00f3n hablan. En Davis &amp; Asociados sabemos que el Servicio de Inmigraci\u00f3n se trata de&hellip;<\/p>\n","protected":false},"author":7,"featured_media":0,"parent":0,"menu_order":0,"comment_status":"closed","ping_status":"closed","template":"","meta":{"_monsterinsights_skip_tracking":false,"_monsterinsights_sitenote_active":false,"_monsterinsights_sitenote_note":"","_monsterinsights_sitenote_category":0,"footnotes":""},"class_list":["post-3395","page","type-page","status-publish","hentry"],"yoast_head":"<!-- This site is optimized with the Yoast SEO plugin v27.4 - https:\/\/yoast.com\/product\/yoast-seo-wordpress\/ -->\n<title>Oficina de Abogados de Inmigraci\u00f3n | Davis y Asociados<\/title>\n<meta name=\"description\" content=\"Davis y Asociados representa a las empresas y las familias con la inmigraci\u00f3n en el Norte de Texas. Obtener informaci\u00f3n acerca de nuestra pr\u00e1ctica...\" \/>\n<meta name=\"robots\" content=\"index, follow, max-snippet:-1, max-image-preview:large, max-video-preview:-1\" \/>\n<link rel=\"canonical\" href=\"https:\/\/gldlaw.com\/es\/presentacion-de-la-oficina\/\" \/>\n<meta property=\"og:locale\" content=\"es_MX\" \/>\n<meta property=\"og:type\" content=\"article\" \/>\n<meta property=\"og:title\" content=\"Oficina de Abogados de Inmigraci\u00f3n | Davis y Asociados\" \/>\n<meta property=\"og:description\" content=\"Davis y Asociados representa a las empresas y las familias con la inmigraci\u00f3n en el Norte de Texas. Obtener informaci\u00f3n acerca de nuestra pr\u00e1ctica...\" \/>\n<meta property=\"og:url\" content=\"https:\/\/gldlaw.com\/es\/presentacion-de-la-oficina\/\" \/>\n<meta property=\"og:site_name\" content=\"Davis &amp; Associates\" \/>\n<meta property=\"article:publisher\" content=\"https:\/\/www.facebook.com\/GLDavisandAssociates\/\" \/>\n<meta property=\"article:modified_time\" content=\"2023-07-18T14:52:31+00:00\" \/>\n<meta property=\"og:image\" content=\"https:\/\/gldlaw.com\/wp-content\/uploads\/2023\/07\/DESCRIPCION-GENERAL-DE-LA-OFICINA.jpeg\" \/>\n<meta name=\"twitter:card\" content=\"summary_large_image\" \/>\n<meta name=\"twitter:site\" content=\"@GLD_Law\" \/>\n<meta name=\"twitter:label1\" content=\"Tiempo de lectura\" \/>\n\t<meta name=\"twitter:data1\" content=\"7 minutos\" \/>\n<script type=\"application\/ld+json\" class=\"yoast-schema-graph\">{\"@context\":\"https:\\\/\\\/schema.org\",\"@graph\":[{\"@type\":\"WebPage\",\"@id\":\"https:\\\/\\\/gldlaw.com\\\/es\\\/presentacion-de-la-oficina\\\/\",\"url\":\"https:\\\/\\\/gldlaw.com\\\/es\\\/presentacion-de-la-oficina\\\/\",\"name\":\"Oficina de Abogados de Inmigraci\u00f3n | Davis y Asociados\",\"isPartOf\":{\"@id\":\"https:\\\/\\\/gldlaw.com\\\/es\\\/#website\"},\"primaryImageOfPage\":{\"@id\":\"https:\\\/\\\/gldlaw.com\\\/es\\\/presentacion-de-la-oficina\\\/#primaryimage\"},\"image\":{\"@id\":\"https:\\\/\\\/gldlaw.com\\\/es\\\/presentacion-de-la-oficina\\\/#primaryimage\"},\"thumbnailUrl\":\"https:\\\/\\\/gldlaw.com\\\/wp-content\\\/uploads\\\/2023\\\/07\\\/DESCRIPCION-GENERAL-DE-LA-OFICINA.jpeg\",\"datePublished\":\"2015-05-26T23:54:36+00:00\",\"dateModified\":\"2023-07-18T14:52:31+00:00\",\"description\":\"Davis y Asociados representa a las empresas y las familias con la inmigraci\u00f3n en el Norte de Texas. Obtener informaci\u00f3n acerca de nuestra pr\u00e1ctica...\",\"breadcrumb\":{\"@id\":\"https:\\\/\\\/gldlaw.com\\\/es\\\/presentacion-de-la-oficina\\\/#breadcrumb\"},\"inLanguage\":\"es\",\"potentialAction\":[{\"@type\":\"ReadAction\",\"target\":[\"https:\\\/\\\/gldlaw.com\\\/es\\\/presentacion-de-la-oficina\\\/\"]}]},{\"@type\":\"ImageObject\",\"inLanguage\":\"es\",\"@id\":\"https:\\\/\\\/gldlaw.com\\\/es\\\/presentacion-de-la-oficina\\\/#primaryimage\",\"url\":\"https:\\\/\\\/gldlaw.com\\\/wp-content\\\/uploads\\\/2023\\\/07\\\/DESCRIPCION-GENERAL-DE-LA-OFICINA.jpeg\",\"contentUrl\":\"https:\\\/\\\/gldlaw.com\\\/wp-content\\\/uploads\\\/2023\\\/07\\\/DESCRIPCION-GENERAL-DE-LA-OFICINA.jpeg\"},{\"@type\":\"BreadcrumbList\",\"@id\":\"https:\\\/\\\/gldlaw.com\\\/es\\\/presentacion-de-la-oficina\\\/#breadcrumb\",\"itemListElement\":[{\"@type\":\"ListItem\",\"position\":1,\"name\":\"Home\",\"item\":\"https:\\\/\\\/gldlaw.com\\\/es\\\/\"},{\"@type\":\"ListItem\",\"position\":2,\"name\":\"Presentaci\u00f3n de la Oficina\"}]},{\"@type\":\"WebSite\",\"@id\":\"https:\\\/\\\/gldlaw.com\\\/es\\\/#website\",\"url\":\"https:\\\/\\\/gldlaw.com\\\/es\\\/\",\"name\":\"Davis &amp; Associates\",\"description\":\"Dallas \\\/ Fort Worth Immigration Attorney\",\"potentialAction\":[{\"@type\":\"SearchAction\",\"target\":{\"@type\":\"EntryPoint\",\"urlTemplate\":\"https:\\\/\\\/gldlaw.com\\\/es\\\/?s={search_term_string}\"},\"query-input\":{\"@type\":\"PropertyValueSpecification\",\"valueRequired\":true,\"valueName\":\"search_term_string\"}}],\"inLanguage\":\"es\"}]}<\/script>\n<!-- \/ Yoast SEO plugin. -->","yoast_head_json":{"title":"Oficina de Abogados de Inmigraci\u00f3n | Davis y Asociados","description":"Davis y Asociados representa a las empresas y las familias con la inmigraci\u00f3n en el Norte de Texas. Obtener informaci\u00f3n acerca de nuestra pr\u00e1ctica...","robots":{"index":"index","follow":"follow","max-snippet":"max-snippet:-1","max-image-preview":"max-image-preview:large","max-video-preview":"max-video-preview:-1"},"canonical":"https:\/\/gldlaw.com\/es\/presentacion-de-la-oficina\/","og_locale":"es_MX","og_type":"article","og_title":"Oficina de Abogados de Inmigraci\u00f3n | Davis y Asociados","og_description":"Davis y Asociados representa a las empresas y las familias con la inmigraci\u00f3n en el Norte de Texas. Obtener informaci\u00f3n acerca de nuestra pr\u00e1ctica...","og_url":"https:\/\/gldlaw.com\/es\/presentacion-de-la-oficina\/","og_site_name":"Davis &amp; Associates","article_publisher":"https:\/\/www.facebook.com\/GLDavisandAssociates\/","article_modified_time":"2023-07-18T14:52:31+00:00","og_image":[{"url":"https:\/\/gldlaw.com\/wp-content\/uploads\/2023\/07\/DESCRIPCION-GENERAL-DE-LA-OFICINA.jpeg","type":"","width":"","height":""}],"twitter_card":"summary_large_image","twitter_site":"@GLD_Law","twitter_misc":{"Tiempo de lectura":"7 minutos"},"schema":{"@context":"https:\/\/schema.org","@graph":[{"@type":"WebPage","@id":"https:\/\/gldlaw.com\/es\/presentacion-de-la-oficina\/","url":"https:\/\/gldlaw.com\/es\/presentacion-de-la-oficina\/","name":"Oficina de Abogados de Inmigraci\u00f3n | Davis y Asociados","isPartOf":{"@id":"https:\/\/gldlaw.com\/es\/#website"},"primaryImageOfPage":{"@id":"https:\/\/gldlaw.com\/es\/presentacion-de-la-oficina\/#primaryimage"},"image":{"@id":"https:\/\/gldlaw.com\/es\/presentacion-de-la-oficina\/#primaryimage"},"thumbnailUrl":"https:\/\/gldlaw.com\/wp-content\/uploads\/2023\/07\/DESCRIPCION-GENERAL-DE-LA-OFICINA.jpeg","datePublished":"2015-05-26T23:54:36+00:00","dateModified":"2023-07-18T14:52:31+00:00","description":"Davis y Asociados representa a las empresas y las familias con la inmigraci\u00f3n en el Norte de Texas. Obtener informaci\u00f3n acerca de nuestra pr\u00e1ctica...","breadcrumb":{"@id":"https:\/\/gldlaw.com\/es\/presentacion-de-la-oficina\/#breadcrumb"},"inLanguage":"es","potentialAction":[{"@type":"ReadAction","target":["https:\/\/gldlaw.com\/es\/presentacion-de-la-oficina\/"]}]},{"@type":"ImageObject","inLanguage":"es","@id":"https:\/\/gldlaw.com\/es\/presentacion-de-la-oficina\/#primaryimage","url":"https:\/\/gldlaw.com\/wp-content\/uploads\/2023\/07\/DESCRIPCION-GENERAL-DE-LA-OFICINA.jpeg","contentUrl":"https:\/\/gldlaw.com\/wp-content\/uploads\/2023\/07\/DESCRIPCION-GENERAL-DE-LA-OFICINA.jpeg"},{"@type":"BreadcrumbList","@id":"https:\/\/gldlaw.com\/es\/presentacion-de-la-oficina\/#breadcrumb","itemListElement":[{"@type":"ListItem","position":1,"name":"Home","item":"https:\/\/gldlaw.com\/es\/"},{"@type":"ListItem","position":2,"name":"Presentaci\u00f3n de la Oficina"}]},{"@type":"WebSite","@id":"https:\/\/gldlaw.com\/es\/#website","url":"https:\/\/gldlaw.com\/es\/","name":"Davis &amp; Associates","description":"Dallas \/ Fort Worth Immigration Attorney","potentialAction":[{"@type":"SearchAction","target":{"@type":"EntryPoint","urlTemplate":"https:\/\/gldlaw.com\/es\/?s={search_term_string}"},"query-input":{"@type":"PropertyValueSpecification","valueRequired":true,"valueName":"search_term_string"}}],"inLanguage":"es"}]}},"_links":{"self":[{"href":"https:\/\/gldlaw.com\/es\/wp-json\/wp\/v2\/pages\/3395","targetHints":{"allow":["GET"]}}],"collection":[{"href":"https:\/\/gldlaw.com\/es\/wp-json\/wp\/v2\/pages"}],"about":[{"href":"https:\/\/gldlaw.com\/es\/wp-json\/wp\/v2\/types\/page"}],"author":[{"embeddable":true,"href":"https:\/\/gldlaw.com\/es\/wp-json\/wp\/v2\/users\/7"}],"replies":[{"embeddable":true,"href":"https:\/\/gldlaw.com\/es\/wp-json\/wp\/v2\/comments?post=3395"}],"version-history":[{"count":6,"href":"https:\/\/gldlaw.com\/es\/wp-json\/wp\/v2\/pages\/3395\/revisions"}],"predecessor-version":[{"id":10362,"href":"https:\/\/gldlaw.com\/es\/wp-json\/wp\/v2\/pages\/3395\/revisions\/10362"}],"wp:attachment":[{"href":"https:\/\/gldlaw.com\/es\/wp-json\/wp\/v2\/media?parent=3395"}],"curies":[{"name":"wp","href":"https:\/\/api.w.org\/{rel}","templated":true}]}}