{"id":3398,"date":"2015-08-10T07:12:13","date_gmt":"2015-08-10T07:12:13","guid":{"rendered":"https:\/\/gldlaw.com\/es\/firm-overview\/careers\/"},"modified":"2020-03-27T18:27:22","modified_gmt":"2020-03-27T18:27:22","slug":"carreras","status":"publish","type":"page","link":"https:\/\/gldlaw.com\/es\/presentacion-de-la-oficina\/carreras\/","title":{"rendered":"Carreras"},"content":{"rendered":"\n\t<h1>CARRERAS<\/h1>\n\t\t\t\t<img loading=\"lazy\" decoding=\"async\" src=\"https:\/\/gldlaw.com\/wp-content\/uploads\/2015\/08\/career-woman.jpg\" alt=\"Career Opportunities | Dallas Immigration Lawyer | Davis &amp; Associates\" itemprop=\"image\" height=\"1000\" width=\"2000\" title=\"Career Opportunities | Dallas Immigration Lawyer | Davis &amp; Associates\" onerror=\"this.style.display='none'\"  \/>\n\t<p>En Davis &amp; Asociados, siempre estamos buscando a individuos motivados que se pueden relacionar con las necesidades de la comunidad inmigrante en los EE.UU. para a\u00f1adir a nuestro equipo de Abogados de Inmigraci\u00f3n de Dallas y Fort Worth. Podemos o no tener una posici\u00f3n en la actualidad, pero estamos siempre dispuestos a recibir el curr\u00edculum vitae de aquellos que puedan estar interesados en trabajar con nosotros. No se requiere experiencia, pero se dar\u00e1 prioridad a aquellos que ya tienen experiencia en la asesor\u00eda jur\u00eddica, y preferiblemente experiencia pr\u00e1ctica de la ley de inmigraci\u00f3n.<\/p>\n<h3><strong>Las Posiciones Que Ofrecemos Son Los Siguientes:<\/strong><\/h3>\n<h4>Abogado Asociado<\/h4>\n<p>Esta posici\u00f3n implica el manejo de casos y la preparaci\u00f3n desde una perspectiva de an\u00e1lisis jur\u00eddico, as\u00ed como la interacci\u00f3n significativa con clientes en la preparaci\u00f3n del caso y la consulta. Requiere breve memorando y escritura, la redacci\u00f3n de las respuestas t\u00e9cnicas a las preguntas y objeciones del gobierno, y el an\u00e1lisis de las pruebas aportadas por nuestros clientes. Tambi\u00e9n, apariciones en la corte de inmigraci\u00f3n y las oficinas de inmigraci\u00f3n tambi\u00e9n son parte de la experiencia. Debe ser un abogado con licencia en los EE.UU., y las responsabilidades de la posici\u00f3n se basan en la experiencia y los intereses.<\/p>\n<p>&nbsp;<\/p>\n<h4>Paralegal<\/h4>\n<p>Los paralegales dentro de nuestra empresa son los principales responsables de apoyar a los abogados. Redacci\u00f3n de solicitudes, cartas de presentaci\u00f3n e \u00edndices, as\u00ed como la interacci\u00f3n con los clientes para obtener y dar seguimiento a la documentaci\u00f3n requerida son tambi\u00e9n importantes responsabilidades. Tambi\u00e9n plazos, la posici\u00f3n, requiere garantizar que se cumplan el procesamiento de la correspondencia recibida de los clientes y el gobierno, y preparaci\u00f3n de paquetes de evidencia para la presentaci\u00f3n.<\/p>\n<p>&nbsp;<\/p>\n<h4>Asistente legal<\/h4>\n<p>Los asistentes legales apoyan principalmente los Paralegales y posiciones administrativas. Deberes var\u00edan ampliamente dependiendo de lo que se necesita. Las tareas t\u00edpicas implicar\u00e1n la entrada de datos, procesamiento de correo, ingreso del cliente, las llamadas telef\u00f3nicas a los clientes para confirmar la recepci\u00f3n de la correspondencia del gobierno y de las entrevistas o audiencias, y hacer fotocopias.<\/p>\n<p>&nbsp;<\/p>\n<h4>\u00a0Personal Administrativo<\/h4>\n<p>Al igual que con cualquier empresa de servicios, tenemos posiciones en nuestra oficina que implican funciones de recepcionista, contabilidad, procesamiento de n\u00f3minas, y otras funciones administrativas que pueden variar de vez en cuando, dependiendo de las necesidades del negocio.<\/p>\n<p>Damos la bienvenida a cualquier persona con inter\u00e9s en formar parte de nuestro equipo para enviar un curr\u00edculum vitae y carta de presentaci\u00f3n especificando la posici\u00f3n deseada. Vamos a revisar y mantener en el archivo, y si estamos buscando activamente a ocupar una posici\u00f3n, vamos a considerar cada solicitud correspondiente antes de programar entrevistas.<\/p>\n","protected":false},"excerpt":{"rendered":"<p>CARRERAS En Davis &amp; Asociados, siempre estamos buscando a individuos motivados que se pueden relacionar con las necesidades de la comunidad inmigrante en los EE.UU. para a\u00f1adir a nuestro equipo de Abogados de Inmigraci\u00f3n de Dallas y Fort Worth. Podemos o no tener una posici\u00f3n en la actualidad, pero estamos siempre dispuestos a recibir el&hellip;<\/p>\n","protected":false},"author":7,"featured_media":0,"parent":3395,"menu_order":0,"comment_status":"closed","ping_status":"closed","template":"","meta":{"_monsterinsights_skip_tracking":false,"_monsterinsights_sitenote_active":false,"_monsterinsights_sitenote_note":"","_monsterinsights_sitenote_category":0,"footnotes":""},"class_list":["post-3398","page","type-page","status-publish","hentry"],"yoast_head":"<!-- This site is optimized with the Yoast SEO plugin v27.4 - https:\/\/yoast.com\/product\/yoast-seo-wordpress\/ -->\n<title>Profecion - Davis &amp; Asociados | Dallas\/Fort Worth<\/title>\n<meta name=\"description\" content=\"Inmigraci\u00f3n Law Firm Carreras en el \u00e1rea de Dallas Fort Worth.\" \/>\n<meta name=\"robots\" content=\"index, follow, max-snippet:-1, max-image-preview:large, max-video-preview:-1\" \/>\n<link rel=\"canonical\" href=\"https:\/\/gldlaw.com\/es\/presentacion-de-la-oficina\/carreras\/\" \/>\n<meta property=\"og:locale\" content=\"es_MX\" \/>\n<meta property=\"og:type\" content=\"article\" \/>\n<meta property=\"og:title\" content=\"Profecion - Davis &amp; Asociados | Dallas\/Fort Worth\" \/>\n<meta property=\"og:description\" content=\"Inmigraci\u00f3n Law Firm Carreras en el \u00e1rea de Dallas Fort Worth.\" \/>\n<meta property=\"og:url\" content=\"https:\/\/gldlaw.com\/es\/presentacion-de-la-oficina\/carreras\/\" \/>\n<meta property=\"og:site_name\" content=\"Davis &amp; Associates\" \/>\n<meta property=\"article:publisher\" content=\"https:\/\/www.facebook.com\/GLDavisandAssociates\/\" \/>\n<meta property=\"article:modified_time\" content=\"2020-03-27T18:27:22+00:00\" \/>\n<meta property=\"og:image\" content=\"https:\/\/gldlaw.com\/wp-content\/uploads\/2015\/08\/career-woman.jpg\" \/>\n<meta name=\"twitter:card\" content=\"summary_large_image\" \/>\n<meta name=\"twitter:site\" content=\"@GLD_Law\" \/>\n<meta name=\"twitter:label1\" content=\"Tiempo de lectura\" \/>\n\t<meta name=\"twitter:data1\" content=\"2 minutos\" \/>\n<script type=\"application\/ld+json\" class=\"yoast-schema-graph\">{\"@context\":\"https:\\\/\\\/schema.org\",\"@graph\":[{\"@type\":\"WebPage\",\"@id\":\"https:\\\/\\\/gldlaw.com\\\/es\\\/presentacion-de-la-oficina\\\/carreras\\\/\",\"url\":\"https:\\\/\\\/gldlaw.com\\\/es\\\/presentacion-de-la-oficina\\\/carreras\\\/\",\"name\":\"Profecion - Davis & Asociados | Dallas\\\/Fort Worth\",\"isPartOf\":{\"@id\":\"https:\\\/\\\/gldlaw.com\\\/es\\\/#website\"},\"primaryImageOfPage\":{\"@id\":\"https:\\\/\\\/gldlaw.com\\\/es\\\/presentacion-de-la-oficina\\\/carreras\\\/#primaryimage\"},\"image\":{\"@id\":\"https:\\\/\\\/gldlaw.com\\\/es\\\/presentacion-de-la-oficina\\\/carreras\\\/#primaryimage\"},\"thumbnailUrl\":\"https:\\\/\\\/gldlaw.com\\\/wp-content\\\/uploads\\\/2015\\\/08\\\/career-woman.jpg\",\"datePublished\":\"2015-08-10T07:12:13+00:00\",\"dateModified\":\"2020-03-27T18:27:22+00:00\",\"description\":\"Inmigraci\u00f3n Law Firm Carreras en el \u00e1rea de Dallas Fort Worth.\",\"breadcrumb\":{\"@id\":\"https:\\\/\\\/gldlaw.com\\\/es\\\/presentacion-de-la-oficina\\\/carreras\\\/#breadcrumb\"},\"inLanguage\":\"es\",\"potentialAction\":[{\"@type\":\"ReadAction\",\"target\":[\"https:\\\/\\\/gldlaw.com\\\/es\\\/presentacion-de-la-oficina\\\/carreras\\\/\"]}]},{\"@type\":\"ImageObject\",\"inLanguage\":\"es\",\"@id\":\"https:\\\/\\\/gldlaw.com\\\/es\\\/presentacion-de-la-oficina\\\/carreras\\\/#primaryimage\",\"url\":\"https:\\\/\\\/gldlaw.com\\\/wp-content\\\/uploads\\\/2015\\\/08\\\/career-woman.jpg\",\"contentUrl\":\"https:\\\/\\\/gldlaw.com\\\/wp-content\\\/uploads\\\/2015\\\/08\\\/career-woman.jpg\"},{\"@type\":\"BreadcrumbList\",\"@id\":\"https:\\\/\\\/gldlaw.com\\\/es\\\/presentacion-de-la-oficina\\\/carreras\\\/#breadcrumb\",\"itemListElement\":[{\"@type\":\"ListItem\",\"position\":1,\"name\":\"Home\",\"item\":\"https:\\\/\\\/gldlaw.com\\\/es\\\/\"},{\"@type\":\"ListItem\",\"position\":2,\"name\":\"Presentaci\u00f3n de la Oficina\",\"item\":\"https:\\\/\\\/gldlaw.com\\\/es\\\/presentacion-de-la-oficina\\\/\"},{\"@type\":\"ListItem\",\"position\":3,\"name\":\"Carreras\"}]},{\"@type\":\"WebSite\",\"@id\":\"https:\\\/\\\/gldlaw.com\\\/es\\\/#website\",\"url\":\"https:\\\/\\\/gldlaw.com\\\/es\\\/\",\"name\":\"Davis &amp; Associates\",\"description\":\"Dallas \\\/ Fort Worth Immigration Attorney\",\"potentialAction\":[{\"@type\":\"SearchAction\",\"target\":{\"@type\":\"EntryPoint\",\"urlTemplate\":\"https:\\\/\\\/gldlaw.com\\\/es\\\/?s={search_term_string}\"},\"query-input\":{\"@type\":\"PropertyValueSpecification\",\"valueRequired\":true,\"valueName\":\"search_term_string\"}}],\"inLanguage\":\"es\"}]}<\/script>\n<!-- \/ Yoast SEO plugin. -->","yoast_head_json":{"title":"Profecion - Davis & Asociados | Dallas\/Fort Worth","description":"Inmigraci\u00f3n Law Firm Carreras en el \u00e1rea de Dallas Fort Worth.","robots":{"index":"index","follow":"follow","max-snippet":"max-snippet:-1","max-image-preview":"max-image-preview:large","max-video-preview":"max-video-preview:-1"},"canonical":"https:\/\/gldlaw.com\/es\/presentacion-de-la-oficina\/carreras\/","og_locale":"es_MX","og_type":"article","og_title":"Profecion - Davis & Asociados | Dallas\/Fort Worth","og_description":"Inmigraci\u00f3n Law Firm Carreras en el \u00e1rea de Dallas Fort Worth.","og_url":"https:\/\/gldlaw.com\/es\/presentacion-de-la-oficina\/carreras\/","og_site_name":"Davis &amp; Associates","article_publisher":"https:\/\/www.facebook.com\/GLDavisandAssociates\/","article_modified_time":"2020-03-27T18:27:22+00:00","og_image":[{"url":"https:\/\/gldlaw.com\/wp-content\/uploads\/2015\/08\/career-woman.jpg","type":"","width":"","height":""}],"twitter_card":"summary_large_image","twitter_site":"@GLD_Law","twitter_misc":{"Tiempo de lectura":"2 minutos"},"schema":{"@context":"https:\/\/schema.org","@graph":[{"@type":"WebPage","@id":"https:\/\/gldlaw.com\/es\/presentacion-de-la-oficina\/carreras\/","url":"https:\/\/gldlaw.com\/es\/presentacion-de-la-oficina\/carreras\/","name":"Profecion - Davis & Asociados | Dallas\/Fort Worth","isPartOf":{"@id":"https:\/\/gldlaw.com\/es\/#website"},"primaryImageOfPage":{"@id":"https:\/\/gldlaw.com\/es\/presentacion-de-la-oficina\/carreras\/#primaryimage"},"image":{"@id":"https:\/\/gldlaw.com\/es\/presentacion-de-la-oficina\/carreras\/#primaryimage"},"thumbnailUrl":"https:\/\/gldlaw.com\/wp-content\/uploads\/2015\/08\/career-woman.jpg","datePublished":"2015-08-10T07:12:13+00:00","dateModified":"2020-03-27T18:27:22+00:00","description":"Inmigraci\u00f3n Law Firm Carreras en el \u00e1rea de Dallas Fort Worth.","breadcrumb":{"@id":"https:\/\/gldlaw.com\/es\/presentacion-de-la-oficina\/carreras\/#breadcrumb"},"inLanguage":"es","potentialAction":[{"@type":"ReadAction","target":["https:\/\/gldlaw.com\/es\/presentacion-de-la-oficina\/carreras\/"]}]},{"@type":"ImageObject","inLanguage":"es","@id":"https:\/\/gldlaw.com\/es\/presentacion-de-la-oficina\/carreras\/#primaryimage","url":"https:\/\/gldlaw.com\/wp-content\/uploads\/2015\/08\/career-woman.jpg","contentUrl":"https:\/\/gldlaw.com\/wp-content\/uploads\/2015\/08\/career-woman.jpg"},{"@type":"BreadcrumbList","@id":"https:\/\/gldlaw.com\/es\/presentacion-de-la-oficina\/carreras\/#breadcrumb","itemListElement":[{"@type":"ListItem","position":1,"name":"Home","item":"https:\/\/gldlaw.com\/es\/"},{"@type":"ListItem","position":2,"name":"Presentaci\u00f3n de la Oficina","item":"https:\/\/gldlaw.com\/es\/presentacion-de-la-oficina\/"},{"@type":"ListItem","position":3,"name":"Carreras"}]},{"@type":"WebSite","@id":"https:\/\/gldlaw.com\/es\/#website","url":"https:\/\/gldlaw.com\/es\/","name":"Davis &amp; Associates","description":"Dallas \/ Fort Worth Immigration Attorney","potentialAction":[{"@type":"SearchAction","target":{"@type":"EntryPoint","urlTemplate":"https:\/\/gldlaw.com\/es\/?s={search_term_string}"},"query-input":{"@type":"PropertyValueSpecification","valueRequired":true,"valueName":"search_term_string"}}],"inLanguage":"es"}]}},"_links":{"self":[{"href":"https:\/\/gldlaw.com\/es\/wp-json\/wp\/v2\/pages\/3398","targetHints":{"allow":["GET"]}}],"collection":[{"href":"https:\/\/gldlaw.com\/es\/wp-json\/wp\/v2\/pages"}],"about":[{"href":"https:\/\/gldlaw.com\/es\/wp-json\/wp\/v2\/types\/page"}],"author":[{"embeddable":true,"href":"https:\/\/gldlaw.com\/es\/wp-json\/wp\/v2\/users\/7"}],"replies":[{"embeddable":true,"href":"https:\/\/gldlaw.com\/es\/wp-json\/wp\/v2\/comments?post=3398"}],"version-history":[{"count":1,"href":"https:\/\/gldlaw.com\/es\/wp-json\/wp\/v2\/pages\/3398\/revisions"}],"predecessor-version":[{"id":6477,"href":"https:\/\/gldlaw.com\/es\/wp-json\/wp\/v2\/pages\/3398\/revisions\/6477"}],"up":[{"embeddable":true,"href":"https:\/\/gldlaw.com\/es\/wp-json\/wp\/v2\/pages\/3395"}],"wp:attachment":[{"href":"https:\/\/gldlaw.com\/es\/wp-json\/wp\/v2\/media?parent=3398"}],"curies":[{"name":"wp","href":"https:\/\/api.w.org\/{rel}","templated":true}]}}