{"id":3401,"date":"2015-07-29T00:01:48","date_gmt":"2015-07-29T00:01:48","guid":{"rendered":"https:\/\/gldlaw.com\/es\/terms-of-service\/"},"modified":"2019-11-18T18:00:18","modified_gmt":"2019-11-18T18:00:18","slug":"terminos-de-servicio","status":"publish","type":"page","link":"https:\/\/gldlaw.com\/es\/terminos-de-servicio\/","title":{"rendered":"T\u00e9rminos de servicio"},"content":{"rendered":"\n\t<h1>T\u00c9RMINOS DE SERVICIO<\/h1>\n\t<h3>RENUNCIAS Y CONDICIONES DE USO<\/h3>\n<p>El contenido de esta p\u00e1gina web se pretende transmitir la informaci\u00f3n general sobre Davis &#038; Associates. Cualquier informaci\u00f3n proporcionada en este sitio web est\u00e1 destinada \u00fanicamente con fines informativos y no debe confiarse en ella o de lo contrario interpretarse como asesoramiento legal. No es una oferta para que lo represente y no crea una relaci\u00f3n de abogado \/ cliente. El contenido de cualquier correo electr\u00f3nico enviado a Davis &#038; Associates o cualquier abogado o empleado de la firma en las direcciones de correo electr\u00f3nico u otra informaci\u00f3n de contacto en este sitio web no crea una relaci\u00f3n de abogado \/ cliente y no ser\u00e1 tratada como confidencial. Cualquier uso de este sitio web que no sea para uso personal, informativo, est\u00e1 estrictamente prohibido. \u00a9 2016, Davis &#038; Associates. Todos los derechos reservados.<\/p>\n<h4>Ligas a nuestra p\u00e1gina<\/h4>\n<p>Los enlaces dentro de este sitio web pueden conducir a otros sitios web. Dichos enlaces se proporcionan por comodidad del visitante para proporcionar m\u00e1s informaci\u00f3n. Davis &#038; Asociados no necesariamente patrocina, avala, o de otra manera aprueban dichos materiales vinculados y no controla ni garantiza la exactitud, pertinencia, oportunidad o integridad de la informaci\u00f3n contenida en dichos enlaces.<\/p>\n<h4>Nuestras publicaciones<\/h4>\n<p>Publicaciones proporcionadas por Davis &#038; Associates y no debe interpretarse como asesoramiento jur\u00eddico sobre todos los hechos o circunstancias espec\u00edficas. El contenido de nuestras publicaciones est\u00e1n destinadas s\u00f3lo para fines de informaci\u00f3n general y no pueden ser citados o mencionados en el cualquier otra publicaci\u00f3n o procedimiento sin el consentimiento previo por escrito de Davis &#038; Associates, para ser dado o retenido a nuestra discreci\u00f3n. Para solicitar el permiso de reproducci\u00f3n de cualquiera de nuestras publicaciones, por favor, p\u00f3ngase en contacto con nosotros como info@gldlaw.com. El env\u00edo de nuestras publicaciones no est\u00e1 destinada a crear, y el recibo de ellos no constituye, una relaci\u00f3n de abogado-cliente. Los puntos de vista establecidos en el mismo son las opiniones personales del autor y no reflejan necesariamente los de Davis &#038; Associates.<\/p>\n<h4>DECLARACI\u00d3N DE ACUERDO CON LAS TEJAS normas de conducta profesional<\/h4>\n<p>Abogados residentes en todas las oficinas, a menos que se indique lo contrario en una biograf\u00eda abogado individual, no est\u00e1n certificados por el Consejo de Especializaci\u00f3n Legal de Texas.<\/p>\n","protected":false},"excerpt":{"rendered":"<p>T\u00c9RMINOS DE SERVICIO RENUNCIAS Y CONDICIONES DE USO El contenido de esta p\u00e1gina web se pretende transmitir la informaci\u00f3n general sobre Davis &#038; Associates. Cualquier informaci\u00f3n proporcionada en este sitio web est\u00e1 destinada \u00fanicamente con fines informativos y no debe confiarse en ella o de lo contrario interpretarse como asesoramiento legal. No es una oferta&hellip;<\/p>\n","protected":false},"author":7,"featured_media":0,"parent":0,"menu_order":0,"comment_status":"closed","ping_status":"closed","template":"","meta":{"_monsterinsights_skip_tracking":false,"_monsterinsights_sitenote_active":false,"_monsterinsights_sitenote_note":"","_monsterinsights_sitenote_category":0,"footnotes":""},"class_list":["post-3401","page","type-page","status-publish","hentry"],"yoast_head":"<!-- This site is optimized with the Yoast SEO plugin v27.5 - https:\/\/yoast.com\/product\/yoast-seo-wordpress\/ -->\n<title>Condiciones | Davis y Asociados | Abogado de Inmigraci\u00f3n de Dallas TX<\/title>\n<meta name=\"description\" content=\"El contenido de este sitio web est\u00e1 destinado a transmitir informaci\u00f3n general sobre Davis &amp; Associates y tiene fines informativos \u00fanicamente.\" \/>\n<meta name=\"robots\" content=\"index, follow, max-snippet:-1, max-image-preview:large, max-video-preview:-1\" \/>\n<link rel=\"canonical\" href=\"https:\/\/gldlaw.com\/es\/terminos-de-servicio\/\" \/>\n<meta property=\"og:locale\" content=\"es_MX\" \/>\n<meta property=\"og:type\" content=\"article\" \/>\n<meta property=\"og:title\" content=\"Condiciones | Davis y Asociados | Abogado de Inmigraci\u00f3n de Dallas TX\" \/>\n<meta property=\"og:description\" content=\"El contenido de este sitio web est\u00e1 destinado a transmitir informaci\u00f3n general sobre Davis &amp; Associates y tiene fines informativos \u00fanicamente.\" \/>\n<meta property=\"og:url\" content=\"https:\/\/gldlaw.com\/es\/terminos-de-servicio\/\" \/>\n<meta property=\"og:site_name\" content=\"Davis &amp; Associates\" \/>\n<meta property=\"article:publisher\" content=\"https:\/\/www.facebook.com\/GLDavisandAssociates\/\" \/>\n<meta property=\"article:modified_time\" content=\"2019-11-18T18:00:18+00:00\" \/>\n<meta property=\"og:image\" content=\"https:\/\/gldlaw.com\/wp-content\/uploads\/2016\/09\/Attorney-At-Law-Mag-5.png\" \/>\n\t<meta property=\"og:image:width\" content=\"560\" \/>\n\t<meta property=\"og:image:height\" content=\"315\" \/>\n\t<meta property=\"og:image:type\" content=\"image\/png\" \/>\n<meta name=\"twitter:card\" content=\"summary_large_image\" \/>\n<meta name=\"twitter:site\" content=\"@GLD_Law\" \/>\n<meta name=\"twitter:label1\" content=\"Tiempo de lectura\" \/>\n\t<meta name=\"twitter:data1\" content=\"2 minutos\" \/>\n<script type=\"application\/ld+json\" class=\"yoast-schema-graph\">{\"@context\":\"https:\\\/\\\/schema.org\",\"@graph\":[{\"@type\":\"WebPage\",\"@id\":\"https:\\\/\\\/gldlaw.com\\\/es\\\/terminos-de-servicio\\\/\",\"url\":\"https:\\\/\\\/gldlaw.com\\\/es\\\/terminos-de-servicio\\\/\",\"name\":\"Condiciones | Davis y Asociados | Abogado de Inmigraci\u00f3n de Dallas TX\",\"isPartOf\":{\"@id\":\"https:\\\/\\\/gldlaw.com\\\/es\\\/#website\"},\"datePublished\":\"2015-07-29T00:01:48+00:00\",\"dateModified\":\"2019-11-18T18:00:18+00:00\",\"description\":\"El contenido de este sitio web est\u00e1 destinado a transmitir informaci\u00f3n general sobre Davis & Associates y tiene fines informativos \u00fanicamente.\",\"breadcrumb\":{\"@id\":\"https:\\\/\\\/gldlaw.com\\\/es\\\/terminos-de-servicio\\\/#breadcrumb\"},\"inLanguage\":\"es\",\"potentialAction\":[{\"@type\":\"ReadAction\",\"target\":[\"https:\\\/\\\/gldlaw.com\\\/es\\\/terminos-de-servicio\\\/\"]}]},{\"@type\":\"BreadcrumbList\",\"@id\":\"https:\\\/\\\/gldlaw.com\\\/es\\\/terminos-de-servicio\\\/#breadcrumb\",\"itemListElement\":[{\"@type\":\"ListItem\",\"position\":1,\"name\":\"Home\",\"item\":\"https:\\\/\\\/gldlaw.com\\\/es\\\/\"},{\"@type\":\"ListItem\",\"position\":2,\"name\":\"T\u00e9rminos de servicio\"}]},{\"@type\":\"WebSite\",\"@id\":\"https:\\\/\\\/gldlaw.com\\\/es\\\/#website\",\"url\":\"https:\\\/\\\/gldlaw.com\\\/es\\\/\",\"name\":\"Davis &amp; Associates\",\"description\":\"Dallas \\\/ Fort Worth Immigration Attorney\",\"potentialAction\":[{\"@type\":\"SearchAction\",\"target\":{\"@type\":\"EntryPoint\",\"urlTemplate\":\"https:\\\/\\\/gldlaw.com\\\/es\\\/?s={search_term_string}\"},\"query-input\":{\"@type\":\"PropertyValueSpecification\",\"valueRequired\":true,\"valueName\":\"search_term_string\"}}],\"inLanguage\":\"es\"}]}<\/script>\n<!-- \/ Yoast SEO plugin. -->","yoast_head_json":{"title":"Condiciones | Davis y Asociados | Abogado de Inmigraci\u00f3n de Dallas TX","description":"El contenido de este sitio web est\u00e1 destinado a transmitir informaci\u00f3n general sobre Davis & Associates y tiene fines informativos \u00fanicamente.","robots":{"index":"index","follow":"follow","max-snippet":"max-snippet:-1","max-image-preview":"max-image-preview:large","max-video-preview":"max-video-preview:-1"},"canonical":"https:\/\/gldlaw.com\/es\/terminos-de-servicio\/","og_locale":"es_MX","og_type":"article","og_title":"Condiciones | Davis y Asociados | Abogado de Inmigraci\u00f3n de Dallas TX","og_description":"El contenido de este sitio web est\u00e1 destinado a transmitir informaci\u00f3n general sobre Davis & Associates y tiene fines informativos \u00fanicamente.","og_url":"https:\/\/gldlaw.com\/es\/terminos-de-servicio\/","og_site_name":"Davis &amp; Associates","article_publisher":"https:\/\/www.facebook.com\/GLDavisandAssociates\/","article_modified_time":"2019-11-18T18:00:18+00:00","og_image":[{"width":560,"height":315,"url":"https:\/\/gldlaw.com\/wp-content\/uploads\/2016\/09\/Attorney-At-Law-Mag-5.png","type":"image\/png"}],"twitter_card":"summary_large_image","twitter_site":"@GLD_Law","twitter_misc":{"Tiempo de lectura":"2 minutos"},"schema":{"@context":"https:\/\/schema.org","@graph":[{"@type":"WebPage","@id":"https:\/\/gldlaw.com\/es\/terminos-de-servicio\/","url":"https:\/\/gldlaw.com\/es\/terminos-de-servicio\/","name":"Condiciones | Davis y Asociados | Abogado de Inmigraci\u00f3n de Dallas TX","isPartOf":{"@id":"https:\/\/gldlaw.com\/es\/#website"},"datePublished":"2015-07-29T00:01:48+00:00","dateModified":"2019-11-18T18:00:18+00:00","description":"El contenido de este sitio web est\u00e1 destinado a transmitir informaci\u00f3n general sobre Davis & Associates y tiene fines informativos \u00fanicamente.","breadcrumb":{"@id":"https:\/\/gldlaw.com\/es\/terminos-de-servicio\/#breadcrumb"},"inLanguage":"es","potentialAction":[{"@type":"ReadAction","target":["https:\/\/gldlaw.com\/es\/terminos-de-servicio\/"]}]},{"@type":"BreadcrumbList","@id":"https:\/\/gldlaw.com\/es\/terminos-de-servicio\/#breadcrumb","itemListElement":[{"@type":"ListItem","position":1,"name":"Home","item":"https:\/\/gldlaw.com\/es\/"},{"@type":"ListItem","position":2,"name":"T\u00e9rminos de servicio"}]},{"@type":"WebSite","@id":"https:\/\/gldlaw.com\/es\/#website","url":"https:\/\/gldlaw.com\/es\/","name":"Davis &amp; Associates","description":"Dallas \/ Fort Worth Immigration Attorney","potentialAction":[{"@type":"SearchAction","target":{"@type":"EntryPoint","urlTemplate":"https:\/\/gldlaw.com\/es\/?s={search_term_string}"},"query-input":{"@type":"PropertyValueSpecification","valueRequired":true,"valueName":"search_term_string"}}],"inLanguage":"es"}]}},"_links":{"self":[{"href":"https:\/\/gldlaw.com\/es\/wp-json\/wp\/v2\/pages\/3401","targetHints":{"allow":["GET"]}}],"collection":[{"href":"https:\/\/gldlaw.com\/es\/wp-json\/wp\/v2\/pages"}],"about":[{"href":"https:\/\/gldlaw.com\/es\/wp-json\/wp\/v2\/types\/page"}],"author":[{"embeddable":true,"href":"https:\/\/gldlaw.com\/es\/wp-json\/wp\/v2\/users\/7"}],"replies":[{"embeddable":true,"href":"https:\/\/gldlaw.com\/es\/wp-json\/wp\/v2\/comments?post=3401"}],"version-history":[{"count":1,"href":"https:\/\/gldlaw.com\/es\/wp-json\/wp\/v2\/pages\/3401\/revisions"}],"predecessor-version":[{"id":5925,"href":"https:\/\/gldlaw.com\/es\/wp-json\/wp\/v2\/pages\/3401\/revisions\/5925"}],"wp:attachment":[{"href":"https:\/\/gldlaw.com\/es\/wp-json\/wp\/v2\/media?parent=3401"}],"curies":[{"name":"wp","href":"https:\/\/api.w.org\/{rel}","templated":true}]}}