{"id":3415,"date":"2016-08-12T03:53:36","date_gmt":"2016-08-12T03:53:36","guid":{"rendered":"https:\/\/gldlaw.com\/es\/practice-areas\/deportation\/"},"modified":"2025-04-14T11:11:26","modified_gmt":"2025-04-14T16:11:26","slug":"deportacion","status":"publish","type":"page","link":"https:\/\/gldlaw.com\/es\/inmigracion\/deportacion\/","title":{"rendered":"Deportaci\u00f3n"},"content":{"rendered":"\n\n\t<h1>Abogado de Deportaci\u00f3n en Texas<\/h1>\n\t<h2>ABOGADOS DE DEPORTACI\u00d3N DE HOUSTON Y DALLAS<\/h2>\n<p>Los <a href=\"https:\/\/gldlaw.com\/es\/abogados\/\">abogados de inmigraci\u00f3n en <\/a>\u00a0nuestra firma han juzgado cientos de casos de deportaci\u00f3n en la corte de inmigraci\u00f3n durante m\u00e1s de 10 a\u00f1os de experiencia combinada en tribunales de todo el pa\u00eds.<\/p>\n<p>Tambi\u00e9n hemos presentado innumerables apelaciones ante los tribunales superiores. <a href=\"https:\/\/gldlaw.com\/es\/abogados\/garry-davis\/\">Garry Davis, <\/a>abogado de deportaci\u00f3n y fundador de nuestra firma, est\u00e1 certificado por la Junta de Especializaci\u00f3n Legal de Texas en Ley de Inmigraci\u00f3n y Nacionalidad.<\/p>\n\t\t\t\t<img loading=\"lazy\" decoding=\"async\" src=\"https:\/\/gldlaw.com\/wp-content\/uploads\/2023\/06\/Davis-Associates-Abogados-de-deportacion.png\" alt=\"Davis &amp; Associates - Abogados de deportacio\u0301n\" itemprop=\"image\" height=\"403\" width=\"768\" title=\"Davis &amp; Associates - Abogados de deportacio\u0301n\" onerror=\"this.style.display='none'\"  \/>\n\t<p>Nuestro <a href=\"https:\/\/gldlaw.com\/es\/presentacion-de-la-oficina\/\">bufete de abogados de inmigraci\u00f3n<\/a> se enfoca exclusivamente en la pr\u00e1ctica de la Ley de Inmigraci\u00f3n de los Estados Unidos. Ese enfoque nos permite proporcionar a nuestros clientes una representaci\u00f3n de inmigraci\u00f3n altamente efectiva y eficiente.<\/p>\n\t<h2>AREA DE PRACTICA DE DEPORTACI\u00d3N<\/h2>\n<p>Nuestra \u00e1rea de pr\u00e1ctica de Deportaci\u00f3n ayuda a las personas y familias a navegar los desaf\u00edos de un procesamiento de expulsi\u00f3n.<\/p>\n<p>Representamos a nuestros clientes en un procesamiento de expulsi\u00f3n incluyendo:<\/p>\n<ul>\n<li>Procedimiento de Revocaci\u00f3n<\/li>\n<li>Apelaciones<\/li>\n<\/ul>\n\t<h4>MASIEL OLIVA<\/h4>\n<p>Gracias chicos por todo su gran trabajo. Mi esposa y yo estuvimos muy satisfechos con sus servicios y no podr\u00edamos haber elegido un mejor equipo para llevar nuestro caso. Sin duda referimos Davis &amp; Asociados para nuestra familia y amigos. El proceso fue muy sencillo y accesible. \u00a1Gracias de nuevo!<\/p>\n\t<p>Para innumerables personas en todo Estados Unidos, la deportaci\u00f3n es un temor muy real. Esto es especialmente cierto para aquellos que han pasado muchos a\u00f1os en los Estados Unidos (EE.UU.). Estos inmigrantes a menudo est\u00e1n profundamente enredados en sus comunidades y tienen trabajos, familias y hogares.<\/p>\n<p>En los Estados Unidos, hay varias razones prominentes por las que un inmigrante puede enfrentar procedimientos de deportaci\u00f3n. A veces, la raz\u00f3n puede ser simple. Por ejemplo, los procedimientos de deportaci\u00f3n pueden comenzar si alguien olvida notificar al gobierno de un cambio de direcci\u00f3n.<\/p>\n<p>Si usted o un ser querido se enfrentan a un proceso de expulsi\u00f3n, obtenga ayuda de inmediato. Un abogado de inmigraci\u00f3n con experiencia puede proteger sus derechos y garantizar una consideraci\u00f3n judicial justa. Cont\u00e1ctenos hoy para una consulta inicial gratuita con uno de nuestros abogados.<\/p>\n\t<h2>Haga Clic Hoy Para Su Consulta Gratis<\/h2>\n\t\t\t<a href=\"https:\/\/gldlaw.com\/es\/contacto\/\" target=\"_self\">\n\t\t\t\t\t\t\tOprima Aqu\u00ed\n\t\t\t\t\t<\/a>\n\t<h2>RAZONES POR LAS QUE ALGUIEN PUEDE ENFRENTAR LA DEPORTACI\u00d3N<\/h2>\n<p><img loading=\"lazy\" decoding=\"async\" src=\"https:\/\/gldlaw.com\/wp-content\/uploads\/2023\/06\/Abogados-de-Deportacion-1024x538.png\" alt=\"Abogados de Deportacio\u0301n\" width=\"501\" height=\"263\" \/>Cualquier inmigrante, incluso los titulares de la tarjeta verde, pueden enfrentar la deportaci\u00f3n bajo ciertas circunstancias. El \u00fanico caso en que un inmigrante se recupera de la deportaci\u00f3n es cuando se convierte en ciudadano estadounidense naturalizado (a menos que haya adquirido fraudulentamente su tarjeta verde o ciudadan\u00eda). Por lo tanto, es de vital importancia entender c\u00f3mo una persona puede ser elegible para la deportaci\u00f3n. \u00bfQu\u00e9 eventos o acciones pueden desencadenar procedimientos de expulsi\u00f3n?<\/p>\n<p>Los motivos para la expulsi\u00f3n est\u00e1n dictados por la Secci\u00f3n 237 de la Ley de Inmigraci\u00f3n y Nacionalidad (INA). Si bien hay muchas razones para una posible deportaci\u00f3n estipuladas en el INA, algunas de las m\u00e1s comunes incluyen las que se enumeran a continuaci\u00f3n. Las razones marcadas con un asterisco son elegibles para la eliminaci\u00f3n acelerada. Para obtener m\u00e1s informaci\u00f3n o detalles, puede leer la totalidad de los delitos deportables enumerados por la INA a trav\u00e9s del enlace anterior.<\/p>\n<ul>\n<li>Delitos penales, incluidos &#8220;delitos de vileza moral&#8221; y delitos graves agravados<\/li>\n<li>Delitos de drogas<\/li>\n<li>Violaci\u00f3n del acuerdo de admisi\u00f3n, como quedarse m\u00e1s tiempo del permitido por una visa<\/li>\n<li>Fraude documental<\/li>\n<li>Fraude matrimonial<\/li>\n<li>Falta de registro, incluido el cambio de direcci\u00f3n<\/li>\n<li>Entrada ilegal o indocumentada a los Estados Unidos*<\/li>\n<li>Inadmisibilidad a los Estados Unidos al ingresar*<\/li>\n<\/ul>\n<h3><strong>&#8220;Expulsi\u00f3n acelerada&#8221;<\/strong><\/h3>\n<p>Bajo ciertas circunstancias, una persona puede enfrentar procedimientos de deportaci\u00f3n acelerados. Durante la expulsi\u00f3n acelerada, una persona no tiene derecho a una audiencia. Esto ocurre en ocasiones muy espec\u00edficas. Por lo general, tales procedimientos ocurren cuando un inmigrante indocumentado es detenido dentro de las dos semanas posteriores a su llegada. La expulsi\u00f3n acelerada tambi\u00e9n puede ocurrir si una persona es declarada inadmisible al llegar a los EE. UU. Puede leer m\u00e1s sobre la expulsi\u00f3n acelerada en el sitio web del Consejo Americano de Inmigraci\u00f3n.<\/p>\n<h3><strong>\u00bfQu\u00e9 sucede durante los procedimientos de expulsi\u00f3n?<\/strong><\/h3>\n<p>Si a una persona se le emite una NTA o es detenida por ICE, se le ordenar\u00e1 comparecer ante un juez de inmigraci\u00f3n. El juez de inmigraci\u00f3n decidir\u00e1 en \u00faltima instancia si comenzar\u00e1 la deportaci\u00f3n de una persona. Actualmente, un atraso r\u00e9cord que consta de 800,000 casos est\u00e1 pesando sobre el sistema judicial de inmigraci\u00f3n de los Estados Unidos. Por lo tanto, cualquier persona que enfrente procedimientos de deportaci\u00f3n que no sean &#8220;acelerados&#8221; debe esperar un proceso potencialmente largo y arduo. La representaci\u00f3n legal adecuada garantizar\u00e1 que los acusados reciban una consideraci\u00f3n justa durante los procedimientos de deportaci\u00f3n. Puede leer m\u00e1s sobre qu\u00e9 esperar aqu\u00ed.<\/p>\n<h3><strong>Recuerde sus derechos<\/strong><\/h3>\n<p>Cuando se enfrenta a procedimientos de deportaci\u00f3n est\u00e1ndar, cualquier inmigrante tiene derechos muy espec\u00edficos. Estos derechos incluyen (1) el derecho a un abogado, idealmente un abogado defensor de deportaci\u00f3n, (2) el derecho a una audiencia y (3) el derecho a un int\u00e9rprete. Si bien los acusados de deportaci\u00f3n tienen derecho a un abogado, a diferencia de los ciudadanos estadounidenses, el gobierno no proporcionar\u00e1 un abogado a su cargo.<\/p>\n<h3><strong>\u00bfC\u00f3mo puede detener la deportaci\u00f3n?<\/strong><\/h3>\n<p>Afortunadamente, existen varias v\u00edas legales para detener la deportaci\u00f3n. La Ley de Inmigraci\u00f3n y Nacional (INA) estipula estas opciones e implican situaciones o condiciones espec\u00edficas que deben cumplirse. Por ejemplo, una persona puede solicitar asilo pol\u00edtico para recibir un indulto de la deportaci\u00f3n. Otra opci\u00f3n para los residentes permanentes legales (LPR) con condenas penales es la cancelaci\u00f3n de la expulsi\u00f3n. La mejor persona para discutir sus opciones es un abogado de inmigraci\u00f3n, quien sopesar\u00e1 cada posibilidad cuidadosamente. Tambi\u00e9n puede leer m\u00e1s sobre posibles formas de detener la deportaci\u00f3n aqu\u00ed.<\/p>\n<h3><strong>El paso crucial<\/strong><\/h3>\n<p>Para cualquier inmigrante que enfrenta los complicados procesos del sistema judicial de inmigraci\u00f3n de los Estados Unidos, un abogado puede proporcionar asesoramiento y orientaci\u00f3n invaluables. A menudo, un abogado adecuado puede significar la diferencia entre una decisi\u00f3n exitosa o desfavorable e incluso puede proteger de la deportaci\u00f3n en s\u00ed. Eagly &amp; Shafer produjo un extenso informe que encontr\u00f3 que los abogados de inmigraci\u00f3n aumentan las posibilidades de resultados positivos para los inmigrantes que enfrentan procedimientos legales.<\/p>\n<p>De hecho, seg\u00fan el informe, los inmigrantes con una representaci\u00f3n adecuada ten\u00edan m\u00e1s probabilidades de:<\/p>\n<ul>\n<li>Lograr una audiencia de custodia (si actualmente est\u00e1 detenido);<\/li>\n<li>Lograr la liberaci\u00f3n de la detenci\u00f3n migratoria;<\/li>\n<li>Comparecer para las fechas de la corte (evitando la expulsi\u00f3n en ausencia);<\/li>\n<li>Recibir fallos exitosos en casos de deportaci\u00f3n o remoci\u00f3n; y\/o<\/li>\n<li>Buscar y recibir alivio de la deportaci\u00f3n.<\/li>\n<\/ul>\n\t<h2>Haga Clic Hoy Para Su Consulta Gratis<\/h2>\n\t\t\t<a href=\"https:\/\/gldlaw.com\/es\/contacto\/\" target=\"_self\">\n\t\t\t\t\t\t\tOprima Aqu\u00ed\n\t\t\t\t\t<\/a>\n\t<h2>ABOGADOS DE INMIGRACI\u00d3N DE DEPORTACI\u00d3N<\/h2>\n<p><img loading=\"lazy\" decoding=\"async\" src=\"https:\/\/gldlaw.com\/wp-content\/uploads\/2023\/06\/Cancellation-of-Removal-Deportation-Services.png\" alt=\"Cancellation of Removal - Deportation Services\" width=\"500\" height=\"375\" \/>Las personas potencialmente sujetas a deportaci\u00f3n de los Estados Unidos \u00a0pueden llamar la atenci\u00f3n de los oficiales de inmigraci\u00f3n de los Estados Unidos de muchas maneras diferentes. La polic\u00eda local puede detener a alguien por una infracci\u00f3n de tr\u00e1fico. Los <a href=\"https:\/\/gldlaw.com\/es\/inmigracion\/visas\/\">titulares de visas de estudiante <\/a>\u00a0son referidos a ellos cuando caen por debajo de sus horas de cr\u00e9dito requeridas. Las solicitudes de beneficios de inmigraci\u00f3n denegadas, incluso aquellas denegadas por error, pueden llevar a procedimientos de deportaci\u00f3n. Incluso una ofensa criminal de hace treinta a\u00f1os, que no era una condena bajo la ley local (es decir, una desestimaci\u00f3n de adjudicaci\u00f3n diferida) puede resultar en que incluso los residentes permanentes legales sean colocados en proceso de deportaci\u00f3n. Las formas son variadas y numerosas.<\/p>\n<p>Tratar de sobrevivir al procesamiento de deportaci\u00f3n es una empresa dif\u00edcil. Los procedimientos son complicados; Las opciones son dif\u00edciles de entender y reconocer. Si usted, su ser querido o su empleado han sido puestos en proceso de deportaci\u00f3n, debe encontrar un abogado competente que lo gu\u00ede y lo apoye a trav\u00e9s del proceso.<\/p>\n<p>Los <a href=\"https:\/\/gldlaw.com\/es\/abogados\/\">abogados de deportaci\u00f3n de <\/a>\u00a0nuestra firma han juzgado cientos de casos de deportaci\u00f3n en la corte de inmigraci\u00f3n durante m\u00e1s de 10 a\u00f1os de experiencia combinada en tribunales de todo el pa\u00eds. Tambi\u00e9n hemos presentado innumerables apelaciones ante los tribunales superiores. Garry Davis, el fundador de nuestra firma y un abogado de inmigraci\u00f3n y deportaci\u00f3n certificado por la junta, est\u00e1 certificado por la Junta de Especializaci\u00f3n Legal de Texas en Ley de Inmigraci\u00f3n y Nacionalidad. Nuestro <a href=\"https:\/\/gldlaw.com\/es\/presentacion-de-la-oficina\/\">bufete de abogados de inmigraci\u00f3n<\/a> se enfoca exclusivamente en la pr\u00e1ctica de la Ley de Inmigraci\u00f3n de los Estados Unidos. Ese enfoque nos permite proporcionar a nuestros clientes una representaci\u00f3n de inmigraci\u00f3n altamente efectiva y eficiente.<\/p>\n<h2>PROCEDIMIENTO DE REMOCI\u00d3N<\/h2>\n<p>Cualquier persona que est\u00e9 f\u00edsicamente presente en los Estados Unidos pero que no sea ciudadano de los Estados Unidos puede estar sujeta a procedimientos de deportaci\u00f3n. Los procedimientos de deportaci\u00f3n en un tribunal de inmigraci\u00f3n son la forma en que el gobierno deporta a un no ciudadano de este pa\u00eds y lo obliga a regresar a su pa\u00eds de nacionalidad. Los procedimientos pueden ser desencadenados por cualquier cantidad de cosas, incluidas las condenas penales y la falta de mantenimiento del estatus.<\/p>\n<p>Nuestros abogados de inmigraci\u00f3n de deportaci\u00f3n representan a personas en procedimientos de deportaci\u00f3n en Houston y Dallas \/ Fort Worth, TX. Nuestros abogados de deportaci\u00f3n tambi\u00e9n est\u00e1n disponibles para casos basados en otras ciudades de Texas y los Estados Unidos. Aceptamos todo tipo de casos de deportaci\u00f3n, incluidos aquellos en los que el cliente es detenido por el Servicio de Inmigraci\u00f3n y Control de Aduanas. Tambi\u00e9n aceptamos casos que buscan la redeterminaci\u00f3n de custodia ante un juez de inmigraci\u00f3n (fianzas de inmigraci\u00f3n).<\/p>\n<h3>APELACIONES CON UN ABOGADO DE DEPORTACI\u00d3N<\/h3>\n<p>Cuando una persona no est\u00e1 de acuerdo con el fallo del juez de inmigraci\u00f3n al concluir sus procedimientos de deportaci\u00f3n, puede apelar la decisi\u00f3n ante la Junta de Apelaciones de Inmigraci\u00f3n en Falls Church, VA. La habilidad de un abogado experimentado es vital para ganar una apelaci\u00f3n ante la BIA. En la apelaci\u00f3n, los casos se eval\u00faan sobre la base de argumentos legales presentados en forma de un escrito escrito. Un abogado de deportaci\u00f3n debe tener un conocimiento vasto y detallado de las leyes de inmigraci\u00f3n y los casos de inmigraci\u00f3n para hacer el mejor y m\u00e1s persuasivo argumento posible.<\/p>\n<p>Davis &amp; Associates tiene experiencia en el manejo de apelaciones de BIA. El abogado de inmigraci\u00f3n certificado <a href=\"https:\/\/www.gldlaw.com\/attorneys\/garry-davis\">Garry Davis<\/a> y\u00a0el resto del equipo son abogados de inmigraci\u00f3n conocedores y talentosos \u00a0que presentan argumentos legales inteligentes e innovadores en sus informes a la BIA. Nuestros abogados de inmigraci\u00f3n de deportaci\u00f3n colaboran en la mayor\u00eda de nuestros casos y pasan muchas horas discutiendo la estrategia legal. Juntos tienen m\u00e1s de una docena de a\u00f1os de experiencia en casos de leyes de inmigraci\u00f3n, deportaci\u00f3n y apelaciones.<\/p>\n<h2><strong>\u00bfPreguntas o inquietudes? P\u00f3ngase en contacto con Davis &amp; Associates hoy<\/strong><\/h2>\n<p>Recuerde, el asesoramiento legal adecuado brinda la mejor oportunidad de \u00e9xito cuando se enfrenta a un proceso de deportaci\u00f3n. Si tiene alguna pregunta o inquietud con respecto a la deportaci\u00f3n o expulsi\u00f3n, comun\u00edquese con un abogado de inmigraci\u00f3n lo antes posible. Ellos representar\u00e1n sus intereses, lo guiar\u00e1n a trav\u00e9s del proceso y defender\u00e1n sus derechos. Y, como se mencion\u00f3 anteriormente, trabajar con un abogado no solo brinda la mayor probabilidad de \u00e9xito en general, sino que facilita todo el proceso de litigio.<\/p>\n<p>Los abogados expertos en inmigraci\u00f3n de Davis &amp; Associates atienden a clientes en el \u00e1rea de Dallas y Fort Worth. Estamos orgullosos de representar a los clientes y defenderlos durante los procedimientos de deportaci\u00f3n. Cont\u00e1ctenos hoy para una consulta inicial gratuita &#8211; la ayuda est\u00e1 al alcance de la mano.<\/p>\n\t<h2>Haga Clic Hoy Para Su Consulta Gratis<\/h2>\n\t\t\t<a href=\"https:\/\/gldlaw.com\/es\/contacto\/\" target=\"_self\">\n\t\t\t\t\t\t\tOprima Aqu\u00ed\n\t\t\t\t\t<\/a>\n\n","protected":false},"excerpt":{"rendered":"<p>Abogado de Deportaci\u00f3n en Texas ABOGADOS DE DEPORTACI\u00d3N DE HOUSTON Y DALLAS Los abogados de inmigraci\u00f3n en \u00a0nuestra firma han juzgado cientos de casos de deportaci\u00f3n en la corte de inmigraci\u00f3n durante m\u00e1s de 10 a\u00f1os de experiencia combinada en tribunales de todo el pa\u00eds. Tambi\u00e9n hemos presentado innumerables apelaciones ante los tribunales superiores. Garry&hellip;<\/p>\n","protected":false},"author":18,"featured_media":0,"parent":3409,"menu_order":0,"comment_status":"closed","ping_status":"closed","template":"","meta":{"_monsterinsights_skip_tracking":false,"_monsterinsights_sitenote_active":false,"_monsterinsights_sitenote_note":"","_monsterinsights_sitenote_category":0,"footnotes":""},"class_list":["post-3415","page","type-page","status-publish","hentry"],"yoast_head":"<!-- This site is optimized with the Yoast SEO plugin v27.3 - https:\/\/yoast.com\/product\/yoast-seo-wordpress\/ -->\n<title>Abogados de Deportaci\u00f3n | Dallas Ft Worth | Davis &amp; Asociados<\/title>\n<meta name=\"description\" content=\"Los abogados en nuestra oficina han tratado cientos de casos de deportaci\u00f3n en la corte de inmigraci\u00f3n. Davis y Asociados, Dallas, TX.\" \/>\n<meta name=\"robots\" content=\"index, follow, max-snippet:-1, max-image-preview:large, max-video-preview:-1\" \/>\n<link rel=\"canonical\" href=\"https:\/\/gldlaw.com\/es\/inmigracion\/deportacion\/\" \/>\n<meta property=\"og:locale\" content=\"es_MX\" \/>\n<meta property=\"og:type\" content=\"article\" \/>\n<meta property=\"og:title\" content=\"Abogados de Deportaci\u00f3n | Dallas Ft Worth | Davis &amp; Asociados\" \/>\n<meta property=\"og:description\" content=\"Los abogados en nuestra oficina han tratado cientos de casos de deportaci\u00f3n en la corte de inmigraci\u00f3n. Davis y Asociados, Dallas, TX.\" \/>\n<meta property=\"og:url\" content=\"https:\/\/gldlaw.com\/es\/inmigracion\/deportacion\/\" \/>\n<meta property=\"og:site_name\" content=\"Davis &amp; Associates\" \/>\n<meta property=\"article:publisher\" content=\"https:\/\/www.facebook.com\/GLDavisandAssociates\/\" \/>\n<meta property=\"article:modified_time\" content=\"2025-04-14T16:11:26+00:00\" \/>\n<meta property=\"og:image\" content=\"https:\/\/gldlaw.com\/wp-content\/uploads\/2023\/06\/Davis-Associates-Abogados-de-deportacion.png\" \/>\n<meta name=\"twitter:card\" content=\"summary_large_image\" \/>\n<meta name=\"twitter:site\" content=\"@GLD_Law\" \/>\n<meta name=\"twitter:label1\" content=\"Tiempo de lectura\" \/>\n\t<meta name=\"twitter:data1\" content=\"10 minutos\" \/>\n<script type=\"application\/ld+json\" class=\"yoast-schema-graph\">{\"@context\":\"https:\\\/\\\/schema.org\",\"@graph\":[{\"@type\":\"WebPage\",\"@id\":\"https:\\\/\\\/gldlaw.com\\\/es\\\/inmigracion\\\/deportacion\\\/\",\"url\":\"https:\\\/\\\/gldlaw.com\\\/es\\\/inmigracion\\\/deportacion\\\/\",\"name\":\"Abogados de Deportaci\u00f3n | Dallas Ft Worth | Davis & Asociados\",\"isPartOf\":{\"@id\":\"https:\\\/\\\/gldlaw.com\\\/es\\\/#website\"},\"primaryImageOfPage\":{\"@id\":\"https:\\\/\\\/gldlaw.com\\\/es\\\/inmigracion\\\/deportacion\\\/#primaryimage\"},\"image\":{\"@id\":\"https:\\\/\\\/gldlaw.com\\\/es\\\/inmigracion\\\/deportacion\\\/#primaryimage\"},\"thumbnailUrl\":\"https:\\\/\\\/gldlaw.com\\\/wp-content\\\/uploads\\\/2023\\\/06\\\/Davis-Associates-Abogados-de-deportacion.png\",\"datePublished\":\"2016-08-12T03:53:36+00:00\",\"dateModified\":\"2025-04-14T16:11:26+00:00\",\"description\":\"Los abogados en nuestra oficina han tratado cientos de casos de deportaci\u00f3n en la corte de inmigraci\u00f3n. Davis y Asociados, Dallas, TX.\",\"breadcrumb\":{\"@id\":\"https:\\\/\\\/gldlaw.com\\\/es\\\/inmigracion\\\/deportacion\\\/#breadcrumb\"},\"inLanguage\":\"es\",\"potentialAction\":[{\"@type\":\"ReadAction\",\"target\":[\"https:\\\/\\\/gldlaw.com\\\/es\\\/inmigracion\\\/deportacion\\\/\"]}]},{\"@type\":\"ImageObject\",\"inLanguage\":\"es\",\"@id\":\"https:\\\/\\\/gldlaw.com\\\/es\\\/inmigracion\\\/deportacion\\\/#primaryimage\",\"url\":\"https:\\\/\\\/gldlaw.com\\\/wp-content\\\/uploads\\\/2023\\\/06\\\/Davis-Associates-Abogados-de-deportacion.png\",\"contentUrl\":\"https:\\\/\\\/gldlaw.com\\\/wp-content\\\/uploads\\\/2023\\\/06\\\/Davis-Associates-Abogados-de-deportacion.png\"},{\"@type\":\"BreadcrumbList\",\"@id\":\"https:\\\/\\\/gldlaw.com\\\/es\\\/inmigracion\\\/deportacion\\\/#breadcrumb\",\"itemListElement\":[{\"@type\":\"ListItem\",\"position\":1,\"name\":\"Home\",\"item\":\"https:\\\/\\\/gldlaw.com\\\/es\\\/\"},{\"@type\":\"ListItem\",\"position\":2,\"name\":\"Areas de Pr\u00e1ctica\",\"item\":\"https:\\\/\\\/gldlaw.com\\\/es\\\/inmigracion\\\/\"},{\"@type\":\"ListItem\",\"position\":3,\"name\":\"Deportaci\u00f3n\"}]},{\"@type\":\"WebSite\",\"@id\":\"https:\\\/\\\/gldlaw.com\\\/es\\\/#website\",\"url\":\"https:\\\/\\\/gldlaw.com\\\/es\\\/\",\"name\":\"Davis &amp; Associates\",\"description\":\"Dallas \\\/ Fort Worth Immigration Attorney\",\"potentialAction\":[{\"@type\":\"SearchAction\",\"target\":{\"@type\":\"EntryPoint\",\"urlTemplate\":\"https:\\\/\\\/gldlaw.com\\\/es\\\/?s={search_term_string}\"},\"query-input\":{\"@type\":\"PropertyValueSpecification\",\"valueRequired\":true,\"valueName\":\"search_term_string\"}}],\"inLanguage\":\"es\"}]}<\/script>\n<!-- \/ Yoast SEO plugin. -->","yoast_head_json":{"title":"Abogados de Deportaci\u00f3n | Dallas Ft Worth | Davis & Asociados","description":"Los abogados en nuestra oficina han tratado cientos de casos de deportaci\u00f3n en la corte de inmigraci\u00f3n. Davis y Asociados, Dallas, TX.","robots":{"index":"index","follow":"follow","max-snippet":"max-snippet:-1","max-image-preview":"max-image-preview:large","max-video-preview":"max-video-preview:-1"},"canonical":"https:\/\/gldlaw.com\/es\/inmigracion\/deportacion\/","og_locale":"es_MX","og_type":"article","og_title":"Abogados de Deportaci\u00f3n | Dallas Ft Worth | Davis & Asociados","og_description":"Los abogados en nuestra oficina han tratado cientos de casos de deportaci\u00f3n en la corte de inmigraci\u00f3n. Davis y Asociados, Dallas, TX.","og_url":"https:\/\/gldlaw.com\/es\/inmigracion\/deportacion\/","og_site_name":"Davis &amp; Associates","article_publisher":"https:\/\/www.facebook.com\/GLDavisandAssociates\/","article_modified_time":"2025-04-14T16:11:26+00:00","og_image":[{"url":"https:\/\/gldlaw.com\/wp-content\/uploads\/2023\/06\/Davis-Associates-Abogados-de-deportacion.png","type":"","width":"","height":""}],"twitter_card":"summary_large_image","twitter_site":"@GLD_Law","twitter_misc":{"Tiempo de lectura":"10 minutos"},"schema":{"@context":"https:\/\/schema.org","@graph":[{"@type":"WebPage","@id":"https:\/\/gldlaw.com\/es\/inmigracion\/deportacion\/","url":"https:\/\/gldlaw.com\/es\/inmigracion\/deportacion\/","name":"Abogados de Deportaci\u00f3n | Dallas Ft Worth | Davis & Asociados","isPartOf":{"@id":"https:\/\/gldlaw.com\/es\/#website"},"primaryImageOfPage":{"@id":"https:\/\/gldlaw.com\/es\/inmigracion\/deportacion\/#primaryimage"},"image":{"@id":"https:\/\/gldlaw.com\/es\/inmigracion\/deportacion\/#primaryimage"},"thumbnailUrl":"https:\/\/gldlaw.com\/wp-content\/uploads\/2023\/06\/Davis-Associates-Abogados-de-deportacion.png","datePublished":"2016-08-12T03:53:36+00:00","dateModified":"2025-04-14T16:11:26+00:00","description":"Los abogados en nuestra oficina han tratado cientos de casos de deportaci\u00f3n en la corte de inmigraci\u00f3n. Davis y Asociados, Dallas, TX.","breadcrumb":{"@id":"https:\/\/gldlaw.com\/es\/inmigracion\/deportacion\/#breadcrumb"},"inLanguage":"es","potentialAction":[{"@type":"ReadAction","target":["https:\/\/gldlaw.com\/es\/inmigracion\/deportacion\/"]}]},{"@type":"ImageObject","inLanguage":"es","@id":"https:\/\/gldlaw.com\/es\/inmigracion\/deportacion\/#primaryimage","url":"https:\/\/gldlaw.com\/wp-content\/uploads\/2023\/06\/Davis-Associates-Abogados-de-deportacion.png","contentUrl":"https:\/\/gldlaw.com\/wp-content\/uploads\/2023\/06\/Davis-Associates-Abogados-de-deportacion.png"},{"@type":"BreadcrumbList","@id":"https:\/\/gldlaw.com\/es\/inmigracion\/deportacion\/#breadcrumb","itemListElement":[{"@type":"ListItem","position":1,"name":"Home","item":"https:\/\/gldlaw.com\/es\/"},{"@type":"ListItem","position":2,"name":"Areas de Pr\u00e1ctica","item":"https:\/\/gldlaw.com\/es\/inmigracion\/"},{"@type":"ListItem","position":3,"name":"Deportaci\u00f3n"}]},{"@type":"WebSite","@id":"https:\/\/gldlaw.com\/es\/#website","url":"https:\/\/gldlaw.com\/es\/","name":"Davis &amp; Associates","description":"Dallas \/ Fort Worth Immigration Attorney","potentialAction":[{"@type":"SearchAction","target":{"@type":"EntryPoint","urlTemplate":"https:\/\/gldlaw.com\/es\/?s={search_term_string}"},"query-input":{"@type":"PropertyValueSpecification","valueRequired":true,"valueName":"search_term_string"}}],"inLanguage":"es"}]}},"_links":{"self":[{"href":"https:\/\/gldlaw.com\/es\/wp-json\/wp\/v2\/pages\/3415","targetHints":{"allow":["GET"]}}],"collection":[{"href":"https:\/\/gldlaw.com\/es\/wp-json\/wp\/v2\/pages"}],"about":[{"href":"https:\/\/gldlaw.com\/es\/wp-json\/wp\/v2\/types\/page"}],"author":[{"embeddable":true,"href":"https:\/\/gldlaw.com\/es\/wp-json\/wp\/v2\/users\/18"}],"replies":[{"embeddable":true,"href":"https:\/\/gldlaw.com\/es\/wp-json\/wp\/v2\/comments?post=3415"}],"version-history":[{"count":5,"href":"https:\/\/gldlaw.com\/es\/wp-json\/wp\/v2\/pages\/3415\/revisions"}],"predecessor-version":[{"id":12108,"href":"https:\/\/gldlaw.com\/es\/wp-json\/wp\/v2\/pages\/3415\/revisions\/12108"}],"up":[{"embeddable":true,"href":"https:\/\/gldlaw.com\/es\/wp-json\/wp\/v2\/pages\/3409"}],"wp:attachment":[{"href":"https:\/\/gldlaw.com\/es\/wp-json\/wp\/v2\/media?parent=3415"}],"curies":[{"name":"wp","href":"https:\/\/api.w.org\/{rel}","templated":true}]}}