{"id":3568,"date":"2016-09-28T17:48:30","date_gmt":"2016-09-28T17:48:30","guid":{"rendered":"https:\/\/gldlaw.com\/es\/faqs-ask-garry\/"},"modified":"2016-10-05T01:11:48","modified_gmt":"2016-10-05T01:11:48","slug":"faqs-ask-garry","status":"publish","type":"page","link":"https:\/\/gldlaw.com\/es\/faqs-ask-garry\/","title":{"rendered":"Preguntas Frecuentes"},"content":{"rendered":"<br \/>\n<h1>PREGUNTAS FRECUENTES<\/h1>\n<p>\t\t\t\t<img decoding=\"async\" src=\"https:\/\/gldlaw.com\/wp-content\/uploads\/2014\/11\/faqpgpic.jpg\" alt=\"faqpgpic\" itemprop=\"image\"  \/><\/p>\n","protected":false},"excerpt":{"rendered":"<p>PREGUNTAS FRECUENTES<\/p>\n","protected":false},"author":7,"featured_media":0,"parent":0,"menu_order":0,"comment_status":"closed","ping_status":"closed","template":"","meta":{"_monsterinsights_skip_tracking":false,"_monsterinsights_sitenote_active":false,"_monsterinsights_sitenote_note":"","_monsterinsights_sitenote_category":0,"footnotes":""},"class_list":["post-3568","page","type-page","status-publish","hentry"],"yoast_head":"<!-- This site is optimized with the Yoast SEO plugin v27.5 - https:\/\/yoast.com\/product\/yoast-seo-wordpress\/ -->\n<title>Preguntas de Inmigraci\u00f3n | Dallas Abogado de Inmigraci\u00f3n<\/title>\n<meta name=\"description\" content=\"Las preguntas sobre la ley de inmigraci\u00f3n en Texas. Davis &amp; Associates. Haz click para aprender mas.\" \/>\n<meta name=\"robots\" content=\"index, follow, max-snippet:-1, max-image-preview:large, max-video-preview:-1\" \/>\n<link rel=\"canonical\" href=\"https:\/\/gldlaw.com\/es\/faqs-ask-garry\/\" \/>\n<meta property=\"og:locale\" content=\"es_MX\" \/>\n<meta property=\"og:type\" content=\"article\" \/>\n<meta property=\"og:title\" content=\"Preguntas de Inmigraci\u00f3n | Dallas Abogado de Inmigraci\u00f3n\" \/>\n<meta property=\"og:description\" content=\"Las preguntas sobre la ley de inmigraci\u00f3n en Texas. Davis &amp; Associates. Haz click para aprender mas.\" \/>\n<meta property=\"og:url\" content=\"https:\/\/gldlaw.com\/es\/faqs-ask-garry\/\" \/>\n<meta property=\"og:site_name\" content=\"Davis &amp; Associates\" \/>\n<meta property=\"article:publisher\" content=\"https:\/\/www.facebook.com\/GLDavisandAssociates\/\" \/>\n<meta property=\"article:modified_time\" content=\"2016-10-05T01:11:48+00:00\" \/>\n<meta property=\"og:image\" content=\"https:\/\/gldlaw.com\/wp-content\/uploads\/2014\/11\/faqpgpic.jpg\" \/>\n<meta name=\"twitter:card\" content=\"summary_large_image\" \/>\n<meta name=\"twitter:site\" content=\"@GLD_Law\" \/>\n<script type=\"application\/ld+json\" class=\"yoast-schema-graph\">{\"@context\":\"https:\\\/\\\/schema.org\",\"@graph\":[{\"@type\":\"WebPage\",\"@id\":\"https:\\\/\\\/gldlaw.com\\\/es\\\/faqs-ask-garry\\\/\",\"url\":\"https:\\\/\\\/gldlaw.com\\\/es\\\/faqs-ask-garry\\\/\",\"name\":\"Preguntas de Inmigraci\u00f3n | Dallas Abogado de Inmigraci\u00f3n\",\"isPartOf\":{\"@id\":\"https:\\\/\\\/gldlaw.com\\\/es\\\/#website\"},\"primaryImageOfPage\":{\"@id\":\"https:\\\/\\\/gldlaw.com\\\/es\\\/faqs-ask-garry\\\/#primaryimage\"},\"image\":{\"@id\":\"https:\\\/\\\/gldlaw.com\\\/es\\\/faqs-ask-garry\\\/#primaryimage\"},\"thumbnailUrl\":\"https:\\\/\\\/gldlaw.com\\\/wp-content\\\/uploads\\\/2014\\\/11\\\/faqpgpic.jpg\",\"datePublished\":\"2016-09-28T17:48:30+00:00\",\"dateModified\":\"2016-10-05T01:11:48+00:00\",\"description\":\"Las preguntas sobre la ley de inmigraci\u00f3n en Texas. Davis & Associates. Haz click para aprender mas.\",\"breadcrumb\":{\"@id\":\"https:\\\/\\\/gldlaw.com\\\/es\\\/faqs-ask-garry\\\/#breadcrumb\"},\"inLanguage\":\"es\",\"potentialAction\":[{\"@type\":\"ReadAction\",\"target\":[\"https:\\\/\\\/gldlaw.com\\\/es\\\/faqs-ask-garry\\\/\"]}]},{\"@type\":\"ImageObject\",\"inLanguage\":\"es\",\"@id\":\"https:\\\/\\\/gldlaw.com\\\/es\\\/faqs-ask-garry\\\/#primaryimage\",\"url\":\"https:\\\/\\\/gldlaw.com\\\/wp-content\\\/uploads\\\/2014\\\/11\\\/faqpgpic.jpg\",\"contentUrl\":\"https:\\\/\\\/gldlaw.com\\\/wp-content\\\/uploads\\\/2014\\\/11\\\/faqpgpic.jpg\"},{\"@type\":\"BreadcrumbList\",\"@id\":\"https:\\\/\\\/gldlaw.com\\\/es\\\/faqs-ask-garry\\\/#breadcrumb\",\"itemListElement\":[{\"@type\":\"ListItem\",\"position\":1,\"name\":\"Home\",\"item\":\"https:\\\/\\\/gldlaw.com\\\/es\\\/\"},{\"@type\":\"ListItem\",\"position\":2,\"name\":\"Preguntas Frecuentes\"}]},{\"@type\":\"WebSite\",\"@id\":\"https:\\\/\\\/gldlaw.com\\\/es\\\/#website\",\"url\":\"https:\\\/\\\/gldlaw.com\\\/es\\\/\",\"name\":\"Davis &amp; Associates\",\"description\":\"Dallas \\\/ Fort Worth Immigration Attorney\",\"potentialAction\":[{\"@type\":\"SearchAction\",\"target\":{\"@type\":\"EntryPoint\",\"urlTemplate\":\"https:\\\/\\\/gldlaw.com\\\/es\\\/?s={search_term_string}\"},\"query-input\":{\"@type\":\"PropertyValueSpecification\",\"valueRequired\":true,\"valueName\":\"search_term_string\"}}],\"inLanguage\":\"es\"}]}<\/script>\n<!-- \/ Yoast SEO plugin. -->","yoast_head_json":{"title":"Preguntas de Inmigraci\u00f3n | Dallas Abogado de Inmigraci\u00f3n","description":"Las preguntas sobre la ley de inmigraci\u00f3n en Texas. Davis & Associates. Haz click para aprender mas.","robots":{"index":"index","follow":"follow","max-snippet":"max-snippet:-1","max-image-preview":"max-image-preview:large","max-video-preview":"max-video-preview:-1"},"canonical":"https:\/\/gldlaw.com\/es\/faqs-ask-garry\/","og_locale":"es_MX","og_type":"article","og_title":"Preguntas de Inmigraci\u00f3n | Dallas Abogado de Inmigraci\u00f3n","og_description":"Las preguntas sobre la ley de inmigraci\u00f3n en Texas. Davis & Associates. Haz click para aprender mas.","og_url":"https:\/\/gldlaw.com\/es\/faqs-ask-garry\/","og_site_name":"Davis &amp; Associates","article_publisher":"https:\/\/www.facebook.com\/GLDavisandAssociates\/","article_modified_time":"2016-10-05T01:11:48+00:00","og_image":[{"url":"https:\/\/gldlaw.com\/wp-content\/uploads\/2014\/11\/faqpgpic.jpg","type":"","width":"","height":""}],"twitter_card":"summary_large_image","twitter_site":"@GLD_Law","schema":{"@context":"https:\/\/schema.org","@graph":[{"@type":"WebPage","@id":"https:\/\/gldlaw.com\/es\/faqs-ask-garry\/","url":"https:\/\/gldlaw.com\/es\/faqs-ask-garry\/","name":"Preguntas de Inmigraci\u00f3n | Dallas Abogado de Inmigraci\u00f3n","isPartOf":{"@id":"https:\/\/gldlaw.com\/es\/#website"},"primaryImageOfPage":{"@id":"https:\/\/gldlaw.com\/es\/faqs-ask-garry\/#primaryimage"},"image":{"@id":"https:\/\/gldlaw.com\/es\/faqs-ask-garry\/#primaryimage"},"thumbnailUrl":"https:\/\/gldlaw.com\/wp-content\/uploads\/2014\/11\/faqpgpic.jpg","datePublished":"2016-09-28T17:48:30+00:00","dateModified":"2016-10-05T01:11:48+00:00","description":"Las preguntas sobre la ley de inmigraci\u00f3n en Texas. Davis & Associates. Haz click para aprender mas.","breadcrumb":{"@id":"https:\/\/gldlaw.com\/es\/faqs-ask-garry\/#breadcrumb"},"inLanguage":"es","potentialAction":[{"@type":"ReadAction","target":["https:\/\/gldlaw.com\/es\/faqs-ask-garry\/"]}]},{"@type":"ImageObject","inLanguage":"es","@id":"https:\/\/gldlaw.com\/es\/faqs-ask-garry\/#primaryimage","url":"https:\/\/gldlaw.com\/wp-content\/uploads\/2014\/11\/faqpgpic.jpg","contentUrl":"https:\/\/gldlaw.com\/wp-content\/uploads\/2014\/11\/faqpgpic.jpg"},{"@type":"BreadcrumbList","@id":"https:\/\/gldlaw.com\/es\/faqs-ask-garry\/#breadcrumb","itemListElement":[{"@type":"ListItem","position":1,"name":"Home","item":"https:\/\/gldlaw.com\/es\/"},{"@type":"ListItem","position":2,"name":"Preguntas Frecuentes"}]},{"@type":"WebSite","@id":"https:\/\/gldlaw.com\/es\/#website","url":"https:\/\/gldlaw.com\/es\/","name":"Davis &amp; Associates","description":"Dallas \/ Fort Worth Immigration Attorney","potentialAction":[{"@type":"SearchAction","target":{"@type":"EntryPoint","urlTemplate":"https:\/\/gldlaw.com\/es\/?s={search_term_string}"},"query-input":{"@type":"PropertyValueSpecification","valueRequired":true,"valueName":"search_term_string"}}],"inLanguage":"es"}]}},"_links":{"self":[{"href":"https:\/\/gldlaw.com\/es\/wp-json\/wp\/v2\/pages\/3568","targetHints":{"allow":["GET"]}}],"collection":[{"href":"https:\/\/gldlaw.com\/es\/wp-json\/wp\/v2\/pages"}],"about":[{"href":"https:\/\/gldlaw.com\/es\/wp-json\/wp\/v2\/types\/page"}],"author":[{"embeddable":true,"href":"https:\/\/gldlaw.com\/es\/wp-json\/wp\/v2\/users\/7"}],"replies":[{"embeddable":true,"href":"https:\/\/gldlaw.com\/es\/wp-json\/wp\/v2\/comments?post=3568"}],"version-history":[{"count":0,"href":"https:\/\/gldlaw.com\/es\/wp-json\/wp\/v2\/pages\/3568\/revisions"}],"wp:attachment":[{"href":"https:\/\/gldlaw.com\/es\/wp-json\/wp\/v2\/media?parent=3568"}],"curies":[{"name":"wp","href":"https:\/\/api.w.org\/{rel}","templated":true}]}}