{"id":4045,"date":"2017-02-13T18:41:43","date_gmt":"2017-02-13T18:41:43","guid":{"rendered":"https:\/\/gldlaw.com\/contacto\/thank-you\/"},"modified":"2018-02-23T15:30:20","modified_gmt":"2018-02-23T15:30:20","slug":"gracias","status":"publish","type":"page","link":"https:\/\/gldlaw.com\/es\/contacto\/gracias\/","title":{"rendered":"\u00a1Gracias por contactarnos!"},"content":{"rendered":"<h3>\u00a0<img loading=\"lazy\" decoding=\"async\" src=\"https:\/\/gldlaw.com\/wp-content\/uploads\/2018\/02\/FsJ4IqiY9cFmkpUVHOwiO0YOKYgNxp3HCw6keV020coeJxFPc-e1519339300854-1024x504.jpg\" alt=\"Garry Davis Picture\" width=\"1024\" height=\"504\" \/><\/h3>\n<h3><\/h3>\n<h3>Gracias por ponerse en contacto con nosotros para una consulta gratuita.\u00a0<\/h3>\n<p>Entendemos TODAS las opciones de inmigraci\u00f3n disponibles para usted, y nuestros abogados de inmigraci\u00f3n de Dallas pueden ayudarle a resolver su problema de la manera m\u00e1s asequible posible, con la mayor probabilidad de \u00e9xito.<\/p>\n<p>Hemos recibido su solicitud para una consulta gratuita y le responderemos dentro de un d\u00eda h\u00e1bil o antes.<\/p>\n<p><strong><br \/>\nMientras tanto, si tiene alguna pregunta por favor ll\u00e1menos al (972) 992-7593.<\/strong><\/p>\n<h4 style=\"text-align: center\">NUESTRA GARANTIA<\/h4>\n<p style=\"text-align: center\">Nuestra misi\u00f3n es proporcionar a los m\u00e1s competentes abogados de inmigraci\u00f3n disponibles y al mejor precio posible.<\/p>\n<h4 style=\"text-align: center\">EQUIPO DE CLASE MUNDIAL<\/h4>\n<p style=\"text-align: center\">Nuestro equipo y sus credenciales verdaderamente apoyan los valiosos recursos que ofrecemos a nuestros clientes.<\/p>\n<h4 style=\"text-align: center\">ENFOQUE TOTAL DEL CLIENTE<\/h4>\n<p style=\"text-align: center\">Nuestros clientes van desde empresas de tama\u00f1o medio a familias individuales a lo largo de Texas y m\u00e1s all\u00e1.<\/p>\n<h4 style=\"text-align: center\">EXPERIENCIA REAL<\/h4>\n<p style=\"text-align: center\">Nuestra pr\u00e1ctica se centra exclusivamente en los servicios legales de inmigraci\u00f3n de la m\u00e1s alta calidad y compromiso.<\/p>\n","protected":false},"excerpt":{"rendered":"<p>\u00a0 Gracias por ponerse en contacto con nosotros para una consulta gratuita.\u00a0 Entendemos TODAS las opciones de inmigraci\u00f3n disponibles para usted, y nuestros abogados de inmigraci\u00f3n de Dallas pueden ayudarle a resolver su problema de la manera m\u00e1s asequible posible, con la mayor probabilidad de \u00e9xito. Hemos recibido su solicitud para una consulta gratuita y&hellip;<\/p>\n","protected":false},"author":18,"featured_media":0,"parent":3431,"menu_order":0,"comment_status":"closed","ping_status":"closed","template":"","meta":{"_monsterinsights_skip_tracking":false,"_monsterinsights_sitenote_active":false,"_monsterinsights_sitenote_note":"","_monsterinsights_sitenote_category":0,"footnotes":""},"class_list":["post-4045","page","type-page","status-publish","hentry"],"yoast_head":"<!-- This site is optimized with the Yoast SEO plugin v27.3 - https:\/\/yoast.com\/product\/yoast-seo-wordpress\/ -->\n<title>Gracias por ponerse en contacto con Davis &amp; Asociados Immigration Law Firm<\/title>\n<meta name=\"robots\" content=\"index, follow, max-snippet:-1, max-image-preview:large, max-video-preview:-1\" \/>\n<link rel=\"canonical\" href=\"https:\/\/gldlaw.com\/es\/contacto\/gracias\/\" \/>\n<meta property=\"og:locale\" content=\"es_MX\" \/>\n<meta property=\"og:type\" content=\"article\" \/>\n<meta property=\"og:title\" content=\"Gracias por ponerse en contacto con Davis &amp; Asociados Immigration Law Firm\" \/>\n<meta property=\"og:description\" content=\"\u00a0 Gracias por ponerse en contacto con nosotros para una consulta gratuita.\u00a0 Entendemos TODAS las opciones de inmigraci\u00f3n disponibles para usted, y nuestros abogados de inmigraci\u00f3n de Dallas pueden ayudarle a resolver su problema de la manera m\u00e1s asequible posible, con la mayor probabilidad de \u00e9xito. Hemos recibido su solicitud para una consulta gratuita y&hellip;\" \/>\n<meta property=\"og:url\" content=\"https:\/\/gldlaw.com\/es\/contacto\/gracias\/\" \/>\n<meta property=\"og:site_name\" content=\"Davis &amp; Associates\" \/>\n<meta property=\"article:publisher\" content=\"https:\/\/www.facebook.com\/GLDavisandAssociates\/\" \/>\n<meta property=\"article:modified_time\" content=\"2018-02-23T15:30:20+00:00\" \/>\n<meta property=\"og:image\" content=\"https:\/\/gldlaw.com\/wp-content\/uploads\/2018\/02\/FsJ4IqiY9cFmkpUVHOwiO0YOKYgNxp3HCw6keV020coeJxFPc-e1519339300854-1024x504.jpg\" \/>\n<meta name=\"twitter:card\" content=\"summary_large_image\" \/>\n<meta name=\"twitter:site\" content=\"@GLD_Law\" \/>\n<meta name=\"twitter:label1\" content=\"Tiempo de lectura\" \/>\n\t<meta name=\"twitter:data1\" content=\"1 minuto\" \/>\n<script type=\"application\/ld+json\" class=\"yoast-schema-graph\">{\"@context\":\"https:\\\/\\\/schema.org\",\"@graph\":[{\"@type\":\"WebPage\",\"@id\":\"https:\\\/\\\/gldlaw.com\\\/es\\\/contacto\\\/gracias\\\/\",\"url\":\"https:\\\/\\\/gldlaw.com\\\/es\\\/contacto\\\/gracias\\\/\",\"name\":\"Gracias por ponerse en contacto con Davis & Asociados Immigration Law Firm\",\"isPartOf\":{\"@id\":\"https:\\\/\\\/gldlaw.com\\\/es\\\/#website\"},\"primaryImageOfPage\":{\"@id\":\"https:\\\/\\\/gldlaw.com\\\/es\\\/contacto\\\/gracias\\\/#primaryimage\"},\"image\":{\"@id\":\"https:\\\/\\\/gldlaw.com\\\/es\\\/contacto\\\/gracias\\\/#primaryimage\"},\"thumbnailUrl\":\"https:\\\/\\\/gldlaw.com\\\/wp-content\\\/uploads\\\/2018\\\/02\\\/FsJ4IqiY9cFmkpUVHOwiO0YOKYgNxp3HCw6keV020coeJxFPc-e1519339300854-1024x504.jpg\",\"datePublished\":\"2017-02-13T18:41:43+00:00\",\"dateModified\":\"2018-02-23T15:30:20+00:00\",\"breadcrumb\":{\"@id\":\"https:\\\/\\\/gldlaw.com\\\/es\\\/contacto\\\/gracias\\\/#breadcrumb\"},\"inLanguage\":\"es\",\"potentialAction\":[{\"@type\":\"ReadAction\",\"target\":[\"https:\\\/\\\/gldlaw.com\\\/es\\\/contacto\\\/gracias\\\/\"]}]},{\"@type\":\"ImageObject\",\"inLanguage\":\"es\",\"@id\":\"https:\\\/\\\/gldlaw.com\\\/es\\\/contacto\\\/gracias\\\/#primaryimage\",\"url\":\"https:\\\/\\\/gldlaw.com\\\/wp-content\\\/uploads\\\/2018\\\/02\\\/FsJ4IqiY9cFmkpUVHOwiO0YOKYgNxp3HCw6keV020coeJxFPc-e1519339300854-1024x504.jpg\",\"contentUrl\":\"https:\\\/\\\/gldlaw.com\\\/wp-content\\\/uploads\\\/2018\\\/02\\\/FsJ4IqiY9cFmkpUVHOwiO0YOKYgNxp3HCw6keV020coeJxFPc-e1519339300854-1024x504.jpg\"},{\"@type\":\"BreadcrumbList\",\"@id\":\"https:\\\/\\\/gldlaw.com\\\/es\\\/contacto\\\/gracias\\\/#breadcrumb\",\"itemListElement\":[{\"@type\":\"ListItem\",\"position\":1,\"name\":\"Home\",\"item\":\"https:\\\/\\\/gldlaw.com\\\/es\\\/\"},{\"@type\":\"ListItem\",\"position\":2,\"name\":\"Contacto\",\"item\":\"https:\\\/\\\/gldlaw.com\\\/es\\\/contacto\\\/\"},{\"@type\":\"ListItem\",\"position\":3,\"name\":\"\u00a1Gracias por contactarnos!\"}]},{\"@type\":\"WebSite\",\"@id\":\"https:\\\/\\\/gldlaw.com\\\/es\\\/#website\",\"url\":\"https:\\\/\\\/gldlaw.com\\\/es\\\/\",\"name\":\"Davis &amp; Associates\",\"description\":\"Dallas \\\/ Fort Worth Immigration Attorney\",\"potentialAction\":[{\"@type\":\"SearchAction\",\"target\":{\"@type\":\"EntryPoint\",\"urlTemplate\":\"https:\\\/\\\/gldlaw.com\\\/es\\\/?s={search_term_string}\"},\"query-input\":{\"@type\":\"PropertyValueSpecification\",\"valueRequired\":true,\"valueName\":\"search_term_string\"}}],\"inLanguage\":\"es\"}]}<\/script>\n<!-- \/ Yoast SEO plugin. -->","yoast_head_json":{"title":"Gracias por ponerse en contacto con Davis & Asociados Immigration Law Firm","robots":{"index":"index","follow":"follow","max-snippet":"max-snippet:-1","max-image-preview":"max-image-preview:large","max-video-preview":"max-video-preview:-1"},"canonical":"https:\/\/gldlaw.com\/es\/contacto\/gracias\/","og_locale":"es_MX","og_type":"article","og_title":"Gracias por ponerse en contacto con Davis & Asociados Immigration Law Firm","og_description":"\u00a0 Gracias por ponerse en contacto con nosotros para una consulta gratuita.\u00a0 Entendemos TODAS las opciones de inmigraci\u00f3n disponibles para usted, y nuestros abogados de inmigraci\u00f3n de Dallas pueden ayudarle a resolver su problema de la manera m\u00e1s asequible posible, con la mayor probabilidad de \u00e9xito. Hemos recibido su solicitud para una consulta gratuita y&hellip;","og_url":"https:\/\/gldlaw.com\/es\/contacto\/gracias\/","og_site_name":"Davis &amp; Associates","article_publisher":"https:\/\/www.facebook.com\/GLDavisandAssociates\/","article_modified_time":"2018-02-23T15:30:20+00:00","og_image":[{"url":"https:\/\/gldlaw.com\/wp-content\/uploads\/2018\/02\/FsJ4IqiY9cFmkpUVHOwiO0YOKYgNxp3HCw6keV020coeJxFPc-e1519339300854-1024x504.jpg","type":"","width":"","height":""}],"twitter_card":"summary_large_image","twitter_site":"@GLD_Law","twitter_misc":{"Tiempo de lectura":"1 minuto"},"schema":{"@context":"https:\/\/schema.org","@graph":[{"@type":"WebPage","@id":"https:\/\/gldlaw.com\/es\/contacto\/gracias\/","url":"https:\/\/gldlaw.com\/es\/contacto\/gracias\/","name":"Gracias por ponerse en contacto con Davis & Asociados Immigration Law Firm","isPartOf":{"@id":"https:\/\/gldlaw.com\/es\/#website"},"primaryImageOfPage":{"@id":"https:\/\/gldlaw.com\/es\/contacto\/gracias\/#primaryimage"},"image":{"@id":"https:\/\/gldlaw.com\/es\/contacto\/gracias\/#primaryimage"},"thumbnailUrl":"https:\/\/gldlaw.com\/wp-content\/uploads\/2018\/02\/FsJ4IqiY9cFmkpUVHOwiO0YOKYgNxp3HCw6keV020coeJxFPc-e1519339300854-1024x504.jpg","datePublished":"2017-02-13T18:41:43+00:00","dateModified":"2018-02-23T15:30:20+00:00","breadcrumb":{"@id":"https:\/\/gldlaw.com\/es\/contacto\/gracias\/#breadcrumb"},"inLanguage":"es","potentialAction":[{"@type":"ReadAction","target":["https:\/\/gldlaw.com\/es\/contacto\/gracias\/"]}]},{"@type":"ImageObject","inLanguage":"es","@id":"https:\/\/gldlaw.com\/es\/contacto\/gracias\/#primaryimage","url":"https:\/\/gldlaw.com\/wp-content\/uploads\/2018\/02\/FsJ4IqiY9cFmkpUVHOwiO0YOKYgNxp3HCw6keV020coeJxFPc-e1519339300854-1024x504.jpg","contentUrl":"https:\/\/gldlaw.com\/wp-content\/uploads\/2018\/02\/FsJ4IqiY9cFmkpUVHOwiO0YOKYgNxp3HCw6keV020coeJxFPc-e1519339300854-1024x504.jpg"},{"@type":"BreadcrumbList","@id":"https:\/\/gldlaw.com\/es\/contacto\/gracias\/#breadcrumb","itemListElement":[{"@type":"ListItem","position":1,"name":"Home","item":"https:\/\/gldlaw.com\/es\/"},{"@type":"ListItem","position":2,"name":"Contacto","item":"https:\/\/gldlaw.com\/es\/contacto\/"},{"@type":"ListItem","position":3,"name":"\u00a1Gracias por contactarnos!"}]},{"@type":"WebSite","@id":"https:\/\/gldlaw.com\/es\/#website","url":"https:\/\/gldlaw.com\/es\/","name":"Davis &amp; Associates","description":"Dallas \/ Fort Worth Immigration Attorney","potentialAction":[{"@type":"SearchAction","target":{"@type":"EntryPoint","urlTemplate":"https:\/\/gldlaw.com\/es\/?s={search_term_string}"},"query-input":{"@type":"PropertyValueSpecification","valueRequired":true,"valueName":"search_term_string"}}],"inLanguage":"es"}]}},"_links":{"self":[{"href":"https:\/\/gldlaw.com\/es\/wp-json\/wp\/v2\/pages\/4045","targetHints":{"allow":["GET"]}}],"collection":[{"href":"https:\/\/gldlaw.com\/es\/wp-json\/wp\/v2\/pages"}],"about":[{"href":"https:\/\/gldlaw.com\/es\/wp-json\/wp\/v2\/types\/page"}],"author":[{"embeddable":true,"href":"https:\/\/gldlaw.com\/es\/wp-json\/wp\/v2\/users\/18"}],"replies":[{"embeddable":true,"href":"https:\/\/gldlaw.com\/es\/wp-json\/wp\/v2\/comments?post=4045"}],"version-history":[{"count":0,"href":"https:\/\/gldlaw.com\/es\/wp-json\/wp\/v2\/pages\/4045\/revisions"}],"up":[{"embeddable":true,"href":"https:\/\/gldlaw.com\/es\/wp-json\/wp\/v2\/pages\/3431"}],"wp:attachment":[{"href":"https:\/\/gldlaw.com\/es\/wp-json\/wp\/v2\/media?parent=4045"}],"curies":[{"name":"wp","href":"https:\/\/api.w.org\/{rel}","templated":true}]}}