{"id":4159,"date":"2017-06-14T16:58:24","date_gmt":"2017-06-14T16:58:24","guid":{"rendered":"https:\/\/gldlaw.com\/areas-de-practica\/firma-del-derecho-de-asilo-politico\/"},"modified":"2024-06-06T10:21:51","modified_gmt":"2024-06-06T15:21:51","slug":"asilo","status":"publish","type":"page","link":"https:\/\/gldlaw.com\/es\/inmigracion\/asilo\/","title":{"rendered":"Firma del Derecho de Asilo Pol\u00edtico"},"content":{"rendered":"\n\n\t<h1>Abogados de Asilo Pol\u00edtico<\/h1>\n\t<h2>DALLAS ABOGADOS DE ASILO POL\u00cdTICO<\/h2>\n<p>Davis &amp; Asociados son sus abogados de elecci\u00f3n para ayudar con los casos de asilo pol\u00edtico en el norte de Texas, incluyendo Dallas, Fort Worth, Plano, Frisco, McKinney y \u00e1reas circundantes.<\/p>\n<p>Nuestros abogados experimentados de inmigraci\u00f3n brindan asesor\u00eda legal especializada para todos los aspectos de la solicitud de asilo pol\u00edtico y la condici\u00f3n de refugiado, y pueden representar a clientes de cualquier pa\u00eds del mundo.<\/p>\n\t<iframe loading=\"lazy\" title=\"Lo Que Necesita Saber Al Solicitar Asilo En Los Estados Unidos\" width=\"500\" height=\"281\" src=\"https:\/\/www.youtube.com\/embed\/lqMJ3Hhu3X4?feature=oembed\" frameborder=\"0\" allow=\"accelerometer; autoplay; clipboard-write; encrypted-media; gyroscope; picture-in-picture\" allowfullscreen><\/iframe>\n\t<h2><strong>DERECHO DE ASILO POL\u00cdTICO<\/strong><\/h2>\n<p>Nuestro bufete de abogados de inmigraci\u00f3n son abogados con experiencia que se centran exclusivamente en la pr\u00e1ctica de la Ley de Inmigraci\u00f3n de los Estados Unidos. Aconsejamos a los inmigrantes, refugiados y a los solicitantes de asilo pol\u00edtico cuando temen ser perseguidos en su pa\u00eds de origen debido a:<\/p>\n<ul>\n<li>Creencias religiosas<\/li>\n<li>Carrera<\/li>\n<li>Nacionalidad<\/li>\n<li>Opini\u00f3n pol\u00edtica<\/li>\n<li>Afiliaci\u00f3n a un grupo social<\/li>\n<\/ul>\n\t<h4>KARLA SANTIAGO<\/h4>\n<p>Mi experiencia con Davis &amp; Asociados fue excelente, todas las personas que trabajan all\u00ed me ayudaron mucho y siempre estuvieron all\u00ed para responder mis preguntas. Nos acompa\u00f1aron a m\u00ed y a mi esposo a trav\u00e9s del proceso de mi papeleo. En Davis &amp; Asociados realmente saben lo que est\u00e1n haciendo, \u00a1visit\u00e9 a diez abogados de inmigraci\u00f3n y todos fueron una estafa! Recomiendo ir a Davis &amp; Asociados para sus problemas de inmigraci\u00f3n son honestos y accesibles \u00a1son los mejores!<\/p>\n\t<h2>Haga Clic Hoy Para Su Consulta Gratis<\/h2>\n\t\t\t<a href=\"https:\/\/www.gldlaw.com\/contact-us-for-a-free-consultation\/\" target=\"_self\" role=\"button\" rel=\"noopener\">\n\t\t\t\t\t\t\tOprima Aqu\u00ed\n\t\t\t\t\t<\/a>\n\t<h2>\u00bfQU\u00c9 CONSTITUYE UN CASO DE ASILO?<\/h2>\n<p><img loading=\"lazy\" decoding=\"async\" src=\"https:\/\/gldlaw.com\/wp-content\/uploads\/2021\/05\/Political-Asylum-Lawyers-in-Texas-Davis-Associates--1024x538.png\" alt=\"Political Asylum Lawyers in Texas - Davis &amp; Associates\" width=\"499\" height=\"262\" \/><\/p>\n<p>Si teme ser perseguido al regresar a su pa\u00eds de origen, puede ser elegible para asilo pol\u00edtico en los Estados Unidos. Sin embargo, para calificar para el asilo pol\u00edtico, \u00a0el da\u00f1o que teme debe basarse en la religi\u00f3n, la raza, la nacionalidad, la opini\u00f3n pol\u00edtica o la pertenencia a un grupo social en particular. La persecuci\u00f3n que temes debe ser de una parte del gobierno o de un individuo o grupo del que el gobierno no puede, o no quiere, protegerte.<\/p>\n<h3>\u00bfQu\u00e9 califica en particular como persecuci\u00f3n?<\/h3>\n<p>La persecuci\u00f3n es el maltrato extremo y la violencia que se dirige. La violencia perpetrada puede ser f\u00edsica, psicol\u00f3gica o emocional. LosCTS espec\u00edficos que establecen casos de persecuci\u00f3n incluyen:<\/p>\n<ul>\n<li>Genocidio y otros tipos de violaciones de los derechos humanos<\/li>\n<li>Golpizas, agresi\u00f3n sexual, mutilaci\u00f3n genital o aborto forzado, esterilizaci\u00f3n o trabajo de parto<\/li>\n<li>Tortura f\u00edsica o mental<\/li>\n<li>Ser encarcelado sin el debido proceso, o por razones pol\u00edticas o discriminatorias; o encarcelamiento o detenci\u00f3n ilegal que contin\u00fae por un per\u00edodo prolongado<\/li>\n<li>La restricci\u00f3n de alimentos, vivienda, educaci\u00f3n o empleo<\/li>\n<li>Amenazas de da\u00f1o grave que cause angustia emocional o mental<\/li>\n<li>Forzar a un determinado grupo a participar en actividades que van en contra de sus convicciones culturales o costumbres<\/li>\n<\/ul>\n<p>Es importante tener en cuenta que simplica ser acosadono califica como persecution.<\/p>\n<p>Un abogado que tenga experiencia en casos de asilo pol\u00edtico sabr\u00e1 lo que debe hacer para \u00a0probar su caso.<\/p>\n<p>Independientemente de su estado migratorio actual, incluso si se encuentra ilegalmente en los Estados Unidos, debe presentar una solicitud de asilo pol\u00edtico dentro de un a\u00f1o despu\u00e9s de haber llegado a los Estados Unidos.<\/p>\n<h2>\u00bfC\u00f3mo solicitarasilo\u00a0 ?<\/h2>\n<p>Para solicitar asilo, deber\u00e1 presentar el Formulario I-589, Solicitud de asilo y retenci\u00f3n de expulsi\u00f3n (recuerde, debe presentar dentro de un a\u00f1o de llegar a los Estados Unidos). Tendr\u00e1 que asistir a \u00a0una \u00a0cita biom\u00e9trica en un Centro de soporte de aplicaciones (ASC) para tomar una foto y proporcionar su firma y huellas dactilares. Tambi\u00e9n tendr\u00e1 que asistir a una entrevista de asilo. Si el Servicio de Ciudadan\u00eda e Inmigraci\u00f3n de los Estados Unidos (USCIS, por sus siglas en ingl\u00e9s) \u00a0determina que su solicitud de asilo est\u00e1 justificada, se le aprobar\u00e1 el estatus de asilado.<\/p>\n\t<h2>Haga Clic Hoy Para Su Consulta Gratis<\/h2>\n\t\t\t<a href=\"https:\/\/www.gldlaw.com\/contact-us-for-a-free-consultation\/\" target=\"_self\" role=\"button\" rel=\"noopener\">\n\t\t\t\t\t\t\tOprima Aqu\u00ed\n\t\t\t\t\t<\/a>\n\t<h2>5 cosas que debe saber sobre el proceso de asilo en los Estados Unidos<\/h2>\n<p>Estados Unidos ofrece su protecci\u00f3n a personas de otras naciones que son peligrosamente perseguidas en sus pa\u00edses de origen, pero \u00bfqu\u00e9 deber\u00eda saberahora si est\u00e1 considerando solicitar asilo?<\/p>\n<p>Para obtener asilo en los Estados Unidos, una persona debe presentarse ante las autoridades de inmigraci\u00f3n y alegar un temor cre\u00edble de persecuci\u00f3n. Si tiene la intenci\u00f3n de presentarse ante un oficial de inmigraci\u00f3n y solicitar asilo, aqu\u00ed hay cinco cosas que debe saber:<\/p>\n<ol>\n<li>Debe tener un temor v\u00e1lido o un historial de persecuci\u00f3n<\/li>\n<li>Debe solicitar asilo dentro de un a\u00f1o de su llegada a los Estados Unidos.<\/li>\n<li>Tendr\u00e1s que someterte a una entrevista de asilo<\/li>\n<li>Su solicitud de asilo podr\u00eda ser denegada, pero es posible que pueda apelar una denegaci\u00f3n<\/li>\n<li>Pedir asilo es diferente de pedir el estatus de refugiado<\/li>\n<\/ol>\n<p>Aqu\u00ed hay una mirada m\u00e1s cercana a cada uno.<\/p>\n<h3>1. Debe tener un temor v\u00e1lido o un historial de persecuci\u00f3n.<\/h3>\n<p>La persecuci\u00f3n puede tener lugar \u00a0de \u00a0muchas maneras, como la discriminaci\u00f3n, el abuso f\u00edsico, el arresto o encarcelamiento injusto y otros tipos de da\u00f1os. \u00a0\u00a0La persecuci\u00f3n debe provenir del gobierno de su pa\u00eds o de fuerzas fuera del control de su gobierno, como los grupos guerrilleros.<\/p>\n<h3>2. Debe solicitar asilo dentro de un a\u00f1o de su llegada a los EE. UU.<\/h3>\n<p>Hay un plazo de un a\u00f1o para solicitar asilo en los Estados Unidos, aunque en algunos casos puede calificar para una extensi\u00f3n. La fecha l\u00edmite se aplica a su llegada a los Estados Unidos (si ingres\u00f3 al pa\u00eds sin una visa v\u00e1lida) o a la fecha de vencimiento de su visa. Deber\u00e1 presentar un determinado formulario ante el gobierno de los Estados Unidos, y debe adjuntar documentos y pruebas de que teme de manera cre\u00edble la persecuci\u00f3n o que ha sufrido persecuci\u00f3n en el pasado.<\/p>\n<p>Es importante que sepa que puede no ser elegible para el asilo si ha tenido una solicitud previa de asilo rechazada por un juez de inmigraci\u00f3n o la Junta de Apelaciones de Inmigraci\u00f3n (BIA).<\/p>\n<h3>3. Tendr\u00e1s que asistir a una entrevista de asilo<\/h3>\n<p>La\u00a0 oficina de Servicios de Ciudadan\u00eda e Inmigraci\u00f3n de los Estados Unidos m\u00e1s cercana a usted lo llamar\u00e1 para una entrevista despu\u00e9s de haber solicitado asilo. \u00a0Durante la entrevista, tendr\u00e1s que respaldar tus afirmaciones sobre ser perseguido o explicar por qu\u00e9 tienes un temor fundado de persecuci\u00f3n. El oficial que lo entreviste revisar\u00e1 todos los nombres, fechas y hechos que indic\u00f3 en su solicitud y puede hacerle preguntas espec\u00edficas sobre ellos. Tambi\u00e9n podr\u00eda preguntarle sobre cosas que no figuran en su solicitud.<\/p>\n<p>Obtenga m\u00e1s informaci\u00f3n sobre el <a href=\"https:\/\/www.uscis.gov\/humanitarian\/refugees-and-asylum\/asylum\/preparing-for-your-asylum-interview\">proceso de entrevista de asilo<\/a>.<\/p>\n<h3>4. Su solicitud de asilo podr\u00eda ser denegada, pero es posible que pueda apelar una denegaci\u00f3n.<\/h3>\n<p>No recibir\u00e1 una decisi\u00f3n sobre su solicitud de asilo el mismo d\u00eda de su entrevista. Sin embargo, obtendr\u00e1 una fecha para regresar y averiguar si su estado de asilado fue aprobado por USCIS. Cuando regrese, recibir\u00e1 \u00a0la decisi\u00f3n de la agencia por escrito.<\/p>\n<p>Si su solicitud es denegada, es posible que pueda apelar la decisi\u00f3n. A veces, cuando eso sucede, las personas recurren a <a href=\"https:\/\/gldlaw.com\/es\/inmigracion\/\">los abogados de inmigraci\u00f3n<\/a> en busca de ayuda.<\/p>\n<h3>5. Pedir asilo es diferente de pedir el estatuto de refugiado.<\/h3>\n<p>Si bien el asilo y el estatus de refugiado son esencialmente lo mismo, difieren en que usted solicita asilo cuando se encuentra en suelo estadounidense o en un territorio estadounidense. Si actualmente no se encuentra en suelo estadounidense o en territorio estadounidense, debe solicitar el estatus de refugiado.<\/p>\n<h3>Si se le concede asilo, \u00bfa qu\u00e9 beneficios tiene derecho?<\/h3>\n<p>Los asilados califican para solicitar <a href=\"https:\/\/www.acf.hhs.gov\/sites\/default\/files\/documents\/orr\/orr_asylee_fact_sheet.pdf\">beneficios<\/a> como un Documento de \u00a0Autorizaci\u00f3n de Empleo (EAD) para la autorizaci\u00f3n para trabajar en los Estados Unidos, una tarjeta de Seguro Social sin restricciones, asistencia laboral, dinero en efectivo y asistencia m\u00e9dica, as\u00ed como un Documento de Viaje de Refugiado.<\/p>\n<p>\u00bfC\u00f3mo se solicita la autorizaci\u00f3n de empleo?<\/p>\n<p>Si se le aprueba el asilo, recibir\u00e1 el <a href=\"https:\/\/gldlaw.com\/immigration\/form-i-94\/\"  data-wpil-monitor-id=\"16\">Formulario I-94<\/a>, Arrival and Departure Record, que indicar\u00e1 que se le permite permanecer en los Estados Unidos indefinidamente. Tambi\u00e9n significa que se le permite trabajar. Si lo desea, puede recibir una identificaci\u00f3n con foto como prueba de su capacidad para trabajar solicit\u00e1ndola con USCIS. Sin embargo, la identificaci\u00f3n no es un requisito para que pueda buscar y obtener empleo.<\/p>\n<h3>\u00bfPuede toda su familia solicitar asilo?<\/h3>\n<p>Si desea incluir a miembros de su familia en su petici\u00f3n de asilo, su c\u00f3nyuge e hijos menores de 21 a\u00f1os y solteros, y todos ellos se encuentran en los Estados Unidos, USCIS los aprobar\u00e1 para el asilo si se lo otorgan. Si tiene familiares que no se encuentran dentro de los Estados Unidos, puede solicitar que reciban asilo derivado presentando el formulario I-730, Petici\u00f3n de pariente de refugiado \/ asilado.<\/p>\n<h3>\u00bfPuede perder su estado a s an asilado?<\/h3>\n<p>Puede perder su condici\u00f3n de asilado si hay un cambio en las condiciones en su pa\u00eds de origen y su temor a la persecuci\u00f3n ya no est\u00e1 justificado. Su estatus tambi\u00e9n puede ser terminado si ha recibido protecci\u00f3n de otro pa\u00eds, o si ha cometido un delito que lo hace inelegible.<\/p>\n<h3>\u00bfQui\u00e9n tiene prohibido recibir asilo?<\/h3>\n<p>Es posible que se le proh\u00edba otorgar asilo si:<\/p>\n<ul>\n<li>Particip\u00f3 en la persecuci\u00f3n de otra persona o grupo debido a su raza, nacionalidad, creencias pol\u00edticas o religiosas, o porque es miembro de un grupo social en particular<\/li>\n<li>Cometi\u00f3 un delito que lo convierte en una amenaza para la seguridad nacional de los Estados Unidos<\/li>\n<li>Te mudaron a otro pa\u00eds antes de venir a los Estados Unidos.<\/li>\n<\/ul>\n<p>Tambi\u00e9n se le puede prohibir el asilo si es inadmisible porque forma parte de una organizaci\u00f3n terrorista o recibi\u00f3 entrenamiento militar de una organizaci\u00f3n terrorista; participaron en actividades terroristas o es probable que lo hagan; incitaron a actividades terroristas o convencieron a otros para que apoyaran a los terroristas.<\/p>\n<h2>Nuestros Abogados De Inmigraci\u00f3n Pueden Ayudarlo Con Su Caso De Asilo Pol\u00edtico<\/h2>\n<p>El abogado <a href=\"https:\/\/gldlaw.com\/es\/abogados\/garry-davis\/\">Garry<\/a> Davis y su equipo de abogados de inmigraci\u00f3n con experiencia en Davis &amp; Associates representan a refugiados y solicitantes de asilo pol\u00edtico de pa\u00edses de todo el mundo.<\/p>\n<p>Las personas y familias que intentan trabajar a trav\u00e9s del proceso de solicitud de asilo pol\u00edtico por su cuenta no siempre est\u00e1n seguras de qu\u00e9 informaci\u00f3n deben o no deben proporcionar o c\u00f3mo establecer evidencia calificada, lo que puede resultar en que el caso sea denegado o retrasado innecesariamente. \u00a0Los abogados de\u00a0 inmigraci\u00f3n de <a href=\"https:\/\/gldlaw.com\/es\/presentacion-de-la-oficina\/\">Davis &amp; Associates<\/a> pueden ayudar a garantizar que su caso est\u00e9 debidamente documentado \u00a0y administrado para evitar demoras innecesarias \u00a0y aumentar sus posibilidades de \u00e9xito.<\/p>\n<p><strong>Relacionado:<\/strong><a href=\"https:\/\/gldlaw.com\/es\/\">Preg\u00fantele a Garry: problemas de asilo pol\u00edtico de EE. UU.: fecha l\u00edmite de presentaci\u00f3n de un a\u00f1o<\/a> y autorizaci\u00f3n de trabajo, <a href=\"https:\/\/gldlaw.com\/the-usciss-proposed-rule-to-prevent-asylum-seekers-from-obtaining-work-authorization\/\">la regla propuesta por USCIS para evitar que los solicitantes de asilo obtengan autorizaci\u00f3n de trabajo<\/a>, <a href=\"https:\/\/www.uscis.gov\/humanitarian\/refugees-and-asylum\/asylum\">Noticias y anuncios de asilo de USCIS<\/a><\/p>\n<h2>\u00bfNecesita hablar con un abogado de inmigraci\u00f3n sobre el asilo?<\/h2>\n<p>Si est\u00e1 considerando solicitar asilo al gobierno de los Estados Unidos, es posible que podamos ayudarlo. Ll\u00e1menos hoy para programar su consulta gratuita.<\/p>\n\t<h2>Haga Clic Hoy Para Su Consulta Gratis<\/h2>\n\t\t\t<a href=\"https:\/\/www.gldlaw.com\/contact-us-for-a-free-consultation\/\" target=\"_self\" role=\"button\" rel=\"noopener\">\n\t\t\t\t\t\t\tOprima Aqu\u00ed\n\t\t\t\t\t<\/a>\n\n","protected":false},"excerpt":{"rendered":"<p>Abogados de Asilo Pol\u00edtico DALLAS ABOGADOS DE ASILO POL\u00cdTICO Davis &amp; Asociados son sus abogados de elecci\u00f3n para ayudar con los casos de asilo pol\u00edtico en el norte de Texas, incluyendo Dallas, Fort Worth, Plano, Frisco, McKinney y \u00e1reas circundantes. Nuestros abogados experimentados de inmigraci\u00f3n brindan asesor\u00eda legal especializada para todos los aspectos de la&hellip;<\/p>\n","protected":false},"author":18,"featured_media":0,"parent":3409,"menu_order":0,"comment_status":"closed","ping_status":"closed","template":"","meta":{"_monsterinsights_skip_tracking":false,"_monsterinsights_sitenote_active":false,"_monsterinsights_sitenote_note":"","_monsterinsights_sitenote_category":0,"footnotes":""},"class_list":["post-4159","page","type-page","status-publish","hentry"],"yoast_head":"<!-- This site is optimized with the Yoast SEO plugin v27.4 - https:\/\/yoast.com\/product\/yoast-seo-wordpress\/ -->\n<title>Abogados de Asilo Pol\u00edtico | Davis &amp; Asociados Dallas<\/title>\n<meta name=\"description\" content=\"Nuestra firma de abogados experimentados de asilo pol\u00edtico ofrece asesoramiento jur\u00eddico especializado para la solicitud de asilo pol\u00edtico y la condici\u00f3n de refugiado de cualquier pa\u00eds del mundo.\" \/>\n<meta name=\"robots\" content=\"index, follow, max-snippet:-1, max-image-preview:large, max-video-preview:-1\" \/>\n<link rel=\"canonical\" href=\"https:\/\/gldlaw.com\/immigration\/asylum\/\" \/>\n<meta property=\"og:locale\" content=\"es_MX\" \/>\n<meta property=\"og:type\" content=\"article\" \/>\n<meta property=\"og:title\" content=\"Abogados de Asilo Pol\u00edtico | Davis &amp; Asociados Dallas\" \/>\n<meta property=\"og:description\" content=\"Nuestra firma de abogados experimentados de asilo pol\u00edtico ofrece asesoramiento jur\u00eddico especializado para la solicitud de asilo pol\u00edtico y la condici\u00f3n de refugiado de cualquier pa\u00eds del mundo.\" \/>\n<meta property=\"og:url\" content=\"https:\/\/gldlaw.com\/immigration\/asylum\/\" \/>\n<meta property=\"og:site_name\" content=\"Davis &amp; Associates\" \/>\n<meta property=\"article:publisher\" content=\"https:\/\/www.facebook.com\/GLDavisandAssociates\/\" \/>\n<meta property=\"article:modified_time\" content=\"2024-06-06T15:21:51+00:00\" \/>\n<meta property=\"og:image\" content=\"https:\/\/gldlaw.com\/wp-content\/uploads\/2021\/05\/Political-Asylum-Lawyers-in-Texas-Davis-Associates--1024x538.png\" \/>\n<meta name=\"twitter:card\" content=\"summary_large_image\" \/>\n<meta name=\"twitter:site\" content=\"@GLD_Law\" \/>\n<meta name=\"twitter:label1\" content=\"Tiempo de lectura\" \/>\n\t<meta name=\"twitter:data1\" content=\"10 minutos\" \/>\n<script type=\"application\/ld+json\" class=\"yoast-schema-graph\">{\"@context\":\"https:\\\/\\\/schema.org\",\"@graph\":[{\"@type\":\"WebPage\",\"@id\":\"https:\\\/\\\/gldlaw.com\\\/immigration\\\/asylum\\\/\",\"url\":\"https:\\\/\\\/gldlaw.com\\\/immigration\\\/asylum\\\/\",\"name\":\"Abogados de Asilo Pol\u00edtico | Davis & Asociados Dallas\",\"isPartOf\":{\"@id\":\"https:\\\/\\\/gldlaw.com\\\/es\\\/#website\"},\"primaryImageOfPage\":{\"@id\":\"https:\\\/\\\/gldlaw.com\\\/immigration\\\/asylum\\\/#primaryimage\"},\"image\":{\"@id\":\"https:\\\/\\\/gldlaw.com\\\/immigration\\\/asylum\\\/#primaryimage\"},\"thumbnailUrl\":\"https:\\\/\\\/gldlaw.com\\\/wp-content\\\/uploads\\\/2021\\\/05\\\/Political-Asylum-Lawyers-in-Texas-Davis-Associates--1024x538.png\",\"datePublished\":\"2017-06-14T16:58:24+00:00\",\"dateModified\":\"2024-06-06T15:21:51+00:00\",\"description\":\"Nuestra firma de abogados experimentados de asilo pol\u00edtico ofrece asesoramiento jur\u00eddico especializado para la solicitud de asilo pol\u00edtico y la condici\u00f3n de refugiado de cualquier pa\u00eds del mundo.\",\"breadcrumb\":{\"@id\":\"https:\\\/\\\/gldlaw.com\\\/immigration\\\/asylum\\\/#breadcrumb\"},\"inLanguage\":\"es\",\"potentialAction\":[{\"@type\":\"ReadAction\",\"target\":[\"https:\\\/\\\/gldlaw.com\\\/immigration\\\/asylum\\\/\"]}]},{\"@type\":\"ImageObject\",\"inLanguage\":\"es\",\"@id\":\"https:\\\/\\\/gldlaw.com\\\/immigration\\\/asylum\\\/#primaryimage\",\"url\":\"https:\\\/\\\/gldlaw.com\\\/wp-content\\\/uploads\\\/2021\\\/05\\\/Political-Asylum-Lawyers-in-Texas-Davis-Associates--1024x538.png\",\"contentUrl\":\"https:\\\/\\\/gldlaw.com\\\/wp-content\\\/uploads\\\/2021\\\/05\\\/Political-Asylum-Lawyers-in-Texas-Davis-Associates--1024x538.png\"},{\"@type\":\"BreadcrumbList\",\"@id\":\"https:\\\/\\\/gldlaw.com\\\/immigration\\\/asylum\\\/#breadcrumb\",\"itemListElement\":[{\"@type\":\"ListItem\",\"position\":1,\"name\":\"Home\",\"item\":\"https:\\\/\\\/gldlaw.com\\\/es\\\/\"},{\"@type\":\"ListItem\",\"position\":2,\"name\":\"Areas de Pr\u00e1ctica\",\"item\":\"https:\\\/\\\/gldlaw.com\\\/es\\\/inmigracion\\\/\"},{\"@type\":\"ListItem\",\"position\":3,\"name\":\"Firma del Derecho de Asilo Pol\u00edtico\"}]},{\"@type\":\"WebSite\",\"@id\":\"https:\\\/\\\/gldlaw.com\\\/es\\\/#website\",\"url\":\"https:\\\/\\\/gldlaw.com\\\/es\\\/\",\"name\":\"Davis &amp; Associates\",\"description\":\"Dallas \\\/ Fort Worth Immigration Attorney\",\"potentialAction\":[{\"@type\":\"SearchAction\",\"target\":{\"@type\":\"EntryPoint\",\"urlTemplate\":\"https:\\\/\\\/gldlaw.com\\\/es\\\/?s={search_term_string}\"},\"query-input\":{\"@type\":\"PropertyValueSpecification\",\"valueRequired\":true,\"valueName\":\"search_term_string\"}}],\"inLanguage\":\"es\"}]}<\/script>\n<!-- \/ Yoast SEO plugin. -->","yoast_head_json":{"title":"Abogados de Asilo Pol\u00edtico | Davis & Asociados Dallas","description":"Nuestra firma de abogados experimentados de asilo pol\u00edtico ofrece asesoramiento jur\u00eddico especializado para la solicitud de asilo pol\u00edtico y la condici\u00f3n de refugiado de cualquier pa\u00eds del mundo.","robots":{"index":"index","follow":"follow","max-snippet":"max-snippet:-1","max-image-preview":"max-image-preview:large","max-video-preview":"max-video-preview:-1"},"canonical":"https:\/\/gldlaw.com\/immigration\/asylum\/","og_locale":"es_MX","og_type":"article","og_title":"Abogados de Asilo Pol\u00edtico | Davis & Asociados Dallas","og_description":"Nuestra firma de abogados experimentados de asilo pol\u00edtico ofrece asesoramiento jur\u00eddico especializado para la solicitud de asilo pol\u00edtico y la condici\u00f3n de refugiado de cualquier pa\u00eds del mundo.","og_url":"https:\/\/gldlaw.com\/immigration\/asylum\/","og_site_name":"Davis &amp; Associates","article_publisher":"https:\/\/www.facebook.com\/GLDavisandAssociates\/","article_modified_time":"2024-06-06T15:21:51+00:00","og_image":[{"url":"https:\/\/gldlaw.com\/wp-content\/uploads\/2021\/05\/Political-Asylum-Lawyers-in-Texas-Davis-Associates--1024x538.png","type":"","width":"","height":""}],"twitter_card":"summary_large_image","twitter_site":"@GLD_Law","twitter_misc":{"Tiempo de lectura":"10 minutos"},"schema":{"@context":"https:\/\/schema.org","@graph":[{"@type":"WebPage","@id":"https:\/\/gldlaw.com\/immigration\/asylum\/","url":"https:\/\/gldlaw.com\/immigration\/asylum\/","name":"Abogados de Asilo Pol\u00edtico | Davis & Asociados Dallas","isPartOf":{"@id":"https:\/\/gldlaw.com\/es\/#website"},"primaryImageOfPage":{"@id":"https:\/\/gldlaw.com\/immigration\/asylum\/#primaryimage"},"image":{"@id":"https:\/\/gldlaw.com\/immigration\/asylum\/#primaryimage"},"thumbnailUrl":"https:\/\/gldlaw.com\/wp-content\/uploads\/2021\/05\/Political-Asylum-Lawyers-in-Texas-Davis-Associates--1024x538.png","datePublished":"2017-06-14T16:58:24+00:00","dateModified":"2024-06-06T15:21:51+00:00","description":"Nuestra firma de abogados experimentados de asilo pol\u00edtico ofrece asesoramiento jur\u00eddico especializado para la solicitud de asilo pol\u00edtico y la condici\u00f3n de refugiado de cualquier pa\u00eds del mundo.","breadcrumb":{"@id":"https:\/\/gldlaw.com\/immigration\/asylum\/#breadcrumb"},"inLanguage":"es","potentialAction":[{"@type":"ReadAction","target":["https:\/\/gldlaw.com\/immigration\/asylum\/"]}]},{"@type":"ImageObject","inLanguage":"es","@id":"https:\/\/gldlaw.com\/immigration\/asylum\/#primaryimage","url":"https:\/\/gldlaw.com\/wp-content\/uploads\/2021\/05\/Political-Asylum-Lawyers-in-Texas-Davis-Associates--1024x538.png","contentUrl":"https:\/\/gldlaw.com\/wp-content\/uploads\/2021\/05\/Political-Asylum-Lawyers-in-Texas-Davis-Associates--1024x538.png"},{"@type":"BreadcrumbList","@id":"https:\/\/gldlaw.com\/immigration\/asylum\/#breadcrumb","itemListElement":[{"@type":"ListItem","position":1,"name":"Home","item":"https:\/\/gldlaw.com\/es\/"},{"@type":"ListItem","position":2,"name":"Areas de Pr\u00e1ctica","item":"https:\/\/gldlaw.com\/es\/inmigracion\/"},{"@type":"ListItem","position":3,"name":"Firma del Derecho de Asilo Pol\u00edtico"}]},{"@type":"WebSite","@id":"https:\/\/gldlaw.com\/es\/#website","url":"https:\/\/gldlaw.com\/es\/","name":"Davis &amp; Associates","description":"Dallas \/ Fort Worth Immigration Attorney","potentialAction":[{"@type":"SearchAction","target":{"@type":"EntryPoint","urlTemplate":"https:\/\/gldlaw.com\/es\/?s={search_term_string}"},"query-input":{"@type":"PropertyValueSpecification","valueRequired":true,"valueName":"search_term_string"}}],"inLanguage":"es"}]}},"_links":{"self":[{"href":"https:\/\/gldlaw.com\/es\/wp-json\/wp\/v2\/pages\/4159","targetHints":{"allow":["GET"]}}],"collection":[{"href":"https:\/\/gldlaw.com\/es\/wp-json\/wp\/v2\/pages"}],"about":[{"href":"https:\/\/gldlaw.com\/es\/wp-json\/wp\/v2\/types\/page"}],"author":[{"embeddable":true,"href":"https:\/\/gldlaw.com\/es\/wp-json\/wp\/v2\/users\/18"}],"replies":[{"embeddable":true,"href":"https:\/\/gldlaw.com\/es\/wp-json\/wp\/v2\/comments?post=4159"}],"version-history":[{"count":6,"href":"https:\/\/gldlaw.com\/es\/wp-json\/wp\/v2\/pages\/4159\/revisions"}],"predecessor-version":[{"id":11071,"href":"https:\/\/gldlaw.com\/es\/wp-json\/wp\/v2\/pages\/4159\/revisions\/11071"}],"up":[{"embeddable":true,"href":"https:\/\/gldlaw.com\/es\/wp-json\/wp\/v2\/pages\/3409"}],"wp:attachment":[{"href":"https:\/\/gldlaw.com\/es\/wp-json\/wp\/v2\/media?parent=4159"}],"curies":[{"name":"wp","href":"https:\/\/api.w.org\/{rel}","templated":true}]}}