{"id":5452,"date":"2019-10-10T01:00:47","date_gmt":"2019-10-10T01:00:47","guid":{"rendered":"https:\/\/gldlaw.com\/beatriz-godoy\/"},"modified":"2021-03-02T15:49:26","modified_gmt":"2021-03-02T15:49:26","slug":"beatriz-godoy","status":"publish","type":"page","link":"https:\/\/gldlaw.com\/es\/abogados\/beatriz-godoy\/","title":{"rendered":"Beatriz Godoy"},"content":{"rendered":"\n\n\t<h2>Beatriz Godoy<\/h2>\n\t\t\t\t<img loading=\"lazy\" decoding=\"async\" src=\"https:\/\/gldlaw.com\/wp-content\/uploads\/2019\/10\/IMG_6507.jpg\" alt=\"IMG_6507\" itemprop=\"image\" height=\"2048\" width=\"1601\" title=\"IMG_6507\" onerror=\"this.style.display='none'\"  \/>\n<h5>\n\t\tDEPARTAMENTOS\n\t<\/h5>\n\t<p>Abogado Principal<\/p>\n<h5>\n\t\tEDUCACI\u00d3N\n\t<\/h5>\n<h5>\n\t\tCONT\u00c1CTAME\n\t<\/h5>\n<h1>\n\t\tPERFIL DE ABOGADO DE INMIGRACI\u00d3N\n\t<\/h1>\n\t<p>Beatriz naci\u00f3 en 1979 en Hialeah, Florida, y se gradu\u00f3 de Monsignor Edward Pace High School en 1997. Recibi\u00f3 una beca completa en la Universidad Barry en Miami para su t\u00edtulo de cuatro a\u00f1os.<\/p>\n<p>Obtuvo una Licenciatura en Artes y Ciencias con una especializaci\u00f3n en Ciencias Pol\u00edticas y una especializaci\u00f3n en Sociolog\u00eda de la Universidad de Barry en 2000. Luego complet\u00f3 su educaci\u00f3n asistiendo a la Facultad de Derecho de la Universidad de St. Thomas. Se gradu\u00f3 en diciembre de 2002 y se present\u00f3 para el examen de la barra en febrero de 2003. Fue admitida ante la Corte Suprema de Florida en abril de 2003 y mantiene su membres\u00eda al d\u00eda en Florida.<\/p>\n<p>Beatriz es una cubanoamericana de primera generaci\u00f3n y, como tal, tiene una gran conexi\u00f3n con la comunidad inmigrante. Ella comprende la dif\u00edcil situaci\u00f3n de los inmigrantes, las luchas que deben enfrentar y los sue\u00f1os de un futuro mejor que sin duda est\u00e1n en la mente de sus clientes.<\/p>\n<p>Ella cree que la empat\u00eda y la compasi\u00f3n son clave para trabajar en este campo. Ella tambi\u00e9n cree que uno solo puede ser verdaderamente exitoso si le dan prioridad al servicio al cliente. Habla ingl\u00e9s y espa\u00f1ol con fluidez y ha estado ayudando a la poblaci\u00f3n inmigrante desde 2001.<\/p>\n<p>Primero comenz\u00f3 su defensa de los inmigrantes en el Instituto de Derechos Humanos mientras estaba obteniendo su Doctorado en Derecho en la Facultad de Derecho de la Universidad de St. Thomas. Despu\u00e9s de graduarse y ser admitida en el bar, continu\u00f3 su pasi\u00f3n por ayudar a las personas a cumplir el sue\u00f1o americano.<\/p>\n<p>Ella ha manejado numerosos casos que van desde ajustes de estatus basados \u200b\u200ben la familia, aplicaciones de legislaci\u00f3n especial como ajustes cubanos, visas U, procesamiento consular, exenciones y muchos m\u00e1s. Ella proviene de un fondo de gran volumen, por lo que es una verdadera multitarea.<\/p>\n<p>Beatriz est\u00e1 casada con Nicholas Godoy desde 2004. Tiene dos hijos, Nicholas y Mikayla, que han capturado su coraz\u00f3n por completo. Ella se esfuerza por ser una gran esposa y madre y siempre pone a la familia primero. Vive en Homestead, Florida, y le gusta leer, viajar y fotografiar como en el pasado.<\/p>\n\n","protected":false},"excerpt":{"rendered":"<p>Beatriz Godoy DEPARTAMENTOS Abogado Principal EDUCACI\u00d3N CONT\u00c1CTAME PERFIL DE ABOGADO DE INMIGRACI\u00d3N Beatriz naci\u00f3 en 1979 en Hialeah, Florida, y se gradu\u00f3 de Monsignor Edward Pace High School en 1997. Recibi\u00f3 una beca completa en la Universidad Barry en Miami para su t\u00edtulo de cuatro a\u00f1os. Obtuvo una Licenciatura en Artes y Ciencias con una&hellip;<\/p>\n","protected":false},"author":18,"featured_media":0,"parent":7276,"menu_order":0,"comment_status":"closed","ping_status":"closed","template":"","meta":{"_monsterinsights_skip_tracking":false,"_monsterinsights_sitenote_active":false,"_monsterinsights_sitenote_note":"","_monsterinsights_sitenote_category":0,"footnotes":""},"class_list":["post-5452","page","type-page","status-publish","hentry"],"yoast_head":"<!-- This site is optimized with the Yoast SEO plugin v27.5 - https:\/\/yoast.com\/product\/yoast-seo-wordpress\/ -->\n<title>Beatriz Godoy Abogado de Inmigraci\u00f3n | Ley de inmigraci\u00f3n de Dallas<\/title>\n<meta name=\"description\" content=\"La abogado Beatriz Godoy tiene m\u00e1s de 15 a\u00f1os de experiencia legal y una sincera pasi\u00f3n por ayudar a los inmigrantes a perseguir sus sue\u00f1os estadounidenses.\" \/>\n<meta name=\"robots\" content=\"index, follow, max-snippet:-1, max-image-preview:large, max-video-preview:-1\" \/>\n<link rel=\"canonical\" href=\"https:\/\/gldlaw.com\/es\/abogados\/beatriz-godoy\/\" \/>\n<meta property=\"og:locale\" content=\"es_MX\" \/>\n<meta property=\"og:type\" content=\"article\" \/>\n<meta property=\"og:title\" content=\"Beatriz Godoy Abogado de Inmigraci\u00f3n | Ley de inmigraci\u00f3n de Dallas\" \/>\n<meta property=\"og:description\" content=\"La abogado Beatriz Godoy tiene m\u00e1s de 15 a\u00f1os de experiencia legal y una sincera pasi\u00f3n por ayudar a los inmigrantes a perseguir sus sue\u00f1os estadounidenses.\" \/>\n<meta property=\"og:url\" content=\"https:\/\/gldlaw.com\/es\/abogados\/beatriz-godoy\/\" \/>\n<meta property=\"og:site_name\" content=\"Davis &amp; Associates\" \/>\n<meta property=\"article:publisher\" content=\"https:\/\/www.facebook.com\/GLDavisandAssociates\/\" \/>\n<meta property=\"article:modified_time\" content=\"2021-03-02T15:49:26+00:00\" \/>\n<meta property=\"og:image\" content=\"https:\/\/gldlaw.com\/wp-content\/uploads\/2019\/10\/IMG_6507.jpg\" \/>\n<meta name=\"twitter:card\" content=\"summary_large_image\" \/>\n<meta name=\"twitter:site\" content=\"@GLD_Law\" \/>\n<meta name=\"twitter:label1\" content=\"Tiempo de lectura\" \/>\n\t<meta name=\"twitter:data1\" content=\"2 minutos\" \/>\n<script type=\"application\/ld+json\" class=\"yoast-schema-graph\">{\"@context\":\"https:\\\/\\\/schema.org\",\"@graph\":[{\"@type\":\"WebPage\",\"@id\":\"https:\\\/\\\/gldlaw.com\\\/es\\\/abogados\\\/beatriz-godoy\\\/\",\"url\":\"https:\\\/\\\/gldlaw.com\\\/es\\\/abogados\\\/beatriz-godoy\\\/\",\"name\":\"Beatriz Godoy Abogado de Inmigraci\u00f3n | Ley de inmigraci\u00f3n de Dallas\",\"isPartOf\":{\"@id\":\"https:\\\/\\\/gldlaw.com\\\/es\\\/#website\"},\"primaryImageOfPage\":{\"@id\":\"https:\\\/\\\/gldlaw.com\\\/es\\\/abogados\\\/beatriz-godoy\\\/#primaryimage\"},\"image\":{\"@id\":\"https:\\\/\\\/gldlaw.com\\\/es\\\/abogados\\\/beatriz-godoy\\\/#primaryimage\"},\"thumbnailUrl\":\"https:\\\/\\\/gldlaw.com\\\/wp-content\\\/uploads\\\/2019\\\/10\\\/IMG_6507.jpg\",\"datePublished\":\"2019-10-10T01:00:47+00:00\",\"dateModified\":\"2021-03-02T15:49:26+00:00\",\"description\":\"La abogado Beatriz Godoy tiene m\u00e1s de 15 a\u00f1os de experiencia legal y una sincera pasi\u00f3n por ayudar a los inmigrantes a perseguir sus sue\u00f1os estadounidenses.\",\"breadcrumb\":{\"@id\":\"https:\\\/\\\/gldlaw.com\\\/es\\\/abogados\\\/beatriz-godoy\\\/#breadcrumb\"},\"inLanguage\":\"es\",\"potentialAction\":[{\"@type\":\"ReadAction\",\"target\":[\"https:\\\/\\\/gldlaw.com\\\/es\\\/abogados\\\/beatriz-godoy\\\/\"]}]},{\"@type\":\"ImageObject\",\"inLanguage\":\"es\",\"@id\":\"https:\\\/\\\/gldlaw.com\\\/es\\\/abogados\\\/beatriz-godoy\\\/#primaryimage\",\"url\":\"https:\\\/\\\/gldlaw.com\\\/wp-content\\\/uploads\\\/2019\\\/10\\\/IMG_6507.jpg\",\"contentUrl\":\"https:\\\/\\\/gldlaw.com\\\/wp-content\\\/uploads\\\/2019\\\/10\\\/IMG_6507.jpg\"},{\"@type\":\"BreadcrumbList\",\"@id\":\"https:\\\/\\\/gldlaw.com\\\/es\\\/abogados\\\/beatriz-godoy\\\/#breadcrumb\",\"itemListElement\":[{\"@type\":\"ListItem\",\"position\":1,\"name\":\"Home\",\"item\":\"https:\\\/\\\/gldlaw.com\\\/es\\\/\"},{\"@type\":\"ListItem\",\"position\":2,\"name\":\"Abogados\",\"item\":\"https:\\\/\\\/gldlaw.com\\\/es\\\/abogados\\\/\"},{\"@type\":\"ListItem\",\"position\":3,\"name\":\"Beatriz Godoy\"}]},{\"@type\":\"WebSite\",\"@id\":\"https:\\\/\\\/gldlaw.com\\\/es\\\/#website\",\"url\":\"https:\\\/\\\/gldlaw.com\\\/es\\\/\",\"name\":\"Davis &amp; Associates\",\"description\":\"Dallas \\\/ Fort Worth Immigration Attorney\",\"potentialAction\":[{\"@type\":\"SearchAction\",\"target\":{\"@type\":\"EntryPoint\",\"urlTemplate\":\"https:\\\/\\\/gldlaw.com\\\/es\\\/?s={search_term_string}\"},\"query-input\":{\"@type\":\"PropertyValueSpecification\",\"valueRequired\":true,\"valueName\":\"search_term_string\"}}],\"inLanguage\":\"es\"}]}<\/script>\n<!-- \/ Yoast SEO plugin. -->","yoast_head_json":{"title":"Beatriz Godoy Abogado de Inmigraci\u00f3n | Ley de inmigraci\u00f3n de Dallas","description":"La abogado Beatriz Godoy tiene m\u00e1s de 15 a\u00f1os de experiencia legal y una sincera pasi\u00f3n por ayudar a los inmigrantes a perseguir sus sue\u00f1os estadounidenses.","robots":{"index":"index","follow":"follow","max-snippet":"max-snippet:-1","max-image-preview":"max-image-preview:large","max-video-preview":"max-video-preview:-1"},"canonical":"https:\/\/gldlaw.com\/es\/abogados\/beatriz-godoy\/","og_locale":"es_MX","og_type":"article","og_title":"Beatriz Godoy Abogado de Inmigraci\u00f3n | Ley de inmigraci\u00f3n de Dallas","og_description":"La abogado Beatriz Godoy tiene m\u00e1s de 15 a\u00f1os de experiencia legal y una sincera pasi\u00f3n por ayudar a los inmigrantes a perseguir sus sue\u00f1os estadounidenses.","og_url":"https:\/\/gldlaw.com\/es\/abogados\/beatriz-godoy\/","og_site_name":"Davis &amp; Associates","article_publisher":"https:\/\/www.facebook.com\/GLDavisandAssociates\/","article_modified_time":"2021-03-02T15:49:26+00:00","og_image":[{"url":"https:\/\/gldlaw.com\/wp-content\/uploads\/2019\/10\/IMG_6507.jpg","type":"","width":"","height":""}],"twitter_card":"summary_large_image","twitter_site":"@GLD_Law","twitter_misc":{"Tiempo de lectura":"2 minutos"},"schema":{"@context":"https:\/\/schema.org","@graph":[{"@type":"WebPage","@id":"https:\/\/gldlaw.com\/es\/abogados\/beatriz-godoy\/","url":"https:\/\/gldlaw.com\/es\/abogados\/beatriz-godoy\/","name":"Beatriz Godoy Abogado de Inmigraci\u00f3n | Ley de inmigraci\u00f3n de Dallas","isPartOf":{"@id":"https:\/\/gldlaw.com\/es\/#website"},"primaryImageOfPage":{"@id":"https:\/\/gldlaw.com\/es\/abogados\/beatriz-godoy\/#primaryimage"},"image":{"@id":"https:\/\/gldlaw.com\/es\/abogados\/beatriz-godoy\/#primaryimage"},"thumbnailUrl":"https:\/\/gldlaw.com\/wp-content\/uploads\/2019\/10\/IMG_6507.jpg","datePublished":"2019-10-10T01:00:47+00:00","dateModified":"2021-03-02T15:49:26+00:00","description":"La abogado Beatriz Godoy tiene m\u00e1s de 15 a\u00f1os de experiencia legal y una sincera pasi\u00f3n por ayudar a los inmigrantes a perseguir sus sue\u00f1os estadounidenses.","breadcrumb":{"@id":"https:\/\/gldlaw.com\/es\/abogados\/beatriz-godoy\/#breadcrumb"},"inLanguage":"es","potentialAction":[{"@type":"ReadAction","target":["https:\/\/gldlaw.com\/es\/abogados\/beatriz-godoy\/"]}]},{"@type":"ImageObject","inLanguage":"es","@id":"https:\/\/gldlaw.com\/es\/abogados\/beatriz-godoy\/#primaryimage","url":"https:\/\/gldlaw.com\/wp-content\/uploads\/2019\/10\/IMG_6507.jpg","contentUrl":"https:\/\/gldlaw.com\/wp-content\/uploads\/2019\/10\/IMG_6507.jpg"},{"@type":"BreadcrumbList","@id":"https:\/\/gldlaw.com\/es\/abogados\/beatriz-godoy\/#breadcrumb","itemListElement":[{"@type":"ListItem","position":1,"name":"Home","item":"https:\/\/gldlaw.com\/es\/"},{"@type":"ListItem","position":2,"name":"Abogados","item":"https:\/\/gldlaw.com\/es\/abogados\/"},{"@type":"ListItem","position":3,"name":"Beatriz Godoy"}]},{"@type":"WebSite","@id":"https:\/\/gldlaw.com\/es\/#website","url":"https:\/\/gldlaw.com\/es\/","name":"Davis &amp; Associates","description":"Dallas \/ Fort Worth Immigration Attorney","potentialAction":[{"@type":"SearchAction","target":{"@type":"EntryPoint","urlTemplate":"https:\/\/gldlaw.com\/es\/?s={search_term_string}"},"query-input":{"@type":"PropertyValueSpecification","valueRequired":true,"valueName":"search_term_string"}}],"inLanguage":"es"}]}},"_links":{"self":[{"href":"https:\/\/gldlaw.com\/es\/wp-json\/wp\/v2\/pages\/5452","targetHints":{"allow":["GET"]}}],"collection":[{"href":"https:\/\/gldlaw.com\/es\/wp-json\/wp\/v2\/pages"}],"about":[{"href":"https:\/\/gldlaw.com\/es\/wp-json\/wp\/v2\/types\/page"}],"author":[{"embeddable":true,"href":"https:\/\/gldlaw.com\/es\/wp-json\/wp\/v2\/users\/18"}],"replies":[{"embeddable":true,"href":"https:\/\/gldlaw.com\/es\/wp-json\/wp\/v2\/comments?post=5452"}],"version-history":[{"count":2,"href":"https:\/\/gldlaw.com\/es\/wp-json\/wp\/v2\/pages\/5452\/revisions"}],"predecessor-version":[{"id":7723,"href":"https:\/\/gldlaw.com\/es\/wp-json\/wp\/v2\/pages\/5452\/revisions\/7723"}],"up":[{"embeddable":true,"href":"https:\/\/gldlaw.com\/es\/wp-json\/wp\/v2\/pages\/7276"}],"wp:attachment":[{"href":"https:\/\/gldlaw.com\/es\/wp-json\/wp\/v2\/media?parent=5452"}],"curies":[{"name":"wp","href":"https:\/\/api.w.org\/{rel}","templated":true}]}}