{"id":5457,"date":"2019-10-10T01:51:47","date_gmt":"2019-10-10T01:51:47","guid":{"rendered":"https:\/\/gldlaw.com\/michael-mayer\/"},"modified":"2020-10-19T21:31:56","modified_gmt":"2020-10-19T21:31:56","slug":"john-paul-powelson","status":"publish","type":"page","link":"https:\/\/gldlaw.com\/es\/abogados\/john-paul-powelson\/","title":{"rendered":"John Paul Powelson"},"content":{"rendered":"\r\n\t<h2><em>Michael Mayer<\/em><\/h2>\r\n\t\t\t\t<img loading=\"lazy\" decoding=\"async\" src=\"https:\/\/gldlaw.com\/wp-content\/uploads\/2020\/10\/JP-Profile-Pic-1.jpg\" alt=\"JP Profile Pic (1)\" itemprop=\"image\" height=\"1406\" width=\"955\" title=\"JP Profile Pic (1)\" onerror=\"this.style.display='none'\"  \/>\r\n<h5>\r\n\t\tDEPARTAMENTOS\r\n\t<\/h5>\r\n\t<p>Abogado de Inmigraci\u00f3n<\/p>\r\n<h5>\r\n\t\tMembres\u00edas\r\n\t<\/h5>\r\n<h5>\r\n\t\tEDUCACI\u00d3N\r\n\t<\/h5>\r\n<h5>\r\n\t\tCONT\u00c1CTAME\r\n\t<\/h5>\r\n<h1>\r\n\t\tPERFIL DE ABOGADO DE INMIGRACI\u00d3N\r\n\t<\/h1>\r\n\t<p>John Paul Powelson creci\u00f3 viviendo en Colombia, Venezuela y Ecuador antes de mudarse a los Estados Unidos. Como hijo de padre estadounidense y madre colombiana, se cri\u00f3 hablando tanto ingl\u00e9s como espa\u00f1ol en un ambiente multicultural.<\/p>\r\n<p>Despu\u00e9s de obtener una licenciatura en Desarrollo Internacional y una especializaci\u00f3n en Negocios de la Universidad de St. Thomas en Houston, John Paul obtuvo su Doctorado en Jurisprudencia en la Universidad de Miami en 2015. Mientras estudiaba en Miami, realiz\u00f3 una pasant\u00eda en la Fiscal\u00eda del Estado y adquiri\u00f3 experiencia en varias unidades penales, incluidas las divisiones de delincuentes profesionales, crimen organizado y pandillas.<\/p>\r\n<p>Una vez que obtuvo su t\u00edtulo de abogado, John Paul regres\u00f3 a Houston y se convirti\u00f3 en miembro autorizado del Colegio de Abogados de Texas. Desde entonces, se ha dedicado exclusivamente a la representaci\u00f3n de inmigrantes. Despu\u00e9s de comenzar su pr\u00e1ctica representando a menores no acompa\u00f1ados en procedimientos de deportaci\u00f3n, John Paul ha ganado una amplia experiencia en una amplia gama de asuntos de inmigraci\u00f3n. Estos incluyen inmigraci\u00f3n basada en la familia, asilo pol\u00edtico, cancelaci\u00f3n de deportaci\u00f3n, DACA, Visa U, Visa T, exenciones, bonos, ciudadan\u00eda y muchos otros.<\/p>\r\n<p>John Paul siente una gran alegr\u00eda por los resultados exitosos de los casos de sus clientes y cree apasionadamente en la defensa de los derechos de todos los inmigrantes.<\/p>\r\n","protected":false},"excerpt":{"rendered":"<p>Michael Mayer DEPARTAMENTOS Abogado de Inmigraci\u00f3n Membres\u00edas EDUCACI\u00d3N CONT\u00c1CTAME PERFIL DE ABOGADO DE INMIGRACI\u00d3N John Paul Powelson creci\u00f3 viviendo en Colombia, Venezuela y Ecuador antes de mudarse a los Estados Unidos. Como hijo de padre estadounidense y madre colombiana, se cri\u00f3 hablando tanto ingl\u00e9s como espa\u00f1ol en un ambiente multicultural. Despu\u00e9s de obtener una licenciatura&hellip;<\/p>\n","protected":false},"author":18,"featured_media":0,"parent":7276,"menu_order":0,"comment_status":"closed","ping_status":"closed","template":"","meta":{"_monsterinsights_skip_tracking":false,"_monsterinsights_sitenote_active":false,"_monsterinsights_sitenote_note":"","_monsterinsights_sitenote_category":0,"footnotes":""},"class_list":["post-5457","page","type-page","status-publish","hentry"],"yoast_head":"<!-- This site is optimized with the Yoast SEO plugin v27.3 - https:\/\/yoast.com\/product\/yoast-seo-wordpress\/ -->\n<title>Abogado de Inmigraci\u00f3n Michael Mayer | Ley de inmigraci\u00f3n de Dallas<\/title>\n<meta name=\"description\" content=\"El abogado Michael Mayer es un abogado de inmigraci\u00f3n apasionado y experimentado en Davis &amp; Associates, nuestro bufete de abogados con sede en Texas. \u00a1Llama hoy!\" \/>\n<meta name=\"robots\" content=\"index, follow, max-snippet:-1, max-image-preview:large, max-video-preview:-1\" \/>\n<link rel=\"canonical\" href=\"https:\/\/gldlaw.com\/es\/abogados\/john-paul-powelson\/\" \/>\n<meta property=\"og:locale\" content=\"es_MX\" \/>\n<meta property=\"og:type\" content=\"article\" \/>\n<meta property=\"og:title\" content=\"Abogado de Inmigraci\u00f3n Michael Mayer | Ley de inmigraci\u00f3n de Dallas\" \/>\n<meta property=\"og:description\" content=\"El abogado Michael Mayer es un abogado de inmigraci\u00f3n apasionado y experimentado en Davis &amp; Associates, nuestro bufete de abogados con sede en Texas. \u00a1Llama hoy!\" \/>\n<meta property=\"og:url\" content=\"https:\/\/gldlaw.com\/es\/abogados\/john-paul-powelson\/\" \/>\n<meta property=\"og:site_name\" content=\"Davis &amp; Associates\" \/>\n<meta property=\"article:publisher\" content=\"https:\/\/www.facebook.com\/GLDavisandAssociates\/\" \/>\n<meta property=\"article:modified_time\" content=\"2020-10-19T21:31:56+00:00\" \/>\n<meta property=\"og:image\" content=\"https:\/\/gldlaw.com\/wp-content\/uploads\/2020\/10\/JP-Profile-Pic-1.jpg\" \/>\n<meta name=\"twitter:card\" content=\"summary_large_image\" \/>\n<meta name=\"twitter:site\" content=\"@GLD_Law\" \/>\n<meta name=\"twitter:label1\" content=\"Tiempo de lectura\" \/>\n\t<meta name=\"twitter:data1\" content=\"1 minuto\" \/>\n<script type=\"application\/ld+json\" class=\"yoast-schema-graph\">{\"@context\":\"https:\\\/\\\/schema.org\",\"@graph\":[{\"@type\":\"WebPage\",\"@id\":\"https:\\\/\\\/gldlaw.com\\\/es\\\/abogados\\\/john-paul-powelson\\\/\",\"url\":\"https:\\\/\\\/gldlaw.com\\\/es\\\/abogados\\\/john-paul-powelson\\\/\",\"name\":\"Abogado de Inmigraci\u00f3n Michael Mayer | Ley de inmigraci\u00f3n de Dallas\",\"isPartOf\":{\"@id\":\"https:\\\/\\\/gldlaw.com\\\/es\\\/#website\"},\"primaryImageOfPage\":{\"@id\":\"https:\\\/\\\/gldlaw.com\\\/es\\\/abogados\\\/john-paul-powelson\\\/#primaryimage\"},\"image\":{\"@id\":\"https:\\\/\\\/gldlaw.com\\\/es\\\/abogados\\\/john-paul-powelson\\\/#primaryimage\"},\"thumbnailUrl\":\"https:\\\/\\\/gldlaw.com\\\/wp-content\\\/uploads\\\/2020\\\/10\\\/JP-Profile-Pic-1.jpg\",\"datePublished\":\"2019-10-10T01:51:47+00:00\",\"dateModified\":\"2020-10-19T21:31:56+00:00\",\"description\":\"El abogado Michael Mayer es un abogado de inmigraci\u00f3n apasionado y experimentado en Davis & Associates, nuestro bufete de abogados con sede en Texas. \u00a1Llama hoy!\",\"breadcrumb\":{\"@id\":\"https:\\\/\\\/gldlaw.com\\\/es\\\/abogados\\\/john-paul-powelson\\\/#breadcrumb\"},\"inLanguage\":\"es\",\"potentialAction\":[{\"@type\":\"ReadAction\",\"target\":[\"https:\\\/\\\/gldlaw.com\\\/es\\\/abogados\\\/john-paul-powelson\\\/\"]}]},{\"@type\":\"ImageObject\",\"inLanguage\":\"es\",\"@id\":\"https:\\\/\\\/gldlaw.com\\\/es\\\/abogados\\\/john-paul-powelson\\\/#primaryimage\",\"url\":\"https:\\\/\\\/gldlaw.com\\\/wp-content\\\/uploads\\\/2020\\\/10\\\/JP-Profile-Pic-1.jpg\",\"contentUrl\":\"https:\\\/\\\/gldlaw.com\\\/wp-content\\\/uploads\\\/2020\\\/10\\\/JP-Profile-Pic-1.jpg\"},{\"@type\":\"BreadcrumbList\",\"@id\":\"https:\\\/\\\/gldlaw.com\\\/es\\\/abogados\\\/john-paul-powelson\\\/#breadcrumb\",\"itemListElement\":[{\"@type\":\"ListItem\",\"position\":1,\"name\":\"Home\",\"item\":\"https:\\\/\\\/gldlaw.com\\\/es\\\/\"},{\"@type\":\"ListItem\",\"position\":2,\"name\":\"Abogados\",\"item\":\"https:\\\/\\\/gldlaw.com\\\/es\\\/abogados\\\/\"},{\"@type\":\"ListItem\",\"position\":3,\"name\":\"John Paul Powelson\"}]},{\"@type\":\"WebSite\",\"@id\":\"https:\\\/\\\/gldlaw.com\\\/es\\\/#website\",\"url\":\"https:\\\/\\\/gldlaw.com\\\/es\\\/\",\"name\":\"Davis &amp; Associates\",\"description\":\"Dallas \\\/ Fort Worth Immigration Attorney\",\"potentialAction\":[{\"@type\":\"SearchAction\",\"target\":{\"@type\":\"EntryPoint\",\"urlTemplate\":\"https:\\\/\\\/gldlaw.com\\\/es\\\/?s={search_term_string}\"},\"query-input\":{\"@type\":\"PropertyValueSpecification\",\"valueRequired\":true,\"valueName\":\"search_term_string\"}}],\"inLanguage\":\"es\"}]}<\/script>\n<!-- \/ Yoast SEO plugin. -->","yoast_head_json":{"title":"Abogado de Inmigraci\u00f3n Michael Mayer | Ley de inmigraci\u00f3n de Dallas","description":"El abogado Michael Mayer es un abogado de inmigraci\u00f3n apasionado y experimentado en Davis & Associates, nuestro bufete de abogados con sede en Texas. \u00a1Llama hoy!","robots":{"index":"index","follow":"follow","max-snippet":"max-snippet:-1","max-image-preview":"max-image-preview:large","max-video-preview":"max-video-preview:-1"},"canonical":"https:\/\/gldlaw.com\/es\/abogados\/john-paul-powelson\/","og_locale":"es_MX","og_type":"article","og_title":"Abogado de Inmigraci\u00f3n Michael Mayer | Ley de inmigraci\u00f3n de Dallas","og_description":"El abogado Michael Mayer es un abogado de inmigraci\u00f3n apasionado y experimentado en Davis & Associates, nuestro bufete de abogados con sede en Texas. \u00a1Llama hoy!","og_url":"https:\/\/gldlaw.com\/es\/abogados\/john-paul-powelson\/","og_site_name":"Davis &amp; Associates","article_publisher":"https:\/\/www.facebook.com\/GLDavisandAssociates\/","article_modified_time":"2020-10-19T21:31:56+00:00","og_image":[{"url":"https:\/\/gldlaw.com\/wp-content\/uploads\/2020\/10\/JP-Profile-Pic-1.jpg","type":"","width":"","height":""}],"twitter_card":"summary_large_image","twitter_site":"@GLD_Law","twitter_misc":{"Tiempo de lectura":"1 minuto"},"schema":{"@context":"https:\/\/schema.org","@graph":[{"@type":"WebPage","@id":"https:\/\/gldlaw.com\/es\/abogados\/john-paul-powelson\/","url":"https:\/\/gldlaw.com\/es\/abogados\/john-paul-powelson\/","name":"Abogado de Inmigraci\u00f3n Michael Mayer | Ley de inmigraci\u00f3n de Dallas","isPartOf":{"@id":"https:\/\/gldlaw.com\/es\/#website"},"primaryImageOfPage":{"@id":"https:\/\/gldlaw.com\/es\/abogados\/john-paul-powelson\/#primaryimage"},"image":{"@id":"https:\/\/gldlaw.com\/es\/abogados\/john-paul-powelson\/#primaryimage"},"thumbnailUrl":"https:\/\/gldlaw.com\/wp-content\/uploads\/2020\/10\/JP-Profile-Pic-1.jpg","datePublished":"2019-10-10T01:51:47+00:00","dateModified":"2020-10-19T21:31:56+00:00","description":"El abogado Michael Mayer es un abogado de inmigraci\u00f3n apasionado y experimentado en Davis & Associates, nuestro bufete de abogados con sede en Texas. \u00a1Llama hoy!","breadcrumb":{"@id":"https:\/\/gldlaw.com\/es\/abogados\/john-paul-powelson\/#breadcrumb"},"inLanguage":"es","potentialAction":[{"@type":"ReadAction","target":["https:\/\/gldlaw.com\/es\/abogados\/john-paul-powelson\/"]}]},{"@type":"ImageObject","inLanguage":"es","@id":"https:\/\/gldlaw.com\/es\/abogados\/john-paul-powelson\/#primaryimage","url":"https:\/\/gldlaw.com\/wp-content\/uploads\/2020\/10\/JP-Profile-Pic-1.jpg","contentUrl":"https:\/\/gldlaw.com\/wp-content\/uploads\/2020\/10\/JP-Profile-Pic-1.jpg"},{"@type":"BreadcrumbList","@id":"https:\/\/gldlaw.com\/es\/abogados\/john-paul-powelson\/#breadcrumb","itemListElement":[{"@type":"ListItem","position":1,"name":"Home","item":"https:\/\/gldlaw.com\/es\/"},{"@type":"ListItem","position":2,"name":"Abogados","item":"https:\/\/gldlaw.com\/es\/abogados\/"},{"@type":"ListItem","position":3,"name":"John Paul Powelson"}]},{"@type":"WebSite","@id":"https:\/\/gldlaw.com\/es\/#website","url":"https:\/\/gldlaw.com\/es\/","name":"Davis &amp; Associates","description":"Dallas \/ Fort Worth Immigration Attorney","potentialAction":[{"@type":"SearchAction","target":{"@type":"EntryPoint","urlTemplate":"https:\/\/gldlaw.com\/es\/?s={search_term_string}"},"query-input":{"@type":"PropertyValueSpecification","valueRequired":true,"valueName":"search_term_string"}}],"inLanguage":"es"}]}},"_links":{"self":[{"href":"https:\/\/gldlaw.com\/es\/wp-json\/wp\/v2\/pages\/5457","targetHints":{"allow":["GET"]}}],"collection":[{"href":"https:\/\/gldlaw.com\/es\/wp-json\/wp\/v2\/pages"}],"about":[{"href":"https:\/\/gldlaw.com\/es\/wp-json\/wp\/v2\/types\/page"}],"author":[{"embeddable":true,"href":"https:\/\/gldlaw.com\/es\/wp-json\/wp\/v2\/users\/18"}],"replies":[{"embeddable":true,"href":"https:\/\/gldlaw.com\/es\/wp-json\/wp\/v2\/comments?post=5457"}],"version-history":[{"count":5,"href":"https:\/\/gldlaw.com\/es\/wp-json\/wp\/v2\/pages\/5457\/revisions"}],"predecessor-version":[{"id":7278,"href":"https:\/\/gldlaw.com\/es\/wp-json\/wp\/v2\/pages\/5457\/revisions\/7278"}],"up":[{"embeddable":true,"href":"https:\/\/gldlaw.com\/es\/wp-json\/wp\/v2\/pages\/7276"}],"wp:attachment":[{"href":"https:\/\/gldlaw.com\/es\/wp-json\/wp\/v2\/media?parent=5457"}],"curies":[{"name":"wp","href":"https:\/\/api.w.org\/{rel}","templated":true}]}}