{"id":5459,"date":"2019-10-10T01:58:10","date_gmt":"2019-10-10T01:58:10","guid":{"rendered":"https:\/\/gldlaw.com\/areas-de-practica\/como-obtener-la-residencia-permanente\/"},"modified":"2023-06-06T16:29:31","modified_gmt":"2023-06-06T21:29:31","slug":"daca","status":"publish","type":"page","link":"https:\/\/gldlaw.com\/es\/inmigracion\/daca\/","title":{"rendered":"DACA"},"content":{"rendered":"\n\n\t<h1>Abogados de DACA en Texas<\/h1>\n\t<h2>Sirviendo a los DREAMers en todo el pa\u00eds<\/h2>\n<p>La Acci\u00f3n Diferida para los Llegados en la Infancia &#8211; o DACA &#8211; es un programa federal que otorga acci\u00f3n de deportaci\u00f3n retrasada para inmigrantes que llegaron a los Estados Unidos cuando eran ni\u00f1os. Si se le otorga el estatus de DACA, la acci\u00f3n de remoci\u00f3n se difiere por dos a\u00f1os, pero puede renovar su estado.<\/p>\n<p>Davis &amp; Associates se enorgullece de servir a los DREAMers que necesitan representaci\u00f3n legal o asesoramiento. Nuestros abogados de DACA en Texas est\u00e1n a solo una llamada de distancia.<\/p>\n<h2>Qu\u00e9 es DACA?<\/h2>\n<p>DACA es un acr\u00f3nimo de la pol\u00edtica de Acci\u00f3n Diferida para los Llegados en la Infancia. La pol\u00edtica protege a poco menos de 800,000 personas, com\u00fanmente llamadas DREAMers porque caen bajo la Ley de Desarrollo, Alivio y Educaci\u00f3n para Menores Extranjeros (DREAM), al proporcionarles residencia condicional temporal. Esta residencia proporciona a estos j\u00f3venes visas de trabajo y los protege contra los <a href=\"https:\/\/gldlaw.com\/immigration\/deportation\/\">procedimientos de deportaci\u00f3n<\/a>.<\/p>\n\t\t\t\t<img loading=\"lazy\" decoding=\"async\" src=\"https:\/\/gldlaw.com\/wp-content\/uploads\/2023\/06\/Abogados-de-DACA-en-Texas-Davis-Associates.png\" alt=\"Abogados de DACA en Texas -Davis Associates\" itemprop=\"image\" height=\"630\" width=\"1200\" title=\"Abogados de DACA en Texas -Davis Associates\" onerror=\"this.style.display='none'\"  \/>\n\t<h3>Enlaces r\u00e1pidos de DACA<\/h3>\n<p><a href=\"https:\/\/gldlaw.com\/daca-restored\/\">DACA Restaurado: USCIS Ahora Acepta Nuevas Solicitudes<\/a><\/p>\n<p><a href=\"https:\/\/gldlaw.com\/economic-benefits-daca-program\/\">Los beneficios econ\u00f3micos del programa DACA<\/a><\/p>\n<p><a href=\"https:\/\/gldlaw.com\/es\/renovacion-de-daca-lo-que-usted-necesita-saber-hoy\/\">Renovaci\u00f3n de DACA: Lo que necesita saber hoy<\/a><\/p>\n<p><a href=\"https:\/\/gldlaw.com\/daca-vs-trump\/\">Preg\u00fantele a Garry: DACA Vs Trump | \u00bfCu\u00e1l es el futuro de DACA bajo la administraci\u00f3n Trump?<\/a><\/p>\n<p><a href=\"https:\/\/gldlaw.com\/supreme-cout-extends-daca-protections\/\">Un salvavidas para los so\u00f1adores: la Corte Suprema extiende las protecciones de DACA<\/a><\/p>\n\t<h2>Haga Clic Hoy Para Su Consulta Gratis<\/h2>\n\t\t\t<a href=\"https:\/\/gldlaw.com\/es\/contacto\/\" target=\"_self\" role=\"button\" rel=\"noopener\">\n\t\t\t\t\t\t\tOprima Aqu\u00ed\n\t\t\t\t\t<\/a>\n\t<h2>Solicitar DACA por primera vez<\/h2>\n<p>Si es elegible para DACA, es posible que pueda solicitar la inscripci\u00f3n en el programa. Para muchas personas, el mejor curso de acci\u00f3n es trabajar con un abogado que entienda la ley y c\u00f3mo ha cambiado en los \u00faltimos a\u00f1os.<\/p>\n<h3>Qui\u00e9n es elegible para solicitar DACA?<\/h3>\n<p><img loading=\"lazy\" decoding=\"async\" src=\"https:\/\/gldlaw.com\/wp-content\/uploads\/2023\/06\/Abogados-de-DACA-Davis-Associates-.png\" alt=\"Abogados de DACA - Davis &amp; Associates\" width=\"500\" height=\"375\" \/>Usted puede ser elegible para DACA si:<\/p>\n<ul>\n<li>Vino a los Estados Unidos antes de cumplir 16 a\u00f1os<\/li>\n<li>Han residido continuamente en los Estados Unidos desde el 15 de junio de 2007 y hasta hoy<\/li>\n<li>Estuvo f\u00edsicamente presente en los Estados Unidos el 15 de junio de 2012 y en el momento en que realiza su solicitud de inscripci\u00f3n en el programa DACA<\/li>\n<li>No ten\u00eda estatus migratorio legal el 15 de junio de 2012 (lo que significa que no estaba <a href=\"https:\/\/gldlaw.com\/es\/inmigracion\/visas\/\">en los Estados Unidos con una visa<\/a> o como residente permanente condicional)<\/li>\n<li>Eran menores de 31 a\u00f1os el 15 de junio de 2012<\/li>\n<li>Est\u00e1 actualmente en la escuela o se ha graduado u obtenido un certificado de finalizaci\u00f3n de la escuela secundaria, o ha obtenido un certificado de equivalencia de escuela secundaria, o es un veterano dado de baja honorablemente de la Guardia Costera de los Estados Unidos o una rama de las Fuerzas Armadas de los EE. UU.<\/li>\n<li>Nunca ha sido condenado por un delito grave, un delito menor significativo o tres o m\u00e1s delitos menores<\/li>\n<li>No representan una amenaza para la seguridad nacional o la seguridad p\u00fablica<\/li>\n<\/ul>\n<p>Debe ser mayor de 15 a\u00f1os para solicitar DACA a menos que se encuentre actualmente en proceso de deportaci\u00f3n. Si actualmente se encuentra en proceso de deportaci\u00f3n, puede solicitar DACA a cualquier edad (siempre y cuando fuera menor de 31 a\u00f1os al 15 de junio de 2012).<\/p>\n<h3>Qu\u00e9 documentaci\u00f3n de respaldo puede proporcionar para solicitar DACA?<\/h3>\n<p>Debe esperar que USCIS le exija que proporcione documentaci\u00f3n de respaldo cuando solicite DACA. Parte de la informaci\u00f3n que se le puede pedir que proporcione incluye:<\/p>\n<ul>\n<li>Pasaporte o documento nacional de identidad de su pa\u00eds de origen<\/li>\n<li>Certificado de nacimiento<\/li>\n<li>Identificaci\u00f3n escolar o militar<\/li>\n<li>Registros escolares de las escuelas estadounidenses a las que ha asistido<\/li>\n<li>Registros de viaje<\/li>\n<li>Registros hospitalarios o m\u00e9dicos<\/li>\n<li>Registros de empleo (como talones de pago o formularios W-2)<\/li>\n<li>Registros oficiales de una ceremonia religiosa que confirman su participaci\u00f3n en ella (como un bautismo)<\/li>\n<li>Certificados de nacimiento para sus hijos que nacieron en los Estados Unidos<\/li>\n<li>Transacciones bancarias fechadas<\/li>\n<li>Escrituras, hipotecas o contratos de alquiler<\/li>\n<li>Recibos fiscales<\/li>\n<li>P\u00f3lizas<\/li>\n<li>Prueba de su estatus migratorio<\/li>\n<li>Documentos de cobro que lo colocan en un proceso de deportaci\u00f3n<\/li>\n<li>Prueba de su presencia en los Estados Unidos el 15 de junio de 2012 (como recibos, \u00f3rdenes o registros militares, registros de empleo u otra documentaci\u00f3n<\/li>\n<li>Prueba de que ha residido continuamente en los Estados Unidos desde el 15 de junio de 2007<\/li>\n<li>Prueba de su estado de estudiante en el momento de solicitar DACA, como transcripciones oficiales, diplomas o certificados de finalizaci\u00f3n<\/li>\n<li>Prueba de que usted es un veterano dado de baja honorablemente de la Guardia Costera o las Fuerzas Armadas de los Estados Unidos<\/li>\n<\/ul>\n<p>La mayor\u00eda de las personas recurren a un abogado para obtener ayuda con una solicitud de DACA por primera vez. Los formularios requeridos pueden cambiar, y USCIS rechazar\u00e1 su petici\u00f3n si usa un formulario obsoleto. Su abogado puede completar y presentar su solicitud por usted, y \u00e9l o ella tambi\u00e9n puede controlar el estado de su solicitud. Su abogado lo mantendr\u00e1 actualizado sobre el estado de su caso y tambi\u00e9n responder\u00e1 sus preguntas durante todo el proceso.<\/p>\n<h3>Qu\u00e9 pasa si ha sido condenado por un delito?<\/h3>\n<p>Si ha sido condenado por un delito, probablemente deber\u00eda hablar con un abogado para obtener ayuda y orientaci\u00f3n. Aunque algunos delitos menores pueden no afectar su petici\u00f3n, debe saber que cualquier participaci\u00f3n en el sistema judicial puede hacer que USCIS considere su solicitud con m\u00e1s cuidado. Existen ciertas barreras para la acci\u00f3n diferida, incluida cualquier condena por delito grave, un delito menor significativo o tres delitos menores no significativos.<\/p>\n<p>Los delitos menores significativos incluyen:<\/p>\n<ul>\n<li>Violencia dom\u00e9stica<\/li>\n<li>Abuso sexual<\/li>\n<li>Explotaci\u00f3n sexual<\/li>\n<li>Posesi\u00f3n ilegal de un arma de fuego<\/li>\n<li>Uso ilegal de un arma de fuego<\/li>\n<li>Distribuci\u00f3n de medicamentos<\/li>\n<li>Narcotr\u00e1fico<\/li>\n<li>Robo<\/li>\n<li>Conducir bajo la influencia del alcohol o las drogas (y en Texas, su tercera o posterior ofensa con DWI es un delito grave de todos modos, lo que le impide ser elegible para solicitar DACA)<\/li>\n<\/ul>\n<p>USCIS tambi\u00e9n puede negar solicitudes por razones discrecionales. Si el funcionario a cargo de su caso determina que usted es una amenaza para la seguridad p\u00fablica (como cuando est\u00e1 involucrado en una pandilla o participa en actividades delictivas) o que es una amenaza para la seguridad nacional, su solicitud puede ser denegada.<\/p>\n<h2>Renovaci\u00f3n del estado de DACA<\/h2>\n<p>Si es hora de renovar su estado de DACA, es posible que se sienta abrumado. Contratar asesor\u00eda legal puede ayudar a aliviar su carga. En Davis &amp; Associates, podemos manejar todo el papeleo y guiarlo a trav\u00e9s del proceso. Estar\u00e1s posicionado para el \u00e9xito desde el principio.<\/p>\n<p>Para renovar DACA, necesitar\u00e1:<\/p>\n<ul>\n<li>Formulario G-1145<\/li>\n<li>Formulario I-821D<\/li>\n<li>Formulario I-765<\/li>\n<li>Formulario I-765WS<\/li>\n<li>Una carta de presentaci\u00f3n<\/li>\n<li>Copias de las pruebas justificativas<\/li>\n<li>Un giro postal a nombre del Departamento de Seguridad Nacional de los Estados Unidos para su tarifa de presentaci\u00f3n<\/li>\n<\/ul>\n<p>Al igual que con las peticiones iniciales, muchas personas optan por trabajar con un abogado para renovar el estatus de DACA. Debido a que los requisitos de presentaci\u00f3n son muy estrictos, y debido a que los formularios est\u00e1n sujetos a cambios con poco o ning\u00fan aviso, tambi\u00e9n puede ser la mejor opci\u00f3n para usted.<\/p>\n<h3>Cu\u00e1ndo debe renovar su estado de DACA?<\/h3>\n<p>USCIS sugiere que presente una solicitud de renovaci\u00f3n completa al menos 5 meses (150 d\u00edas) antes de que expire su DACA actual y su autorizaci\u00f3n de empleo, pero a m\u00e1s tardar 4 meses (120 d\u00edas) antes del vencimiento. Sin embargo, est\u00e1 bien si est\u00e1 un poco m\u00e1s cerca de su fecha de vencimiento; USCIS a\u00fan aceptar\u00e1 su petici\u00f3n y procesar\u00e1 su solicitud. Sin embargo, debe saber que si lo corta, su DACA puede caducar durante varias semanas (o incluso meses), dependiendo de cu\u00e1ndo presente la solicitud. Es mejor tratar de cumplir con los plazos sugeridos por USCIS para que no est\u00e9 ilegalmente presente en los Estados Unidos durante el tiempo que est\u00e1 esperando para renovar su estatus.<\/p>\n<h2>Consulte con Davis &amp; Associates hoy<\/h2>\n<p>Nuestra firma est\u00e1 preparada para responder todas sus preguntas relacionadas con DACA y guiarlo a trav\u00e9s de los pasos necesarios para lograr sus objetivos. Entendemos que su estado de DACA puede afectar significativamente su vida y la de sus seres queridos. Es por eso que trabajamos incansablemente para garantizar renovaciones exitosas.<\/p>\n\t<h2>Haga Clic Hoy Para Su Consulta Gratis<\/h2>\n\t\t\t<a href=\"https:\/\/gldlaw.com\/es\/contacto\/\" target=\"_self\" role=\"button\" rel=\"noopener\">\n\t\t\t\t\t\t\tOprima Aqu\u00ed\n\t\t\t\t\t<\/a>\n\n","protected":false},"excerpt":{"rendered":"<p>Abogados de DACA en Texas Sirviendo a los DREAMers en todo el pa\u00eds La Acci\u00f3n Diferida para los Llegados en la Infancia &#8211; o DACA &#8211; es un programa federal que otorga acci\u00f3n de deportaci\u00f3n retrasada para inmigrantes que llegaron a los Estados Unidos cuando eran ni\u00f1os. Si se le otorga el estatus de DACA,&hellip;<\/p>\n","protected":false},"author":18,"featured_media":0,"parent":3409,"menu_order":0,"comment_status":"closed","ping_status":"closed","template":"","meta":{"_monsterinsights_skip_tracking":false,"_monsterinsights_sitenote_active":false,"_monsterinsights_sitenote_note":"","_monsterinsights_sitenote_category":0,"footnotes":""},"class_list":["post-5459","page","type-page","status-publish","hentry"],"yoast_head":"<!-- This site is optimized with the Yoast SEO plugin v27.3 - https:\/\/yoast.com\/product\/yoast-seo-wordpress\/ -->\n<title>COMO OBTENER LA RESIDENCIA PERMANENTE<\/title>\n<meta name=\"description\" content=\"Nuestros abogados de DACA en Houston y Dallas sirven a clientes en todo el pa\u00eds. ... Davis &amp; Associates se enorgullece de servir a DREAMers que necesitan legal ...\" \/>\n<meta name=\"robots\" content=\"index, follow, max-snippet:-1, max-image-preview:large, max-video-preview:-1\" \/>\n<link rel=\"canonical\" href=\"https:\/\/gldlaw.com\/es\/inmigracion\/daca\/\" \/>\n<meta property=\"og:locale\" content=\"es_MX\" \/>\n<meta property=\"og:type\" content=\"article\" \/>\n<meta property=\"og:title\" content=\"COMO OBTENER LA RESIDENCIA PERMANENTE\" \/>\n<meta property=\"og:description\" content=\"Nuestros abogados de DACA en Houston y Dallas sirven a clientes en todo el pa\u00eds. ... Davis &amp; Associates se enorgullece de servir a DREAMers que necesitan legal ...\" \/>\n<meta property=\"og:url\" content=\"https:\/\/gldlaw.com\/es\/inmigracion\/daca\/\" \/>\n<meta property=\"og:site_name\" content=\"Davis &amp; Associates\" \/>\n<meta property=\"article:publisher\" content=\"https:\/\/www.facebook.com\/GLDavisandAssociates\/\" \/>\n<meta property=\"article:modified_time\" content=\"2023-06-06T21:29:31+00:00\" \/>\n<meta property=\"og:image\" content=\"https:\/\/gldlaw.com\/wp-content\/uploads\/2023\/06\/Abogados-de-DACA-en-Texas-Davis-Associates.png\" \/>\n<meta name=\"twitter:card\" content=\"summary_large_image\" \/>\n<meta name=\"twitter:site\" content=\"@GLD_Law\" \/>\n<meta name=\"twitter:label1\" content=\"Tiempo de lectura\" \/>\n\t<meta name=\"twitter:data1\" content=\"7 minutos\" \/>\n<script type=\"application\/ld+json\" class=\"yoast-schema-graph\">{\"@context\":\"https:\\\/\\\/schema.org\",\"@graph\":[{\"@type\":\"WebPage\",\"@id\":\"https:\\\/\\\/gldlaw.com\\\/es\\\/inmigracion\\\/daca\\\/\",\"url\":\"https:\\\/\\\/gldlaw.com\\\/es\\\/inmigracion\\\/daca\\\/\",\"name\":\"COMO OBTENER LA RESIDENCIA PERMANENTE\",\"isPartOf\":{\"@id\":\"https:\\\/\\\/gldlaw.com\\\/es\\\/#website\"},\"primaryImageOfPage\":{\"@id\":\"https:\\\/\\\/gldlaw.com\\\/es\\\/inmigracion\\\/daca\\\/#primaryimage\"},\"image\":{\"@id\":\"https:\\\/\\\/gldlaw.com\\\/es\\\/inmigracion\\\/daca\\\/#primaryimage\"},\"thumbnailUrl\":\"https:\\\/\\\/gldlaw.com\\\/wp-content\\\/uploads\\\/2023\\\/06\\\/Abogados-de-DACA-en-Texas-Davis-Associates.png\",\"datePublished\":\"2019-10-10T01:58:10+00:00\",\"dateModified\":\"2023-06-06T21:29:31+00:00\",\"description\":\"Nuestros abogados de DACA en Houston y Dallas sirven a clientes en todo el pa\u00eds. ... Davis & Associates se enorgullece de servir a DREAMers que necesitan legal ...\",\"breadcrumb\":{\"@id\":\"https:\\\/\\\/gldlaw.com\\\/es\\\/inmigracion\\\/daca\\\/#breadcrumb\"},\"inLanguage\":\"es\",\"potentialAction\":[{\"@type\":\"ReadAction\",\"target\":[\"https:\\\/\\\/gldlaw.com\\\/es\\\/inmigracion\\\/daca\\\/\"]}]},{\"@type\":\"ImageObject\",\"inLanguage\":\"es\",\"@id\":\"https:\\\/\\\/gldlaw.com\\\/es\\\/inmigracion\\\/daca\\\/#primaryimage\",\"url\":\"https:\\\/\\\/gldlaw.com\\\/wp-content\\\/uploads\\\/2023\\\/06\\\/Abogados-de-DACA-en-Texas-Davis-Associates.png\",\"contentUrl\":\"https:\\\/\\\/gldlaw.com\\\/wp-content\\\/uploads\\\/2023\\\/06\\\/Abogados-de-DACA-en-Texas-Davis-Associates.png\"},{\"@type\":\"BreadcrumbList\",\"@id\":\"https:\\\/\\\/gldlaw.com\\\/es\\\/inmigracion\\\/daca\\\/#breadcrumb\",\"itemListElement\":[{\"@type\":\"ListItem\",\"position\":1,\"name\":\"Home\",\"item\":\"https:\\\/\\\/gldlaw.com\\\/es\\\/\"},{\"@type\":\"ListItem\",\"position\":2,\"name\":\"Areas de Pr\u00e1ctica\",\"item\":\"https:\\\/\\\/gldlaw.com\\\/es\\\/inmigracion\\\/\"},{\"@type\":\"ListItem\",\"position\":3,\"name\":\"DACA\"}]},{\"@type\":\"WebSite\",\"@id\":\"https:\\\/\\\/gldlaw.com\\\/es\\\/#website\",\"url\":\"https:\\\/\\\/gldlaw.com\\\/es\\\/\",\"name\":\"Davis &amp; Associates\",\"description\":\"Dallas \\\/ Fort Worth Immigration Attorney\",\"potentialAction\":[{\"@type\":\"SearchAction\",\"target\":{\"@type\":\"EntryPoint\",\"urlTemplate\":\"https:\\\/\\\/gldlaw.com\\\/es\\\/?s={search_term_string}\"},\"query-input\":{\"@type\":\"PropertyValueSpecification\",\"valueRequired\":true,\"valueName\":\"search_term_string\"}}],\"inLanguage\":\"es\"}]}<\/script>\n<!-- \/ Yoast SEO plugin. -->","yoast_head_json":{"title":"COMO OBTENER LA RESIDENCIA PERMANENTE","description":"Nuestros abogados de DACA en Houston y Dallas sirven a clientes en todo el pa\u00eds. ... Davis & Associates se enorgullece de servir a DREAMers que necesitan legal ...","robots":{"index":"index","follow":"follow","max-snippet":"max-snippet:-1","max-image-preview":"max-image-preview:large","max-video-preview":"max-video-preview:-1"},"canonical":"https:\/\/gldlaw.com\/es\/inmigracion\/daca\/","og_locale":"es_MX","og_type":"article","og_title":"COMO OBTENER LA RESIDENCIA PERMANENTE","og_description":"Nuestros abogados de DACA en Houston y Dallas sirven a clientes en todo el pa\u00eds. ... Davis & Associates se enorgullece de servir a DREAMers que necesitan legal ...","og_url":"https:\/\/gldlaw.com\/es\/inmigracion\/daca\/","og_site_name":"Davis &amp; Associates","article_publisher":"https:\/\/www.facebook.com\/GLDavisandAssociates\/","article_modified_time":"2023-06-06T21:29:31+00:00","og_image":[{"url":"https:\/\/gldlaw.com\/wp-content\/uploads\/2023\/06\/Abogados-de-DACA-en-Texas-Davis-Associates.png","type":"","width":"","height":""}],"twitter_card":"summary_large_image","twitter_site":"@GLD_Law","twitter_misc":{"Tiempo de lectura":"7 minutos"},"schema":{"@context":"https:\/\/schema.org","@graph":[{"@type":"WebPage","@id":"https:\/\/gldlaw.com\/es\/inmigracion\/daca\/","url":"https:\/\/gldlaw.com\/es\/inmigracion\/daca\/","name":"COMO OBTENER LA RESIDENCIA PERMANENTE","isPartOf":{"@id":"https:\/\/gldlaw.com\/es\/#website"},"primaryImageOfPage":{"@id":"https:\/\/gldlaw.com\/es\/inmigracion\/daca\/#primaryimage"},"image":{"@id":"https:\/\/gldlaw.com\/es\/inmigracion\/daca\/#primaryimage"},"thumbnailUrl":"https:\/\/gldlaw.com\/wp-content\/uploads\/2023\/06\/Abogados-de-DACA-en-Texas-Davis-Associates.png","datePublished":"2019-10-10T01:58:10+00:00","dateModified":"2023-06-06T21:29:31+00:00","description":"Nuestros abogados de DACA en Houston y Dallas sirven a clientes en todo el pa\u00eds. ... Davis & Associates se enorgullece de servir a DREAMers que necesitan legal ...","breadcrumb":{"@id":"https:\/\/gldlaw.com\/es\/inmigracion\/daca\/#breadcrumb"},"inLanguage":"es","potentialAction":[{"@type":"ReadAction","target":["https:\/\/gldlaw.com\/es\/inmigracion\/daca\/"]}]},{"@type":"ImageObject","inLanguage":"es","@id":"https:\/\/gldlaw.com\/es\/inmigracion\/daca\/#primaryimage","url":"https:\/\/gldlaw.com\/wp-content\/uploads\/2023\/06\/Abogados-de-DACA-en-Texas-Davis-Associates.png","contentUrl":"https:\/\/gldlaw.com\/wp-content\/uploads\/2023\/06\/Abogados-de-DACA-en-Texas-Davis-Associates.png"},{"@type":"BreadcrumbList","@id":"https:\/\/gldlaw.com\/es\/inmigracion\/daca\/#breadcrumb","itemListElement":[{"@type":"ListItem","position":1,"name":"Home","item":"https:\/\/gldlaw.com\/es\/"},{"@type":"ListItem","position":2,"name":"Areas de Pr\u00e1ctica","item":"https:\/\/gldlaw.com\/es\/inmigracion\/"},{"@type":"ListItem","position":3,"name":"DACA"}]},{"@type":"WebSite","@id":"https:\/\/gldlaw.com\/es\/#website","url":"https:\/\/gldlaw.com\/es\/","name":"Davis &amp; Associates","description":"Dallas \/ Fort Worth Immigration Attorney","potentialAction":[{"@type":"SearchAction","target":{"@type":"EntryPoint","urlTemplate":"https:\/\/gldlaw.com\/es\/?s={search_term_string}"},"query-input":{"@type":"PropertyValueSpecification","valueRequired":true,"valueName":"search_term_string"}}],"inLanguage":"es"}]}},"_links":{"self":[{"href":"https:\/\/gldlaw.com\/es\/wp-json\/wp\/v2\/pages\/5459","targetHints":{"allow":["GET"]}}],"collection":[{"href":"https:\/\/gldlaw.com\/es\/wp-json\/wp\/v2\/pages"}],"about":[{"href":"https:\/\/gldlaw.com\/es\/wp-json\/wp\/v2\/types\/page"}],"author":[{"embeddable":true,"href":"https:\/\/gldlaw.com\/es\/wp-json\/wp\/v2\/users\/18"}],"replies":[{"embeddable":true,"href":"https:\/\/gldlaw.com\/es\/wp-json\/wp\/v2\/comments?post=5459"}],"version-history":[{"count":3,"href":"https:\/\/gldlaw.com\/es\/wp-json\/wp\/v2\/pages\/5459\/revisions"}],"predecessor-version":[{"id":10268,"href":"https:\/\/gldlaw.com\/es\/wp-json\/wp\/v2\/pages\/5459\/revisions\/10268"}],"up":[{"embeddable":true,"href":"https:\/\/gldlaw.com\/es\/wp-json\/wp\/v2\/pages\/3409"}],"wp:attachment":[{"href":"https:\/\/gldlaw.com\/es\/wp-json\/wp\/v2\/media?parent=5459"}],"curies":[{"name":"wp","href":"https:\/\/api.w.org\/{rel}","templated":true}]}}