{"id":5874,"date":"2019-11-11T22:42:59","date_gmt":"2019-11-11T22:42:59","guid":{"rendered":"https:\/\/gldlaw.com\/dallas\/"},"modified":"2025-04-14T10:36:56","modified_gmt":"2025-04-14T15:36:56","slug":"dallas","status":"publish","type":"page","link":"https:\/\/gldlaw.com\/es\/dallas\/","title":{"rendered":"Dallas"},"content":{"rendered":"\n\n<h1 id=\"tw-target-text\" dir=\"ltr\" data-placeholder=\"Translation\">Abogados de inmigraci\u00f3n en Dallas<\/h1>\nNos apasiona ayudar a nuestros clientes a recorrer el largo y complejo camino para alcanzar sus objetivos de inmigraci\u00f3n. Nuestro equipo comprende lo dif\u00edcil que puede ser el proceso de inmigraci\u00f3n de EE. UU. Estamos aqu\u00ed para servirle como su gu\u00eda confiable y negociador experto en cada paso del camino.\n\t\t\t\t<img loading=\"lazy\" decoding=\"async\" src=\"https:\/\/gldlaw.com\/wp-content\/uploads\/2015\/06\/Dallas_smaller1.jpg\" alt=\"Dallas Immigration Firm | Davis &amp; Associates | Dallas, TX\" itemprop=\"image\" height=\"1200\" width=\"1800\" title=\"Dallas Immigration Firm | Davis &amp; Associates | Dallas, TX\" onerror=\"this.style.display='none'\"  \/>\n\t<h2 id=\"tw-target-text\" dir=\"ltr\" data-placeholder=\"Translation\">POR QU\u00c9 ELEGIR DAVIS Y ASOCIADOS <\/h2>\nNos relacionamos con c\u00f3mo se siente y realmente desea ayudarlo a alcanzar sus objetivos de inmigraci\u00f3n. (Nuestro lema es &#8220;Familias, no archivos&#8221; porque cuando haces negocios con nosotros, no eres solo otro archivo de caso). Nuestro personal es multiling\u00fce y muchos de nosotros hemos experimentado el proceso de inmigraci\u00f3n con nuestras familias y amigos. El Sr. Davis est\u00e1 certificado por la Junta de Inmigraci\u00f3n y Ley de Nacionalidad por la Junta de Especializaci\u00f3n Legal de Texas.\n\t<p><strong>Marytza<\/strong> P.<\/p>\n<p>&#8220;Mi esposa y yo contratamos esta firma. Hemos tenido una buena experiencia con esta firma. Se toman un tiempo para contactarte, pero cuando llamaron resolvieron todos mis problemas. Realmente los recomiendo. Muy &#8230;<\/p>\n\t<h2><a href=\"https:\/\/www.gldlaw.com\/contact-us-for-a-free-consultation\/#~o4H7t91\">SCHEDULE YOUR <strong>FREE<\/strong> CONSULTATION TODAY \u00bb<\/a><\/h2>\n\t\t\t<a href=\"https:\/\/www.gldlaw.com\/contact-us-for-a-free-consultation\/\" target=\"_self\">\n\t\t\t\t\t\t\tGET STARTED &raquo;\n\t\t\t\t\t<\/a>\n\t<p>La ley de inmigraci\u00f3n de los Estados Unidos puede ser incre\u00edblemente complicada. Para la mayor\u00eda de las personas, la mejor manera de trabajar a trav\u00e9s de los Servicios de Ciudadan\u00eda e Inmigraci\u00f3n de los Estados Unidos es contratar a un abogado de inmigraci\u00f3n de Dallas que comprenda los requisitos del gobierno. Un abogado puede responder sus preguntas en cada paso del camino, y \u00e9l o ella puede completar documentos complejos, presentar formularios y trabajar con usted para prepararse para su entrevista de inmigraci\u00f3n.<\/p>\n<p>Es posible que necesite trabajar con un abogado si necesita ayuda con:<\/p>\n<ul>\n<li>Inmigraci\u00f3n empresarial<\/li>\n<li>Inmigraci\u00f3n familiar<\/li>\n<li>Defensa de deportaci\u00f3n<\/li>\n<li>Apelaciones de inmigraci\u00f3n<\/li>\n<li>Ciudadan\u00eda y naturalizaci\u00f3n<\/li>\n<li>Asilo o estatus de refugiado<\/li>\n<li>Ayuda con DACA<\/li>\n<\/ul>\n<p>Su abogado puede ayudarlo a comprender lo que el gobierno de EE.UU. necesita de usted, y \u00e9l o ella puede hacer que el proceso de presentaci\u00f3n sea lo m\u00e1s simple posible. Su abogado estar\u00e1 con usted en cada paso del proceso de inmigraci\u00f3n y tambi\u00e9n puede brindarle asesoramiento legal espec\u00edfico para su caso.<\/p>\n<h2>Inmigraci\u00f3n comercial de Dallas<\/h2>\n<p>Cuando una empresa necesita contratar trabajadores extranjeros para trabajos especializados que no puede llenar con trabajadores estadounidenses, el gobierno de los EE.UU. exige que se someta a un largo proceso de aprobaci\u00f3n. USCIS requiere que las compa\u00f1\u00edas que desean contratar trabajadores extranjeros obtengan una Certificaci\u00f3n Laboral del Departamento de Trabajo de los EE.UU. y cumplan con ciertas condiciones antes de presentar una solicitud en nombre de un trabajador. Tambi\u00e9n proh\u00edbe que las personas soliciten por s\u00ed mismas. La inmigraci\u00f3n empresarial puede ser muy complicada, especialmente cuando se tienen en cuenta las acciones que las empresas deben tomar antes de que incluso puedan contratar trabajadores, por lo que para la mayor\u00eda de las empresas, el mejor curso de acci\u00f3n es trabajar con un abogado de inmigraci\u00f3n de DFW.<\/p>\n<h2>\u00a0Inmigraci\u00f3n familiar<\/h2>\n<p>Los ciudadanos estadounidenses y los residentes permanentes legales pueden solicitar visas para algunos de sus familiares. La inmigraci\u00f3n familiar requiere que un ciudadano o residente permanente solicite a las personas que le gustar\u00eda traer a los EE. UU. Los miembros de la familia que pueden venir a los EE. UU. en funci\u00f3n de una de las cinco categor\u00edas de preferencia, que incluyen:<\/p>\n<ul>\n<li>Primera preferencia, o F1. Esta categor\u00eda es exclusivamente para hijos solteros de ciudadanos estadounidenses cuando los hijos tienen 21 a\u00f1os o m\u00e1s.<\/li>\n<li>Segunda preferencia, o F2A. Esta categor\u00eda es para c\u00f3nyuges e hijos solteros de residentes permanentes legales, siempre que los hijos sean menores de 21 a\u00f1os.<\/li>\n<li>Segunda preferencia, o F2B. Esta categor\u00eda de visa est\u00e1 reservada para los hijos solteros de residentes permanentes legales que tengan 21 a\u00f1os o m\u00e1s.<\/li>\n<li>Tercera preferencia, o F3. Las \u00fanicas personas que califican para esta categor\u00eda de visa son los hijos casados \u200b\u200bde ciudadanos estadounidenses.<\/li>\n<li>Cuarta preferencia, o F4. Esta categor\u00eda est\u00e1 reservada para hermanos y hermanas de ciudadanos estadounidenses, siempre que los hermanos del ciudadano tengan 21 a\u00f1os o m\u00e1s.<\/li>\n<\/ul>\n<h2>Defensa de deportaci\u00f3n<\/h2>\n<p>Cuando el gobierno de EE. UU. Decide deportar a alguien, a menudo es necesario trabajar con un abogado experto en defensa de deportaci\u00f3n. Si le notificaron que enfrenta un proceso de expulsi\u00f3n, un abogado puede ayudarlo a comprender sus derechos y representarlo en el tribunal. Los procedimientos de deportaci\u00f3n pueden ser incre\u00edblemente complejos, y para la mayor\u00eda de las personas, son muy dif\u00edciles de navegar solos.<\/p>\n<h2>Apelaciones de inmigraci\u00f3n<\/h2>\n<p>Cuando pierde un caso en un tribunal de inmigraci\u00f3n, su abogado tambi\u00e9n puede ayudarlo a presentar una apelaci\u00f3n ante la Junta de Apelaciones de Inmigraci\u00f3n. Puede estar en desacuerdo con la decisi\u00f3n de un juez de inmigraci\u00f3n si perdi\u00f3 un caso de deportaci\u00f3n o expulsi\u00f3n, o si se le neg\u00f3 el asilo o la cancelaci\u00f3n de la expulsi\u00f3n. Tambi\u00e9n puede luchar contra el resultado de un caso derivado de no obtener una tarjeta verde, o si se le niega la ciudadan\u00eda estadounidense. Trabajar con un abogado de apelaciones de inmigraci\u00f3n en Dallas puede ayudarlo a obtener la segunda oportunidad que se merece, porque su abogado luchar\u00e1 duro en su nombre para mostrarle al gobierno por qu\u00e9 merece una decisi\u00f3n diferente.<\/p>\n<h2>Ciudadan\u00eda y naturalizaci\u00f3n<\/h2>\n<p>Cuando desee convertirse en ciudadano de los EE. UU., Debe pasar por un proceso integral que incluye la presentaci\u00f3n de documentos, la presentaci\u00f3n de una entrevista de naturalizaci\u00f3n y el examen de ciudadan\u00eda. Necesita una tarjeta verde, que lo convierte en un residente legal permanente de los Estados Unidos, para convertirse en ciudadano naturalizado. Tambi\u00e9n tendr\u00e1 que hacer un juramento de lealtad a los Estados Unidos el d\u00eda en que se convierta en ciudadano. Cuando trabaje con un abogado de ciudadan\u00eda en Dallas, \u00e9l o ella le brindar\u00e1 la orientaci\u00f3n que necesita, tanto para su entrevista como para el examen de ciudadan\u00eda, y responder\u00e1 sus preguntas en cada paso del camino.<\/p>\n<h2>Asilo y estatuto de refugiado<\/h2>\n<p>Pedir asilo o estatus de refugiado en los Estados Unidos no siempre es un proceso simple. Para muchas personas, es mejor trabajar con un abogado de asilo que entienda c\u00f3mo funciona la ley de inmigraci\u00f3n de EE. UU. Y c\u00f3mo se aplica a las personas que buscan protecci\u00f3n en los Estados Unidos. La diferencia clave entre el asilo y el estatus de refugiado es d\u00f3nde se encuentra cuando solicita la protecci\u00f3n de los Estados Unidos; solicita asilo cuando ya est\u00e1 aqu\u00ed, y solicita el estatus de refugiado si no se encuentra actualmente en los EE. UU.<\/p>\n<p>El asilo y el estatus de refugiado est\u00e1n disponibles para las personas que huyen de la persecuci\u00f3n en sus pa\u00edses de origen. Puede solicitar la protecci\u00f3n de los EE. UU. Si est\u00e1 siendo perseguido o si tiene miedo a la persecuci\u00f3n debido a su:<\/p>\n<ul>\n<li>Raza<\/li>\n<li>Creencias religiosas<\/li>\n<li>Nacionalidad<\/li>\n<li>Opini\u00f3n pol\u00edtica<\/li>\n<li>Membres\u00eda en cierto grupo social<\/li>\n<\/ul>\n<h2>Abogados de Dallas DACA<\/h2>\n<p>El programa de Acci\u00f3n Diferida o DACA, es una pol\u00edtica de inmigraci\u00f3n de los EE. UU. que permite a algunas personas permanecer en el pa\u00eds, incluso si actualmente est\u00e1n aqu\u00ed sin permiso. Esta pol\u00edtica se aplica a las personas que fueron tra\u00eddas a los Estados Unidos cuando eran ni\u00f1os y, en algunos casos, son elegibles para un per\u00edodo de deportaci\u00f3n diferida y permisos de trabajo. Si tiene este tipo de caso, puede beneficiarse trabajando con un abogado de DACA que entienda lo que est\u00e1 pasando y lo que est\u00e1 enfrentando.<\/p>\n<h2>\u00bfNecesita hablar con un abogado de inmigraci\u00f3n en Dallas?<\/h2>\n<p>Independientemente de su situaci\u00f3n, podemos ayudarlo. Llame a nuestros abogados de inmigraci\u00f3n de Dallas hoy o cont\u00e1ctenos en l\u00ednea para programar su consulta gratuita. Nos complacer\u00e1 responder sus preguntas y brindarle la orientaci\u00f3n legal que necesita para comenzar a avanzar.<\/p>\n\t<h2><a href=\"https:\/\/www.gldlaw.com\/contact-us-for-a-free-consultation\/#~o4H7t91\">SCHEDULE YOUR <strong>FREE<\/strong> CONSULTATION TODAY \u00bb<\/a><\/h2>\n\t\t\t<a href=\"https:\/\/www.gldlaw.com\/contact-us-for-a-free-consultation\/\" target=\"_self\">\n\t\t\t\t\t\t\tGET STARTED &raquo;\n\t\t\t\t\t<\/a>\n<h2>\n\t\t\u00c1REAS DE PR\u00c1CTICA DE LA LEY DE INMIGRACI\u00d3N\n\t<\/h2>\n\t\t\t<img decoding=\"async\" loading='false' src=\"https:\/\/immigrationattorneyhouston.kinsta.cloud\/wp-content\/uploads\/2016\/08\/US-Visas-and-Immigration-Attorney-Davis-and-Associates-Houston-Texas.jpg\" alt=\"\" \/>\t\t\t\n\t\t\t<a href=\"https:\/\/www.gldlaw.com\/dallas\/visas\/\" target=\"_self\">\n\t\t\t\t\t\t\t Lee mas\n\t\t\t\t\t<\/a>\n\t<h2>ESTADOS UNIDOS INMIGRACI\u00d3N Y VISAS<\/h2>\n<p>Un inmigrante en los Estados Unidos necesita la mejor representaci\u00f3n absoluta posible para poder superar los muchos obst\u00e1culos que pueden surgir. Nuestra firma se dedica a proporcionar una excelente representaci\u00f3n a todos los clientes.<\/p>\n\t\t\t<a href=\"https:\/\/www.gldlaw.com\/dallas\/visas\/\" target=\"_self\">\n\t\t\t\t\t\t\tAprende M\u00e1s\n\t\t\t\t\t<\/a>\n\t\t\t<img decoding=\"async\" loading='false' src=\"https:\/\/immigrationattorneyhouston.kinsta.cloud\/wp-content\/uploads\/2016\/08\/US-Immigration-Attorney-Davis-and-Associates-Houston-Texas.jpg\" alt=\"\" \/>\t\t\t\n\t\t\t<a href=\"https:\/\/www.gldlaw.com\/dallas\/family-immigration\/\" target=\"_self\">\n\t\t\t\t\t\t\t Lee mas\n\t\t\t\t\t<\/a>\n\t<h2 id=\"tw-target-text\" dir=\"ltr\" data-placeholder=\"Translation\">INMIGRACION FAMILIAR <\/h2>\nPara muchas personas, la forma m\u00e1s f\u00e1cil de adquirir una Visa de Inmigraci\u00f3n de los Estados Unidos o una Tarjeta Verde es a trav\u00e9s del Patrocinio Familiar. Nuestros abogados brindan asesoramiento legal experto para todos los aspectos de la inmigraci\u00f3n patrocinada por la familia.\n\t\t\t<a href=\"https:\/\/www.gldlaw.com\/dallas\/family-immigration\/\" target=\"_self\">\n\t\t\t\t\t\t\tAprende M\u00e1s\n\t\t\t\t\t<\/a>\n\t\t\t<img decoding=\"async\" loading='false' src=\"https:\/\/immigrationattorneyhouston.kinsta.cloud\/wp-content\/uploads\/2016\/08\/Business-Immigration-Attorney-Davis-and-Associates-Houston-Texas.jpg\" alt=\"\" \/>\t\t\t\n\t\t\t<a href=\"https:\/\/www.gldlaw.com\/dallas\/business-immigration\/\" target=\"_self\">\n\t\t\t\t\t\t\t Lee mas\n\t\t\t\t\t<\/a>\n\t<h2 id=\"tw-target-text\" dir=\"ltr\" data-placeholder=\"Translation\">INMIGRACI\u00d3N EMPRESARIAL <\/h2>\nNuestra firma se enfoca completamente en la pr\u00e1ctica de la Ley de Inmigraci\u00f3n de los Estados Unidos. Consultamos con empresas de todos los tama\u00f1os sobre cuestiones de cumplimiento del empleador y ofrecemos servicios de auditor\u00eda y educaci\u00f3n para minimizar su exposici\u00f3n a demandas de discriminaci\u00f3n y auditor\u00edas por parte del gobierno.\n\t\t\t<a href=\"https:\/\/www.gldlaw.com\/dallas\/business-immigration\/\" target=\"_self\">\n\t\t\t\t\t\t\tAprende M\u00e1s\n\t\t\t\t\t<\/a>\n\t\t\t<img decoding=\"async\" loading='false' src=\"https:\/\/immigrationattorneyhouston.kinsta.cloud\/wp-content\/uploads\/2015\/06\/Deportation.jpg\" alt=\"Deportation Immigration Lawyers | Davis &amp; Associates | Dallas, TX Deportation Attorneys\" \/>\t\t\t\n\t\t\t<a href=\"https:\/\/www.gldlaw.com\/dallas\/deportation\/\" target=\"_self\">\n\t\t\t\t\t\t\t Lee mas\n\t\t\t\t\t<\/a>\n\t<h2 id=\"tw-target-text\" dir=\"ltr\" data-placeholder=\"Translation\">DEPORTACI\u00d3N <\/h2>\nLas personas que est\u00e1n sujetas a la deportaci\u00f3n de los Estados Unidos pueden llamar la atenci\u00f3n de los oficiales de inmigraci\u00f3n de los Estados Unidos de muchas maneras. Nuestros abogados han asumido cientos de casos de deportaci\u00f3n en tribunales de inmigraci\u00f3n en todo el pa\u00eds.\n\t\t\t<a href=\"https:\/\/www.gldlaw.com\/dallas\/deportation\/\" target=\"_self\">\n\t\t\t\t\t\t\tAprende M\u00e1s\n\t\t\t\t\t<\/a>\n\t\t\t<img decoding=\"async\" loading='false' src=\"https:\/\/gldlaw.com\/wp-content\/uploads\/2019\/10\/trump-asylum.jpeg\" alt=\"\" \/>\t\t\t\n\t\t\t<a href=\"https:\/\/www.gldlaw.com\/dallas\/immigration-appeals\/\" target=\"_self\">\n\t\t\t\t\t\t\t Lee mas\n\t\t\t\t\t<\/a>\n\t<h2>Apelaciones de Inmigraci\u00f3n<\/h2>\n<p>Si recientemente recibi\u00f3 una decisi\u00f3n negativa en su caso y desea presentar una apelaci\u00f3n, debe actuar r\u00e1pidamente. La mayor\u00eda de las apelaciones deben presentarse a m\u00e1s tardar 30 d\u00edas despu\u00e9s de la fecha en que se tom\u00f3 la decisi\u00f3n. Algunos casos solo le permiten 15 d\u00edas para apelar la decisi\u00f3n.<\/p>\n\t\t\t<a href=\"https:\/\/www.gldlaw.com\/dallas\/immigration-appeals\/\" target=\"_self\">\n\t\t\t\t\t\t\tAprende M\u00e1s\n\t\t\t\t\t<\/a>\n\t\t\t<img decoding=\"async\" loading='false' src=\"https:\/\/gldlaw.com\/wp-content\/uploads\/2017\/09\/Obtaining-Political-Asylum-USA.png\" alt=\"Obtaining Political Asylum USA\" \/>\t\t\t\n\t\t\t<a href=\"https:\/\/www.gldlaw.com\/dallas\/asylum\/\" target=\"_self\">\n\t\t\t\t\t\t\t Lee mas\n\t\t\t\t\t<\/a>\n\t<h2>Asilo<\/h2>\n<p>Hay millones de personas que buscan una manera de trasladarse a un lugar seguro y libre. Si usted o alguien que conoce est\u00e1 huyendo de circunstancias extremas en un pa\u00eds fuera de los Estados Unidos, los abogados de asilo de Houston en Davis &amp; Associates pueden ayudarlo.<\/p>\n\t\t\t<a href=\"https:\/\/www.gldlaw.com\/dallas\/asylum\/\" target=\"_self\">\n\t\t\t\t\t\t\tAprende M\u00e1s\n\t\t\t\t\t<\/a>\n\t\t\t<img decoding=\"async\" loading='false' src=\"https:\/\/gldlaw.com\/wp-content\/uploads\/2015\/09\/shutterstock_81190930-2.jpg\" alt=\"Dallas Immigration Attorney | Davis &amp; Associates | Dallas Fort Worth\" \/>\t\t\t\n\t\t\t<a href=\"https:\/\/www.gldlaw.com\/dallas\/daca\/\" target=\"_self\">\n\t\t\t\t\t\t\t Lee mas\n\t\t\t\t\t<\/a>\n\t<h2>DACA<\/h2>\n<p>La Acci\u00f3n Diferida para los Llegados en la Infancia (DACA) es un programa de inmigraci\u00f3n estadounidense dise\u00f1ado para retrasar la acci\u00f3n de expulsi\u00f3n para los inmigrantes que eran ni\u00f1os cuando llegaron a los EE. UU. La acci\u00f3n diferida permite que los ciudadanos extranjeros calificados permanezcan en los Estados Unidos durante dos a\u00f1os.<\/p>\n\t\t\t<a href=\"https:\/\/www.gldlaw.com\/dallas\/daca\/\" target=\"_self\">\n\t\t\t\t\t\t\tAprende M\u00e1s\n\t\t\t\t\t<\/a>\n\t\t\t<img decoding=\"async\" loading='false' src=\"https:\/\/gldlaw.com\/wp-content\/uploads\/2019\/10\/student-status.jpeg\" alt=\"\" \/>\t\t\t\n\t\t\t<a href=\"https:\/\/www.gldlaw.com\/dallas\/green-cards\/\" target=\"_self\">\n\t\t\t\t\t\t\t Lee mas\n\t\t\t\t\t<\/a>\n\t<h2 id=\"tw-target-text\" dir=\"ltr\" data-placeholder=\"Translation\">Tarjetas Verdes<\/h2>\nEl proceso de emigrar a los Estados Unidos puede ser complejo y confuso. Deje que Davis &amp; Associates sea su gu\u00eda mientras navega por los desaf\u00edos de solicitar la residencia permanente. Nuestros abogados de tarjeta verde de Houston tienen m\u00e1s de 60 a\u00f1os de experiencia combinada ayudando a clientes de todo el mundo a obtener el derecho a vivir y trabajar en los EE. UU.\n\t\t\t<a href=\"https:\/\/www.gldlaw.com\/dallas\/green-cards\/\" target=\"_self\">\n\t\t\t\t\t\t\tAprende M\u00e1s\n\t\t\t\t\t<\/a>\n\t<h2><a href=\"https:\/\/gldlaw.com\/es\/contacto\/\">PROGRAMAR UNA CONSULTA GRATUITA HOY<\/a><\/h2>\n\t\t\t<a href=\"https:\/\/www.gldlaw.com\/contact-us-for-a-free-consultation\/\" target=\"_self\">\n\t\t\t\t\t\t\tEmpezar\n\t\t\t\t\t<\/a>\n\n","protected":false},"excerpt":{"rendered":"<p>Abogados de inmigraci\u00f3n en Dallas Nos apasiona ayudar a nuestros clientes a recorrer el largo y complejo camino para alcanzar sus objetivos de inmigraci\u00f3n. Nuestro equipo comprende lo dif\u00edcil que puede ser el proceso de inmigraci\u00f3n de EE. UU. Estamos aqu\u00ed para servirle como su gu\u00eda confiable y negociador experto en cada paso del camino.&hellip;<\/p>\n","protected":false},"author":18,"featured_media":0,"parent":0,"menu_order":0,"comment_status":"closed","ping_status":"closed","template":"","meta":{"_monsterinsights_skip_tracking":false,"_monsterinsights_sitenote_active":false,"_monsterinsights_sitenote_note":"","_monsterinsights_sitenote_category":0,"footnotes":""},"class_list":["post-5874","page","type-page","status-publish","hentry"],"yoast_head":"<!-- This site is optimized with the Yoast SEO plugin v27.6 - https:\/\/yoast.com\/product\/yoast-seo-wordpress\/ -->\n<title>Abogado de Inmigraci\u00f3n de Dallas | Davis &amp; Associates Dallas, Texas<\/title>\n<meta name=\"description\" content=\"Ya sea que desee convertirse en ciudadano estadounidense o trabajar para una empresa que necesita contratar trabajadores extranjeros, un abogado de inmigraci\u00f3n de Dallas puede ayudarlo.\" \/>\n<meta name=\"robots\" content=\"index, follow, max-snippet:-1, max-image-preview:large, max-video-preview:-1\" \/>\n<link rel=\"canonical\" href=\"https:\/\/gldlaw.com\/es\/dallas\/\" \/>\n<meta property=\"og:locale\" content=\"es_MX\" \/>\n<meta property=\"og:type\" content=\"article\" \/>\n<meta property=\"og:title\" content=\"Abogado de Inmigraci\u00f3n de Dallas | Davis &amp; Associates Dallas, Texas\" \/>\n<meta property=\"og:description\" content=\"Ya sea que desee convertirse en ciudadano estadounidense o trabajar para una empresa que necesita contratar trabajadores extranjeros, un abogado de inmigraci\u00f3n de Dallas puede ayudarlo.\" \/>\n<meta property=\"og:url\" content=\"https:\/\/gldlaw.com\/es\/dallas\/\" \/>\n<meta property=\"og:site_name\" content=\"Davis &amp; Associates\" \/>\n<meta property=\"article:publisher\" content=\"https:\/\/www.facebook.com\/GLDavisandAssociates\/\" \/>\n<meta property=\"article:modified_time\" content=\"2025-04-14T15:36:56+00:00\" \/>\n<meta property=\"og:image\" content=\"https:\/\/gldlaw.com\/wp-content\/uploads\/2015\/06\/Dallas_smaller1.jpg\" \/>\n<meta name=\"twitter:card\" content=\"summary_large_image\" \/>\n<meta name=\"twitter:site\" content=\"@GLD_Law\" \/>\n<meta name=\"twitter:label1\" content=\"Tiempo de lectura\" \/>\n\t<meta name=\"twitter:data1\" content=\"10 minutos\" \/>\n<script type=\"application\/ld+json\" class=\"yoast-schema-graph\">{\"@context\":\"https:\\\/\\\/schema.org\",\"@graph\":[{\"@type\":\"WebPage\",\"@id\":\"https:\\\/\\\/gldlaw.com\\\/es\\\/dallas\\\/\",\"url\":\"https:\\\/\\\/gldlaw.com\\\/es\\\/dallas\\\/\",\"name\":\"Abogado de Inmigraci\u00f3n de Dallas | Davis & Associates Dallas, Texas\",\"isPartOf\":{\"@id\":\"https:\\\/\\\/gldlaw.com\\\/es\\\/#website\"},\"primaryImageOfPage\":{\"@id\":\"https:\\\/\\\/gldlaw.com\\\/es\\\/dallas\\\/#primaryimage\"},\"image\":{\"@id\":\"https:\\\/\\\/gldlaw.com\\\/es\\\/dallas\\\/#primaryimage\"},\"thumbnailUrl\":\"https:\\\/\\\/gldlaw.com\\\/wp-content\\\/uploads\\\/2015\\\/06\\\/Dallas_smaller1.jpg\",\"datePublished\":\"2019-11-11T22:42:59+00:00\",\"dateModified\":\"2025-04-14T15:36:56+00:00\",\"description\":\"Ya sea que desee convertirse en ciudadano estadounidense o trabajar para una empresa que necesita contratar trabajadores extranjeros, un abogado de inmigraci\u00f3n de Dallas puede ayudarlo.\",\"breadcrumb\":{\"@id\":\"https:\\\/\\\/gldlaw.com\\\/es\\\/dallas\\\/#breadcrumb\"},\"inLanguage\":\"es\",\"potentialAction\":[{\"@type\":\"ReadAction\",\"target\":[\"https:\\\/\\\/gldlaw.com\\\/es\\\/dallas\\\/\"]}]},{\"@type\":\"ImageObject\",\"inLanguage\":\"es\",\"@id\":\"https:\\\/\\\/gldlaw.com\\\/es\\\/dallas\\\/#primaryimage\",\"url\":\"https:\\\/\\\/gldlaw.com\\\/wp-content\\\/uploads\\\/2015\\\/06\\\/Dallas_smaller1.jpg\",\"contentUrl\":\"https:\\\/\\\/gldlaw.com\\\/wp-content\\\/uploads\\\/2015\\\/06\\\/Dallas_smaller1.jpg\"},{\"@type\":\"BreadcrumbList\",\"@id\":\"https:\\\/\\\/gldlaw.com\\\/es\\\/dallas\\\/#breadcrumb\",\"itemListElement\":[{\"@type\":\"ListItem\",\"position\":1,\"name\":\"Home\",\"item\":\"https:\\\/\\\/gldlaw.com\\\/es\\\/\"},{\"@type\":\"ListItem\",\"position\":2,\"name\":\"Dallas\"}]},{\"@type\":\"WebSite\",\"@id\":\"https:\\\/\\\/gldlaw.com\\\/es\\\/#website\",\"url\":\"https:\\\/\\\/gldlaw.com\\\/es\\\/\",\"name\":\"Davis &amp; Associates\",\"description\":\"Dallas \\\/ Fort Worth Immigration Attorney\",\"potentialAction\":[{\"@type\":\"SearchAction\",\"target\":{\"@type\":\"EntryPoint\",\"urlTemplate\":\"https:\\\/\\\/gldlaw.com\\\/es\\\/?s={search_term_string}\"},\"query-input\":{\"@type\":\"PropertyValueSpecification\",\"valueRequired\":true,\"valueName\":\"search_term_string\"}}],\"inLanguage\":\"es\"}]}<\/script>\n<!-- \/ Yoast SEO plugin. -->","yoast_head_json":{"title":"Abogado de Inmigraci\u00f3n de Dallas | Davis & Associates Dallas, Texas","description":"Ya sea que desee convertirse en ciudadano estadounidense o trabajar para una empresa que necesita contratar trabajadores extranjeros, un abogado de inmigraci\u00f3n de Dallas puede ayudarlo.","robots":{"index":"index","follow":"follow","max-snippet":"max-snippet:-1","max-image-preview":"max-image-preview:large","max-video-preview":"max-video-preview:-1"},"canonical":"https:\/\/gldlaw.com\/es\/dallas\/","og_locale":"es_MX","og_type":"article","og_title":"Abogado de Inmigraci\u00f3n de Dallas | Davis & Associates Dallas, Texas","og_description":"Ya sea que desee convertirse en ciudadano estadounidense o trabajar para una empresa que necesita contratar trabajadores extranjeros, un abogado de inmigraci\u00f3n de Dallas puede ayudarlo.","og_url":"https:\/\/gldlaw.com\/es\/dallas\/","og_site_name":"Davis &amp; Associates","article_publisher":"https:\/\/www.facebook.com\/GLDavisandAssociates\/","article_modified_time":"2025-04-14T15:36:56+00:00","og_image":[{"url":"https:\/\/gldlaw.com\/wp-content\/uploads\/2015\/06\/Dallas_smaller1.jpg","type":"","width":"","height":""}],"twitter_card":"summary_large_image","twitter_site":"@GLD_Law","twitter_misc":{"Tiempo de lectura":"10 minutos"},"schema":{"@context":"https:\/\/schema.org","@graph":[{"@type":"WebPage","@id":"https:\/\/gldlaw.com\/es\/dallas\/","url":"https:\/\/gldlaw.com\/es\/dallas\/","name":"Abogado de Inmigraci\u00f3n de Dallas | Davis & Associates Dallas, Texas","isPartOf":{"@id":"https:\/\/gldlaw.com\/es\/#website"},"primaryImageOfPage":{"@id":"https:\/\/gldlaw.com\/es\/dallas\/#primaryimage"},"image":{"@id":"https:\/\/gldlaw.com\/es\/dallas\/#primaryimage"},"thumbnailUrl":"https:\/\/gldlaw.com\/wp-content\/uploads\/2015\/06\/Dallas_smaller1.jpg","datePublished":"2019-11-11T22:42:59+00:00","dateModified":"2025-04-14T15:36:56+00:00","description":"Ya sea que desee convertirse en ciudadano estadounidense o trabajar para una empresa que necesita contratar trabajadores extranjeros, un abogado de inmigraci\u00f3n de Dallas puede ayudarlo.","breadcrumb":{"@id":"https:\/\/gldlaw.com\/es\/dallas\/#breadcrumb"},"inLanguage":"es","potentialAction":[{"@type":"ReadAction","target":["https:\/\/gldlaw.com\/es\/dallas\/"]}]},{"@type":"ImageObject","inLanguage":"es","@id":"https:\/\/gldlaw.com\/es\/dallas\/#primaryimage","url":"https:\/\/gldlaw.com\/wp-content\/uploads\/2015\/06\/Dallas_smaller1.jpg","contentUrl":"https:\/\/gldlaw.com\/wp-content\/uploads\/2015\/06\/Dallas_smaller1.jpg"},{"@type":"BreadcrumbList","@id":"https:\/\/gldlaw.com\/es\/dallas\/#breadcrumb","itemListElement":[{"@type":"ListItem","position":1,"name":"Home","item":"https:\/\/gldlaw.com\/es\/"},{"@type":"ListItem","position":2,"name":"Dallas"}]},{"@type":"WebSite","@id":"https:\/\/gldlaw.com\/es\/#website","url":"https:\/\/gldlaw.com\/es\/","name":"Davis &amp; Associates","description":"Dallas \/ Fort Worth Immigration Attorney","potentialAction":[{"@type":"SearchAction","target":{"@type":"EntryPoint","urlTemplate":"https:\/\/gldlaw.com\/es\/?s={search_term_string}"},"query-input":{"@type":"PropertyValueSpecification","valueRequired":true,"valueName":"search_term_string"}}],"inLanguage":"es"}]}},"_links":{"self":[{"href":"https:\/\/gldlaw.com\/es\/wp-json\/wp\/v2\/pages\/5874","targetHints":{"allow":["GET"]}}],"collection":[{"href":"https:\/\/gldlaw.com\/es\/wp-json\/wp\/v2\/pages"}],"about":[{"href":"https:\/\/gldlaw.com\/es\/wp-json\/wp\/v2\/types\/page"}],"author":[{"embeddable":true,"href":"https:\/\/gldlaw.com\/es\/wp-json\/wp\/v2\/users\/18"}],"replies":[{"embeddable":true,"href":"https:\/\/gldlaw.com\/es\/wp-json\/wp\/v2\/comments?post=5874"}],"version-history":[{"count":3,"href":"https:\/\/gldlaw.com\/es\/wp-json\/wp\/v2\/pages\/5874\/revisions"}],"predecessor-version":[{"id":12067,"href":"https:\/\/gldlaw.com\/es\/wp-json\/wp\/v2\/pages\/5874\/revisions\/12067"}],"wp:attachment":[{"href":"https:\/\/gldlaw.com\/es\/wp-json\/wp\/v2\/media?parent=5874"}],"curies":[{"name":"wp","href":"https:\/\/api.w.org\/{rel}","templated":true}]}}