{"id":6499,"date":"2020-04-02T17:12:28","date_gmt":"2020-04-02T17:12:28","guid":{"rendered":"https:\/\/gldlaw.com\/inmigracion\/abogados-de-apelaciones-de-inmigracion-de-texas\/"},"modified":"2024-07-16T16:31:07","modified_gmt":"2024-07-16T21:31:07","slug":"abogados-de-apelaciones-de-inmigracion-de-texas","status":"publish","type":"page","link":"https:\/\/gldlaw.com\/es\/inmigracion\/abogados-de-apelaciones-de-inmigracion-de-texas\/","title":{"rendered":"Abogados de Apelaciones de Inmigraci\u00f3n de Texas"},"content":{"rendered":"\n\t<h1>Abogados de Apelaciones de Inmigraci\u00f3n de Texas<\/h1>\n\t<h2><strong>Luchando por un resultado favorable en su caso\u00a0<\/strong><\/h2>\n<p>Una decisi\u00f3n negativa en su caso de inmigraci\u00f3n puede ser desalentador, pero no significa que deba rendirse.<\/p>\n<p>Tiene otra oportunidad de obtener los resultados que busca apelando la decisi\u00f3n. Por supuesto, querr\u00e1 trabajar con un abogado de inmigraci\u00f3n experimentado y comprobado que pueda luchar por usted y representar sus mejores intereses.<\/p>\n<p>En Davis &amp; Asociados, ofrecemos estrategias agresivas para apelar decisiones de inmigraci\u00f3n. Entendemos que tiene mucho en juego, y queremos ayudarlo a lograr una resoluci\u00f3n favorable. Nuestros abogados de apelaciones de inmigraci\u00f3n en Texas brindan representaci\u00f3n de alta calidad y se toman el tiempo para conocer a cada cliente para que su servicio sea verdaderamente personalizado.<\/p>\n<h2><strong>Los fundamentos de una apelaci\u00f3n de inmigraci\u00f3n<\/strong><\/h2>\n<p>El tiempo es esencial para apelar una decisi\u00f3n de inmigraci\u00f3n: en la mayor\u00eda de los casos, solo tiene 30 d\u00edas despu\u00e9s de recibir la decisi\u00f3n de presentar su apelaci\u00f3n.<\/p>\n<p>Muchos clientes encuentran beneficioso trabajar en su apelaci\u00f3n con una firma de abogados que no manej\u00f3 el caso original. Una nueva perspectiva puede proporcionar informaci\u00f3n \u00fatil sobre una mejor manera de abordar la apelaci\u00f3n.<\/p>\n<p>Desafortunadamente, menos del 10% de las apelaciones de inmigraci\u00f3n tienen \u00e9xito, pero la realidad es que los jueces pueden cometer errores o no considerar adecuadamente la evidencia en un caso. Nuestro equipo en Davis &amp; Asociados puede evaluar su situaci\u00f3n \u00fanica y determinar si una apelaci\u00f3n es la opci\u00f3n correcta.<\/p>\n\t<h2><a href=\"https:\/\/www.gldlaw.com\/contact-us-for-a-free-consultation\/#~o4H7t91\">SCHEDULE YOUR <strong>FREE<\/strong> CONSULTATION TODAY \u00bb<\/a><\/h2>\n\t\t\t<a href=\"https:\/\/www.gldlaw.com\/contact-us-for-a-free-consultation\/\" target=\"_self\" role=\"button\" rel=\"noopener noreferrer\">\n\t\t\t\t\t\t\tGET STARTED &raquo;\n\t\t\t\t\t<\/a>\n\t<h2><strong>Casos que manejamos<\/strong><\/h2>\n<p>Nuestros abogados de apelaciones de inmigraci\u00f3n en Texas manejan todo tipo de casos. Con 60 a\u00f1os de experiencia combinada, tenemos lo necesario para construir un fuerte atractivo en su nombre.<\/p>\n<h3><strong>Perm\u00edtanos ayudarlo con su:<\/strong><\/h3>\n<ul>\n<li>Denegaci\u00f3n de asilo<\/li>\n<li>Caso de deportaci\u00f3n<\/li>\n<li>Denegaci\u00f3n de ciudadan\u00eda \/ <a href=\"https:\/\/gldlaw.com\/immigration-and-naturalization-services-in-dallas-and-houston-texas\/\"  data-wpil-monitor-id=\"355\">naturalizaci\u00f3n<\/a><\/li>\n<li>Negaci\u00f3n de la tarjeta verde<\/li>\n<\/ul>\n<p>De principio a fin, lo mantendremos informado y discutiremos sus opciones con usted para que sepa qu\u00e9 esperar en cada paso del camino.<\/p>\n\t<h2><a href=\"https:\/\/www.gldlaw.com\/contact-us-for-a-free-consultation\/#~o4H7t91\">SCHEDULE YOUR <strong>FREE<\/strong> CONSULTATION TODAY \u00bb<\/a><\/h2>\n\t\t\t<a href=\"https:\/\/www.gldlaw.com\/contact-us-for-a-free-consultation\/\" target=\"_self\" role=\"button\" rel=\"noopener noreferrer\">\n\t\t\t\t\t\t\tGET STARTED &raquo;\n\t\t\t\t\t<\/a>\n","protected":false},"excerpt":{"rendered":"<p>Abogados de Apelaciones de Inmigraci\u00f3n de Texas Luchando por un resultado favorable en su caso\u00a0 Una decisi\u00f3n negativa en su caso de inmigraci\u00f3n puede ser desalentador, pero no significa que deba rendirse. Tiene otra oportunidad de obtener los resultados que busca apelando la decisi\u00f3n. Por supuesto, querr\u00e1 trabajar con un abogado de inmigraci\u00f3n experimentado y&hellip;<\/p>\n","protected":false},"author":18,"featured_media":0,"parent":3409,"menu_order":0,"comment_status":"closed","ping_status":"closed","template":"","meta":{"_monsterinsights_skip_tracking":false,"_monsterinsights_sitenote_active":false,"_monsterinsights_sitenote_note":"","_monsterinsights_sitenote_category":0,"footnotes":""},"class_list":["post-6499","page","type-page","status-publish","hentry"],"yoast_head":"<!-- This site is optimized with the Yoast SEO plugin v27.3 - https:\/\/yoast.com\/product\/yoast-seo-wordpress\/ -->\n<title>Abogados de Apelaciones de Inmigraci\u00f3n de Texas | Davis &amp; Associates<\/title>\n<meta name=\"description\" content=\"Una decisi\u00f3n negativa o negativa en su caso de inmigraci\u00f3n no significa que deba rendirse. Ofrecemos estrategias agresivas al apelar decisiones de inmigraci\u00f3n.\" \/>\n<meta name=\"robots\" content=\"index, follow, max-snippet:-1, max-image-preview:large, max-video-preview:-1\" \/>\n<link rel=\"canonical\" href=\"https:\/\/gldlaw.com\/immigration\/immigration-appeals\/\" \/>\n<meta property=\"og:locale\" content=\"es_MX\" \/>\n<meta property=\"og:type\" content=\"article\" \/>\n<meta property=\"og:title\" content=\"Abogados de Apelaciones de Inmigraci\u00f3n de Texas | Davis &amp; Associates\" \/>\n<meta property=\"og:description\" content=\"Una decisi\u00f3n negativa o negativa en su caso de inmigraci\u00f3n no significa que deba rendirse. Ofrecemos estrategias agresivas al apelar decisiones de inmigraci\u00f3n.\" \/>\n<meta property=\"og:url\" content=\"https:\/\/gldlaw.com\/immigration\/immigration-appeals\/\" \/>\n<meta property=\"og:site_name\" content=\"Davis &amp; Associates\" \/>\n<meta property=\"article:publisher\" content=\"https:\/\/www.facebook.com\/GLDavisandAssociates\/\" \/>\n<meta property=\"article:modified_time\" content=\"2024-07-16T21:31:07+00:00\" \/>\n<meta property=\"og:image\" content=\"https:\/\/gldlaw.com\/wp-content\/uploads\/2016\/09\/Attorney-At-Law-Mag-5.png\" \/>\n\t<meta property=\"og:image:width\" content=\"560\" \/>\n\t<meta property=\"og:image:height\" content=\"315\" \/>\n\t<meta property=\"og:image:type\" content=\"image\/png\" \/>\n<meta name=\"twitter:card\" content=\"summary_large_image\" \/>\n<meta name=\"twitter:site\" content=\"@GLD_Law\" \/>\n<meta name=\"twitter:label1\" content=\"Tiempo de lectura\" \/>\n\t<meta name=\"twitter:data1\" content=\"2 minutos\" \/>\n<script type=\"application\/ld+json\" class=\"yoast-schema-graph\">{\"@context\":\"https:\\\/\\\/schema.org\",\"@graph\":[{\"@type\":\"WebPage\",\"@id\":\"https:\\\/\\\/gldlaw.com\\\/immigration\\\/immigration-appeals\\\/\",\"url\":\"https:\\\/\\\/gldlaw.com\\\/immigration\\\/immigration-appeals\\\/\",\"name\":\"Abogados de Apelaciones de Inmigraci\u00f3n de Texas | Davis & Associates\",\"isPartOf\":{\"@id\":\"https:\\\/\\\/gldlaw.com\\\/es\\\/#website\"},\"datePublished\":\"2020-04-02T17:12:28+00:00\",\"dateModified\":\"2024-07-16T21:31:07+00:00\",\"description\":\"Una decisi\u00f3n negativa o negativa en su caso de inmigraci\u00f3n no significa que deba rendirse. Ofrecemos estrategias agresivas al apelar decisiones de inmigraci\u00f3n.\",\"breadcrumb\":{\"@id\":\"https:\\\/\\\/gldlaw.com\\\/immigration\\\/immigration-appeals\\\/#breadcrumb\"},\"inLanguage\":\"es\",\"potentialAction\":[{\"@type\":\"ReadAction\",\"target\":[\"https:\\\/\\\/gldlaw.com\\\/immigration\\\/immigration-appeals\\\/\"]}]},{\"@type\":\"BreadcrumbList\",\"@id\":\"https:\\\/\\\/gldlaw.com\\\/immigration\\\/immigration-appeals\\\/#breadcrumb\",\"itemListElement\":[{\"@type\":\"ListItem\",\"position\":1,\"name\":\"Home\",\"item\":\"https:\\\/\\\/gldlaw.com\\\/es\\\/\"},{\"@type\":\"ListItem\",\"position\":2,\"name\":\"Areas de Pr\u00e1ctica\",\"item\":\"https:\\\/\\\/gldlaw.com\\\/es\\\/inmigracion\\\/\"},{\"@type\":\"ListItem\",\"position\":3,\"name\":\"Abogados de Apelaciones de Inmigraci\u00f3n de Texas\"}]},{\"@type\":\"WebSite\",\"@id\":\"https:\\\/\\\/gldlaw.com\\\/es\\\/#website\",\"url\":\"https:\\\/\\\/gldlaw.com\\\/es\\\/\",\"name\":\"Davis &amp; Associates\",\"description\":\"Dallas \\\/ Fort Worth Immigration Attorney\",\"potentialAction\":[{\"@type\":\"SearchAction\",\"target\":{\"@type\":\"EntryPoint\",\"urlTemplate\":\"https:\\\/\\\/gldlaw.com\\\/es\\\/?s={search_term_string}\"},\"query-input\":{\"@type\":\"PropertyValueSpecification\",\"valueRequired\":true,\"valueName\":\"search_term_string\"}}],\"inLanguage\":\"es\"}]}<\/script>\n<!-- \/ Yoast SEO plugin. -->","yoast_head_json":{"title":"Abogados de Apelaciones de Inmigraci\u00f3n de Texas | Davis & Associates","description":"Una decisi\u00f3n negativa o negativa en su caso de inmigraci\u00f3n no significa que deba rendirse. Ofrecemos estrategias agresivas al apelar decisiones de inmigraci\u00f3n.","robots":{"index":"index","follow":"follow","max-snippet":"max-snippet:-1","max-image-preview":"max-image-preview:large","max-video-preview":"max-video-preview:-1"},"canonical":"https:\/\/gldlaw.com\/immigration\/immigration-appeals\/","og_locale":"es_MX","og_type":"article","og_title":"Abogados de Apelaciones de Inmigraci\u00f3n de Texas | Davis & Associates","og_description":"Una decisi\u00f3n negativa o negativa en su caso de inmigraci\u00f3n no significa que deba rendirse. Ofrecemos estrategias agresivas al apelar decisiones de inmigraci\u00f3n.","og_url":"https:\/\/gldlaw.com\/immigration\/immigration-appeals\/","og_site_name":"Davis &amp; Associates","article_publisher":"https:\/\/www.facebook.com\/GLDavisandAssociates\/","article_modified_time":"2024-07-16T21:31:07+00:00","og_image":[{"width":560,"height":315,"url":"https:\/\/gldlaw.com\/wp-content\/uploads\/2016\/09\/Attorney-At-Law-Mag-5.png","type":"image\/png"}],"twitter_card":"summary_large_image","twitter_site":"@GLD_Law","twitter_misc":{"Tiempo de lectura":"2 minutos"},"schema":{"@context":"https:\/\/schema.org","@graph":[{"@type":"WebPage","@id":"https:\/\/gldlaw.com\/immigration\/immigration-appeals\/","url":"https:\/\/gldlaw.com\/immigration\/immigration-appeals\/","name":"Abogados de Apelaciones de Inmigraci\u00f3n de Texas | Davis & Associates","isPartOf":{"@id":"https:\/\/gldlaw.com\/es\/#website"},"datePublished":"2020-04-02T17:12:28+00:00","dateModified":"2024-07-16T21:31:07+00:00","description":"Una decisi\u00f3n negativa o negativa en su caso de inmigraci\u00f3n no significa que deba rendirse. Ofrecemos estrategias agresivas al apelar decisiones de inmigraci\u00f3n.","breadcrumb":{"@id":"https:\/\/gldlaw.com\/immigration\/immigration-appeals\/#breadcrumb"},"inLanguage":"es","potentialAction":[{"@type":"ReadAction","target":["https:\/\/gldlaw.com\/immigration\/immigration-appeals\/"]}]},{"@type":"BreadcrumbList","@id":"https:\/\/gldlaw.com\/immigration\/immigration-appeals\/#breadcrumb","itemListElement":[{"@type":"ListItem","position":1,"name":"Home","item":"https:\/\/gldlaw.com\/es\/"},{"@type":"ListItem","position":2,"name":"Areas de Pr\u00e1ctica","item":"https:\/\/gldlaw.com\/es\/inmigracion\/"},{"@type":"ListItem","position":3,"name":"Abogados de Apelaciones de Inmigraci\u00f3n de Texas"}]},{"@type":"WebSite","@id":"https:\/\/gldlaw.com\/es\/#website","url":"https:\/\/gldlaw.com\/es\/","name":"Davis &amp; Associates","description":"Dallas \/ Fort Worth Immigration Attorney","potentialAction":[{"@type":"SearchAction","target":{"@type":"EntryPoint","urlTemplate":"https:\/\/gldlaw.com\/es\/?s={search_term_string}"},"query-input":{"@type":"PropertyValueSpecification","valueRequired":true,"valueName":"search_term_string"}}],"inLanguage":"es"}]}},"_links":{"self":[{"href":"https:\/\/gldlaw.com\/es\/wp-json\/wp\/v2\/pages\/6499","targetHints":{"allow":["GET"]}}],"collection":[{"href":"https:\/\/gldlaw.com\/es\/wp-json\/wp\/v2\/pages"}],"about":[{"href":"https:\/\/gldlaw.com\/es\/wp-json\/wp\/v2\/types\/page"}],"author":[{"embeddable":true,"href":"https:\/\/gldlaw.com\/es\/wp-json\/wp\/v2\/users\/18"}],"replies":[{"embeddable":true,"href":"https:\/\/gldlaw.com\/es\/wp-json\/wp\/v2\/comments?post=6499"}],"version-history":[{"count":2,"href":"https:\/\/gldlaw.com\/es\/wp-json\/wp\/v2\/pages\/6499\/revisions"}],"predecessor-version":[{"id":11343,"href":"https:\/\/gldlaw.com\/es\/wp-json\/wp\/v2\/pages\/6499\/revisions\/11343"}],"up":[{"embeddable":true,"href":"https:\/\/gldlaw.com\/es\/wp-json\/wp\/v2\/pages\/3409"}],"wp:attachment":[{"href":"https:\/\/gldlaw.com\/es\/wp-json\/wp\/v2\/media?parent=6499"}],"curies":[{"name":"wp","href":"https:\/\/api.w.org\/{rel}","templated":true}]}}