{"id":6529,"date":"2020-01-29T18:57:24","date_gmt":"2020-01-29T18:57:24","guid":{"rendered":"https:\/\/gldlaw.com\/guide-to-family-immigration-ebook\/"},"modified":"2023-01-16T14:43:04","modified_gmt":"2023-01-16T20:43:04","slug":"guia-paso-a-paso-para-la-inmigracion-familiar","status":"publish","type":"page","link":"https:\/\/gldlaw.com\/es\/guia-paso-a-paso-para-la-inmigracion-familiar\/","title":{"rendered":"Gu\u00eda Paso a Paso Para La Inmigraci\u00f3n Familiar"},"content":{"rendered":"\n\n\t<h1>Gu\u00eda Paso a Paso Para La Inmigraci\u00f3n Familiar<\/h1>\n\t\t\t\t<img loading=\"lazy\" decoding=\"async\" src=\"https:\/\/gldlaw.com\/wp-content\/uploads\/2020\/04\/Davis-Ebook-CTA.png\" alt=\"Familia Inmigracio\u0301n - Davis &amp; Associates E-book\" itemprop=\"image\" height=\"312\" width=\"820\" title=\"Familia Inmigracio\u0301n - Davis &amp; Associates E-book\" onerror=\"this.style.display='none'\"  \/>\n\t<p>Hay muchos pasos y detalles que son cruciales para el proceso de inmigraci\u00f3n. Si usted o alguien que ama desea emigrar a los Estados Unidos, el conocimiento en este libro electr\u00f3nico es su primer paso.<\/p>\n\t<h2>Perspectiva De Las Expertas<\/h2>\n<p>Hemos pasado horas creando este libro electr\u00f3nico para describir cada paso del proceso de patrocinio de la tarjeta verde familiar:<\/p>\n<ul>\n<li>Elegibilidad de tarjeta verde\n<ul>\n<li>Categor\u00edas de preferencia<\/li>\n<li>Fechas de prioridad<\/li>\n<\/ul>\n<\/li>\n<li>Solicitud de una tarjeta verde\n<ul>\n<li>A trav\u00e9s del ajuste de estatus<\/li>\n<li>A trav\u00e9s del procesamiento consular<\/li>\n<\/ul>\n<\/li>\n<li>Despu\u00e9s de presentar una petici\u00f3n de ajuste de estado\n<ul>\n<li>La cita biom\u00e9trica<\/li>\n<li>La entrevista de inmigraci\u00f3n<\/li>\n<li>Despu\u00e9s de la entrevista<\/li>\n<\/ul>\n<\/li>\n<li>Despu\u00e9s de aplicar a trav\u00e9s del procesamiento consular\n<ul>\n<li>El Centro Nacional de Visas<\/li>\n<li>Revisando el Bolet\u00edn de Visas<\/li>\n<li>Procesamiento del Centro Nacional de Visas<\/li>\n<li>La entrevista de inmigraci\u00f3n<\/li>\n<\/ul>\n<\/li>\n<li>Y mas!<\/li>\n<\/ul>\n<p>Todo lo que necesita para comenzar con su solicitud de tarjeta verde familiar est\u00e1 aqu\u00ed. Simplemente complete este formulario r\u00e1pido y podr\u00e1 descargarlo instant\u00e1neamente.<\/p>\n\t\t\t\t<img loading=\"lazy\" decoding=\"async\" src=\"https:\/\/gldlaw.com\/wp-content\/uploads\/2020\/04\/Copy-of-Davis-Ebook-CTA.png\" alt=\"Spanish ebook\" itemprop=\"image\" height=\"750\" width=\"1000\" title=\"Spanish ebook\" onerror=\"this.style.display='none'\"  \/>\n<h2>\n\t\t\u00a1Descarga Nuestro E-libro Ahora!\n\t<\/h2>\n\t<h2><a href=\"https:\/\/www.gldlaw.com\/contact-us-for-a-free-consultation\/#~o4H7t91\">SCHEDULE YOUR <strong>FREE<\/strong> CONSULTATION TODAY \u00bb<\/a><\/h2>\n\t\t\t<a href=\"https:\/\/www.gldlaw.com\/contact-us-for-a-free-consultation\/\" target=\"_self\" role=\"button\" rel=\"noopener\">\n\t\t\t\t\t\t\tGET STARTED &raquo;\n\t\t\t\t\t<\/a>\n\n","protected":false},"excerpt":{"rendered":"<p>Gu\u00eda Paso a Paso Para La Inmigraci\u00f3n Familiar Hay muchos pasos y detalles que son cruciales para el proceso de inmigraci\u00f3n. Si usted o alguien que ama desea emigrar a los Estados Unidos, el conocimiento en este libro electr\u00f3nico es su primer paso. Perspectiva De Las Expertas Hemos pasado horas creando este libro electr\u00f3nico para&hellip;<\/p>\n","protected":false},"author":18,"featured_media":0,"parent":0,"menu_order":0,"comment_status":"closed","ping_status":"closed","template":"","meta":{"_monsterinsights_skip_tracking":false,"_monsterinsights_sitenote_active":false,"_monsterinsights_sitenote_note":"","_monsterinsights_sitenote_category":0,"footnotes":""},"class_list":["post-6529","page","type-page","status-publish","hentry"],"yoast_head":"<!-- This site is optimized with the Yoast SEO plugin v27.4 - https:\/\/yoast.com\/product\/yoast-seo-wordpress\/ -->\n<title>Gu\u00eda Paso a Paso Para La Inmigraci\u00f3n Familiar | Davis &amp; Associates<\/title>\n<meta name=\"description\" content=\"Ya sea que usted o alguien que amas quiera emigrar a los EE. UU., El conocimiento en este libro electr\u00f3nico de inmigraci\u00f3n familiar es su primer paso.\" \/>\n<meta name=\"robots\" content=\"index, follow, max-snippet:-1, max-image-preview:large, max-video-preview:-1\" \/>\n<link rel=\"canonical\" href=\"https:\/\/gldlaw.com\/es\/guia-paso-a-paso-para-la-inmigracion-familiar\/\" \/>\n<meta property=\"og:locale\" content=\"es_MX\" \/>\n<meta property=\"og:type\" content=\"article\" \/>\n<meta property=\"og:title\" content=\"Gu\u00eda Paso a Paso Para La Inmigraci\u00f3n Familiar | Davis &amp; Associates\" \/>\n<meta property=\"og:description\" content=\"Ya sea que usted o alguien que amas quiera emigrar a los EE. UU., El conocimiento en este libro electr\u00f3nico de inmigraci\u00f3n familiar es su primer paso.\" \/>\n<meta property=\"og:url\" content=\"https:\/\/gldlaw.com\/es\/guia-paso-a-paso-para-la-inmigracion-familiar\/\" \/>\n<meta property=\"og:site_name\" content=\"Davis &amp; Associates\" \/>\n<meta property=\"article:publisher\" content=\"https:\/\/www.facebook.com\/GLDavisandAssociates\/\" \/>\n<meta property=\"article:modified_time\" content=\"2023-01-16T20:43:04+00:00\" \/>\n<meta property=\"og:image\" content=\"https:\/\/gldlaw.com\/wp-content\/uploads\/2020\/04\/Davis-Ebook-CTA.png\" \/>\n<meta name=\"twitter:card\" content=\"summary_large_image\" \/>\n<meta name=\"twitter:site\" content=\"@GLD_Law\" \/>\n<meta name=\"twitter:label1\" content=\"Tiempo de lectura\" \/>\n\t<meta name=\"twitter:data1\" content=\"1 minuto\" \/>\n<script type=\"application\/ld+json\" class=\"yoast-schema-graph\">{\"@context\":\"https:\\\/\\\/schema.org\",\"@graph\":[{\"@type\":\"WebPage\",\"@id\":\"https:\\\/\\\/gldlaw.com\\\/es\\\/guia-paso-a-paso-para-la-inmigracion-familiar\\\/\",\"url\":\"https:\\\/\\\/gldlaw.com\\\/es\\\/guia-paso-a-paso-para-la-inmigracion-familiar\\\/\",\"name\":\"Gu\u00eda Paso a Paso Para La Inmigraci\u00f3n Familiar | Davis & Associates\",\"isPartOf\":{\"@id\":\"https:\\\/\\\/gldlaw.com\\\/es\\\/#website\"},\"primaryImageOfPage\":{\"@id\":\"https:\\\/\\\/gldlaw.com\\\/es\\\/guia-paso-a-paso-para-la-inmigracion-familiar\\\/#primaryimage\"},\"image\":{\"@id\":\"https:\\\/\\\/gldlaw.com\\\/es\\\/guia-paso-a-paso-para-la-inmigracion-familiar\\\/#primaryimage\"},\"thumbnailUrl\":\"https:\\\/\\\/gldlaw.com\\\/wp-content\\\/uploads\\\/2020\\\/04\\\/Davis-Ebook-CTA.png\",\"datePublished\":\"2020-01-29T18:57:24+00:00\",\"dateModified\":\"2023-01-16T20:43:04+00:00\",\"description\":\"Ya sea que usted o alguien que amas quiera emigrar a los EE. UU., El conocimiento en este libro electr\u00f3nico de inmigraci\u00f3n familiar es su primer paso.\",\"breadcrumb\":{\"@id\":\"https:\\\/\\\/gldlaw.com\\\/es\\\/guia-paso-a-paso-para-la-inmigracion-familiar\\\/#breadcrumb\"},\"inLanguage\":\"es\",\"potentialAction\":[{\"@type\":\"ReadAction\",\"target\":[\"https:\\\/\\\/gldlaw.com\\\/es\\\/guia-paso-a-paso-para-la-inmigracion-familiar\\\/\"]}]},{\"@type\":\"ImageObject\",\"inLanguage\":\"es\",\"@id\":\"https:\\\/\\\/gldlaw.com\\\/es\\\/guia-paso-a-paso-para-la-inmigracion-familiar\\\/#primaryimage\",\"url\":\"https:\\\/\\\/gldlaw.com\\\/wp-content\\\/uploads\\\/2020\\\/04\\\/Davis-Ebook-CTA.png\",\"contentUrl\":\"https:\\\/\\\/gldlaw.com\\\/wp-content\\\/uploads\\\/2020\\\/04\\\/Davis-Ebook-CTA.png\"},{\"@type\":\"BreadcrumbList\",\"@id\":\"https:\\\/\\\/gldlaw.com\\\/es\\\/guia-paso-a-paso-para-la-inmigracion-familiar\\\/#breadcrumb\",\"itemListElement\":[{\"@type\":\"ListItem\",\"position\":1,\"name\":\"Home\",\"item\":\"https:\\\/\\\/gldlaw.com\\\/es\\\/\"},{\"@type\":\"ListItem\",\"position\":2,\"name\":\"Gu\u00eda Paso a Paso Para La Inmigraci\u00f3n Familiar\"}]},{\"@type\":\"WebSite\",\"@id\":\"https:\\\/\\\/gldlaw.com\\\/es\\\/#website\",\"url\":\"https:\\\/\\\/gldlaw.com\\\/es\\\/\",\"name\":\"Davis &amp; Associates\",\"description\":\"Dallas \\\/ Fort Worth Immigration Attorney\",\"potentialAction\":[{\"@type\":\"SearchAction\",\"target\":{\"@type\":\"EntryPoint\",\"urlTemplate\":\"https:\\\/\\\/gldlaw.com\\\/es\\\/?s={search_term_string}\"},\"query-input\":{\"@type\":\"PropertyValueSpecification\",\"valueRequired\":true,\"valueName\":\"search_term_string\"}}],\"inLanguage\":\"es\"}]}<\/script>\n<!-- \/ Yoast SEO plugin. -->","yoast_head_json":{"title":"Gu\u00eda Paso a Paso Para La Inmigraci\u00f3n Familiar | Davis & Associates","description":"Ya sea que usted o alguien que amas quiera emigrar a los EE. UU., El conocimiento en este libro electr\u00f3nico de inmigraci\u00f3n familiar es su primer paso.","robots":{"index":"index","follow":"follow","max-snippet":"max-snippet:-1","max-image-preview":"max-image-preview:large","max-video-preview":"max-video-preview:-1"},"canonical":"https:\/\/gldlaw.com\/es\/guia-paso-a-paso-para-la-inmigracion-familiar\/","og_locale":"es_MX","og_type":"article","og_title":"Gu\u00eda Paso a Paso Para La Inmigraci\u00f3n Familiar | Davis & Associates","og_description":"Ya sea que usted o alguien que amas quiera emigrar a los EE. UU., El conocimiento en este libro electr\u00f3nico de inmigraci\u00f3n familiar es su primer paso.","og_url":"https:\/\/gldlaw.com\/es\/guia-paso-a-paso-para-la-inmigracion-familiar\/","og_site_name":"Davis &amp; Associates","article_publisher":"https:\/\/www.facebook.com\/GLDavisandAssociates\/","article_modified_time":"2023-01-16T20:43:04+00:00","og_image":[{"url":"https:\/\/gldlaw.com\/wp-content\/uploads\/2020\/04\/Davis-Ebook-CTA.png","type":"","width":"","height":""}],"twitter_card":"summary_large_image","twitter_site":"@GLD_Law","twitter_misc":{"Tiempo de lectura":"1 minuto"},"schema":{"@context":"https:\/\/schema.org","@graph":[{"@type":"WebPage","@id":"https:\/\/gldlaw.com\/es\/guia-paso-a-paso-para-la-inmigracion-familiar\/","url":"https:\/\/gldlaw.com\/es\/guia-paso-a-paso-para-la-inmigracion-familiar\/","name":"Gu\u00eda Paso a Paso Para La Inmigraci\u00f3n Familiar | Davis & Associates","isPartOf":{"@id":"https:\/\/gldlaw.com\/es\/#website"},"primaryImageOfPage":{"@id":"https:\/\/gldlaw.com\/es\/guia-paso-a-paso-para-la-inmigracion-familiar\/#primaryimage"},"image":{"@id":"https:\/\/gldlaw.com\/es\/guia-paso-a-paso-para-la-inmigracion-familiar\/#primaryimage"},"thumbnailUrl":"https:\/\/gldlaw.com\/wp-content\/uploads\/2020\/04\/Davis-Ebook-CTA.png","datePublished":"2020-01-29T18:57:24+00:00","dateModified":"2023-01-16T20:43:04+00:00","description":"Ya sea que usted o alguien que amas quiera emigrar a los EE. UU., El conocimiento en este libro electr\u00f3nico de inmigraci\u00f3n familiar es su primer paso.","breadcrumb":{"@id":"https:\/\/gldlaw.com\/es\/guia-paso-a-paso-para-la-inmigracion-familiar\/#breadcrumb"},"inLanguage":"es","potentialAction":[{"@type":"ReadAction","target":["https:\/\/gldlaw.com\/es\/guia-paso-a-paso-para-la-inmigracion-familiar\/"]}]},{"@type":"ImageObject","inLanguage":"es","@id":"https:\/\/gldlaw.com\/es\/guia-paso-a-paso-para-la-inmigracion-familiar\/#primaryimage","url":"https:\/\/gldlaw.com\/wp-content\/uploads\/2020\/04\/Davis-Ebook-CTA.png","contentUrl":"https:\/\/gldlaw.com\/wp-content\/uploads\/2020\/04\/Davis-Ebook-CTA.png"},{"@type":"BreadcrumbList","@id":"https:\/\/gldlaw.com\/es\/guia-paso-a-paso-para-la-inmigracion-familiar\/#breadcrumb","itemListElement":[{"@type":"ListItem","position":1,"name":"Home","item":"https:\/\/gldlaw.com\/es\/"},{"@type":"ListItem","position":2,"name":"Gu\u00eda Paso a Paso Para La Inmigraci\u00f3n Familiar"}]},{"@type":"WebSite","@id":"https:\/\/gldlaw.com\/es\/#website","url":"https:\/\/gldlaw.com\/es\/","name":"Davis &amp; Associates","description":"Dallas \/ Fort Worth Immigration Attorney","potentialAction":[{"@type":"SearchAction","target":{"@type":"EntryPoint","urlTemplate":"https:\/\/gldlaw.com\/es\/?s={search_term_string}"},"query-input":{"@type":"PropertyValueSpecification","valueRequired":true,"valueName":"search_term_string"}}],"inLanguage":"es"}]}},"_links":{"self":[{"href":"https:\/\/gldlaw.com\/es\/wp-json\/wp\/v2\/pages\/6529","targetHints":{"allow":["GET"]}}],"collection":[{"href":"https:\/\/gldlaw.com\/es\/wp-json\/wp\/v2\/pages"}],"about":[{"href":"https:\/\/gldlaw.com\/es\/wp-json\/wp\/v2\/types\/page"}],"author":[{"embeddable":true,"href":"https:\/\/gldlaw.com\/es\/wp-json\/wp\/v2\/users\/18"}],"replies":[{"embeddable":true,"href":"https:\/\/gldlaw.com\/es\/wp-json\/wp\/v2\/comments?post=6529"}],"version-history":[{"count":5,"href":"https:\/\/gldlaw.com\/es\/wp-json\/wp\/v2\/pages\/6529\/revisions"}],"predecessor-version":[{"id":9969,"href":"https:\/\/gldlaw.com\/es\/wp-json\/wp\/v2\/pages\/6529\/revisions\/9969"}],"wp:attachment":[{"href":"https:\/\/gldlaw.com\/es\/wp-json\/wp\/v2\/media?parent=6529"}],"curies":[{"name":"wp","href":"https:\/\/api.w.org\/{rel}","templated":true}]}}