{"id":6729,"date":"2019-12-05T16:43:22","date_gmt":"2019-12-05T16:43:22","guid":{"rendered":"https:\/\/gldlaw.com\/plano-immigration-attorney\/"},"modified":"2023-02-09T11:02:03","modified_gmt":"2023-02-09T17:02:03","slug":"abogado-inmigracion-plano","status":"publish","type":"page","link":"https:\/\/gldlaw.com\/es\/abogado-inmigracion-plano\/","title":{"rendered":"Plano Immigration Attorney \u2013 Citizenship, Visas and More"},"content":{"rendered":"\n\n\t<h1>Abogado de Inmigraci\u00f3n de Plano<\/h1>\n\t<h2>Ciudadan\u00eda, visados y m\u00e1s<\/h2>\n<p>Davis &amp; Asociados son sus expertos en leyes de inmigraci\u00f3n en el norte de Texas, incluyendo Plano y las ciudades circundantes. Nuestros abogados proporcionan asesoramiento legal experto para todas las \u00e1reas de la ley de inmigraci\u00f3n incluyendo: inmigraci\u00f3n de inversi\u00f3n EB5,defensa de deportaci\u00f3n,visas temporales para trabajo y la universidad, escritos de h\u00e1beas corpus y mandamus, inmigraci\u00f3n patrocinada por la familia, inmigraci\u00f3n patrocinada por el empleo, residencia permanente, naturalizaci\u00f3n, cumplimiento del empleador, procesamiento de visas, exenciones y apelaciones.<\/p>\n\t\t\t\t<img loading=\"lazy\" decoding=\"async\" src=\"https:\/\/gldlaw.com\/wp-content\/uploads\/2019\/10\/content-v3-img.jpg\" alt=\"content-v3-img\" itemprop=\"image\" height=\"458\" width=\"573\" title=\"content-v3-img\" onerror=\"this.style.display='none'\"  \/>\n\t<h2>PORQUE ELEGIR DAVIS &amp; ASOCIADOS<\/h2>\n<ul>\n<li>Nos identificamos en c\u00f3mo se siente y realmente queremos ayudarle a alcanzar sus metas de inmigraci\u00f3n. (Nuestro lema es &#8220;Familias, no Archivos&#8221; porque cuando haces negocios con nosotros, no eres s\u00f3lo otro archivo de caso.)<\/li>\n<li>Nuestro personal es multi-lingual y muchos de nosotros hemos experimentado el proceso de inmigraci\u00f3n con nuestras familias y amigos.<\/li>\n<li>El Sr. Davis est\u00e1 certificado por la Junta de Especializaci\u00f3n Legal de Texas.<\/li>\n<\/ul>\n\t<h4>Sudershan G.<\/h4>\n<p>&#8220;Recomiendo encarecidamente Davis y Asociados, el personal es incre\u00edble y altamente calificado. El Sr.Garry ha sido muy \u00fatil desde el principio hasta el final y estamos muy agradecidos por \u00e9l! Tuvimos a Beatriz como nuestra abogada y ella fue extremadamente profesional, bien informada y amable. Ella nos ayud\u00f3 a aumentar nuestra confianza para el proceso. Estoy agradecido.<\/p>\n\t<h2><a href=\"https:\/\/gldlaw.com\/es\/contacto\/\">PROGRAMA TU CONSULTA GRATUITA HOY &gt;&gt;<\/a><\/h2>\n\t\t\t<a href=\"https:\/\/gldlaw.com\/es\/contacto\/\" target=\"_self\" role=\"button\" rel=\"noopener\">\n\t\t\t\t\t\t\tCOMENZAR\n\t\t\t\t\t<\/a>\n<h2>\n\t\tZONAS DE PR\u00c1CTICA DE LA LEY DE INMIGRACI\u00d3N\n\t<\/h2>\n\t<p>Si usted es una persona que quiere emigrar a los Estados Unidos o es propietario de una empresa que necesita contratar trabajadores extranjeros, usted podr\u00eda beneficiarse de trabajar con un abogado de inmigraci\u00f3n en Plano.<\/p>\n<p>Su abogado podr\u00e1 explicarle lo que el gobierno necesita de usted, presentar documentos en su nombre y ayudarle a prepararse para cualquier entrevista de inmigraci\u00f3n que tendr\u00e1 que asistir. Tambi\u00e9n puede proporcionarle asesoramiento legal espec\u00edfico para cada caso.<\/p>\n<p>Su abogado puede ayudarlo con problemas relacionados con:<\/p>\n\t\t\t<img decoding=\"async\" loading='false' src=\"https:\/\/immigrationattorneyhouston.kinsta.cloud\/wp-content\/uploads\/2016\/08\/US-Immigration-Attorney-Davis-and-Associates-Houston-Texas.jpg\" alt=\"\" \/>\t\t\t\n\t<h3>INMIGRACI\u00d3N FAMILIAR<\/h3>\n<p>Si ya eres ciudadano estadounidense o residente permanente legal, es posible que puedas patrocinar a algunos de los miembros de tu familia. Como patrocinador de inmigraci\u00f3n, puede solicitar al gobierno que proporcione visas para su c\u00f3nyuge, hijos (casados o solteros) o hermanos. Sin embargo, todos los que usted pide que patrocinen deben cumplir con todos los criterios de inmigraci\u00f3n descritos en la Ley de Inmigraci\u00f3n y Nacionalidad, o INA,y usted debe tener una cierta relaci\u00f3n. Por ejemplo, no puede solicitar traer a un primo a los Estados Unidos; debe solicitar a su c\u00f3nyuge, hijos, hermanos o padres en la mayor\u00eda de los casos. Aprende m\u00e1s<\/p>\n\t\t\t<a href=\"https:\/\/gldlaw.com\/es\/inmigracion\/inmigracion-familiar\/\" target=\"_self\" role=\"button\" rel=\"noopener\">\n\t\t\t\t\t\t\tAprende M\u00e1s\n\t\t\t\t\t<\/a>\n\t\t\t<img decoding=\"async\" loading='false' src=\"https:\/\/immigrationattorneyhouston.kinsta.cloud\/wp-content\/uploads\/2016\/08\/Business-Immigration-Attorney-Davis-and-Associates-Houston-Texas.jpg\" alt=\"\" \/>\t\t\t\n\t<h3>INMIGRACI\u00d3N DE NEGOCIOS<\/h3>\n<p>Un abogado de inmigraci\u00f3n de Plano puede ayudar a su empresa a tomar las medidas necesarias para contratar trabajadores extranjeros. Para calificar para patrocinar inmigrantes con fines comerciales, su empresa debe estar ofreciendo trabajos especializados que no puede llenar con trabajadores estadounidenses, y la compa\u00f1\u00eda debe obtener una Certificaci\u00f3n Laboral del Departamento de Trabajo de los Estados Unidos, as\u00ed como cumplir ciertas condiciones antes de patrocinar a un inmigrante. Los individuos no pueden solicitar por s\u00ed mismos; una empresa o entidad comercial debe solicitarlos. Para la mayor\u00eda de las empresas, la mejor opci\u00f3n es trabajar con un abogado que entienda todo el proceso, a veces complicado, de inmigraci\u00f3n de negocios. Aprende m\u00e1s<\/p>\n\t\t\t<a href=\"https:\/\/gldlaw.com\/es\/inmigracion\/la-inmigracion-de-negocios\/\" target=\"_self\" role=\"button\" rel=\"noopener\">\n\t\t\t\t\t\t\tAprende M\u00e1s\n\t\t\t\t\t<\/a>\n\t\t\t<img decoding=\"async\" loading='false' src=\"https:\/\/immigrationattorneyhouston.kinsta.cloud\/wp-content\/uploads\/2015\/06\/Deportation.jpg\" alt=\"Deportation Immigration Lawyers | Davis &amp; Associates | Dallas, TX Deportation Attorneys\" \/>\t\t\t\n\t<h3>Deportaci\u00f3n<\/h3>\n<p>Si ha recibido un aviso de que est\u00e1 a punto de pasar por un proceso de expulsi\u00f3n, o si se le ha ordenado salir de los Estados Unidos, podr\u00eda beneficiarse de trabajar con un abogado de inmigraci\u00f3n de Plano. Los procedimientos de expulsi\u00f3n, com\u00fanmente llamados procedimientos de deportaci\u00f3n, pueden ser complicados, y si no sabes lo que est\u00e1s aceptando, podr\u00edas encontrarte a ti mismo prohibido de volver a entrar en los Estados Unidos. Su abogado de inmigraci\u00f3n puede explicar todo el proceso, representarlo en la corte y ayudar a preservar sus derechos en cada paso del camino.<\/p>\n<p>Usted no tiene que pasar por procedimientos de expulsi\u00f3n solo. Usted tiene derecho a un abogado si desea tener un abogado. Aprende m\u00e1s<\/p>\n\t\t\t<a href=\"https:\/\/gldlaw.com\/es\/inmigracion\/deportacion\/\" target=\"_self\" role=\"button\" rel=\"noopener\">\n\t\t\t\t\t\t\tAprende M\u00e1s\n\t\t\t\t\t<\/a>\n\t\t\t<img decoding=\"async\" loading='false' src=\"https:\/\/gldlaw.com\/wp-content\/uploads\/2019\/10\/trump-asylum.jpeg\" alt=\"\" \/>\t\t\t\n\t<h3>Apelaciones de Inmigraci\u00f3n<\/h3>\n<p>Los jueces de inmigraci\u00f3n no siempre se pronuncian a favor de un inmigrante, y si no est\u00e1 de acuerdo con la decisi\u00f3n de su juez, puede tener el derecho de apelar ante la Junta de Apelaciones de Inmigraci\u00f3n.<\/p>\n<p>Una apelaci\u00f3n est\u00e1 dise\u00f1ada para reabrir su caso y tener una mirada superior de la corte.<\/p>\n<p>Usted puede estar en desacuerdo con la decisi\u00f3n de un juez si pierde un caso de deportaci\u00f3n o remoci\u00f3n, se le neg\u00f3 el asilo o la cancelaci\u00f3n de la remoci\u00f3n, o si se le neg\u00f3 la ciudadan\u00eda estadounidense.<\/p>\n<p>Tambi\u00e9n puede apelar un caso que se deriva de una falta de obtenci\u00f3n de una tarjeta verde. En muchos casos, trabajar con un abogado de inmigraci\u00f3n de Plano es la mejor opci\u00f3n cuando usted est\u00e1 apelando la decisi\u00f3n de un juez. Aprende m\u00e1s<\/p>\n\t\t\t<a href=\"https:\/\/gldlaw.com\/es\/inmigracion\/abogados-de-apelaciones-de-inmigracion-de-texas\/\" target=\"_self\" role=\"button\" rel=\"noopener\">\n\t\t\t\t\t\t\tAprende M\u00e1s\n\t\t\t\t\t<\/a>\n\t\t\t<img decoding=\"async\" loading='false' src=\"https:\/\/gldlaw.com\/wp-content\/uploads\/2019\/10\/I-9-Compliance.jpeg\" alt=\"\" \/>\t\t\t\n\t<h3>Visas<\/h3>\n<p>Si usted no es un ciudadano o un residente permanente legal, debe solicitar una visa para obtener la entrada en los Estados Unidos. Hay varias categor\u00edas de visas que se aplican a situaciones espec\u00edficas, por lo que puede beneficiarse de hablar con un abogado de inmigraci\u00f3n en Plano para ver qu\u00e9 tipo de visa es la adecuada para usted. Las visas de no inmigrante son para personas que desean venir a los Estados Unidos por un cierto per\u00edodo de tiempo, pero no desean convertirse finalmente en ciudadanos naturalizados. Las visas de inmigrante est\u00e1n dise\u00f1adas para personas que desean convertirse en ciudadanos. Las visas de inmigrante suelen estar reservadas para las personas que caen en estas categor\u00edas:<\/p>\n<ul>\n<li>C\u00f3nyuges, prometidos, hijos y otros miembros de la familia de residentes permanentes legales o ciudadanos<\/li>\n<li>Empleados que vienen a los EE.UU. para cubrir un puesto espec\u00edfico en una empresa espec\u00edfica<\/li>\n<li>Residentes que regresan<\/li>\n<li>Inmigrantes de diversidad<\/li>\n<li>Ciudadan\u00eda y Naturalizaci\u00f3n<\/li>\n<\/ul>\n\t\t\t<a href=\"https:\/\/gldlaw.com\/es\/inmigracion\/visas\/\" target=\"_self\" role=\"button\" rel=\"noopener\">\n\t\t\t\t\t\t\tAprende M\u00e1s\n\t\t\t\t\t<\/a>\n\t\t\t<img decoding=\"async\" loading='false' src=\"https:\/\/gldlaw.com\/wp-content\/uploads\/2015\/09\/shutterstock_81190930-2.jpg\" alt=\"Dallas Immigration Attorney | Davis &amp; Associates | Dallas Fort Worth\" \/>\t\t\t\n\t<h3>Ciudadan\u00eda y Naturalizaci\u00f3n<\/h3>\n<p>Para convertirse en ciudadano estadounidense, debe seguir un proceso espec\u00edfico que incluya llenar formularios, presentarlos ante el gobierno, someterse a una entrevista de naturalizaci\u00f3n y tomar una prueba de ciudadan\u00eda. Primero debe ser un residente permanente legal, llamado &#8220;titular de la tarjeta verde&#8221;, antes de poder solicitar la ciudadan\u00eda. Una vez que tenga su tarjeta verde, debe esperar una cierta cantidad de tiempo para solicitar la naturalizaci\u00f3n, lo que lo convierte en ciudadano estadounidense. Si el gobierno aprueba su petici\u00f3n, tomar\u00e1 una prueba de ciudadan\u00eda y har\u00e1 un juramento de lealtad a los Estados Unidos. Su abogado de ciudadan\u00eda de Plano puede ayudarlo con cada paso del proceso y proporcionarle asesoramiento legal en el camino. Aprende m\u00e1s<\/p>\n\t\t\t<a href=\"https:\/\/gldlaw.com\/es\/inmigracion\/ciudadania-y-naturalizacion\/\" target=\"_self\" role=\"button\" rel=\"noopener\">\n\t\t\t\t\t\t\tAprende M\u00e1s\n\t\t\t\t\t<\/a>\n\t\t\t<img decoding=\"async\" loading='false' src=\"https:\/\/gldlaw.com\/wp-content\/uploads\/2019\/10\/student-status.jpeg\" alt=\"\" \/>\t\t\t\n\t<h3>Tarjetas verdes<\/h3>\n<p>Una tarjeta verde convierte a una persona en un residente permanente legal de los Estados Unidos. Usted debe tener una tarjeta verde por un cierto per\u00edodo de tiempo antes de poder solicitar la ciudadan\u00eda, y para obtener una tarjeta verde, debe estar legalmente presente en los EE.UU. o ser elegible para venir a los EE.UU. legalmente. En muchos casos, un abogado de inmigraci\u00f3n de Plano puede ayudarle a determinar los criterios para su situaci\u00f3n, y \u00e9l o ella puede ayudarlo a presentar la documentaci\u00f3n apropiada para solicitar una tarjeta verde una vez que haya cumplido con todos los requisitos del gobierno de los Estados Unidos. Aprende m\u00e1s<\/p>\n\t\t\t<a href=\"https:\/\/gldlaw.com\/es\/inmigracion\/tarjeta-verdes\/\" target=\"_self\" role=\"button\" rel=\"noopener\">\n\t\t\t\t\t\t\tAprende M\u00e1s\n\t\t\t\t\t<\/a>\n\t<h2>\u00bfNecesita un abogado de inmigraci\u00f3n de Plano?<\/h2>\n<p>Debido a que la ley de inmigraci\u00f3n de Estados Unidos puede ser incre\u00edblemente compleja, y debido a que el proceso de inmigraci\u00f3n en s\u00ed puede ser lento y confuso, muchas personas eligen trabajar con abogados de inmigraci\u00f3n de Plano que pueden ayudarlo. Su abogado podr\u00e1 explicarle el proceso que debe pasar, llenar y presentar la documentaci\u00f3n en su nombre, y ayudarle a prepararse para un resultado exitoso. Estar\u00e1 contigo en cada paso del camino.<\/p>\n<p>Ll\u00e1menos para programar una consulta gratuita con uno de nuestros abogados de inmigraci\u00f3n de Plano. Estaremos encantados de responder a sus preguntas y ayudarle a obtener el mejor resultado posible.<\/p>\n\t<h2><a href=\"https:\/\/gldlaw.com\/es\/contacto\/\">PROGRAMA TU CONSULTA GRATUITA HOY &gt;&gt;<\/a><\/h2>\n\t\t\t<a href=\"https:\/\/gldlaw.com\/es\/contacto\/\" target=\"_self\" role=\"button\" rel=\"noopener\">\n\t\t\t\t\t\t\tCOMENZAR \n\t\t\t\t\t<\/a>\n\n","protected":false},"excerpt":{"rendered":"<p>Abogado de Inmigraci\u00f3n de Plano Ciudadan\u00eda, visados y m\u00e1s Davis &amp; Asociados son sus expertos en leyes de inmigraci\u00f3n en el norte de Texas, incluyendo Plano y las ciudades circundantes. Nuestros abogados proporcionan asesoramiento legal experto para todas las \u00e1reas de la ley de inmigraci\u00f3n incluyendo: inmigraci\u00f3n de inversi\u00f3n EB5,defensa de deportaci\u00f3n,visas temporales para trabajo&hellip;<\/p>\n","protected":false},"author":18,"featured_media":0,"parent":0,"menu_order":0,"comment_status":"closed","ping_status":"closed","template":"","meta":{"_monsterinsights_skip_tracking":false,"_monsterinsights_sitenote_active":false,"_monsterinsights_sitenote_note":"","_monsterinsights_sitenote_category":0,"footnotes":""},"class_list":["post-6729","page","type-page","status-publish","hentry"],"yoast_head":"<!-- This site is optimized with the Yoast SEO plugin v27.3 - https:\/\/yoast.com\/product\/yoast-seo-wordpress\/ -->\n<title>Plano Immigration Attorney \u2013 Citizenship, Visas and More | GLD Law<\/title>\n<meta name=\"description\" content=\"Working with a Plano immigration attorney can make your life easier \u2013 we can help with family immigration, business immigration and more. Call today.\" \/>\n<meta name=\"robots\" content=\"index, follow, max-snippet:-1, max-image-preview:large, max-video-preview:-1\" \/>\n<link rel=\"canonical\" href=\"https:\/\/gldlaw.com\/es\/abogado-inmigracion-plano\/\" \/>\n<meta property=\"og:locale\" content=\"es_MX\" \/>\n<meta property=\"og:type\" content=\"article\" \/>\n<meta property=\"og:title\" content=\"Plano Immigration Attorney \u2013 Citizenship, Visas and More | GLD Law\" \/>\n<meta property=\"og:description\" content=\"Working with a Plano immigration attorney can make your life easier \u2013 we can help with family immigration, business immigration and more. Call today.\" \/>\n<meta property=\"og:url\" content=\"https:\/\/gldlaw.com\/es\/abogado-inmigracion-plano\/\" \/>\n<meta property=\"og:site_name\" content=\"Davis &amp; Associates\" \/>\n<meta property=\"article:publisher\" content=\"https:\/\/www.facebook.com\/GLDavisandAssociates\/\" \/>\n<meta property=\"article:modified_time\" content=\"2023-02-09T17:02:03+00:00\" \/>\n<meta property=\"og:image\" content=\"https:\/\/gldlaw.com\/wp-content\/uploads\/2019\/10\/content-v3-img.jpg\" \/>\n<meta name=\"twitter:card\" content=\"summary_large_image\" \/>\n<meta name=\"twitter:site\" content=\"@GLD_Law\" \/>\n<meta name=\"twitter:label1\" content=\"Tiempo de lectura\" \/>\n\t<meta name=\"twitter:data1\" content=\"7 minutos\" \/>\n<script type=\"application\/ld+json\" class=\"yoast-schema-graph\">{\"@context\":\"https:\\\/\\\/schema.org\",\"@graph\":[{\"@type\":\"WebPage\",\"@id\":\"https:\\\/\\\/gldlaw.com\\\/es\\\/abogado-inmigracion-plano\\\/\",\"url\":\"https:\\\/\\\/gldlaw.com\\\/es\\\/abogado-inmigracion-plano\\\/\",\"name\":\"Plano Immigration Attorney \u2013 Citizenship, Visas and More | GLD Law\",\"isPartOf\":{\"@id\":\"https:\\\/\\\/gldlaw.com\\\/es\\\/#website\"},\"primaryImageOfPage\":{\"@id\":\"https:\\\/\\\/gldlaw.com\\\/es\\\/abogado-inmigracion-plano\\\/#primaryimage\"},\"image\":{\"@id\":\"https:\\\/\\\/gldlaw.com\\\/es\\\/abogado-inmigracion-plano\\\/#primaryimage\"},\"thumbnailUrl\":\"https:\\\/\\\/gldlaw.com\\\/wp-content\\\/uploads\\\/2019\\\/10\\\/content-v3-img.jpg\",\"datePublished\":\"2019-12-05T16:43:22+00:00\",\"dateModified\":\"2023-02-09T17:02:03+00:00\",\"description\":\"Working with a Plano immigration attorney can make your life easier \u2013 we can help with family immigration, business immigration and more. Call today.\",\"breadcrumb\":{\"@id\":\"https:\\\/\\\/gldlaw.com\\\/es\\\/abogado-inmigracion-plano\\\/#breadcrumb\"},\"inLanguage\":\"es\",\"potentialAction\":[{\"@type\":\"ReadAction\",\"target\":[\"https:\\\/\\\/gldlaw.com\\\/es\\\/abogado-inmigracion-plano\\\/\"]}]},{\"@type\":\"ImageObject\",\"inLanguage\":\"es\",\"@id\":\"https:\\\/\\\/gldlaw.com\\\/es\\\/abogado-inmigracion-plano\\\/#primaryimage\",\"url\":\"https:\\\/\\\/gldlaw.com\\\/wp-content\\\/uploads\\\/2019\\\/10\\\/content-v3-img.jpg\",\"contentUrl\":\"https:\\\/\\\/gldlaw.com\\\/wp-content\\\/uploads\\\/2019\\\/10\\\/content-v3-img.jpg\"},{\"@type\":\"BreadcrumbList\",\"@id\":\"https:\\\/\\\/gldlaw.com\\\/es\\\/abogado-inmigracion-plano\\\/#breadcrumb\",\"itemListElement\":[{\"@type\":\"ListItem\",\"position\":1,\"name\":\"Home\",\"item\":\"https:\\\/\\\/gldlaw.com\\\/es\\\/\"},{\"@type\":\"ListItem\",\"position\":2,\"name\":\"Plano Immigration Attorney \u2013 Citizenship, Visas and More\"}]},{\"@type\":\"WebSite\",\"@id\":\"https:\\\/\\\/gldlaw.com\\\/es\\\/#website\",\"url\":\"https:\\\/\\\/gldlaw.com\\\/es\\\/\",\"name\":\"Davis &amp; Associates\",\"description\":\"Dallas \\\/ Fort Worth Immigration Attorney\",\"potentialAction\":[{\"@type\":\"SearchAction\",\"target\":{\"@type\":\"EntryPoint\",\"urlTemplate\":\"https:\\\/\\\/gldlaw.com\\\/es\\\/?s={search_term_string}\"},\"query-input\":{\"@type\":\"PropertyValueSpecification\",\"valueRequired\":true,\"valueName\":\"search_term_string\"}}],\"inLanguage\":\"es\"}]}<\/script>\n<!-- \/ Yoast SEO plugin. -->","yoast_head_json":{"title":"Plano Immigration Attorney \u2013 Citizenship, Visas and More | GLD Law","description":"Working with a Plano immigration attorney can make your life easier \u2013 we can help with family immigration, business immigration and more. Call today.","robots":{"index":"index","follow":"follow","max-snippet":"max-snippet:-1","max-image-preview":"max-image-preview:large","max-video-preview":"max-video-preview:-1"},"canonical":"https:\/\/gldlaw.com\/es\/abogado-inmigracion-plano\/","og_locale":"es_MX","og_type":"article","og_title":"Plano Immigration Attorney \u2013 Citizenship, Visas and More | GLD Law","og_description":"Working with a Plano immigration attorney can make your life easier \u2013 we can help with family immigration, business immigration and more. Call today.","og_url":"https:\/\/gldlaw.com\/es\/abogado-inmigracion-plano\/","og_site_name":"Davis &amp; Associates","article_publisher":"https:\/\/www.facebook.com\/GLDavisandAssociates\/","article_modified_time":"2023-02-09T17:02:03+00:00","og_image":[{"url":"https:\/\/gldlaw.com\/wp-content\/uploads\/2019\/10\/content-v3-img.jpg","type":"","width":"","height":""}],"twitter_card":"summary_large_image","twitter_site":"@GLD_Law","twitter_misc":{"Tiempo de lectura":"7 minutos"},"schema":{"@context":"https:\/\/schema.org","@graph":[{"@type":"WebPage","@id":"https:\/\/gldlaw.com\/es\/abogado-inmigracion-plano\/","url":"https:\/\/gldlaw.com\/es\/abogado-inmigracion-plano\/","name":"Plano Immigration Attorney \u2013 Citizenship, Visas and More | GLD Law","isPartOf":{"@id":"https:\/\/gldlaw.com\/es\/#website"},"primaryImageOfPage":{"@id":"https:\/\/gldlaw.com\/es\/abogado-inmigracion-plano\/#primaryimage"},"image":{"@id":"https:\/\/gldlaw.com\/es\/abogado-inmigracion-plano\/#primaryimage"},"thumbnailUrl":"https:\/\/gldlaw.com\/wp-content\/uploads\/2019\/10\/content-v3-img.jpg","datePublished":"2019-12-05T16:43:22+00:00","dateModified":"2023-02-09T17:02:03+00:00","description":"Working with a Plano immigration attorney can make your life easier \u2013 we can help with family immigration, business immigration and more. Call today.","breadcrumb":{"@id":"https:\/\/gldlaw.com\/es\/abogado-inmigracion-plano\/#breadcrumb"},"inLanguage":"es","potentialAction":[{"@type":"ReadAction","target":["https:\/\/gldlaw.com\/es\/abogado-inmigracion-plano\/"]}]},{"@type":"ImageObject","inLanguage":"es","@id":"https:\/\/gldlaw.com\/es\/abogado-inmigracion-plano\/#primaryimage","url":"https:\/\/gldlaw.com\/wp-content\/uploads\/2019\/10\/content-v3-img.jpg","contentUrl":"https:\/\/gldlaw.com\/wp-content\/uploads\/2019\/10\/content-v3-img.jpg"},{"@type":"BreadcrumbList","@id":"https:\/\/gldlaw.com\/es\/abogado-inmigracion-plano\/#breadcrumb","itemListElement":[{"@type":"ListItem","position":1,"name":"Home","item":"https:\/\/gldlaw.com\/es\/"},{"@type":"ListItem","position":2,"name":"Plano Immigration Attorney \u2013 Citizenship, Visas and More"}]},{"@type":"WebSite","@id":"https:\/\/gldlaw.com\/es\/#website","url":"https:\/\/gldlaw.com\/es\/","name":"Davis &amp; Associates","description":"Dallas \/ Fort Worth Immigration Attorney","potentialAction":[{"@type":"SearchAction","target":{"@type":"EntryPoint","urlTemplate":"https:\/\/gldlaw.com\/es\/?s={search_term_string}"},"query-input":{"@type":"PropertyValueSpecification","valueRequired":true,"valueName":"search_term_string"}}],"inLanguage":"es"}]}},"_links":{"self":[{"href":"https:\/\/gldlaw.com\/es\/wp-json\/wp\/v2\/pages\/6729","targetHints":{"allow":["GET"]}}],"collection":[{"href":"https:\/\/gldlaw.com\/es\/wp-json\/wp\/v2\/pages"}],"about":[{"href":"https:\/\/gldlaw.com\/es\/wp-json\/wp\/v2\/types\/page"}],"author":[{"embeddable":true,"href":"https:\/\/gldlaw.com\/es\/wp-json\/wp\/v2\/users\/18"}],"replies":[{"embeddable":true,"href":"https:\/\/gldlaw.com\/es\/wp-json\/wp\/v2\/comments?post=6729"}],"version-history":[{"count":6,"href":"https:\/\/gldlaw.com\/es\/wp-json\/wp\/v2\/pages\/6729\/revisions"}],"predecessor-version":[{"id":10089,"href":"https:\/\/gldlaw.com\/es\/wp-json\/wp\/v2\/pages\/6729\/revisions\/10089"}],"wp:attachment":[{"href":"https:\/\/gldlaw.com\/es\/wp-json\/wp\/v2\/media?parent=6729"}],"curies":[{"name":"wp","href":"https:\/\/api.w.org\/{rel}","templated":true}]}}