{"id":6822,"date":"2020-02-20T19:20:48","date_gmt":"2020-02-20T19:20:48","guid":{"rendered":"https:\/\/gldlaw.com\/fort-worth-attorney\/"},"modified":"2024-07-16T16:33:03","modified_gmt":"2024-07-16T21:33:03","slug":"inmigracion-de-fort-worth","status":"publish","type":"page","link":"https:\/\/gldlaw.com\/es\/inmigracion-de-fort-worth\/","title":{"rendered":"Abogado de Inmigraci\u00f3n de Fort Worth &#8211; Ayuda con Inmigraci\u00f3n de los Estados Unidos"},"content":{"rendered":"\n<h1 id=\"tw-target-text\" dir=\"ltr\" data-placeholder=\"Translation\">AREAS DE PR\u00c1CTICA<\/h1>\n\n\t<h2>ABOGADOS DE INMIGRACION DE FORT WORTH<\/h2>\n<p>Trasladarse a los Estados Unidos, ya sea para trabajar, estudiar o estar m\u00e1s cerca de su familia, es un gran paso, y si usted es como muchas personas, puede beneficiarse de la ayuda de un abogado de inmigraci\u00f3n de Fort Worth. Nuestra firma se centra en la inmigraci\u00f3n familiar, inmigraci\u00f3n de negocios y visas, as\u00ed como la defensa de deportaci\u00f3n y apelaciones de decisiones de la corte de inmigraci\u00f3n.<\/p>\n\t\t\t\t<img loading=\"lazy\" decoding=\"async\" src=\"https:\/\/gldlaw.com\/wp-content\/uploads\/2020\/02\/14662796_m-1.jpg\" alt=\"14662796 - skyline of fort worth texas at night\" itemprop=\"image\" height=\"1362\" width=\"2048\" title=\"14662796 - skyline of fort worth texas at night\" onerror=\"this.style.display='none'\"  \/>\n\t<h2>PORQUE ELEGIR DAVIS &amp; ASOCIADOS<\/h2>\n<p>\u00b7 Nos identificamos en con c\u00f3mo se siente y realmente queremos ayudarle a alcanzar sus metas de inmigraci\u00f3n. (Nuestro lema es &#8220;Familias, no Archivos&#8221; porque cuando haces negocios con nosotros, no eres s\u00f3lo otro archivo m\u00e1s de caso.)<\/p>\n<p>\u00b7 Nuestro personal es multi-lingual y muchos de nosotros hemos experimentado el proceso de inmigraci\u00f3n con nuestras familias y amigos.<\/p>\n<p>\u00b7 El Sr. Davis est\u00e1 certificado por la Junta de Especializaci\u00f3n Legal de Texas.<\/p>\n\t<h4><strong>Marytza P.<\/strong><\/h4>\n<p>&#8220;Mi esposa y yo contratamos esta firma. Hemos tenido una buena experiencia con esta firma. Ellos hacen tiempo para ponerse en contacto con usted, y cuando me llamaron resolvieron todos mis problemas. Realmente los recomiendo mucho&#8230;&#8221; <\/p>\n\t<h2><a href=\"https:\/\/gldlaw.com\/es\/contacto\/\">PROGRAMA TU CONSULTA GRATUITA HOY<\/a><\/h2>\n\t\t\t<a href=\"https:\/\/gldlaw.com\/es\/contacto\/\" target=\"_self\" role=\"button\" rel=\"noopener noreferrer\">\n\t\t\t\t\t\t\tCOMENZAR \n\t\t\t\t\t<\/a>\n\t<h2>Ciudadan\u00eda y Naturalizaci\u00f3n<\/h2>\n<p>El camino hacia la ciudadan\u00eda estadounidense a trav\u00e9s de la naturalizaci\u00f3n puede ser largo, y a veces confuso. Muchas personas recurren a un abogado de inmigraci\u00f3n de Fort Worth para obtener ayuda durante todo el proceso. Para convertirse en un ciudadano estadounidense naturalizado, debe solicitar la residencia permanente legal. Para muchas personas, eso significa cambiar una visa temporal para una tarjeta verde. Una vez que tenga una tarjeta verde, debe esperar hasta que califique para solicitar la naturalizaci\u00f3n. Para hacer eso, usted debe presentar la documentaci\u00f3n con los Servicios de Aduanas e Inmigraci\u00f3n de los Estados Unidos, someterse a una entrevista de inmigraci\u00f3n y tomar una prueba de ciudadan\u00eda. Su abogado de inmigraci\u00f3n de Fort Worth puede guiarlo a trav\u00e9s de cada paso en el camino a la ciudadan\u00eda, explicando sus opciones, presentando su documentaci\u00f3n, e incluso ayud\u00e1ndole a prepararse para su entrevista de inmigraci\u00f3n y prueba de ciudadan\u00eda.<\/p>\n<p>Ayuda de inmigraci\u00f3n familiar de un abogado de inmigraci\u00f3n de Fort Worth<\/p>\n<p>Si usted es ciudadano estadounidense o residente permanente legal con una tarjeta verde, es posible que tambi\u00e9n pueda <a href=\"https:\/\/gldlaw.com\/immigration\/family-immigration\/bring-your-adopted-child-to-the-us\/\"  data-wpil-monitor-id=\"399\">traer a algunos de sus familiares a los Estados Unidos<\/a>. La inmigraci\u00f3n familiar est\u00e1 abierta a c\u00f3nyuges, hijos, padres y algunos hermanos de ciudadanos y residentes permanentes legales. Sin embargo, los miembros de su familia deben cumplir con los criterios de inmigraci\u00f3n para ser admisibles a los Estados Unidos.<\/p>\n<p>Hay varias categor\u00edas de inmigraci\u00f3n basadas en familia, y algunas tienen mayor prioridad de inmigraci\u00f3n que otras. Por ejemplo, los miembros de la familia que caen en categor\u00edas de preferencias m\u00e1s altas, como c\u00f3nyuges e hijos solteros de ciudadanos o residentes permanentes, obtienen la residencia permanente en los EE.UU. m\u00e1s r\u00e1pido que otros (como los hijos de los peticionarios cuando los hijos han cumplido 21 a\u00f1os de edad). Su abogado de inmigraci\u00f3n puede ayudarle a entender qu\u00e9 miembros de familia caen en qu\u00e9 categor\u00edas, y \u00e9l o ella puede ayudarle a solicitar al gobierno de los Estados Unidos en su nombre.<\/p>\n<h2>Inmigraci\u00f3n de Negocios<\/h2>\n<p>Si usted es un trabajador o usted es due\u00f1o de una empresa que necesita traer trabajadores extranjeros, un abogado de inmigraci\u00f3n de Fort Worth puede ayudarlo. La inmigraci\u00f3n de negocios implica tipos espec\u00edficos de visas y tarjetas verdes, y las empresas que quieren contratar trabajadores extranjeros deben cumplir con ciertos criterios establecidos por el gobierno de los Estados Unidos.<\/p>\n<p>Solo una empresa puede solicitar el patrocinio de un trabajador espec\u00edfico: los trabajadores no pueden auto-pedir al gobierno de los Estados Unidos venir al pa\u00eds y encontrar un trabajo.<\/p>\n<p>Cumplimiento del empleador<\/p>\n<p>Si su empresa necesita contratar trabajadores extranjeros, debe cumplir con el Programa de Certificaci\u00f3n Laboral Extranjera del Departamento de Trabajo de los Estados Unidos. Su empresa debe:<\/p>\n<ul>\n<li>Identificar la necesidad de contratar a un trabajador extranjero sobre un trabajador estadounidense para cubrir una vacante de trabajo espec\u00edfica<\/li>\n<li>Determinar que la oferta de empleo cumple con los criterios descritos por el programa de LAD<\/li>\n<\/ul>\n<p>\u00b7 Completar la documentaci\u00f3n apropiada<\/p>\n<p>\u00b7 Aseg\u00farese que a su candidato para el trabajo se le pagar\u00e1 al menos el salario prevaleciente<\/p>\n<p>Un abogado de inmigraci\u00f3n <a href=\"https:\/\/gldlaw.com\/2020-democratic-candidates-stances-on-immigration\/\"  data-wpil-monitor-id=\"363\">de Fort Worth<\/a> puede asegurarse de que su empresa est\u00e1 cumpliendo con todos los requisitos necesarios para contratar y continuar trabajando con empleados extranjeros.<\/p>\n<h2>Visas<\/h2>\n<p>Hay varias maneras para que un no ciudadano venga a los Estados Unidos y se convierta en residente permanente. La Ley de Inmigraci\u00f3n y Nacionalidad prev\u00e9 varios tipos de visas \u2013 permisos temporales para visitar y permanecer en los Estados Unidos \u2013 y algunas permiten que el titular asista a la escuela o al trabajo en el pa\u00eds durante un per\u00edodo espec\u00edfico de tiempo. Los tipos de visas disponibles incluyen aquellos para familiares de ciudadanos estadounidenses o residentes permanentes legales, aquellos relacionados con negocios (como visas de trabajador H1-B y visas de creaci\u00f3n de empleo EB-5), aquellos para asilados y refugiados, y visas de visitante. Su abogado de inmigraci\u00f3n puede ayudarle a entender qu\u00e9 tipo de visa es la adecuada para usted e identificar los criterios que debe cumplir para solicitar una.<\/p>\n<p>La defensa de la deportaci\u00f3n, que normalmente se denomina procedimiento de expulsi\u00f3n, implica que se le diga a un inmigrante que abandone los Estados Unidos. Hay varias razones por las que el gobierno de los Estados Unidos puede tener para sacar a un individuo del pa\u00eds, incluida la sentencia de ciertos tipos de cr\u00edmenes.<\/p>\n<p>Si ha recibido notificaci\u00f3n de procedimientos de expulsi\u00f3n, lo que significa es que un tribunal decidir\u00e1 si debe irse o si puede permanecer en los EE. UU. Para muchas personas, trabajar con un abogado de inmigraci\u00f3n de Fort Worth es la mejor opci\u00f3n. Un abogado de inmigraci\u00f3n puede proporcionar a la corte con evidencia y razones por las que se le debe permitir permanecer en el pa\u00eds. Si bien no hay manera de predecir c\u00f3mo decidir\u00e1 un juez de inmigraci\u00f3n, y no hay dos casos iguales, muchas personas encuentran que tener un abogado experimentado de su lado es tremendamente \u00fatil.<\/p>\n<h2>Apelaciones de Inmigraci\u00f3n<\/h2>\n<p>Cuando un juez toma una decisi\u00f3n negativa en su caso de inmigraci\u00f3n, puede ser incre\u00edblemente decepcionante, y si usted tiene familiares aqu\u00ed en los EE.UU., puede ser francamente aterrador. Sin embargo, en algunos casos, puede apelar una decisi\u00f3n de remoci\u00f3n. Eso le da otra oportunidad de obtener un resultado favorable.<\/p>\n<p>Muchas personas recurren a los abogados de inmigraci\u00f3n de Ft. Worth para apelar sus casos que involucran:<\/p>\n<p>\u00b7 Negaci\u00f3n de asilo<\/p>\n<p>\u00b7 Casos de deportaci\u00f3n<\/p>\n<p>\u00b7 Denegaci\u00f3n de tarjeta verde<\/p>\n<p>\u00b7 Ciudadan\u00eda o negaci\u00f3n de naturalizaci\u00f3n<\/p>\n<p>Su abogado puede responder a sus preguntas en cada paso del camino mientras apela la decisi\u00f3n de un juez. Tambi\u00e9n proporcionar\u00e1 a la Junta de Apelaciones de Inmigraci\u00f3n pruebas que demuestren por qu\u00e9 se le debe permitir permanecer en el pa\u00eds, obtener una tarjeta verde o naturalizarse. Cada caso es diferente, y no hay manera de predecir c\u00f3mo actuar\u00e1 la junta, pero para muchas personas, simplemente tener un abogado en su esquina hace que todo el proceso sea m\u00e1s f\u00e1cil.<\/p>\n<h2>\u00bfNecesita hablar con un abogado de inmigraci\u00f3n de Fort Worth?<\/h2>\n<p>Si est\u00e1 considerando emigrar a los EE.UU., traer familiares al pa\u00eds o contratar trabajadores extranjeros, podemos ayudarlo. Cont\u00e1ctenos hoy para una consulta gratuita \u2013 responderemos a sus preguntas y comenzaremos a armar una estrategia que le consiga el mejor resultado posible.<\/p>\n\t<h2><a href=\"https:\/\/gldlaw.com\/es\/contacto\/\">PROGRAMA TU CONSULTA GRATUITA HOY<\/a><\/h2>\n\t\t\t<a href=\"https:\/\/gldlaw.com\/es\/contacto\/\" target=\"_self\" role=\"button\" rel=\"noopener noreferrer\">\n\t\t\t\t\t\t\tCOMENZAR \n\t\t\t\t\t<\/a>\n","protected":false},"excerpt":{"rendered":"<p>AREAS DE PR\u00c1CTICA ABOGADOS DE INMIGRACION DE FORT WORTH Trasladarse a los Estados Unidos, ya sea para trabajar, estudiar o estar m\u00e1s cerca de su familia, es un gran paso, y si usted es como muchas personas, puede beneficiarse de la ayuda de un abogado de inmigraci\u00f3n de Fort Worth. Nuestra firma se centra en&hellip;<\/p>\n","protected":false},"author":18,"featured_media":0,"parent":0,"menu_order":0,"comment_status":"closed","ping_status":"closed","template":"","meta":{"_monsterinsights_skip_tracking":false,"_monsterinsights_sitenote_active":false,"_monsterinsights_sitenote_note":"","_monsterinsights_sitenote_category":0,"footnotes":""},"class_list":["post-6822","page","type-page","status-publish","hentry"],"yoast_head":"<!-- This site is optimized with the Yoast SEO plugin v27.5 - https:\/\/yoast.com\/product\/yoast-seo-wordpress\/ -->\n<title>Abogado de Inmigraci\u00f3n de Fort Worth | Davis &amp; Associates Texas<\/title>\n<meta name=\"description\" content=\"Venir a los Estados Unidos a vivir, trabajar o estudiar es un gran paso, y para muchas personas, es una buena idea obtener ayuda de un abogado de inmigraci\u00f3n de Fort Worth.\" \/>\n<meta name=\"robots\" content=\"index, follow, max-snippet:-1, max-image-preview:large, max-video-preview:-1\" \/>\n<link rel=\"canonical\" href=\"https:\/\/gldlaw.com\/fort-worth-attorney\/\" \/>\n<meta property=\"og:locale\" content=\"es_MX\" \/>\n<meta property=\"og:type\" content=\"article\" \/>\n<meta property=\"og:title\" content=\"Abogado de Inmigraci\u00f3n de Fort Worth | Davis &amp; Associates Texas\" \/>\n<meta property=\"og:description\" content=\"Venir a los Estados Unidos a vivir, trabajar o estudiar es un gran paso, y para muchas personas, es una buena idea obtener ayuda de un abogado de inmigraci\u00f3n de Fort Worth.\" \/>\n<meta property=\"og:url\" content=\"https:\/\/gldlaw.com\/fort-worth-attorney\/\" \/>\n<meta property=\"og:site_name\" content=\"Davis &amp; Associates\" \/>\n<meta property=\"article:publisher\" content=\"https:\/\/www.facebook.com\/GLDavisandAssociates\/\" \/>\n<meta property=\"article:modified_time\" content=\"2024-07-16T21:33:03+00:00\" \/>\n<meta property=\"og:image\" content=\"https:\/\/gldlaw.com\/wp-content\/uploads\/2020\/02\/14662796_m-1.jpg\" \/>\n<meta name=\"twitter:card\" content=\"summary_large_image\" \/>\n<meta name=\"twitter:site\" content=\"@GLD_Law\" \/>\n<meta name=\"twitter:label1\" content=\"Tiempo de lectura\" \/>\n\t<meta name=\"twitter:data1\" content=\"7 minutos\" \/>\n<script type=\"application\/ld+json\" class=\"yoast-schema-graph\">{\"@context\":\"https:\\\/\\\/schema.org\",\"@graph\":[{\"@type\":\"WebPage\",\"@id\":\"https:\\\/\\\/gldlaw.com\\\/fort-worth-attorney\\\/\",\"url\":\"https:\\\/\\\/gldlaw.com\\\/fort-worth-attorney\\\/\",\"name\":\"Abogado de Inmigraci\u00f3n de Fort Worth | Davis & Associates Texas\",\"isPartOf\":{\"@id\":\"https:\\\/\\\/gldlaw.com\\\/es\\\/#website\"},\"primaryImageOfPage\":{\"@id\":\"https:\\\/\\\/gldlaw.com\\\/fort-worth-attorney\\\/#primaryimage\"},\"image\":{\"@id\":\"https:\\\/\\\/gldlaw.com\\\/fort-worth-attorney\\\/#primaryimage\"},\"thumbnailUrl\":\"https:\\\/\\\/gldlaw.com\\\/wp-content\\\/uploads\\\/2020\\\/02\\\/14662796_m-1.jpg\",\"datePublished\":\"2020-02-20T19:20:48+00:00\",\"dateModified\":\"2024-07-16T21:33:03+00:00\",\"description\":\"Venir a los Estados Unidos a vivir, trabajar o estudiar es un gran paso, y para muchas personas, es una buena idea obtener ayuda de un abogado de inmigraci\u00f3n de Fort Worth.\",\"breadcrumb\":{\"@id\":\"https:\\\/\\\/gldlaw.com\\\/fort-worth-attorney\\\/#breadcrumb\"},\"inLanguage\":\"es\",\"potentialAction\":[{\"@type\":\"ReadAction\",\"target\":[\"https:\\\/\\\/gldlaw.com\\\/fort-worth-attorney\\\/\"]}]},{\"@type\":\"ImageObject\",\"inLanguage\":\"es\",\"@id\":\"https:\\\/\\\/gldlaw.com\\\/fort-worth-attorney\\\/#primaryimage\",\"url\":\"https:\\\/\\\/gldlaw.com\\\/wp-content\\\/uploads\\\/2020\\\/02\\\/14662796_m-1.jpg\",\"contentUrl\":\"https:\\\/\\\/gldlaw.com\\\/wp-content\\\/uploads\\\/2020\\\/02\\\/14662796_m-1.jpg\"},{\"@type\":\"BreadcrumbList\",\"@id\":\"https:\\\/\\\/gldlaw.com\\\/fort-worth-attorney\\\/#breadcrumb\",\"itemListElement\":[{\"@type\":\"ListItem\",\"position\":1,\"name\":\"Home\",\"item\":\"https:\\\/\\\/gldlaw.com\\\/es\\\/\"},{\"@type\":\"ListItem\",\"position\":2,\"name\":\"Abogado de Inmigraci\u00f3n de Fort Worth &#8211; Ayuda con Inmigraci\u00f3n de los Estados Unidos\"}]},{\"@type\":\"WebSite\",\"@id\":\"https:\\\/\\\/gldlaw.com\\\/es\\\/#website\",\"url\":\"https:\\\/\\\/gldlaw.com\\\/es\\\/\",\"name\":\"Davis &amp; Associates\",\"description\":\"Dallas \\\/ Fort Worth Immigration Attorney\",\"potentialAction\":[{\"@type\":\"SearchAction\",\"target\":{\"@type\":\"EntryPoint\",\"urlTemplate\":\"https:\\\/\\\/gldlaw.com\\\/es\\\/?s={search_term_string}\"},\"query-input\":{\"@type\":\"PropertyValueSpecification\",\"valueRequired\":true,\"valueName\":\"search_term_string\"}}],\"inLanguage\":\"es\"}]}<\/script>\n<!-- \/ Yoast SEO plugin. -->","yoast_head_json":{"title":"Abogado de Inmigraci\u00f3n de Fort Worth | Davis & Associates Texas","description":"Venir a los Estados Unidos a vivir, trabajar o estudiar es un gran paso, y para muchas personas, es una buena idea obtener ayuda de un abogado de inmigraci\u00f3n de Fort Worth.","robots":{"index":"index","follow":"follow","max-snippet":"max-snippet:-1","max-image-preview":"max-image-preview:large","max-video-preview":"max-video-preview:-1"},"canonical":"https:\/\/gldlaw.com\/fort-worth-attorney\/","og_locale":"es_MX","og_type":"article","og_title":"Abogado de Inmigraci\u00f3n de Fort Worth | Davis & Associates Texas","og_description":"Venir a los Estados Unidos a vivir, trabajar o estudiar es un gran paso, y para muchas personas, es una buena idea obtener ayuda de un abogado de inmigraci\u00f3n de Fort Worth.","og_url":"https:\/\/gldlaw.com\/fort-worth-attorney\/","og_site_name":"Davis &amp; Associates","article_publisher":"https:\/\/www.facebook.com\/GLDavisandAssociates\/","article_modified_time":"2024-07-16T21:33:03+00:00","og_image":[{"url":"https:\/\/gldlaw.com\/wp-content\/uploads\/2020\/02\/14662796_m-1.jpg","type":"","width":"","height":""}],"twitter_card":"summary_large_image","twitter_site":"@GLD_Law","twitter_misc":{"Tiempo de lectura":"7 minutos"},"schema":{"@context":"https:\/\/schema.org","@graph":[{"@type":"WebPage","@id":"https:\/\/gldlaw.com\/fort-worth-attorney\/","url":"https:\/\/gldlaw.com\/fort-worth-attorney\/","name":"Abogado de Inmigraci\u00f3n de Fort Worth | Davis & Associates Texas","isPartOf":{"@id":"https:\/\/gldlaw.com\/es\/#website"},"primaryImageOfPage":{"@id":"https:\/\/gldlaw.com\/fort-worth-attorney\/#primaryimage"},"image":{"@id":"https:\/\/gldlaw.com\/fort-worth-attorney\/#primaryimage"},"thumbnailUrl":"https:\/\/gldlaw.com\/wp-content\/uploads\/2020\/02\/14662796_m-1.jpg","datePublished":"2020-02-20T19:20:48+00:00","dateModified":"2024-07-16T21:33:03+00:00","description":"Venir a los Estados Unidos a vivir, trabajar o estudiar es un gran paso, y para muchas personas, es una buena idea obtener ayuda de un abogado de inmigraci\u00f3n de Fort Worth.","breadcrumb":{"@id":"https:\/\/gldlaw.com\/fort-worth-attorney\/#breadcrumb"},"inLanguage":"es","potentialAction":[{"@type":"ReadAction","target":["https:\/\/gldlaw.com\/fort-worth-attorney\/"]}]},{"@type":"ImageObject","inLanguage":"es","@id":"https:\/\/gldlaw.com\/fort-worth-attorney\/#primaryimage","url":"https:\/\/gldlaw.com\/wp-content\/uploads\/2020\/02\/14662796_m-1.jpg","contentUrl":"https:\/\/gldlaw.com\/wp-content\/uploads\/2020\/02\/14662796_m-1.jpg"},{"@type":"BreadcrumbList","@id":"https:\/\/gldlaw.com\/fort-worth-attorney\/#breadcrumb","itemListElement":[{"@type":"ListItem","position":1,"name":"Home","item":"https:\/\/gldlaw.com\/es\/"},{"@type":"ListItem","position":2,"name":"Abogado de Inmigraci\u00f3n de Fort Worth &#8211; Ayuda con Inmigraci\u00f3n de los Estados Unidos"}]},{"@type":"WebSite","@id":"https:\/\/gldlaw.com\/es\/#website","url":"https:\/\/gldlaw.com\/es\/","name":"Davis &amp; Associates","description":"Dallas \/ Fort Worth Immigration Attorney","potentialAction":[{"@type":"SearchAction","target":{"@type":"EntryPoint","urlTemplate":"https:\/\/gldlaw.com\/es\/?s={search_term_string}"},"query-input":{"@type":"PropertyValueSpecification","valueRequired":true,"valueName":"search_term_string"}}],"inLanguage":"es"}]}},"_links":{"self":[{"href":"https:\/\/gldlaw.com\/es\/wp-json\/wp\/v2\/pages\/6822","targetHints":{"allow":["GET"]}}],"collection":[{"href":"https:\/\/gldlaw.com\/es\/wp-json\/wp\/v2\/pages"}],"about":[{"href":"https:\/\/gldlaw.com\/es\/wp-json\/wp\/v2\/types\/page"}],"author":[{"embeddable":true,"href":"https:\/\/gldlaw.com\/es\/wp-json\/wp\/v2\/users\/18"}],"replies":[{"embeddable":true,"href":"https:\/\/gldlaw.com\/es\/wp-json\/wp\/v2\/comments?post=6822"}],"version-history":[{"count":5,"href":"https:\/\/gldlaw.com\/es\/wp-json\/wp\/v2\/pages\/6822\/revisions"}],"predecessor-version":[{"id":11381,"href":"https:\/\/gldlaw.com\/es\/wp-json\/wp\/v2\/pages\/6822\/revisions\/11381"}],"wp:attachment":[{"href":"https:\/\/gldlaw.com\/es\/wp-json\/wp\/v2\/media?parent=6822"}],"curies":[{"name":"wp","href":"https:\/\/api.w.org\/{rel}","templated":true}]}}