{"id":6827,"date":"2020-04-23T21:24:19","date_gmt":"2020-04-23T21:24:19","guid":{"rendered":"https:\/\/gldlaw.com\/inmigracion\/la-inmigracion-de-negocios\/e-1-visa-treaty-trader-visa\/"},"modified":"2025-04-14T10:44:50","modified_gmt":"2025-04-14T15:44:50","slug":"visa-e-1","status":"publish","type":"page","link":"https:\/\/gldlaw.com\/es\/inmigracion\/la-inmigracion-de-negocios\/visa-e-1\/","title":{"rendered":"Visa E-1: Visa de Operador de Tratados"},"content":{"rendered":"\n\n\t<h1>Visa E-1: Visa de Operador de Tratado: Ayuda Legal en Texas<\/h1>\n\t<h2>\u00bfQu\u00e9 es una Visa E-1?<\/h2>\n\t<p>Si usted como muchas personas, califica para venir a los EE.UU. como un no inmigrante E-1, pero \u00bfqu\u00e9 es una visa E-1, y qu\u00e9 cubre? <\/p>\n<p>Esta gu\u00eda explica las visas E-1, incluyendo qui\u00e9n califica para este tipo de <a href=\"https:\/\/gldlaw.com\/immigration\/business-immigration\/\">visa<\/a> de negocios, c\u00f3mo obtener una, e informaci\u00f3n adicional sobre los miembros de la familia y circunstancias especiales.<\/p>\n<h2>\u00bfQui\u00e9n califica para una visa E-1?<\/h2>\n<p>Las visas E-1 est\u00e1n limitadas a personas que cumplen ciertos criterios. Por lo general, debe:<\/p>\n\t\t\t\t<img loading=\"lazy\" decoding=\"async\" src=\"https:\/\/gldlaw.com\/wp-content\/uploads\/2020\/04\/1.-E-1-Visa-Information-Dallas-Immigration-Attorneys.jpg\" alt=\"E-1 Visa - Business Immigration\" itemprop=\"image\" height=\"1363\" width=\"2048\" title=\"E-1 Visa - Business Immigration\" onerror=\"this.style.display='none'\"  \/>\n\t<ul>\n<li>Ser nacional de un pa\u00eds con el que Estados Unidos mantiene un tratado de comercio y navegaci\u00f3n<\/li>\n<li>Continuar con un comercio sustancial<\/li>\n<li>Continuar con el comercio principal entre los EE.UU. y el pa\u00eds del tratado que lo calific\u00f3 para la clasificaci\u00f3n E-1<\/li>\n<\/ul>\n<p>Para calificar para la clasificaci\u00f3n E-1 como empleado de un comerciante de tratados, usted debe:<\/p>\n<ul>\n<li>Ser de la misma nacionalidad que su empleador principal, que debe tener la nacionalidad del pa\u00eds tratado<\/li>\n<li>Cumplir con la definici\u00f3n oficial de un empleado bajo la ley<\/li>\n<li>Participar en tareas que pueden considerarse ejecutivas o supervisadas, o tener calificaciones especiales (si no participa en funciones ejecutivas o de supervisi\u00f3n)<\/li>\n<\/ul>\n<p>Si su empleador no es un individuo, tiene que ser una empresa u organizaci\u00f3n que sea al menos a la mitad de propiedad de personas en los EE.UU. que tengan la misma nacionalidad que el pa\u00eds del tratado. Los propietarios deben mantener el estatus de comerciante de tratados de no inmigrante. Si los propietarios no est\u00e1n presentes en los EE.UU., deben ser clasificables como comerciantes de tratados no inmigrantes.<\/p>\n<h2><a href=\"https:\/\/gldlaw.com\/es\/contacto\/\">Haga Clic Hoy Para Su Consulta Gratis<\/a><\/h2>\n\t\t\t<a href=\"https:\/\/gldlaw.com\/es\/contacto\/\" target=\"_self\">\n\t\t\t\t\t\t\tOprima Aqu\u00ed\n\t\t\t\t\t<\/a>\n<header>\n<h3>\u00bfQu\u00e9 es el comercio sustancial?<\/h3>\n<p>El t\u00e9rmino <a href=\"https:\/\/www.uscis.gov\/working-united-states\/temporary-workers\/e-1-treaty-traders\">comercio sustancial<\/a> se refiere a &#8220;el flujo continuo de partidas comerciales internacionales considerables, que implican numerosas transacciones a lo largo del tiempo&#8221;. Los elementos de comercio incluyen cosas como:<\/p>\n<ul>\n<li>Mercanc\u00edas<\/li>\n<li>Servicios<\/li>\n<li>Banca internacional<\/li>\n<li>Seguro<\/li>\n<li>Transporte<\/li>\n<li>Turismo<\/li>\n<li>Tecnolog\u00eda y transferencia de tecnolog\u00eda<\/li>\n<li>Algunas actividades de recopilaci\u00f3n de noticias<\/li>\n<\/ul>\n<h3>Familiares<\/h3>\n<p>Puede traer a su familia inmediata a los EE.UU. si recibe una visa E-1. Sin embargo, solo puede traer c\u00f3nyuges e hijos solteros menores de 21 a\u00f1os de edad. Sus nacionalidades no necesitan ser las mismas que el comerciante o empleado del tratado. Es importante tener en cuenta, sin embargo, que cuando un comerciante de tratados E-1 viaja al extranjero, regresa a los EE.UU., y obtiene una nueva extensi\u00f3n autom\u00e1tica de 2 a\u00f1os, esa extensi\u00f3n no cubre a los miembros de la familia a menos que est\u00e9n presentes para el viaje tambi\u00e9n. Eso significa que los miembros de la familia deben solicitar una extensi\u00f3n de la estancia antes de que expiren sus visas.<\/p>\n<h3>C\u00f3mo obtener una visa E-1<\/h3>\n<p>Obtener una visa E-1 no es incre\u00edblemente dif\u00edcil, pero al igual que con la mayor\u00eda de las solicitudes de inmigraci\u00f3n, requiere papeleo y tiempo. Tendr\u00e1s que presentar ciertos formularios, asistir a ciertas entrevistas y pagar tarifas por cosas como la huellas digitales. Para muchas personas, tiene sentido trabajar con un abogado de inmigraci\u00f3n que entiende la ley , y que tiene acceso a la informaci\u00f3n m\u00e1s actual , para solicitar al gobierno de los Estados Unidos una visa E-1.<\/p>\n<h3>Formularios para Solicitudes de Visado E-1<\/h3>\n<p>Tendr\u00e1 que presentar los formularios correctos para que el gobierno de los Estados Unidos considere su petici\u00f3n de una visa E-1. Usted tendr\u00e1 que presentar el Formulario I-129, Petici\u00f3n para Trabajadores No Inmigrantes, as\u00ed como ciertos formularios basados en el empleo. Usted puede discutir estos formularios con su abogado de inmigraci\u00f3n, que sabr\u00e1 exactamente lo que necesita para presentar.<\/p>\n<h3>Cu\u00e1nto tiempo puede permanecer en los EE.UU. \u00bfCon una visa E-1?<\/h3>\n<p>Si califica para el estatus de comerciante de tratados y obtiene una visa E-1, el gobierno de los Estados Unidos le permitir\u00e1 permanecer en los EE.UU. por hasta 2 a\u00f1os. Antes de que expire ese per\u00edodo, puede solicitar una pr\u00f3rroga de la estancia, y el gobierno puede concederle una extensi\u00f3n de hasta 2 a\u00f1os. No hay l\u00edmite en el n\u00famero de extensiones que el gobierno puede darle, pero debe mantener la intenci\u00f3n de salir de los EE.UU. cuando su estado expire o se termine.<\/p>\n<h3>Documentaci\u00f3n adicional que puede necesitar<\/h3>\n<p>Antes de presentar su solicitud de visa E-1, querr\u00e1 reunir todos los documentos que pueda necesitar para apoyar su solicitud. Es posible que tambi\u00e9n necesite traer documentos adicionales a su entrevista de inmigraci\u00f3n. Algunos de los documentos que debe comenzar a reunir incluyen:<\/p>\n<ul>\n<li>Su pasaporte. Su pasaporte debe ser v\u00e1lido para viajar a los Estados Unidos, y debe ser v\u00e1lido por lo menos 6 meses m\u00e1s all\u00e1 de su per\u00edodo de estancia anticipado (a menos que est\u00e9 exento de este requisito debido al pa\u00eds en el que vive; su abogado puede proporcionarle m\u00e1s orientaci\u00f3n).<\/li>\n<li>Copias de recibos para las tasas de solicitud.<\/li>\n<li>Una carta de presentaci\u00f3n. La carta de presentaci\u00f3n debe describir la empresa y el beneficiario, as\u00ed como varias otras cosas. Su abogado le explicar\u00e1 qu\u00e9 m\u00e1s necesita la carta de presentaci\u00f3n.<\/li>\n<li>Una carta explicando el trabajo en detalle si usted no es un inversor, sino un empleado.<\/li>\n<li>Una copia de cualquier cambio o extensi\u00f3n de estado previamente otorgado por USCIS.<\/li>\n<li>Evidencia de su residencia en curso en el pa\u00eds desde el que est\u00e1 solicitando.<\/li>\n<li>Art\u00edculos de Incorporaci\u00f3n (para corporaciones), Art\u00edculos de Organizaci\u00f3n (para LLC) u otros documentos similares para empresas estadounidenses.<\/li>\n<li>Comparta certificados, libros de contabilidad de acciones u otros documentos que confirmen la propiedad.<\/li>\n<\/ul>\n<p>El oficial consular con el que trata le informar\u00e1 qu\u00e9 documentaci\u00f3n necesita para determinar su elegibilidad para una visa E-1. Usted y su abogado tambi\u00e9n pueden discutir estos requisitos.<\/p>\n<\/header>\n<h2><a href=\"https:\/\/gldlaw.com\/es\/contacto\/\">Haga Clic Hoy Para Su Consulta Gratis<\/a><\/h2>\n\t\t\t<a href=\"https:\/\/gldlaw.com\/es\/contacto\/\" target=\"_self\">\n\t\t\t\t\t\t\tOprima Aqu\u00ed\n\t\t\t\t\t<\/a>\n<header>\n<h2>Preguntas frecuentes sobre visas E-1<\/h2>\n<p>Las visas E-1 pueden ser un poco confusas, particularmente cuando se trata de requisitos de documentaci\u00f3n. Echa un vistazo a esta visa E-1 para encontrar las respuestas que necesitas &#8211; y si no ves tu pregunta aqu\u00ed, no dudes <a href=\"about:blank\">en llamarnos<\/a>. Estaremos encantados de proporcionarle informaci\u00f3n.<\/p>\n<h3>\u00bfPuede una persona con un visado E-1 solicitar una tarjeta verde?<\/h3>\n<p><img loading=\"lazy\" decoding=\"async\" src=\"https:\/\/gldlaw.com\/wp-content\/uploads\/2020\/04\/1.-E-1-Visa-Guide-Davis-and-Associates-Immigration-Lawyers-300x200.jpg\" alt=\"Visa E-1\" width=\"300\" height=\"200\" \/><\/p>\n<p>Si usted tiene una visa E-1, puede <a href=\"https:\/\/gldlaw.com\/immigration\/green-cards\/\">solicitar una tarjeta verde<\/a> si cumple con ciertas condiciones. De hecho, muchas personas utilizan este tipo de visa como un trampol\u00edn para \u00a0<a href=\"https:\/\/gldlaw.com\/immigration\/citizenship-naturalization\/\">la eventual ciudadan\u00eda estadounidense.<\/a> Sin embargo, esta visa no lo califica autom\u00e1ticamente para una tarjeta verde. En su lugar, puede obtener su tarjeta verde a trav\u00e9s de patrocinio familiar inmediato o matrimonio, o un pu\u00f1ado de otras rutas. Lo mejor es hablar con un abogado de <a href=\"https:\/\/gldlaw.com\/attorneys\/\">inmigraci\u00f3n<\/a> \u00a0sobre su situaci\u00f3n si usted est\u00e1 interesado en obtener una tarjeta verde.<\/p>\n<h3>\u00bfCu\u00e1nto tiempo se tarda en obtener una visa E-1?<\/h3>\n<p>El tiempo de procesamiento de la visa E-1 var\u00eda, pero generalmente, toma unos meses. Puede comprobar el estado de su petici\u00f3n <a href=\"https:\/\/egov.uscis.gov\/casestatus\/landing.do\">aqu\u00ed<\/a> introduciendo su n\u00famero de recibo. Su abogado de inmigraci\u00f3n tambi\u00e9n puede ayudarle a verificar el estado de su solicitud de visa, siempre y cuando haya configurado una cuenta en l\u00ednea, lo que le permite obtener informaci\u00f3n r\u00e1pidamente.<\/p>\n<h3>\u00bfHay una entrevista para una visa E-1?<\/h3>\n<p>Se requieren entrevistas para muchas solicitudes de visa E-1. Sin embargo, si usted est\u00e1 trayendo dependientes a los EE.UU. con usted que tiene 13 a\u00f1os o menos, o si est\u00e1 trayendo dependientes que tienen 80 a\u00f1os o m\u00e1s, las entrevistas generalmente no son necesarias. En su mayor parte, sin embargo, usted debe asistir a una entrevista de visa E-1 si usted tiene 14 a 79 a\u00f1os.<\/p>\n<p>Debe programar una cita para su entrevista de visa en la embajada o consulado de los Estados Unidos donde vive, en la mayor\u00eda de los casos.<\/p>\n<p>Durante su entrevista de visa E-1, un oficial consular intentar\u00e1 averiguar si usted califica para este tipo de visa. Tambi\u00e9n tendr\u00e1 seg\u00fan lo que cumple con los requisitos adecuados. Durante este tiempo, es posible que tambi\u00e9n se le tomen las huellas dactilares (a menos que USCIS ya tenga sus datos biom\u00e9tricos, pero a veces incluso si tienen sus huellas dactilares, se le pedir\u00e1 que las vuelva a enviar).<\/p>\n<p>Despu\u00e9s de tener su entrevista de visa, USCIS podr\u00eda necesitar pasar m\u00e1s tiempo en su solicitud. El oficial consular le informar\u00e1 si es necesario un procesamiento adicional para su solicitud.<\/p>\n<h3>\u00bfCu\u00e1nto cuesta una Visa E-1?<\/h3>\n<p>La tarifa por una visa E-1 es actualmente $205. Sin embargo, eso puede cambiar, y es posible que a\u00fan tenga cargos adicionales, como una tarifa de biometr\u00eda (cuando el gobierno de los Estados Unidos necesite recoger sus huellas dactilares, tomar su fotograf\u00eda y recoger su firma digital). Lo mejor es preguntarle a su abogado de inmigraci\u00f3n cu\u00e1l es la tarifa actual de visa E-1 en el momento de aplicar, porque puede cambiar r\u00e1pidamente.<\/p>\n<p>Es posible que tambi\u00e9n deba pagar una tasa de emisi\u00f3n de visa. Sin embargo, no es aplicable en todos los pa\u00edses. Su abogado puede ayudarle a determinar si tendr\u00e1 que pagar una tarifa de emisi\u00f3n y, en cualquier caso, no tendr\u00e1 que pagarla hasta que la visa sea aprobada por el gobierno de los Estados Unidos.<\/p>\n<h3>\u00bfNecesito un abogado para obtener una visa E-1?<\/h3>\n<p>La mayor\u00eda de las personas encuentran que es m\u00e1s f\u00e1cil obtener una visa E-1 cuando un abogado llena y presenta el papeleo para ellos. Adem\u00e1s, su abogado puede ayudar a responder sus preguntas y prepararlo para la entrevista, y si algo sale mal con su solicitud y resulta en una denegaci\u00f3n, su abogado puede hacerle saber qu\u00e9 opciones est\u00e1n disponibles para usted. Usted puede incluso ser capaz de apelar la decisi\u00f3n de inmigraci\u00f3n, que su abogado puede ayudarle a hacer.<\/p>\n<h3>\u00bfPuede un c\u00f3nyuge trabajar con una visa E-1?<\/h3>\n<p>La visa E-1 permite a las personas entrar en los EE.UU. para llevar a cabo el comercio internacional, pero \u00bfqu\u00e9 pasa con sus c\u00f3nyuges? Los c\u00f3nyuges de los trabajadores de E-1 pueden solicitar la autorizaci\u00f3n de trabajo presentando el Formulario I-765 y pagando la tarifa apropiada (actualmente es $410, m\u00e1s una tarifa de servicios biom\u00e9tricos de $85, que lleva el total a $495). Si el gobierno de los Estados Unidos aprueba la petici\u00f3n de autorizaci\u00f3n de trabajo del c\u00f3nyuge, no hay restricciones sobre d\u00f3nde puede trabajar.<\/p>\n<h3>\u00bfC\u00f3mo renuevo una visa E-1?<\/h3>\n<p>Para solicitar una extensi\u00f3n en su visa E-1, debe presentar el Formulario I-129 y el Formulario <a href=\"https:\/\/www.uscis.gov\/i-539\">I-539<\/a> \u00a0juntos. Su abogado puede ayudarlo a preparar ambos formularios y enviarlos por usted. Sin embargo, si se le concede un per\u00edodo autom\u00e1tico de dos a\u00f1os de readmisi\u00f3n cuando regresa a los Estados Unidos desde el extranjero, por lo general no necesita presentar el Formulario I-129. Esto se debe a que su sello suele cubrir un per\u00edodo autom\u00e1tico de dos a\u00f1os de readmisi\u00f3n, lo que t\u00e9cnicamente prolonga su estancia. Sin embargo, puede ser mejor consultar con un abogado para asegurarse de que realmente no se est\u00e1 quedando con su visa y que est\u00e1 autorizado a permanecer en los Estados Unidos en funci\u00f3n de lo que tiene.<\/p>\n<h3>\u00bfNecesita hablar con un abogado sobre una visa E-1?<\/h3>\n<p>Si usted est\u00e1 interesado en venir a los Estados Unidos como un comerciante de tratados con una visa E-1, podemos ser capaces de ayudarle. El primer paso es determinar si es probable que califique para este tipo de visa. Si es probable que califique, es posible que desee comenzar a recopilar documentaci\u00f3n que demuestre su elegibilidad. Siempre puede llamarnos y establecer una consulta gratuita &#8211; nuestros abogados de inmigraci\u00f3n est\u00e1n bien capacitados en visas E-1 y saben c\u00f3mo ayudar. Si usted es elegible para una visa E-1, podemos guiarlo a trav\u00e9s de todo el proceso de principio a fin, respondiendo a sus preguntas en cada paso del camino.<\/p>\n<\/header>\n<h2><a href=\"https:\/\/gldlaw.com\/es\/contacto\/\">Haga Clic Hoy Para Su Consulta Gratis<\/a><\/h2>\n\t\t\t<a href=\"https:\/\/gldlaw.com\/es\/contacto\/\" target=\"_self\">\n\t\t\t\t\t\t\tOprima Aqu\u00ed\n\t\t\t\t\t<\/a>\n\n","protected":false},"excerpt":{"rendered":"<p>Visa E-1: Visa de Operador de Tratado: Ayuda Legal en Texas \u00bfQu\u00e9 es una Visa E-1? Si usted como muchas personas, califica para venir a los EE.UU. como un no inmigrante E-1, pero \u00bfqu\u00e9 es una visa E-1, y qu\u00e9 cubre? Esta gu\u00eda explica las visas E-1, incluyendo qui\u00e9n califica para este tipo de visa&hellip;<\/p>\n","protected":false},"author":18,"featured_media":0,"parent":3412,"menu_order":0,"comment_status":"closed","ping_status":"closed","template":"","meta":{"_monsterinsights_skip_tracking":false,"_monsterinsights_sitenote_active":false,"_monsterinsights_sitenote_note":"","_monsterinsights_sitenote_category":0,"footnotes":""},"class_list":["post-6827","page","type-page","status-publish","hentry"],"yoast_head":"<!-- This site is optimized with the Yoast SEO plugin v27.6 - https:\/\/yoast.com\/product\/yoast-seo-wordpress\/ -->\n<title>Visa E-1: Visa de Operador de Tratados | Abogado de Inmigraci\u00f3n<\/title>\n<meta name=\"description\" content=\"Puede calificar para venir a los EE. UU. Como no inmigrante E-1. Para hacerlo, necesita una visa E-1, y esta gu\u00eda explica todo lo que necesita saber.\" \/>\n<meta name=\"robots\" content=\"index, follow, max-snippet:-1, max-image-preview:large, max-video-preview:-1\" \/>\n<link rel=\"canonical\" href=\"https:\/\/gldlaw.com\/es\/inmigracion\/la-inmigracion-de-negocios\/visa-e-1\/\" \/>\n<meta property=\"og:locale\" content=\"es_MX\" \/>\n<meta property=\"og:type\" content=\"article\" \/>\n<meta property=\"og:title\" content=\"Visa E-1: Visa de Operador de Tratados | Abogado de Inmigraci\u00f3n\" \/>\n<meta property=\"og:description\" content=\"Puede calificar para venir a los EE. UU. Como no inmigrante E-1. Para hacerlo, necesita una visa E-1, y esta gu\u00eda explica todo lo que necesita saber.\" \/>\n<meta property=\"og:url\" content=\"https:\/\/gldlaw.com\/es\/inmigracion\/la-inmigracion-de-negocios\/visa-e-1\/\" \/>\n<meta property=\"og:site_name\" content=\"Davis &amp; Associates\" \/>\n<meta property=\"article:publisher\" content=\"https:\/\/www.facebook.com\/GLDavisandAssociates\/\" \/>\n<meta property=\"article:modified_time\" content=\"2025-04-14T15:44:50+00:00\" \/>\n<meta property=\"og:image\" content=\"https:\/\/gldlaw.com\/wp-content\/uploads\/2020\/04\/1.-E-1-Visa-Information-Dallas-Immigration-Attorneys-scaled.jpg\" \/>\n<meta name=\"twitter:card\" content=\"summary_large_image\" \/>\n<meta name=\"twitter:site\" content=\"@GLD_Law\" \/>\n<meta name=\"twitter:label1\" content=\"Tiempo de lectura\" \/>\n\t<meta name=\"twitter:data1\" content=\"10 minutos\" \/>\n<script type=\"application\/ld+json\" class=\"yoast-schema-graph\">{\"@context\":\"https:\\\/\\\/schema.org\",\"@graph\":[{\"@type\":\"WebPage\",\"@id\":\"https:\\\/\\\/gldlaw.com\\\/es\\\/inmigracion\\\/la-inmigracion-de-negocios\\\/visa-e-1\\\/\",\"url\":\"https:\\\/\\\/gldlaw.com\\\/es\\\/inmigracion\\\/la-inmigracion-de-negocios\\\/visa-e-1\\\/\",\"name\":\"Visa E-1: Visa de Operador de Tratados | Abogado de Inmigraci\u00f3n\",\"isPartOf\":{\"@id\":\"https:\\\/\\\/gldlaw.com\\\/es\\\/#website\"},\"primaryImageOfPage\":{\"@id\":\"https:\\\/\\\/gldlaw.com\\\/es\\\/inmigracion\\\/la-inmigracion-de-negocios\\\/visa-e-1\\\/#primaryimage\"},\"image\":{\"@id\":\"https:\\\/\\\/gldlaw.com\\\/es\\\/inmigracion\\\/la-inmigracion-de-negocios\\\/visa-e-1\\\/#primaryimage\"},\"thumbnailUrl\":\"https:\\\/\\\/gldlaw.com\\\/wp-content\\\/uploads\\\/2020\\\/04\\\/1.-E-1-Visa-Information-Dallas-Immigration-Attorneys.jpg\",\"datePublished\":\"2020-04-23T21:24:19+00:00\",\"dateModified\":\"2025-04-14T15:44:50+00:00\",\"description\":\"Puede calificar para venir a los EE. UU. Como no inmigrante E-1. Para hacerlo, necesita una visa E-1, y esta gu\u00eda explica todo lo que necesita saber.\",\"breadcrumb\":{\"@id\":\"https:\\\/\\\/gldlaw.com\\\/es\\\/inmigracion\\\/la-inmigracion-de-negocios\\\/visa-e-1\\\/#breadcrumb\"},\"inLanguage\":\"es\",\"potentialAction\":[{\"@type\":\"ReadAction\",\"target\":[\"https:\\\/\\\/gldlaw.com\\\/es\\\/inmigracion\\\/la-inmigracion-de-negocios\\\/visa-e-1\\\/\"]}]},{\"@type\":\"ImageObject\",\"inLanguage\":\"es\",\"@id\":\"https:\\\/\\\/gldlaw.com\\\/es\\\/inmigracion\\\/la-inmigracion-de-negocios\\\/visa-e-1\\\/#primaryimage\",\"url\":\"https:\\\/\\\/gldlaw.com\\\/wp-content\\\/uploads\\\/2020\\\/04\\\/1.-E-1-Visa-Information-Dallas-Immigration-Attorneys.jpg\",\"contentUrl\":\"https:\\\/\\\/gldlaw.com\\\/wp-content\\\/uploads\\\/2020\\\/04\\\/1.-E-1-Visa-Information-Dallas-Immigration-Attorneys.jpg\"},{\"@type\":\"BreadcrumbList\",\"@id\":\"https:\\\/\\\/gldlaw.com\\\/es\\\/inmigracion\\\/la-inmigracion-de-negocios\\\/visa-e-1\\\/#breadcrumb\",\"itemListElement\":[{\"@type\":\"ListItem\",\"position\":1,\"name\":\"Home\",\"item\":\"https:\\\/\\\/gldlaw.com\\\/es\\\/\"},{\"@type\":\"ListItem\",\"position\":2,\"name\":\"Areas de Pr\u00e1ctica\",\"item\":\"https:\\\/\\\/gldlaw.com\\\/es\\\/inmigracion\\\/\"},{\"@type\":\"ListItem\",\"position\":3,\"name\":\"Inmigraci\u00f3n de Negocio\",\"item\":\"https:\\\/\\\/gldlaw.com\\\/es\\\/inmigracion\\\/la-inmigracion-de-negocios\\\/\"},{\"@type\":\"ListItem\",\"position\":4,\"name\":\"Visa E-1: Visa de Operador de Tratados\"}]},{\"@type\":\"WebSite\",\"@id\":\"https:\\\/\\\/gldlaw.com\\\/es\\\/#website\",\"url\":\"https:\\\/\\\/gldlaw.com\\\/es\\\/\",\"name\":\"Davis &amp; Associates\",\"description\":\"Dallas \\\/ Fort Worth Immigration Attorney\",\"potentialAction\":[{\"@type\":\"SearchAction\",\"target\":{\"@type\":\"EntryPoint\",\"urlTemplate\":\"https:\\\/\\\/gldlaw.com\\\/es\\\/?s={search_term_string}\"},\"query-input\":{\"@type\":\"PropertyValueSpecification\",\"valueRequired\":true,\"valueName\":\"search_term_string\"}}],\"inLanguage\":\"es\"}]}<\/script>\n<!-- \/ Yoast SEO plugin. -->","yoast_head_json":{"title":"Visa E-1: Visa de Operador de Tratados | Abogado de Inmigraci\u00f3n","description":"Puede calificar para venir a los EE. UU. Como no inmigrante E-1. Para hacerlo, necesita una visa E-1, y esta gu\u00eda explica todo lo que necesita saber.","robots":{"index":"index","follow":"follow","max-snippet":"max-snippet:-1","max-image-preview":"max-image-preview:large","max-video-preview":"max-video-preview:-1"},"canonical":"https:\/\/gldlaw.com\/es\/inmigracion\/la-inmigracion-de-negocios\/visa-e-1\/","og_locale":"es_MX","og_type":"article","og_title":"Visa E-1: Visa de Operador de Tratados | Abogado de Inmigraci\u00f3n","og_description":"Puede calificar para venir a los EE. UU. Como no inmigrante E-1. Para hacerlo, necesita una visa E-1, y esta gu\u00eda explica todo lo que necesita saber.","og_url":"https:\/\/gldlaw.com\/es\/inmigracion\/la-inmigracion-de-negocios\/visa-e-1\/","og_site_name":"Davis &amp; Associates","article_publisher":"https:\/\/www.facebook.com\/GLDavisandAssociates\/","article_modified_time":"2025-04-14T15:44:50+00:00","og_image":[{"url":"https:\/\/gldlaw.com\/wp-content\/uploads\/2020\/04\/1.-E-1-Visa-Information-Dallas-Immigration-Attorneys-scaled.jpg","type":"","width":"","height":""}],"twitter_card":"summary_large_image","twitter_site":"@GLD_Law","twitter_misc":{"Tiempo de lectura":"10 minutos"},"schema":{"@context":"https:\/\/schema.org","@graph":[{"@type":"WebPage","@id":"https:\/\/gldlaw.com\/es\/inmigracion\/la-inmigracion-de-negocios\/visa-e-1\/","url":"https:\/\/gldlaw.com\/es\/inmigracion\/la-inmigracion-de-negocios\/visa-e-1\/","name":"Visa E-1: Visa de Operador de Tratados | Abogado de Inmigraci\u00f3n","isPartOf":{"@id":"https:\/\/gldlaw.com\/es\/#website"},"primaryImageOfPage":{"@id":"https:\/\/gldlaw.com\/es\/inmigracion\/la-inmigracion-de-negocios\/visa-e-1\/#primaryimage"},"image":{"@id":"https:\/\/gldlaw.com\/es\/inmigracion\/la-inmigracion-de-negocios\/visa-e-1\/#primaryimage"},"thumbnailUrl":"https:\/\/gldlaw.com\/wp-content\/uploads\/2020\/04\/1.-E-1-Visa-Information-Dallas-Immigration-Attorneys.jpg","datePublished":"2020-04-23T21:24:19+00:00","dateModified":"2025-04-14T15:44:50+00:00","description":"Puede calificar para venir a los EE. UU. Como no inmigrante E-1. Para hacerlo, necesita una visa E-1, y esta gu\u00eda explica todo lo que necesita saber.","breadcrumb":{"@id":"https:\/\/gldlaw.com\/es\/inmigracion\/la-inmigracion-de-negocios\/visa-e-1\/#breadcrumb"},"inLanguage":"es","potentialAction":[{"@type":"ReadAction","target":["https:\/\/gldlaw.com\/es\/inmigracion\/la-inmigracion-de-negocios\/visa-e-1\/"]}]},{"@type":"ImageObject","inLanguage":"es","@id":"https:\/\/gldlaw.com\/es\/inmigracion\/la-inmigracion-de-negocios\/visa-e-1\/#primaryimage","url":"https:\/\/gldlaw.com\/wp-content\/uploads\/2020\/04\/1.-E-1-Visa-Information-Dallas-Immigration-Attorneys.jpg","contentUrl":"https:\/\/gldlaw.com\/wp-content\/uploads\/2020\/04\/1.-E-1-Visa-Information-Dallas-Immigration-Attorneys.jpg"},{"@type":"BreadcrumbList","@id":"https:\/\/gldlaw.com\/es\/inmigracion\/la-inmigracion-de-negocios\/visa-e-1\/#breadcrumb","itemListElement":[{"@type":"ListItem","position":1,"name":"Home","item":"https:\/\/gldlaw.com\/es\/"},{"@type":"ListItem","position":2,"name":"Areas de Pr\u00e1ctica","item":"https:\/\/gldlaw.com\/es\/inmigracion\/"},{"@type":"ListItem","position":3,"name":"Inmigraci\u00f3n de Negocio","item":"https:\/\/gldlaw.com\/es\/inmigracion\/la-inmigracion-de-negocios\/"},{"@type":"ListItem","position":4,"name":"Visa E-1: Visa de Operador de Tratados"}]},{"@type":"WebSite","@id":"https:\/\/gldlaw.com\/es\/#website","url":"https:\/\/gldlaw.com\/es\/","name":"Davis &amp; Associates","description":"Dallas \/ Fort Worth Immigration Attorney","potentialAction":[{"@type":"SearchAction","target":{"@type":"EntryPoint","urlTemplate":"https:\/\/gldlaw.com\/es\/?s={search_term_string}"},"query-input":{"@type":"PropertyValueSpecification","valueRequired":true,"valueName":"search_term_string"}}],"inLanguage":"es"}]}},"_links":{"self":[{"href":"https:\/\/gldlaw.com\/es\/wp-json\/wp\/v2\/pages\/6827","targetHints":{"allow":["GET"]}}],"collection":[{"href":"https:\/\/gldlaw.com\/es\/wp-json\/wp\/v2\/pages"}],"about":[{"href":"https:\/\/gldlaw.com\/es\/wp-json\/wp\/v2\/types\/page"}],"author":[{"embeddable":true,"href":"https:\/\/gldlaw.com\/es\/wp-json\/wp\/v2\/users\/18"}],"replies":[{"embeddable":true,"href":"https:\/\/gldlaw.com\/es\/wp-json\/wp\/v2\/comments?post=6827"}],"version-history":[{"count":5,"href":"https:\/\/gldlaw.com\/es\/wp-json\/wp\/v2\/pages\/6827\/revisions"}],"predecessor-version":[{"id":12080,"href":"https:\/\/gldlaw.com\/es\/wp-json\/wp\/v2\/pages\/6827\/revisions\/12080"}],"up":[{"embeddable":true,"href":"https:\/\/gldlaw.com\/es\/wp-json\/wp\/v2\/pages\/3412"}],"wp:attachment":[{"href":"https:\/\/gldlaw.com\/es\/wp-json\/wp\/v2\/media?parent=6827"}],"curies":[{"name":"wp","href":"https:\/\/api.w.org\/{rel}","templated":true}]}}