{"id":6834,"date":"2020-05-06T16:31:53","date_gmt":"2020-05-06T16:31:53","guid":{"rendered":"https:\/\/gldlaw.com\/inmigracion\/la-inmigracion-de-negocios\/h-4-visas\/"},"modified":"2025-04-14T11:05:35","modified_gmt":"2025-04-14T16:05:35","slug":"visa-h-4","status":"publish","type":"page","link":"https:\/\/gldlaw.com\/es\/inmigracion\/la-inmigracion-de-negocios\/visa-h-4\/","title":{"rendered":"La Gu\u00eda Completa De Las Visas H-4"},"content":{"rendered":"\n\n\t<h1>La Gu\u00eda Completa de Las Visas H-4 en Texas<\/h1>\n\t<p>Si usted es un miembro de la familia de un titular de <a href=\"https:\/\/gldlaw.com\/es\/inmigracion\/la-inmigracion-de-negocios\/h-1b-employment-visa\/\">visa H-1B<\/a> \u00a0que trabaja en los Estados Unidos, usted puede ser capaz de venir a los EE.UU. con una visa H-4. La visa H-4 no est\u00e1 disponible para todos, solo ciertos miembros de la familia califican, pero si usted no califica para este tipo de visa, usted puede calificar para otra. Por lo general, es una buena idea hablar con un abogado de inmigraci\u00f3n de negocios sobre su situaci\u00f3n para que pueda tomar las medidas apropiadas para unirse a su familiar en los Estados Unidos.<\/p>\n\t<h2>\u00bfQu\u00e9 es una visa H-4?<\/h2>\n<p>Una visa H-4 es un tipo de visa dependiente. Solo puede obtener este tipo de visa si es un cierto tipo de dependiente de un titular de visa H-1, H-2 o H-3. Viene con ciertos derechos y responsabilidades, y para muchas personas, lo mejor es hablar con un abogado sobre usarlo para venir a los Estados Unidos.<\/p>\n<p>Si bien el papeleo no es incre\u00edblemente complicado, sigue siendo papeleo de inmigraci\u00f3n, y debe llenar y presentar formularios espec\u00edficos, as\u00ed como pasar por el proceso de elegibilidad para usar una visa H-4.<\/p>\n\t<iframe loading=\"lazy\" title=\"Bufete De Abogados De Inmigraci\u00f3n Davis &amp; Associates\" width=\"500\" height=\"281\" src=\"https:\/\/www.youtube.com\/embed\/qv8b9EifqHc?feature=oembed\" frameborder=\"0\" allow=\"accelerometer; autoplay; clipboard-write; encrypted-media; gyroscope; picture-in-picture; web-share\" referrerpolicy=\"strict-origin-when-cross-origin\" allowfullscreen><\/iframe>\n\t<p>Usted debe solicitar una visa H-4 tan pronto como sea posible. Si es posible, h\u00e1galo tan pronto como la visa de su c\u00f3nyuge o padre sea aprobada por el gobierno. De esa manera, usted puede hacer todo el proceso m\u00e1s f\u00e1cil &#8211; y si se aprueba, usted no tendr\u00e1 que llegar a los EE.UU. despu\u00e9s de que su c\u00f3nyuge o padre lo haga.<\/p>\n<h3>Cu\u00e1nto tiempo puede permanecer en los EE.UU. \u00bfCon una visa H-4?<\/h3>\n<p>El gobierno de los Estados Unidos le conceder\u00e1 una visa H-4 con el mismo l\u00edmite de tiempo que tiene la visa de su c\u00f3nyuge o padre. Por ejemplo, si el titular de la visa H-1, H-2 o H-3 con el que viene est\u00e1 viniendo a los EE. UU. se le concede un per\u00edodo de estancia de 3 a\u00f1os, su visa H-4 tambi\u00e9n ser\u00e1 v\u00e1lida por 3 a\u00f1os. Si su c\u00f3nyuge o padre extiende su visa, usted tambi\u00e9n puede extender la suya.<\/p>\n<p>\u00a0<\/p>\n<h2><a href=\"https:\/\/gldlaw.com\/es\/contacto\/\">Haga Clic Hoy Para Su Consulta Gratis<\/a><\/h2>\n\t\t\t<a href=\"https:\/\/gldlaw.com\/es\/contacto\/\" target=\"_self\">\n\t\t\t\t\t\t\tOprima Aqu\u00ed\n\t\t\t\t\t<\/a>\n<header>\n<h2>\u00bfTiene que esperar hasta que su c\u00f3nyuge o padre obtenga una visa H-1, H-2 o H-3 para solicitar una visa H-4?<\/h2>\n<p>Usted no tiene que esperar hasta que su c\u00f3nyuge o padre reciba su visa para solicitar la suya propia. De hecho, el gobierno de los Estados Unidos recomienda que todos ustedes soliciten al mismo tiempo &#8211; de esa manera, USCIS puede procesar sus peticiones juntos y es m\u00e1s probable que pueda viajar al pa\u00eds juntos.<\/p>\n<h3>\u00bfQui\u00e9n califica para una visa H-4?<\/h3>\n<p>S\u00f3lo los c\u00f3nyuges e hijos solteros (menores de 21 a\u00f1os) de los titulares de visas H-1, H-2 y H-3 <a href=\"https:\/\/www.dhs.gov\/immigration-statistics\/nonimmigrant\/NonimmigrantCOA\">califican<\/a> \u00a0para visas H-4. Eso significa que su c\u00f3nyuge o padre debe tener (o estar en el proceso de obtener) una visa para:<\/p>\n<ul>\n<li>Trabajo temporal<\/li>\n<li>Trabajo estacional<\/li>\n<li>Trabajo especializado<\/li>\n<li>Participar en proyectos cooperativos de investigaci\u00f3n y desarrollo administrados por el Departamento de Defensa de los Estados Unidos<\/li>\n<li>Modelado, siempre que el titular de la visa tenga reconocimiento y reconocimiento nacional o internacional<\/li>\n<li>Capacitaci\u00f3n relacionada con el trabajo para el trabajo que finalmente se llevar\u00e1 a cabo fuera de los Estados Unidos<\/li>\n<\/ul>\n<h3>\u00bfQu\u00e9 pasa si mis padres dependen de m\u00ed &#8211; \u00bfPueden obtener visas H-4?<\/h3>\n<p><img loading=\"lazy\" decoding=\"async\" src=\"https:\/\/gldlaw.com\/wp-content\/uploads\/2020\/05\/6.-H-4-Visas-300x199.jpg\" alt=\"H-4 Visas\" width=\"300\" height=\"199\" \/><\/p>\n<p>Desafortunadamente, s\u00f3lo los c\u00f3nyuges y los hijos solteros menores de 21 a\u00f1os califican para una visa H-4. Sin embargo, puede haber otras v\u00edas que pueda usar para traer a sus padres a los Estados Unidos con usted, por lo que es mejor hablar sobre su situaci\u00f3n con un abogado que entiende la ley de inmigraci\u00f3n de los Estados Unidos y c\u00f3mo puede aplicarse en su caso. Cada situaci\u00f3n es diferente, y su abogado puede ser capaz de encontrar una manera para que usted traiga a sus padres a los Estados Unidos bajo la ley de inmigraci\u00f3n actual.<\/p>\n<h3>La entrevista de visa H-4<\/h3>\n<p>Usted y sus hijos pueden necesitar asistir a una entrevista de visa con un funcionario del gobierno de los Estados Unidos antes de que se le conceda este tipo de visa. Algunas de las preguntas que su entrevistador podr\u00eda hacer incluyen:<\/p>\n<ul>\n<li>\u00bfPor qu\u00e9 necesitas una visa?<\/li>\n<li>\u00bfCu\u00e1ndo se estamp\u00f3 la visa de su c\u00f3nyuge? (Si su entrevista no es al mismo tiempo que la de su c\u00f3nyuge.)<\/li>\n<li>\u00bfQu\u00e9 planeas hacer en los EE.UU.?<\/li>\n<li>\u00bfTrabajar\u00e1s en los Estados Unidos?<\/li>\n<li>\u00bfD\u00f3nde vives actualmente y qui\u00e9n vive contigo?<\/li>\n<li>\u00bfD\u00f3nde vivir\u00e1s en los EE.UU.?<\/li>\n<li>\u00bfQui\u00e9n te apoyar\u00e1 financieramente cuando llegues a los EE.UU.?<\/li>\n<li>\u00bfQui\u00e9n pagar\u00e1 su viaje a los Estados Unidos?<\/li>\n<li>\u00bfCu\u00e1nto tiempo llevas casado?<\/li>\n<li>\u00bfC\u00f3mo conociste a tu c\u00f3nyuge?<\/li>\n<li>\u00bfEst\u00e1 registrado tu matrimonio?<\/li>\n<li>\u00bfQu\u00e9 tipo de trabajo hace su c\u00f3nyuge?<\/li>\n<li>\u00bfCu\u00e1nto tiempo ha estado su c\u00f3nyuge con su empleador actual?<\/li>\n<li>\u00bfCu\u00e1nto dinero gana su c\u00f3nyuge en un a\u00f1o?<\/li>\n<\/ul>\n<p>La entrevista de inmigraci\u00f3n no es nada de lo que deba preocuparse &#8211; s\u00f3lo responde con sinceridad. Generalmente, la mayor\u00eda de los c\u00f3nyuges asisten a la entrevista de su c\u00f3nyuge H-1, H-2 o H-3 con ellos; las entrevistas individuales no son tan comunes. Si usted tiene que ir a una entrevista separada de su c\u00f3nyuge, el entrevistador har\u00e1 preguntas para determinar su intenci\u00f3n en los Estados Unidos y para asegurarse de que usted es realmente elegible para venir como un no inmigrante h-4.<\/p>\n<h3>\u00bfPuedes trabajar en los EE.UU. Si usted tiene una visa H-4?<img loading=\"lazy\" decoding=\"async\" src=\"https:\/\/gldlaw.com\/wp-content\/uploads\/2020\/05\/6.-H-4-Visas-What-is-an-H-4-Nonimmigrant-Visa-300x218.jpg\" alt=\"-H-4-Visas-What-is-an-H-4-Nonimmigrant-Visa.jpg\" width=\"300\" height=\"218\" \/><\/h3>\n<p>Algunos titulares de visa H-4 pueden trabajar en los Estados Unidos. Sin embargo, cualquier titular de visa que quiera trabajar en los EE.UU. debe obtener una autorizaci\u00f3n de trabajo.<\/p>\n<h3>C\u00f3mo obtener autorizaci\u00f3n de trabajo con una visa H-4<\/h3>\n<p>Algunos c\u00f3nyuges dependientes h-4 de inmigrantes H-1 pueden presentar el Formulario I-765, Solicitud de Autorizaci\u00f3n de Empleo, para pedir al gobierno de los Estados Unidos autorizaci\u00f3n de trabajo. Sin embargo, no hay garant\u00eda de que el gobierno apruebe su petici\u00f3n, y solo est\u00e1 disponible para algunos c\u00f3nyuges. Usted s\u00f3lo es elegible para la autorizaci\u00f3n de trabajo como un no inmigrante H-4 si su c\u00f3nyuge:<\/p>\n<ul>\n<li>Tiene un Formulario I-140 aprobado, Petici\u00f3n de Inmigrante para Trabajadores Extranjeros o<\/li>\n<li>Se le ha concedido el estatus H-1B para buscar residencia permanente legal basada en el empleo<\/li>\n<\/ul>\n<p>Deber\u00e1 proporcionar al gobierno de los Estados Unidos pruebas que demuestren que es elegible para solicitar y recibir autorizaci\u00f3n de trabajo. Por ejemplo, querr\u00e1 proporcionar:<\/p>\n<ul>\n<li>Una copia de su aviso de aprobaci\u00f3n actual del Formulario I-797 para el Formulario I-539<\/li>\n<li>Una copia del <a href=\"https:\/\/gldlaw.com\/immigration\/form-i-94\/\"  data-wpil-monitor-id=\"13\">Formulario I-94<\/a> que muestra su admisi\u00f3n como no inmigrante H-4 o su extensi\u00f3n de estancia m\u00e1s reciente aprobada en los Estados Unidos<\/li>\n<li>Una copia de su \u00faltimo EAD si tiene uno<\/li>\n<li>Una copia de la p\u00e1gina biom\u00e9trica de su pasaporte<\/li>\n<li>Su certificado de nacimiento con identificaci\u00f3n con foto<\/li>\n<li>Una visa que tiene que fue emitida por un consulado extranjero<\/li>\n<li>Un documento de identidad nacional con su foto<\/li>\n<li>Una copia de su certificado de matrimonio<\/li>\n<li>Evidencia de que usted es elegible, como el Formulario I-140 aprobado por su c\u00f3nyuge o una copia del pasaporte del no inmigrante H-1B, formularios anteriores I-94, o los Formularios I-797 actuales o anteriores para el Formulario I-129<\/li>\n<li>Dos fotograf\u00edas id\u00e9nticas de 2 pulgadas por 2 pulgadas estilo pasaporte (en color) de ti mismo<\/li>\n<\/ul>\n<p>Debido a que este puede ser uno de los aspectos m\u00e1s confusos de tener una visa de no inmigrante H-4, puede ser mejor para usted hablar con un abogado antes de presentar cualquier petici\u00f3n o pagar cualquier cargo.<\/p>\n<p>No se le permitir\u00e1 trabajar en los EE. UU. hasta que los Servicios de Aduanas e Inmigraci\u00f3n de los EE. UU., o USCIS, apruebe su Formulario I-765. Despu\u00e9s de que se apruebe su autorizaci\u00f3n de empleo, su documento de autorizaci\u00f3n de empleo, o EAD, debe expirar en la misma fecha que la fecha de vencimiento en su Formulario I-94 m\u00e1s reciente. Puede renovar su EAD enviando otro Formulario I-765, pero no puede solicitar una renovaci\u00f3n de EAD m\u00e1s de 180 d\u00edas antes de que expire el original.<\/p>\n<h3>Otras opciones de trabajo para los titulares de visas H-4<\/h3>\n<p>No se puede realizar ning\u00fan trabajo en los Estados Unidos sin un EAD. Eso incluye el trabajo a tiempo parcial en l\u00ednea o la creaci\u00f3n de su propia empresa, incluso si va a emplear a ciudadanos estadounidenses en su nuevo negocio. Siempre debe tener un EAD para realizar cualquier tipo de trabajo en los EE.UU. Sin embargo, usted puede ser voluntario con cualquier organizaci\u00f3n sin fines de lucro, siempre que su tiempo no sea pagado y ofrecido a los ciudadanos estadounidenses y titulares de la tarjeta verde, tambi\u00e9n. Si se le paga, o si recibe cualquier otro tipo de beneficio de su trabajo voluntario, podr\u00eda estar en violaci\u00f3n de la ley de inmigraci\u00f3n de los Estados Unidos.<\/p>\n<h3>\u00bfPuede trabajar en cualquier trabajo, para cualquier empleador, si usted es un titular de visa H-4?<\/h3>\n<p>Si usted tiene autorizaci\u00f3n de empleo para trabajar en los Estados Unidos, puede trabajar para cualquier empleador. No tiene que cambiar su tipo de visa o volver a solicitarlo si deja un trabajo y se muda a otro trabajo. La clasificaci\u00f3n de no inmigrante H-4 no es espec\u00edfica para un empleador como muchos otros tipos de visas, lo que significa que permanecer\u00e1 en estatus v\u00e1lido mientras el extranjero principal &#8211; la persona con quien su relaci\u00f3n lo calific\u00f3 para la visa H-4 en primer lugar &#8211; permanezca en estatus v\u00e1lido.<\/p>\n<h3>\u00bfPuedes ir a la escuela si est\u00e1s en los Estados Unidos con una visa H-4?<\/h3>\n<p>Los ni\u00f1os en los Estados Unidos con una visa H-4 no necesitan una visa separada para asistir a la escuela. Puede inscribirse en un colegio comunitario, un colegio t\u00e9cnico o cualquier otra instituci\u00f3n de educaci\u00f3n superior. En muchos casos, tener una visa H-4 le califica para la matr\u00edcula local (como la matr\u00edcula en el estado), que generalmente es m\u00e1s baja que la matr\u00edcula fuera del estado. Solo recuerda que si tienes la intenci\u00f3n de trabajar, tendr\u00e1s que cambiar el tipo de visa que est\u00e1s usando o tendr\u00e1s que obtener una autorizaci\u00f3n de empleo del gobierno de los Estados Unidos.<\/p>\n<h3>\u00bfQu\u00e9 pueden hacer los titulares de visas H-4 en los Estados Unidos?<\/h3>\n<p>Si usted tiene este tipo de visa, hay varias cosas que puede hacer en los Estados Unidos. Puede obtener una licencia de conducir, trabajar si tiene un documento de autorizaci\u00f3n de empleo, abrir una cuenta bancaria y utilizar tarjetas de cr\u00e9dito y d\u00e9bito. Si trabaja, tambi\u00e9n debe pagar impuestos estadounidenses. Lo m\u00e1s probable es que necesite obtener un N\u00famero de Identificaci\u00f3n Individual del Contribuyente, o ITIN, para presentar sus impuestos. Este n\u00famero \u00fanico solo se utiliza para fines fiscales federales.<\/p>\n<h2>\u00bfNecesita hablar con un abogado acerca de c\u00f3mo obtener una visa H-4 para usted o sus hijos?<\/h2>\n<p>Para muchas familias, la soluci\u00f3n m\u00e1s simple es hablar con un abogado de inmigraci\u00f3n que entiende la ley de inmigraci\u00f3n de los Estados Unidos. Cuando trabaja con un abogado para obtener una visa H-4, ya sea que sea un c\u00f3nyuge dependiente o sea el hijo soltero (y menor de 21 a\u00f1os) de un titular de visa H-1, H-2 o H-3, tendr\u00e1 a alguien all\u00ed para responder a sus preguntas en cada paso del camino. Su abogado tambi\u00e9n llenar\u00e1 y presentar\u00e1 el papeleo apropiado para usted para que usted sea libre de concentrarse en otras cosas.<\/p>\n<p>Si necesita hablar con un abogado acerca de venir a los EE.UU. con una visa H-4, ya sea para usted o sus hijos (o ambos), es posible que podamos ayudarlo.<\/p>\n<\/header>\n<h2><a href=\"https:\/\/gldlaw.com\/es\/contacto\/\">Haga Clic Hoy Para Su Consulta Gratis<\/a><\/h2>\n\t\t\t<a href=\"https:\/\/gldlaw.com\/es\/contacto\/\" target=\"_self\">\n\t\t\t\t\t\t\tOprima Aqu\u00ed\n\t\t\t\t\t<\/a>\n\n","protected":false},"excerpt":{"rendered":"<p>La Gu\u00eda Completa de Las Visas H-4 en Texas Si usted es un miembro de la familia de un titular de visa H-1B \u00a0que trabaja en los Estados Unidos, usted puede ser capaz de venir a los EE.UU. con una visa H-4. La visa H-4 no est\u00e1 disponible para todos, solo ciertos miembros de la&hellip;<\/p>\n","protected":false},"author":18,"featured_media":0,"parent":3412,"menu_order":0,"comment_status":"closed","ping_status":"closed","template":"","meta":{"_monsterinsights_skip_tracking":false,"_monsterinsights_sitenote_active":false,"_monsterinsights_sitenote_note":"","_monsterinsights_sitenote_category":0,"footnotes":""},"class_list":["post-6834","page","type-page","status-publish","hentry"],"yoast_head":"<!-- This site is optimized with the Yoast SEO plugin v27.6 - https:\/\/yoast.com\/product\/yoast-seo-wordpress\/ -->\n<title>La gu\u00eda completa de visas H-4 | Abogado de Inmigraci\u00f3n Comercial<\/title>\n<meta name=\"description\" content=\"Si es dependiente de un titular de visa H-1B, puede venir a los Estados Unidos con una visa H-4. Aqu\u00ed le mostramos c\u00f3mo obtener ayuda.\" \/>\n<meta name=\"robots\" content=\"index, follow, max-snippet:-1, max-image-preview:large, max-video-preview:-1\" \/>\n<link rel=\"canonical\" href=\"https:\/\/gldlaw.com\/es\/inmigracion\/la-inmigracion-de-negocios\/visa-h-4\/\" \/>\n<meta property=\"og:locale\" content=\"es_MX\" \/>\n<meta property=\"og:type\" content=\"article\" \/>\n<meta property=\"og:title\" content=\"La gu\u00eda completa de visas H-4 | Abogado de Inmigraci\u00f3n Comercial\" \/>\n<meta property=\"og:description\" content=\"Si es dependiente de un titular de visa H-1B, puede venir a los Estados Unidos con una visa H-4. Aqu\u00ed le mostramos c\u00f3mo obtener ayuda.\" \/>\n<meta property=\"og:url\" content=\"https:\/\/gldlaw.com\/es\/inmigracion\/la-inmigracion-de-negocios\/visa-h-4\/\" \/>\n<meta property=\"og:site_name\" content=\"Davis &amp; Associates\" \/>\n<meta property=\"article:publisher\" content=\"https:\/\/www.facebook.com\/GLDavisandAssociates\/\" \/>\n<meta property=\"article:modified_time\" content=\"2025-04-14T16:05:35+00:00\" \/>\n<meta property=\"og:image\" content=\"https:\/\/gldlaw.com\/wp-content\/uploads\/2020\/05\/6.-H-4-Visas-300x199.jpg\" \/>\n<meta name=\"twitter:card\" content=\"summary_large_image\" \/>\n<meta name=\"twitter:site\" content=\"@GLD_Law\" \/>\n<meta name=\"twitter:label1\" content=\"Tiempo de lectura\" \/>\n\t<meta name=\"twitter:data1\" content=\"9 minutos\" \/>\n<script type=\"application\/ld+json\" class=\"yoast-schema-graph\">{\"@context\":\"https:\\\/\\\/schema.org\",\"@graph\":[{\"@type\":\"WebPage\",\"@id\":\"https:\\\/\\\/gldlaw.com\\\/es\\\/inmigracion\\\/la-inmigracion-de-negocios\\\/visa-h-4\\\/\",\"url\":\"https:\\\/\\\/gldlaw.com\\\/es\\\/inmigracion\\\/la-inmigracion-de-negocios\\\/visa-h-4\\\/\",\"name\":\"La gu\u00eda completa de visas H-4 | Abogado de Inmigraci\u00f3n Comercial\",\"isPartOf\":{\"@id\":\"https:\\\/\\\/gldlaw.com\\\/es\\\/#website\"},\"primaryImageOfPage\":{\"@id\":\"https:\\\/\\\/gldlaw.com\\\/es\\\/inmigracion\\\/la-inmigracion-de-negocios\\\/visa-h-4\\\/#primaryimage\"},\"image\":{\"@id\":\"https:\\\/\\\/gldlaw.com\\\/es\\\/inmigracion\\\/la-inmigracion-de-negocios\\\/visa-h-4\\\/#primaryimage\"},\"thumbnailUrl\":\"https:\\\/\\\/gldlaw.com\\\/wp-content\\\/uploads\\\/2020\\\/05\\\/6.-H-4-Visas-300x199.jpg\",\"datePublished\":\"2020-05-06T16:31:53+00:00\",\"dateModified\":\"2025-04-14T16:05:35+00:00\",\"description\":\"Si es dependiente de un titular de visa H-1B, puede venir a los Estados Unidos con una visa H-4. Aqu\u00ed le mostramos c\u00f3mo obtener ayuda.\",\"breadcrumb\":{\"@id\":\"https:\\\/\\\/gldlaw.com\\\/es\\\/inmigracion\\\/la-inmigracion-de-negocios\\\/visa-h-4\\\/#breadcrumb\"},\"inLanguage\":\"es\",\"potentialAction\":[{\"@type\":\"ReadAction\",\"target\":[\"https:\\\/\\\/gldlaw.com\\\/es\\\/inmigracion\\\/la-inmigracion-de-negocios\\\/visa-h-4\\\/\"]}]},{\"@type\":\"ImageObject\",\"inLanguage\":\"es\",\"@id\":\"https:\\\/\\\/gldlaw.com\\\/es\\\/inmigracion\\\/la-inmigracion-de-negocios\\\/visa-h-4\\\/#primaryimage\",\"url\":\"https:\\\/\\\/gldlaw.com\\\/wp-content\\\/uploads\\\/2020\\\/05\\\/6.-H-4-Visas-300x199.jpg\",\"contentUrl\":\"https:\\\/\\\/gldlaw.com\\\/wp-content\\\/uploads\\\/2020\\\/05\\\/6.-H-4-Visas-300x199.jpg\"},{\"@type\":\"BreadcrumbList\",\"@id\":\"https:\\\/\\\/gldlaw.com\\\/es\\\/inmigracion\\\/la-inmigracion-de-negocios\\\/visa-h-4\\\/#breadcrumb\",\"itemListElement\":[{\"@type\":\"ListItem\",\"position\":1,\"name\":\"Home\",\"item\":\"https:\\\/\\\/gldlaw.com\\\/es\\\/\"},{\"@type\":\"ListItem\",\"position\":2,\"name\":\"Areas de Pr\u00e1ctica\",\"item\":\"https:\\\/\\\/gldlaw.com\\\/es\\\/inmigracion\\\/\"},{\"@type\":\"ListItem\",\"position\":3,\"name\":\"Inmigraci\u00f3n de Negocio\",\"item\":\"https:\\\/\\\/gldlaw.com\\\/es\\\/inmigracion\\\/la-inmigracion-de-negocios\\\/\"},{\"@type\":\"ListItem\",\"position\":4,\"name\":\"La Gu\u00eda Completa De Las Visas H-4\"}]},{\"@type\":\"WebSite\",\"@id\":\"https:\\\/\\\/gldlaw.com\\\/es\\\/#website\",\"url\":\"https:\\\/\\\/gldlaw.com\\\/es\\\/\",\"name\":\"Davis &amp; Associates\",\"description\":\"Dallas \\\/ Fort Worth Immigration Attorney\",\"potentialAction\":[{\"@type\":\"SearchAction\",\"target\":{\"@type\":\"EntryPoint\",\"urlTemplate\":\"https:\\\/\\\/gldlaw.com\\\/es\\\/?s={search_term_string}\"},\"query-input\":{\"@type\":\"PropertyValueSpecification\",\"valueRequired\":true,\"valueName\":\"search_term_string\"}}],\"inLanguage\":\"es\"}]}<\/script>\n<!-- \/ Yoast SEO plugin. -->","yoast_head_json":{"title":"La gu\u00eda completa de visas H-4 | Abogado de Inmigraci\u00f3n Comercial","description":"Si es dependiente de un titular de visa H-1B, puede venir a los Estados Unidos con una visa H-4. Aqu\u00ed le mostramos c\u00f3mo obtener ayuda.","robots":{"index":"index","follow":"follow","max-snippet":"max-snippet:-1","max-image-preview":"max-image-preview:large","max-video-preview":"max-video-preview:-1"},"canonical":"https:\/\/gldlaw.com\/es\/inmigracion\/la-inmigracion-de-negocios\/visa-h-4\/","og_locale":"es_MX","og_type":"article","og_title":"La gu\u00eda completa de visas H-4 | Abogado de Inmigraci\u00f3n Comercial","og_description":"Si es dependiente de un titular de visa H-1B, puede venir a los Estados Unidos con una visa H-4. Aqu\u00ed le mostramos c\u00f3mo obtener ayuda.","og_url":"https:\/\/gldlaw.com\/es\/inmigracion\/la-inmigracion-de-negocios\/visa-h-4\/","og_site_name":"Davis &amp; Associates","article_publisher":"https:\/\/www.facebook.com\/GLDavisandAssociates\/","article_modified_time":"2025-04-14T16:05:35+00:00","og_image":[{"url":"https:\/\/gldlaw.com\/wp-content\/uploads\/2020\/05\/6.-H-4-Visas-300x199.jpg","type":"","width":"","height":""}],"twitter_card":"summary_large_image","twitter_site":"@GLD_Law","twitter_misc":{"Tiempo de lectura":"9 minutos"},"schema":{"@context":"https:\/\/schema.org","@graph":[{"@type":"WebPage","@id":"https:\/\/gldlaw.com\/es\/inmigracion\/la-inmigracion-de-negocios\/visa-h-4\/","url":"https:\/\/gldlaw.com\/es\/inmigracion\/la-inmigracion-de-negocios\/visa-h-4\/","name":"La gu\u00eda completa de visas H-4 | Abogado de Inmigraci\u00f3n Comercial","isPartOf":{"@id":"https:\/\/gldlaw.com\/es\/#website"},"primaryImageOfPage":{"@id":"https:\/\/gldlaw.com\/es\/inmigracion\/la-inmigracion-de-negocios\/visa-h-4\/#primaryimage"},"image":{"@id":"https:\/\/gldlaw.com\/es\/inmigracion\/la-inmigracion-de-negocios\/visa-h-4\/#primaryimage"},"thumbnailUrl":"https:\/\/gldlaw.com\/wp-content\/uploads\/2020\/05\/6.-H-4-Visas-300x199.jpg","datePublished":"2020-05-06T16:31:53+00:00","dateModified":"2025-04-14T16:05:35+00:00","description":"Si es dependiente de un titular de visa H-1B, puede venir a los Estados Unidos con una visa H-4. Aqu\u00ed le mostramos c\u00f3mo obtener ayuda.","breadcrumb":{"@id":"https:\/\/gldlaw.com\/es\/inmigracion\/la-inmigracion-de-negocios\/visa-h-4\/#breadcrumb"},"inLanguage":"es","potentialAction":[{"@type":"ReadAction","target":["https:\/\/gldlaw.com\/es\/inmigracion\/la-inmigracion-de-negocios\/visa-h-4\/"]}]},{"@type":"ImageObject","inLanguage":"es","@id":"https:\/\/gldlaw.com\/es\/inmigracion\/la-inmigracion-de-negocios\/visa-h-4\/#primaryimage","url":"https:\/\/gldlaw.com\/wp-content\/uploads\/2020\/05\/6.-H-4-Visas-300x199.jpg","contentUrl":"https:\/\/gldlaw.com\/wp-content\/uploads\/2020\/05\/6.-H-4-Visas-300x199.jpg"},{"@type":"BreadcrumbList","@id":"https:\/\/gldlaw.com\/es\/inmigracion\/la-inmigracion-de-negocios\/visa-h-4\/#breadcrumb","itemListElement":[{"@type":"ListItem","position":1,"name":"Home","item":"https:\/\/gldlaw.com\/es\/"},{"@type":"ListItem","position":2,"name":"Areas de Pr\u00e1ctica","item":"https:\/\/gldlaw.com\/es\/inmigracion\/"},{"@type":"ListItem","position":3,"name":"Inmigraci\u00f3n de Negocio","item":"https:\/\/gldlaw.com\/es\/inmigracion\/la-inmigracion-de-negocios\/"},{"@type":"ListItem","position":4,"name":"La Gu\u00eda Completa De Las Visas H-4"}]},{"@type":"WebSite","@id":"https:\/\/gldlaw.com\/es\/#website","url":"https:\/\/gldlaw.com\/es\/","name":"Davis &amp; Associates","description":"Dallas \/ Fort Worth Immigration Attorney","potentialAction":[{"@type":"SearchAction","target":{"@type":"EntryPoint","urlTemplate":"https:\/\/gldlaw.com\/es\/?s={search_term_string}"},"query-input":{"@type":"PropertyValueSpecification","valueRequired":true,"valueName":"search_term_string"}}],"inLanguage":"es"}]}},"_links":{"self":[{"href":"https:\/\/gldlaw.com\/es\/wp-json\/wp\/v2\/pages\/6834","targetHints":{"allow":["GET"]}}],"collection":[{"href":"https:\/\/gldlaw.com\/es\/wp-json\/wp\/v2\/pages"}],"about":[{"href":"https:\/\/gldlaw.com\/es\/wp-json\/wp\/v2\/types\/page"}],"author":[{"embeddable":true,"href":"https:\/\/gldlaw.com\/es\/wp-json\/wp\/v2\/users\/18"}],"replies":[{"embeddable":true,"href":"https:\/\/gldlaw.com\/es\/wp-json\/wp\/v2\/comments?post=6834"}],"version-history":[{"count":11,"href":"https:\/\/gldlaw.com\/es\/wp-json\/wp\/v2\/pages\/6834\/revisions"}],"predecessor-version":[{"id":12093,"href":"https:\/\/gldlaw.com\/es\/wp-json\/wp\/v2\/pages\/6834\/revisions\/12093"}],"up":[{"embeddable":true,"href":"https:\/\/gldlaw.com\/es\/wp-json\/wp\/v2\/pages\/3412"}],"wp:attachment":[{"href":"https:\/\/gldlaw.com\/es\/wp-json\/wp\/v2\/media?parent=6834"}],"curies":[{"name":"wp","href":"https:\/\/api.w.org\/{rel}","templated":true}]}}