{"id":7259,"date":"2020-04-13T19:15:40","date_gmt":"2020-04-13T19:15:40","guid":{"rendered":"https:\/\/gldlaw.com\/inmigracion\/la-inmigracion-de-negocios\/l-1-visas-for-intracompany-transferees\/"},"modified":"2025-04-14T11:06:09","modified_gmt":"2025-04-14T16:06:09","slug":"visa-l-1","status":"publish","type":"page","link":"https:\/\/gldlaw.com\/es\/inmigracion\/la-inmigracion-de-negocios\/visa-l-1\/","title":{"rendered":"Visados L-1 para Transferidos Dentro de La Empresa"},"content":{"rendered":"\n\n\t<h1>Visados L-1 para transferidos dentro de la empresa en Texas<\/h1>\n<h2>Abogados De Visa L-1 De Dallas<\/h2>\n\t<p>Los empleadores de los Estados Unidos pueden transferir ejecutivos que trabajan en oficinas extranjeras a oficinas con sede en los Estados Unidos bajo el programa de visas L-1.<\/p>\n<p>Sin embargo, el programa no est\u00e1 disponible para todo el mundo, y requiere que los empleadores cumplan con ciertos criterios. Hay dos tipos de visas L-1: el L-1A Gerente o ejecutivo cesionario dentro de la empresa o Gerente y el L-1B Visa de conocimiento especializado para transferidos dentro de la empresa.<\/p>\n<p>Esto es lo que necesita saber sobre el programa y que cubre cada tipo de visa<\/p>\n\t\t\t\t<img loading=\"lazy\" decoding=\"async\" src=\"https:\/\/gldlaw.com\/wp-content\/uploads\/2020\/04\/2.-L-1-Visas-Dallas-Immigration-Attorney.jpg\" alt=\"2. L-1 Visas - Dallas Immigration Attorney\" itemprop=\"image\" height=\"1365\" width=\"2048\" title=\"2. L-1 Visas - Dallas Immigration Attorney\" onerror=\"this.style.display='none'\"  \/>\n\t<h2>El Programa de Visas L-1<\/h2>\n<p>Una visa L-1 es un documento que un trabajador puede usar para ingresar a los EE.UU. para trabajar para una empresa internacional aqu\u00ed, pero solo si ya trabajan para la empresa en otro pa\u00eds. Es una visa de no inmigrante, lo que significa que no prepara el escenario para la ciudadan\u00eda futura, y s\u00f3lo es v\u00e1lida por un corto per\u00edodo de tiempo. Por lo general, puede durar entre 3 meses y 5 a\u00f1os. Sin embargo, en algunos casos, los empleadores pueden extender la visa, pero la estancia m\u00e1xima es de 7 a\u00f1os. La duraci\u00f3n se basa en un calendario de reciprocidad con ciertos pa\u00edses.<\/p>\n<p>Estas visas solo est\u00e1n disponibles para empleados de una empresa internacional que tiene oficinas en los EE.UU. y en uno o m\u00e1s pa\u00edses extranjeros. Los trabajadores deben cumplir ciertas condiciones para poder utilizar el programa de visas L-1.<\/p>\n\t<h2><a href=\"https:\/\/gldlaw.com\/es\/contacto\/\">Haga Clic Hoy Para Su Consulta Gratis \u00bb<\/a><\/h2>\n\t\t\t<a href=\"https:\/\/gldlaw.com\/es\/contacto\/\" target=\"_self\">\n\t\t\t\t\t\t\tOprima Aqu\u00ed\n\t\t\t\t\t<\/a>\n<header>\n<h2>Condiciones que los empleadores deben cumplir para usar el Programa de Visa L-1<\/h2>\n<p>Las empresas que deseen utilizar el programa de visas L-1 deben caer en una de las cuatro categor\u00edas, con una parte de la empresa aqu\u00ed, en los Estados Unidos, y otra parte en un pa\u00eds extranjero. Estas son las cuatro categor\u00edas que hacen que un empleador sea elegible para usar el programa de visas L-1:<\/p>\n<ol>\n<li>Una sociedad matriz y su filial<\/li>\n<li>Una sede y una sucursal<\/li>\n<li>Empresas hermanas propiedad de una empresa matriz mutua<\/li>\n<li>Afiliados<\/li>\n<\/ol>\n<p>Adem\u00e1s, el empleador debe estar llevando a cabo negocios en los EE.UU. (o planeando hacer negocios en los EE.UU.) y en al menos otro pa\u00eds (ya sea directamente o a trav\u00e9s de una organizaci\u00f3n calificada) durante la duraci\u00f3n de la estancia del beneficiario en los EE.UU. con una visa L-1.<\/p>\n<h3>\u00bfQu\u00e9 significa realmente &#8220;Hacer negocios&#8221;?<\/h3>\n<p>USCIS <a href=\"https:\/\/www.uscis.gov\/working-united-states\/temporary-workers\/l-1a-intracompany-transferee-executive-or-manager\">define<\/a> <em>\u00a0hacer negocios<\/em> como &#8220;el suministro regular, sistem\u00e1tico y continuo de bienes y\/o servicios por parte de una organizaci\u00f3n calificadora y no incluye la mera presencia de un agente u oficina de la organizaci\u00f3n calificada en los Estados Unidos y en el extranjero&#8221;.<\/p>\n<h3>Condiciones que los trabajadores deben cumplir para usar el Programa de Visa L-1<\/h3>\n<p>Para calificar para el programa de visas L-1, los empleados deben:<\/p>\n<ul>\n<li>Haber estado trabajando para la organizaci\u00f3n en el extranjero durante al menos un a\u00f1o continuo de los \u00faltimos 3 a\u00f1os inmediatamente antes de su visita a los Estados Unidos.<\/li>\n<li>Planificar ingresar a los EE. UU. para proporcionar servicio en una capacidad ejecutiva, gerencial o especializada para su empleador (o una de las organizaciones calificadas del empleador, como una sucursal, una empresa hermana, una subsidiaria o una filial)<\/li>\n<\/ul>\n<h2>Tipos de Visas L-1<\/h2>\n<p>Hay dos tipos de visas L-1: la visa L-1A y la visa L-1B. Aqu\u00ed hay un vistazo m\u00e1s de cerca a cada uno.<\/p>\n<h3>L-1A Visas<\/h3>\n<p><img loading=\"lazy\" decoding=\"async\" src=\"https:\/\/gldlaw.com\/wp-content\/uploads\/2020\/04\/2.-L-1-Visa-Information-From-Dallas-Immigration-Lawyers-300x200.jpg\" alt=\"L-1 Visa\" width=\"300\" height=\"200\" \/>Las visas L-1A son para personas que vienen a los Estados Unidos en una capacidad ejecutiva o gerencial. Los empleados deben cumplir con las condiciones anteriores (como trabajar para la misma organizaci\u00f3n durante al menos un a\u00f1o de los 3 a\u00f1os anteriores), as\u00ed como tener la intenci\u00f3n de ingresar a los EE. UU. solo para proporcionar un servicio ejecutivo o gerencial a la misma empresa.<\/p>\n<h3>\u00bfQu\u00e9 es la capacidad ejecutiva?<\/h3>\n<p>El t\u00e9rmino <em>capacidad ejecutiva<\/em> significa que el empleado tomar\u00e1 decisiones de &#8220;latitud amplia&#8221; sin mucha supervisi\u00f3n. Una persona que sirve como ejecutivo de una empresa tiene la capacidad de poner en pr\u00e1ctica planes y acciones sin tener que &#8220;tomarlo en la cadena&#8221; para su aprobaci\u00f3n. Un ejecutivo es una persona que tiene la responsabilidad gerencial superior dentro de una organizaci\u00f3n.<\/p>\n<h3>\u00bfQu\u00e9 es la capacidad de gesti\u00f3n?<\/h3>\n<p>El t\u00e9rmino <em>capacidad gerencial<\/em> \u00a0se refiere a la capacidad de un empleado para supervisar y controlar el trabajo realizado por empleados profesionales. Alguien que trabaja en una capacidad gerencial puede administrar la organizaci\u00f3n (o incluso un departamento, subdivisi\u00f3n, funci\u00f3n o componente de la organizaci\u00f3n) sin la supervisi\u00f3n directa de otros.<\/p>\n<\/header>\n\t<h2><a href=\"https:\/\/gldlaw.com\/es\/contacto\/\">Haga Clic Hoy Para Su Consulta Gratis \u00bb<\/a><\/h2>\n\t\t\t<a href=\"https:\/\/gldlaw.com\/es\/contacto\/\" target=\"_self\">\n\t\t\t\t\t\t\tOprima Aqu\u00ed\n\t\t\t\t\t<\/a>\n<header>\n<h3>\u00bfQu\u00e9 pasa con los empleadores que abren nuevas oficinas?<\/h3>\n<p>Algunos empleadores que quieren abrir nuevas oficinas en los Estados Unidos tambi\u00e9n pueden calificar para usar el programa de visa L-1. Sin embargo, el empleador debe demostrar que:<\/p>\n<ul>\n<li>Ha asegurado suficientes locales f\u00edsicos para albergar su nueva oficina<\/li>\n<li>El empleado que quiere enviar a los EE.UU. ha sido empleado como ejecutivo o gerente durante al menos 1 a\u00f1o (continuamente) en los 3 a\u00f1os anteriores a la presentaci\u00f3n de la petici\u00f3n<\/li>\n<li>La oficina de EE.UU. prevista va a apoyar un puesto ejecutivo o gerencial dentro de un a\u00f1o de la aprobaci\u00f3n de USCIS de la petici\u00f3n<\/li>\n<\/ul>\n<p>Los empleadores deben cumplir con las tres condiciones para calificar al abrir una nueva oficina en los Estados Unidos. Los empleados que vienen para abrir una nueva oficina solo pueden quedarse por un a\u00f1o; todos los dem\u00e1s empleados calificados pueden permanecer hasta por 3 a\u00f1os. Los empleadores pueden solicitar extender las estancias de los empleados en incrementos de 2 a\u00f1os, pero nadie puede permanecer m\u00e1s de 7 a\u00f1os.<\/p>\n<h3>L-1B Visas<\/h3>\n<p>Las visas L-1B est\u00e1n disponibles para los empleados que tienen conocimientos especializados relacionados con los intereses del empleador. Para que un empleado califique, \u00e9l o ella no debe ser controlado o supervisado principalmente por un empleador no afiliado, y el trabajo que el empleado desempe\u00f1ar\u00e1 no debe ser considerado como &#8220;trabajo de alquiler&#8221; por un empleador no afiliado.<\/p>\n<h3>El proceso de solicitud de visado L-1<\/h3>\n<p>Muchas empresas eligen trabajar con un abogado de inmigraci\u00f3n de Dallas para manejar las solicitudes de visa L-1. Esto puede ayudar a agilizar el proceso y liberar a los trabajadores para otras tareas importantes. Estos son los pasos para solicitar una visa L-1 (ya sea la L-1A o la L-1B):<\/p>\n<ol>\n<li>Presentar el Formulario I-129 con Aduanas y Cumplimiento de La Inmigraci\u00f3n de los Estados Unidos<\/li>\n<li>Pagar tasas de presentaci\u00f3n<\/li>\n<li>Formulario de archivo DS-160<\/li>\n<li>Pagar la tasa de solicitud de visa L-1<\/li>\n<li>Programar una entrevista de visa L-1<\/li>\n<li>Presentar documentos de visa L-1<\/li>\n<li>Asistir a la entrevista<\/li>\n<\/ol>\n<p>Los empleadores presentan la primera petici\u00f3n &#8211; el Formulario I-129 &#8211; con USCIS. Adem\u00e1s, el empleador debe presentar el Suplemento L al formulario. Esto debe hacerse antes de que el empleado pueda solicitar una visa a trav\u00e9s del gobierno de los Estados Unidos. Los empleadores tambi\u00e9n pueden presentar peticiones globales, siempre que cumplan con todos los criterios de calificaci\u00f3n.<\/p>\n<p>El formulario DS-160 es necesario para la gran mayor\u00eda de las solicitudes de visa, y la visa L-1 no es una excepci\u00f3n. Los solicitantes presentan estos formularios ellos mismos, e incluyen informaci\u00f3n que ayuda al gobierno a tomar la decisi\u00f3n de aceptar o rechazar la solicitud de visa. Los solicitantes deben explicar sus razones para venir a los Estados Unidos, as\u00ed como lo que har\u00e1n mientras est\u00e1n en el pa\u00eds y algunos otros detalles.<\/p>\n<p>Los solicitantes deben pasar por una entrevista de visa con funcionarios estadounidenses. Un solicitante puede programar una entrevista al mismo tiempo que \u00e9l o ella presenta la documentaci\u00f3n requerida para el visado. Los documentos que USCIS necesita incluyen:<\/p>\n<ul>\n<li>Un pasaporte v\u00e1lido que no caducar\u00e1 durante al menos 6 meses despu\u00e9s de que expire la visa<\/li>\n<li>Una fotograf\u00eda para el visado<\/li>\n<li>El c\u00f3digo de confirmaci\u00f3n DS-160<\/li>\n<li>Los recibos de las tasas de visa L-1 pagadas<\/li>\n<li>Su carta de cita de visa L-1<\/li>\n<li>Dos copias del Formulario I-129 y del Formulario I-797 para peticiones individuales<\/li>\n<li>Tres copias del Formulario I-129S y tres copias del Formulario I-797 para peticiones globales<\/li>\n<li>Una carta de su empleador confirmando su transferencia que contiene la descripci\u00f3n de su trabajo<\/li>\n<li>Prueba de que ha trabajado con ese empleador durante al menos un a\u00f1o continuo durante los \u00faltimos 3 a\u00f1os antes de presentar la petici\u00f3n<\/li>\n<li>Cartas de empleadores anteriores<\/li>\n<li>Informaci\u00f3n de contacto para sus supervisores<\/li>\n<li>Informaci\u00f3n de contacto de dos compa\u00f1eros de trabajo en su trabajo actual y sus puestos de trabajo anteriores<\/li>\n<li>Fotograf\u00edas del interior y fuera de su lugar de trabajo<\/li>\n<li>Su curr\u00edculum o CV<\/li>\n<\/ul>\n<p>Usted tendr\u00e1 que asistir a su entrevista de visa, que es una parte importante del proceso de solicitud. El funcionario con el que hable tratar\u00e1 de asegurarse de que sus intenciones se alineen con el prop\u00f3sito de la visa L-1. Tambi\u00e9n ver\u00e1 si cumple con los requisitos para la visa y si el puesto que est\u00e1 tomando ser\u00e1 considerado ejecutivo, gerencial o trabajo especializado. Su entrevistador probablemente le har\u00e1 preguntas sobre su empleador, sus deberes laborales, sus conocimientos especializados y por qu\u00e9 lo que puede hacer es tan importante para su empleador. Siempre es mejor responder preguntas a lo mejor de su conocimiento y evitar dar informaci\u00f3n incompleta; de esa manera, puede evitar retrasos en su aplicaci\u00f3n.<\/p>\n<h3>\u00bfCu\u00e1nto cuesta la visa L-1?<\/h3>\n<p>La tarifa de presentaci\u00f3n para la visa L-1 es a partir de $190. Los empleadores deben pagar las tasas de presentaci\u00f3n &#8211; no pueden exigir a los empleados que las paguen.<\/p>\n<h3>\u00bfQu\u00e9 pasa con las familias de los beneficiarios de visas L-1?<\/h3>\n<p>Las familias de los trabajadores de L-1 normalmente pueden venir con el destinatario de la visa. Eso incluye c\u00f3nyuges e hijos solteros menores de 21 a\u00f1os. Estos miembros de la familia pueden solicitar la admisi\u00f3n a los EE.UU. en la categor\u00eda de visa de no inmigrante L-2. Los c\u00f3nyuges tambi\u00e9n pueden solicitar autorizaci\u00f3n de trabajo durante la duraci\u00f3n de su estancia en los EE. UU.<\/p>\n<h3>Peticiones generales para el Programa de Visas L-1<\/h3>\n<p>Algunas organizaciones pueden presentar una petici\u00f3n general que les permita transferir empleados a los Estados Unidos sin presentar peticiones individuales. Sin embargo, el empleador solo puede calificar para hacerlo si:<\/p>\n<ul>\n<li>Todas sus organizaciones calificadas se dedican a servicios comerciales o comerciales<\/li>\n<li>Tiene una oficina en EE.UU. que ha estado haciendo negocios por un a\u00f1o o m\u00e1s<\/li>\n<li>Tiene tres o m\u00e1s sucursales, subsidiarias y afiliadas nacionales y extranjeras<\/li>\n<li>Las organizaciones calificadas han obtenido al menos 10 aprobaciones de L-1 en el \u00faltimo a\u00f1o, tienen subsidiarias o afiliadas estadounidenses con ventas anuales combinadas de al menos $25 millones, o tienen una fuerza laboral estadounidense de al menos 1.000 empleados<\/li>\n<\/ul>\n<h3>\u00bfCu\u00e1ntos empleados de Visa L-1 puede tener una empresa?<\/h3>\n<p>No hay un l\u00edmite espec\u00edfico en el n\u00famero de empleados de visa L-1 que una empresa puede tener. Sin embargo, la empresa debe ser capaz de demostrar que cada persona que quiere transferir a los EE.UU. sirve en una capacidad ejecutiva o gerencial o tiene conocimiento especializado de la empresa y sus operaciones que es vital para la operaci\u00f3n continua de la empresa.<\/p>\n<h2>\u00bfNecesita hablar con un abogado de inmigraci\u00f3n de Dallas sobre visas L-1 para su empresa?<\/h2>\n<p>Si est\u00e1 buscando ayuda en visas L-1 para su organizaci\u00f3n, estamos aqu\u00ed para usted. Podemos ayudarle a entender el programa de visas L-1, solicitar visas (o presentar los formularios apropiados para una petici\u00f3n global para que su empresa pueda traer trabajadores sin presentar visas individuales), y trabajar a trav\u00e9s de todo el proceso. Ll\u00e1menos hoy o cont\u00e1ctenos en l\u00ednea para programar su consulta con un abogado de inmigraci\u00f3n experto y experimentado de Dallas.<\/p>\n<\/header>\n\t<h2><a href=\"https:\/\/gldlaw.com\/es\/contacto\/\">Haga Clic Hoy Para Su Consulta Gratis \u00bb<\/a><\/h2>\n\t\t\t<a href=\"https:\/\/gldlaw.com\/es\/contacto\/\" target=\"_self\">\n\t\t\t\t\t\t\tOprima Aqu\u00ed\n\t\t\t\t\t<\/a>\n\n","protected":false},"excerpt":{"rendered":"<p>Visados L-1 para transferidos dentro de la empresa en Texas Abogados De Visa L-1 De Dallas Los empleadores de los Estados Unidos pueden transferir ejecutivos que trabajan en oficinas extranjeras a oficinas con sede en los Estados Unidos bajo el programa de visas L-1. Sin embargo, el programa no est\u00e1 disponible para todo el mundo,&hellip;<\/p>\n","protected":false},"author":18,"featured_media":0,"parent":3412,"menu_order":0,"comment_status":"closed","ping_status":"closed","template":"","meta":{"_monsterinsights_skip_tracking":false,"_monsterinsights_sitenote_active":false,"_monsterinsights_sitenote_note":"","_monsterinsights_sitenote_category":0,"footnotes":""},"class_list":["post-7259","page","type-page","status-publish","hentry"],"yoast_head":"<!-- This site is optimized with the Yoast SEO plugin v27.4 - https:\/\/yoast.com\/product\/yoast-seo-wordpress\/ -->\n<title>Visados L-1 para Transferidos Dentro de La Empresa | GLD Law<\/title>\n<meta name=\"description\" content=\"Los empleadores de EE. UU. Pueden transferir a otros empleados de oficinas en el extranjero a oficinas en EE. UU. Con una visa L-1.\" \/>\n<meta name=\"robots\" content=\"index, follow, max-snippet:-1, max-image-preview:large, max-video-preview:-1\" \/>\n<link rel=\"canonical\" href=\"https:\/\/gldlaw.com\/es\/inmigracion\/la-inmigracion-de-negocios\/visa-l-1\/\" \/>\n<meta property=\"og:locale\" content=\"es_MX\" \/>\n<meta property=\"og:type\" content=\"article\" \/>\n<meta property=\"og:title\" content=\"Visados L-1 para Transferidos Dentro de La Empresa | GLD Law\" \/>\n<meta property=\"og:description\" content=\"Los empleadores de EE. UU. Pueden transferir a otros empleados de oficinas en el extranjero a oficinas en EE. UU. Con una visa L-1.\" \/>\n<meta property=\"og:url\" content=\"https:\/\/gldlaw.com\/es\/inmigracion\/la-inmigracion-de-negocios\/visa-l-1\/\" \/>\n<meta property=\"og:site_name\" content=\"Davis &amp; Associates\" \/>\n<meta property=\"article:publisher\" content=\"https:\/\/www.facebook.com\/GLDavisandAssociates\/\" \/>\n<meta property=\"article:modified_time\" content=\"2025-04-14T16:06:09+00:00\" \/>\n<meta property=\"og:image\" content=\"https:\/\/gldlaw.com\/wp-content\/uploads\/2020\/04\/2.-L-1-Visas-Dallas-Immigration-Attorney-scaled.jpg\" \/>\n<meta name=\"twitter:card\" content=\"summary_large_image\" \/>\n<meta name=\"twitter:site\" content=\"@GLD_Law\" \/>\n<meta name=\"twitter:label1\" content=\"Tiempo de lectura\" \/>\n\t<meta name=\"twitter:data1\" content=\"10 minutos\" \/>\n<script type=\"application\/ld+json\" class=\"yoast-schema-graph\">{\"@context\":\"https:\\\/\\\/schema.org\",\"@graph\":[{\"@type\":\"WebPage\",\"@id\":\"https:\\\/\\\/gldlaw.com\\\/es\\\/inmigracion\\\/la-inmigracion-de-negocios\\\/visa-l-1\\\/\",\"url\":\"https:\\\/\\\/gldlaw.com\\\/es\\\/inmigracion\\\/la-inmigracion-de-negocios\\\/visa-l-1\\\/\",\"name\":\"Visados L-1 para Transferidos Dentro de La Empresa | GLD Law\",\"isPartOf\":{\"@id\":\"https:\\\/\\\/gldlaw.com\\\/es\\\/#website\"},\"primaryImageOfPage\":{\"@id\":\"https:\\\/\\\/gldlaw.com\\\/es\\\/inmigracion\\\/la-inmigracion-de-negocios\\\/visa-l-1\\\/#primaryimage\"},\"image\":{\"@id\":\"https:\\\/\\\/gldlaw.com\\\/es\\\/inmigracion\\\/la-inmigracion-de-negocios\\\/visa-l-1\\\/#primaryimage\"},\"thumbnailUrl\":\"https:\\\/\\\/gldlaw.com\\\/wp-content\\\/uploads\\\/2020\\\/04\\\/2.-L-1-Visas-Dallas-Immigration-Attorney.jpg\",\"datePublished\":\"2020-04-13T19:15:40+00:00\",\"dateModified\":\"2025-04-14T16:06:09+00:00\",\"description\":\"Los empleadores de EE. UU. Pueden transferir a otros empleados de oficinas en el extranjero a oficinas en EE. UU. Con una visa L-1.\",\"breadcrumb\":{\"@id\":\"https:\\\/\\\/gldlaw.com\\\/es\\\/inmigracion\\\/la-inmigracion-de-negocios\\\/visa-l-1\\\/#breadcrumb\"},\"inLanguage\":\"es\",\"potentialAction\":[{\"@type\":\"ReadAction\",\"target\":[\"https:\\\/\\\/gldlaw.com\\\/es\\\/inmigracion\\\/la-inmigracion-de-negocios\\\/visa-l-1\\\/\"]}]},{\"@type\":\"ImageObject\",\"inLanguage\":\"es\",\"@id\":\"https:\\\/\\\/gldlaw.com\\\/es\\\/inmigracion\\\/la-inmigracion-de-negocios\\\/visa-l-1\\\/#primaryimage\",\"url\":\"https:\\\/\\\/gldlaw.com\\\/wp-content\\\/uploads\\\/2020\\\/04\\\/2.-L-1-Visas-Dallas-Immigration-Attorney.jpg\",\"contentUrl\":\"https:\\\/\\\/gldlaw.com\\\/wp-content\\\/uploads\\\/2020\\\/04\\\/2.-L-1-Visas-Dallas-Immigration-Attorney.jpg\"},{\"@type\":\"BreadcrumbList\",\"@id\":\"https:\\\/\\\/gldlaw.com\\\/es\\\/inmigracion\\\/la-inmigracion-de-negocios\\\/visa-l-1\\\/#breadcrumb\",\"itemListElement\":[{\"@type\":\"ListItem\",\"position\":1,\"name\":\"Home\",\"item\":\"https:\\\/\\\/gldlaw.com\\\/es\\\/\"},{\"@type\":\"ListItem\",\"position\":2,\"name\":\"Areas de Pr\u00e1ctica\",\"item\":\"https:\\\/\\\/gldlaw.com\\\/es\\\/inmigracion\\\/\"},{\"@type\":\"ListItem\",\"position\":3,\"name\":\"Inmigraci\u00f3n de Negocio\",\"item\":\"https:\\\/\\\/gldlaw.com\\\/es\\\/inmigracion\\\/la-inmigracion-de-negocios\\\/\"},{\"@type\":\"ListItem\",\"position\":4,\"name\":\"Visados L-1 para Transferidos Dentro de La Empresa\"}]},{\"@type\":\"WebSite\",\"@id\":\"https:\\\/\\\/gldlaw.com\\\/es\\\/#website\",\"url\":\"https:\\\/\\\/gldlaw.com\\\/es\\\/\",\"name\":\"Davis &amp; Associates\",\"description\":\"Dallas \\\/ Fort Worth Immigration Attorney\",\"potentialAction\":[{\"@type\":\"SearchAction\",\"target\":{\"@type\":\"EntryPoint\",\"urlTemplate\":\"https:\\\/\\\/gldlaw.com\\\/es\\\/?s={search_term_string}\"},\"query-input\":{\"@type\":\"PropertyValueSpecification\",\"valueRequired\":true,\"valueName\":\"search_term_string\"}}],\"inLanguage\":\"es\"}]}<\/script>\n<!-- \/ Yoast SEO plugin. -->","yoast_head_json":{"title":"Visados L-1 para Transferidos Dentro de La Empresa | GLD Law","description":"Los empleadores de EE. UU. Pueden transferir a otros empleados de oficinas en el extranjero a oficinas en EE. UU. Con una visa L-1.","robots":{"index":"index","follow":"follow","max-snippet":"max-snippet:-1","max-image-preview":"max-image-preview:large","max-video-preview":"max-video-preview:-1"},"canonical":"https:\/\/gldlaw.com\/es\/inmigracion\/la-inmigracion-de-negocios\/visa-l-1\/","og_locale":"es_MX","og_type":"article","og_title":"Visados L-1 para Transferidos Dentro de La Empresa | GLD Law","og_description":"Los empleadores de EE. UU. Pueden transferir a otros empleados de oficinas en el extranjero a oficinas en EE. UU. Con una visa L-1.","og_url":"https:\/\/gldlaw.com\/es\/inmigracion\/la-inmigracion-de-negocios\/visa-l-1\/","og_site_name":"Davis &amp; Associates","article_publisher":"https:\/\/www.facebook.com\/GLDavisandAssociates\/","article_modified_time":"2025-04-14T16:06:09+00:00","og_image":[{"url":"https:\/\/gldlaw.com\/wp-content\/uploads\/2020\/04\/2.-L-1-Visas-Dallas-Immigration-Attorney-scaled.jpg","type":"","width":"","height":""}],"twitter_card":"summary_large_image","twitter_site":"@GLD_Law","twitter_misc":{"Tiempo de lectura":"10 minutos"},"schema":{"@context":"https:\/\/schema.org","@graph":[{"@type":"WebPage","@id":"https:\/\/gldlaw.com\/es\/inmigracion\/la-inmigracion-de-negocios\/visa-l-1\/","url":"https:\/\/gldlaw.com\/es\/inmigracion\/la-inmigracion-de-negocios\/visa-l-1\/","name":"Visados L-1 para Transferidos Dentro de La Empresa | GLD Law","isPartOf":{"@id":"https:\/\/gldlaw.com\/es\/#website"},"primaryImageOfPage":{"@id":"https:\/\/gldlaw.com\/es\/inmigracion\/la-inmigracion-de-negocios\/visa-l-1\/#primaryimage"},"image":{"@id":"https:\/\/gldlaw.com\/es\/inmigracion\/la-inmigracion-de-negocios\/visa-l-1\/#primaryimage"},"thumbnailUrl":"https:\/\/gldlaw.com\/wp-content\/uploads\/2020\/04\/2.-L-1-Visas-Dallas-Immigration-Attorney.jpg","datePublished":"2020-04-13T19:15:40+00:00","dateModified":"2025-04-14T16:06:09+00:00","description":"Los empleadores de EE. UU. Pueden transferir a otros empleados de oficinas en el extranjero a oficinas en EE. UU. Con una visa L-1.","breadcrumb":{"@id":"https:\/\/gldlaw.com\/es\/inmigracion\/la-inmigracion-de-negocios\/visa-l-1\/#breadcrumb"},"inLanguage":"es","potentialAction":[{"@type":"ReadAction","target":["https:\/\/gldlaw.com\/es\/inmigracion\/la-inmigracion-de-negocios\/visa-l-1\/"]}]},{"@type":"ImageObject","inLanguage":"es","@id":"https:\/\/gldlaw.com\/es\/inmigracion\/la-inmigracion-de-negocios\/visa-l-1\/#primaryimage","url":"https:\/\/gldlaw.com\/wp-content\/uploads\/2020\/04\/2.-L-1-Visas-Dallas-Immigration-Attorney.jpg","contentUrl":"https:\/\/gldlaw.com\/wp-content\/uploads\/2020\/04\/2.-L-1-Visas-Dallas-Immigration-Attorney.jpg"},{"@type":"BreadcrumbList","@id":"https:\/\/gldlaw.com\/es\/inmigracion\/la-inmigracion-de-negocios\/visa-l-1\/#breadcrumb","itemListElement":[{"@type":"ListItem","position":1,"name":"Home","item":"https:\/\/gldlaw.com\/es\/"},{"@type":"ListItem","position":2,"name":"Areas de Pr\u00e1ctica","item":"https:\/\/gldlaw.com\/es\/inmigracion\/"},{"@type":"ListItem","position":3,"name":"Inmigraci\u00f3n de Negocio","item":"https:\/\/gldlaw.com\/es\/inmigracion\/la-inmigracion-de-negocios\/"},{"@type":"ListItem","position":4,"name":"Visados L-1 para Transferidos Dentro de La Empresa"}]},{"@type":"WebSite","@id":"https:\/\/gldlaw.com\/es\/#website","url":"https:\/\/gldlaw.com\/es\/","name":"Davis &amp; Associates","description":"Dallas \/ Fort Worth Immigration Attorney","potentialAction":[{"@type":"SearchAction","target":{"@type":"EntryPoint","urlTemplate":"https:\/\/gldlaw.com\/es\/?s={search_term_string}"},"query-input":{"@type":"PropertyValueSpecification","valueRequired":true,"valueName":"search_term_string"}}],"inLanguage":"es"}]}},"_links":{"self":[{"href":"https:\/\/gldlaw.com\/es\/wp-json\/wp\/v2\/pages\/7259","targetHints":{"allow":["GET"]}}],"collection":[{"href":"https:\/\/gldlaw.com\/es\/wp-json\/wp\/v2\/pages"}],"about":[{"href":"https:\/\/gldlaw.com\/es\/wp-json\/wp\/v2\/types\/page"}],"author":[{"embeddable":true,"href":"https:\/\/gldlaw.com\/es\/wp-json\/wp\/v2\/users\/18"}],"replies":[{"embeddable":true,"href":"https:\/\/gldlaw.com\/es\/wp-json\/wp\/v2\/comments?post=7259"}],"version-history":[{"count":5,"href":"https:\/\/gldlaw.com\/es\/wp-json\/wp\/v2\/pages\/7259\/revisions"}],"predecessor-version":[{"id":12095,"href":"https:\/\/gldlaw.com\/es\/wp-json\/wp\/v2\/pages\/7259\/revisions\/12095"}],"up":[{"embeddable":true,"href":"https:\/\/gldlaw.com\/es\/wp-json\/wp\/v2\/pages\/3412"}],"wp:attachment":[{"href":"https:\/\/gldlaw.com\/es\/wp-json\/wp\/v2\/media?parent=7259"}],"curies":[{"name":"wp","href":"https:\/\/api.w.org\/{rel}","templated":true}]}}