{"id":7276,"date":"2015-01-15T00:57:18","date_gmt":"2015-01-15T00:57:18","guid":{"rendered":"https:\/\/gldlaw.com\/attorneys\/"},"modified":"2023-11-06T22:26:46","modified_gmt":"2023-11-07T04:26:46","slug":"abogados","status":"publish","type":"page","link":"https:\/\/gldlaw.com\/es\/abogados\/","title":{"rendered":"Abogados"},"content":{"rendered":"\n\n\t<h1>NUESTROS ABOGADOS DE INMIGRACI\u00d3N<\/h1>\n\t<p>En Davis &amp; Associates, manejamos todos los aspectos de la ley de inmigraci\u00f3n.<\/p>\n<p>Si ha hablado con un abogado que no se ocupa de la inmigraci\u00f3n basada en el empleo, lo hacemos.<\/p>\n<p>Si habla con un abogado que no defiende la deportaci\u00f3n, lo hacemos.<\/p>\n<p>Si habla con una firma que no se ocupa de casos de exenci\u00f3n, nosotros lo hacemos.<\/p>\n<p>Ya se trate de apelaciones, procedimientos de<\/p>\n\t<iframe loading=\"lazy\" title=\"Bufete De Abogados De Inmigraci\u00f3n Davis &amp; Associates\" width=\"500\" height=\"281\" src=\"https:\/\/www.youtube.com\/embed\/qv8b9EifqHc?feature=oembed\" frameborder=\"0\" allow=\"accelerometer; autoplay; clipboard-write; encrypted-media; gyroscope; picture-in-picture; web-share\" allowfullscreen><\/iframe>\n\t<p>deportaci\u00f3n, visas de inversionista, certificaci\u00f3n laboral, exenciones de inter\u00e9s nacional, visas de capacidad extraordinaria, artistas int\u00e9rpretes o ejecutantes, atletas profesionales, litigios de fianza, opiniones de asesoramiento sobre consecuencias penales o cualquier problema, si se trata de la ley de inmigraci\u00f3n de EE. UU., Lo hacemos y lo he hecho con \u00e9xito durante 30 a\u00f1os combinados.<\/p>\n<p>Si el problema se puede resolver, encontraremos la soluci\u00f3n. Si no se puede resolver, te lo diremos y te diremos por qu\u00e9.<\/p>\n<p>Nuestro personal es multiling\u00fce y muchos de nosotros hemos pasado por el proceso de inmigraci\u00f3n con nuestras familias y seres queridos. Entendemos c\u00f3mo se siente y realmente se preocupa por ayudarlo a alcanzar sus metas de inmigraci\u00f3n. Nuestro lema es &#8220;Familias, no archivos&#8221; porque cuando hace negocios con nosotros, no es un archivo m\u00e1s en nuestros escritorios. Lea m\u00e1s sobre cada uno de nuestros abogados de inmigraci\u00f3n a continuaci\u00f3n.<\/p>\n<h2>Conozca a Nuestros Abogados<\/h2>\n\t\t\t\t<a href=\"https:\/\/gldlaw.com\/attorneys\/garry-davis\/\" target=\"_self\" itemprop=\"url\" rel=\"noopener\">\n\t\t\t\t<img loading=\"lazy\" decoding=\"async\" src=\"https:\/\/gldlaw.com\/wp-content\/uploads\/2019\/10\/IMG_6546-1-200x300.jpg\" alt=\"IMG_6546\" itemprop=\"image\" height=\"300\" width=\"200\" title=\"IMG_6546\" onerror=\"this.style.display='none'\"  \/>\n\t\t\t\t<\/a>\n\t<h2>Garry Davis<\/h2>\n<h5>Abogado de Inmigraci\u00f3n<\/h5>\n<p>Nuestro fundador y socio gerente, Garry Davis, practica la ley de inmigraci\u00f3n exclusivamente. Su experiencia abarca todas las \u00e1reas de la ley de inmigraci\u00f3n, con especial \u00e9nfasis en la deportaci\u00f3n &#8230;<\/p>\n\t\t\t<a href=\"https:\/\/gldlaw.com\/es\/abogados\/garry-davis\/\" target=\"_self\" rel=\"noopener\">\n\t\t\t\t\t\t\tVER PERFIL COMPLETO\n\t\t\t\t\t<\/a>\n\t\t\t\t<a href=\"https:\/\/gldlaw.com\/attorneys\/beatriz-godoy\/\" target=\"_self\" itemprop=\"url\" rel=\"noopener\">\n\t\t\t\t<img loading=\"lazy\" decoding=\"async\" src=\"https:\/\/gldlaw.com\/wp-content\/uploads\/2023\/01\/IMG_6507.jpeg\" alt=\"IMG_6507\" itemprop=\"image\" height=\"300\" width=\"200\" title=\"IMG_6507\" onerror=\"this.style.display='none'\"  \/>\n\t\t\t\t<\/a>\n\t<h2>Beatriz Godoy<\/h2>\n<h5>Abogado de Inmigraci\u00f3n<\/h5>\n<p>Beatriz naci\u00f3 en 1979 en Hialeah, Florida, y se gradu\u00f3 de Monsignor Edward Pace High School en 1997. Recibi\u00f3 una beca completa en Barry University en Miami para obtener su t\u00edtulo de cuatro a\u00f1os.<\/p>\n\t\t\t<a href=\"https:\/\/gldlaw.com\/es\/abogados\/beatriz-godoy\/\" target=\"_self\" rel=\"noopener\">\n\t\t\t\t\t\t\tVER PERFIL COMPLETO\n\t\t\t\t\t<\/a>\n\t\t\t\t<a href=\"https:\/\/gldlaw.com\/attorneys\/cristina-marrero-rodriguez\/\" target=\"_self\" itemprop=\"url\" rel=\"noopener\">\n\t\t\t\t<img loading=\"lazy\" decoding=\"async\" src=\"https:\/\/gldlaw.com\/wp-content\/uploads\/2022\/05\/Cristina-Marrero-Rodri\u0301guez-Bio-Photo.jpeg\" alt=\"Cristina Marrero Rodri\u0301guez Bio Photo\" itemprop=\"image\" height=\"300\" width=\"203\" title=\"Cristina Marrero Rodri\u0301guez Bio Photo\" onerror=\"this.style.display='none'\"  \/>\n\t\t\t\t<\/a>\n\t<h2>Cristina Marrero Rodr\u00edguez<\/h2>\n<h5>Abogado de Inmigraci\u00f3n<\/h5>\n<p>Cristina Marrero Rodr\u00edguez naci\u00f3 y se cri\u00f3 en la isla de Puerto Rico y habla ingl\u00e9s y espa\u00f1ol con fluidez. Siempre le ha gustado ayudar a las personas y est\u00e1 especialmente emocionada de poder hacerlo en el campo de la inmigraci\u00f3n.<\/p>\n\t\t\t<a href=\"https:\/\/gldlaw.com\/attorneys\/cristina-marrero-rodriguez\/\" target=\"_self\" rel=\"noopener\">\n\t\t\t\t\t\t\tVER PERFIL COMPLETO\n\t\t\t\t\t<\/a>\n\t\t\t\t<a href=\"https:\/\/gldlaw.com\/es\/abogados\/john-paul-powelson\/\" target=\"_self\" itemprop=\"url\" rel=\"noopener\">\n\t\t\t\t<img loading=\"lazy\" decoding=\"async\" src=\"https:\/\/gldlaw.com\/wp-content\/uploads\/2020\/10\/JP-Profile-Pic-1-204x300.jpg\" alt=\"JP Profile Pic (1)\" itemprop=\"image\" height=\"300\" width=\"204\" title=\"JP Profile Pic (1)\" onerror=\"this.style.display='none'\"  \/>\n\t\t\t\t<\/a>\n\t<h2>John Paul Powelson<\/h2>\n<h5>Abogado de Inmigraci\u00f3n<\/h5>\n<p>John Paul ha adquirido una amplia experiencia en una amplia gama de asuntos de inmigraci\u00f3n como inmigraci\u00f3n familiar, asilo, cancelaci\u00f3n de deportaci\u00f3n, DACA, Visa U, Visa T, exenciones, bonos, ciudadan\u00eda y muchos otros.<\/p>\n\t\t\t<a href=\"https:\/\/gldlaw.com\/es\/abogados\/john-paul-powelson\/\" target=\"_self\" rel=\"noopener\">\n\t\t\t\t\t\t\tVER PERFIL COMPLETO\n\t\t\t\t\t<\/a>\n\t\t\t\t<a href=\"https:\/\/gldlaw.com\/es\/abogados\/joel-hernandez\/\" target=\"_self\" itemprop=\"url\" rel=\"noopener\">\n\t\t\t\t<img loading=\"lazy\" decoding=\"async\" src=\"https:\/\/gldlaw.com\/wp-content\/uploads\/2021\/08\/Joel-Hernandez-1.jpg\" alt=\"Joel Hernandez\" itemprop=\"image\" height=\"300\" width=\"201\" title=\"Joel Hernandez\" onerror=\"this.style.display='none'\"  \/>\n\t\t\t\t<\/a>\n\t<h2>Joel Hernandez<\/h2>\n<h5>Abogado de Inmigraci\u00f3n<\/h5>\n<p>Joel siempre luchar\u00e1 por sus clientes y est\u00e1 ansioso por ayudar a muchas m\u00e1s personas. Lidera cada caso con pasi\u00f3n y dedicaci\u00f3n por inmigrantes como \u00e9l.<\/p>\n\t\t\t<a href=\"https:\/\/gldlaw.com\/es\/abogados\/joel-hernandez\/\" target=\"_self\" rel=\"noopener\">\n\t\t\t\t\t\t\tVER PERFIL COMPLETO\n\t\t\t\t\t<\/a>\n\t\t\t\t<a href=\"https:\/\/gldlaw.com\/es\/abogados\/jose-aponte\/\" target=\"_self\" itemprop=\"url\" rel=\"noopener\">\n\t\t\t\t<img loading=\"lazy\" decoding=\"async\" src=\"https:\/\/gldlaw.com\/wp-content\/uploads\/2023\/03\/Jose-Aponte-Davis-Associates-in-Houston.jpg\" alt=\"Jose Aponte - Davis &amp; Associates in Houston\" itemprop=\"image\" height=\"300\" width=\"204\" title=\"Jose Aponte - Davis &amp; Associates in Houston\" onerror=\"this.style.display='none'\"  \/>\n\t\t\t\t<\/a>\n\t<h2>Jose Aponte<\/h2>\n<h5>Abogado de Inmigraci\u00f3n<\/h5>\n<p>Jos\u00e9 tiene experiencia y es un apasionado de los casos complejos de la ley de inmigraci\u00f3n, incluida la representaci\u00f3n de clientes \u00a0en \u00e1reas como un sistema, cancelaci\u00f3n de expulsi\u00f3n, Visa U, ciudadan\u00eda, as\u00ed como en otras \u00e1reas.<\/p>\n\t\t\t<a href=\"https:\/\/gldlaw.com\/es\/abogados\/jose-aponte\/\" target=\"_self\" rel=\"noopener\">\n\t\t\t\t\t\t\tVER PERFIL COMPLETO\n\t\t\t\t\t<\/a>\n\t\t\t\t<a href=\"https:\/\/gldlaw.com\/es\/abogados\/claire-mcvey-carmona\/\" target=\"_self\" itemprop=\"url\" rel=\"noopener\">\n\t\t\t\t<img loading=\"lazy\" decoding=\"async\" src=\"https:\/\/gldlaw.com\/wp-content\/uploads\/2023\/07\/Claire-McVey-Carmona-Davis-Associates-Deportation-Immigration-Attorney-1.png\" alt=\"Claire McVey Carmona - Davis &amp; Associates - Deportation Immigration Attorney (1)\" itemprop=\"image\" height=\"300\" width=\"201\" title=\"Claire McVey Carmona - Davis &amp; Associates - Deportation Immigration Attorney (1)\" onerror=\"this.style.display='none'\"  \/>\n\t\t\t\t<\/a>\n\t<h2>Claire McVey Carmona<\/h2>\n<h5>Abogado de Inmigraci\u00f3n<\/h5>\n<p>Claire disfruta de todos los aspectos de la ley de inmigraci\u00f3n, pero se especializa en defensa de deportaci\u00f3n, alivio posterior a la deportaci\u00f3n y visas especiales para v\u00edctimas de violencia dom\u00e9stica, trata de personas y otros actos delictivos.<\/p>\n\t\t\t<a href=\"https:\/\/gldlaw.com\/es\/abogados\/claire-mcvey-carmona\/\" target=\"_self\" rel=\"noopener\">\n\t\t\t\t\t\t\tVER PERFIL COMPLETO\n\t\t\t\t\t<\/a>\n\t<h2><a href=\"https:\/\/gldlaw.com\/es\/contacto\/\">Haga Click Hoy Para Su Consulta Gratis \u00bb<\/a><\/h2>\n\t\t\t<a href=\"https:\/\/gldlaw.com\/es\/contacto\/\" target=\"_self\" rel=\"noopener\">\n\t\t\t\t\t\t\tOprima Aqu\u00ed\n\t\t\t\t\t<\/a>\n\n","protected":false},"excerpt":{"rendered":"<p>NUESTROS ABOGADOS DE INMIGRACI\u00d3N En Davis &amp; Associates, manejamos todos los aspectos de la ley de inmigraci\u00f3n. Si ha hablado con un abogado que no se ocupa de la inmigraci\u00f3n basada en el empleo, lo hacemos. Si habla con un abogado que no defiende la deportaci\u00f3n, lo hacemos. Si habla con una firma que no&hellip;<\/p>\n","protected":false},"author":7,"featured_media":0,"parent":0,"menu_order":0,"comment_status":"closed","ping_status":"closed","template":"","meta":{"_monsterinsights_skip_tracking":false,"_monsterinsights_sitenote_active":false,"_monsterinsights_sitenote_note":"","_monsterinsights_sitenote_category":0,"footnotes":""},"class_list":["post-7276","page","type-page","status-publish","hentry"],"yoast_head":"<!-- This site is optimized with the Yoast SEO plugin v27.3 - https:\/\/yoast.com\/product\/yoast-seo-wordpress\/ -->\n<title>Abogados de inmigraci\u00f3n de Texas | Davis &amp; Associates | Dallas y Houston<\/title>\n<meta name=\"description\" content=\"Entendemos TODAS las opciones de inmigraci\u00f3n y podemos ayudar a resolver su problema con la mayor probabilidad de \u00e9xito.\" \/>\n<meta name=\"robots\" content=\"index, follow, max-snippet:-1, max-image-preview:large, max-video-preview:-1\" \/>\n<link rel=\"canonical\" href=\"https:\/\/gldlaw.com\/es\/abogados\/\" \/>\n<meta property=\"og:locale\" content=\"es_MX\" \/>\n<meta property=\"og:type\" content=\"article\" \/>\n<meta property=\"og:title\" content=\"Abogados de inmigraci\u00f3n de Texas | Davis &amp; Associates | Dallas y Houston\" \/>\n<meta property=\"og:description\" content=\"Entendemos TODAS las opciones de inmigraci\u00f3n y podemos ayudar a resolver su problema con la mayor probabilidad de \u00e9xito.\" \/>\n<meta property=\"og:url\" content=\"https:\/\/gldlaw.com\/es\/abogados\/\" \/>\n<meta property=\"og:site_name\" content=\"Davis &amp; Associates\" \/>\n<meta property=\"article:publisher\" content=\"https:\/\/www.facebook.com\/GLDavisandAssociates\/\" \/>\n<meta property=\"article:modified_time\" content=\"2023-11-07T04:26:46+00:00\" \/>\n<meta property=\"og:image\" content=\"https:\/\/gldlaw.com\/wp-content\/uploads\/2019\/10\/IMG_6546-1-200x300.jpg\" \/>\n<meta name=\"twitter:card\" content=\"summary_large_image\" \/>\n<meta name=\"twitter:site\" content=\"@GLD_Law\" \/>\n<meta name=\"twitter:label1\" content=\"Tiempo de lectura\" \/>\n\t<meta name=\"twitter:data1\" content=\"3 minutos\" \/>\n<script type=\"application\/ld+json\" class=\"yoast-schema-graph\">{\"@context\":\"https:\\\/\\\/schema.org\",\"@graph\":[{\"@type\":\"WebPage\",\"@id\":\"https:\\\/\\\/gldlaw.com\\\/es\\\/abogados\\\/\",\"url\":\"https:\\\/\\\/gldlaw.com\\\/es\\\/abogados\\\/\",\"name\":\"Abogados de inmigraci\u00f3n de Texas | Davis & Associates | Dallas y Houston\",\"isPartOf\":{\"@id\":\"https:\\\/\\\/gldlaw.com\\\/es\\\/#website\"},\"primaryImageOfPage\":{\"@id\":\"https:\\\/\\\/gldlaw.com\\\/es\\\/abogados\\\/#primaryimage\"},\"image\":{\"@id\":\"https:\\\/\\\/gldlaw.com\\\/es\\\/abogados\\\/#primaryimage\"},\"thumbnailUrl\":\"https:\\\/\\\/gldlaw.com\\\/wp-content\\\/uploads\\\/2019\\\/10\\\/IMG_6546-1-200x300.jpg\",\"datePublished\":\"2015-01-15T00:57:18+00:00\",\"dateModified\":\"2023-11-07T04:26:46+00:00\",\"description\":\"Entendemos TODAS las opciones de inmigraci\u00f3n y podemos ayudar a resolver su problema con la mayor probabilidad de \u00e9xito.\",\"breadcrumb\":{\"@id\":\"https:\\\/\\\/gldlaw.com\\\/es\\\/abogados\\\/#breadcrumb\"},\"inLanguage\":\"es\",\"potentialAction\":[{\"@type\":\"ReadAction\",\"target\":[\"https:\\\/\\\/gldlaw.com\\\/es\\\/abogados\\\/\"]}]},{\"@type\":\"ImageObject\",\"inLanguage\":\"es\",\"@id\":\"https:\\\/\\\/gldlaw.com\\\/es\\\/abogados\\\/#primaryimage\",\"url\":\"https:\\\/\\\/gldlaw.com\\\/wp-content\\\/uploads\\\/2019\\\/10\\\/IMG_6546-1-200x300.jpg\",\"contentUrl\":\"https:\\\/\\\/gldlaw.com\\\/wp-content\\\/uploads\\\/2019\\\/10\\\/IMG_6546-1-200x300.jpg\"},{\"@type\":\"BreadcrumbList\",\"@id\":\"https:\\\/\\\/gldlaw.com\\\/es\\\/abogados\\\/#breadcrumb\",\"itemListElement\":[{\"@type\":\"ListItem\",\"position\":1,\"name\":\"Home\",\"item\":\"https:\\\/\\\/gldlaw.com\\\/es\\\/\"},{\"@type\":\"ListItem\",\"position\":2,\"name\":\"Abogados\"}]},{\"@type\":\"WebSite\",\"@id\":\"https:\\\/\\\/gldlaw.com\\\/es\\\/#website\",\"url\":\"https:\\\/\\\/gldlaw.com\\\/es\\\/\",\"name\":\"Davis &amp; Associates\",\"description\":\"Dallas \\\/ Fort Worth Immigration Attorney\",\"potentialAction\":[{\"@type\":\"SearchAction\",\"target\":{\"@type\":\"EntryPoint\",\"urlTemplate\":\"https:\\\/\\\/gldlaw.com\\\/es\\\/?s={search_term_string}\"},\"query-input\":{\"@type\":\"PropertyValueSpecification\",\"valueRequired\":true,\"valueName\":\"search_term_string\"}}],\"inLanguage\":\"es\"}]}<\/script>\n<!-- \/ Yoast SEO plugin. -->","yoast_head_json":{"title":"Abogados de inmigraci\u00f3n de Texas | Davis & Associates | Dallas y Houston","description":"Entendemos TODAS las opciones de inmigraci\u00f3n y podemos ayudar a resolver su problema con la mayor probabilidad de \u00e9xito.","robots":{"index":"index","follow":"follow","max-snippet":"max-snippet:-1","max-image-preview":"max-image-preview:large","max-video-preview":"max-video-preview:-1"},"canonical":"https:\/\/gldlaw.com\/es\/abogados\/","og_locale":"es_MX","og_type":"article","og_title":"Abogados de inmigraci\u00f3n de Texas | Davis & Associates | Dallas y Houston","og_description":"Entendemos TODAS las opciones de inmigraci\u00f3n y podemos ayudar a resolver su problema con la mayor probabilidad de \u00e9xito.","og_url":"https:\/\/gldlaw.com\/es\/abogados\/","og_site_name":"Davis &amp; Associates","article_publisher":"https:\/\/www.facebook.com\/GLDavisandAssociates\/","article_modified_time":"2023-11-07T04:26:46+00:00","og_image":[{"url":"https:\/\/gldlaw.com\/wp-content\/uploads\/2019\/10\/IMG_6546-1-200x300.jpg","type":"","width":"","height":""}],"twitter_card":"summary_large_image","twitter_site":"@GLD_Law","twitter_misc":{"Tiempo de lectura":"3 minutos"},"schema":{"@context":"https:\/\/schema.org","@graph":[{"@type":"WebPage","@id":"https:\/\/gldlaw.com\/es\/abogados\/","url":"https:\/\/gldlaw.com\/es\/abogados\/","name":"Abogados de inmigraci\u00f3n de Texas | Davis & Associates | Dallas y Houston","isPartOf":{"@id":"https:\/\/gldlaw.com\/es\/#website"},"primaryImageOfPage":{"@id":"https:\/\/gldlaw.com\/es\/abogados\/#primaryimage"},"image":{"@id":"https:\/\/gldlaw.com\/es\/abogados\/#primaryimage"},"thumbnailUrl":"https:\/\/gldlaw.com\/wp-content\/uploads\/2019\/10\/IMG_6546-1-200x300.jpg","datePublished":"2015-01-15T00:57:18+00:00","dateModified":"2023-11-07T04:26:46+00:00","description":"Entendemos TODAS las opciones de inmigraci\u00f3n y podemos ayudar a resolver su problema con la mayor probabilidad de \u00e9xito.","breadcrumb":{"@id":"https:\/\/gldlaw.com\/es\/abogados\/#breadcrumb"},"inLanguage":"es","potentialAction":[{"@type":"ReadAction","target":["https:\/\/gldlaw.com\/es\/abogados\/"]}]},{"@type":"ImageObject","inLanguage":"es","@id":"https:\/\/gldlaw.com\/es\/abogados\/#primaryimage","url":"https:\/\/gldlaw.com\/wp-content\/uploads\/2019\/10\/IMG_6546-1-200x300.jpg","contentUrl":"https:\/\/gldlaw.com\/wp-content\/uploads\/2019\/10\/IMG_6546-1-200x300.jpg"},{"@type":"BreadcrumbList","@id":"https:\/\/gldlaw.com\/es\/abogados\/#breadcrumb","itemListElement":[{"@type":"ListItem","position":1,"name":"Home","item":"https:\/\/gldlaw.com\/es\/"},{"@type":"ListItem","position":2,"name":"Abogados"}]},{"@type":"WebSite","@id":"https:\/\/gldlaw.com\/es\/#website","url":"https:\/\/gldlaw.com\/es\/","name":"Davis &amp; Associates","description":"Dallas \/ Fort Worth Immigration Attorney","potentialAction":[{"@type":"SearchAction","target":{"@type":"EntryPoint","urlTemplate":"https:\/\/gldlaw.com\/es\/?s={search_term_string}"},"query-input":{"@type":"PropertyValueSpecification","valueRequired":true,"valueName":"search_term_string"}}],"inLanguage":"es"}]}},"_links":{"self":[{"href":"https:\/\/gldlaw.com\/es\/wp-json\/wp\/v2\/pages\/7276","targetHints":{"allow":["GET"]}}],"collection":[{"href":"https:\/\/gldlaw.com\/es\/wp-json\/wp\/v2\/pages"}],"about":[{"href":"https:\/\/gldlaw.com\/es\/wp-json\/wp\/v2\/types\/page"}],"author":[{"embeddable":true,"href":"https:\/\/gldlaw.com\/es\/wp-json\/wp\/v2\/users\/7"}],"replies":[{"embeddable":true,"href":"https:\/\/gldlaw.com\/es\/wp-json\/wp\/v2\/comments?post=7276"}],"version-history":[{"count":17,"href":"https:\/\/gldlaw.com\/es\/wp-json\/wp\/v2\/pages\/7276\/revisions"}],"predecessor-version":[{"id":10638,"href":"https:\/\/gldlaw.com\/es\/wp-json\/wp\/v2\/pages\/7276\/revisions\/10638"}],"wp:attachment":[{"href":"https:\/\/gldlaw.com\/es\/wp-json\/wp\/v2\/media?parent=7276"}],"curies":[{"name":"wp","href":"https:\/\/api.w.org\/{rel}","templated":true}]}}