{"id":7362,"date":"2020-10-06T21:52:31","date_gmt":"2020-10-06T21:52:31","guid":{"rendered":"https:\/\/gldlaw.com\/inmigracion\/visas\/student-visa\/"},"modified":"2025-04-14T11:49:11","modified_gmt":"2025-04-14T16:49:11","slug":"visa-f-1","status":"publish","type":"page","link":"https:\/\/gldlaw.com\/es\/inmigracion\/visas\/visa-f-1\/","title":{"rendered":"Visa F-1: Gu\u00eda para una Visa de Estudiante"},"content":{"rendered":"\n\n\t<h1>Visa F-1: Gu\u00eda para una Visa de Estudiante en Texas<\/h1>\n\t<h2><em><strong>\u00bfQui\u00e9n puede solicitar<\/strong><\/em> <em><strong>una visa de estudiante?<\/strong><\/em><\/h2>\n\t<p>La educaci\u00f3n es quiz\u00e1s la herramienta m\u00e1s poderosa disponible para las personas de todo el mundo: es una clave universal para las oportunidades, la experiencia cultural, el crecimiento y la transformaci\u00f3n. Cada a\u00f1o, miles de personas esperan asistir a las escuelas o lograr m\u00e1s capacitaci\u00f3n en los Estados Unidos. Afortunadamente, las visas de estudiante permiten este tipo de experiencia, abriendo las puertas a innumerables estudiantes, aprendices y otros estudiantes.<\/p>\n<p>Hay dos tipos principales de visas de estudiante: F-1 y M-1. La visa F-1 es el tipo m\u00e1s com\u00fan que los estudiantes usan; muchas personas prefieren trabajar con un <a href=\"https:\/\/gldlaw.com\/es\/inmigracion\/visas\/\">abogado de visa de estudiante de<\/a> Dallas o Houston para trabajar a trav\u00e9s del proceso de solicitud.<\/p>\n\t\t\t\t<img loading=\"lazy\" decoding=\"async\" src=\"https:\/\/gldlaw.com\/wp-content\/uploads\/2020\/10\/F-1-Visas-Guide-To-Student-Visas.png\" alt=\"F-1 Visas - Guide To Student Visas\" itemprop=\"image\" height=\"800\" width=\"1200\" title=\"F-1 Visas - Guide To Student Visas\" onerror=\"this.style.display='none'\"  \/>\n\t<p>Pero \u00bfqui\u00e9n es exactamente elegible para una visa de estudiante F-1? \u00bfCu\u00e1les son los requisitos b\u00e1sicos para las aplicaciones? \u00bfY qu\u00e9 tipos de visas de estudiante est\u00e1n disponibles? Las respuestas est\u00e1n en esta gu\u00eda de visas F-1.<\/p>\n\t<h2><a href=\"https:\/\/gldlaw.com\/es\/contacto\/\">PROGRAMA TU CONSULTA GRATUITA HOY \u00bb<\/a><\/h2>\n\t\t\t<a href=\"https:\/\/gldlaw.com\/es\/contacto\/\" target=\"_self\">\n\t\t\t\t\t\t\tCOMENZAR \u00bb\n\t\t\t\t\t<\/a>\n<header>\n<h2><strong>Gu\u00eda para Visas F-1<\/strong><\/h2>\n<p>Las visas F est\u00e1n disponibles para las personas que quieren entrar a los Estados Unidos para asistir:<\/p>\n<ul>\n<li>Universidad o colegio universitario<\/li>\n<li>Escuela secundaria<\/li>\n<li>Escuela primaria privada<\/li>\n<li>Seminario<\/li>\n<li>Conservatorio<\/li>\n<li>Otra instituci\u00f3n acad\u00e9mica, incluyendo programas de capacitaci\u00f3n en idiomas<\/li>\n<\/ul>\n<p>Si desea venir a los EE. UU. para asistir a una escuela vocacional u otra instituci\u00f3n reconocida pero no acad\u00e9mica (que no sea un programa de idiomas), necesitar\u00e1 una visa M. Del mismo modo, si usted est\u00e1 viniendo aqu\u00ed para participar en un curso recreativo corto de estudio &#8211; algo que no va a ganar cr\u00e9dito hacia un t\u00edtulo o un certificado acad\u00e9mico, una visa B puede ser m\u00e1s apropiado. Por \u00faltimo, una visa J est\u00e1 disponible para las personas que necesitan capacitaci\u00f3n pr\u00e1ctica que no est\u00e1 disponible en su pa\u00eds de origen; la formaci\u00f3n de esa naturaleza debe estar directamente relacionada con el programa acad\u00e9mico del estudiante. Si usted no est\u00e1 seguro de qu\u00e9 tipo de visa de estudiante es adecuado para usted, su mejor opci\u00f3n es hablar con un abogado de inmigraci\u00f3n que puede darle orientaci\u00f3n.<\/p>\n<h3><strong>Requisitos de Visa de Estudiante<\/strong><\/h3>\n<p>Mientras que los solicitantes de una visa de estudiante deben cumplir con las especificaciones de visa est\u00e1ndar, hay un requisito adicional que los candidatos deben cumplir. Cualquier persona que solicite la consideraci\u00f3n de una visa de estudiante F o M tambi\u00e9n debe haber sido aceptada en una escuela, instituci\u00f3n u otra organizaci\u00f3n aprobada por el SEVP. Esta organizaci\u00f3n proporcionar\u00e1 papeleo esencial para la solicitud del estudiante (visas F o M).<\/p>\n<p>Los estudiantes que soliciten visas de estudiante J necesitar\u00e1n que su organizaci\u00f3n act\u00fae como patrocinador durante su solicitud, por lo que la aceptaci\u00f3n a cualquier programa tambi\u00e9n debe organizarse con anticipaci\u00f3n.<\/p>\n<h4><strong>\u00bfQu\u00e9 significa &#8220;aprobado por SEVP&#8221;?<\/strong><\/h4>\n<p>Cuando una escuela u otra instituci\u00f3n es aprobada por SEVP, ha sido revisada y examinada por el <a href=\"https:\/\/studyinthestates.dhs.gov\/school-search\">Programa de Intercambio Estudiantil y Visitantes.<\/a>.<\/p>\n<\/header>\n\t<h2><a href=\"https:\/\/gldlaw.com\/es\/contacto\/\">PROGRAMA TU CONSULTA GRATUITA HOY \u00bb<\/a><\/h2>\n\t\t\t<a href=\"https:\/\/gldlaw.com\/es\/contacto\/\" target=\"_self\">\n\t\t\t\t\t\t\tCOMENZAR \u00bb\n\t\t\t\t\t<\/a>\n<header>\n<h2><strong>Tipos de<\/strong> <strong>Visas de Estudiante<\/strong><\/h2>\n<p>Hay tres tipos de visas de estudiante: visas J, visas M y visas F. Cada visa est\u00e1 disponible para una clase ligeramente diferente de estudiantes.<\/p>\n<p>Todas las visas de estudiante son visas de no inmigrante. Esto significa que son temporales y est\u00e1n supeditados al curso de estudio o experiencia de intercambio de un estudiante. Una vez completada la experiencia educativa, los titulares de visas suelen tener de 30 a 60 d\u00edas para salir de los EE. UU. y regresar a casa.<\/p>\n<h3><strong>F Visas<\/strong><\/h3>\n<p>El tipo m\u00e1s popular de visa de estudiante, visas F permiten a los extranjeros venir a los EE. UU. para estudiar en las universidades. Tambi\u00e9n permiten que los estudiantes de intercambio estudien en escuelas secundarias estadounidenses y escuelas primarias privadas. Para solicitar una visa F, un estudiante primero debe ser aceptado en una universidad o programa de intercambio aprobado por SEVP. Despu\u00e9s de eso, la instituci\u00f3n trabajar\u00eda con el solicitante de visa para proporcionar la documentaci\u00f3n de solicitud necesaria (Formulario I-20).<\/p>\n<p>Como nota, las visas F tambi\u00e9n est\u00e1n disponibles para los estudiantes que asisten a programas de idiomas especializados y seminario.<\/p>\n<p>Finalmente, los miembros de la familia de los titulares de visa F-1 pueden venir a los EE. UU. con ellos. Estos incluyen c\u00f3nyuges e hijos solteros menores de 21 a\u00f1os, que ser\u00edan elegibles para visas F-2.<\/p>\n<h3><strong>\u00bfQu\u00e9 pasa con la<\/strong> <strong>entrevista de Visa F?<\/strong><\/h3>\n<p>T\u00edpicamente, usted debe asistir a una entrevista con un funcionario de USCIS para obtener una visa F. Sin embargo, hay algunas excepciones, como las personas de 13 a\u00f1os o menos y las que tienen 80 a\u00f1os o m\u00e1s. Todas las dem\u00e1s personas de 14 a 79 a\u00f1os, generalmente deben entrevistarse en la embajada o consulado de los Estados Unidos en su pa\u00eds de origen.<\/p>\n<h3><strong>Cu\u00e1ndo puedo entrar a los EE.UU.<\/strong> <strong>como un nuevo estudiante con<\/strong> una<strong> visa F?<\/strong><\/h3>\n<p>Si el gobierno de los Estados Unidos concede su petici\u00f3n de visa para estudiar aqu\u00ed, usted puede recibir su visa hasta 120 d\u00edas antes de que su programa de estudio est\u00e9 programado para comenzar. Sin embargo, no puede ingresar a los Estados Unidos con una visa de estudiante (de cualquier tipo) m\u00e1s de 30 d\u00edas antes de la fecha de inicio de su programa.<\/p>\n<h3><strong>Cu\u00e1ndo puedo entrar a los EE.UU.<\/strong> <strong>como estudiante continuo con<\/strong> una<strong> visa F?<\/strong><\/h3>\n<p>La \u00fanica manera de obtener una visa F como estudiante continuo es renovar su visa original, la que solicit\u00f3 como nuevo estudiante. Si usted es un estudiante continuo, puede volver a entrar en los Estados Unidos en cualquier momento antes de que comiencen sus clases.<\/p>\n<h3><strong>\u00bfQu\u00e9 tipo de<\/strong> <strong>documentaci\u00f3n necesita para una visa F?<\/strong><\/h3>\n<p>Para presentar su petici\u00f3n de visa F, necesitar\u00e1:<\/p>\n<ul>\n<li>Un pasaporte que es v\u00e1lido para viajar a los Estados Unidos, y debe seguir siendo v\u00e1lido durante al menos 6 meses m\u00e1s all\u00e1 de su per\u00edodo de estancia proyectado en los EE. UU. a menos que est\u00e9 exento por un acuerdo espec\u00edfico del pa\u00eds<\/li>\n<li>Formulario DS-160 p\u00e1gina de confirmaci\u00f3n, que es la p\u00e1gina que obtiene despu\u00e9s de enviar su formulario<\/li>\n<li>Recibo de pago de la cuota de solicitud para demostrar que pag\u00f3 su tarifa de solicitud<\/li>\n<li>Foto, que su abogado se cargar\u00e1 al enviar su Formulario DS-160<\/li>\n<li>Certificado de Elegibilidad para el Estatus de Estudiante No Inmigrante y Formulario I-20, que su escuela le enviar\u00e1<\/li>\n<\/ul>\n<p>Tambi\u00e9n puede necesitar otra documentaci\u00f3n, como evidencia de su preparaci\u00f3n acad\u00e9mica (como transcripciones o t\u00edtulos de las escuelas a las que ha asistido), prueba de su intenci\u00f3n de salir de los EE. UU. cuando haya terminado con su curso de estudio, y prueba de que puede cubrir todos sus costos educativos, de vida y de viaje. Cada caso es diferente, por lo que es una buena idea hablar con un abogado para averiguar lo que necesita hacer antes de presentar una petici\u00f3n ante el gobierno de los Estados Unidos.<\/p>\n<h3><strong>J Visas<\/strong><\/h3>\n<p>Las visas J son un tipo \u00fanico de visa de estudiante, disponible para aquellos en programas de intercambio espec\u00edficos y especializados. Los tipos de experiencias permitidas bajo visas J incluyen programas de trabajo-estudio, aprendizajes y becas de investigaci\u00f3n.\u00a0<a href=\"https:\/\/www.uscis.gov\/working-united-states\/students-and-exchange-visitors\/exchange-visitors\">El USCIS enumera a<\/a> \u00a0los beneficiarios comunes de la visa J: profesores visitantes, au pairs, asistentes o becarios de investigaci\u00f3n o posgrado, y consejeros de campamento.\u00a0\u00a0 <a href=\"https:\/\/www.uscis.gov\/working-united-states\/students-and-exchange-visitors\/exchange-visitors\">Seg\u00fan el USCIS<\/a>, el programa de visa J est\u00e1 destinado a &#8220;promover el intercambio de personas, conocimientos y habilidades, en los campos de la educaci\u00f3n, las artes y la ciencia.&#8221;<\/p>\n<p>Los solicitantes que buscan visas J deben tener una organizaci\u00f3n patrocinadora. Esta organizaci\u00f3n ser\u00eda cualquier instituci\u00f3n que facilitara la formaci\u00f3n o intercambiara experiencias. Con el fin de iniciar su solicitud, los candidatos de visa J solicitar\u00edan un Formulario DS-2019 a trav\u00e9s de su agencia patrocinadora. Este formulario debe presentarse con la solicitud de visa est\u00e1ndar.<\/p>\n<p>En conclusi\u00f3n, los miembros de la familia de los titulares de visa J-1 pueden venir a los EE. UU. con ellos. Estos incluyen c\u00f3nyuges e hijos solteros menores de 21 a\u00f1os, que ser\u00edan elegibles para visas J-2.<\/p>\n<h3><strong>M Visas<\/strong><\/h3>\n<p>Por \u00faltimo, las visas M son la clase de visa de estudiante m\u00e1s restrictiva. De hecho, la utilizaci\u00f3n se limita en gran medida a quienes asisten a programas de formaci\u00f3n profesional. Otros programas de capacitaci\u00f3n &#8220;no acad\u00e9micos&#8221;, excluyendo los programas de idiomas, tambi\u00e9n son elegibles. El SEVP debe aprobar cualquier instituci\u00f3n participante.<\/p>\n<p>Los miembros de la familia de los titulares de visa M-1 pueden venir a los EE. UU. con ellos. Estos incluyen c\u00f3nyuges e hijos solteros menores de 21 a\u00f1os, que ser\u00edan elegibles para visas M-2.<\/p>\n<h2><strong>Comun\u00edquese con un abogado de visas para estudiantes de Dallas hoy mismo<\/strong><\/h2>\n<p>Si usted o un ser querido espera estudiar en los EE. UU., una visa de estudiante abre la puerta. Si bien esta oportunidad es sin duda emocionante, tambi\u00e9n implica procedimientos de aplicaci\u00f3n complicados con poco margen de error. Debido a esto, su mejor aliado es un abogado de inmigraci\u00f3n calificado y profesional. Un abogado de inmigraci\u00f3n puede ayudarlo a organizar su solicitud, discutir las expectativas durante su entrevista de visa, y ayudar a asegurarse de que su solicitud es precisa y oportuna.<\/p>\n<p>Davis &amp; Associates es la principal firma de inmigraci\u00f3n en Dallas, Texas. Servimos a Dallas, Fort Worth y Houston y nos esforzamos por ayudar a los clientes a alcanzar sus sue\u00f1os. No importa su preocupaci\u00f3n de inmigraci\u00f3n, p\u00f3ngase en contacto con nosotros hoy para <a href=\"https:\/\/gldlaw.com\/es\/contacto\/\">programar una consulta inicial gratuita.<\/a> Hablar\u00e1 con uno de nuestros abogados expertos y se ir\u00e1 con un camino a seguir. \u00a1Podemos ayudar &#8211; ll\u00e1menos hoy!<\/p>\n<\/header>\n\t<h2><a href=\"https:\/\/gldlaw.com\/es\/contacto\/\">PROGRAMA TU CONSULTA GRATUITA HOY \u00bb<\/a><\/h2>\n\t\t\t<a href=\"https:\/\/gldlaw.com\/es\/contacto\/\" target=\"_self\">\n\t\t\t\t\t\t\tCOMENZAR \u00bb\n\t\t\t\t\t<\/a>\n\n","protected":false},"excerpt":{"rendered":"<p>Visa F-1: Gu\u00eda para una Visa de Estudiante en Texas \u00bfQui\u00e9n puede solicitar una visa de estudiante? La educaci\u00f3n es quiz\u00e1s la herramienta m\u00e1s poderosa disponible para las personas de todo el mundo: es una clave universal para las oportunidades, la experiencia cultural, el crecimiento y la transformaci\u00f3n. Cada a\u00f1o, miles de personas esperan asistir&hellip;<\/p>\n","protected":false},"author":18,"featured_media":0,"parent":3427,"menu_order":0,"comment_status":"closed","ping_status":"closed","template":"","meta":{"_monsterinsights_skip_tracking":false,"_monsterinsights_sitenote_active":false,"_monsterinsights_sitenote_note":"","_monsterinsights_sitenote_category":0,"footnotes":""},"class_list":["post-7362","page","type-page","status-publish","hentry"],"yoast_head":"<!-- This site is optimized with the Yoast SEO plugin v27.5 - https:\/\/yoast.com\/product\/yoast-seo-wordpress\/ -->\n<title>Visa F-1: Gu\u00eda para una Visa de Estudiante | Davis &amp; Associates<\/title>\n<meta name=\"description\" content=\"Comun\u00edquese con los abogados expertos en inmigraci\u00f3n Davis &amp; Associates con cualquier pregunta sobre la visa F-1: (214) 628-9888.\" \/>\n<meta name=\"robots\" content=\"index, follow, max-snippet:-1, max-image-preview:large, max-video-preview:-1\" \/>\n<link rel=\"canonical\" href=\"https:\/\/gldlaw.com\/es\/inmigracion\/visas\/visa-f-1\/\" \/>\n<meta property=\"og:locale\" content=\"es_MX\" \/>\n<meta property=\"og:type\" content=\"article\" \/>\n<meta property=\"og:title\" content=\"Visa F-1: Gu\u00eda para una Visa de Estudiante | Davis &amp; Associates\" \/>\n<meta property=\"og:description\" content=\"Comun\u00edquese con los abogados expertos en inmigraci\u00f3n Davis &amp; Associates con cualquier pregunta sobre la visa F-1: (214) 628-9888.\" \/>\n<meta property=\"og:url\" content=\"https:\/\/gldlaw.com\/es\/inmigracion\/visas\/visa-f-1\/\" \/>\n<meta property=\"og:site_name\" content=\"Davis &amp; Associates\" \/>\n<meta property=\"article:publisher\" content=\"https:\/\/www.facebook.com\/GLDavisandAssociates\/\" \/>\n<meta property=\"article:modified_time\" content=\"2025-04-14T16:49:11+00:00\" \/>\n<meta property=\"og:image\" content=\"https:\/\/gldlaw.com\/wp-content\/uploads\/2020\/10\/F-1-Visas-Guide-To-Student-Visas.png\" \/>\n<meta name=\"twitter:card\" content=\"summary_large_image\" \/>\n<meta name=\"twitter:site\" content=\"@GLD_Law\" \/>\n<meta name=\"twitter:label1\" content=\"Tiempo de lectura\" \/>\n\t<meta name=\"twitter:data1\" content=\"9 minutos\" \/>\n<script type=\"application\/ld+json\" class=\"yoast-schema-graph\">{\"@context\":\"https:\\\/\\\/schema.org\",\"@graph\":[{\"@type\":\"WebPage\",\"@id\":\"https:\\\/\\\/gldlaw.com\\\/es\\\/inmigracion\\\/visas\\\/visa-f-1\\\/\",\"url\":\"https:\\\/\\\/gldlaw.com\\\/es\\\/inmigracion\\\/visas\\\/visa-f-1\\\/\",\"name\":\"Visa F-1: Gu\u00eda para una Visa de Estudiante | Davis & Associates\",\"isPartOf\":{\"@id\":\"https:\\\/\\\/gldlaw.com\\\/es\\\/#website\"},\"primaryImageOfPage\":{\"@id\":\"https:\\\/\\\/gldlaw.com\\\/es\\\/inmigracion\\\/visas\\\/visa-f-1\\\/#primaryimage\"},\"image\":{\"@id\":\"https:\\\/\\\/gldlaw.com\\\/es\\\/inmigracion\\\/visas\\\/visa-f-1\\\/#primaryimage\"},\"thumbnailUrl\":\"https:\\\/\\\/gldlaw.com\\\/wp-content\\\/uploads\\\/2020\\\/10\\\/F-1-Visas-Guide-To-Student-Visas.png\",\"datePublished\":\"2020-10-06T21:52:31+00:00\",\"dateModified\":\"2025-04-14T16:49:11+00:00\",\"description\":\"Comun\u00edquese con los abogados expertos en inmigraci\u00f3n Davis & Associates con cualquier pregunta sobre la visa F-1: (214) 628-9888.\",\"breadcrumb\":{\"@id\":\"https:\\\/\\\/gldlaw.com\\\/es\\\/inmigracion\\\/visas\\\/visa-f-1\\\/#breadcrumb\"},\"inLanguage\":\"es\",\"potentialAction\":[{\"@type\":\"ReadAction\",\"target\":[\"https:\\\/\\\/gldlaw.com\\\/es\\\/inmigracion\\\/visas\\\/visa-f-1\\\/\"]}]},{\"@type\":\"ImageObject\",\"inLanguage\":\"es\",\"@id\":\"https:\\\/\\\/gldlaw.com\\\/es\\\/inmigracion\\\/visas\\\/visa-f-1\\\/#primaryimage\",\"url\":\"https:\\\/\\\/gldlaw.com\\\/wp-content\\\/uploads\\\/2020\\\/10\\\/F-1-Visas-Guide-To-Student-Visas.png\",\"contentUrl\":\"https:\\\/\\\/gldlaw.com\\\/wp-content\\\/uploads\\\/2020\\\/10\\\/F-1-Visas-Guide-To-Student-Visas.png\"},{\"@type\":\"BreadcrumbList\",\"@id\":\"https:\\\/\\\/gldlaw.com\\\/es\\\/inmigracion\\\/visas\\\/visa-f-1\\\/#breadcrumb\",\"itemListElement\":[{\"@type\":\"ListItem\",\"position\":1,\"name\":\"Home\",\"item\":\"https:\\\/\\\/gldlaw.com\\\/es\\\/\"},{\"@type\":\"ListItem\",\"position\":2,\"name\":\"Areas de Pr\u00e1ctica\",\"item\":\"https:\\\/\\\/gldlaw.com\\\/es\\\/inmigracion\\\/\"},{\"@type\":\"ListItem\",\"position\":3,\"name\":\"Inmigraci\u00f3n y Visas\",\"item\":\"https:\\\/\\\/gldlaw.com\\\/es\\\/inmigracion\\\/visas\\\/\"},{\"@type\":\"ListItem\",\"position\":4,\"name\":\"Visa F-1: Gu\u00eda para una Visa de Estudiante\"}]},{\"@type\":\"WebSite\",\"@id\":\"https:\\\/\\\/gldlaw.com\\\/es\\\/#website\",\"url\":\"https:\\\/\\\/gldlaw.com\\\/es\\\/\",\"name\":\"Davis &amp; Associates\",\"description\":\"Dallas \\\/ Fort Worth Immigration Attorney\",\"potentialAction\":[{\"@type\":\"SearchAction\",\"target\":{\"@type\":\"EntryPoint\",\"urlTemplate\":\"https:\\\/\\\/gldlaw.com\\\/es\\\/?s={search_term_string}\"},\"query-input\":{\"@type\":\"PropertyValueSpecification\",\"valueRequired\":true,\"valueName\":\"search_term_string\"}}],\"inLanguage\":\"es\"}]}<\/script>\n<!-- \/ Yoast SEO plugin. -->","yoast_head_json":{"title":"Visa F-1: Gu\u00eda para una Visa de Estudiante | Davis & Associates","description":"Comun\u00edquese con los abogados expertos en inmigraci\u00f3n Davis & Associates con cualquier pregunta sobre la visa F-1: (214) 628-9888.","robots":{"index":"index","follow":"follow","max-snippet":"max-snippet:-1","max-image-preview":"max-image-preview:large","max-video-preview":"max-video-preview:-1"},"canonical":"https:\/\/gldlaw.com\/es\/inmigracion\/visas\/visa-f-1\/","og_locale":"es_MX","og_type":"article","og_title":"Visa F-1: Gu\u00eda para una Visa de Estudiante | Davis & Associates","og_description":"Comun\u00edquese con los abogados expertos en inmigraci\u00f3n Davis & Associates con cualquier pregunta sobre la visa F-1: (214) 628-9888.","og_url":"https:\/\/gldlaw.com\/es\/inmigracion\/visas\/visa-f-1\/","og_site_name":"Davis &amp; Associates","article_publisher":"https:\/\/www.facebook.com\/GLDavisandAssociates\/","article_modified_time":"2025-04-14T16:49:11+00:00","og_image":[{"url":"https:\/\/gldlaw.com\/wp-content\/uploads\/2020\/10\/F-1-Visas-Guide-To-Student-Visas.png","type":"","width":"","height":""}],"twitter_card":"summary_large_image","twitter_site":"@GLD_Law","twitter_misc":{"Tiempo de lectura":"9 minutos"},"schema":{"@context":"https:\/\/schema.org","@graph":[{"@type":"WebPage","@id":"https:\/\/gldlaw.com\/es\/inmigracion\/visas\/visa-f-1\/","url":"https:\/\/gldlaw.com\/es\/inmigracion\/visas\/visa-f-1\/","name":"Visa F-1: Gu\u00eda para una Visa de Estudiante | Davis & Associates","isPartOf":{"@id":"https:\/\/gldlaw.com\/es\/#website"},"primaryImageOfPage":{"@id":"https:\/\/gldlaw.com\/es\/inmigracion\/visas\/visa-f-1\/#primaryimage"},"image":{"@id":"https:\/\/gldlaw.com\/es\/inmigracion\/visas\/visa-f-1\/#primaryimage"},"thumbnailUrl":"https:\/\/gldlaw.com\/wp-content\/uploads\/2020\/10\/F-1-Visas-Guide-To-Student-Visas.png","datePublished":"2020-10-06T21:52:31+00:00","dateModified":"2025-04-14T16:49:11+00:00","description":"Comun\u00edquese con los abogados expertos en inmigraci\u00f3n Davis & Associates con cualquier pregunta sobre la visa F-1: (214) 628-9888.","breadcrumb":{"@id":"https:\/\/gldlaw.com\/es\/inmigracion\/visas\/visa-f-1\/#breadcrumb"},"inLanguage":"es","potentialAction":[{"@type":"ReadAction","target":["https:\/\/gldlaw.com\/es\/inmigracion\/visas\/visa-f-1\/"]}]},{"@type":"ImageObject","inLanguage":"es","@id":"https:\/\/gldlaw.com\/es\/inmigracion\/visas\/visa-f-1\/#primaryimage","url":"https:\/\/gldlaw.com\/wp-content\/uploads\/2020\/10\/F-1-Visas-Guide-To-Student-Visas.png","contentUrl":"https:\/\/gldlaw.com\/wp-content\/uploads\/2020\/10\/F-1-Visas-Guide-To-Student-Visas.png"},{"@type":"BreadcrumbList","@id":"https:\/\/gldlaw.com\/es\/inmigracion\/visas\/visa-f-1\/#breadcrumb","itemListElement":[{"@type":"ListItem","position":1,"name":"Home","item":"https:\/\/gldlaw.com\/es\/"},{"@type":"ListItem","position":2,"name":"Areas de Pr\u00e1ctica","item":"https:\/\/gldlaw.com\/es\/inmigracion\/"},{"@type":"ListItem","position":3,"name":"Inmigraci\u00f3n y Visas","item":"https:\/\/gldlaw.com\/es\/inmigracion\/visas\/"},{"@type":"ListItem","position":4,"name":"Visa F-1: Gu\u00eda para una Visa de Estudiante"}]},{"@type":"WebSite","@id":"https:\/\/gldlaw.com\/es\/#website","url":"https:\/\/gldlaw.com\/es\/","name":"Davis &amp; Associates","description":"Dallas \/ Fort Worth Immigration Attorney","potentialAction":[{"@type":"SearchAction","target":{"@type":"EntryPoint","urlTemplate":"https:\/\/gldlaw.com\/es\/?s={search_term_string}"},"query-input":{"@type":"PropertyValueSpecification","valueRequired":true,"valueName":"search_term_string"}}],"inLanguage":"es"}]}},"_links":{"self":[{"href":"https:\/\/gldlaw.com\/es\/wp-json\/wp\/v2\/pages\/7362","targetHints":{"allow":["GET"]}}],"collection":[{"href":"https:\/\/gldlaw.com\/es\/wp-json\/wp\/v2\/pages"}],"about":[{"href":"https:\/\/gldlaw.com\/es\/wp-json\/wp\/v2\/types\/page"}],"author":[{"embeddable":true,"href":"https:\/\/gldlaw.com\/es\/wp-json\/wp\/v2\/users\/18"}],"replies":[{"embeddable":true,"href":"https:\/\/gldlaw.com\/es\/wp-json\/wp\/v2\/comments?post=7362"}],"version-history":[{"count":5,"href":"https:\/\/gldlaw.com\/es\/wp-json\/wp\/v2\/pages\/7362\/revisions"}],"predecessor-version":[{"id":12162,"href":"https:\/\/gldlaw.com\/es\/wp-json\/wp\/v2\/pages\/7362\/revisions\/12162"}],"up":[{"embeddable":true,"href":"https:\/\/gldlaw.com\/es\/wp-json\/wp\/v2\/pages\/3427"}],"wp:attachment":[{"href":"https:\/\/gldlaw.com\/es\/wp-json\/wp\/v2\/media?parent=7362"}],"curies":[{"name":"wp","href":"https:\/\/api.w.org\/{rel}","templated":true}]}}