{"id":7427,"date":"2020-11-12T17:18:27","date_gmt":"2020-11-12T17:18:27","guid":{"rendered":"https:\/\/gldlaw.com\/inmigracion\/inmigracion-familiar\/k-1-fiance-visas\/"},"modified":"2025-04-14T11:16:20","modified_gmt":"2025-04-14T16:16:20","slug":"visas-de-prometido-k-1","status":"publish","type":"page","link":"https:\/\/gldlaw.com\/es\/inmigracion\/inmigracion-familiar\/visas-de-prometido-k-1\/","title":{"rendered":"La Gu\u00eda Completa De Visas De Prometido K-1"},"content":{"rendered":"\n\n\t<h1>La Gu\u00eda Completa De Visas De Prometido K-1 en Texas<\/h1>\n\t<h2><strong>\u00bfQu\u00e9 es una visa K-1?<\/strong><\/h2>\n\t<p>Si usted es un ciudadano estadounidense que quiere casarse con un no ciudadano, usted puede ser elegible para usar una visa K-1 para llevar a su pareja a los EE.UU. para su boda. Con este tipo de visa, com\u00fanmente llamada visa de prometido, su futuro c\u00f3nyuge puede ingresar a los EE.UU. dentro de los 90 d\u00edas de su boda. Despu\u00e9s de casarse, su c\u00f3nyuge puede solicitar ajuste de estatus y solicitar una tarjeta verde.<\/p>\n<h2><strong>Gu\u00eda para Visas Comprometidas<\/strong><\/h2>\n<p>No puedes auto peticionarte para una visa de prometido en los EE.UU. En cambio, su pareja ciudadano estadounidense debe solicitar al gobierno en su nombre. Solo los ciudadanos estadounidenses son elegibles para solicitar al gobierno visas K-1 &#8211; desafortunadamente, si usted es un titular de la tarjeta verde, no puede patrocinar a su prometido para este tipo de visa.<\/p>\n\t\t\t\t<img loading=\"lazy\" decoding=\"async\" src=\"https:\/\/gldlaw.com\/wp-content\/uploads\/2020\/11\/K-1-Fiance-Visa-Dallas-Immigration-Help-Davis-Associates-scaled.jpg\" alt=\"K-1 Fiance Visa - Dallas Immigration Help - Davis &amp; Associates\" itemprop=\"image\" height=\"1366\" width=\"2048\" title=\"K-1 Fiance Visa - Dallas Immigration Help - Davis &amp; Associates\" onerror=\"this.style.display='none'\"  \/>\n\t<h2><a href=\"https:\/\/www.gldlaw.com\/contact-us-for-a-free-consultation\/#~o4H7t91\">Haga Clic Hoy Para Su Consulta Gratis \u00bb<\/a><\/h2>\n\t\t\t<a href=\"https:\/\/gldlaw.com\/es\/contacto\/\" target=\"_self\">\n\t\t\t\t\t\t\tOprima Aqu\u00ed\n\t\t\t\t\t<\/a>\n<header>\n<h2><strong>Requisitos de visado comprometidos<\/strong><\/h2>\n<p>Si desea utilizar una visa K-1 para traer a su prometido a los Estados Unidos, debe tener la intenci\u00f3n de casarse dentro de los 90 d\u00edas de su llegada. Adem\u00e1s, debe cumplir estos requisitos:<\/p>\n<ul>\n<li>Debes ser ciudadano estadounidense. Los residentes permanentes legales con tarjetas verdes no son elegibles para patrocinar a prometidos para venir a los Estados Unidos.<\/li>\n<li>Ambos deben ser elegibles para casarse. Si alguno de ustedes estuvo casado previamente, tendr\u00e1 que demostrar a los Servicios de Ciudadan\u00eda e Inmigraci\u00f3n de los Estados Unidos que su matrimonio anterior fue cancelado legalmente. Eso significa que necesitar\u00e1 un decreto de divorcio, una prueba de una anulaci\u00f3n o un certificado de defunci\u00f3n.<\/li>\n<li>Debes probar que est\u00e1s en una relaci\u00f3n de buena fe. Tendr\u00e1 que demostrarle a USCIS que usted y su futuro c\u00f3nyuge no se casan para que uno de ustedes pueda obtener un beneficio de inmigraci\u00f3n.<\/li>\n<li>Debes demostrar que te has reunido en persona al menos una vez en los \u00faltimos dos a\u00f1os. Sin embargo, si reunirse con su futuro c\u00f3nyuge crear\u00eda dificultades extremas o si violara las normas culturales, religiosas o sociales, usted puede ser elegible para una exenci\u00f3n a este requisito.<\/li>\n<li>El peticionario ciudadano estadounidense debe ganar suficiente dinero y demostrarlo con una declaraci\u00f3n de impuestos para cumplir o superar el 100 por ciento de las pautas federales de pobreza. Si el peticionario ciudadano de los EE. UU. no puede cumplir con el requisito solo, debe encontrar un patrocinador financiero conjunto para presentar una Declaraci\u00f3n Jurada de Apoyo.<\/li>\n<\/ul>\n<p>Muchas personas eligen trabajar con un <a href=\"https:\/\/gldlaw.com\/immigration\/family-immigration\/\">abogado de inmigraci\u00f3n de<\/a> familia de Houston o Dallas para obtener una visa de prometido. Trabajar con un abogado puede darle la tranquilidad que necesita, y su abogado estar\u00e1 all\u00ed para responder a sus preguntas, llenar y presentar la documentaci\u00f3n apropiada, y explicar el proceso en cada paso del camino.<\/p>\n<h3><strong>\u00bfQu\u00e9 documentos se necesitan para una visa de prometido?<\/strong><\/h3>\n<p>El gobierno de los Estados Unidos requerir\u00e1 que el patrocinador ciudadano estadounidense proporcione documentaci\u00f3n que respalde la informaci\u00f3n que incluye en la petici\u00f3n de visa K-1. Los documentos que usted y su futuro c\u00f3nyuge definitivamente tendr\u00e1n que incluir son:<\/p>\n<ul>\n<li>Un Formulario DS-160 completado<\/li>\n<li>Los pasaporte del ciudadano no estadounidenses , debe ser v\u00e1lido durante al menos 6 meses despu\u00e9s de su per\u00edodo de estancia previsto en la visa de prometido<\/li>\n<li>Certificados de nacimiento<\/li>\n<li>Certificados de divorcio o defunci\u00f3n para c\u00f3nyuges anteriores<\/li>\n<li>Un certificado de polic\u00eda del pa\u00eds de residencia no ciudadano, as\u00ed como de todos los pa\u00edses en los que ha vivido durante 6 meses o m\u00e1s desde los 16 a\u00f1os<\/li>\n<li>Registros de ex\u00e1menes m\u00e9dicos<\/li>\n<li>Evidencia de apoyo financiero<\/li>\n<li>Dos fotograf\u00edas de 2 pulgadas por 2 pulgadas que cumplen con <a href=\"https:\/\/travel.state.gov\/content\/travel\/en\/us-visas\/visa-information-resources\/photos.html\">estos requisitos<\/a><\/li>\n<li>Evidencia de que existe una relaci\u00f3n de buena fe<\/li>\n<\/ul>\n<p>Los oficiales consulares tambi\u00e9n pueden solicitar informaci\u00f3n adicional. Por ejemplo, el oficial consular que maneja su petici\u00f3n podr\u00eda querer fotograf\u00edas u otra prueba de que su relaci\u00f3n es genuina, como estados de cuenta bancarios conjuntos, itinerarios de viaje e incluso recibos de planificaci\u00f3n de bodas.<\/p>\n<\/header>\n\t<h2><a href=\"https:\/\/www.gldlaw.com\/contact-us-for-a-free-consultation\/#~o4H7t91\">Haga Clic Hoy Para Su Consulta Gratis \u00bb<\/a><\/h2>\n\t\t\t<a href=\"https:\/\/gldlaw.com\/es\/contacto\/\" target=\"_self\">\n\t\t\t\t\t\t\tOprima Aqu\u00ed\n\t\t\t\t\t<\/a>\n\t<p><img loading=\"lazy\" decoding=\"async\" src=\"https:\/\/gldlaw.com\/wp-content\/uploads\/2020\/11\/Fiance-Visas-K-1-Visa-for-the-USA-Davis-Associates-300x200.jpg\" alt=\"Fiance Visas - K-1 Visa for the USA - Davis &amp; Associates\" width=\"300\" height=\"200\" \/><\/p>\n<h2><strong>El proceso de visa de torsi\u00f3n de la novia<\/strong><\/h2>\n<p>El proceso de solicitud de una visa de prometido puede tomar bastante tiempo. Todo el mundo &#8211; el ciudadano de los EE.UU., el prometido, y USCIS tiene un papel que desempe\u00f1ar. El proceso generalmente se ve as\u00ed:<\/p>\n<ol>\n<li>El ciudadano estadounidense (a menudo con la ayuda de un abogado) completa la petici\u00f3n apropiada (Formulario I-129F &#8211; Petici\u00f3n de una Visa K-1) y la presenta con USCIS. El ciudadano tambi\u00e9n debe pagar la tasa de presentaci\u00f3n, que actualmente es de $535.<\/li>\n<li>USCIS revisa la petici\u00f3n y la env\u00eda al Centro Nacional de Visados, o NVC.<\/li>\n<li>El NVC asigna al archivo un n\u00famero de caso y reenv\u00eda la documentaci\u00f3n a la embajada o consulado de los Estados Unidos en el pa\u00eds del prometido.<\/li>\n<li>El prometido extranjero completa el Formulario DS-160 &#8211; esa es la solicitud de visa real &#8211; y lo presenta de acuerdo con las instrucciones de su consulado. La tarifa de presentaci\u00f3n, que actualmente es de $265, tambi\u00e9n se debe en ese momento.<\/li>\n<li>El prometido asiste a una entrevista en su embajada o consulado local. Durante este nombramiento, \u00e9l o ella proporcionar\u00e1 documentos de apoyo, incluyendo aquellos que el gobierno de los Estados Unidos ha solicitado.<\/li>\n<li>El funcionario que realiza la entrevista generalmente toma una decisi\u00f3n en la entrevista.<\/li>\n<li>El prometido recibe un sello de visa K-1 en su pasaporte.<\/li>\n<li>El prometido puede entrar en los Estados Unidos dentro de los 6 meses inmediatamente despu\u00e9s de la aprobaci\u00f3n, y la pareja debe casarse dentro de los 90 d\u00edas de la llegada.<\/li>\n<\/ol>\n<h4><strong>Cronolog\u00eda Visa Comprometida<\/strong><\/h4>\n<p>Por lo general, la primera parte del proceso, la parte que involucra tanto al ciudadano estadounidense como al prometido extranjero que solicita la visa, toma de 6 a 7 meses. Entonces, el prometido puede entrar en los Estados Unidos y comienza la siguiente fase del proceso.<\/p>\n<p>Debes casarte en 90 d\u00edas. Despu\u00e9s de casarse, el c\u00f3nyuge extranjero puede presentar una petici\u00f3n de ajuste de estatus. La petici\u00f3n de ajuste de estatus es el primer paso para obtener una tarjeta verde y convertirse en un residente permanente legal de los Estados Unidos. Esta parte del proceso generalmente toma alrededor de 6 meses.<\/p>\n<p>En conjunto, solicitar una visa de prometido K-1 e iniciar la petici\u00f3n de ajuste de estatus para que el c\u00f3nyuge nacido en el extranjero pueda convertirse en un residente permanente legal toma entre 12 y 13 meses. Sin embargo, algunos otros factores pueden afectar el tiempo que se tarda, por lo que es importante responder a las solicitudes de informaci\u00f3n r\u00e1pidamente, y es muy importante que no se pierda entrevistas o plazos importantes.<\/p>\n<h3><strong>Costos de Visa de Prometidos<\/strong><\/h3>\n<p>Con todos los cargos por presentar peticiones, cuesta $2,025 solicitar una visa K-1. Algunos de los costos se pagan cuando la pareja ciudadano estadounidense se presenta en los Estados Unidos, y otros se pagan en el extranjero cuando el prometido no ciudadano presenta su propia petici\u00f3n. Usted tambi\u00e9n puede incurrir en costos adicionales, incluidos los honorarios del abogado y el costo de traducciones, honorarios de ex\u00e1menes m\u00e9dicos y viajes hacia y desde el consulado o la embajada de los Estados Unidos.<\/p>\n<h2><strong>\u00bfNecesita una visa K-1 si ya est\u00e1 en los Estados Unidos?<\/strong><\/h2>\n<p>Si ya est\u00e1s en los Estados Unidos y quieres casarte con un ciudadano estadounidense, no necesitar\u00e1s una visa K-1. Sin embargo, hay un par de advertencias aqu\u00ed. Solo puedes casarte con un ciudadano estadounidense si est\u00e1s legalmente presente en los Estados Unidos; si usted ha sobrepasado una visa o cruzado una frontera ilegalmente, no puede casarse con un ciudadano estadounidense y esperar recibir beneficios de inmigraci\u00f3n. En su lugar, usted es deportable y se le puede ordenar que abandone los EE.UU. &#8211; y lo que es peor, es posible que se le proh\u00edba volver a entrar en el pa\u00eds.<\/p>\n<p>Si usted est\u00e1 legalmente presente en los EE.UU. (como cuando llega y se queda con una visa de trabajo o visitante), es posible que pueda casarse con un ciudadano estadounidense y luego comenzar el proceso de ajuste de estatus sin obtener nunca una visa de prometido K-1. Sin embargo, usted necesita saber que, si se casa con alguien dentro de los 90 d\u00edas de su llegada, USCIS puede creer que usted entr\u00f3 fraudulentamente en los EE.UU. La llamada &#8220;regla de 90 d\u00edas&#8221; es una gu\u00eda que USCIS utiliza para determinar si una persona enga\u00f1a a los funcionarios de inmigraci\u00f3n sobre por qu\u00e9 esa persona realmente estaba viniendo a los Estados Unidos. Usted sin duda debe obtener asesoramiento legal antes de casarse con alguien si usted est\u00e1 en los EE.UU. con una visa v\u00e1lida.<\/p>\n<h2><strong>\u00bfNecesitas una Visa de Prometido si ya est\u00e1s casado?<\/strong><\/h2>\n<p>Si ya est\u00e1 casado con un ciudadano estadounidense, no necesita una visa K-1 (a menos que su matrimonio no se reconozca como v\u00e1lido en el lugar donde tuvo lugar, y si est\u00e1 en esa situaci\u00f3n, puede ser mejor hablar con un abogado de inmigraci\u00f3n). En su lugar, lo m\u00e1s probable es que pueda presentar una petici\u00f3n para obtener una tarjeta verde, que es una prueba de que usted es un residente permanente legal de los Estados Unidos.<\/p>\n<p>Afortunadamente, los c\u00f3nyuges no est\u00e1n sujetos a los tiempos de espera notoriamente largos que la mayor\u00eda de las otras personas deben pasar, porque usted est\u00e1 casado, usted es autom\u00e1ticamente (e inmediatamente) elegible para solicitar el estatus de residente permanente legal.<\/p>\n<h2><strong>\u00bfPuede traer a los hijos de sus prometidos a los EE.UU. \u00bfCon una Visa K-1?<\/strong><\/h2>\n<p>Los hijos de su prometido pueden ser autorizados a entrar a los Estados Unidos con sus padres si no est\u00e1n casados y son menores de 21 a\u00f1os. Estar\u00e1n en el estado de no inmigrante K-2 durante su estancia (a menos que usted lo peticione para ajustar su estatus). Los hijos de tu prometido no pueden entrar a los EE.UU. antes de que lo haga tu prometido, pero est\u00e1 bien que lleguen m\u00e1s tarde.<\/p>\n<p>Los ni\u00f1os deben permanecer solteros y menores de 21 a\u00f1os para ser admitidos en el estado de no inmigrante K-2. Luego, despu\u00e9s de que usted y su prometido se casen dentro de los 90 d\u00edas de su llegada a los EE.UU., puede solicitar al gobierno de los Estados Unidos un ajuste de estatus.<\/p>\n<h2><strong>\u00bfPuede un K-1 trabajar mientras est\u00e1 en los Estados Unidos?<\/strong><\/h2>\n<p>Su prometido puede solicitar la autorizaci\u00f3n de trabajo presentando el Formulario I-765, Solicitud de Autorizaci\u00f3n de Empleo, tan pronto como llegue a los Estados Unidos. La autorizaci\u00f3n de trabajo solo ser\u00e1 v\u00e1lida durante 90 d\u00edas despu\u00e9s de la entrada en los EE.UU. Prometidos extranjeros tambi\u00e9n pueden solicitar autorizaci\u00f3n de trabajo mientras solicitan una tarjeta verde &#8211; y en ese caso, una vez aprobado, la autorizaci\u00f3n de trabajo ser\u00e1 v\u00e1lida por un a\u00f1o. A continuaci\u00f3n, puede extenderlo en incrementos de un a\u00f1o seg\u00fan sea necesario.<\/p>\n<h2><strong>\u00bfQu\u00e9 pasa si no te casas en 90 d\u00edas?<\/strong><\/h2>\n<p>La ley de inmigraci\u00f3n de los Estados Unidos es muy clara cuando dice que debe casarse dentro de los 90 d\u00edas de la llegada de su prometido extranjero a los EE.UU. con una visa K-1. Si usted no se casa dentro de ese tiempo, el prometido (y sus hijos) deben salir de los EE.UU. inmediatamente.<\/p>\n<p>No salir antes de que expire la visa K-1 es una violaci\u00f3n de la ley de inmigraci\u00f3n, y eso puede resultar en la deportaci\u00f3n. A\u00fan peor, puede afectar la futura elegibilidad de su prometido para los beneficios de inmigraci\u00f3n.<\/p>\n<h2><strong>\u00bfNecesita hablar con un abogado de inmigraci\u00f3n sobre una visa de prometido K-1?<\/strong><\/h2>\n<p>Si usted es ciudadano estadounidense, o si est\u00e1 comprometido con un ciudadano estadounidense, es posible que podamos ayudarle con el proceso de visa K-1, que le permitir\u00e1 venir a los Estados Unidos para casarse. Llame a nuestra oficina para programar su consulta gratuita con un abogado de inmigraci\u00f3n experimentado y experto ahora.<\/p>\n\t<h2><a href=\"https:\/\/www.gldlaw.com\/contact-us-for-a-free-consultation\/#~o4H7t91\">Haga Clic Hoy Para Su Consulta Gratis \u00bb<\/a><\/h2>\n\t\t\t<a href=\"https:\/\/gldlaw.com\/es\/contacto\/\" target=\"_self\">\n\t\t\t\t\t\t\tOprima Aqu\u00ed\n\t\t\t\t\t<\/a>\n\n","protected":false},"excerpt":{"rendered":"<p>La Gu\u00eda Completa De Visas De Prometido K-1 en Texas \u00bfQu\u00e9 es una visa K-1? Si usted es un ciudadano estadounidense que quiere casarse con un no ciudadano, usted puede ser elegible para usar una visa K-1 para llevar a su pareja a los EE.UU. para su boda. Con este tipo de visa, com\u00fanmente llamada&hellip;<\/p>\n","protected":false},"author":18,"featured_media":0,"parent":3424,"menu_order":0,"comment_status":"closed","ping_status":"closed","template":"","meta":{"_monsterinsights_skip_tracking":false,"_monsterinsights_sitenote_active":false,"_monsterinsights_sitenote_note":"","_monsterinsights_sitenote_category":0,"footnotes":""},"class_list":["post-7427","page","type-page","status-publish","hentry"],"yoast_head":"<!-- This site is optimized with the Yoast SEO plugin v27.5 - https:\/\/yoast.com\/product\/yoast-seo-wordpress\/ -->\n<title>La Gu\u00eda Completa De Visas De Prometido K-1 | Davis &amp; Associates<\/title>\n<meta name=\"description\" content=\"Si est\u00e1 comprometido para casarse con un ciudadano no estadounidense, es posible que pueda traerlo con una visa de prometido K-1.\" \/>\n<meta name=\"robots\" content=\"index, follow, max-snippet:-1, max-image-preview:large, max-video-preview:-1\" \/>\n<link rel=\"canonical\" href=\"https:\/\/gldlaw.com\/es\/inmigracion\/inmigracion-familiar\/visas-de-prometido-k-1\/\" \/>\n<meta property=\"og:locale\" content=\"es_MX\" \/>\n<meta property=\"og:type\" content=\"article\" \/>\n<meta property=\"og:title\" content=\"La Gu\u00eda Completa De Visas De Prometido K-1 | Davis &amp; Associates\" \/>\n<meta property=\"og:description\" content=\"Si est\u00e1 comprometido para casarse con un ciudadano no estadounidense, es posible que pueda traerlo con una visa de prometido K-1.\" \/>\n<meta property=\"og:url\" content=\"https:\/\/gldlaw.com\/es\/inmigracion\/inmigracion-familiar\/visas-de-prometido-k-1\/\" \/>\n<meta property=\"og:site_name\" content=\"Davis &amp; Associates\" \/>\n<meta property=\"article:publisher\" content=\"https:\/\/www.facebook.com\/GLDavisandAssociates\/\" \/>\n<meta property=\"article:modified_time\" content=\"2025-04-14T16:16:20+00:00\" \/>\n<meta property=\"og:image\" content=\"https:\/\/gldlaw.com\/wp-content\/uploads\/2020\/11\/K-1-Fiance-Visa-Dallas-Immigration-Help-Davis-Associates-scaled.jpg\" \/>\n<meta name=\"twitter:card\" content=\"summary_large_image\" \/>\n<meta name=\"twitter:site\" content=\"@GLD_Law\" \/>\n<meta name=\"twitter:label1\" content=\"Tiempo de lectura\" \/>\n\t<meta name=\"twitter:data1\" content=\"11 minutos\" \/>\n<script type=\"application\/ld+json\" class=\"yoast-schema-graph\">{\"@context\":\"https:\\\/\\\/schema.org\",\"@graph\":[{\"@type\":\"WebPage\",\"@id\":\"https:\\\/\\\/gldlaw.com\\\/es\\\/inmigracion\\\/inmigracion-familiar\\\/visas-de-prometido-k-1\\\/\",\"url\":\"https:\\\/\\\/gldlaw.com\\\/es\\\/inmigracion\\\/inmigracion-familiar\\\/visas-de-prometido-k-1\\\/\",\"name\":\"La Gu\u00eda Completa De Visas De Prometido K-1 | Davis & Associates\",\"isPartOf\":{\"@id\":\"https:\\\/\\\/gldlaw.com\\\/es\\\/#website\"},\"primaryImageOfPage\":{\"@id\":\"https:\\\/\\\/gldlaw.com\\\/es\\\/inmigracion\\\/inmigracion-familiar\\\/visas-de-prometido-k-1\\\/#primaryimage\"},\"image\":{\"@id\":\"https:\\\/\\\/gldlaw.com\\\/es\\\/inmigracion\\\/inmigracion-familiar\\\/visas-de-prometido-k-1\\\/#primaryimage\"},\"thumbnailUrl\":\"https:\\\/\\\/gldlaw.com\\\/wp-content\\\/uploads\\\/2020\\\/11\\\/K-1-Fiance-Visa-Dallas-Immigration-Help-Davis-Associates-scaled.jpg\",\"datePublished\":\"2020-11-12T17:18:27+00:00\",\"dateModified\":\"2025-04-14T16:16:20+00:00\",\"description\":\"Si est\u00e1 comprometido para casarse con un ciudadano no estadounidense, es posible que pueda traerlo con una visa de prometido K-1.\",\"breadcrumb\":{\"@id\":\"https:\\\/\\\/gldlaw.com\\\/es\\\/inmigracion\\\/inmigracion-familiar\\\/visas-de-prometido-k-1\\\/#breadcrumb\"},\"inLanguage\":\"es\",\"potentialAction\":[{\"@type\":\"ReadAction\",\"target\":[\"https:\\\/\\\/gldlaw.com\\\/es\\\/inmigracion\\\/inmigracion-familiar\\\/visas-de-prometido-k-1\\\/\"]}]},{\"@type\":\"ImageObject\",\"inLanguage\":\"es\",\"@id\":\"https:\\\/\\\/gldlaw.com\\\/es\\\/inmigracion\\\/inmigracion-familiar\\\/visas-de-prometido-k-1\\\/#primaryimage\",\"url\":\"https:\\\/\\\/gldlaw.com\\\/wp-content\\\/uploads\\\/2020\\\/11\\\/K-1-Fiance-Visa-Dallas-Immigration-Help-Davis-Associates-scaled.jpg\",\"contentUrl\":\"https:\\\/\\\/gldlaw.com\\\/wp-content\\\/uploads\\\/2020\\\/11\\\/K-1-Fiance-Visa-Dallas-Immigration-Help-Davis-Associates-scaled.jpg\"},{\"@type\":\"BreadcrumbList\",\"@id\":\"https:\\\/\\\/gldlaw.com\\\/es\\\/inmigracion\\\/inmigracion-familiar\\\/visas-de-prometido-k-1\\\/#breadcrumb\",\"itemListElement\":[{\"@type\":\"ListItem\",\"position\":1,\"name\":\"Home\",\"item\":\"https:\\\/\\\/gldlaw.com\\\/es\\\/\"},{\"@type\":\"ListItem\",\"position\":2,\"name\":\"Areas de Pr\u00e1ctica\",\"item\":\"https:\\\/\\\/gldlaw.com\\\/es\\\/inmigracion\\\/\"},{\"@type\":\"ListItem\",\"position\":3,\"name\":\"Inmigraci\u00f3n Familiar\",\"item\":\"https:\\\/\\\/gldlaw.com\\\/es\\\/inmigracion\\\/inmigracion-familiar\\\/\"},{\"@type\":\"ListItem\",\"position\":4,\"name\":\"La Gu\u00eda Completa De Visas De Prometido K-1\"}]},{\"@type\":\"WebSite\",\"@id\":\"https:\\\/\\\/gldlaw.com\\\/es\\\/#website\",\"url\":\"https:\\\/\\\/gldlaw.com\\\/es\\\/\",\"name\":\"Davis &amp; Associates\",\"description\":\"Dallas \\\/ Fort Worth Immigration Attorney\",\"potentialAction\":[{\"@type\":\"SearchAction\",\"target\":{\"@type\":\"EntryPoint\",\"urlTemplate\":\"https:\\\/\\\/gldlaw.com\\\/es\\\/?s={search_term_string}\"},\"query-input\":{\"@type\":\"PropertyValueSpecification\",\"valueRequired\":true,\"valueName\":\"search_term_string\"}}],\"inLanguage\":\"es\"}]}<\/script>\n<!-- \/ Yoast SEO plugin. -->","yoast_head_json":{"title":"La Gu\u00eda Completa De Visas De Prometido K-1 | Davis & Associates","description":"Si est\u00e1 comprometido para casarse con un ciudadano no estadounidense, es posible que pueda traerlo con una visa de prometido K-1.","robots":{"index":"index","follow":"follow","max-snippet":"max-snippet:-1","max-image-preview":"max-image-preview:large","max-video-preview":"max-video-preview:-1"},"canonical":"https:\/\/gldlaw.com\/es\/inmigracion\/inmigracion-familiar\/visas-de-prometido-k-1\/","og_locale":"es_MX","og_type":"article","og_title":"La Gu\u00eda Completa De Visas De Prometido K-1 | Davis & Associates","og_description":"Si est\u00e1 comprometido para casarse con un ciudadano no estadounidense, es posible que pueda traerlo con una visa de prometido K-1.","og_url":"https:\/\/gldlaw.com\/es\/inmigracion\/inmigracion-familiar\/visas-de-prometido-k-1\/","og_site_name":"Davis &amp; Associates","article_publisher":"https:\/\/www.facebook.com\/GLDavisandAssociates\/","article_modified_time":"2025-04-14T16:16:20+00:00","og_image":[{"url":"https:\/\/gldlaw.com\/wp-content\/uploads\/2020\/11\/K-1-Fiance-Visa-Dallas-Immigration-Help-Davis-Associates-scaled.jpg","type":"","width":"","height":""}],"twitter_card":"summary_large_image","twitter_site":"@GLD_Law","twitter_misc":{"Tiempo de lectura":"11 minutos"},"schema":{"@context":"https:\/\/schema.org","@graph":[{"@type":"WebPage","@id":"https:\/\/gldlaw.com\/es\/inmigracion\/inmigracion-familiar\/visas-de-prometido-k-1\/","url":"https:\/\/gldlaw.com\/es\/inmigracion\/inmigracion-familiar\/visas-de-prometido-k-1\/","name":"La Gu\u00eda Completa De Visas De Prometido K-1 | Davis & Associates","isPartOf":{"@id":"https:\/\/gldlaw.com\/es\/#website"},"primaryImageOfPage":{"@id":"https:\/\/gldlaw.com\/es\/inmigracion\/inmigracion-familiar\/visas-de-prometido-k-1\/#primaryimage"},"image":{"@id":"https:\/\/gldlaw.com\/es\/inmigracion\/inmigracion-familiar\/visas-de-prometido-k-1\/#primaryimage"},"thumbnailUrl":"https:\/\/gldlaw.com\/wp-content\/uploads\/2020\/11\/K-1-Fiance-Visa-Dallas-Immigration-Help-Davis-Associates-scaled.jpg","datePublished":"2020-11-12T17:18:27+00:00","dateModified":"2025-04-14T16:16:20+00:00","description":"Si est\u00e1 comprometido para casarse con un ciudadano no estadounidense, es posible que pueda traerlo con una visa de prometido K-1.","breadcrumb":{"@id":"https:\/\/gldlaw.com\/es\/inmigracion\/inmigracion-familiar\/visas-de-prometido-k-1\/#breadcrumb"},"inLanguage":"es","potentialAction":[{"@type":"ReadAction","target":["https:\/\/gldlaw.com\/es\/inmigracion\/inmigracion-familiar\/visas-de-prometido-k-1\/"]}]},{"@type":"ImageObject","inLanguage":"es","@id":"https:\/\/gldlaw.com\/es\/inmigracion\/inmigracion-familiar\/visas-de-prometido-k-1\/#primaryimage","url":"https:\/\/gldlaw.com\/wp-content\/uploads\/2020\/11\/K-1-Fiance-Visa-Dallas-Immigration-Help-Davis-Associates-scaled.jpg","contentUrl":"https:\/\/gldlaw.com\/wp-content\/uploads\/2020\/11\/K-1-Fiance-Visa-Dallas-Immigration-Help-Davis-Associates-scaled.jpg"},{"@type":"BreadcrumbList","@id":"https:\/\/gldlaw.com\/es\/inmigracion\/inmigracion-familiar\/visas-de-prometido-k-1\/#breadcrumb","itemListElement":[{"@type":"ListItem","position":1,"name":"Home","item":"https:\/\/gldlaw.com\/es\/"},{"@type":"ListItem","position":2,"name":"Areas de Pr\u00e1ctica","item":"https:\/\/gldlaw.com\/es\/inmigracion\/"},{"@type":"ListItem","position":3,"name":"Inmigraci\u00f3n Familiar","item":"https:\/\/gldlaw.com\/es\/inmigracion\/inmigracion-familiar\/"},{"@type":"ListItem","position":4,"name":"La Gu\u00eda Completa De Visas De Prometido K-1"}]},{"@type":"WebSite","@id":"https:\/\/gldlaw.com\/es\/#website","url":"https:\/\/gldlaw.com\/es\/","name":"Davis &amp; Associates","description":"Dallas \/ Fort Worth Immigration Attorney","potentialAction":[{"@type":"SearchAction","target":{"@type":"EntryPoint","urlTemplate":"https:\/\/gldlaw.com\/es\/?s={search_term_string}"},"query-input":{"@type":"PropertyValueSpecification","valueRequired":true,"valueName":"search_term_string"}}],"inLanguage":"es"}]}},"_links":{"self":[{"href":"https:\/\/gldlaw.com\/es\/wp-json\/wp\/v2\/pages\/7427","targetHints":{"allow":["GET"]}}],"collection":[{"href":"https:\/\/gldlaw.com\/es\/wp-json\/wp\/v2\/pages"}],"about":[{"href":"https:\/\/gldlaw.com\/es\/wp-json\/wp\/v2\/types\/page"}],"author":[{"embeddable":true,"href":"https:\/\/gldlaw.com\/es\/wp-json\/wp\/v2\/users\/18"}],"replies":[{"embeddable":true,"href":"https:\/\/gldlaw.com\/es\/wp-json\/wp\/v2\/comments?post=7427"}],"version-history":[{"count":5,"href":"https:\/\/gldlaw.com\/es\/wp-json\/wp\/v2\/pages\/7427\/revisions"}],"predecessor-version":[{"id":12123,"href":"https:\/\/gldlaw.com\/es\/wp-json\/wp\/v2\/pages\/7427\/revisions\/12123"}],"up":[{"embeddable":true,"href":"https:\/\/gldlaw.com\/es\/wp-json\/wp\/v2\/pages\/3424"}],"wp:attachment":[{"href":"https:\/\/gldlaw.com\/es\/wp-json\/wp\/v2\/media?parent=7427"}],"curies":[{"name":"wp","href":"https:\/\/api.w.org\/{rel}","templated":true}]}}