{"id":7434,"date":"2020-11-13T16:56:25","date_gmt":"2020-11-13T16:56:25","guid":{"rendered":"https:\/\/gldlaw.com\/inmigracion\/visas\/f-1-visa\/"},"modified":"2025-04-14T11:49:22","modified_gmt":"2025-04-14T16:49:22","slug":"visa-f-1-tarjeta-de-residencia","status":"publish","type":"page","link":"https:\/\/gldlaw.com\/es\/inmigracion\/visas\/visa-f-1-tarjeta-de-residencia\/","title":{"rendered":"Visa F-1 A Tarjeta De Residencia: C\u00f3mo Se Puede Pasar De Estudiante A Residente Permanente"},"content":{"rendered":"\n\n\t<h1>Visa F-1 A Tarjeta De Residencia: C\u00f3mo Se Puede Pasar De Estudiante A Residente Permanente en Texas<\/h1>\n\t<h2><strong>\u00bfQu\u00e9 es una visa F-1?<\/strong><\/h2>\n\t<p>Cuando ingresa a los Estados Unidos con una visa de estudiante F-1, es posible que pueda ajustar su estado de varias maneras.<\/p>\n<p>Las cinco formas m\u00e1s comunes de convertir una visa F-1 en residencia permanente legal son:<\/p>\n<ol>\n<li>Auto petici\u00f3n como una persona de extraordinaria capacidad<\/li>\n<li>Recepci\u00f3n de patrocinio del empleador<\/li>\n<li><a href=\"https:\/\/gldlaw.com\/es\/guia-para-el-ajuste-de-estatus-para-inmigracion-a-los-estados-unidos\/\"  data-wpil-monitor-id=\"457\">Ajustar el estado a una visa<\/a> de doble intenci\u00f3n<\/li>\n<li>Convertirse en un inversionista<\/li>\n<li>Casarse con un ciudadano estadounidense o residente permanente legal<\/li>\n<\/ol>\n\t\t\t\t<img loading=\"lazy\" decoding=\"async\" src=\"https:\/\/gldlaw.com\/wp-content\/uploads\/2020\/11\/F-1-Visa-to-Green-Card-scaled.jpg\" alt=\"F-1 Visa to Green Card\" itemprop=\"image\" height=\"1378\" width=\"2048\" title=\"F-1 Visa to Green Card\" onerror=\"this.style.display='none'\"  \/>\n\t<p>Tambi\u00e9n puede entrar en el servicio militar, ganar la <a href=\"https:\/\/gldlaw.com\/es\/la-loteria-de-visas-por-diversidad-en-la-epoca-de-trump\/\"  data-wpil-monitor-id=\"458\">loter\u00eda de visas de diversidad<\/a> o recibir patrocinio a trav\u00e9s de un padre o hijo, pero esos son un poco menos comunes (y a veces m\u00e1s dif\u00edciles) que estos cinco m\u00e9todos.<\/p>\n<p>Sin embargo, <a href=\"https:\/\/gldlaw.com\/es\/10-preguntas-para-hacer-al-reunirse-con-un-abogado-de-inmigracion-de-visa\/\"  data-wpil-monitor-id=\"459\">para hacer<\/a> cualquiera de esas cosas, primero debe entender la visa F-1 y sus responsabilidades como un no inmigrante F-1.<\/p>\n<p><em><strong>Relacionado: <\/strong><\/em><a href=\"https:\/\/gldlaw.com\/4-things-you-didnt-know-about-student-visas\/\"><em><strong>4 cosas que no sab\u00edas sobre las visas de estudiante<\/strong><\/em><\/a><\/p>\n\t<h2><a href=\"https:\/\/gldlaw.com\/es\/contacto\/\">Haga Clic Hoy Para Su Consulta Gratis \u00bb<\/a><\/h2>\n\t\t\t<a href=\"https:\/\/gldlaw.com\/es\/contacto\/\" target=\"_self\">\n\t\t\t\t\t\t\tOprima Aqu\u00ed\n\t\t\t\t\t<\/a>\n<header>\n<h2><strong>F-1 Visa a tarjeta de residencia: Transici\u00f3n del estatus de estudiante a la residencia permanente legal<\/strong><\/h2>\n<p><img loading=\"lazy\" decoding=\"async\" src=\"https:\/\/gldlaw.com\/wp-content\/uploads\/2020\/11\/F-1-to-Green-Card-1024x683.jpg\" alt=\"F-1 to Green Card\" width=\"493\" height=\"328\" \/>La visa de estudiante <a href=\"https:\/\/www.uscis.gov\/working-in-the-united-states\/students-and-exchange-visitors\/students-and-employment\">F-1<\/a> \u00a0permite a los extranjeros estudiar como estudiantes de tiempo completo en los Estados Unidos. Si usted solicita y recibe este tipo de visa, usted debe tener la intenci\u00f3n de estudiar aqu\u00ed en una universidad acreditada, seminario, conservatorio, escuela secundaria acad\u00e9mica, escuela primaria u otra instituci\u00f3n acad\u00e9mica (los programas de formaci\u00f3n de idiomas cuentan). Usted debe estar inscrito en un programa o curso de estudio que resulte en un certificado, diploma o t\u00edtulo, y su escuela debe estar autorizada para aceptar estudiantes internacionales.<\/p>\n<p><em>Usted no puede ingresar a los EE.UU. con una visa F-1 si su intenci\u00f3n final es obtener la residencia permanente legal. Si lo hace, est\u00e1 cometiendo una forma de fraude migratorio, que es motivo de expulsi\u00f3n del pa\u00eds y un bar para reingresar.<\/em><\/p>\n<p>Si usted est\u00e1 en los EE.UU. con una <a href=\"https:\/\/gldlaw.com\/es\/4-cosas-que-no-sabias-sobre-visas-de-estudiante\/\"  data-wpil-monitor-id=\"460\">visa de estudiante<\/a> y sus planes cambian, usted puede ser capaz de cambiar su estatus migratorio y recibir una tarjeta verde. He aqu\u00ed un vistazo m\u00e1s de cerca a cada manera de hacerlo.<\/p>\n<h3><strong>#1. Auto petici\u00f3n como persona de extraordinaria capacidad<\/strong><\/h3>\n<p>Algunas personas son elegibles para solicitar una visa EB-1 despu\u00e9s de completar <a href=\"https:\/\/gldlaw.com\/es\/inmigrantes-indocumentados-como-obtener-estatus-legal-en-los-estados-unidos\/\"  data-wpil-monitor-id=\"461\">un curso de estudio en los Estados Unidos<\/a>. Aunque estas visas son dif\u00edciles de obtener, usted puede ser elegible <a href=\"https:\/\/gldlaw.com\/es\/cita-biometrica\/\"  data-wpil-monitor-id=\"462\">para una<\/a>. Las visas EB-1, <a href=\"https:\/\/gldlaw.com\/es\/libertad-condicional-humanitaria-ahora-disponible-para-ciudadanos-afganos\/\"  data-wpil-monitor-id=\"463\">disponibles para<\/a> personas con habilidades extraordinarias en las artes, las ciencias, la educaci\u00f3n, los negocios o el atletismo, pueden ser una manera s\u00f3lida para que usted obtenga la residencia permanente legal y, eventualmente, la ciudadan\u00eda en los Estados Unidos. Sin embargo, <a href=\"https:\/\/gldlaw.com\/es\/el-prometido-de-90-dias-lo-cuenta-todo-visas-k-1-los-requisitos-el-proceso-y-como-evitar-el-fraude-matrimonial\/\"  data-wpil-monitor-id=\"464\">los requisitos<\/a> son muy estrictos. Debe proporcionar evidencia de un logro \u00fanico (como un premio Pulitzer) o tres o m\u00e1s de lo siguiente:<\/p>\n<ul>\n<li>Su recepci\u00f3n de un premio o premio reconocido a nivel nacional o internacional por la excelencia<\/li>\n<li>Material publicado <a href=\"https:\/\/gldlaw.com\/es\/cosas-que-usted-necesita-saber-sobre-los-refugiados-que-se-mudan-a-america\/\"  data-wpil-monitor-id=\"465\">sobre usted en los<\/a> principales medios de comunicaci\u00f3n o en una publicaci\u00f3n comercial<\/li>\n<li>Membres\u00eda en una asociaci\u00f3n que exige logros sobresalientes<\/li>\n<li>Se le ha pedido como experto que juzgue el trabajo de los dem\u00e1s<\/li>\n<li>Contribuciones cient\u00edficas, acad\u00e9micas, art\u00edsticas, atl\u00e9ticas o empresariales originales de gran importancia en su campo<\/li>\n<li>Su autor\u00eda de art\u00edculos acad\u00e9micos en publicaciones profesionales o comerciales importantes, o en los principales medios de comunicaci\u00f3n<\/li>\n<li>Su trabajo se exhibe en exposiciones o vitrinas<\/li>\n<li>Su desempe\u00f1o de un papel cr\u00edtico o l\u00edder en una organizaci\u00f3n distinguida<\/li>\n<li>Su capacidad para comandar un salario alto en comparaci\u00f3n con otros en su campo<\/li>\n<li>El \u00e9xito comercial en las artes esc\u00e9nicas<\/li>\n<\/ul>\n<p><a href=\"https:\/\/gldlaw.com\/es\/inmigracion\/visas\/visas-i-para-periodistas-extranjeras\/\"  data-wpil-monitor-id=\"466\">Las visas EB-1 tambi\u00e9n est\u00e1n disponibles para<\/a> profesores e investigadores sobresalientes. Usted debe cumplir con diferentes criterios si est\u00e1 solicitando como uno de estos &#8211; y su abogado de inmigraci\u00f3n de Texas puede ayudarlo a determinar lo que necesita para demostrar calificar. Este tipo de visa finalmente le permite solicitar la residencia permanente, que es el siguiente paso en el camino a la ciudadan\u00eda.<\/p>\n<p><em><strong>Relacionado: <\/strong><\/em><a href=\"https:\/\/gldlaw.com\/immigration\/business-immigration\/eb-1-visas\/\"><em><strong>Gu\u00eda para visas EB-1 en EE.UU. inmigraci\u00f3n<\/strong><\/em><\/a><\/p>\n<\/header>\n\t<h2><a href=\"https:\/\/gldlaw.com\/es\/contacto\/\">Haga Clic Hoy Para Su Consulta Gratis \u00bb<\/a><\/h2>\n\t\t\t<a href=\"https:\/\/gldlaw.com\/es\/contacto\/\" target=\"_self\">\n\t\t\t\t\t\t\tOprima Aqu\u00ed\n\t\t\t\t\t<\/a>\n<header>\n<h3><strong>#2. Recibir el patrocinio del empleador<\/strong><\/h3>\n<p>Si no puede cumplir con los criterios para una visa EB-1, todav\u00eda podr\u00eda cumplir con los requisitos para una visa EB-2 o EB-3.<\/p>\n<h4><strong>Obtener una visa EB-2 con una visa F-1<\/strong><\/h4>\n<p>Las visas EB-2 son para personas que encajan en una de estas categor\u00edas:<\/p>\n<ul>\n<li>Aquellos que reciben una oferta de trabajo para un trabajo que requiere un t\u00edtulo avanzado con al menos cinco a\u00f1os de experiencia laboral progresiva<\/li>\n<li>Aquellos que tienen una capacidad excepcional (que no es lo mismo que la capacidad extraordinaria) en las ciencias, negocios o artes<\/li>\n<li>Aquellos que tienen una exenci\u00f3n de inter\u00e9s nacional<\/li>\n<\/ul>\n<p>Tendr\u00e1s que enviar tus registros acad\u00e9micos que demuestren tu grado avanzado, cartas que demuestren tu experiencia laboral y pruebas de que puedes comandar un alto salario en tu campo porque tienes una habilidad excepcional. Si tiene una licencia o certificaci\u00f3n profesional, o si es miembro de una organizaci\u00f3n profesional o ha sido reconocido por sus compa\u00f1eros por contribuciones significativas en su campo, tambi\u00e9n tendr\u00e1 que mostrar documentaci\u00f3n de eso. Su empleador tambi\u00e9n tendr\u00e1 que presentar los formularios apropiados con los Servicios de Ciudadan\u00eda e Inmigraci\u00f3n de los Estados Unidos.<\/p>\n<h4><strong>Uso de una visa EB-3 para obtener una tarjeta verde<\/strong><\/h4>\n<p>Las visas EB-3 son para trabajadores calificados, profesionales y algunos otros trabajadores. Debe tener al menos dos a\u00f1os de experiencia o capacitaci\u00f3n en su campo, y su empleador debe tener un puesto permanente de tiempo completo disponible para usted (y debe haberle ofrecido el trabajo espec\u00edficamente). Su patrocinador empleador debe solicitar este tipo de visa en su nombre.<\/p>\n<h3><strong>#3. Ajustar su estatus a una visa de doble intenci\u00f3n<\/strong><\/h3>\n<p><img loading=\"lazy\" decoding=\"async\" src=\"https:\/\/gldlaw.com\/wp-content\/uploads\/2020\/11\/Student-Visa-to-Green-Card-300x200.jpg\" alt=\"Student Visa to Green Card\" width=\"402\" height=\"268\" \/><\/p>\n<p>Aunque es una forma indirecta de ajustar su estatus, es posible que pueda cambiar su visa F-1 a una visa de doble intenci\u00f3n. Despu\u00e9s de completar su curso de estudio, puede continuar trabajando en los Estados Unidos durante alrededor de un a\u00f1o a trav\u00e9s de la capacitaci\u00f3n pr\u00e1ctica del plan de estudios o la capacitaci\u00f3n pr\u00e1ctica opcional. Si usted participa en cualquier tipo de capacitaci\u00f3n y obtiene la visa apropiada, usted puede ser capaz de solicitar al gobierno de los Estados Unidos una tarjeta verde.<\/p>\n<h4><strong>Formaci\u00f3n pr\u00e1ctica curricular<\/strong><\/h4>\n<p>La capacitaci\u00f3n pr\u00e1ctica del plan de estudios ocurre cuando un estudiante de F-1 es empleado por la instituci\u00f3n educativa a la que asiste. Durante el tiempo que trabajas para tu escuela, puedes intentar convencer a la escuela para que te patrocine y te permita quedarte como profesor asociado.<\/p>\n<h4><strong>Formaci\u00f3n pr\u00e1ctica opcional<\/strong><\/h4>\n<p>La formaci\u00f3n pr\u00e1ctica opcional es un programa que le permite obtener algo de experiencia laboral en los Estados Unidos. Es posible que pueda encontrar un trabajo con un empleador estadounidense calificado y trabajar durante 12 meses, y su empleador puede optar por patrocinarlo para obtener una visa H-1B.<\/p>\n<p><em><strong>Relacionado: <\/strong><\/em><a href=\"https:\/\/gldlaw.com\/dallas\/business-immigration\/h-1b-employment-visa\/\"><em><strong>C\u00f3mo obtener una visa de empleo H-1B<\/strong><\/em><\/a><\/p>\n<h4><strong>#4. Convertirse en un inversionista<\/strong><\/h4>\n<p>Convertirse en un inversionista en los Estados Unidos con el fin de obtener beneficios de inmigraci\u00f3n es caro, pero se puede hacer. Si puede invertir entre $500,000 y $1 mill\u00f3n (o m\u00e1s) en una empresa comercial estadounidense que crea m\u00e1s de diez empleos permanentes, podr\u00eda ser elegible para una <a href=\"https:\/\/gldlaw.com\/dallas\/business-immigration\/eb-5-investor-visa\/\">tarjeta verde para inversionista EB-5.<\/a>.<\/p>\n<h3><strong>#5. Casarse con un ciudadano estadounidense o residente permanente legal<\/strong><\/h3>\n<p>Como estudiante internacional, pasar\u00e1s mucho tiempo en los Estados Unidos, y para algunas personas, eso significa enamorarte y casarte. Si se casa con un ciudadano estadounidense o residente permanente legal, usted es elegible para ajustar su estatus y obtener una tarjeta verde. Sin embargo, tenga cuidado con la regla de 90 d\u00edas. La regla de 90 d\u00edas es una directriz que USCIS utiliza para determinar si una persona probablemente cometi\u00f3 fraude migratorio. Claramente, significa que una persona vino a los Estados Unidos declarando una intenci\u00f3n (en este caso, para estudiar aqu\u00ed) pero realmente teniendo una raz\u00f3n diferente para entrar en el pa\u00eds. Se llama la regla de los 90 d\u00edas, y se activa cuando alguien solicita cambiar su estatus migratorio dentro de los 90 d\u00edas de llegar al pa\u00eds.<\/p>\n<h2><strong>\u00bfNecesita hablar con un abogado acerca de convertir una visa F-1 en una tarjeta verde?<\/strong><\/h2>\n<p>Si ha ingresado los Estados Unidos con una visa F-1 y le gustar\u00eda explorar sus opciones para obtener una tarjeta verde, estaremos encantados de ayudarle. Ll\u00e1menos ahora para programar una consulta gratuita con un abogado de inmigraci\u00f3n con experiencia que puede responder a sus preguntas y explicar lo que necesita hacer para convertirse en un residente permanente legal de los Estados Unidos.<\/p>\n<\/header>\n\t<h2><a href=\"https:\/\/gldlaw.com\/es\/contacto\/\">Haga Clic Hoy Para Su Consulta Gratis \u00bb<\/a><\/h2>\n\t\t\t<a href=\"https:\/\/gldlaw.com\/es\/contacto\/\" target=\"_self\">\n\t\t\t\t\t\t\tOprima Aqu\u00ed\n\t\t\t\t\t<\/a>\n\n","protected":false},"excerpt":{"rendered":"<p>Visa F-1 A Tarjeta De Residencia: C\u00f3mo Se Puede Pasar De Estudiante A Residente Permanente en Texas \u00bfQu\u00e9 es una visa F-1? Cuando ingresa a los Estados Unidos con una visa de estudiante F-1, es posible que pueda ajustar su estado de varias maneras. Las cinco formas m\u00e1s comunes de convertir una visa F-1 en&hellip;<\/p>\n","protected":false},"author":18,"featured_media":0,"parent":3427,"menu_order":0,"comment_status":"closed","ping_status":"closed","template":"","meta":{"_monsterinsights_skip_tracking":false,"_monsterinsights_sitenote_active":false,"_monsterinsights_sitenote_note":"","_monsterinsights_sitenote_category":0,"footnotes":""},"class_list":["post-7434","page","type-page","status-publish","hentry"],"yoast_head":"<!-- This site is optimized with the Yoast SEO plugin v27.4 - https:\/\/yoast.com\/product\/yoast-seo-wordpress\/ -->\n<title>C\u00f3mo Cambiar de Visa Estudiante F-1 a Titular de Tarjeta Verde<\/title>\n<meta name=\"description\" content=\"Obtenga el estatus de residente permanente en los EE. UU. Y obtenga una tarjeta verde cuando ingrese con una visa de estudiante F-1.\" \/>\n<meta name=\"robots\" content=\"index, follow, max-snippet:-1, max-image-preview:large, max-video-preview:-1\" \/>\n<link rel=\"canonical\" href=\"https:\/\/gldlaw.com\/es\/inmigracion\/visas\/visa-f-1-tarjeta-de-residencia\/\" \/>\n<meta property=\"og:locale\" content=\"es_MX\" \/>\n<meta property=\"og:type\" content=\"article\" \/>\n<meta property=\"og:title\" content=\"C\u00f3mo Cambiar de Visa Estudiante F-1 a Titular de Tarjeta Verde\" \/>\n<meta property=\"og:description\" content=\"Obtenga el estatus de residente permanente en los EE. UU. Y obtenga una tarjeta verde cuando ingrese con una visa de estudiante F-1.\" \/>\n<meta property=\"og:url\" content=\"https:\/\/gldlaw.com\/es\/inmigracion\/visas\/visa-f-1-tarjeta-de-residencia\/\" \/>\n<meta property=\"og:site_name\" content=\"Davis &amp; Associates\" \/>\n<meta property=\"article:publisher\" content=\"https:\/\/www.facebook.com\/GLDavisandAssociates\/\" \/>\n<meta property=\"article:modified_time\" content=\"2025-04-14T16:49:22+00:00\" \/>\n<meta property=\"og:image\" content=\"https:\/\/gldlaw.com\/wp-content\/uploads\/2020\/11\/F-1-Visa-to-Green-Card-scaled.jpg\" \/>\n<meta name=\"twitter:card\" content=\"summary_large_image\" \/>\n<meta name=\"twitter:site\" content=\"@GLD_Law\" \/>\n<meta name=\"twitter:label1\" content=\"Tiempo de lectura\" \/>\n\t<meta name=\"twitter:data1\" content=\"7 minutos\" \/>\n<script type=\"application\/ld+json\" class=\"yoast-schema-graph\">{\"@context\":\"https:\\\/\\\/schema.org\",\"@graph\":[{\"@type\":\"WebPage\",\"@id\":\"https:\\\/\\\/gldlaw.com\\\/es\\\/inmigracion\\\/visas\\\/visa-f-1-tarjeta-de-residencia\\\/\",\"url\":\"https:\\\/\\\/gldlaw.com\\\/es\\\/inmigracion\\\/visas\\\/visa-f-1-tarjeta-de-residencia\\\/\",\"name\":\"C\u00f3mo Cambiar de Visa Estudiante F-1 a Titular de Tarjeta Verde\",\"isPartOf\":{\"@id\":\"https:\\\/\\\/gldlaw.com\\\/es\\\/#website\"},\"primaryImageOfPage\":{\"@id\":\"https:\\\/\\\/gldlaw.com\\\/es\\\/inmigracion\\\/visas\\\/visa-f-1-tarjeta-de-residencia\\\/#primaryimage\"},\"image\":{\"@id\":\"https:\\\/\\\/gldlaw.com\\\/es\\\/inmigracion\\\/visas\\\/visa-f-1-tarjeta-de-residencia\\\/#primaryimage\"},\"thumbnailUrl\":\"https:\\\/\\\/gldlaw.com\\\/wp-content\\\/uploads\\\/2020\\\/11\\\/F-1-Visa-to-Green-Card-scaled.jpg\",\"datePublished\":\"2020-11-13T16:56:25+00:00\",\"dateModified\":\"2025-04-14T16:49:22+00:00\",\"description\":\"Obtenga el estatus de residente permanente en los EE. UU. Y obtenga una tarjeta verde cuando ingrese con una visa de estudiante F-1.\",\"breadcrumb\":{\"@id\":\"https:\\\/\\\/gldlaw.com\\\/es\\\/inmigracion\\\/visas\\\/visa-f-1-tarjeta-de-residencia\\\/#breadcrumb\"},\"inLanguage\":\"es\",\"potentialAction\":[{\"@type\":\"ReadAction\",\"target\":[\"https:\\\/\\\/gldlaw.com\\\/es\\\/inmigracion\\\/visas\\\/visa-f-1-tarjeta-de-residencia\\\/\"]}]},{\"@type\":\"ImageObject\",\"inLanguage\":\"es\",\"@id\":\"https:\\\/\\\/gldlaw.com\\\/es\\\/inmigracion\\\/visas\\\/visa-f-1-tarjeta-de-residencia\\\/#primaryimage\",\"url\":\"https:\\\/\\\/gldlaw.com\\\/wp-content\\\/uploads\\\/2020\\\/11\\\/F-1-Visa-to-Green-Card-scaled.jpg\",\"contentUrl\":\"https:\\\/\\\/gldlaw.com\\\/wp-content\\\/uploads\\\/2020\\\/11\\\/F-1-Visa-to-Green-Card-scaled.jpg\"},{\"@type\":\"BreadcrumbList\",\"@id\":\"https:\\\/\\\/gldlaw.com\\\/es\\\/inmigracion\\\/visas\\\/visa-f-1-tarjeta-de-residencia\\\/#breadcrumb\",\"itemListElement\":[{\"@type\":\"ListItem\",\"position\":1,\"name\":\"Home\",\"item\":\"https:\\\/\\\/gldlaw.com\\\/es\\\/\"},{\"@type\":\"ListItem\",\"position\":2,\"name\":\"Areas de Pr\u00e1ctica\",\"item\":\"https:\\\/\\\/gldlaw.com\\\/es\\\/inmigracion\\\/\"},{\"@type\":\"ListItem\",\"position\":3,\"name\":\"Inmigraci\u00f3n y Visas\",\"item\":\"https:\\\/\\\/gldlaw.com\\\/es\\\/inmigracion\\\/visas\\\/\"},{\"@type\":\"ListItem\",\"position\":4,\"name\":\"Visa F-1 A Tarjeta De Residencia: C\u00f3mo Se Puede Pasar De Estudiante A Residente Permanente\"}]},{\"@type\":\"WebSite\",\"@id\":\"https:\\\/\\\/gldlaw.com\\\/es\\\/#website\",\"url\":\"https:\\\/\\\/gldlaw.com\\\/es\\\/\",\"name\":\"Davis &amp; Associates\",\"description\":\"Dallas \\\/ Fort Worth Immigration Attorney\",\"potentialAction\":[{\"@type\":\"SearchAction\",\"target\":{\"@type\":\"EntryPoint\",\"urlTemplate\":\"https:\\\/\\\/gldlaw.com\\\/es\\\/?s={search_term_string}\"},\"query-input\":{\"@type\":\"PropertyValueSpecification\",\"valueRequired\":true,\"valueName\":\"search_term_string\"}}],\"inLanguage\":\"es\"}]}<\/script>\n<!-- \/ Yoast SEO plugin. -->","yoast_head_json":{"title":"C\u00f3mo Cambiar de Visa Estudiante F-1 a Titular de Tarjeta Verde","description":"Obtenga el estatus de residente permanente en los EE. UU. Y obtenga una tarjeta verde cuando ingrese con una visa de estudiante F-1.","robots":{"index":"index","follow":"follow","max-snippet":"max-snippet:-1","max-image-preview":"max-image-preview:large","max-video-preview":"max-video-preview:-1"},"canonical":"https:\/\/gldlaw.com\/es\/inmigracion\/visas\/visa-f-1-tarjeta-de-residencia\/","og_locale":"es_MX","og_type":"article","og_title":"C\u00f3mo Cambiar de Visa Estudiante F-1 a Titular de Tarjeta Verde","og_description":"Obtenga el estatus de residente permanente en los EE. UU. Y obtenga una tarjeta verde cuando ingrese con una visa de estudiante F-1.","og_url":"https:\/\/gldlaw.com\/es\/inmigracion\/visas\/visa-f-1-tarjeta-de-residencia\/","og_site_name":"Davis &amp; Associates","article_publisher":"https:\/\/www.facebook.com\/GLDavisandAssociates\/","article_modified_time":"2025-04-14T16:49:22+00:00","og_image":[{"url":"https:\/\/gldlaw.com\/wp-content\/uploads\/2020\/11\/F-1-Visa-to-Green-Card-scaled.jpg","type":"","width":"","height":""}],"twitter_card":"summary_large_image","twitter_site":"@GLD_Law","twitter_misc":{"Tiempo de lectura":"7 minutos"},"schema":{"@context":"https:\/\/schema.org","@graph":[{"@type":"WebPage","@id":"https:\/\/gldlaw.com\/es\/inmigracion\/visas\/visa-f-1-tarjeta-de-residencia\/","url":"https:\/\/gldlaw.com\/es\/inmigracion\/visas\/visa-f-1-tarjeta-de-residencia\/","name":"C\u00f3mo Cambiar de Visa Estudiante F-1 a Titular de Tarjeta Verde","isPartOf":{"@id":"https:\/\/gldlaw.com\/es\/#website"},"primaryImageOfPage":{"@id":"https:\/\/gldlaw.com\/es\/inmigracion\/visas\/visa-f-1-tarjeta-de-residencia\/#primaryimage"},"image":{"@id":"https:\/\/gldlaw.com\/es\/inmigracion\/visas\/visa-f-1-tarjeta-de-residencia\/#primaryimage"},"thumbnailUrl":"https:\/\/gldlaw.com\/wp-content\/uploads\/2020\/11\/F-1-Visa-to-Green-Card-scaled.jpg","datePublished":"2020-11-13T16:56:25+00:00","dateModified":"2025-04-14T16:49:22+00:00","description":"Obtenga el estatus de residente permanente en los EE. UU. Y obtenga una tarjeta verde cuando ingrese con una visa de estudiante F-1.","breadcrumb":{"@id":"https:\/\/gldlaw.com\/es\/inmigracion\/visas\/visa-f-1-tarjeta-de-residencia\/#breadcrumb"},"inLanguage":"es","potentialAction":[{"@type":"ReadAction","target":["https:\/\/gldlaw.com\/es\/inmigracion\/visas\/visa-f-1-tarjeta-de-residencia\/"]}]},{"@type":"ImageObject","inLanguage":"es","@id":"https:\/\/gldlaw.com\/es\/inmigracion\/visas\/visa-f-1-tarjeta-de-residencia\/#primaryimage","url":"https:\/\/gldlaw.com\/wp-content\/uploads\/2020\/11\/F-1-Visa-to-Green-Card-scaled.jpg","contentUrl":"https:\/\/gldlaw.com\/wp-content\/uploads\/2020\/11\/F-1-Visa-to-Green-Card-scaled.jpg"},{"@type":"BreadcrumbList","@id":"https:\/\/gldlaw.com\/es\/inmigracion\/visas\/visa-f-1-tarjeta-de-residencia\/#breadcrumb","itemListElement":[{"@type":"ListItem","position":1,"name":"Home","item":"https:\/\/gldlaw.com\/es\/"},{"@type":"ListItem","position":2,"name":"Areas de Pr\u00e1ctica","item":"https:\/\/gldlaw.com\/es\/inmigracion\/"},{"@type":"ListItem","position":3,"name":"Inmigraci\u00f3n y Visas","item":"https:\/\/gldlaw.com\/es\/inmigracion\/visas\/"},{"@type":"ListItem","position":4,"name":"Visa F-1 A Tarjeta De Residencia: C\u00f3mo Se Puede Pasar De Estudiante A Residente Permanente"}]},{"@type":"WebSite","@id":"https:\/\/gldlaw.com\/es\/#website","url":"https:\/\/gldlaw.com\/es\/","name":"Davis &amp; Associates","description":"Dallas \/ Fort Worth Immigration Attorney","potentialAction":[{"@type":"SearchAction","target":{"@type":"EntryPoint","urlTemplate":"https:\/\/gldlaw.com\/es\/?s={search_term_string}"},"query-input":{"@type":"PropertyValueSpecification","valueRequired":true,"valueName":"search_term_string"}}],"inLanguage":"es"}]}},"_links":{"self":[{"href":"https:\/\/gldlaw.com\/es\/wp-json\/wp\/v2\/pages\/7434","targetHints":{"allow":["GET"]}}],"collection":[{"href":"https:\/\/gldlaw.com\/es\/wp-json\/wp\/v2\/pages"}],"about":[{"href":"https:\/\/gldlaw.com\/es\/wp-json\/wp\/v2\/types\/page"}],"author":[{"embeddable":true,"href":"https:\/\/gldlaw.com\/es\/wp-json\/wp\/v2\/users\/18"}],"replies":[{"embeddable":true,"href":"https:\/\/gldlaw.com\/es\/wp-json\/wp\/v2\/comments?post=7434"}],"version-history":[{"count":7,"href":"https:\/\/gldlaw.com\/es\/wp-json\/wp\/v2\/pages\/7434\/revisions"}],"predecessor-version":[{"id":12163,"href":"https:\/\/gldlaw.com\/es\/wp-json\/wp\/v2\/pages\/7434\/revisions\/12163"}],"up":[{"embeddable":true,"href":"https:\/\/gldlaw.com\/es\/wp-json\/wp\/v2\/pages\/3427"}],"wp:attachment":[{"href":"https:\/\/gldlaw.com\/es\/wp-json\/wp\/v2\/media?parent=7434"}],"curies":[{"name":"wp","href":"https:\/\/api.w.org\/{rel}","templated":true}]}}