{"id":7880,"date":"2021-03-15T23:18:07","date_gmt":"2021-03-15T23:18:07","guid":{"rendered":"https:\/\/gldlaw.com\/inmigracion\/la-inmigracion-de-negocios\/tn-visas-for-nafta-professionals\/"},"modified":"2025-04-14T11:08:38","modified_gmt":"2025-04-14T16:08:38","slug":"tn-visas-for-nafta-professionals","status":"publish","type":"page","link":"https:\/\/gldlaw.com\/es\/inmigracion\/la-inmigracion-de-negocios\/tn-visas-for-nafta-professionals\/","title":{"rendered":"Visas TN para profesionales del TLCAN"},"content":{"rendered":"\n\n\t<h1>Visas TN Para Profesionales del TLCAN en Texas<\/h1>\n\t<h2><strong>\u00bfQu\u00e9 es una Visa TN?<\/strong><\/h2>\n\t<p>El Tratado de Libre Comercio de Am\u00e9rica del Norte, o TLCAN, cre\u00f3 relaciones comerciales y econ\u00f3micas entre los Estados Unidos, M\u00e9xico y Canad\u00e1. Como resultado, algunos profesionales son elegibles para buscar admisi\u00f3n en los Estados Unidos como no inmigrantes usando una visa TN.<\/p>\n<p>La visa TN fue creada por el TLCAN(TN significa Trade NAFTA), y permite a los ciudadanos canadienses y mexicanos obtener empleo temporal relacionado con el trabajo en los Estados Unidos. Hay dos tipos distintos de estatus de TN para este tipo de <a href=\"https:\/\/gldlaw.com\/es\/inmigracion\/la-inmigracion-de-negocios\/\">inmigraci\u00f3n de negocios:<\/a><\/p>\n<ul>\n<li>TN-1 es para profesionales canadienses<\/li>\n<li>TN-2 es para profesionales mexicanos<\/li>\n<\/ul>\n\t\t\t\t<img loading=\"lazy\" decoding=\"async\" src=\"https:\/\/gldlaw.com\/wp-content\/uploads\/2021\/03\/3.-TN-Visa.png\" alt=\"TN Visa Attorney\" itemprop=\"image\" height=\"667\" width=\"1000\" title=\"3. TN Visa\" onerror=\"this.style.display='none'\"  \/>\n\t<p>Para \u00a0ser elegible para una visa TN, debe estar calificado bajo una de las profesiones aceptadas del TLCAN, y debe ser ciudadano de Canad\u00e1 o M\u00e9xico.<\/p>\n<p>Estas profesiones est\u00e1n sujetas a cambios, por lo que si no est\u00e1 seguro de si califica como profesional del TLCAN, es posible que desee hablar con un <a href=\"https:\/\/gldlaw.com\/es\/inmigracion\/\">abogado de inmigraci\u00f3n de Dallas o Houston<\/a>\u00a0que pueda brindarle la informaci\u00f3n m\u00e1s actualizada.<\/p>\n\t<h2><a href=\"https:\/\/gldlaw.com\/es\/contacto\/\">Haga Clic Hoy Para Su Consulta Gratis<\/a><\/h2>\n\t\t\t<a href=\"https:\/\/gldlaw.com\/es\/contacto\/\" target=\"_self\">\n\t\t\t\t\t\t\tOprima Aqu\u00ed\n\t\t\t\t\t<\/a>\n<header>\n<h2><strong>Lista de profesiones del TLCAN<\/strong><\/h2>\n<table width=\"1020\">\n<tbody>\n<tr>\n<td width=\"204\">Contador<\/td>\n<td width=\"204\">Agricultor<\/td>\n<td width=\"204\">Criador de animales o cient\u00edfico<\/td>\n<td width=\"204\">Arquitecto<\/td>\n<\/tr>\n<tr>\n<td width=\"204\">Bioqu\u00edmico<\/td>\n<td width=\"204\">Bi\u00f3logo<\/td>\n<td width=\"204\">Qu\u00edmico<\/td>\n<td width=\"204\">Profesor universitario<\/td>\n<\/tr>\n<tr>\n<td width=\"204\">Cient\u00edfico lechero<\/td>\n<td width=\"204\">Dentista<\/td>\n<td width=\"204\">Dietista<\/td>\n<td width=\"204\">Economista<\/td>\n<\/tr>\n<tr>\n<td width=\"204\">Entom\u00f3logo<\/td>\n<td width=\"204\">Epidemi\u00f3logo<\/td>\n<td width=\"204\">Silvicultor<\/td>\n<td width=\"204\">Genetista<\/td>\n<\/tr>\n<tr>\n<td width=\"204\">Ge\u00f3logo<\/td>\n<td width=\"204\">Geof\u00edsico<\/td>\n<td width=\"204\">Dise\u00f1ador gr\u00e1fico<\/td>\n<td width=\"204\">Horticultor<\/td>\n<\/tr>\n<tr>\n<td width=\"204\">Dise\u00f1ador industrial<\/td>\n<td width=\"204\">Dise\u00f1ador de interiores<\/td>\n<td width=\"204\">Top\u00f3grafo de tierras<\/td>\n<td width=\"204\">Arquitecto paisajista<\/td>\n<\/tr>\n<tr>\n<td width=\"204\">Bibliotecario<\/td>\n<td width=\"204\">Consultor de gesti\u00f3n<\/td>\n<td width=\"204\">Matem\u00e1tico<\/td>\n<td width=\"204\">Tecn\u00f3logo de laboratorio m\u00e9dico<\/td>\n<\/tr>\n<tr>\n<td width=\"204\">Nutricionista<\/td>\n<td width=\"204\">Terapeuta ocupacional<\/td>\n<td width=\"204\">Farmac\u00e9utico<\/td>\n<td width=\"204\">Farmac\u00f3logo<\/td>\n<\/tr>\n<tr>\n<td width=\"204\">F\u00edsico<\/td>\n<td width=\"204\">Fisioterapeuta<\/td>\n<td width=\"204\">Criador de plantas<\/td>\n<td width=\"204\">Cient\u00edfico av\u00edcola<\/td>\n<\/tr>\n<tr>\n<td width=\"204\">Gerente de rango<\/td>\n<td width=\"204\">Terapeuta recreativo<\/td>\n<td width=\"204\">Enfermera registrada<\/td>\n<td width=\"204\">Asistente de investigaci\u00f3n<\/td>\n<\/tr>\n<tr>\n<td width=\"204\">Profesor de seminario<\/td>\n<td width=\"204\">Trabajador social<\/td>\n<td width=\"204\">Cient\u00edfico del suelo<\/td>\n<td width=\"204\">Escritor de publicaciones t\u00e9cnicas<\/td>\n<\/tr>\n<tr>\n<td width=\"204\">Urbanista<\/td>\n<td width=\"204\">Veterinario<\/td>\n<td width=\"204\">Consejero vocacional<\/td>\n<td width=\"204\">Zoologista<\/td>\n<\/tr>\n<\/tbody>\n<\/table>\n<p>Estas profesiones est\u00e1n sujetas a cambios, por lo que si no est\u00e1 seguro de si califica como profesional del TLCAN, es posible que desee hablar con un <a href=\"https:\/\/gldlaw.com\/es\/inmigracion\/\">abogado de inmigraci\u00f3n de Dallas o Houston<\/a> que pueda darle la informaci\u00f3n m\u00e1s reciente.<\/p>\n<\/header>\n\t<h2><a href=\"https:\/\/gldlaw.com\/es\/contacto\/\">Haga Clic Hoy Para Su Consulta Gratis<\/a><\/h2>\n\t\t\t<a href=\"https:\/\/gldlaw.com\/es\/contacto\/\" target=\"_self\">\n\t\t\t\t\t\t\tOprima Aqu\u00ed\n\t\t\t\t\t<\/a>\n\t<h2>El per\u00edodo de estad\u00eda para una visa TN<\/h2>\n<p>El per\u00edodo inicial de estad\u00eda en los Estados Unidos con una visa TN es de hasta tres a\u00f1os. Una visa TN es renovable, y no hay l\u00edmite para la cantidad de veces que puede extender su estad\u00eda en los Estados Unidos. Esto significa que es posible que pueda vivir y trabajar en los Estados Unidos durante muchos a\u00f1os, siempre y cuando contin\u00fae calificando como profesional del TLCAN y mantenga su ciudadan\u00eda canadiense o mexicana.<\/p>\n<h2>\u00bfQui\u00e9n califica para una visa TN?<\/h2>\n<p>Usted debe:<\/p>\n<ul>\n<li>Un ciudadano canadiense o mexicano (los residentes permanentes de cualquiera de los dos pa\u00edses no pueden usar visas TN)<\/li>\n<li>Calificado bajo una profesi\u00f3n aceptada en el TLCAN<\/li>\n<li>Aceptar un trabajo en los Estados Unidos que requiere un profesional del TLCAN<\/li>\n<li>Contratado para un trabajo a tiempo parcial o completo con un empleador estadounidense (no se permite el trabajo por cuenta propia. Adem\u00e1s, no se le permite abrir un negocio en los EE. UU. y trabajar para el negocio)<\/li>\n<li>Acreditado y cumplir con los requisitos educativos del puesto que est\u00e1 aceptando (por ejemplo, tener una licenciatura o maestr\u00eda)<\/li>\n<\/ul>\n<p>Existen diferentes requisitos para los solicitantes canadienses y mexicanos. Su abogado puede asegurarse de que cumpla con los criterios necesarios en funci\u00f3n de su ciudadan\u00eda actual.<\/p>\n<h3>Requisitos para ciudadanos canadienses que buscan estatus de no inmigrante TN-1 o visas TN-1<\/h3>\n<p>Si usted es ciudadano canadiense, no necesita una visa TN-1 para venir a los Estados Unidos a trabajar como profesional del TLCAN. Puede solicitar el estatus de no inmigrante TN\u00a0 en el momento en que solicite la admisi\u00f3n a los EE. UU. proporcionando al oficial de Aduanas y Protecci\u00f3n Fronteriza de los Estados Unidos en puertos de entrada espec\u00edficos, o en una estaci\u00f3n de inspecci\u00f3n previa al despacho \/ vuelo designada, lo siguiente:<\/p>\n<ul>\n<li>Prueba de su ciudadan\u00eda canadiense<\/li>\n<li>Una carta de su posible empleador que detalle informaci\u00f3n importante, como en qu\u00e9 capacidad profesional trabajar\u00e1, el prop\u00f3sito de su empleo, cu\u00e1nto tiempo tiene la intenci\u00f3n de permanecer y sus calificaciones educativas.<\/li>\n<li>Una evaluaci\u00f3n de credenciales, si corresponde<\/li>\n<li>Tarifas aplicables<\/li>\n<\/ul>\n<p>Su empleador tambi\u00e9n puede solicitar una visa TN-1 en su nombre, presentando el Formulario I-129, Petici\u00f3n para Trabajador No Inmigrante, ante los Servicios de Ciudadan\u00eda e Inmigraci\u00f3n de los Estados Unidos (USCIS).<\/p>\n<p>Usted <em>tiene<\/em> que obtener una visa profesional del TLCAN si\u00a0 es un ciudadano canadiense que reside en un tercer pa\u00eds (no Canad\u00e1 o los EE.UU.) y tiene un c\u00f3nyuge o hijos no canadienses, y si planea ingresar a los EE.UU. como profesional del TLCAN con los miembros de su familia. Si no tiene esta visa, su c\u00f3nyuge e hijos no pueden solicitar visas de no inmigrante TD derivadas.<\/p>\n<h3><img loading=\"lazy\" decoding=\"async\" src=\"https:\/\/gldlaw.com\/wp-content\/uploads\/2021\/03\/TN-Visa-Attorneys.png\" alt=\"TN Visa Attorneys\" width=\"500\" height=\"333\" \/>Requisitos para ciudadanos mexicanos que necesitan visas TN-2<\/h3>\n<p>Si usted es ciudadano mexicano, debe obtener una visa antes de su llegada a los Estados Unidos. Debe solicitar una visa TN-2 en una embajada o consulado de los Estados Unidos en M\u00e9xico. Deber\u00e1 presentar el Formulario DS-160, que es una solicitud de visa de no inmigrante, as\u00ed como otros documentos y documentaci\u00f3n, que incluyen:<\/p>\n<ul>\n<li>Un pasaporte v\u00e1lido para viajar a los EE. UU.\n<ul>\n<li>El pasaporte debe ser v\u00e1lido por un m\u00ednimo de seis meses despu\u00e9s de su estad\u00eda en los Estados Unidos.<\/li>\n<\/ul>\n<\/li>\n<li>Una carta o contrato de empleo que demuestre que le han ofrecido un trabajo en los EE. UU. Al igual que la carta de empleo requerida de un ciudadano canadiense, esta carta debe detallar la descripci\u00f3n de su trabajo, su per\u00edodo proyectado de estad\u00eda y proporcionar informaci\u00f3n sobre su educaci\u00f3n y credenciales.<\/li>\n<li>Prueba de que cumple con los requisitos m\u00ednimos para la educaci\u00f3n y la experiencia laboral, que pueden incluir:\n<ul>\n<li>T\u00edtulos, certificados y licencias<\/li>\n<li>Cartas de empleadores anteriores<\/li>\n<\/ul>\n<\/li>\n<\/ul>\n<p>Tendr\u00e1 que asistir a una entrevista de visa donde se le puede solicitar que env\u00ede un escaneo de huellas digitales como parte de una colecci\u00f3n <a href=\"https:\/\/gldlaw.com\/es\/cita-biometrica\/\">\u00a0de datos biom\u00e9tricos<\/a>, que son un conjunto de datos que pueden incluir sus huellas digitales, firma y foto. (Estos datos se recopilan para confirmar su identidad, as\u00ed como realizar antecedentes penales y controles de seguridad). Se le notificar\u00e1 si su visa es aprobada. Una vez que la visa TN-2 est\u00e9 en su poder, puede solicitar la admisi\u00f3n a los Estados Unidos en un puerto de entrada.<\/p>\n<h3>\u00bfPuede su familia acompa\u00f1arlo a los Estados Unidos? \u00bfSi tiene una visa TN?<\/h3>\n<p>Es posible que su familia pueda acompa\u00f1arlo a los Estados Unidos si viene aqu\u00ed con una visa TN-1 o TN-2. Si los miembros de su familia no son ciudadanos de Canad\u00e1 o M\u00e9xico, es posible que cada uno necesite una visa. Su abogado puede consultar con el Departamento de Estado de los Estados Unidos para determinar qu\u00e9 deben hacer para calificar, pero en cualquier caso, los miembros de su familia deber\u00e1n proporcionar:<\/p>\n<ul>\n<li>Prueba de una relaci\u00f3n conyugal o padre-hijo de buena fe con usted<\/li>\n<li>Prueba de que est\u00e1 manteniendo su estatus de no inmigrante<\/li>\n<\/ul>\n<p>Si los miembros de su familia son ciudadanos canadienses, no necesitan una visa para venir a los Estados Unidos con usted. <em>Necesitan<\/em> proporcionar:<\/p>\n<ul>\n<li>Prueba de ciudadan\u00eda canadiense<\/li>\n<li>Prueba de su relaci\u00f3n con usted, como un certificado de matrimonio o certificados de nacimiento<\/li>\n<li>Fotocopias de sus documentos de admisi\u00f3n<\/li>\n<li>Prueba de que est\u00e1 manteniendo su estatus de no inmigrante TN-1<\/li>\n<\/ul>\n<p>Si los miembros de su familia son ciudadanos mexicanos, necesitan una visa. Espec\u00edficamente, cada miembro de la familia debe solicitar una visa de no inmigrante TD en una embajada o consulado estadounidense. Tambi\u00e9n deben proporcionar pruebas de que usted, el no inmigrante TN-2, mantiene su estatus de no inmigrante.<\/p>\n\t<h2><a href=\"https:\/\/gldlaw.com\/es\/contacto\/\">Haga Clic Hoy Para Su Consulta Gratis<\/a><\/h2>\n\t\t\t<a href=\"https:\/\/gldlaw.com\/es\/contacto\/\" target=\"_self\">\n\t\t\t\t\t\t\tOprima Aqu\u00ed\n\t\t\t\t\t<\/a>\n\t<h2>Preguntas frecuentes<\/h2>\n<h3>\u00bfQu\u00e9 pasa si pierde su trabajo con una visa TN?<\/h3>\n<p>Si perdiera su trabajo, tiene 60 d\u00edas para asegurar otro puesto o para ajustar su estatus; de lo contrario, tendr\u00e1 que abandonar los Estados Unidos una vez que finalice el per\u00edodo de gracia de dos meses.<\/p>\n<h3>\u00bfPuede cambiar de empleador mientras trabaja con una visa TN?<\/h3>\n<p>Su visa TN solo es aplicable al empleador estadounidense que figura en su visa. Por lo tanto, tendr\u00e1 que solicitar una nueva visa TN si desea trabajar para una compa\u00f1\u00eda diferente en los Estados Unidos.<\/p>\n<h3>\u00bfSu visa TN requiere una certificaci\u00f3n laboral para su puesto?<\/h3>\n<p>La visa TN no requiere que su empleador estadounidense obtenga una certificaci\u00f3n laboral aprobada. (Una certificaci\u00f3n laboral es un proceso dise\u00f1ado para verificar que su empleador en los Estados Unidos no pudo identificar a un trabajador estadounidense que estaba calificado para el puesto para el que est\u00e1n contratando. <em>t\u00fa<\/em>.)<\/p>\n<h3>\u00bfPueden su c\u00f3nyuge e hijos trabajar con una visa TD?<\/h3>\n<p>Los c\u00f3nyuges e hijos con visas TD no pueden trabajar, pero pueden seguir la escuela. Como titular de una visa TN, tambi\u00e9n puede estudiar en los Estados Unidos. Sin embargo, a\u00fan debe cumplir con las condiciones de su visa.<\/p>\n<h3>\u00bfEs un titular de visa TN elegible para una tarjeta verde?<\/h3>\n<p>Las visas TN no se consideran <em>de doble intenci\u00f3n<\/em>. Una visa de doble intenci\u00f3n permite a un ciudadano extranjero ingresar a los Estados Unidos como un no inmigrante que planea solicitar m\u00e1s tarde la residencia permanente. Sin embargo, si encuentra un inter\u00e9s amoroso mientras est\u00e1 en los Estados Unidos y los dos se casan, como pareja matrimonial de un ciudadano estadounidense o residente permanente, puede ajustar su estado de titular de visa TN a titular de una <a href=\"https:\/\/gldlaw.com\/es\/inmigracion\/tarjeta-verdes\/\">tarjeta verde<\/a> basada en el matrimonio.<\/p>\n<h2>\u00bfNecesita hablar con un abogado de inmigraci\u00f3n sobre c\u00f3mo obtener una visa TN?<\/h2>\n<p>Si est\u00e1 buscando una visa TN o visas TD para los miembros de su familia, es posible que podamos ayudarlo. Llame a nuestra oficina hoy para programar una consulta gratuita con un abogado de inmigraci\u00f3n experimentado, atento y comprometido de Dallas o Houston.<\/p>\n\t<h2><a href=\"https:\/\/gldlaw.com\/es\/contacto\/\">Haga Clic Hoy Para Su Consulta Gratis<\/a><\/h2>\n\t\t\t<a href=\"https:\/\/gldlaw.com\/es\/contacto\/\" target=\"_self\">\n\t\t\t\t\t\t\tOprima Aqu\u00ed\n\t\t\t\t\t<\/a>\n\n","protected":false},"excerpt":{"rendered":"<p>Visas TN Para Profesionales del TLCAN en Texas \u00bfQu\u00e9 es una Visa TN? El Tratado de Libre Comercio de Am\u00e9rica del Norte, o TLCAN, cre\u00f3 relaciones comerciales y econ\u00f3micas entre los Estados Unidos, M\u00e9xico y Canad\u00e1. Como resultado, algunos profesionales son elegibles para buscar admisi\u00f3n en los Estados Unidos como no inmigrantes usando una visa&hellip;<\/p>\n","protected":false},"author":18,"featured_media":0,"parent":3412,"menu_order":0,"comment_status":"closed","ping_status":"closed","template":"","meta":{"_monsterinsights_skip_tracking":false,"_monsterinsights_sitenote_active":false,"_monsterinsights_sitenote_note":"","_monsterinsights_sitenote_category":0,"footnotes":""},"class_list":["post-7880","page","type-page","status-publish","hentry"],"yoast_head":"<!-- This site is optimized with the Yoast SEO plugin v27.6 - https:\/\/yoast.com\/product\/yoast-seo-wordpress\/ -->\n<title>Visas TN Para Profesionales del NAFTA | Consultas Gratuitas<\/title>\n<meta name=\"description\" content=\"\u00bfQu\u00e9 es una visa TN para profesionales del NAFTA? \u00bfSu empresa necesita traer talento extranjero usando este programa? \u00a1Encu\u00e9ntralo ahora!\" \/>\n<meta name=\"robots\" content=\"index, follow, max-snippet:-1, max-image-preview:large, max-video-preview:-1\" \/>\n<link rel=\"canonical\" href=\"https:\/\/gldlaw.com\/es\/inmigracion\/la-inmigracion-de-negocios\/tn-visas-for-nafta-professionals\/\" \/>\n<meta property=\"og:locale\" content=\"es_MX\" \/>\n<meta property=\"og:type\" content=\"article\" \/>\n<meta property=\"og:title\" content=\"Visas TN Para Profesionales del NAFTA | Consultas Gratuitas\" \/>\n<meta property=\"og:description\" content=\"\u00bfQu\u00e9 es una visa TN para profesionales del NAFTA? \u00bfSu empresa necesita traer talento extranjero usando este programa? \u00a1Encu\u00e9ntralo ahora!\" \/>\n<meta property=\"og:url\" content=\"https:\/\/gldlaw.com\/es\/inmigracion\/la-inmigracion-de-negocios\/tn-visas-for-nafta-professionals\/\" \/>\n<meta property=\"og:site_name\" content=\"Davis &amp; Associates\" \/>\n<meta property=\"article:publisher\" content=\"https:\/\/www.facebook.com\/GLDavisandAssociates\/\" \/>\n<meta property=\"article:modified_time\" content=\"2025-04-14T16:08:38+00:00\" \/>\n<meta property=\"og:image\" content=\"https:\/\/gldlaw.com\/wp-content\/uploads\/2021\/03\/3.-TN-Visa.png\" \/>\n<meta name=\"twitter:card\" content=\"summary_large_image\" \/>\n<meta name=\"twitter:site\" content=\"@GLD_Law\" \/>\n<meta name=\"twitter:label1\" content=\"Tiempo de lectura\" \/>\n\t<meta name=\"twitter:data1\" content=\"8 minutos\" \/>\n<script type=\"application\/ld+json\" class=\"yoast-schema-graph\">{\"@context\":\"https:\\\/\\\/schema.org\",\"@graph\":[{\"@type\":\"WebPage\",\"@id\":\"https:\\\/\\\/gldlaw.com\\\/es\\\/inmigracion\\\/la-inmigracion-de-negocios\\\/tn-visas-for-nafta-professionals\\\/\",\"url\":\"https:\\\/\\\/gldlaw.com\\\/es\\\/inmigracion\\\/la-inmigracion-de-negocios\\\/tn-visas-for-nafta-professionals\\\/\",\"name\":\"Visas TN Para Profesionales del NAFTA | Consultas Gratuitas\",\"isPartOf\":{\"@id\":\"https:\\\/\\\/gldlaw.com\\\/es\\\/#website\"},\"primaryImageOfPage\":{\"@id\":\"https:\\\/\\\/gldlaw.com\\\/es\\\/inmigracion\\\/la-inmigracion-de-negocios\\\/tn-visas-for-nafta-professionals\\\/#primaryimage\"},\"image\":{\"@id\":\"https:\\\/\\\/gldlaw.com\\\/es\\\/inmigracion\\\/la-inmigracion-de-negocios\\\/tn-visas-for-nafta-professionals\\\/#primaryimage\"},\"thumbnailUrl\":\"https:\\\/\\\/gldlaw.com\\\/wp-content\\\/uploads\\\/2021\\\/03\\\/3.-TN-Visa.png\",\"datePublished\":\"2021-03-15T23:18:07+00:00\",\"dateModified\":\"2025-04-14T16:08:38+00:00\",\"description\":\"\u00bfQu\u00e9 es una visa TN para profesionales del NAFTA? \u00bfSu empresa necesita traer talento extranjero usando este programa? \u00a1Encu\u00e9ntralo ahora!\",\"breadcrumb\":{\"@id\":\"https:\\\/\\\/gldlaw.com\\\/es\\\/inmigracion\\\/la-inmigracion-de-negocios\\\/tn-visas-for-nafta-professionals\\\/#breadcrumb\"},\"inLanguage\":\"es\",\"potentialAction\":[{\"@type\":\"ReadAction\",\"target\":[\"https:\\\/\\\/gldlaw.com\\\/es\\\/inmigracion\\\/la-inmigracion-de-negocios\\\/tn-visas-for-nafta-professionals\\\/\"]}]},{\"@type\":\"ImageObject\",\"inLanguage\":\"es\",\"@id\":\"https:\\\/\\\/gldlaw.com\\\/es\\\/inmigracion\\\/la-inmigracion-de-negocios\\\/tn-visas-for-nafta-professionals\\\/#primaryimage\",\"url\":\"https:\\\/\\\/gldlaw.com\\\/wp-content\\\/uploads\\\/2021\\\/03\\\/3.-TN-Visa.png\",\"contentUrl\":\"https:\\\/\\\/gldlaw.com\\\/wp-content\\\/uploads\\\/2021\\\/03\\\/3.-TN-Visa.png\"},{\"@type\":\"BreadcrumbList\",\"@id\":\"https:\\\/\\\/gldlaw.com\\\/es\\\/inmigracion\\\/la-inmigracion-de-negocios\\\/tn-visas-for-nafta-professionals\\\/#breadcrumb\",\"itemListElement\":[{\"@type\":\"ListItem\",\"position\":1,\"name\":\"Home\",\"item\":\"https:\\\/\\\/gldlaw.com\\\/es\\\/\"},{\"@type\":\"ListItem\",\"position\":2,\"name\":\"Areas de Pr\u00e1ctica\",\"item\":\"https:\\\/\\\/gldlaw.com\\\/es\\\/inmigracion\\\/\"},{\"@type\":\"ListItem\",\"position\":3,\"name\":\"Inmigraci\u00f3n de Negocio\",\"item\":\"https:\\\/\\\/gldlaw.com\\\/es\\\/inmigracion\\\/la-inmigracion-de-negocios\\\/\"},{\"@type\":\"ListItem\",\"position\":4,\"name\":\"Visas TN para profesionales del TLCAN\"}]},{\"@type\":\"WebSite\",\"@id\":\"https:\\\/\\\/gldlaw.com\\\/es\\\/#website\",\"url\":\"https:\\\/\\\/gldlaw.com\\\/es\\\/\",\"name\":\"Davis &amp; Associates\",\"description\":\"Dallas \\\/ Fort Worth Immigration Attorney\",\"potentialAction\":[{\"@type\":\"SearchAction\",\"target\":{\"@type\":\"EntryPoint\",\"urlTemplate\":\"https:\\\/\\\/gldlaw.com\\\/es\\\/?s={search_term_string}\"},\"query-input\":{\"@type\":\"PropertyValueSpecification\",\"valueRequired\":true,\"valueName\":\"search_term_string\"}}],\"inLanguage\":\"es\"}]}<\/script>\n<!-- \/ Yoast SEO plugin. -->","yoast_head_json":{"title":"Visas TN Para Profesionales del NAFTA | Consultas Gratuitas","description":"\u00bfQu\u00e9 es una visa TN para profesionales del NAFTA? \u00bfSu empresa necesita traer talento extranjero usando este programa? \u00a1Encu\u00e9ntralo ahora!","robots":{"index":"index","follow":"follow","max-snippet":"max-snippet:-1","max-image-preview":"max-image-preview:large","max-video-preview":"max-video-preview:-1"},"canonical":"https:\/\/gldlaw.com\/es\/inmigracion\/la-inmigracion-de-negocios\/tn-visas-for-nafta-professionals\/","og_locale":"es_MX","og_type":"article","og_title":"Visas TN Para Profesionales del NAFTA | Consultas Gratuitas","og_description":"\u00bfQu\u00e9 es una visa TN para profesionales del NAFTA? \u00bfSu empresa necesita traer talento extranjero usando este programa? \u00a1Encu\u00e9ntralo ahora!","og_url":"https:\/\/gldlaw.com\/es\/inmigracion\/la-inmigracion-de-negocios\/tn-visas-for-nafta-professionals\/","og_site_name":"Davis &amp; Associates","article_publisher":"https:\/\/www.facebook.com\/GLDavisandAssociates\/","article_modified_time":"2025-04-14T16:08:38+00:00","og_image":[{"url":"https:\/\/gldlaw.com\/wp-content\/uploads\/2021\/03\/3.-TN-Visa.png","type":"","width":"","height":""}],"twitter_card":"summary_large_image","twitter_site":"@GLD_Law","twitter_misc":{"Tiempo de lectura":"8 minutos"},"schema":{"@context":"https:\/\/schema.org","@graph":[{"@type":"WebPage","@id":"https:\/\/gldlaw.com\/es\/inmigracion\/la-inmigracion-de-negocios\/tn-visas-for-nafta-professionals\/","url":"https:\/\/gldlaw.com\/es\/inmigracion\/la-inmigracion-de-negocios\/tn-visas-for-nafta-professionals\/","name":"Visas TN Para Profesionales del NAFTA | Consultas Gratuitas","isPartOf":{"@id":"https:\/\/gldlaw.com\/es\/#website"},"primaryImageOfPage":{"@id":"https:\/\/gldlaw.com\/es\/inmigracion\/la-inmigracion-de-negocios\/tn-visas-for-nafta-professionals\/#primaryimage"},"image":{"@id":"https:\/\/gldlaw.com\/es\/inmigracion\/la-inmigracion-de-negocios\/tn-visas-for-nafta-professionals\/#primaryimage"},"thumbnailUrl":"https:\/\/gldlaw.com\/wp-content\/uploads\/2021\/03\/3.-TN-Visa.png","datePublished":"2021-03-15T23:18:07+00:00","dateModified":"2025-04-14T16:08:38+00:00","description":"\u00bfQu\u00e9 es una visa TN para profesionales del NAFTA? \u00bfSu empresa necesita traer talento extranjero usando este programa? \u00a1Encu\u00e9ntralo ahora!","breadcrumb":{"@id":"https:\/\/gldlaw.com\/es\/inmigracion\/la-inmigracion-de-negocios\/tn-visas-for-nafta-professionals\/#breadcrumb"},"inLanguage":"es","potentialAction":[{"@type":"ReadAction","target":["https:\/\/gldlaw.com\/es\/inmigracion\/la-inmigracion-de-negocios\/tn-visas-for-nafta-professionals\/"]}]},{"@type":"ImageObject","inLanguage":"es","@id":"https:\/\/gldlaw.com\/es\/inmigracion\/la-inmigracion-de-negocios\/tn-visas-for-nafta-professionals\/#primaryimage","url":"https:\/\/gldlaw.com\/wp-content\/uploads\/2021\/03\/3.-TN-Visa.png","contentUrl":"https:\/\/gldlaw.com\/wp-content\/uploads\/2021\/03\/3.-TN-Visa.png"},{"@type":"BreadcrumbList","@id":"https:\/\/gldlaw.com\/es\/inmigracion\/la-inmigracion-de-negocios\/tn-visas-for-nafta-professionals\/#breadcrumb","itemListElement":[{"@type":"ListItem","position":1,"name":"Home","item":"https:\/\/gldlaw.com\/es\/"},{"@type":"ListItem","position":2,"name":"Areas de Pr\u00e1ctica","item":"https:\/\/gldlaw.com\/es\/inmigracion\/"},{"@type":"ListItem","position":3,"name":"Inmigraci\u00f3n de Negocio","item":"https:\/\/gldlaw.com\/es\/inmigracion\/la-inmigracion-de-negocios\/"},{"@type":"ListItem","position":4,"name":"Visas TN para profesionales del TLCAN"}]},{"@type":"WebSite","@id":"https:\/\/gldlaw.com\/es\/#website","url":"https:\/\/gldlaw.com\/es\/","name":"Davis &amp; Associates","description":"Dallas \/ Fort Worth Immigration Attorney","potentialAction":[{"@type":"SearchAction","target":{"@type":"EntryPoint","urlTemplate":"https:\/\/gldlaw.com\/es\/?s={search_term_string}"},"query-input":{"@type":"PropertyValueSpecification","valueRequired":true,"valueName":"search_term_string"}}],"inLanguage":"es"}]}},"_links":{"self":[{"href":"https:\/\/gldlaw.com\/es\/wp-json\/wp\/v2\/pages\/7880","targetHints":{"allow":["GET"]}}],"collection":[{"href":"https:\/\/gldlaw.com\/es\/wp-json\/wp\/v2\/pages"}],"about":[{"href":"https:\/\/gldlaw.com\/es\/wp-json\/wp\/v2\/types\/page"}],"author":[{"embeddable":true,"href":"https:\/\/gldlaw.com\/es\/wp-json\/wp\/v2\/users\/18"}],"replies":[{"embeddable":true,"href":"https:\/\/gldlaw.com\/es\/wp-json\/wp\/v2\/comments?post=7880"}],"version-history":[{"count":7,"href":"https:\/\/gldlaw.com\/es\/wp-json\/wp\/v2\/pages\/7880\/revisions"}],"predecessor-version":[{"id":12102,"href":"https:\/\/gldlaw.com\/es\/wp-json\/wp\/v2\/pages\/7880\/revisions\/12102"}],"up":[{"embeddable":true,"href":"https:\/\/gldlaw.com\/es\/wp-json\/wp\/v2\/pages\/3412"}],"wp:attachment":[{"href":"https:\/\/gldlaw.com\/es\/wp-json\/wp\/v2\/media?parent=7880"}],"curies":[{"name":"wp","href":"https:\/\/api.w.org\/{rel}","templated":true}]}}