{"id":7886,"date":"2021-03-17T19:20:35","date_gmt":"2021-03-17T19:20:35","guid":{"rendered":"https:\/\/gldlaw.com\/inmigracion\/la-inmigracion-de-negocios\/p-1-visas\/"},"modified":"2025-04-14T11:07:41","modified_gmt":"2025-04-14T16:07:41","slug":"visas-p1","status":"publish","type":"page","link":"https:\/\/gldlaw.com\/es\/inmigracion\/la-inmigracion-de-negocios\/visas-p1\/","title":{"rendered":"Visas P-1 para Atletas y Artistas"},"content":{"rendered":"\n\n\t<h1>Visas P-1 para Atletas y Artistas en Texas<\/h1>\n\t<p>Las visas P-1 para atletas y artistas est\u00e1n disponibles para las personas que vienen a los Estados Unidos de manera temporal, y solo para aquellos que vienen con el prop\u00f3sito de actuar en una competencia atl\u00e9tica espec\u00edfica o para entretener una actuaci\u00f3n, evento o serie de actuaciones espec\u00edficas.<\/p>\n<h2>Visas P-1: Lo B\u00e1sico<\/h2>\n<p>Las visas P-1 son visas de trabajo temporales. No puede permanecer en los EE. UU. por un per\u00edodo de tiempo indefinido con este tipo de visa y, por lo general, no es un <a href=\"https:\/\/gldlaw.com\/es\/inmigracion\/ciudadania-y-naturalizacion\/\">camino hacia la naturalizaci\u00f3n.<\/a><\/p>\n\t\t\t\t<img loading=\"lazy\" decoding=\"async\" src=\"https:\/\/gldlaw.com\/wp-content\/uploads\/2021\/04\/P-1-Visas-for-Athletes-and-Entertainers-Dallas-Houston-Immigration-Lawyers.png\" alt=\"P-1 Visas for Athletes and Entertainers - Dallas &amp; Houston Immigration LawyersP-1 Visas for Athletes and Entertainers - Dallas &amp; Houston Immigration Lawyers\" itemprop=\"image\" height=\"628\" width=\"1200\" title=\"P-1 Visas for Athletes and Entertainers - Dallas &amp; Houston Immigration Lawyers\" onerror=\"this.style.display='none'\"  \/>\n\t<p>(Hay otras visas que puede usar, particularmente aquellas basadas en su habilidad o talento excepcional, que pueden permitirle un camino hacia la ciudadan\u00eda estadounidense).<\/p>\n<p>Hay dos tipos de visas P-1: P-1A <a href=\"https:\/\/www.uscis.gov\/working-in-the-united-states\/temporary-workers\/p-1a-athlete\">\u00a0para atletas\u00a0 y <\/a>P-1B para artistas.<\/p>\n<h3>\u00bfQu\u00e9 Pasa Con Las Familias De Los Titulares De La Visa P-1?<\/h3>\n<p>En t\u00e9rminos generales, los c\u00f3nyuges e hijos solteros menores de 21 a\u00f1os pueden obtener el estatus de no inmigrante P-4 durante la duraci\u00f3n de su estad\u00eda en los Estados Unidos. El estatus P-4 no autoriza a los miembros de la familia a trabajar en los EE. UU., pero las personas que est\u00e1n aqu\u00ed con ese estatus pueden asistir a la escuela o la universidad.<\/p>\n<h2>\u00bfQu\u00e9 Pasa Con El Personal De Apoyo Esencial De Los Titulares De Visas P-1?<\/h2>\n<p>El personal de apoyo esencial (las personas son absolutamente esenciales para su desempe\u00f1o en el atletismo o el entretenimiento) puede ser elegible para el estatus de no inmigrante P-1S. El problema es que deben ser una &#8220;parte integral del desempe\u00f1o&#8221; de un no inmigrante P-1, y deben realizar servicios que no pueden ser realizados f\u00e1cilmente por un trabajador estadounidense.<\/p>\n<p>El personal de apoyo esencial puede incluir:<\/p>\n<ul>\n<li>Entrenadores<\/li>\n<li>Scouts<\/li>\n<li>Formadores<\/li>\n<li>Radiodifusi\u00f3n<\/li>\n<li>\u00c1rbitros<\/li>\n<li>Jueces de l\u00ednea<\/li>\n<li>\u00c1rbitros<\/li>\n<li>Int\u00e9rpretes<\/li>\n<li>Personal de recepci\u00f3n<\/li>\n<li>Operadores de c\u00e1mara<\/li>\n<li>T\u00e9cnicos de iluminaci\u00f3n<\/li>\n<li>Personal esc\u00e9nico<\/li>\n<\/ul>\n<p>En esta clasificaci\u00f3n, se debe presentar una petici\u00f3n separada e incluir la opini\u00f3n de una organizaci\u00f3n laboral apropiada para verificar que la habilidad de la persona de apoyo la hace esencial para el atleta o equipo y una declaraci\u00f3n que describa la experiencia de la persona de apoyo esencial, por qu\u00e9 es esencial y su experiencia. Es importante saber que tambi\u00e9n se necesita un contrato escrito o un resumen de un contrato verbal que detalle el empleo de la persona de apoyo esencial.<\/p>\n\t<h2><a href=\"https:\/\/www.gldlaw.com\/contact-us-for-a-free-consultation\/#~o4H7t91\">PROGRAME SU CONSULTA GRATUITA HOY\u00bb<\/a><\/h2>\n\t\t\t<a href=\"https:\/\/gldlaw.com\/es\/contacto\/\" target=\"_self\">\n\t\t\t\t\t\t\tOprima Aqu\u00ed\n\t\t\t\t\t<\/a>\n\t<h2>Visas P-1A Para Atletas<\/h2>\n<p><img loading=\"lazy\" decoding=\"async\" src=\"https:\/\/gldlaw.com\/wp-content\/uploads\/2023\/07\/Visas-P-1-Atletas-y-Artistas.png\" alt=\"Visas P-1 - Atletas y Artistas\" width=\"501\" height=\"295\" \/>Debe cumplir con ciertos criterios para obtener una visa P-1A. Por ejemplo, debe ser uno de los siguientes:<\/p>\n<ul>\n<li>Un atleta individual que tiene un nivel de rendimiento reconocido internacionalmente<\/li>\n<li>Un atleta profesional<\/li>\n<li>Un atleta o entrenador que viene como parte de un equipo o franquicia que se encuentra en los Estados Unidos, pero que es miembro de una liga o asociaci\u00f3n extranjera<\/li>\n<li>Formar parte de un grupo o equipo que tiene un nivel de rendimiento reconocido internacionalmente y que participa en una competici\u00f3n genuina y distinguida.<\/li>\n<\/ul>\n<p>Esta clasificaci\u00f3n tambi\u00e9n puede estar disponible para usted si es un atleta profesional o aficionado que viene a los EE. UU. de forma temporal \u00fanicamente para actuar en una producci\u00f3n o gira teatral espec\u00edfica de patinaje sobre hielo, ya sea por su cuenta o como parte de un grupo.<\/p>\n<h3>Visas P-1 para Atletas Individuales Reconocidos Internacionalmente<\/h3>\n<p>Para entrar en esta categor\u00eda, debe:<\/p>\n<ul>\n<li>Estar participando en una competici\u00f3n o deporte espec\u00edfico en el que sea reconocido internacionalmente<\/li>\n<li>Tener un alto nivel de logros en un deporte probado por la habilidad y el reconocimiento que est\u00e1 sustancialmente por encima de lo ordinario<\/li>\n<li>Tener logros reconocidos, l\u00edderes o notoriamente conocidos en m\u00e1s de un pa\u00eds<\/li>\n<li>Participar en una competencia que tenga una reputaci\u00f3n distinguida y requiera la participaci\u00f3n de atletas reconocidos internacionalmente<\/li>\n<\/ul>\n<h2>Visas P-1 Para Atletas Profesionales<\/h2>\n<p>Debe venir a los EE. UU. para ser empleado por:<\/p>\n<ul>\n<li>Un equipo que es miembro de una asociaci\u00f3n que incluye al menos seis equipos deportivos profesionales con ingresos combinados que superan los $10 millones por a\u00f1o<\/li>\n<li>Un equipo de ligas menores que est\u00e9 afiliado a dicha asociaci\u00f3n<\/li>\n<\/ul>\n<h3>Visas P-1 Para Atletas Y Entrenadores Aficionados<\/h3>\n<p>Debe ingresar a los EE. UU. para desempe\u00f1arse como atleta o entrenador mientras forma parte de un equipo o franquicia ubicada en los EE. UU., pero es miembro de una liga o asociaci\u00f3n extranjera que:<\/p>\n<ul>\n<li>Consta de 15 o m\u00e1s equipos deportivos amateurs<\/li>\n<li>Le proh\u00edbe obtener una beca en el deporte o participar en el deporte en un colegio o universidad de los EE. UU.<\/li>\n<li>Es el nivel m\u00e1s alto de rendimiento amateur de ese deporte en su pa\u00eds<\/li>\n<li>Produce un n\u00famero significativo de reclutas para las principales ligas deportivas y ligas deportivas menores afiliadas a las ligas mayores.<\/li>\n<\/ul>\n<h3>Visas P-1 Para Equipos Deportivos Reconocidos Internacionalmente<\/h3>\n<p>Para obtener una visa P-1, debe ser miembro de un equipo deportivo reconocido internacionalmente. Adem\u00e1s, debe demostrar que:<\/p>\n<ul>\n<li>Ingresa al pa\u00eds para participar en una competencia atl\u00e9tica con el equipo deportivo reconocido internacionalmente<\/li>\n<li>El equipo participa en una competici\u00f3n con una reputaci\u00f3n distinguida<\/li>\n<li>Est\u00e1s en un nivel de rendimiento reconocido internacionalmente, por lo que eres necesario en el equipo de la competencia<\/li>\n<\/ul>\n<h2>Preguntas Frecuentes Sobre Las Visas P-1 Para Atletas<\/h2>\n<h3>\u00bfCu\u00e1nto tiempo puedo permanecer con una visa de atletismo P-1?<\/h3>\n<p>Eso depende de su categor\u00eda, pero el per\u00edodo inicial de estad\u00eda siempre ser\u00e1 &#8220;el tiempo necesario para completar el evento, la competencia o la actuaci\u00f3n&#8221;. En el caso de los atletas individuales, esto no puede exceder los cinco a\u00f1os. Para los miembros de grupos atl\u00e9ticos, la visa es v\u00e1lida hasta por un a\u00f1o.<\/p>\n<h3>\u00bfPuedo prolongar mi estancia?<\/h3>\n<p>Las pr\u00f3rrogas pueden concederse en incrementos de cinco a\u00f1os con un l\u00edmite de diez a\u00f1os en total para los atletas individuales, siempre que se necesite m\u00e1s tiempo. A los miembros de los grupos atl\u00e9ticos se les pueden otorgar extensiones en incrementos de un a\u00f1o a la vez si se necesita m\u00e1s tiempo.<\/p>\n<h3>\u00bfQu\u00e9 sucede si me cambian mientras tengo una visa deportiva P-1?<\/h3>\n<p>Si usted es un atleta profesional y es canjeado por su organizaci\u00f3n, su autorizaci\u00f3n continuar\u00e1 durante 30 d\u00edas despu\u00e9s de que sea canjeado. Durante estos 30 d\u00edas, la nueva organizaci\u00f3n deber\u00e1 presentar un nuevo Formulario I-129 para que su estatus de visa siga siendo v\u00e1lido. Esto puede ser complicado si cambia de empleador en diferentes circunstancias, as\u00ed que aseg\u00farese de consultar con un abogado lo antes posible.<\/p>\n<h3>\u00bfC\u00f3mo se inicia el proceso de obtenci\u00f3n de una visa P-1 como atleta?<\/h3>\n<p>Antes de que pueda venir a los Estados Unidos con una visa de atletismo P-1, su empleador, patrocinador o agente de los EE. UU. debe presentar una petici\u00f3n en su nombre. Lo hacen presentando un <a href=\"https:\/\/www.uscis.gov\/i-129\">Formulario I-129, Petici\u00f3n de Trabajador No Inmigrante,<\/a> presentando toda la documentaci\u00f3n requerida y pagando la tarifa.<\/p>\n<h3>\u00bfQui\u00e9n puede solicitar mi visa de no inmigrante P-1?<\/h3>\n<p>Su empleador de los EE. UU., una organizaci\u00f3n patrocinadora de los EE. UU., su empleador extranjero a trav\u00e9s de un agente de los EE. UU. o su agente de los EE. UU. pueden solicitar en su nombre que se le clasifique como no inmigrante P.<\/p>\n<h3>\u00bfQu\u00e9 pasa si se deniega una visa de atletismo?<\/h3>\n<p>A veces, una denegaci\u00f3n de P-1 tiene sentido, pero a veces, es un error por parte del oficial de USCIS porque simplemente no adjudican muchas solicitudes de visa P-1. Presentar una demanda puede ser una opci\u00f3n, pero si la visa P-1 es denegada y necesita ingresar al pa\u00eds, un abogado calificado podr\u00e1 analizar su situaci\u00f3n individual para determinar el camino m\u00e1s r\u00e1pido hacia la resoluci\u00f3n.<\/p>\n<h3>\u00bfLos atletas de eSports califican para una visa P-1?<\/h3>\n<p>La industria de los eSports es una industria en r\u00e1pido crecimiento. Ahora, a los jugadores de videojuegos que compiten en eSports se les paga por participar en competiciones internacionales, al igual que los atletas profesionales. En 2013, <a href=\"https:\/\/www.latimes.com\/business\/la-xpm-2013-aug-07-la-fi-online-gamers-20130808-story.html\">el primer videojugador<\/a> recibi\u00f3 una visa como atleta profesional.<\/p>\n\t<h2><a href=\"https:\/\/www.gldlaw.com\/contact-us-for-a-free-consultation\/#~o4H7t91\">PROGRAME SU CONSULTA GRATUITA HOY\u00bb<\/a><\/h2>\n\t\t\t<a href=\"https:\/\/gldlaw.com\/es\/contacto\/\" target=\"_self\">\n\t\t\t\t\t\t\tOprima Aqu\u00ed\n\t\t\t\t\t<\/a>\n\t<h2>Visas P-1B Para Artistas<\/h2>\n<p><img loading=\"lazy\" decoding=\"async\" src=\"https:\/\/gldlaw.com\/wp-content\/uploads\/2021\/03\/P-1-Visa-Attorneys-for-Entertainers-Davis-Associates.png\" alt=\"P-1 Visa Attorneys for Entertainers - Davis &amp; Associates\" width=\"501\" height=\"334\" \/>Los artistas, incluidos m\u00fasicos y actores, pueden ser elegibles para visas P-1B. Sin embargo, para calificar, debe actuar como parte de un grupo de entretenimiento que se haya establecido durante al menos un a\u00f1o, y su grupo debe ser reconocido internacionalmente durante un per\u00edodo de tiempo sostenido y sustancial.<\/p>\n<p>Para que los miembros individuales sean elegibles, al\u00a0 menos el <a href=\"https:\/\/www.uscis.gov\/working-in-the-united-states\/temporary-workers\/p-1b-a-member-of-an-internationally-recognized-entertainment-group\">75 por ciento<\/a> de los miembros de su grupo deben haber tenido una relaci\u00f3n sustancial y sostenida con el grupo en su conjunto durante al menos un a\u00f1o. Su grupo tambi\u00e9n debe:<\/p>\n<ul>\n<li>Ser reconocido internacionalmente<\/li>\n<li>Tener un alto nivel de logro en un campo, como lo demuestra la habilidad y el reconocimiento que est\u00e1 sustancialmente por encima de lo ordinario<\/li>\n<li>Su logro debe ser reconocido, l\u00edder o conocido en m\u00e1s de un pa\u00eds<\/li>\n<\/ul>\n<p>Lo importante aqu\u00ed es la reputaci\u00f3n del grupo, no solo los logros de los miembros individuales. Adem\u00e1s, esta clasificaci\u00f3n solo est\u00e1 disponible para grupos; Los artistas individuales pueden tener otras opciones, que un abogado de <a href=\"https:\/\/gldlaw.com\/es\/inmigracion\/\">inmigraci\u00f3n de Dallas o Houston<\/a> puede explicar.<\/p>\n<h3>\u00bfCu\u00e1nto Tiempo Puede Permanecer En Los EE. UU.? \u00bfCon Una Visa P-1B?<\/h3>\n<p>El per\u00edodo inicial de estad\u00eda en los EE. UU. depende de cu\u00e1nto tiempo le tomar\u00e1 a usted y a su grupo completar todas las actuaciones de su gira. Las visas se pueden otorgar hasta por un a\u00f1o, pero es posible que pueda extender su estad\u00eda hasta por un a\u00f1o a la vez para continuar o completar su evento, competencia o actuaci\u00f3n.<\/p>\n<p>Por ejemplo, si vas a dar cinco conciertos en cuesti\u00f3n de un mes, es probable que te concedan un visado por un periodo de un mes. Sin embargo, si tiene un compromiso a largo plazo o va a realizar una serie de conciertos en el transcurso de un a\u00f1o, es posible que se le otorgue una visa de un a\u00f1o.<\/p>\n<h2>\u00bfNecesita Hablar Con Un Abogado Sobre Una Visa P-1?<\/h2>\n<p>Si est\u00e1 interesado en venir a los EE. UU. con una visa P-1, o si su organizaci\u00f3n necesita traer atletas o artistas extranjeros, es posible que podamos ayudarlo. Llame a nuestra oficina hoy para una consulta gratuita con un abogado de inmigraci\u00f3n con experiencia.<\/p>\n\t<h2><a href=\"https:\/\/www.gldlaw.com\/contact-us-for-a-free-consultation\/#~o4H7t91\">PROGRAME SU CONSULTA GRATUITA HOY\u00bb<\/a><\/h2>\n\t\t\t<a href=\"https:\/\/gldlaw.com\/es\/contacto\/\" target=\"_self\">\n\t\t\t\t\t\t\tOprima Aqu\u00ed\n\t\t\t\t\t<\/a>\n\n","protected":false},"excerpt":{"rendered":"<p>Visas P-1 para Atletas y Artistas en Texas Las visas P-1 para atletas y artistas est\u00e1n disponibles para las personas que vienen a los Estados Unidos de manera temporal, y solo para aquellos que vienen con el prop\u00f3sito de actuar en una competencia atl\u00e9tica espec\u00edfica o para entretener una actuaci\u00f3n, evento o serie de actuaciones&hellip;<\/p>\n","protected":false},"author":18,"featured_media":0,"parent":3412,"menu_order":0,"comment_status":"closed","ping_status":"closed","template":"","meta":{"_monsterinsights_skip_tracking":false,"_monsterinsights_sitenote_active":false,"_monsterinsights_sitenote_note":"","_monsterinsights_sitenote_category":0,"footnotes":""},"class_list":["post-7886","page","type-page","status-publish","hentry"],"yoast_head":"<!-- This site is optimized with the Yoast SEO plugin v27.5 - https:\/\/yoast.com\/product\/yoast-seo-wordpress\/ -->\n<title>Visas P-1 para Atletas y Artistas | Inmigraci\u00f3n de Negocio<\/title>\n<meta name=\"description\" content=\"\u00bfPodr\u00eda ser elegible para una visa P-1, o su empresa necesita traer atletas o animadores a los EE. UU. Para un trabajo temporal?\" \/>\n<meta name=\"robots\" content=\"index, follow, max-snippet:-1, max-image-preview:large, max-video-preview:-1\" \/>\n<link rel=\"canonical\" href=\"https:\/\/gldlaw.com\/es\/inmigracion\/la-inmigracion-de-negocios\/visas-p1\/\" \/>\n<meta property=\"og:locale\" content=\"es_MX\" \/>\n<meta property=\"og:type\" content=\"article\" \/>\n<meta property=\"og:title\" content=\"Visas P-1 para Atletas y Artistas | Inmigraci\u00f3n de Negocio\" \/>\n<meta property=\"og:description\" content=\"\u00bfPodr\u00eda ser elegible para una visa P-1, o su empresa necesita traer atletas o animadores a los EE. UU. Para un trabajo temporal?\" \/>\n<meta property=\"og:url\" content=\"https:\/\/gldlaw.com\/es\/inmigracion\/la-inmigracion-de-negocios\/visas-p1\/\" \/>\n<meta property=\"og:site_name\" content=\"Davis &amp; Associates\" \/>\n<meta property=\"article:publisher\" content=\"https:\/\/www.facebook.com\/GLDavisandAssociates\/\" \/>\n<meta property=\"article:modified_time\" content=\"2025-04-14T16:07:41+00:00\" \/>\n<meta property=\"og:image\" content=\"https:\/\/gldlaw.com\/wp-content\/uploads\/2021\/04\/P-1-Visas-for-Athletes-and-Entertainers-Dallas-Houston-Immigration-Lawyers.png\" \/>\n<meta name=\"twitter:card\" content=\"summary_large_image\" \/>\n<meta name=\"twitter:site\" content=\"@GLD_Law\" \/>\n<meta name=\"twitter:label1\" content=\"Tiempo de lectura\" \/>\n\t<meta name=\"twitter:data1\" content=\"9 minutos\" \/>\n<script type=\"application\/ld+json\" class=\"yoast-schema-graph\">{\"@context\":\"https:\\\/\\\/schema.org\",\"@graph\":[{\"@type\":\"WebPage\",\"@id\":\"https:\\\/\\\/gldlaw.com\\\/es\\\/inmigracion\\\/la-inmigracion-de-negocios\\\/visas-p1\\\/\",\"url\":\"https:\\\/\\\/gldlaw.com\\\/es\\\/inmigracion\\\/la-inmigracion-de-negocios\\\/visas-p1\\\/\",\"name\":\"Visas P-1 para Atletas y Artistas | Inmigraci\u00f3n de Negocio\",\"isPartOf\":{\"@id\":\"https:\\\/\\\/gldlaw.com\\\/es\\\/#website\"},\"primaryImageOfPage\":{\"@id\":\"https:\\\/\\\/gldlaw.com\\\/es\\\/inmigracion\\\/la-inmigracion-de-negocios\\\/visas-p1\\\/#primaryimage\"},\"image\":{\"@id\":\"https:\\\/\\\/gldlaw.com\\\/es\\\/inmigracion\\\/la-inmigracion-de-negocios\\\/visas-p1\\\/#primaryimage\"},\"thumbnailUrl\":\"https:\\\/\\\/gldlaw.com\\\/wp-content\\\/uploads\\\/2021\\\/04\\\/P-1-Visas-for-Athletes-and-Entertainers-Dallas-Houston-Immigration-Lawyers.png\",\"datePublished\":\"2021-03-17T19:20:35+00:00\",\"dateModified\":\"2025-04-14T16:07:41+00:00\",\"description\":\"\u00bfPodr\u00eda ser elegible para una visa P-1, o su empresa necesita traer atletas o animadores a los EE. UU. Para un trabajo temporal?\",\"breadcrumb\":{\"@id\":\"https:\\\/\\\/gldlaw.com\\\/es\\\/inmigracion\\\/la-inmigracion-de-negocios\\\/visas-p1\\\/#breadcrumb\"},\"inLanguage\":\"es\",\"potentialAction\":[{\"@type\":\"ReadAction\",\"target\":[\"https:\\\/\\\/gldlaw.com\\\/es\\\/inmigracion\\\/la-inmigracion-de-negocios\\\/visas-p1\\\/\"]}]},{\"@type\":\"ImageObject\",\"inLanguage\":\"es\",\"@id\":\"https:\\\/\\\/gldlaw.com\\\/es\\\/inmigracion\\\/la-inmigracion-de-negocios\\\/visas-p1\\\/#primaryimage\",\"url\":\"https:\\\/\\\/gldlaw.com\\\/wp-content\\\/uploads\\\/2021\\\/04\\\/P-1-Visas-for-Athletes-and-Entertainers-Dallas-Houston-Immigration-Lawyers.png\",\"contentUrl\":\"https:\\\/\\\/gldlaw.com\\\/wp-content\\\/uploads\\\/2021\\\/04\\\/P-1-Visas-for-Athletes-and-Entertainers-Dallas-Houston-Immigration-Lawyers.png\"},{\"@type\":\"BreadcrumbList\",\"@id\":\"https:\\\/\\\/gldlaw.com\\\/es\\\/inmigracion\\\/la-inmigracion-de-negocios\\\/visas-p1\\\/#breadcrumb\",\"itemListElement\":[{\"@type\":\"ListItem\",\"position\":1,\"name\":\"Home\",\"item\":\"https:\\\/\\\/gldlaw.com\\\/es\\\/\"},{\"@type\":\"ListItem\",\"position\":2,\"name\":\"Areas de Pr\u00e1ctica\",\"item\":\"https:\\\/\\\/gldlaw.com\\\/es\\\/inmigracion\\\/\"},{\"@type\":\"ListItem\",\"position\":3,\"name\":\"Inmigraci\u00f3n de Negocio\",\"item\":\"https:\\\/\\\/gldlaw.com\\\/es\\\/inmigracion\\\/la-inmigracion-de-negocios\\\/\"},{\"@type\":\"ListItem\",\"position\":4,\"name\":\"Visas P-1 para Atletas y Artistas\"}]},{\"@type\":\"WebSite\",\"@id\":\"https:\\\/\\\/gldlaw.com\\\/es\\\/#website\",\"url\":\"https:\\\/\\\/gldlaw.com\\\/es\\\/\",\"name\":\"Davis &amp; Associates\",\"description\":\"Dallas \\\/ Fort Worth Immigration Attorney\",\"potentialAction\":[{\"@type\":\"SearchAction\",\"target\":{\"@type\":\"EntryPoint\",\"urlTemplate\":\"https:\\\/\\\/gldlaw.com\\\/es\\\/?s={search_term_string}\"},\"query-input\":{\"@type\":\"PropertyValueSpecification\",\"valueRequired\":true,\"valueName\":\"search_term_string\"}}],\"inLanguage\":\"es\"}]}<\/script>\n<!-- \/ Yoast SEO plugin. -->","yoast_head_json":{"title":"Visas P-1 para Atletas y Artistas | Inmigraci\u00f3n de Negocio","description":"\u00bfPodr\u00eda ser elegible para una visa P-1, o su empresa necesita traer atletas o animadores a los EE. UU. Para un trabajo temporal?","robots":{"index":"index","follow":"follow","max-snippet":"max-snippet:-1","max-image-preview":"max-image-preview:large","max-video-preview":"max-video-preview:-1"},"canonical":"https:\/\/gldlaw.com\/es\/inmigracion\/la-inmigracion-de-negocios\/visas-p1\/","og_locale":"es_MX","og_type":"article","og_title":"Visas P-1 para Atletas y Artistas | Inmigraci\u00f3n de Negocio","og_description":"\u00bfPodr\u00eda ser elegible para una visa P-1, o su empresa necesita traer atletas o animadores a los EE. UU. Para un trabajo temporal?","og_url":"https:\/\/gldlaw.com\/es\/inmigracion\/la-inmigracion-de-negocios\/visas-p1\/","og_site_name":"Davis &amp; Associates","article_publisher":"https:\/\/www.facebook.com\/GLDavisandAssociates\/","article_modified_time":"2025-04-14T16:07:41+00:00","og_image":[{"url":"https:\/\/gldlaw.com\/wp-content\/uploads\/2021\/04\/P-1-Visas-for-Athletes-and-Entertainers-Dallas-Houston-Immigration-Lawyers.png","type":"","width":"","height":""}],"twitter_card":"summary_large_image","twitter_site":"@GLD_Law","twitter_misc":{"Tiempo de lectura":"9 minutos"},"schema":{"@context":"https:\/\/schema.org","@graph":[{"@type":"WebPage","@id":"https:\/\/gldlaw.com\/es\/inmigracion\/la-inmigracion-de-negocios\/visas-p1\/","url":"https:\/\/gldlaw.com\/es\/inmigracion\/la-inmigracion-de-negocios\/visas-p1\/","name":"Visas P-1 para Atletas y Artistas | Inmigraci\u00f3n de Negocio","isPartOf":{"@id":"https:\/\/gldlaw.com\/es\/#website"},"primaryImageOfPage":{"@id":"https:\/\/gldlaw.com\/es\/inmigracion\/la-inmigracion-de-negocios\/visas-p1\/#primaryimage"},"image":{"@id":"https:\/\/gldlaw.com\/es\/inmigracion\/la-inmigracion-de-negocios\/visas-p1\/#primaryimage"},"thumbnailUrl":"https:\/\/gldlaw.com\/wp-content\/uploads\/2021\/04\/P-1-Visas-for-Athletes-and-Entertainers-Dallas-Houston-Immigration-Lawyers.png","datePublished":"2021-03-17T19:20:35+00:00","dateModified":"2025-04-14T16:07:41+00:00","description":"\u00bfPodr\u00eda ser elegible para una visa P-1, o su empresa necesita traer atletas o animadores a los EE. UU. Para un trabajo temporal?","breadcrumb":{"@id":"https:\/\/gldlaw.com\/es\/inmigracion\/la-inmigracion-de-negocios\/visas-p1\/#breadcrumb"},"inLanguage":"es","potentialAction":[{"@type":"ReadAction","target":["https:\/\/gldlaw.com\/es\/inmigracion\/la-inmigracion-de-negocios\/visas-p1\/"]}]},{"@type":"ImageObject","inLanguage":"es","@id":"https:\/\/gldlaw.com\/es\/inmigracion\/la-inmigracion-de-negocios\/visas-p1\/#primaryimage","url":"https:\/\/gldlaw.com\/wp-content\/uploads\/2021\/04\/P-1-Visas-for-Athletes-and-Entertainers-Dallas-Houston-Immigration-Lawyers.png","contentUrl":"https:\/\/gldlaw.com\/wp-content\/uploads\/2021\/04\/P-1-Visas-for-Athletes-and-Entertainers-Dallas-Houston-Immigration-Lawyers.png"},{"@type":"BreadcrumbList","@id":"https:\/\/gldlaw.com\/es\/inmigracion\/la-inmigracion-de-negocios\/visas-p1\/#breadcrumb","itemListElement":[{"@type":"ListItem","position":1,"name":"Home","item":"https:\/\/gldlaw.com\/es\/"},{"@type":"ListItem","position":2,"name":"Areas de Pr\u00e1ctica","item":"https:\/\/gldlaw.com\/es\/inmigracion\/"},{"@type":"ListItem","position":3,"name":"Inmigraci\u00f3n de Negocio","item":"https:\/\/gldlaw.com\/es\/inmigracion\/la-inmigracion-de-negocios\/"},{"@type":"ListItem","position":4,"name":"Visas P-1 para Atletas y Artistas"}]},{"@type":"WebSite","@id":"https:\/\/gldlaw.com\/es\/#website","url":"https:\/\/gldlaw.com\/es\/","name":"Davis &amp; Associates","description":"Dallas \/ Fort Worth Immigration Attorney","potentialAction":[{"@type":"SearchAction","target":{"@type":"EntryPoint","urlTemplate":"https:\/\/gldlaw.com\/es\/?s={search_term_string}"},"query-input":{"@type":"PropertyValueSpecification","valueRequired":true,"valueName":"search_term_string"}}],"inLanguage":"es"}]}},"_links":{"self":[{"href":"https:\/\/gldlaw.com\/es\/wp-json\/wp\/v2\/pages\/7886","targetHints":{"allow":["GET"]}}],"collection":[{"href":"https:\/\/gldlaw.com\/es\/wp-json\/wp\/v2\/pages"}],"about":[{"href":"https:\/\/gldlaw.com\/es\/wp-json\/wp\/v2\/types\/page"}],"author":[{"embeddable":true,"href":"https:\/\/gldlaw.com\/es\/wp-json\/wp\/v2\/users\/18"}],"replies":[{"embeddable":true,"href":"https:\/\/gldlaw.com\/es\/wp-json\/wp\/v2\/comments?post=7886"}],"version-history":[{"count":5,"href":"https:\/\/gldlaw.com\/es\/wp-json\/wp\/v2\/pages\/7886\/revisions"}],"predecessor-version":[{"id":12101,"href":"https:\/\/gldlaw.com\/es\/wp-json\/wp\/v2\/pages\/7886\/revisions\/12101"}],"up":[{"embeddable":true,"href":"https:\/\/gldlaw.com\/es\/wp-json\/wp\/v2\/pages\/3412"}],"wp:attachment":[{"href":"https:\/\/gldlaw.com\/es\/wp-json\/wp\/v2\/media?parent=7886"}],"curies":[{"name":"wp","href":"https:\/\/api.w.org\/{rel}","templated":true}]}}