{"id":8040,"date":"2021-02-16T21:56:30","date_gmt":"2021-02-16T21:56:30","guid":{"rendered":"https:\/\/gldlaw.com\/inmigracion\/inmigracion-familiar\/k-3-visa\/"},"modified":"2021-04-27T15:48:52","modified_gmt":"2021-04-27T15:48:52","slug":"guia-de-visas-k-3","status":"publish","type":"page","link":"https:\/\/gldlaw.com\/es\/inmigracion\/inmigracion-familiar\/guia-de-visas-k-3\/","title":{"rendered":"Gu\u00eda de Visas K-3 \u2013 Abogados de Inmigraci\u00f3n de Texas"},"content":{"rendered":"\r\n<h1>Gu\u00eda de visas K-3 &#8211; Abogados de Inmigraci\u00f3n de Texas<\/h1>\r\n<h2><strong>Gu\u00eda de Visas K-3<\/strong><\/h2>\r\n<p>Si usted es un c\u00f3nyuge extranjero de un ciudadano estadounidense, usted puede ser elegible para una visa K-3. Una visa K-3 le permite acortar el tiempo que est\u00e1 separado de su c\u00f3nyuge al permitirle ingresar a los EE.UU. mientras espera la aprobaci\u00f3n de su petici\u00f3n de <a href=\"https:\/\/gldlaw.com\/immigration\/family-immigration\/\">visa<\/a> de inmigrante. Si recibe una visa K-3, m\u00e1s tarde solicitar\u00e1 ajustar su estatus y convertirse en un residente permanente legal, o LPR.<\/p>\r\n<p>Su c\u00f3nyuge debe solicitar su visa K-3 para usted &#8211; usted no puede solicitarla usted mismo. Adem\u00e1s, debe cumplir ciertos requisitos.<\/p>\r\n<h2><strong>\u00bfQu\u00e9 es una Visa K-3?<\/strong><\/h2>\r\n<p>Una visa K-3 es un documento de inmigraci\u00f3n que le permite ingresar al pa\u00eds mientras espera a que los Servicios de Ciudadan\u00eda e Inmigraci\u00f3n de los Estados Unidos, o USCIS, tome una decisi\u00f3n sobre su petici\u00f3n de inmigrante.<\/p>\r\n<p>Usted no tiene que solicitar una visa K-3 a menos que lo desee; se le permite esperar en el extranjero en su pa\u00eds de origen (o en cualquier otro pa\u00eds donde est\u00e9 legalmente presente) mientras USCIS toma su decisi\u00f3n en su caso.<\/p>\r\n<p>Esta es una petici\u00f3n voluntaria, y su prop\u00f3sito es acortar el tiempo que usted y su c\u00f3nyuge ciudadano estadounidense deben permanecer separados.<\/p>\r\n<p><img loading=\"lazy\" decoding=\"async\" title=\"K-3 Visa Attorneys - Davis &amp; Associates\" src=\"https:\/\/gldlaw.com\/wp-content\/uploads\/2021\/02\/K-3-Visa-Attorneys-Davis-Associates.png\" alt=\"K-3 Visa Attorneys - Davis &amp; Associates\" width=\"640\" height=\"430\" \/><\/p>\r\n<h2><a href=\"https:\/\/gldlaw.com\/es\/contacto\/\">PROGRAME SU CONSULTA GRATUITA HOY \u00bb<\/a><\/h2>\r\n<p><a role=\"button\" href=\"https:\/\/www.gldlaw.com\/contact-us-for-a-free-consultation\/\" target=\"_self\" rel=\"noopener\"> Oprima Aqu\u00ed \u00bb <\/a><\/p>\r\n<header>\r\n<h2><strong>\u00bfQui\u00e9n califica para una visa K-3?<\/strong><\/h2>\r\n<p>Usted debe ser un esposo o esposa legalmente casado de un ciudadano estadounidense para calificar para una visa K-3. Los c\u00f3nyuges del mismo sexo cuentan &#8211; bajo la ley de inmigraci\u00f3n de los Estados Unidos, usted es elegible para los mismos beneficios que los c\u00f3nyuges del sexo opuesto tienen derecho a recibir. Es importante tener en cuenta que:<\/p>\r\n<ul>\r\n<li>S\u00f3lo el primer c\u00f3nyuge en una relaci\u00f3n pol\u00edgama puede calificar como c\u00f3nyuge con fines de inmigraci\u00f3n.<\/li>\r\n<li>Los c\u00f3nyuges de derecho com\u00fan pueden calificar, dependiendo de las leyes del pa\u00eds donde ocurri\u00f3 el matrimonio de derecho com\u00fan.<\/li>\r\n<li>Usted no puede solicitar como c\u00f3nyuge si simplemente vive juntos y no est\u00e1n legalmente casados. Usted tendr\u00e1 que proporcionar documentaci\u00f3n que pruebe su matrimonio con su solicitud.<\/li>\r\n<\/ul>\r\n<h3><strong>\u00bfSus hijos pueden obtener visas K-3?<\/strong><\/h3>\r\n<p>Los ni\u00f1os pueden obtener visas K-4, no visas K-3. Eso significa que si sus hijos son elegibles y usted recibe una visa K-3, puede solicitar que vengan a los Estados Unidos con usted. Si son aprobados, sus hijos recibir\u00e1n visas K-4 que les permiten entrar al pa\u00eds y esperar.<\/p>\r\n<h2><strong>\u00bfQu\u00e9 papeleo necesita presentar para obtener una visa K-3?<\/strong><\/h2>\r\n<p>Para solicitar una visa K-3, su c\u00f3nyuge ciudadano estadounidense necesitar\u00e1 pruebas de que ha presentado un Formulario I-130, Petici\u00f3n para un Familiar Extranjero, en su nombre. Usted y su c\u00f3nyuge tambi\u00e9n deber\u00e1n presentar documentaci\u00f3n adicional, incluyendo:<\/p>\r\n<ul>\r\n<li>Formulario I-129F, Petici\u00f3n para un prometido extranjero(e)<\/li>\r\n<li>Un formulario completado DS-160, solicitud de visa de no inmigrante en l\u00ednea<\/li>\r\n<li>Un pasaporte que es v\u00e1lido para viajar a los Estados Unidos que es v\u00e1lido al menos seis meses despu\u00e9s de su per\u00edodo de estancia previsto en los EE. UU. (aunque hay algunas excepciones a esta regla, como cuando hay acuerdos espec\u00edficos de cada pa\u00eds en vigor)<\/li>\r\n<li>Su certificado de nacimiento<\/li>\r\n<li>Su certificado de matrimonio<\/li>\r\n<li>Certificados de divorcio o defunci\u00f3n para c\u00f3nyuges anteriores<\/li>\r\n<li>Certificados policiales del actual pa\u00eds de residencia del c\u00f3nyuge extranjero, as\u00ed como de todos los pa\u00edses donde ha vivido durante 6 meses o m\u00e1s desde los 16 a\u00f1os<\/li>\r\n<li>Un examen m\u00e9dico v\u00e1lido<\/li>\r\n<li>Evidencia de apoyo financiero<\/li>\r\n<li>Dos fotograf\u00edas de 2 pulgadas por 2 pulgadas en el <a href=\"https:\/\/travel.state.gov\/content\/travel\/en\/us-visas\/visa-information-resources\/photos.html\">formato adecuado<\/a><\/li>\r\n<li>Evidencia de la relaci\u00f3n entre el c\u00f3nyuge extranjero y el c\u00f3nyuge ciudadano de los EE. UU.<\/li>\r\n<\/ul>\r\n<p>Tambi\u00e9n se le pedir\u00e1 que pague los honorarios por la petici\u00f3n en el momento de la presentaci\u00f3n.<\/p>\r\n<h3><strong>Prueba de la relaci\u00f3n para una visa K-3<\/strong><\/h3>\r\n<p>USCIS requerir\u00e1 que usted demuestre que tiene una relaci\u00f3n v\u00e1lida con su c\u00f3nyuge. Eso es porque es ilegal casarse con alguien con el \u00fanico prop\u00f3sito de obtener un beneficio migratorio de los Estados Unidos. Es posible que tenga que proporcionar pruebas tales como:<\/p>\r\n<ul>\r\n<li>Estados de cuenta bancarios conjuntos que muestran sus dos nombres<\/li>\r\n<li>T\u00edtulos o t\u00edtulos a propiedades que ambos poseen conjuntamente (como bienes ra\u00edces o veh\u00edculos)<\/li>\r\n<li>Un contrato de arrendamiento o documentos hipotecarios que muestran sus dos nombres y muestran que ambos son responsables de hacer pagos<\/li>\r\n<li>Estados de cuenta de tarjetas de cr\u00e9dito conjuntas que le muestran como titulares de cuentas conjuntas o usuarios autorizados<\/li>\r\n<li>P\u00f3lizas de seguro conjuntas, como para seguros de autom\u00f3viles, salud o hogar<\/li>\r\n<li>P\u00f3lizas de seguro de vida que lo enumeran a usted y a su c\u00f3nyuge como el beneficiario principal<\/li>\r\n<li>Documentos que muestran una direcci\u00f3n compartida, como licencias de conducir y facturas<\/li>\r\n<li>Certificados de nacimiento de ni\u00f1os<\/li>\r\n<li>Certificados de adopci\u00f3n<\/li>\r\n<li>Registros escolares o m\u00e9dicos que lo enumeran a usted o a su c\u00f3nyuge como el contacto de emergencia para cualquier hijastro<\/li>\r\n<li>Itinerarios de viaje para vacaciones que tomaron juntos<\/li>\r\n<li>Registros telef\u00f3nicos o de chat que muestran que hablan entre s\u00ed regularmente<\/li>\r\n<li>Fotos de boda, invitaciones y otros art\u00edculos relacionados con la boda<\/li>\r\n<li>Cartas, correos electr\u00f3nicos y tarjetas que se han enviado entre s\u00ed<\/li>\r\n<\/ul>\r\n<p>Tambi\u00e9n puede proporcionar otro tipo de evidencia, como fotograf\u00edas suyas juntas en eventos familiares; cartas de familiares, amigos y empleados; recibos de regalos que han comprado el uno para el otro; u otra documentaci\u00f3n que muestre que est\u00e1s en una relaci\u00f3n de buena fe (verdadera y v\u00e1lida).<\/p>\r\n<p>Algunos tipos de evidencia son m\u00e1s fuertes que otros. Por ejemplo, las cuentas bancarias conjuntas, los testamentos y las p\u00f3lizas conjuntas de seguro de vida son los tipos m\u00e1s fuertes de evidencia, mientras que las tarjetas, las cartas de amigos y familiares y los boletos para eventos son los m\u00e1s d\u00e9biles.<\/p>\r\n<\/header>\r\n<h2><a href=\"https:\/\/gldlaw.com\/es\/contacto\/\">PROGRAME SU CONSULTA GRATUITA HOY \u00bb<\/a><\/h2>\r\n<p><a role=\"button\" href=\"https:\/\/www.gldlaw.com\/contact-us-for-a-free-consultation\/\" target=\"_self\" rel=\"noopener\"> Oprima Aqu\u00ed \u00bb <\/a><\/p>\r\n<h2><strong>\u00bfCu\u00e1l es el per\u00edodo de estancia con una visa K-3?<\/strong><\/h2>\r\n<p>Si el gobierno de EE.UU. le otorga una visa K-3, puede quedarse dos a\u00f1os. Si sus hijos reciben visas K-4, pueden permanecer tanto tiempo como usted, a menos que lleguen a su cumplea\u00f1os n\u00famero 21 durante el per\u00edodo de dos a\u00f1os durante el cual recibi\u00f3 su visa. La visa K-4 expira el d\u00eda antes de que un ni\u00f1o cumpla 21 a\u00f1os.<\/p>\r\n<h2><strong>\u00bfTermina autom\u00e1ticamente una visa K-3?<\/strong><\/h2>\r\n<p>La visa K-3 termina autom\u00e1ticamente despu\u00e9s de dos a\u00f1os. Sin embargo, puede solicitar al gobierno EE.UU. que extienda su visa antes de que expire. Su <a href=\"https:\/\/gldlaw.com\/immigration\/\">abogado de inmigraci\u00f3n de<\/a> Houston o Dallas puede ayudarlo a hacerlo.<\/p>\r\n<h2><strong>\u00bfNecesita empleo y autorizaci\u00f3n de viaje si est\u00e1 en los EE.UU. con una visa K?<\/strong><\/h2>\r\n<p>Una visa K-3 viene con autorizaci\u00f3n de trabajo. No tienes que presentar ning\u00fan papeleo separado.<\/p>\r\n<h2><strong>K-3 Preguntas frecuentes sobre visados<\/strong><\/h2>\r\n<p>Algunas de las preguntas m\u00e1s comunes que respondemos sobre las visas K-3 incluyen las siguientes. Si no ve su pregunta aqu\u00ed, no dude en llamar a nuestra oficina y preguntar &#8211; estaremos encantados de proporcionarle una consulta gratuita, sin compromiso.<\/p>\r\n<h3><strong>\u00bfPuedo extender una petici\u00f3n de visa K-3 si ha expirado?<\/strong><\/h3>\r\n<p>Puede extender su visa K-3 si lo hace <em>antes<\/em> \u00a0de que caduque.<\/p>\r\n<h3><strong>\u00bfMi c\u00f3nyuge necesita presentar peticiones separadas de visa K para mis hijos?<\/strong><\/h3>\r\n<p>Sus hijos pueden solicitar visas K-4 basadas en la aprobaci\u00f3n de la visa K-3 que su c\u00f3nyuge solicit\u00f3 en su nombre. Su c\u00f3nyuge deber\u00eda haber enumerado a sus hijos en esa petici\u00f3n.<\/p>\r\n<h3><strong>\u00bfMis hijos tienen que viajar conmigo?<\/strong><\/h3>\r\n<p>Sus hijos pueden viajar con usted o viajar despu\u00e9s de hacerlo. Siempre deben viajar dentro de la validez de sus visas K-4.<\/p>\r\n<h2><strong>\u00bfNecesita hablar con un abogado de inmigraci\u00f3n de Houston o Dallas sobre una visa K-3?<\/strong><\/h2>\r\n<p>Si usted est\u00e1 interesado en solicitar al gobierno de los Estados Unidos una visa K-3 en nombre de su c\u00f3nyuge extranjero, o si usted es el c\u00f3nyuge extranjero y desea obtener ayuda para su c\u00f3nyuge, es posible que podamos ayudarlo. Llame a nuestra oficina hoy para una consulta gratuita con un profesional experimentado.<\/p>\r\n<p><iframe loading=\"lazy\" title=\"Family Immigration\" src=\"https:\/\/www.youtube.com\/embed\/-AURpgbdVdE?feature=oembed\" width=\"500\" height=\"281\" frameborder=\"0\" allowfullscreen=\"allowfullscreen\"><\/iframe><\/p>\r\n<h2><a href=\"https:\/\/gldlaw.com\/es\/contacto\/\">PROGRAME SU CONSULTA GRATUITA HOY \u00bb<\/a><\/h2>\r\n<p><a role=\"button\" href=\"https:\/\/www.gldlaw.com\/contact-us-for-a-free-consultation\/\" target=\"_self\" rel=\"noopener\"> Oprima Aqu\u00ed \u00bb <\/a><\/p>\r\n","protected":false},"excerpt":{"rendered":"<p>Gu\u00eda de visas K-3 &#8211; Abogados de Inmigraci\u00f3n de Texas Gu\u00eda de Visas K-3 Si usted es un c\u00f3nyuge extranjero de un ciudadano estadounidense, usted puede ser elegible para una visa K-3. Una visa K-3 le permite acortar el tiempo que est\u00e1 separado de su c\u00f3nyuge al permitirle ingresar a los EE.UU. mientras espera la&hellip;<\/p>\n","protected":false},"author":18,"featured_media":0,"parent":3424,"menu_order":0,"comment_status":"closed","ping_status":"closed","template":"","meta":{"_monsterinsights_skip_tracking":false,"_monsterinsights_sitenote_active":false,"_monsterinsights_sitenote_note":"","_monsterinsights_sitenote_category":0,"footnotes":""},"class_list":["post-8040","page","type-page","status-publish","hentry"],"yoast_head":"<!-- This site is optimized with the Yoast SEO plugin v27.3 - https:\/\/yoast.com\/product\/yoast-seo-wordpress\/ -->\n<title>Gu\u00eda de Visas K-3 \u2013 Abogados de Inmigraci\u00f3n de Texas | Dallas &amp; Houston<\/title>\n<meta name=\"description\" content=\"\u00bfQu\u00e9 es una visa K-3, qui\u00e9n es elegible para una y c\u00f3mo se obtiene? \u00a1Esta gu\u00eda de visas K-3 explica todo lo que necesita saber!\" \/>\n<meta name=\"robots\" content=\"index, follow, max-snippet:-1, max-image-preview:large, max-video-preview:-1\" \/>\n<link rel=\"canonical\" href=\"https:\/\/gldlaw.com\/es\/inmigracion\/inmigracion-familiar\/guia-de-visas-k-3\/\" \/>\n<meta property=\"og:locale\" content=\"es_MX\" \/>\n<meta property=\"og:type\" content=\"article\" \/>\n<meta property=\"og:title\" content=\"Gu\u00eda de Visas K-3 \u2013 Abogados de Inmigraci\u00f3n de Texas | Dallas &amp; Houston\" \/>\n<meta property=\"og:description\" content=\"\u00bfQu\u00e9 es una visa K-3, qui\u00e9n es elegible para una y c\u00f3mo se obtiene? \u00a1Esta gu\u00eda de visas K-3 explica todo lo que necesita saber!\" \/>\n<meta property=\"og:url\" content=\"https:\/\/gldlaw.com\/es\/inmigracion\/inmigracion-familiar\/guia-de-visas-k-3\/\" \/>\n<meta property=\"og:site_name\" content=\"Davis &amp; Associates\" \/>\n<meta property=\"article:publisher\" content=\"https:\/\/www.facebook.com\/GLDavisandAssociates\/\" \/>\n<meta property=\"article:modified_time\" content=\"2021-04-27T15:48:52+00:00\" \/>\n<meta property=\"og:image\" content=\"https:\/\/gldlaw.com\/wp-content\/uploads\/2021\/02\/K-3-Visa-Attorneys-Davis-Associates.png\" \/>\n<meta name=\"twitter:card\" content=\"summary_large_image\" \/>\n<meta name=\"twitter:site\" content=\"@GLD_Law\" \/>\n<meta name=\"twitter:label1\" content=\"Tiempo de lectura\" \/>\n\t<meta name=\"twitter:data1\" content=\"7 minutos\" \/>\n<script type=\"application\/ld+json\" class=\"yoast-schema-graph\">{\"@context\":\"https:\\\/\\\/schema.org\",\"@graph\":[{\"@type\":\"WebPage\",\"@id\":\"https:\\\/\\\/gldlaw.com\\\/es\\\/inmigracion\\\/inmigracion-familiar\\\/guia-de-visas-k-3\\\/\",\"url\":\"https:\\\/\\\/gldlaw.com\\\/es\\\/inmigracion\\\/inmigracion-familiar\\\/guia-de-visas-k-3\\\/\",\"name\":\"Gu\u00eda de Visas K-3 \u2013 Abogados de Inmigraci\u00f3n de Texas | Dallas & Houston\",\"isPartOf\":{\"@id\":\"https:\\\/\\\/gldlaw.com\\\/es\\\/#website\"},\"primaryImageOfPage\":{\"@id\":\"https:\\\/\\\/gldlaw.com\\\/es\\\/inmigracion\\\/inmigracion-familiar\\\/guia-de-visas-k-3\\\/#primaryimage\"},\"image\":{\"@id\":\"https:\\\/\\\/gldlaw.com\\\/es\\\/inmigracion\\\/inmigracion-familiar\\\/guia-de-visas-k-3\\\/#primaryimage\"},\"thumbnailUrl\":\"https:\\\/\\\/gldlaw.com\\\/wp-content\\\/uploads\\\/2021\\\/02\\\/K-3-Visa-Attorneys-Davis-Associates.png\",\"datePublished\":\"2021-02-16T21:56:30+00:00\",\"dateModified\":\"2021-04-27T15:48:52+00:00\",\"description\":\"\u00bfQu\u00e9 es una visa K-3, qui\u00e9n es elegible para una y c\u00f3mo se obtiene? \u00a1Esta gu\u00eda de visas K-3 explica todo lo que necesita saber!\",\"breadcrumb\":{\"@id\":\"https:\\\/\\\/gldlaw.com\\\/es\\\/inmigracion\\\/inmigracion-familiar\\\/guia-de-visas-k-3\\\/#breadcrumb\"},\"inLanguage\":\"es\",\"potentialAction\":[{\"@type\":\"ReadAction\",\"target\":[\"https:\\\/\\\/gldlaw.com\\\/es\\\/inmigracion\\\/inmigracion-familiar\\\/guia-de-visas-k-3\\\/\"]}]},{\"@type\":\"ImageObject\",\"inLanguage\":\"es\",\"@id\":\"https:\\\/\\\/gldlaw.com\\\/es\\\/inmigracion\\\/inmigracion-familiar\\\/guia-de-visas-k-3\\\/#primaryimage\",\"url\":\"https:\\\/\\\/gldlaw.com\\\/wp-content\\\/uploads\\\/2021\\\/02\\\/K-3-Visa-Attorneys-Davis-Associates.png\",\"contentUrl\":\"https:\\\/\\\/gldlaw.com\\\/wp-content\\\/uploads\\\/2021\\\/02\\\/K-3-Visa-Attorneys-Davis-Associates.png\"},{\"@type\":\"BreadcrumbList\",\"@id\":\"https:\\\/\\\/gldlaw.com\\\/es\\\/inmigracion\\\/inmigracion-familiar\\\/guia-de-visas-k-3\\\/#breadcrumb\",\"itemListElement\":[{\"@type\":\"ListItem\",\"position\":1,\"name\":\"Home\",\"item\":\"https:\\\/\\\/gldlaw.com\\\/es\\\/\"},{\"@type\":\"ListItem\",\"position\":2,\"name\":\"Areas de Pr\u00e1ctica\",\"item\":\"https:\\\/\\\/gldlaw.com\\\/es\\\/inmigracion\\\/\"},{\"@type\":\"ListItem\",\"position\":3,\"name\":\"Inmigraci\u00f3n Familiar\",\"item\":\"https:\\\/\\\/gldlaw.com\\\/es\\\/inmigracion\\\/inmigracion-familiar\\\/\"},{\"@type\":\"ListItem\",\"position\":4,\"name\":\"Gu\u00eda de Visas K-3 \u2013 Abogados de Inmigraci\u00f3n de Texas\"}]},{\"@type\":\"WebSite\",\"@id\":\"https:\\\/\\\/gldlaw.com\\\/es\\\/#website\",\"url\":\"https:\\\/\\\/gldlaw.com\\\/es\\\/\",\"name\":\"Davis &amp; Associates\",\"description\":\"Dallas \\\/ Fort Worth Immigration Attorney\",\"potentialAction\":[{\"@type\":\"SearchAction\",\"target\":{\"@type\":\"EntryPoint\",\"urlTemplate\":\"https:\\\/\\\/gldlaw.com\\\/es\\\/?s={search_term_string}\"},\"query-input\":{\"@type\":\"PropertyValueSpecification\",\"valueRequired\":true,\"valueName\":\"search_term_string\"}}],\"inLanguage\":\"es\"}]}<\/script>\n<!-- \/ Yoast SEO plugin. -->","yoast_head_json":{"title":"Gu\u00eda de Visas K-3 \u2013 Abogados de Inmigraci\u00f3n de Texas | Dallas & Houston","description":"\u00bfQu\u00e9 es una visa K-3, qui\u00e9n es elegible para una y c\u00f3mo se obtiene? \u00a1Esta gu\u00eda de visas K-3 explica todo lo que necesita saber!","robots":{"index":"index","follow":"follow","max-snippet":"max-snippet:-1","max-image-preview":"max-image-preview:large","max-video-preview":"max-video-preview:-1"},"canonical":"https:\/\/gldlaw.com\/es\/inmigracion\/inmigracion-familiar\/guia-de-visas-k-3\/","og_locale":"es_MX","og_type":"article","og_title":"Gu\u00eda de Visas K-3 \u2013 Abogados de Inmigraci\u00f3n de Texas | Dallas & Houston","og_description":"\u00bfQu\u00e9 es una visa K-3, qui\u00e9n es elegible para una y c\u00f3mo se obtiene? \u00a1Esta gu\u00eda de visas K-3 explica todo lo que necesita saber!","og_url":"https:\/\/gldlaw.com\/es\/inmigracion\/inmigracion-familiar\/guia-de-visas-k-3\/","og_site_name":"Davis &amp; Associates","article_publisher":"https:\/\/www.facebook.com\/GLDavisandAssociates\/","article_modified_time":"2021-04-27T15:48:52+00:00","og_image":[{"url":"https:\/\/gldlaw.com\/wp-content\/uploads\/2021\/02\/K-3-Visa-Attorneys-Davis-Associates.png","type":"","width":"","height":""}],"twitter_card":"summary_large_image","twitter_site":"@GLD_Law","twitter_misc":{"Tiempo de lectura":"7 minutos"},"schema":{"@context":"https:\/\/schema.org","@graph":[{"@type":"WebPage","@id":"https:\/\/gldlaw.com\/es\/inmigracion\/inmigracion-familiar\/guia-de-visas-k-3\/","url":"https:\/\/gldlaw.com\/es\/inmigracion\/inmigracion-familiar\/guia-de-visas-k-3\/","name":"Gu\u00eda de Visas K-3 \u2013 Abogados de Inmigraci\u00f3n de Texas | Dallas & Houston","isPartOf":{"@id":"https:\/\/gldlaw.com\/es\/#website"},"primaryImageOfPage":{"@id":"https:\/\/gldlaw.com\/es\/inmigracion\/inmigracion-familiar\/guia-de-visas-k-3\/#primaryimage"},"image":{"@id":"https:\/\/gldlaw.com\/es\/inmigracion\/inmigracion-familiar\/guia-de-visas-k-3\/#primaryimage"},"thumbnailUrl":"https:\/\/gldlaw.com\/wp-content\/uploads\/2021\/02\/K-3-Visa-Attorneys-Davis-Associates.png","datePublished":"2021-02-16T21:56:30+00:00","dateModified":"2021-04-27T15:48:52+00:00","description":"\u00bfQu\u00e9 es una visa K-3, qui\u00e9n es elegible para una y c\u00f3mo se obtiene? \u00a1Esta gu\u00eda de visas K-3 explica todo lo que necesita saber!","breadcrumb":{"@id":"https:\/\/gldlaw.com\/es\/inmigracion\/inmigracion-familiar\/guia-de-visas-k-3\/#breadcrumb"},"inLanguage":"es","potentialAction":[{"@type":"ReadAction","target":["https:\/\/gldlaw.com\/es\/inmigracion\/inmigracion-familiar\/guia-de-visas-k-3\/"]}]},{"@type":"ImageObject","inLanguage":"es","@id":"https:\/\/gldlaw.com\/es\/inmigracion\/inmigracion-familiar\/guia-de-visas-k-3\/#primaryimage","url":"https:\/\/gldlaw.com\/wp-content\/uploads\/2021\/02\/K-3-Visa-Attorneys-Davis-Associates.png","contentUrl":"https:\/\/gldlaw.com\/wp-content\/uploads\/2021\/02\/K-3-Visa-Attorneys-Davis-Associates.png"},{"@type":"BreadcrumbList","@id":"https:\/\/gldlaw.com\/es\/inmigracion\/inmigracion-familiar\/guia-de-visas-k-3\/#breadcrumb","itemListElement":[{"@type":"ListItem","position":1,"name":"Home","item":"https:\/\/gldlaw.com\/es\/"},{"@type":"ListItem","position":2,"name":"Areas de Pr\u00e1ctica","item":"https:\/\/gldlaw.com\/es\/inmigracion\/"},{"@type":"ListItem","position":3,"name":"Inmigraci\u00f3n Familiar","item":"https:\/\/gldlaw.com\/es\/inmigracion\/inmigracion-familiar\/"},{"@type":"ListItem","position":4,"name":"Gu\u00eda de Visas K-3 \u2013 Abogados de Inmigraci\u00f3n de Texas"}]},{"@type":"WebSite","@id":"https:\/\/gldlaw.com\/es\/#website","url":"https:\/\/gldlaw.com\/es\/","name":"Davis &amp; Associates","description":"Dallas \/ Fort Worth Immigration Attorney","potentialAction":[{"@type":"SearchAction","target":{"@type":"EntryPoint","urlTemplate":"https:\/\/gldlaw.com\/es\/?s={search_term_string}"},"query-input":{"@type":"PropertyValueSpecification","valueRequired":true,"valueName":"search_term_string"}}],"inLanguage":"es"}]}},"_links":{"self":[{"href":"https:\/\/gldlaw.com\/es\/wp-json\/wp\/v2\/pages\/8040","targetHints":{"allow":["GET"]}}],"collection":[{"href":"https:\/\/gldlaw.com\/es\/wp-json\/wp\/v2\/pages"}],"about":[{"href":"https:\/\/gldlaw.com\/es\/wp-json\/wp\/v2\/types\/page"}],"author":[{"embeddable":true,"href":"https:\/\/gldlaw.com\/es\/wp-json\/wp\/v2\/users\/18"}],"replies":[{"embeddable":true,"href":"https:\/\/gldlaw.com\/es\/wp-json\/wp\/v2\/comments?post=8040"}],"version-history":[{"count":3,"href":"https:\/\/gldlaw.com\/es\/wp-json\/wp\/v2\/pages\/8040\/revisions"}],"predecessor-version":[{"id":8043,"href":"https:\/\/gldlaw.com\/es\/wp-json\/wp\/v2\/pages\/8040\/revisions\/8043"}],"up":[{"embeddable":true,"href":"https:\/\/gldlaw.com\/es\/wp-json\/wp\/v2\/pages\/3424"}],"wp:attachment":[{"href":"https:\/\/gldlaw.com\/es\/wp-json\/wp\/v2\/media?parent=8040"}],"curies":[{"name":"wp","href":"https:\/\/api.w.org\/{rel}","templated":true}]}}