{"id":8044,"date":"2021-02-16T21:22:10","date_gmt":"2021-02-16T21:22:10","guid":{"rendered":"https:\/\/gldlaw.com\/inmigracion\/la-inmigracion-de-negocios\/o-1-visas\/"},"modified":"2025-04-14T11:07:31","modified_gmt":"2025-04-14T16:07:31","slug":"guia-de-visas-o-1","status":"publish","type":"page","link":"https:\/\/gldlaw.com\/es\/inmigracion\/la-inmigracion-de-negocios\/guia-de-visas-o-1\/","title":{"rendered":"Gu\u00eda de Visas O-1"},"content":{"rendered":"\n\n\t<h1><strong>Gu\u00eda de Visas O-1 en Texas<\/strong><\/h1>\n\t<p>Si usted es como muchas personas que quieren venir a los Estados Unidos, usted sabe que hay varias v\u00edas posibles que puede tomar &#8211; y uno de ellos es la visa O-1.<\/p>\n<p>Pero, \u00bfqu\u00e9 es una visa O-1, c\u00f3mo puedes calificar para ella y qu\u00e9 pasa si el gobierno de EE.UU. te emite una? Esta gu\u00eda completa de visas O-1 le dice todo lo que necesita saber.<\/p>\n\t<h2><strong>\u00bfQu\u00e9 es una Visa O-1?<\/strong><\/h2>\n<p>Hay dos tipos de visas de <a href=\"https:\/\/gldlaw.com\/es\/inmigracion\/la-inmigracion-de-negocios\/\">no inmigrante<\/a> O-1:O-1A y O-1B. El proceso de solicitud es el mismo para ambos, aunque la prueba que debe proporcionar para mostrar su elegibilidad ser\u00e1 un poco diferente.<\/p>\n<p>Ambos son visas de empleo a corto plazo. Si tiene una visa O, puede trabajar legalmente en los Estados Unidos para la persona o entidad que patrocina su petici\u00f3n. Por lo general, las visas O se pueden emitir muy r\u00e1pidamente, y se emiten durante el tiempo necesario para un evento en particular.<\/p>\n\t<h3>Visas O-1A<\/h3>\n<p>Las visas O-1A son para individuos con una extraordinaria capacidad en las ciencias, la educaci\u00f3n, los negocios o el atletismo (sin incluir las artes, el cine o la industria de la televisi\u00f3n).<\/p>\n\t<h3>Visas O-1B<\/h3>\n<p>Las visas O-1B son para individuos con una extraordinaria capacidad en las artes o logros extraordinarios en la industria cinematogr\u00e1fica o de televisi\u00f3n.<\/p>\n\t\t\t\t<img loading=\"lazy\" decoding=\"async\" src=\"https:\/\/gldlaw.com\/wp-content\/uploads\/2021\/02\/O-1-Visas.png\" alt=\"O-1 Visas\" itemprop=\"image\" height=\"430\" width=\"640\" title=\"O-1 Visas\" onerror=\"this.style.display='none'\"  \/>\n\t<h3>What kind of work visas are available in the United States?<\/h3>\n<p>Popular work visas in the U.S. include:<\/p>\n<ul>\n<li><a href=\"https:\/\/gldlaw.com\/es\/inmigracion\/la-inmigracion-de-negocios\/h-1b-employment-visa\/\">H-1B Visa<\/a><\/li>\n<li><a href=\"https:\/\/gldlaw.com\/es\/inmigracion\/la-inmigracion-de-negocios\/visa-h-4\/\">H-4 Visa<\/a><\/li>\n<li><a href=\"https:\/\/gldlaw.com\/es\/inmigracion\/la-inmigracion-de-negocios\/visa-l-1\/\">L-1 Visa<\/a><\/li>\n<li><a href=\"https:\/\/gldlaw.com\/es\/inmigracion\/la-inmigracion-de-negocios\/visas-l-1b\/\">L-1B Visa<\/a><\/li>\n<li><a href=\"https:\/\/gldlaw.com\/es\/inmigracion\/la-inmigracion-de-negocios\/visa-e-1\/\">E-1 Visa<\/a><\/li>\n<li><a href=\"https:\/\/gldlaw.com\/es\/inmigracion\/la-inmigracion-de-negocios\/visado-e-2\/\">E-2 Visa<\/a><\/li>\n<li><a href=\"https:\/\/gldlaw.com\/es\/inmigracion\/la-inmigracion-de-negocios\/visas-eb-1\/\">EB-1 Visa<\/a><\/li>\n<li><a href=\"https:\/\/gldlaw.com\/es\/inmigracion\/la-inmigracion-de-negocios\/eb-5-visa-de-inversionista\/\">EB-5 Visa<\/a><\/li>\n<li>J-1 Visa<\/li>\n<\/ul>\n\t<h2><a href=\"https:\/\/gldlaw.com\/es\/contacto\/\">PROGRAME SU CONSULTA GRATUITA HOY \u00bb<\/a><\/h2>\n\t\t\t<a href=\"https:\/\/gldlaw.com\/es\/contacto\/\" target=\"_self\">\n\t\t\t\t\t\t\tOprima Aqu\u00ed \u00bb\n\t\t\t\t\t<\/a>\n<header>\n<h2><strong>\u00bfQui\u00e9n califica para una visa O-1?<\/strong><\/h2>\n<p><img loading=\"lazy\" decoding=\"async\" src=\"https:\/\/gldlaw.com\/wp-content\/uploads\/2021\/02\/5.-O-1-Visa-Business-Immigration-Attorney.png\" alt=\"5. O-1 Visa - Business Immigration Attorney\" width=\"450\" height=\"302\" \/>No todo el mundo califica para una visa O-1. De hecho, este <a href=\"https:\/\/gldlaw.com\/es\/inmigracion\/visas\/\">tipo de visas<\/a> s\u00f3lo est\u00e1n disponibles para las personas que tienen una oferta de trabajo en los Estados Unidos y han demostrado ser una habilidad extraordinaria en las ciencias, las artes, la educaci\u00f3n, los negocios o el atletismo.<\/p>\n<p>El beneficiario de una visa O-1 debe haber recibido aclamaci\u00f3n nacional o internacional en un campo en particular. Si la persona trabaja en pel\u00edculas o producciones televisivas, debe tener un historial demostrado de logros extraordinarios.<\/p>\n<p>Por ejemplo, algunos o todos los miembros del elenco de una serie de televisi\u00f3n ampliamente aclamada pueden ser elegibles para visas O si los productores tienen la intenci\u00f3n de filmar en el lugar en los Estados Unidos. Del mismo modo, algunos o todos los miembros de bandas internacionales populares pueden calificar para este tipo de visas si van de gira en los Estados Unidos. Es importante tener en cuenta, sin embargo, que las visas O-1 s\u00f3lo se pueden dar a las personas sobre la base de calificaciones individuales; simplemente ser parte del elenco o un miembro de una banda no es suficiente.<\/p>\n<p>En el caso de una visa O-1A &#8211; aquellas que est\u00e1n disponibles para individuos con una extraordinaria capacidad en las ciencias, la educaci\u00f3n, los negocios o el atletismo (sin incluir las artes, el cine o la industria de la televisi\u00f3n) &#8211; un &#8220;evento&#8221; se interpreta vagamente como un &#8220;compromiso&#8221;. Los eventos pueden incluir proyectos de investigaci\u00f3n en curso para empresas privadas, universidades o entidades gubernamentales, por ejemplo.<\/p>\n<h3><strong>Demostrar una habilidad extraordinaria<\/strong><\/h3>\n<p>Con el fin de demostrar una habilidad extraordinaria &#8211; suficiente como para calificar para una visa O-1 &#8211; debe haber ganado o ganado un premio importante reconocido internacionalmente (como una medalla ol\u00edmpica o un Premio Pulitzer) o haber logrado al menos tres de los siguientes objetivos:<\/p>\n<ul>\n<li>Recibi\u00f3 un premio o premio reconocido a nivel nacional (en los EE. UU.)<\/li>\n<li>Ha sido objeto de material publicado en publicaciones comerciales profesionales o importantes, o en los principales medios de comunicaci\u00f3n<\/li>\n<li>Alcanz\u00f3 la membres\u00eda en una asociaci\u00f3n (o m\u00faltiples asociaciones) que requieren logros sobresalientes en un campo particular de experiencia<\/li>\n<li>Hizo una contribuci\u00f3n cient\u00edfica, acad\u00e9mica o relacionada con los negocios original de gran importancia en su campo<\/li>\n<li>Particip\u00f3 como juez del trabajo de otros en su campo<\/li>\n<li>Art\u00edculos acad\u00e9micos escritos en revistas profesionales o grandes medios de comunicaci\u00f3n<\/li>\n<li>Anteriormente hab\u00eda sido empleado en una capacidad cr\u00edtica o esencial por una organizaci\u00f3n con una &#8220;reputaci\u00f3n distinguida&#8221;<\/li>\n<li>Comandar, o haber mandado en el pasado &#8211; un salario alto u otra remuneraci\u00f3n pendiente por sus servicios<\/li>\n<\/ul>\n<h3><strong>\u00bfPuede su familia venir con usted si tiene este tipo de visa?<\/strong><\/h3>\n<p>En muchos casos, los miembros inmediatos de la familia &#8211; c\u00f3nyuges e hijos solteros menores de 21 a\u00f1os &#8211; pueden venir con usted cuando usted viene a los EE.UU. a trabajar con una visa O-1. Sin embargo, no estar\u00e1n bajo el mismo tipo de visa; usar\u00e1n la visa de no inmigrante O-3. Su c\u00f3nyuge e hijos estar\u00e1n sujetos al mismo per\u00edodo de admisi\u00f3n al que usted est\u00e1 sujeto. Los c\u00f3nyuges y los hijos no pueden trabajar mientras est\u00e1n en los EE.UU. con una visa O-3, pero pueden participar en estudios a tiempo completo o parcial mientras est\u00e1n en los Estados Unidos.<\/p>\n<\/header>\n\t<h2><a href=\"https:\/\/gldlaw.com\/es\/contacto\/\">PROGRAME SU CONSULTA GRATUITA HOY \u00bb<\/a><\/h2>\n\t\t\t<a href=\"https:\/\/gldlaw.com\/es\/contacto\/\" target=\"_self\">\n\t\t\t\t\t\t\tOprima Aqu\u00ed \u00bb\n\t\t\t\t\t<\/a>\n\t<p>EE.UU. con una visa O-3, pero pueden participar en estudios a tiempo completo o parcial mientras est\u00e1n en los Estados Unidos.<\/p>\n<h2><strong>\u00bfC\u00f3mo solicita una visa O-1?<\/strong><\/h2>\n<p><img loading=\"lazy\" decoding=\"async\" src=\"https:\/\/gldlaw.com\/wp-content\/uploads\/2021\/02\/O-1-Visas-in-Texas.png\" alt=\"O-1 Visas in Texas\" width=\"450\" height=\"302\" \/>Su empleador o agente debe solicitar una visa O-1 (A o B) en su nombre. La misma persona debe proporcionar la evidencia requerida que demuestre que usted es una persona de extraordinaria capacidad. La evidencia debe establecer sus habilidades cr\u00edticas, experiencia y esencialidad de su visita. Por ejemplo, si viene a los EE.UU. para trabajar en un programa de televisi\u00f3n o pel\u00edcula, la evidencia deber\u00eda mostrar que la producci\u00f3n significativa ha tenido lugar fuera de los EE.UU. y continuar\u00e1 teniendo lugar dentro de los EE.UU., y que su participaci\u00f3n continua es esencial para la finalizaci\u00f3n exitosa del proyecto.<\/p>\n<h3><strong>\u00bfNo ser\u00eda m\u00e1s f\u00e1cil el proceso de solicitud si trabajara con un abogado de inmigraci\u00f3n de Houston o Dallas?<\/strong><\/h3>\n<p>Para la mayor\u00eda de las personas, el proceso de solicitud de una visa O-1A u O-1B es mucho m\u00e1s simple cuando se trabaja con un abogado de inmigraci\u00f3n de Houston o Dallas. Su abogado puede llenar y presentar el papeleo en su nombre, ahorr\u00e1ndole el tiempo y el esfuerzo necesarios para asegurarse de que est\u00e1 haciendo todo correctamente bajo la ley de inmigraci\u00f3n de los Estados Unidos.<\/p>\n<h2><strong>\u00bfCu\u00e1nto tiempo puedes quedarte en los EE.UU. \u00bfCon una visa O-1?<\/strong><\/h2>\n<p>Por lo general, puede permanecer en los EE. UU. con una visa O-1A u O-1B durante el tiempo que sea necesario para completar su trabajo. Por ejemplo, si est\u00e1s filmando una pel\u00edcula que tardar\u00e1 un a\u00f1o en completarse, USCIS puede otorgarte una visa que te permita permanecer tanto tiempo. Tambi\u00e9n puede extenderse en incrementos ilimitados de un a\u00f1o, lo que es particularmente \u00fatil para aquellos que hacen proyectos de investigaci\u00f3n y personas que filman series de televisi\u00f3n.<\/p>\n<h2><strong>Preguntas comunes sobre O-1 Visas<\/strong><\/h2>\n<p>Estas son algunas de las preguntas m\u00e1s comunes que respondemos sobre las visas O-1. Si no ve su pregunta aqu\u00ed, o si una respuesta que ley\u00f3 aqu\u00ed conduce a m\u00e1s preguntas, llame a nuestra oficina para hablar con un profesional experimentado. Estaremos encantados de responder a sus preguntas y explicar sus opciones si califica para una visa O-1.<\/p>\n<h3><strong>\u00bfQu\u00e9 pasa si cambias de empleador? \u00bfPuede cambiar de empleador si tiene una visa O-1?<\/strong><\/h3>\n<p>Es posible cambiar de empleador si usted est\u00e1 en los Estados Unidos con una visa O-1. Sin embargo, su nuevo empleador debe presentar la documentaci\u00f3n apropiada ante los Servicios de Ciudadan\u00eda e Inmigraci\u00f3n de los Estados Unidos.<\/p>\n<h3><strong>\u00bfQu\u00e9 es un cambio importante en t\u00e9rminos y condiciones de empleo?<\/strong><\/h3>\n<p>Un cambio importante &#8211; aparte de la adici\u00f3n de m\u00e1s actuaciones &#8211; en los t\u00e9rminos y condiciones de su empleo o de su elegibilidad, su empleador tiene que presentar un Formulario I-129 enmendado en su nombre. Hay reglas especiales para los atletas, que su abogado de inmigraci\u00f3n de Texas puede explicarle.<\/p>\n<h3><strong>\u00bfQui\u00e9n tiene que pagar por su transporte de regreso si usted est\u00e1 en los EE.UU. \u00bfCon una visa O-1?<\/strong><\/h3>\n<p>Si su empleador termina su empleo por cualquier motivo (aparte de su renuncia voluntaria), su empleador debe pagar el costo razonable del transporte de regreso a su \u00faltima residencia antes de que usted llegara a los Estados Unidos.<\/p>\n<h2><strong>\u00bfNecesita hablar con un abogado sobre una visa O-1?<\/strong><\/h2>\n<p>Si usted trabaja para un empleador que necesita traer a una persona de extraordinaria capacidad, o si usted es un agente de talento, es posible que podamos ayudarlo a obtener las visas O-1 que necesita. Llame a nuestra oficina hoy para hablar sobre sus opciones con un profesional experimentado.<\/p>\n\t<iframe loading=\"lazy\" title=\"Business Immigration Including Employment Visas\" width=\"500\" height=\"281\" src=\"https:\/\/www.youtube.com\/embed\/byuUfz-2NgU?feature=oembed\" frameborder=\"0\" allow=\"accelerometer; autoplay; clipboard-write; encrypted-media; gyroscope; picture-in-picture; web-share\" referrerpolicy=\"strict-origin-when-cross-origin\" allowfullscreen><\/iframe>\n\t<h2><a href=\"https:\/\/gldlaw.com\/es\/contacto\/\">PROGRAME SU CONSULTA GRATUITA HOY \u00bb<\/a><\/h2>\n\t\t\t<a href=\"https:\/\/gldlaw.com\/es\/contacto\/\" target=\"_self\">\n\t\t\t\t\t\t\tOprima Aqu\u00ed \u00bb\n\t\t\t\t\t<\/a>\n\n","protected":false},"excerpt":{"rendered":"<p>Gu\u00eda de Visas O-1 en Texas Si usted es como muchas personas que quieren venir a los Estados Unidos, usted sabe que hay varias v\u00edas posibles que puede tomar &#8211; y uno de ellos es la visa O-1. Pero, \u00bfqu\u00e9 es una visa O-1, c\u00f3mo puedes calificar para ella y qu\u00e9 pasa si el gobierno&hellip;<\/p>\n","protected":false},"author":18,"featured_media":0,"parent":3412,"menu_order":0,"comment_status":"closed","ping_status":"closed","template":"","meta":{"_monsterinsights_skip_tracking":false,"_monsterinsights_sitenote_active":false,"_monsterinsights_sitenote_note":"","_monsterinsights_sitenote_category":0,"footnotes":""},"class_list":["post-8044","page","type-page","status-publish","hentry"],"yoast_head":"<!-- This site is optimized with the Yoast SEO plugin v27.6 - https:\/\/yoast.com\/product\/yoast-seo-wordpress\/ -->\n<title>Gu\u00eda de Visas O-1 | Abogados de Inmigraci\u00f3n de Texas<\/title>\n<meta name=\"description\" content=\"\u00bfQu\u00e9 es una visa O-1 y c\u00f3mo puede calificar para una? Consulte esta gu\u00eda de Visa O-1 para ver si califica.\" \/>\n<meta name=\"robots\" content=\"index, follow, max-snippet:-1, max-image-preview:large, max-video-preview:-1\" \/>\n<link rel=\"canonical\" href=\"https:\/\/gldlaw.com\/es\/inmigracion\/la-inmigracion-de-negocios\/guia-de-visas-o-1\/\" \/>\n<meta property=\"og:locale\" content=\"es_MX\" \/>\n<meta property=\"og:type\" content=\"article\" \/>\n<meta property=\"og:title\" content=\"Gu\u00eda de Visas O-1 | Abogados de Inmigraci\u00f3n de Texas\" \/>\n<meta property=\"og:description\" content=\"\u00bfQu\u00e9 es una visa O-1 y c\u00f3mo puede calificar para una? Consulte esta gu\u00eda de Visa O-1 para ver si califica.\" \/>\n<meta property=\"og:url\" content=\"https:\/\/gldlaw.com\/es\/inmigracion\/la-inmigracion-de-negocios\/guia-de-visas-o-1\/\" \/>\n<meta property=\"og:site_name\" content=\"Davis &amp; Associates\" \/>\n<meta property=\"article:publisher\" content=\"https:\/\/www.facebook.com\/GLDavisandAssociates\/\" \/>\n<meta property=\"article:modified_time\" content=\"2025-04-14T16:07:31+00:00\" \/>\n<meta property=\"og:image\" content=\"https:\/\/gldlaw.com\/wp-content\/uploads\/2021\/02\/O-1-Visas.png\" \/>\n<meta name=\"twitter:card\" content=\"summary_large_image\" \/>\n<meta name=\"twitter:site\" content=\"@GLD_Law\" \/>\n<meta name=\"twitter:label1\" content=\"Tiempo de lectura\" \/>\n\t<meta name=\"twitter:data1\" content=\"8 minutos\" \/>\n<script type=\"application\/ld+json\" class=\"yoast-schema-graph\">{\"@context\":\"https:\\\/\\\/schema.org\",\"@graph\":[{\"@type\":\"WebPage\",\"@id\":\"https:\\\/\\\/gldlaw.com\\\/es\\\/inmigracion\\\/la-inmigracion-de-negocios\\\/guia-de-visas-o-1\\\/\",\"url\":\"https:\\\/\\\/gldlaw.com\\\/es\\\/inmigracion\\\/la-inmigracion-de-negocios\\\/guia-de-visas-o-1\\\/\",\"name\":\"Gu\u00eda de Visas O-1 | Abogados de Inmigraci\u00f3n de Texas\",\"isPartOf\":{\"@id\":\"https:\\\/\\\/gldlaw.com\\\/es\\\/#website\"},\"primaryImageOfPage\":{\"@id\":\"https:\\\/\\\/gldlaw.com\\\/es\\\/inmigracion\\\/la-inmigracion-de-negocios\\\/guia-de-visas-o-1\\\/#primaryimage\"},\"image\":{\"@id\":\"https:\\\/\\\/gldlaw.com\\\/es\\\/inmigracion\\\/la-inmigracion-de-negocios\\\/guia-de-visas-o-1\\\/#primaryimage\"},\"thumbnailUrl\":\"https:\\\/\\\/gldlaw.com\\\/wp-content\\\/uploads\\\/2021\\\/02\\\/O-1-Visas.png\",\"datePublished\":\"2021-02-16T21:22:10+00:00\",\"dateModified\":\"2025-04-14T16:07:31+00:00\",\"description\":\"\u00bfQu\u00e9 es una visa O-1 y c\u00f3mo puede calificar para una? Consulte esta gu\u00eda de Visa O-1 para ver si califica.\",\"breadcrumb\":{\"@id\":\"https:\\\/\\\/gldlaw.com\\\/es\\\/inmigracion\\\/la-inmigracion-de-negocios\\\/guia-de-visas-o-1\\\/#breadcrumb\"},\"inLanguage\":\"es\",\"potentialAction\":[{\"@type\":\"ReadAction\",\"target\":[\"https:\\\/\\\/gldlaw.com\\\/es\\\/inmigracion\\\/la-inmigracion-de-negocios\\\/guia-de-visas-o-1\\\/\"]}]},{\"@type\":\"ImageObject\",\"inLanguage\":\"es\",\"@id\":\"https:\\\/\\\/gldlaw.com\\\/es\\\/inmigracion\\\/la-inmigracion-de-negocios\\\/guia-de-visas-o-1\\\/#primaryimage\",\"url\":\"https:\\\/\\\/gldlaw.com\\\/wp-content\\\/uploads\\\/2021\\\/02\\\/O-1-Visas.png\",\"contentUrl\":\"https:\\\/\\\/gldlaw.com\\\/wp-content\\\/uploads\\\/2021\\\/02\\\/O-1-Visas.png\"},{\"@type\":\"BreadcrumbList\",\"@id\":\"https:\\\/\\\/gldlaw.com\\\/es\\\/inmigracion\\\/la-inmigracion-de-negocios\\\/guia-de-visas-o-1\\\/#breadcrumb\",\"itemListElement\":[{\"@type\":\"ListItem\",\"position\":1,\"name\":\"Home\",\"item\":\"https:\\\/\\\/gldlaw.com\\\/es\\\/\"},{\"@type\":\"ListItem\",\"position\":2,\"name\":\"Areas de Pr\u00e1ctica\",\"item\":\"https:\\\/\\\/gldlaw.com\\\/es\\\/inmigracion\\\/\"},{\"@type\":\"ListItem\",\"position\":3,\"name\":\"Inmigraci\u00f3n de Negocio\",\"item\":\"https:\\\/\\\/gldlaw.com\\\/es\\\/inmigracion\\\/la-inmigracion-de-negocios\\\/\"},{\"@type\":\"ListItem\",\"position\":4,\"name\":\"Gu\u00eda de Visas O-1\"}]},{\"@type\":\"WebSite\",\"@id\":\"https:\\\/\\\/gldlaw.com\\\/es\\\/#website\",\"url\":\"https:\\\/\\\/gldlaw.com\\\/es\\\/\",\"name\":\"Davis &amp; Associates\",\"description\":\"Dallas \\\/ Fort Worth Immigration Attorney\",\"potentialAction\":[{\"@type\":\"SearchAction\",\"target\":{\"@type\":\"EntryPoint\",\"urlTemplate\":\"https:\\\/\\\/gldlaw.com\\\/es\\\/?s={search_term_string}\"},\"query-input\":{\"@type\":\"PropertyValueSpecification\",\"valueRequired\":true,\"valueName\":\"search_term_string\"}}],\"inLanguage\":\"es\"}]}<\/script>\n<!-- \/ Yoast SEO plugin. -->","yoast_head_json":{"title":"Gu\u00eda de Visas O-1 | Abogados de Inmigraci\u00f3n de Texas","description":"\u00bfQu\u00e9 es una visa O-1 y c\u00f3mo puede calificar para una? Consulte esta gu\u00eda de Visa O-1 para ver si califica.","robots":{"index":"index","follow":"follow","max-snippet":"max-snippet:-1","max-image-preview":"max-image-preview:large","max-video-preview":"max-video-preview:-1"},"canonical":"https:\/\/gldlaw.com\/es\/inmigracion\/la-inmigracion-de-negocios\/guia-de-visas-o-1\/","og_locale":"es_MX","og_type":"article","og_title":"Gu\u00eda de Visas O-1 | Abogados de Inmigraci\u00f3n de Texas","og_description":"\u00bfQu\u00e9 es una visa O-1 y c\u00f3mo puede calificar para una? Consulte esta gu\u00eda de Visa O-1 para ver si califica.","og_url":"https:\/\/gldlaw.com\/es\/inmigracion\/la-inmigracion-de-negocios\/guia-de-visas-o-1\/","og_site_name":"Davis &amp; Associates","article_publisher":"https:\/\/www.facebook.com\/GLDavisandAssociates\/","article_modified_time":"2025-04-14T16:07:31+00:00","og_image":[{"url":"https:\/\/gldlaw.com\/wp-content\/uploads\/2021\/02\/O-1-Visas.png","type":"","width":"","height":""}],"twitter_card":"summary_large_image","twitter_site":"@GLD_Law","twitter_misc":{"Tiempo de lectura":"8 minutos"},"schema":{"@context":"https:\/\/schema.org","@graph":[{"@type":"WebPage","@id":"https:\/\/gldlaw.com\/es\/inmigracion\/la-inmigracion-de-negocios\/guia-de-visas-o-1\/","url":"https:\/\/gldlaw.com\/es\/inmigracion\/la-inmigracion-de-negocios\/guia-de-visas-o-1\/","name":"Gu\u00eda de Visas O-1 | Abogados de Inmigraci\u00f3n de Texas","isPartOf":{"@id":"https:\/\/gldlaw.com\/es\/#website"},"primaryImageOfPage":{"@id":"https:\/\/gldlaw.com\/es\/inmigracion\/la-inmigracion-de-negocios\/guia-de-visas-o-1\/#primaryimage"},"image":{"@id":"https:\/\/gldlaw.com\/es\/inmigracion\/la-inmigracion-de-negocios\/guia-de-visas-o-1\/#primaryimage"},"thumbnailUrl":"https:\/\/gldlaw.com\/wp-content\/uploads\/2021\/02\/O-1-Visas.png","datePublished":"2021-02-16T21:22:10+00:00","dateModified":"2025-04-14T16:07:31+00:00","description":"\u00bfQu\u00e9 es una visa O-1 y c\u00f3mo puede calificar para una? Consulte esta gu\u00eda de Visa O-1 para ver si califica.","breadcrumb":{"@id":"https:\/\/gldlaw.com\/es\/inmigracion\/la-inmigracion-de-negocios\/guia-de-visas-o-1\/#breadcrumb"},"inLanguage":"es","potentialAction":[{"@type":"ReadAction","target":["https:\/\/gldlaw.com\/es\/inmigracion\/la-inmigracion-de-negocios\/guia-de-visas-o-1\/"]}]},{"@type":"ImageObject","inLanguage":"es","@id":"https:\/\/gldlaw.com\/es\/inmigracion\/la-inmigracion-de-negocios\/guia-de-visas-o-1\/#primaryimage","url":"https:\/\/gldlaw.com\/wp-content\/uploads\/2021\/02\/O-1-Visas.png","contentUrl":"https:\/\/gldlaw.com\/wp-content\/uploads\/2021\/02\/O-1-Visas.png"},{"@type":"BreadcrumbList","@id":"https:\/\/gldlaw.com\/es\/inmigracion\/la-inmigracion-de-negocios\/guia-de-visas-o-1\/#breadcrumb","itemListElement":[{"@type":"ListItem","position":1,"name":"Home","item":"https:\/\/gldlaw.com\/es\/"},{"@type":"ListItem","position":2,"name":"Areas de Pr\u00e1ctica","item":"https:\/\/gldlaw.com\/es\/inmigracion\/"},{"@type":"ListItem","position":3,"name":"Inmigraci\u00f3n de Negocio","item":"https:\/\/gldlaw.com\/es\/inmigracion\/la-inmigracion-de-negocios\/"},{"@type":"ListItem","position":4,"name":"Gu\u00eda de Visas O-1"}]},{"@type":"WebSite","@id":"https:\/\/gldlaw.com\/es\/#website","url":"https:\/\/gldlaw.com\/es\/","name":"Davis &amp; Associates","description":"Dallas \/ Fort Worth Immigration Attorney","potentialAction":[{"@type":"SearchAction","target":{"@type":"EntryPoint","urlTemplate":"https:\/\/gldlaw.com\/es\/?s={search_term_string}"},"query-input":{"@type":"PropertyValueSpecification","valueRequired":true,"valueName":"search_term_string"}}],"inLanguage":"es"}]}},"_links":{"self":[{"href":"https:\/\/gldlaw.com\/es\/wp-json\/wp\/v2\/pages\/8044","targetHints":{"allow":["GET"]}}],"collection":[{"href":"https:\/\/gldlaw.com\/es\/wp-json\/wp\/v2\/pages"}],"about":[{"href":"https:\/\/gldlaw.com\/es\/wp-json\/wp\/v2\/types\/page"}],"author":[{"embeddable":true,"href":"https:\/\/gldlaw.com\/es\/wp-json\/wp\/v2\/users\/18"}],"replies":[{"embeddable":true,"href":"https:\/\/gldlaw.com\/es\/wp-json\/wp\/v2\/comments?post=8044"}],"version-history":[{"count":5,"href":"https:\/\/gldlaw.com\/es\/wp-json\/wp\/v2\/pages\/8044\/revisions"}],"predecessor-version":[{"id":12100,"href":"https:\/\/gldlaw.com\/es\/wp-json\/wp\/v2\/pages\/8044\/revisions\/12100"}],"up":[{"embeddable":true,"href":"https:\/\/gldlaw.com\/es\/wp-json\/wp\/v2\/pages\/3412"}],"wp:attachment":[{"href":"https:\/\/gldlaw.com\/es\/wp-json\/wp\/v2\/media?parent=8044"}],"curies":[{"name":"wp","href":"https:\/\/api.w.org\/{rel}","templated":true}]}}