{"id":8885,"date":"2021-08-12T13:47:01","date_gmt":"2021-08-12T18:47:01","guid":{"rendered":"https:\/\/gldlaw.com\/pasadena-immigration-attorney\/"},"modified":"2024-06-06T10:24:35","modified_gmt":"2024-06-06T15:24:35","slug":"abogado-de-inmigracion-de-pasadena","status":"publish","type":"page","link":"https:\/\/gldlaw.com\/es\/abogado-de-inmigracion-de-pasadena\/","title":{"rendered":"Pasadena, TX Abogados de Inmigraci\u00f3n"},"content":{"rendered":"\n\n\t<h1>Pasadena, TX Abogados de Inmigraci\u00f3n<\/h1>\n\t<h2>Ciudadan\u00eda, visas y m\u00e1s<\/h2>\n<p>For most people interested in immigrating to the United States, companies that need to hire foreign talent, or people who want to set off on the pathway to U.S. citizenship, the best course of action is to consult with a Pasadena, TX immigration attorney.<\/p>\n<p>Your immigration lawyer can give you the guidance you need to navigate the sometimes-complex system of U.S. immigration laws.<\/p>\n\t<iframe loading=\"lazy\" title=\"Firm Overview\" width=\"500\" height=\"281\" src=\"https:\/\/www.youtube.com\/embed\/DcLq9R-L6zI?feature=oembed\" frameborder=\"0\" allow=\"accelerometer; autoplay; clipboard-write; encrypted-media; gyroscope; picture-in-picture; web-share\" allowfullscreen><\/iframe>\n\t<h2>POR QU\u00c9 ELEGIR DAVIS &amp; ASSOCIATES<\/h2>\n<ul>\n<li>(Nuestro lema es &#8220;Familias, no archivos&#8221; porque cuando hace negocios con nosotros, no es un archivo m\u00e1s).<\/li>\n<li>Nuestro personal es multiling\u00fce y muchos de nosotros hemos experimentado el proceso de inmigraci\u00f3n con nuestras familias y amigos.<\/li>\n<li>El Sr. Davis est\u00e1 certificado por la Junta en Derecho de Inmigraci\u00f3n y Nacionalidad por la Junta de Especializaci\u00f3n Legal de Texas.<\/li>\n<\/ul>\n\t<h4>Allie B.<\/h4>\nEstoy muy satisfecho con la rapidez con la que trabaj\u00e9 con esta empresa. Lo que hubiera tardado meses, sucedi\u00f3 en 1 mes. Sobre todo, la asistente legal senior Susan La Valley es una persona excelente. Incre\u00edble trabajar con \u00e9l. Ella te mantendr\u00e1 al tanto de cada paso. Recomiendo ampliamente esta firma.\n\t<h2><a href=\"https:\/\/gldlaw.com\/es\/contacto\/\">CALENDARICE SU CONSULTA GRATIS HOY\u00a0<\/a><\/h2>\n\t\t\t<a href=\"https:\/\/gldlaw.com\/es\/contacto\/\" target=\"_self\" role=\"button\" rel=\"noopener\">\n\t\t\t\t\t\t\tOprima Aqu\u00ed\n\t\t\t\t\t<\/a>\n<h2>\n\t\tPor qu\u00e9 trabajar con un abogado de inmigraci\u00f3n de Pasadena, TX\n\t<\/h2>\n\t<p>Davis &amp; Associates ayuda a personas de todo el mundo con:<\/p>\n<ul>\n<li><a href=\"https:\/\/gldlaw.com\/es\/inmigracion\/asilo\/\">Asilo<\/a><\/li>\n<li><a href=\"https:\/\/gldlaw.com\/es\/inmigracion\/la-inmigracion-de-negocios\/\">Inmigraci\u00f3n de negocios<\/a><\/li>\n<li><a href=\"https:\/\/gldlaw.com\/es\/inmigracion\/ciudadania-y-naturalizacion\/\">Ciudadan\u00eda y naturalizaci\u00f3n<\/a><\/li>\n<li><a href=\"https:\/\/gldlaw.com\/es\/inmigracion\/daca\/\">DACA<\/a><\/li>\n<li><a href=\"https:\/\/gldlaw.com\/es\/inmigracion\/deportacion\/\">Deportaci\u00f3n (remoci\u00f3n)<\/a><\/li>\n<li><a href=\"https:\/\/gldlaw.com\/es\/inmigracion\/inmigracion-familiar\/\">Inmigraci\u00f3n familiar<\/a><\/li>\n<li><a href=\"https:\/\/gldlaw.com\/es\/inmigracion\/tarjeta-verdes\/\">Tarjetas verdes<\/a><\/li>\n<li><a href=\"https:\/\/gldlaw.com\/es\/inmigracion\/abogados-de-apelaciones-de-inmigracion-de-texas\/\">Apelaciones de inmigraci\u00f3n<\/a><\/li>\n<li><a href=\"https:\/\/gldlaw.com\/es\/inmigracion\/visas\/\">Visas<\/a><\/li>\n<\/ul>\n\t<iframe loading=\"lazy\" title=\"Consultation Process\" width=\"500\" height=\"281\" src=\"https:\/\/www.youtube.com\/embed\/h8upSzfPFqs?feature=oembed\" frameborder=\"0\" allow=\"accelerometer; autoplay; clipboard-write; encrypted-media; gyroscope; picture-in-picture; web-share\" allowfullscreen><\/iframe>\n<h2>\n\t\tAyuda de asilo de un abogado de inmigraci\u00f3n de pasadena\n\t<\/h2>\n\t\t\t\t<img loading=\"lazy\" decoding=\"async\" src=\"https:\/\/gldlaw.com\/wp-content\/uploads\/2021\/08\/Pasadena-Immigration-Attorneys-Free-Consultation-with-Davis-Associates-.png\" alt=\"Pasadena Immigration Attorneys - Free Consultation with Davis &amp; Associates\" itemprop=\"image\" height=\"630\" width=\"1200\" title=\"Pasadena Immigration Attorneys - Free Consultation with Davis &amp; Associates\" onerror=\"this.style.display='none'\"  \/>\n\t<p>El asilo es, esencialmente, protecci\u00f3n contra la persecuci\u00f3n en su pa\u00eds de origen. Si se le concede asilo en los Estados Unidos, se le permite vivir y trabajar aqu\u00ed, y no tiene que regresar a su pa\u00eds de origen, donde las cosas pueden ser peligrosas para usted. Si teme persecuci\u00f3n en su pa\u00eds de origen debido a una de las siguientes razones, es posible que podamos ayudarlo:<\/p>\n<ul>\n<li>Creencias religiosas<\/li>\n<li>Raza<\/li>\n<li>Nacionalidad<\/li>\n<li>Opini\u00f3n pol\u00edtica<\/li>\n<li>Pertenencia a un grupo social<\/li>\n<\/ul>\n<h2>\n\t\tAyuda de inmigraci\u00f3n empresarial de un abogado de inmigraci\u00f3n de Pasadena, TX\n\t<\/h2>\n\t<p>La inmigraci\u00f3n de negocios es notoriamente compleja, y hay varias leyes que rigen a los trabajadores extranjeros que vienen a los Estados Unidos para realizar trabajos espec\u00edficos.<\/p>\n<p>Cualquier empleador que desee contratar talento extranjero, as\u00ed como cualquier trabajador que quiera realizar un trabajo en los ESTADOS UNIDOS debe presentar la documentaci\u00f3n apropiada con el gobierno de los Estados Unidos.<\/p>\n\t<iframe loading=\"lazy\" title=\"Bufete De Abogados De Inmigraci\u00f3n Davis &amp; Associates\" width=\"500\" height=\"281\" src=\"https:\/\/www.youtube.com\/embed\/qv8b9EifqHc?feature=oembed\" frameborder=\"0\" allow=\"accelerometer; autoplay; clipboard-write; encrypted-media; gyroscope; picture-in-picture; web-share\" allowfullscreen><\/iframe>\n\t<p>En la gran mayor\u00eda de los casos, los trabajadores no pueden solicitar al gobierno por s\u00ed mismos. Un empleador estadounidense debe patrocinar a un trabajador para que venga a los Estados Unidos.<\/p>\n<p>Hay docenas de visas para el trabajo temporal y permanente en los EE.UU., y el tipo que usted necesita &#8211; si usted es un empleador o un empleado &#8211; depende del tipo de trabajo que se llevar\u00e1 a cabo.<\/p>\n<p>La duraci\u00f3n de la estad\u00eda var\u00eda seg\u00fan la visa, pero en general, las personas que vienen a trabajar a los Estados Unidos pueden traer a sus c\u00f3nyuges e hijos solteros menores de 21 a\u00f1os.<\/p>\n<p>A los miembros de la familia de estos trabajadores se les permite asistir a la escuela y a veces se les permite trabajar (aunque trabajar requiere una petici\u00f3n separada).<\/p>\n<p>Los trabajadores temporales pueden ingresar a los Estados Unidos con una visa espec\u00edfica. Los trabajadores permanentes se clasifican por preferencia. Por ejemplo, estas &#8220;categor\u00edas de preferencia&#8221; describen las formas en que se clasifican los trabajadores permanentes:<\/p>\n<ul>\n<li>Primera preferencia: Personas de extraordinaria capacidad en las ciencias, las artes, la educaci\u00f3n, los negocios o el atletismo, as\u00ed como profesores e investigadores destacados, y ejecutivos y gerentes multinacionales.<\/li>\n<li>Segunda preferencia: Miembros de profesiones con t\u00edtulos avanzados o personas con habilidades excepcionales en las artes, las ciencias o los negocios<\/li>\n<li>Tercera preferencia: Trabajadores cualificados, profesionales y otros trabajadores<\/li>\n<li>Cuarta preferencia: Inmigrantes especiales (como trabajadores religiosos, empleados jubilados de organizaciones internacionales y otros)<\/li>\n<li>Quinta preferencia: Inversionistas de negocios que invierten una cierta cantidad de dinero en una nueva empresa comercial que emplea al menos a diez trabajadores estadounidenses a tiempo completo<\/li>\n<\/ul>\n\t<h2><a href=\"https:\/\/gldlaw.com\/es\/contacto\/\">CALENDARICE SU CONSULTA GRATIS HOY\u00a0<\/a><\/h2>\n\t\t\t<a href=\"https:\/\/gldlaw.com\/es\/contacto\/\" target=\"_self\" role=\"button\" rel=\"noopener\">\n\t\t\t\t\t\t\tOprima Aqu\u00ed\n\t\t\t\t\t<\/a>\n<h2>\n\t\tCiudadan\u00eda y Naturalizaci\u00f3n\n\t<\/h2>\n\t<p>Si desea convertirse en ciudadano estadounidense, primero debe cumplir con ciertos criterios, que incluyen:<\/p>\n<ul>\n<li>Tener al menos 18 a\u00f1os de edad<\/li>\n<li>Ser un residente permanente legal con una tarjeta verde por al menos cinco a\u00f1os (tres si est\u00e1 casado con un ciudadano estadounidense)<\/li>\n<li>Demostrar residencia continua en los EE.UU. durante al menos 5 a\u00f1os antes de su petici\u00f3n<\/li>\n<li>Demostrar que ha estado f\u00edsicamente presente durante 30 meses de los \u00faltimos 5 a\u00f1os en el momento de aplicar<\/li>\n<\/ul>\n\t<iframe loading=\"lazy\" title=\"Naturalized Citizenship\" width=\"500\" height=\"281\" src=\"https:\/\/www.youtube.com\/embed\/1UIiGpVEO2Q?start=6&#038;feature=oembed\" frameborder=\"0\" allow=\"accelerometer; autoplay; clipboard-write; encrypted-media; gyroscope; picture-in-picture\" allowfullscreen><\/iframe>\n\t<ul>\n<li>Probar al menos tres meses de residencia en su estado o distrito<\/li>\n<li>Ser una persona de buen car\u00e1cter moral<\/li>\n<li>Leer, escribir y hablar ingl\u00e9s de forma predecible<\/li>\n<li>Respetar y adherirse a los principios e ideales de las Constituciones de los Estados Unidos<\/li>\n<li>Jurar un juramento de lealtad a los Estados Unidos<\/li>\n<\/ul>\n<p>Trabajar con un abogado de inmigraci\u00f3n de Pasadena, TX puede ser el camino m\u00e1s sencillo para que usted obtenga la ciudadan\u00eda estadounidense.<\/p>\n<p>Su abogado podr\u00e1 darle la orientaci\u00f3n que necesita desde el principio, desde la obtenci\u00f3n de una visa que le permita venir a los Estados Unidos hasta la presentaci\u00f3n de su petici\u00f3n final ante el gobierno de los Estados Unidos para obtener la ciudadan\u00eda.<\/p>\n<h2>\n\t\tDACA Ayuda de un abogado de inmigraci\u00f3n de Pasadena, TX\n\t<\/h2>\n\t<p><a href=\"https:\/\/gldlaw.com\/es\/inmigracion\/daca\/\">La Acci\u00f3n Diferida para los Llegados en la Infancia<\/a>, o DACA, protege a casi un mill\u00f3n de j\u00f3venes en todo Estados Unidos. Si usted es elegible para las protecciones de DACA, su abogado de inmigraci\u00f3n de Pasadena puede ayudarlo a solicitar protecciones por primera vez o renovar su solicitud.<\/p>\n<p>Adem\u00e1s, su abogado puede ayudarlo a presentar una solicitud para un documento de <a href=\"https:\/\/gldlaw.com\/immigration\/humanitarian-parole\/\"  data-wpil-monitor-id=\"53\">libertad condicional<\/a> anticipada si es necesario.<\/p>\n<h2>\n\t\tDeportaci\u00f3n (Eliminaci\u00f3n) Defensa\n\t<\/h2>\n\t<p>La amenaza de deportaci\u00f3n , formalmente llamada remoci\u00f3n , es aterradora, y si ha recibido un aviso de que est\u00e1 en proceso de deportaci\u00f3n, es posible que desee trabajar con un abogado para ver qu\u00e9 opciones tiene. Los procedimientos de deportaci\u00f3n significa que se le puede ordenar que abandone los Estados Unidos, ya sea que tenga o no hijos u otros lazos familiares aqu\u00ed, un trabajo o un hogar.<\/p>\n<p>Adem\u00e1s, si te retiran de los Estados Unidos, es posible que no se te permita regresar. Para la mayor\u00eda de las personas que enfrentan procedimientos de deportaci\u00f3n, el mejor curso de acci\u00f3n es trabajar con un abogado de inmigraci\u00f3n de Pasadena, TX.<\/p>\n\t<iframe loading=\"lazy\" title=\"Deportation Defense with Davis &amp; Associates\" width=\"500\" height=\"281\" src=\"https:\/\/www.youtube.com\/embed\/UUiLuSb5JHE?feature=oembed\" frameborder=\"0\" allow=\"accelerometer; autoplay; clipboard-write; encrypted-media; gyroscope; picture-in-picture; web-share\" allowfullscreen><\/iframe>\n\t<p>Su abogado puede evaluar su situaci\u00f3n, averiguar si hay una manera de evitar la deportaci\u00f3n y determinar los pasos que le dar\u00e1n el mejor resultado posible.<\/p>\n\t<h2><a href=\"https:\/\/gldlaw.com\/es\/contacto\/\">CALENDARICE SU CONSULTA GRATIS HOY\u00a0<\/a><\/h2>\n\t\t\t<a href=\"https:\/\/gldlaw.com\/es\/contacto\/\" target=\"_self\" role=\"button\" rel=\"noopener\">\n\t\t\t\t\t\t\tOprima Aqu\u00ed\n\t\t\t\t\t<\/a>\n<h2>\n\t\tAyuda de inmigraci\u00f3n familiar de un abogado de inmigraci\u00f3n de Pasadena, TX\n\t<\/h2>\n\t<p>Si usted es ciudadano estadounidense o residente permanente legal, es posible que pueda patrocinar a ciertos miembros de la familia para que vengan a los Estados Unidos.<\/p>\n<p>En general, los ciudadanos estadounidenses pueden traer prometidos, c\u00f3nyuges, hijos, hermanos y padres a los Estados Unidos, y los residentes permanentes legales con tarjetas verdes a menudo pueden traer c\u00f3nyuges e hijos.<\/p>\n<p>Cada situaci\u00f3n es diferente, y algunas personas, como c\u00f3nyuges e hijos de ciudadanos estadounidenses, se les permite venir a los Estados Unidos sin esperar a que su n\u00famero suba.<\/p>\n\t<iframe loading=\"lazy\" title=\"Family Immigration\" width=\"500\" height=\"281\" src=\"https:\/\/www.youtube.com\/embed\/-AURpgbdVdE?feature=oembed\" frameborder=\"0\" allow=\"accelerometer; autoplay; clipboard-write; encrypted-media; gyroscope; picture-in-picture\" allowfullscreen><\/iframe>\n\t<p>Su abogado de inmigraci\u00f3n de Pasadena ser\u00e1 capaz de darle la orientaci\u00f3n que necesita para traer a su familia a los EE.UU. con usted, y \u00e9l o ella puede llenar y presentar toda la documentaci\u00f3n en su nombre, por lo que tiene m\u00e1s tiempo para centrarse en lo que es m\u00e1s importante: su familia.<\/p>\n<h2>\n\t\tGreen Cards\n\t<\/h2>\n\t<iframe loading=\"lazy\" title=\"Visas and Greencards\" width=\"500\" height=\"281\" src=\"https:\/\/www.youtube.com\/embed\/tLjediP_qm4?start=31&#038;feature=oembed\" frameborder=\"0\" allow=\"accelerometer; autoplay; clipboard-write; encrypted-media; gyroscope; picture-in-picture\" allowfullscreen><\/iframe>\n\t<p>Los residentes permanentes legales de los Estados Unidos tienen tarjetas de residencia: tarjetas de identificaci\u00f3n que los autorizan a vivir y trabajar en cualquier lugar de los EE. UU. No todos son elegibles para convertirse en residentes permanentes legales, pero las personas que tienen conexiones familiares o trabajos aqu\u00ed, o que califican seg\u00fan categor\u00edas, es posible que pueda obtener una tarjeta verde de EE. UU.<\/p>\n<ul>\n<li>Familia<\/li>\n<li>Empleo<\/li>\n<li>Estatus de inmigrante especial<\/li>\n<li>Estatus de refugiado o asilado<\/li>\n<li>Como v\u00edctima de un delito o trata de personas<\/li>\n<\/ul>\n<h2>\n\t\t Apelaciones de inmigraci\u00f3n\n\t<\/h2>\n\t<p>Cuando una agencia de inmigraci\u00f3n o un juez toma una decisi\u00f3n desfavorable, usted puede tener derecho a una apelaci\u00f3n. Su abogado de inmigraci\u00f3n de Pasadena, TX puede ayudarlo a presentar una apelaci\u00f3n (si es elegible) y decirle qu\u00e9 pasos puede tomar para asegurarse de obtener el mejor resultado posible.<\/p>\n<h2>\n\t\tVisas\n\t<\/h2>\n\t<p>Cada extranjero que quiera venir a los Estados Unidos, ya sea por negocios, por motivos de inmigraci\u00f3n o incluso una visita, debe tener una visa v\u00e1lida para entrar en el pa\u00eds.<\/p>\n<p>Si necesita una visa, puede ser en su mejor inter\u00e9s hablar con un abogado de inmigraci\u00f3n de Pasadena. Su abogado puede decirle qu\u00e9 tipo de visa es la adecuada para sus necesidades, y \u00e9l o ella puede llenar y presentar la documentaci\u00f3n apropiada para usted.<\/p>\n<h2>\n\t\t\u00bfNecesita un abogado de inmigraci\u00f3n de Pasadena, TX\n\t<\/h2>\n\t<p>Si necesita hablar con un abogado de inmigraci\u00f3n de Pasadena sobre una visa, tarjeta verde, inmigraci\u00f3n familiar o inmigraci\u00f3n de negocios, estamos aqu\u00ed para ayudarlo. Llame a nuestra oficina hoy para programar una consulta gratuita con un abogado que lo ayudar\u00e1 a comenzar y completar su viaje.<\/p>\n\t<h2><a href=\"https:\/\/gldlaw.com\/es\/contacto\/\">CALENDARICE SU CONSULTA GRATIS HOY\u00a0<\/a><\/h2>\n\t\t\t<a href=\"https:\/\/gldlaw.com\/es\/contacto\/\" target=\"_self\" role=\"button\" rel=\"noopener\">\n\t\t\t\t\t\t\tOprima Aqu\u00ed\n\t\t\t\t\t<\/a>\n\n","protected":false},"excerpt":{"rendered":"<p>Pasadena, TX Abogados de Inmigraci\u00f3n Ciudadan\u00eda, visas y m\u00e1s For most people interested in immigrating to the United States, companies that need to hire foreign talent, or people who want to set off on the pathway to U.S. citizenship, the best course of action is to consult with a Pasadena, TX immigration attorney. Your immigration&hellip;<\/p>\n","protected":false},"author":5,"featured_media":0,"parent":0,"menu_order":0,"comment_status":"closed","ping_status":"closed","template":"","meta":{"_monsterinsights_skip_tracking":false,"_monsterinsights_sitenote_active":false,"_monsterinsights_sitenote_note":"","_monsterinsights_sitenote_category":0,"footnotes":""},"class_list":["post-8885","page","type-page","status-publish","hentry"],"yoast_head":"<!-- This site is optimized with the Yoast SEO plugin v27.3 - https:\/\/yoast.com\/product\/yoast-seo-wordpress\/ -->\n<title>Pasadena, TX Abogados de Inmigraci\u00f3n | Davis &amp; Associates<\/title>\n<meta name=\"description\" content=\"Si necesita hablar con un abogado de inmigraci\u00f3n de Pasadena, TX sobre inmigraci\u00f3n familiar, defensa de deportaci\u00f3n, inmigraci\u00f3n...\" \/>\n<meta name=\"robots\" content=\"index, follow, max-snippet:-1, max-image-preview:large, max-video-preview:-1\" \/>\n<link rel=\"canonical\" href=\"https:\/\/gldlaw.com\/pasadena-immigration-attorney\/\" \/>\n<meta property=\"og:locale\" content=\"es_MX\" \/>\n<meta property=\"og:type\" content=\"article\" \/>\n<meta property=\"og:title\" content=\"Pasadena, TX Abogados de Inmigraci\u00f3n | Davis &amp; Associates\" \/>\n<meta property=\"og:description\" content=\"Si necesita hablar con un abogado de inmigraci\u00f3n de Pasadena, TX sobre inmigraci\u00f3n familiar, defensa de deportaci\u00f3n, inmigraci\u00f3n...\" \/>\n<meta property=\"og:url\" content=\"https:\/\/gldlaw.com\/pasadena-immigration-attorney\/\" \/>\n<meta property=\"og:site_name\" content=\"Davis &amp; Associates\" \/>\n<meta property=\"article:publisher\" content=\"https:\/\/www.facebook.com\/GLDavisandAssociates\/\" \/>\n<meta property=\"article:modified_time\" content=\"2024-06-06T15:24:35+00:00\" \/>\n<meta property=\"og:image\" content=\"https:\/\/gldlaw.com\/wp-content\/uploads\/2021\/08\/Pasadena-Immigration-Attorneys-Free-Consultation-with-Davis-Associates-.png\" \/>\n<meta name=\"twitter:card\" content=\"summary_large_image\" \/>\n<meta name=\"twitter:site\" content=\"@GLD_Law\" \/>\n<meta name=\"twitter:label1\" content=\"Tiempo de lectura\" \/>\n\t<meta name=\"twitter:data1\" content=\"8 minutos\" \/>\n<script type=\"application\/ld+json\" class=\"yoast-schema-graph\">{\"@context\":\"https:\\\/\\\/schema.org\",\"@graph\":[{\"@type\":\"WebPage\",\"@id\":\"https:\\\/\\\/gldlaw.com\\\/pasadena-immigration-attorney\\\/\",\"url\":\"https:\\\/\\\/gldlaw.com\\\/pasadena-immigration-attorney\\\/\",\"name\":\"Pasadena, TX Abogados de Inmigraci\u00f3n | Davis & Associates\",\"isPartOf\":{\"@id\":\"https:\\\/\\\/gldlaw.com\\\/es\\\/#website\"},\"primaryImageOfPage\":{\"@id\":\"https:\\\/\\\/gldlaw.com\\\/pasadena-immigration-attorney\\\/#primaryimage\"},\"image\":{\"@id\":\"https:\\\/\\\/gldlaw.com\\\/pasadena-immigration-attorney\\\/#primaryimage\"},\"thumbnailUrl\":\"https:\\\/\\\/gldlaw.com\\\/wp-content\\\/uploads\\\/2021\\\/08\\\/Pasadena-Immigration-Attorneys-Free-Consultation-with-Davis-Associates-.png\",\"datePublished\":\"2021-08-12T18:47:01+00:00\",\"dateModified\":\"2024-06-06T15:24:35+00:00\",\"description\":\"Si necesita hablar con un abogado de inmigraci\u00f3n de Pasadena, TX sobre inmigraci\u00f3n familiar, defensa de deportaci\u00f3n, inmigraci\u00f3n...\",\"breadcrumb\":{\"@id\":\"https:\\\/\\\/gldlaw.com\\\/pasadena-immigration-attorney\\\/#breadcrumb\"},\"inLanguage\":\"es\",\"potentialAction\":[{\"@type\":\"ReadAction\",\"target\":[\"https:\\\/\\\/gldlaw.com\\\/pasadena-immigration-attorney\\\/\"]}]},{\"@type\":\"ImageObject\",\"inLanguage\":\"es\",\"@id\":\"https:\\\/\\\/gldlaw.com\\\/pasadena-immigration-attorney\\\/#primaryimage\",\"url\":\"https:\\\/\\\/gldlaw.com\\\/wp-content\\\/uploads\\\/2021\\\/08\\\/Pasadena-Immigration-Attorneys-Free-Consultation-with-Davis-Associates-.png\",\"contentUrl\":\"https:\\\/\\\/gldlaw.com\\\/wp-content\\\/uploads\\\/2021\\\/08\\\/Pasadena-Immigration-Attorneys-Free-Consultation-with-Davis-Associates-.png\"},{\"@type\":\"BreadcrumbList\",\"@id\":\"https:\\\/\\\/gldlaw.com\\\/pasadena-immigration-attorney\\\/#breadcrumb\",\"itemListElement\":[{\"@type\":\"ListItem\",\"position\":1,\"name\":\"Home\",\"item\":\"https:\\\/\\\/gldlaw.com\\\/es\\\/\"},{\"@type\":\"ListItem\",\"position\":2,\"name\":\"Pasadena, TX Abogados de Inmigraci\u00f3n\"}]},{\"@type\":\"WebSite\",\"@id\":\"https:\\\/\\\/gldlaw.com\\\/es\\\/#website\",\"url\":\"https:\\\/\\\/gldlaw.com\\\/es\\\/\",\"name\":\"Davis &amp; Associates\",\"description\":\"Dallas \\\/ Fort Worth Immigration Attorney\",\"potentialAction\":[{\"@type\":\"SearchAction\",\"target\":{\"@type\":\"EntryPoint\",\"urlTemplate\":\"https:\\\/\\\/gldlaw.com\\\/es\\\/?s={search_term_string}\"},\"query-input\":{\"@type\":\"PropertyValueSpecification\",\"valueRequired\":true,\"valueName\":\"search_term_string\"}}],\"inLanguage\":\"es\"}]}<\/script>\n<!-- \/ Yoast SEO plugin. -->","yoast_head_json":{"title":"Pasadena, TX Abogados de Inmigraci\u00f3n | Davis & Associates","description":"Si necesita hablar con un abogado de inmigraci\u00f3n de Pasadena, TX sobre inmigraci\u00f3n familiar, defensa de deportaci\u00f3n, inmigraci\u00f3n...","robots":{"index":"index","follow":"follow","max-snippet":"max-snippet:-1","max-image-preview":"max-image-preview:large","max-video-preview":"max-video-preview:-1"},"canonical":"https:\/\/gldlaw.com\/pasadena-immigration-attorney\/","og_locale":"es_MX","og_type":"article","og_title":"Pasadena, TX Abogados de Inmigraci\u00f3n | Davis & Associates","og_description":"Si necesita hablar con un abogado de inmigraci\u00f3n de Pasadena, TX sobre inmigraci\u00f3n familiar, defensa de deportaci\u00f3n, inmigraci\u00f3n...","og_url":"https:\/\/gldlaw.com\/pasadena-immigration-attorney\/","og_site_name":"Davis &amp; Associates","article_publisher":"https:\/\/www.facebook.com\/GLDavisandAssociates\/","article_modified_time":"2024-06-06T15:24:35+00:00","og_image":[{"url":"https:\/\/gldlaw.com\/wp-content\/uploads\/2021\/08\/Pasadena-Immigration-Attorneys-Free-Consultation-with-Davis-Associates-.png","type":"","width":"","height":""}],"twitter_card":"summary_large_image","twitter_site":"@GLD_Law","twitter_misc":{"Tiempo de lectura":"8 minutos"},"schema":{"@context":"https:\/\/schema.org","@graph":[{"@type":"WebPage","@id":"https:\/\/gldlaw.com\/pasadena-immigration-attorney\/","url":"https:\/\/gldlaw.com\/pasadena-immigration-attorney\/","name":"Pasadena, TX Abogados de Inmigraci\u00f3n | Davis & Associates","isPartOf":{"@id":"https:\/\/gldlaw.com\/es\/#website"},"primaryImageOfPage":{"@id":"https:\/\/gldlaw.com\/pasadena-immigration-attorney\/#primaryimage"},"image":{"@id":"https:\/\/gldlaw.com\/pasadena-immigration-attorney\/#primaryimage"},"thumbnailUrl":"https:\/\/gldlaw.com\/wp-content\/uploads\/2021\/08\/Pasadena-Immigration-Attorneys-Free-Consultation-with-Davis-Associates-.png","datePublished":"2021-08-12T18:47:01+00:00","dateModified":"2024-06-06T15:24:35+00:00","description":"Si necesita hablar con un abogado de inmigraci\u00f3n de Pasadena, TX sobre inmigraci\u00f3n familiar, defensa de deportaci\u00f3n, inmigraci\u00f3n...","breadcrumb":{"@id":"https:\/\/gldlaw.com\/pasadena-immigration-attorney\/#breadcrumb"},"inLanguage":"es","potentialAction":[{"@type":"ReadAction","target":["https:\/\/gldlaw.com\/pasadena-immigration-attorney\/"]}]},{"@type":"ImageObject","inLanguage":"es","@id":"https:\/\/gldlaw.com\/pasadena-immigration-attorney\/#primaryimage","url":"https:\/\/gldlaw.com\/wp-content\/uploads\/2021\/08\/Pasadena-Immigration-Attorneys-Free-Consultation-with-Davis-Associates-.png","contentUrl":"https:\/\/gldlaw.com\/wp-content\/uploads\/2021\/08\/Pasadena-Immigration-Attorneys-Free-Consultation-with-Davis-Associates-.png"},{"@type":"BreadcrumbList","@id":"https:\/\/gldlaw.com\/pasadena-immigration-attorney\/#breadcrumb","itemListElement":[{"@type":"ListItem","position":1,"name":"Home","item":"https:\/\/gldlaw.com\/es\/"},{"@type":"ListItem","position":2,"name":"Pasadena, TX Abogados de Inmigraci\u00f3n"}]},{"@type":"WebSite","@id":"https:\/\/gldlaw.com\/es\/#website","url":"https:\/\/gldlaw.com\/es\/","name":"Davis &amp; Associates","description":"Dallas \/ Fort Worth Immigration Attorney","potentialAction":[{"@type":"SearchAction","target":{"@type":"EntryPoint","urlTemplate":"https:\/\/gldlaw.com\/es\/?s={search_term_string}"},"query-input":{"@type":"PropertyValueSpecification","valueRequired":true,"valueName":"search_term_string"}}],"inLanguage":"es"}]}},"_links":{"self":[{"href":"https:\/\/gldlaw.com\/es\/wp-json\/wp\/v2\/pages\/8885","targetHints":{"allow":["GET"]}}],"collection":[{"href":"https:\/\/gldlaw.com\/es\/wp-json\/wp\/v2\/pages"}],"about":[{"href":"https:\/\/gldlaw.com\/es\/wp-json\/wp\/v2\/types\/page"}],"author":[{"embeddable":true,"href":"https:\/\/gldlaw.com\/es\/wp-json\/wp\/v2\/users\/5"}],"replies":[{"embeddable":true,"href":"https:\/\/gldlaw.com\/es\/wp-json\/wp\/v2\/comments?post=8885"}],"version-history":[{"count":4,"href":"https:\/\/gldlaw.com\/es\/wp-json\/wp\/v2\/pages\/8885\/revisions"}],"predecessor-version":[{"id":11098,"href":"https:\/\/gldlaw.com\/es\/wp-json\/wp\/v2\/pages\/8885\/revisions\/11098"}],"wp:attachment":[{"href":"https:\/\/gldlaw.com\/es\/wp-json\/wp\/v2\/media?parent=8885"}],"curies":[{"name":"wp","href":"https:\/\/api.w.org\/{rel}","templated":true}]}}