{"id":8903,"date":"2021-10-18T13:55:07","date_gmt":"2021-10-18T18:55:07","guid":{"rendered":"https:\/\/gldlaw.com\/inmigracion\/la-inmigracion-de-negocios\/form-i-765\/"},"modified":"2025-04-14T11:42:35","modified_gmt":"2025-04-14T16:42:35","slug":"formulario-i-765","status":"publish","type":"page","link":"https:\/\/gldlaw.com\/es\/inmigracion\/visas\/formulario-i-765\/","title":{"rendered":"I-765 Y EL DOCUMENTO DE AUTORIZACI\u00d3N DE EMPLEO"},"content":{"rendered":"\n\n\t<h1>I-765 Y EL DOCUMENTO DE AUTORIZACI\u00d3N DE EMPLEO EN TEXAS: LO QUE NECESITA SABER<\/h1>\n\t<p>Si se encuentra en los Estados Unidos con una visa que no le permite expresamente trabajar, lo m\u00e1s probable es que deba completar y presentar el Formulario I-765, Solicitud de autorizaci\u00f3n de empleo.<\/p>\n<p>Este formulario le permite solicitar al gobierno de los Estados Unidos autorizaci\u00f3n para trabajar, independientemente del tipo de visa que est\u00e9 utilizando para permanecer en el pa\u00eds.<\/p>\n<p>Pero, \u00bfqui\u00e9n puede presentar el Formulario I-765 y obtener un Documento de Autorizaci\u00f3n de Empleo, o EAD? Esta gu\u00eda explica.<\/p>\n\t\t\t\t<img loading=\"lazy\" decoding=\"async\" src=\"https:\/\/gldlaw.com\/wp-content\/uploads\/2021\/10\/I-765-and-the-Employment-Authorization-Document-Davis-Associates.png\" alt=\"I-765 and the Employment Authorization Document - Davis &amp; Associates\" itemprop=\"image\" height=\"630\" width=\"1200\" title=\"I-765 and the Employment Authorization Document - Davis &amp; Associates\" onerror=\"this.style.display='none'\"  \/>\n\t<h2>\u00bfQu\u00e9 es un Formulario I-765?<\/h2>\n<p>Algunos ciudadanos extranjeros en los Estados Unidos pueden necesitar presentar el Formulario I-765, Solicitud de Autorizaci\u00f3n de Empleo. Este formulario es lo que usas para preguntarle al gobierno de los Estados Unidos si puedes trabajar mientras est\u00e1s aqu\u00ed.<\/p>\n<p><strong><em>Tenga en cuenta que si necesita autorizaci\u00f3n del gobierno de los Estados Unidos para trabajar y no la obtiene, puede estar violando los t\u00e9rminos de su visa, lo cual es ilegal. <\/em><\/strong><\/p>\n<p>Algunas personas est\u00e1n en los Estados Unidos con el prop\u00f3sito expreso de trabajar. Si tiene una visa de trabajador, es posible que no necesite obtener esta autorizaci\u00f3n, pero debe consultar con su abogado de inmigraci\u00f3n solo para estar seguro. Por otro lado, es posible que desee obtener documentaci\u00f3n que diga que est\u00e1 autorizado para trabajar en los Estados Unidos, y este es el formulario que utilizar\u00e1 para obtenerla.<\/p>\n<p>Tambi\u00e9n puede usar el Formulario I-765 para solicitar un n\u00famero de Seguro Social y una tarjeta de Seguro Social. Un n\u00famero de Seguro Social, o <a href=\"https:\/\/www.ssa.gov\/pubs\/EN-05-10107.pdf\">SSN, <\/a>le permite conseguir un trabajo, reportar su salario al gobierno de los Estados Unidos y m\u00e1s.<\/p>\n\t<h2>Haga Clic Hoy Para Su Consulta Gratis<\/h2>\n\t\t\t<a href=\"https:\/\/gldlaw.com\/es\/contacto\/\" target=\"_self\">\n\t\t\t\t\t\t\tOprima Aqu\u00ed\n\t\t\t\t\t<\/a>\n\t<h3>\u00bfQui\u00e9n necesita presentar el Formulario I-765?<\/h3>\n<p><img loading=\"lazy\" decoding=\"async\" src=\"https:\/\/gldlaw.com\/wp-content\/uploads\/2021\/10\/Form-I-765-Business-Immigration-Services-Davis-Associates.png\" alt=\"Form I-765 - Business Immigration Services - Davis &amp; Associates\" width=\"555\" height=\"417\" \/><\/p>\n<p>Solo necesita presentar el formulario I-765 si est\u00e1 buscando autorizaci\u00f3n para trabajar en los EE. UU., o si necesita un n\u00famero de Seguro Social. Puede usarlo si desea obtener documentaci\u00f3n que diga que es elegible para trabajar, incluso si no la necesita.<\/p>\n<p>Si tiene una tarjeta verde, lo que significa que es un residente permanente legal de los Estados Unidos, no debe presentar el Formulario I-765. Ya tiene autorizaci\u00f3n para trabajar y vivir en cualquier lugar que desee en los Estados Unidos si es un residente permanente legal.<\/p>\n<p>No necesita presentar una solicitud de autorizaci\u00f3n de trabajo si ya tiene una visa de trabajo. Su visa de trabajo ya lo autoriza a trabajar para su empleador espec\u00edfico. Se le permite trabajar para ese empleador mientras su visa sea v\u00e1lida.<\/p>\n<h3>\u00bfQui\u00e9n es elegible para presentar una solicitud de autorizaci\u00f3n de empleo?<\/h3>\n<p>Usted puede ser elegible para presentar una Solicitud de Autorizaci\u00f3n de Empleo si usted es:<\/p>\n<ul>\n<li>A-3 no inmigrante<\/li>\n<li>Titular de visa B-1 que es un empleado personal o dom\u00e9stico de un empleador no inmigrante, de un ciudadano estadounidense o empleado de una aerol\u00ednea extranjera<\/li>\n<li>Residente continuo desde el 1 de enero de 1972<\/li>\n<li>Dependiente de algunos funcionarios de gobiernos extranjeros, dependiente de un no inmigrante G-1, G-3 o G-4, o dependiente de un no inmigrante de la OTAN-1 a la OTAN-6<\/li>\n<li>Estudiante extranjero en algunas categor\u00edas de visa F, J y M<\/li>\n<li>G-5 no inmigrante<\/li>\n<li>K-1 prometido no inmigrante de un ciudadano estadounidense o dependiente K-2, o un c\u00f3nyuge no inmigrante K-3 de un ciudadano estadounidense o dependiente K-4<\/li>\n<li>Parte del Programa de Unidad Familiar o programa de Unidad Familiar LIFE<\/li>\n<li>Beneficiario principal de una petici\u00f3n de inmigrante aprobada basada en el empleo que enfrenta &#8220;circunstancias apremiantes&#8221;, o el c\u00f3nyuge o hijo soltero de dicha persona<\/li>\n<li>Refugiado o asilado en los Estados Unidos<\/li>\n<li>C\u00f3nyuge de un comerciante de tratado E-1, inversionista de tratado E-2 o profesional de ocupaci\u00f3n especializada <a href=\"https:\/\/gldlaw.com\/immigration\/business-immigration\/e-3-visas\/\"   title=\"E-3\" data-wpil-keyword-link=\"linked\"  data-wpil-monitor-id=\"1005\">E-3<\/a> de Australia<\/li>\n<li>C\u00f3nyuge de un inversionista de la Mancomunidad E-2 de las Islas Marianas del Norte, o CNMI,<\/li>\n<li>C\u00f3nyuge de un no inmigrante H-1B<\/li>\n<li>C\u00f3nyuge de un transferido L-1 dentro de la compa\u00f1\u00eda<\/li>\n<li>T-1, T-2, T-3, T-4, T-5 o T-6 no inmigrante<\/li>\n<li>Titular de visa U-1, U-2, U-3, U-4 o U-5<\/li>\n<li>No inmigrante V-1, V-2 o V-3<\/li>\n<li>Auto-peticionario VAWA<\/li>\n<\/ul>\n<p>Otros tambi\u00e9n pueden ser elegibles para aplicar. Si no est\u00e1 seguro de si califica para solicitar una autorizaci\u00f3n de trabajo en los Estados Unidos, debe consultar con su abogado de inmigraci\u00f3n para obtener m\u00e1s informaci\u00f3n. Su abogado podr\u00e1 decirle, seg\u00fan su estado migratorio y tipo de visa, si es elegible para solicitar una autorizaci\u00f3n de empleo.<\/p>\n<h3>Las tres categor\u00edas de elegibilidad para la autorizaci\u00f3n para trabajar en los Estados Unidos<\/h3>\n<p>Para las personas que no son ciudadanos de los Estados Unidos, hay tres categor\u00edas de elegibilidad para la autorizaci\u00f3n de trabajo.<\/p>\n<p>En la Categor\u00eda 1, puede estar autorizado a trabajar debido a su estatus migratorio, y en la Categor\u00eda 2, puede estar autorizado a trabajar solo para un empleador espec\u00edfico como resultado de su estatus de no inmigrante. Finalmente, en la Categor\u00eda 3, puede ser parte de una categor\u00eda de inmigraci\u00f3n que requiere que solicite autorizaci\u00f3n de empleo (en lugar de asumir una autorizaci\u00f3n basada en su estado migratorio).<\/p>\n<h2>Preguntas frecuentes sobre los documentos de autorizaci\u00f3n de empleo<\/h2>\n<p>Consulte nuestras preguntas m\u00e1s frecuentes sobre los documentos de autorizaci\u00f3n de empleo. Si no ve la pregunta de respuesta enumerada aqu\u00ed, no dude en llamar a nuestra oficina y preguntar durante una consulta gratuita. Nuestro equipo estar\u00e1 encantado de discutir las autorizaciones de empleo y otros asuntos de inmigraci\u00f3n con usted.<\/p>\n<h3>\u00bfPuede un abogado presentar el Formulario I-765 por usted?<\/h3>\n<p>Su abogado de inmigraci\u00f3n puede presentar absolutamente el Formulario I-765 por usted. Si su abogado present\u00f3 este formulario por usted, proporcionar\u00e1 la documentaci\u00f3n de respaldo seg\u00fan sea necesario. Luego, usted y su abogado pueden verificar el estado de su petici\u00f3n.<\/p>\n<h3>\u00bfCu\u00e1nto tiempo toma para que se apruebe una solicitud I-765 de autorizaci\u00f3n de empleo?<\/h3>\n<p>Muchas personas encuentran que reciben una decisi\u00f3n en un Formulario I-765, Solicitud de Autorizaci\u00f3n de Empleo, dentro de los 90 d\u00edas posteriores a la solicitud. Algunos solicitantes de asilo iniciales reciben decisiones dentro de los 30 d\u00edas.<\/p>\n\t<h2>Haga Clic Hoy Para Su Consulta Gratis<\/h2>\n\t\t\t<a href=\"https:\/\/gldlaw.com\/es\/contacto\/\" target=\"_self\">\n\t\t\t\t\t\t\tOprima Aqu\u00ed\n\t\t\t\t\t<\/a>\n<header>\n<h3>\u00bfQu\u00e9 sucede despu\u00e9s de que USCIS recibe su Formulario I-765?<\/h3>\n<p>Tan pronto como USCIS reciba su Formulario I-765, usted debe recibir un aviso de recibo. El recibo le permite saber que USCIS recibi\u00f3 el documento, pero nada m\u00e1s. Luego, recibir\u00e1 un aviso de servicios biom\u00e9tricos. Este aviso incluye la fecha, hora y lugar de su cita en un Centro de Soporte de Aplicaciones o ASC. La informaci\u00f3n biom\u00e9trica que proporcione durante esta cita le permite al gobierno de los Estados Unidos confirmar su identidad, as\u00ed como realizar verificaciones de antecedentes y seguridad sobre usted.<\/p>\n<p>Si es necesario, tambi\u00e9n recibir\u00e1 un aviso para presentarse a una entrevista. Sin embargo, esto no es necesario para todos. Finalmente, recibir\u00e1 un aviso de la decisi\u00f3n de USCIS sobre su autorizaci\u00f3n de empleo. Usted o su abogado tambi\u00e9n pueden verificar el estado de su caso con una cuenta en l\u00ednea de USCIS.<\/p>\n<h3>\u00bfQu\u00e9 debe llevar a una cita biom\u00e9trica?<\/h3>\n<p>Com\u00fanmente llamada cita de ASC (porque se lleva a cabo en un Centro de soporte de aplicaciones), su cita biom\u00e9trica es importante. Debe traer su aviso de cita de ASC, que viene en el Formulario I-797C, as\u00ed como una identificaci\u00f3n con foto v\u00e1lida. Puede traer su pasaporte, licencia de conducir u otro documento oficial que tenga su fotograf\u00eda.<\/p>\n<p>Durante su cita, enviar\u00e1 su informaci\u00f3n biom\u00e9trica a trav\u00e9s de m\u00e1quinas. Eso significa que USCIS obtendr\u00e1 su foto y tomar\u00e1 sus huellas dactilares. Tambi\u00e9n tendr\u00e1s que firmar con tu nombre. Todo este proceso se trata de confirmar su identidad para que USCIS sepa con qui\u00e9n est\u00e1 tratando y pueda realizar una verificaci\u00f3n de antecedentes penales.<\/p>\n<p>Nota: En algunos casos, USCIS no necesita tomar su foto, a veces solo necesitan huellas dactilares. En otros casos, solo necesitan tomar una impresi\u00f3n de su dedo \u00edndice.<\/p>\n<h3>\u00bfQu\u00e9 significa la aprobaci\u00f3n I-765?<\/h3>\n<p>Si su Formulario I-765 es aprobado, recibir\u00e1 autorizaci\u00f3n de empleo. Su autorizaci\u00f3n de empleo le permite trabajar en los Estados Unidos, incluso si su visa actual no es una visa de trabajador. Recibir\u00e1 un documento de autorizaci\u00f3n de empleo, que viene en forma de tarjeta, que tiene su foto y una fecha de vencimiento. Puede mostrar esa tarjeta a su empleador para demostrar que est\u00e1 legalmente autorizado a trabajar en los EE. UU.<\/p>\n<h3>\u00bfEl Formulario I-765 y el Documento de Autorizaci\u00f3n de Empleo son lo mismo que una tarjeta verde?<\/h3>\n<p>El Formulario I-765, un Documento de Autorizaci\u00f3n de Empleo y una tarjeta verde son cosas diferentes:<\/p>\n<ul>\n<li>El Formulario I-765 es su solicitud de autorizaci\u00f3n de empleo. Es lo que usted y su abogado de inmigraci\u00f3n llenan y archivan cuando desean obtener un trabajo en los Estados Unidos sin tener una visa relacionada con el trabajo.<\/li>\n<li>Un Documento de Autorizaci\u00f3n de Empleo, o EAD, es lo que obtiene si su Formulario I-765 es aprobado por el gobierno de los Estados Unidos. Puede usar esa tarjeta para demostrar que est\u00e1 legalmente autorizado a trabajar en los Estados Unidos. El EAD a menudo se llama la <em>tarjeta USCIS I-766<\/em> o un permiso de <em>trabajo<\/em>.<\/li>\n<li>Una <a href=\"https:\/\/gldlaw.com\/es\/inmigracion\/tarjeta-verdes\/\">tarjeta verde<\/a> es una prueba de que usted es un residente permanente legal de los Estados Unidos. Con una tarjeta verde, puede vivir o trabajar en cualquier lugar que desee dentro de los EE. UU., No necesita autorizaci\u00f3n de empleo. Una tarjeta verde es muy diferente del Formulario I-765 o un EAD.<\/li>\n<\/ul>\n<h3>\u00bfPuede reemplazar su EAD si lo pierde?<\/h3>\n<p>Puede obtener un EAD de reemplazo si pierde el suyo. Tendr\u00e1 que completar un formulario y enviarlo a los Servicios de Ciudadan\u00eda e Inmigraci\u00f3n de los Estados Unidos para obtener una tarjeta de reemplazo.<\/p>\n<h3>\u00bfSe puede renovar un EAD?<\/h3>\n<p>Puede renovar su EAD si a\u00fan es elegible para la autorizaci\u00f3n de empleo cuando expire su documento de autorizaci\u00f3n original. Puede solicitar un EAD de renovaci\u00f3n completando y presentando un nuevo Formulario I-765, con el cual su abogado puede ayudarlo. Tambi\u00e9n debe pagar la tarifa de presentaci\u00f3n nuevamente.<\/p>\n<h3>\u00bfTiene que ir a una cita biom\u00e9trica para obtener un EAD?<\/h3>\n<p>Es posible que deba presentarse en una oficina de USCIS para una cita biom\u00e9trica si solicita un EAD. En una cita biom\u00e9trica, un oficial de USCIS tomar\u00e1 sus huellas dactilares y fotograf\u00eda, as\u00ed como tambi\u00e9n recoger\u00e1 su firma. Tambi\u00e9n se le puede pedir que verifique su identidad, proporcione m\u00e1s informaci\u00f3n a USCIS o pase por un control de antecedentes o seguridad.<\/p>\n<h3>\u00bfQu\u00e9 pasa si trabajas sin autorizaci\u00f3n?<\/h3>\n<p>En general, cualquier persona que no sea titular de una tarjeta verde o ciudadano estadounidense (excepto aquellos que est\u00e1n en los Estados Unidos con una visa de trabajo) debe mostrarle a un empleador que tiene un Documento de Autorizaci\u00f3n de Empleo del gobierno. Se supone que los empleadores no deben contratar a personas que no tienen este documento.<\/p>\n<p>Si trabaja sin un permiso, podr\u00eda terminar enfrentando consecuencias legales. De hecho, se le podr\u00eda prohibir recibir una tarjeta verde, o peor a\u00fan, se le podr\u00eda prohibir ingresar a los Estados Unidos por hasta diez a\u00f1os.<\/p>\n<h2>\u00bfNecesita hablar con un abogado de inmigraci\u00f3n sobre la presentaci\u00f3n del Formulario I-765, Solicitud de autorizaci\u00f3n de empleo?<\/h2>\n<p>Si desea la ayuda de un abogado para determinar si es elegible para la autorizaci\u00f3n de empleo (o si la necesita), o si necesita que alguien lo ayude a completar y presentar su documentaci\u00f3n de inmigraci\u00f3n, es posible que podamos brindarle la asistencia que necesita.<\/p>\n<p>Llame a nuestra oficina hoy para programar su consulta gratuita con un profesional atento y conocedor que puede explicarle sus opciones y ayudarlo a comenzar a avanzar.<\/p>\n<h2>Otros art\u00edculos \u00fatiles sobre inmigraci\u00f3n de negocios<\/h2>\n<ul>\n<li><a href=\"https:\/\/gldlaw.com\/es\/inmigracion\/la-inmigracion-de-negocios\/h-1b-employment-visa-2\/\">Visa de Empleo H-1B<\/a><\/li>\n<li><a href=\"https:\/\/gldlaw.com\/es\/inmigracion\/la-inmigracion-de-negocios\/visa-h-4\/\">H-4 Visas<\/a><\/li>\n<li><a href=\"https:\/\/gldlaw.com\/es\/inmigracion\/la-inmigracion-de-negocios\/tn-visas-for-nafta-professionals\/\">Visas TN para profesionales del TLCAN<\/a><\/li>\n<li><a href=\"https:\/\/gldlaw.com\/es\/inmigracion\/la-inmigracion-de-negocios\/\">Inmigraci\u00f3n de negocios en Dallas<\/a><\/li>\n<li><a href=\"https:\/\/gldlaw.com\/es\/inmigracion\/la-inmigracion-de-negocios\/\">Inmigraci\u00f3n de negocios en Houston<\/a><\/li>\n<li><a href=\"https:\/\/gldlaw.com\/international-entrepreneur-parole\/\">Oportunidad de Inmigraci\u00f3n de Nuevos Negocios | Libertad condicional para emprendedores internacionales<\/a><\/li>\n<li><a href=\"https:\/\/gldlaw.com\/es\/las-5-principales-cuestiones-que-requieren-un-bufete-de-abogados-de-inmigracion-empresarial\/\">Los 5 principales problemas que requieren un bufete de abogados de inmigraci\u00f3n de negocios<\/a><\/li>\n<\/ul>\n<\/header>\n\t<h2>Haga Clic Hoy Para Su Consulta Gratis<\/h2>\n\t\t\t<a href=\"https:\/\/gldlaw.com\/es\/contacto\/\" target=\"_self\">\n\t\t\t\t\t\t\tOprima Aqu\u00ed\n\t\t\t\t\t<\/a>\n\n","protected":false},"excerpt":{"rendered":"<p>I-765 Y EL DOCUMENTO DE AUTORIZACI\u00d3N DE EMPLEO EN TEXAS: LO QUE NECESITA SABER Si se encuentra en los Estados Unidos con una visa que no le permite expresamente trabajar, lo m\u00e1s probable es que deba completar y presentar el Formulario I-765, Solicitud de autorizaci\u00f3n de empleo. Este formulario le permite solicitar al gobierno de&hellip;<\/p>\n","protected":false},"author":5,"featured_media":0,"parent":3427,"menu_order":0,"comment_status":"closed","ping_status":"closed","template":"","meta":{"_monsterinsights_skip_tracking":false,"_monsterinsights_sitenote_active":false,"_monsterinsights_sitenote_note":"","_monsterinsights_sitenote_category":0,"footnotes":""},"class_list":["post-8903","page","type-page","status-publish","hentry"],"yoast_head":"<!-- This site is optimized with the Yoast SEO plugin v27.5 - https:\/\/yoast.com\/product\/yoast-seo-wordpress\/ -->\n<title>I-765, Solicitud de Autorizaci\u00f3n de Empleo: Gu\u00eda Espa\u00f1ola<\/title>\n<meta name=\"description\" content=\"\u00bfQu\u00e9 es la solicitud I-765 y el Documento de autorizaci\u00f3n de empleo, y qu\u00e9 debe hacer para obtenerlos? Esta gu\u00eda lo explica todo.\" \/>\n<meta name=\"robots\" content=\"index, follow, max-snippet:-1, max-image-preview:large, max-video-preview:-1\" \/>\n<link rel=\"canonical\" href=\"https:\/\/gldlaw.com\/es\/inmigracion\/visas\/formulario-i-765\/\" \/>\n<meta property=\"og:locale\" content=\"es_MX\" \/>\n<meta property=\"og:type\" content=\"article\" \/>\n<meta property=\"og:title\" content=\"I-765, Solicitud de Autorizaci\u00f3n de Empleo: Gu\u00eda Espa\u00f1ola\" \/>\n<meta property=\"og:description\" content=\"\u00bfQu\u00e9 es la solicitud I-765 y el Documento de autorizaci\u00f3n de empleo, y qu\u00e9 debe hacer para obtenerlos? Esta gu\u00eda lo explica todo.\" \/>\n<meta property=\"og:url\" content=\"https:\/\/gldlaw.com\/es\/inmigracion\/visas\/formulario-i-765\/\" \/>\n<meta property=\"og:site_name\" content=\"Davis &amp; Associates\" \/>\n<meta property=\"article:publisher\" content=\"https:\/\/www.facebook.com\/GLDavisandAssociates\/\" \/>\n<meta property=\"article:modified_time\" content=\"2025-04-14T16:42:35+00:00\" \/>\n<meta property=\"og:image\" content=\"https:\/\/gldlaw.com\/wp-content\/uploads\/2021\/10\/I-765-and-the-Employment-Authorization-Document-Davis-Associates.png\" \/>\n<meta name=\"twitter:card\" content=\"summary_large_image\" \/>\n<meta name=\"twitter:site\" content=\"@GLD_Law\" \/>\n<meta name=\"twitter:label1\" content=\"Tiempo de lectura\" \/>\n\t<meta name=\"twitter:data1\" content=\"10 minutos\" \/>\n<script type=\"application\/ld+json\" class=\"yoast-schema-graph\">{\"@context\":\"https:\\\/\\\/schema.org\",\"@graph\":[{\"@type\":\"WebPage\",\"@id\":\"https:\\\/\\\/gldlaw.com\\\/es\\\/inmigracion\\\/visas\\\/formulario-i-765\\\/\",\"url\":\"https:\\\/\\\/gldlaw.com\\\/es\\\/inmigracion\\\/visas\\\/formulario-i-765\\\/\",\"name\":\"I-765, Solicitud de Autorizaci\u00f3n de Empleo: Gu\u00eda Espa\u00f1ola\",\"isPartOf\":{\"@id\":\"https:\\\/\\\/gldlaw.com\\\/es\\\/#website\"},\"primaryImageOfPage\":{\"@id\":\"https:\\\/\\\/gldlaw.com\\\/es\\\/inmigracion\\\/visas\\\/formulario-i-765\\\/#primaryimage\"},\"image\":{\"@id\":\"https:\\\/\\\/gldlaw.com\\\/es\\\/inmigracion\\\/visas\\\/formulario-i-765\\\/#primaryimage\"},\"thumbnailUrl\":\"https:\\\/\\\/gldlaw.com\\\/wp-content\\\/uploads\\\/2021\\\/10\\\/I-765-and-the-Employment-Authorization-Document-Davis-Associates.png\",\"datePublished\":\"2021-10-18T18:55:07+00:00\",\"dateModified\":\"2025-04-14T16:42:35+00:00\",\"description\":\"\u00bfQu\u00e9 es la solicitud I-765 y el Documento de autorizaci\u00f3n de empleo, y qu\u00e9 debe hacer para obtenerlos? Esta gu\u00eda lo explica todo.\",\"breadcrumb\":{\"@id\":\"https:\\\/\\\/gldlaw.com\\\/es\\\/inmigracion\\\/visas\\\/formulario-i-765\\\/#breadcrumb\"},\"inLanguage\":\"es\",\"potentialAction\":[{\"@type\":\"ReadAction\",\"target\":[\"https:\\\/\\\/gldlaw.com\\\/es\\\/inmigracion\\\/visas\\\/formulario-i-765\\\/\"]}]},{\"@type\":\"ImageObject\",\"inLanguage\":\"es\",\"@id\":\"https:\\\/\\\/gldlaw.com\\\/es\\\/inmigracion\\\/visas\\\/formulario-i-765\\\/#primaryimage\",\"url\":\"https:\\\/\\\/gldlaw.com\\\/wp-content\\\/uploads\\\/2021\\\/10\\\/I-765-and-the-Employment-Authorization-Document-Davis-Associates.png\",\"contentUrl\":\"https:\\\/\\\/gldlaw.com\\\/wp-content\\\/uploads\\\/2021\\\/10\\\/I-765-and-the-Employment-Authorization-Document-Davis-Associates.png\"},{\"@type\":\"BreadcrumbList\",\"@id\":\"https:\\\/\\\/gldlaw.com\\\/es\\\/inmigracion\\\/visas\\\/formulario-i-765\\\/#breadcrumb\",\"itemListElement\":[{\"@type\":\"ListItem\",\"position\":1,\"name\":\"Home\",\"item\":\"https:\\\/\\\/gldlaw.com\\\/es\\\/\"},{\"@type\":\"ListItem\",\"position\":2,\"name\":\"Areas de Pr\u00e1ctica\",\"item\":\"https:\\\/\\\/gldlaw.com\\\/es\\\/inmigracion\\\/\"},{\"@type\":\"ListItem\",\"position\":3,\"name\":\"Inmigraci\u00f3n y Visas\",\"item\":\"https:\\\/\\\/gldlaw.com\\\/es\\\/inmigracion\\\/visas\\\/\"},{\"@type\":\"ListItem\",\"position\":4,\"name\":\"I-765 Y EL DOCUMENTO DE AUTORIZACI\u00d3N DE EMPLEO\"}]},{\"@type\":\"WebSite\",\"@id\":\"https:\\\/\\\/gldlaw.com\\\/es\\\/#website\",\"url\":\"https:\\\/\\\/gldlaw.com\\\/es\\\/\",\"name\":\"Davis &amp; Associates\",\"description\":\"Dallas \\\/ Fort Worth Immigration Attorney\",\"potentialAction\":[{\"@type\":\"SearchAction\",\"target\":{\"@type\":\"EntryPoint\",\"urlTemplate\":\"https:\\\/\\\/gldlaw.com\\\/es\\\/?s={search_term_string}\"},\"query-input\":{\"@type\":\"PropertyValueSpecification\",\"valueRequired\":true,\"valueName\":\"search_term_string\"}}],\"inLanguage\":\"es\"}]}<\/script>\n<!-- \/ Yoast SEO plugin. -->","yoast_head_json":{"title":"I-765, Solicitud de Autorizaci\u00f3n de Empleo: Gu\u00eda Espa\u00f1ola","description":"\u00bfQu\u00e9 es la solicitud I-765 y el Documento de autorizaci\u00f3n de empleo, y qu\u00e9 debe hacer para obtenerlos? Esta gu\u00eda lo explica todo.","robots":{"index":"index","follow":"follow","max-snippet":"max-snippet:-1","max-image-preview":"max-image-preview:large","max-video-preview":"max-video-preview:-1"},"canonical":"https:\/\/gldlaw.com\/es\/inmigracion\/visas\/formulario-i-765\/","og_locale":"es_MX","og_type":"article","og_title":"I-765, Solicitud de Autorizaci\u00f3n de Empleo: Gu\u00eda Espa\u00f1ola","og_description":"\u00bfQu\u00e9 es la solicitud I-765 y el Documento de autorizaci\u00f3n de empleo, y qu\u00e9 debe hacer para obtenerlos? Esta gu\u00eda lo explica todo.","og_url":"https:\/\/gldlaw.com\/es\/inmigracion\/visas\/formulario-i-765\/","og_site_name":"Davis &amp; Associates","article_publisher":"https:\/\/www.facebook.com\/GLDavisandAssociates\/","article_modified_time":"2025-04-14T16:42:35+00:00","og_image":[{"url":"https:\/\/gldlaw.com\/wp-content\/uploads\/2021\/10\/I-765-and-the-Employment-Authorization-Document-Davis-Associates.png","type":"","width":"","height":""}],"twitter_card":"summary_large_image","twitter_site":"@GLD_Law","twitter_misc":{"Tiempo de lectura":"10 minutos"},"schema":{"@context":"https:\/\/schema.org","@graph":[{"@type":"WebPage","@id":"https:\/\/gldlaw.com\/es\/inmigracion\/visas\/formulario-i-765\/","url":"https:\/\/gldlaw.com\/es\/inmigracion\/visas\/formulario-i-765\/","name":"I-765, Solicitud de Autorizaci\u00f3n de Empleo: Gu\u00eda Espa\u00f1ola","isPartOf":{"@id":"https:\/\/gldlaw.com\/es\/#website"},"primaryImageOfPage":{"@id":"https:\/\/gldlaw.com\/es\/inmigracion\/visas\/formulario-i-765\/#primaryimage"},"image":{"@id":"https:\/\/gldlaw.com\/es\/inmigracion\/visas\/formulario-i-765\/#primaryimage"},"thumbnailUrl":"https:\/\/gldlaw.com\/wp-content\/uploads\/2021\/10\/I-765-and-the-Employment-Authorization-Document-Davis-Associates.png","datePublished":"2021-10-18T18:55:07+00:00","dateModified":"2025-04-14T16:42:35+00:00","description":"\u00bfQu\u00e9 es la solicitud I-765 y el Documento de autorizaci\u00f3n de empleo, y qu\u00e9 debe hacer para obtenerlos? Esta gu\u00eda lo explica todo.","breadcrumb":{"@id":"https:\/\/gldlaw.com\/es\/inmigracion\/visas\/formulario-i-765\/#breadcrumb"},"inLanguage":"es","potentialAction":[{"@type":"ReadAction","target":["https:\/\/gldlaw.com\/es\/inmigracion\/visas\/formulario-i-765\/"]}]},{"@type":"ImageObject","inLanguage":"es","@id":"https:\/\/gldlaw.com\/es\/inmigracion\/visas\/formulario-i-765\/#primaryimage","url":"https:\/\/gldlaw.com\/wp-content\/uploads\/2021\/10\/I-765-and-the-Employment-Authorization-Document-Davis-Associates.png","contentUrl":"https:\/\/gldlaw.com\/wp-content\/uploads\/2021\/10\/I-765-and-the-Employment-Authorization-Document-Davis-Associates.png"},{"@type":"BreadcrumbList","@id":"https:\/\/gldlaw.com\/es\/inmigracion\/visas\/formulario-i-765\/#breadcrumb","itemListElement":[{"@type":"ListItem","position":1,"name":"Home","item":"https:\/\/gldlaw.com\/es\/"},{"@type":"ListItem","position":2,"name":"Areas de Pr\u00e1ctica","item":"https:\/\/gldlaw.com\/es\/inmigracion\/"},{"@type":"ListItem","position":3,"name":"Inmigraci\u00f3n y Visas","item":"https:\/\/gldlaw.com\/es\/inmigracion\/visas\/"},{"@type":"ListItem","position":4,"name":"I-765 Y EL DOCUMENTO DE AUTORIZACI\u00d3N DE EMPLEO"}]},{"@type":"WebSite","@id":"https:\/\/gldlaw.com\/es\/#website","url":"https:\/\/gldlaw.com\/es\/","name":"Davis &amp; Associates","description":"Dallas \/ Fort Worth Immigration Attorney","potentialAction":[{"@type":"SearchAction","target":{"@type":"EntryPoint","urlTemplate":"https:\/\/gldlaw.com\/es\/?s={search_term_string}"},"query-input":{"@type":"PropertyValueSpecification","valueRequired":true,"valueName":"search_term_string"}}],"inLanguage":"es"}]}},"_links":{"self":[{"href":"https:\/\/gldlaw.com\/es\/wp-json\/wp\/v2\/pages\/8903","targetHints":{"allow":["GET"]}}],"collection":[{"href":"https:\/\/gldlaw.com\/es\/wp-json\/wp\/v2\/pages"}],"about":[{"href":"https:\/\/gldlaw.com\/es\/wp-json\/wp\/v2\/types\/page"}],"author":[{"embeddable":true,"href":"https:\/\/gldlaw.com\/es\/wp-json\/wp\/v2\/users\/5"}],"replies":[{"embeddable":true,"href":"https:\/\/gldlaw.com\/es\/wp-json\/wp\/v2\/comments?post=8903"}],"version-history":[{"count":11,"href":"https:\/\/gldlaw.com\/es\/wp-json\/wp\/v2\/pages\/8903\/revisions"}],"predecessor-version":[{"id":12155,"href":"https:\/\/gldlaw.com\/es\/wp-json\/wp\/v2\/pages\/8903\/revisions\/12155"}],"up":[{"embeddable":true,"href":"https:\/\/gldlaw.com\/es\/wp-json\/wp\/v2\/pages\/3427"}],"wp:attachment":[{"href":"https:\/\/gldlaw.com\/es\/wp-json\/wp\/v2\/media?parent=8903"}],"curies":[{"name":"wp","href":"https:\/\/api.w.org\/{rel}","templated":true}]}}