{"id":8960,"date":"2021-11-19T00:28:19","date_gmt":"2021-11-19T06:28:19","guid":{"rendered":"https:\/\/gldlaw.com\/inmigracion\/inmigracion-familiar\/request-for-evidence\/"},"modified":"2024-06-06T10:21:50","modified_gmt":"2024-06-06T15:21:50","slug":"solicitud-de-evidencia","status":"publish","type":"page","link":"https:\/\/gldlaw.com\/es\/inmigracion\/solicitud-de-evidencia\/","title":{"rendered":"\u00bfQu\u00e9 Es Una Solicitud De Evidencia, O RFE, En Inmigraci\u00f3n?"},"content":{"rendered":"\n\n\t<h1><strong>\u00bf<\/strong><strong>Qu<\/strong><strong>\u00e9 <\/strong><strong>es una solicitud de evidencia, o RFE, en inmigraci\u00f3<\/strong><strong>n?<\/strong><\/h1>\n\t<p>Cuando el gobierno de los EE. UU. necesita m\u00e1s informaci\u00f3n de usted para procesar su petici\u00f3n de inmigraci\u00f3n, es posible que reciba una Solicitud de Evidencia Formal, o RFE.<\/p>\n<p>Pero, \u00bfqu\u00e9 es un RFE, qu\u00e9 debe hacer si lo recibe y c\u00f3mo puede prevenirlo? Esta gu\u00eda explica.<\/p>\n<h2><strong>\u00bf<\/strong><strong>Qu<\/strong><strong>\u00e9 <\/strong><strong>es una RFE?<\/strong><\/h2>\n<p>Una solicitud formal de pruebas del gobierno de los Estados Unidos significa que la agencia a la que solicit\u00f3 no puede procesar su solicitud sin m\u00e1s informaci\u00f3n.<\/p>\n\t\t\t\t<img loading=\"lazy\" decoding=\"async\" src=\"https:\/\/gldlaw.com\/wp-content\/uploads\/2021\/11\/What-is-a-Request-for-Evidence-or-RFE-in-Immigration.png\" alt=\"What is a Request for Evidence, or RFE, in Immigration?\" itemprop=\"image\" height=\"630\" width=\"1200\" title=\"What is a Request for Evidence, or RFE, in Immigration?\" onerror=\"this.style.display='none'\"  \/>\n\t<p>Com\u00fanmente llamado RFE, este documento le dice que el funcionario del Servicio de Ciudadan\u00eda e Inmigraci\u00f3n de los EE. UU.(USCIS) que est\u00e1 trabajando en su petici\u00f3n necesita que brinde informaci\u00f3n antes de tomar una decisi\u00f3n.<\/p>\n<p>Las RFE son muy comunes cuando una persona solicita una tarjeta de residencia basada en matrimonio, y USCIS a menudo tambi\u00e9n las env\u00eda para otros tipos de peticiones.<\/p>\n\t<h2><a href=\"https:\/\/gldlaw.com\/es\/contacto\/\">Haga Clic Hoy Para Su Consulta Gratis\u00bb<\/a><\/h2>\n\t\t\t<a href=\"https:\/\/gldlaw.com\/es\/contacto\/\" target=\"_self\" role=\"button\" rel=\"noopener\">\n\t\t\t\t\t\t\tOprima Aqu\u00ed\n\t\t\t\t\t<\/a>\n\t<h3><img loading=\"lazy\" decoding=\"async\" src=\"https:\/\/gldlaw.com\/wp-content\/uploads\/2021\/11\/What-is-RFE-in-Immigration.png\" alt=\"What is RFE in Immigration?\" width=\"550\" height=\"413\" \/><\/h3>\n<h2><strong>\u00bf<\/strong><strong>Deber<\/strong><strong>\u00eda preocuparse por una RFE?<\/strong><\/h2>\n<p>Si recibe una RFE, no tiene que preocuparse. No significa que se negar\u00e1 su petici\u00f3n o que se le pedir\u00e1 que abandone los Estados Unidos. Simplemente significa que el funcionario que revisa su petici\u00f3n necesita ver cierta documentaci\u00f3n para respaldar una declaraci\u00f3n que hizo en su solicitud, o para llenar los vac\u00edos con informaci\u00f3n que no estaba incluida en su petici\u00f3n original. Es una simple solicitud de evidencia para que un funcionario de USCIS pueda tomar una decisi\u00f3n informada sobre su caso.<\/p>\n<h2>\u00bfQu\u00e9 es un NOID?<\/h2>\n<p>Un Aviso de Intenci\u00f3n de Denegar, o NOID, es diferente de un RFE. La agencia de Servicios de Ciudadan\u00eda e Inmigraci\u00f3n de los Estados Unidos solo emite NOID cuando usted ha proporcionado evidencia suficiente, pero el funcionario que revisa su caso no cree que el caso deba ser aprobado. (A diferencia de una RFE, debe preocuparse si recibe un NOID).<\/p>\n<p>La carta de NOID le permite saber que no ha demostrado elegibilidad para un beneficio de inmigraci\u00f3n. La carta enumerar\u00e1 las razones que USCIS puede usar para negar su petici\u00f3n, pero tambi\u00e9n le da la oportunidad de superar las preocupaciones de USCIS. Debe poder demostrar que es elegible para el beneficio de inmigraci\u00f3n o no obtendr\u00e1 su tarjeta verde. Este tipo de cartas se ven m\u00e1s com\u00fanmente en los casos en que una pareja casada intenta obtener una tarjeta verde para un c\u00f3nyuge, pero no puede proporcionar evidencia de que tienen un matrimonio genuino (genuino).<\/p>\n<p>Si tiene un matrimonio genuino, pero no tiene mucha \u00a0evidenciaque lo demuestre, puede considerar usar declaraciones de la I-751 A para fortalecer su caso. \u00a0Estas declaraciones juradas son declaraciones de personas que lo conocen bien y pueden atestiguar que su matrimonio es real. \u00a0Su abogado de inmigraci\u00f3n puede \u00a0hacerle saber si incluir declaraciones de I-751 A con su \u00a0respuesta \u00a0a una RFE o NOID puede ayudar a su caso.<\/p>\n<p>Tambi\u00e9n puede recibir un NOID si hay discrepancias o inconsistencias entre lo que usted y su c\u00f3nyuge dijeron durante una entrevista con USCIS, o cuando un oficial de inmigraci\u00f3n descubre informaci\u00f3n negativa sobre usted o su caso. Finalmente, tambi\u00e9n puede recibir uno si el funcionario de inmigraci\u00f3n que supervisa su petici\u00f3n encuentra alg\u00fan tipo de fraude.<\/p>\n<p>Un NOID es probablemente su \u00faltima oportunidad de demostrar a USCIS que usted es elegible para el beneficio de inmigraci\u00f3n que est\u00e1 solicitando. Estas cartas son m\u00e1s urgentes que las RFE, y tiene un tiempo muy limitado para responderlas. Si recibe un NOID, debe consultar con un abogado de inmigraci\u00f3n lo antes posible.<\/p>\n<h2>\u00bfQu\u00e9 debe hacer si recibe una solicitud de evidencia de USCIS?<\/h2>\n<p>Si recibe una solicitud de evidencia de los Servicios de Ciudadan\u00eda e Inmigraci\u00f3n de los Estados Unidos, no se asuste. Debe enviar la RFE a su abogado de inmigraci\u00f3n. Su abogado lo revisar\u00e1 y le har\u00e1 saber qu\u00e9 puede hacer para proporcionar la evidencia que USCIS necesita para tomar una decisi\u00f3n sobre su petici\u00f3n.<\/p>\n<p>Debe reunir la evidencia que necesita lo m\u00e1s r\u00e1pido posible. Luego, entregue la evidencia a su abogado. Su abogado har\u00e1 copias y las enviar\u00e1 a USCIS (y tambi\u00e9n puede mantener algunas en el archivo). Despu\u00e9s de que USCIS reciba la evidencia que el funcionario en su caso solicit\u00f3, su caso proceder\u00e1.<\/p>\n<p>Es importante que contrate a su abogado de \u00a0inmigraci\u00f3n \u00a0de \u00a0inmediato para asegurarse de que su \u00a0respuesta no solo \u00a0sea completa, sino r\u00e1pida, porquesi no \u00a0responde a USCIS antes de lafecha due, el oficial que maneja su caso no considerar\u00e1 nueva documentaci\u00f3n y evidencia. Estopuede resultar en una denegaci\u00f3n de su solicitud.<\/p>\n<h3>Relacionado: <a href=\"https:\/\/gldlaw.com\/the-pros-and-cons-of-a-green-card\/\">Los pros y los contras de obtener una tarjeta verde en los EE. UU.<\/a><\/h3>\n\t<h2><a href=\"https:\/\/gldlaw.com\/es\/contacto\/\">Haga Clic Hoy Para Su Consulta Gratis\u00bb<\/a><\/h2>\n\t\t\t<a href=\"https:\/\/gldlaw.com\/es\/contacto\/\" target=\"_self\" role=\"button\" rel=\"noopener\">\n\t\t\t\t\t\t\tOprima Aqu\u00ed\n\t\t\t\t\t<\/a>\n\t<h2>\u00bfPuede evitar obtener una RFE?<\/h2>\n<p><img loading=\"lazy\" decoding=\"async\" src=\"https:\/\/gldlaw.com\/wp-content\/uploads\/2021\/10\/Request-A-Free-Consultation-Today.png\" alt=\"Request A Free Consultation Today\" width=\"551\" height=\"289\" \/><\/p>\n<p>Es posible evitar obtener una RFE, pero la \u00fanica manera de hacerlo es proporcionar a USCIS toda la evidencia que necesita cuando presente su petici\u00f3n inicial. Una vez m\u00e1s, sin embargo, obtener una RFE no es el fin del mundo; es posible que simplemente haya pasado por alto algo, o algo sobre su petici\u00f3n plante\u00f3 otra pregunta para el funcionario de USCIS que supervisa su caso.<\/p>\n<h4>Utilice estos consejos para tratar de evitar recibir una RFE:<\/h4>\n<p><strong>Proporcione pruebas suficientes con su petici\u00f3n inicial. <\/strong>\u00a0Recibir\u00e1 una RFE si no proporciona los documentos u otras pruebas necesarias (incluido no completar un formulario que necesita).<\/p>\n<p>Considere estos formularios y algunos\u00a0 documentos \u00a0clave correspondientes que deber\u00e1 incluir con ellos en su presentaci\u00f3n:<\/p>\n<p>Si est\u00e1 presentando el Formulario I-485, Solicitud de Registro de Residencia Permanente o Ajuste de Estatus, deber\u00e1 incluir una copia de su certificado de nacimiento, dos fotos estilo pasaporte y su Informe de Examen M\u00e9dico y Registro de Vacunaci\u00f3n (Formulario I-693).<\/p>\n<p>Cuando presente la solicitud de \u00a0I-539, Solicitud para extender\/cambiar el estatus de no inmigrante, debe incluir una copia del <a href=\"https:\/\/gldlaw.com\/immigration\/form-i-94\/\"  data-wpil-monitor-id=\"10\">Formulario I-94<\/a>, Registro de llegada-salida de no inmigrante.<\/p>\n<p>Para una Solicitud de Autorizaci\u00f3n de Empleo (Formulario I-765) deber\u00e1 incluir \u00a0una copia de su Documento de\u00a0 Autorizaci\u00f3n de Empleo (EAD) anterior \u00a0o una copia de un documento de identidad emitido por el gobierno, si no tiene un EAD anterior. Tambi\u00e9n debe enviar una copia del Formulario I-94 o su pasaporte, y dos fotograf\u00edas estilo pasaporte que sean <em>id\u00e9nticas.<\/em><\/p>\n<p><strong>Aseg\u00farese de que usted o su patrocinador obtengan suficientes ingresos, o que tenga un patrocinador financiero. <\/strong>\u00a0Si no gana suficiente dinero, o si dejar\u00e1 de ganar dinero cuando obtenga una tarjeta verde, necesitar\u00e1 un patrocinador financiero. \u00a0Un patrocinador financiero puede ayudar a garantizar que no se convierta en lo que el gobierno considera una &#8220;carga p\u00fablica&#8221;. \u00a0Una <a href=\"https:\/\/www.federalregister.gov\/documents\/2022\/09\/09\/2022-18867\/public-charge-ground-of-inadmissibility\">carga<\/a> p\u00fablica \u00a0es cuando una persona depende\u00a0 del gobierno de los Estados Unidos para obtener \u00a0asistencia p\u00fablica en \u00a0efectivo con el fin de mantener sus ingresos. Si USCIS piensa que usted no podr\u00e1 mantenerse financieramente y necesitar\u00e1 la ayuda del gobierno para hacerlo, se le considerar\u00e1 una carga p\u00fablica y se le exigir\u00e1 que tenga un patrocinador financiero.<\/p>\n<p>El patrocinador puede ser su c\u00f3nyuge u otro miembro de la familia, o puede ser otra persona. El patrocinador debe hacer al menos el 125 por ciento de las pautas federales de pobreza para calificar para patrocinarlo (a menos que \u00e9l o ella est\u00e9 en servicio activo en el ej\u00e9rcito de los Estados Unidos; en ese caso, su patrocinador solo necesita hacer el 100 por ciento de las pautas federales de pobreza).<\/p>\n<p>Si su patrocinador no puede \u00a0cumplir con los requisitos de ingresos m\u00ednimos \u00a0basados \u00fanicamente \u00a0en sus ingresos anuales, puede tener en cuenta el valor en efectivo de sus activos. \u00a0Esto incluyeel dinero que tienen en ahorros, as\u00ed como acciones y bonos, \u00a0y propiedades, tambi\u00e9n.<\/p>\n<p>Si a\u00fan no pueden cumplir con los requisitos financieros m\u00ednimos despu\u00e9s de agregar sus activos, su\u00a0 patrocinador \u00a0puede optar por solicitar la ayuda de \u00a0un patrocinador conjunto, un segundo patrocinador, \u00a0que \u00a0es alguien que planea aceptar la \u00a0responsabilidad de su\u00a0 Apoyo financiero junto con su patrocinador principal. \u00a0Es importante tener en cuenta que el patrocinador conjunto debe \u00a0cumplir individualmente con el requisito de ingresos del 125 por\u00a0 ciento \u00a0(a menos que est\u00e9 en servicio activo en el ej\u00e9rcito de los Estados Unidos; en cuyo caso deber\u00e1 cumplir con el requisito de ingresos del 100 por ciento).<\/p>\n<p>Si sabe que necesita un patrocinador financiero, aseg\u00farese de discutir la presentaci\u00f3n de una Declaraci\u00f3n Jurada de Apoyo con su abogado. \u00a0Un \u00a0patrocinador financiero conjunto tambi\u00e9n deber\u00e1 presentar una Declaraci\u00f3n Jurada de Apoyo. \u00a0Su abogado puede incluir los formularioscon su petici\u00f3n inicial para que USCIS no tenga que enviarle una RFE para solicitarlos.<\/p>\n<p><strong>Demuestre que ingres\u00f3 legalmente a los Estados Unidos. En general, proporcionar una copia de su <\/strong>\u00a0pasaporte sellado o una copia de su historial de viaje I-94, como se se\u00f1al\u00f3 anteriormente, essuficiente para demostrar que ingres\u00f3 legalmente a los Estados Unidos, y hacerlo es necesario para una petici\u00f3n de inmigraci\u00f3n.<\/p>\n<p><strong><img loading=\"lazy\" decoding=\"async\" src=\"https:\/\/gldlaw.com\/wp-content\/uploads\/2023\/03\/\u00bfPuede-evitar-obtener-una-RFE.png\" alt=\"\u00bfPuede evitar obtener una RFE?\" width=\"502\" height=\"376\" \/>Traduce tus documentos. <\/strong>\u00a0Si alguna de la documentaci\u00f3n que necesita proporcionar a USCIS est\u00e1 en un idioma que no sea ingl\u00e9s, debe proporcionarle a USCIS una traducci\u00f3n. Usted y su c\u00f3nyuge no pueden traducir los documentos; Alguien m\u00e1s debe hacerlo. Sus traducciones tambi\u00e9n deben estar certificadas; Eso significa que el traductor debe poner por escrito que los documentos se traducen con precisi\u00f3n. La carta que certifica la traducci\u00f3n debe estar fechada (e incluir la fecha en que se tradujo el documento), as\u00ed como incluir el nombre, la direcci\u00f3n y la firma del traductor.<\/p>\n<p><strong>Hable con su abogado sobre circunstancias inusuales. <\/strong>\u00a0Si su caso es inusual, o si sospecha que podr\u00eda serlo, debe hablar con su abogado sobre los tipos de explicaciones que debe proporcionar a USCIS. De esa manera, puede responder preventivamente a sus preguntas y, con suerte, evitar una RFE.<\/p>\n<p>D\u00f3nde encontrar lo que necesita en una RFE<\/p>\n<p>El Servicio de Ciudadan\u00eda e Inmigraci\u00f3n de los Estados Unidos no le hace adivinar qu\u00e9 tipo de documentaci\u00f3n necesita presentar. La RFE que reciba tendr\u00e1 una secci\u00f3n titulada &#8220;Falta evidencia&#8221;.<\/p>\n<p>En esta secci\u00f3n, encontrar\u00e1 una lista de todos los documentos que el funcionario de USCIS que supervisa su caso necesita para tomar una decisi\u00f3n.<\/p>\n<p>Por lo general, USCIS le ofrece alternativas si no tiene la documentaci\u00f3n espec\u00edfica que necesita. Si no ha cumplido con un cierto requisito de elegibilidad, lo m\u00e1s probable es que tambi\u00e9n se enumere en esta secci\u00f3n.<\/p>\n<p>USCIS tambi\u00e9n incluye una secci\u00f3n en la RFE que \u00a0detalla lo que recibi\u00f3 en su presentaci\u00f3n inicial. Aseg\u00farese \u00a0de revisar esta lista de documentos y pruebas para asegurarse de que incluya todo lo que envi\u00f3 \u00a0con su solicitud. \u00a0Si USCIS no enumera algo que ya ha enviado, es m\u00e1s que probable que sea un descuido. \u00a0Seguroque lo volveremos a enviar con su respuesta a la RFE.<\/p>\n<h2>\u00bfRecibiste una RFE?<\/h2>\n<p>Si recibi\u00f3 una RFE de USCIS, es posible que podamos ayudarlo. Llame a nuestra oficina ahora para programar una consulta gratuita con un abogado de inmigraci\u00f3n con experiencia que puede revisar su RFE y decirle c\u00f3mo resolverlo.<\/p>\n\t<h2><a href=\"https:\/\/gldlaw.com\/es\/contacto\/\">Haga Clic Hoy Para Su Consulta Gratis\u00bb<\/a><\/h2>\n\t\t\t<a href=\"https:\/\/gldlaw.com\/es\/contacto\/\" target=\"_self\" role=\"button\" rel=\"noopener\">\n\t\t\t\t\t\t\tOprima Aqu\u00ed\n\t\t\t\t\t<\/a>\n\n","protected":false},"excerpt":{"rendered":"<p>\u00bfQu\u00e9 es una solicitud de evidencia, o RFE, en inmigraci\u00f3n? Cuando el gobierno de los EE. UU. necesita m\u00e1s informaci\u00f3n de usted para procesar su petici\u00f3n de inmigraci\u00f3n, es posible que reciba una Solicitud de Evidencia Formal, o RFE. Pero, \u00bfqu\u00e9 es un RFE, qu\u00e9 debe hacer si lo recibe y c\u00f3mo puede prevenirlo? Esta&hellip;<\/p>\n","protected":false},"author":5,"featured_media":0,"parent":3409,"menu_order":0,"comment_status":"closed","ping_status":"closed","template":"","meta":{"_monsterinsights_skip_tracking":false,"_monsterinsights_sitenote_active":false,"_monsterinsights_sitenote_note":"","_monsterinsights_sitenote_category":0,"footnotes":""},"class_list":["post-8960","page","type-page","status-publish","hentry"],"yoast_head":"<!-- This site is optimized with the Yoast SEO plugin v27.4 - https:\/\/yoast.com\/product\/yoast-seo-wordpress\/ -->\n<title>\u00bfQu\u00e9 es una solicitud de evidencia, o RFE, en inmigraci\u00f3n? | GLD Law<\/title>\n<meta name=\"description\" content=\"Muchas personas que han solicitado al gobierno de los EE. UU. Beneficios de inmigraci\u00f3n obtienen una Solicitud de evidencia, o RFE, pero \u00bfqu\u00e9 es?\" \/>\n<meta name=\"robots\" content=\"index, follow, max-snippet:-1, max-image-preview:large, max-video-preview:-1\" \/>\n<link rel=\"canonical\" href=\"https:\/\/gldlaw.com\/immigration\/request-for-evidence\/\" \/>\n<meta property=\"og:locale\" content=\"es_MX\" \/>\n<meta property=\"og:type\" content=\"article\" \/>\n<meta property=\"og:title\" content=\"\u00bfQu\u00e9 es una solicitud de evidencia, o RFE, en inmigraci\u00f3n? | GLD Law\" \/>\n<meta property=\"og:description\" content=\"Muchas personas que han solicitado al gobierno de los EE. UU. Beneficios de inmigraci\u00f3n obtienen una Solicitud de evidencia, o RFE, pero \u00bfqu\u00e9 es?\" \/>\n<meta property=\"og:url\" content=\"https:\/\/gldlaw.com\/immigration\/request-for-evidence\/\" \/>\n<meta property=\"og:site_name\" content=\"Davis &amp; Associates\" \/>\n<meta property=\"article:publisher\" content=\"https:\/\/www.facebook.com\/GLDavisandAssociates\/\" \/>\n<meta property=\"article:modified_time\" content=\"2024-06-06T15:21:50+00:00\" \/>\n<meta property=\"og:image\" content=\"https:\/\/gldlaw.com\/wp-content\/uploads\/2021\/11\/What-is-a-Request-for-Evidence-or-RFE-in-Immigration.png\" \/>\n<meta name=\"twitter:card\" content=\"summary_large_image\" \/>\n<meta name=\"twitter:site\" content=\"@GLD_Law\" \/>\n<meta name=\"twitter:label1\" content=\"Tiempo de lectura\" \/>\n\t<meta name=\"twitter:data1\" content=\"7 minutos\" \/>\n<script type=\"application\/ld+json\" class=\"yoast-schema-graph\">{\"@context\":\"https:\\\/\\\/schema.org\",\"@graph\":[{\"@type\":\"WebPage\",\"@id\":\"https:\\\/\\\/gldlaw.com\\\/immigration\\\/request-for-evidence\\\/\",\"url\":\"https:\\\/\\\/gldlaw.com\\\/immigration\\\/request-for-evidence\\\/\",\"name\":\"\u00bfQu\u00e9 es una solicitud de evidencia, o RFE, en inmigraci\u00f3n? | GLD Law\",\"isPartOf\":{\"@id\":\"https:\\\/\\\/gldlaw.com\\\/es\\\/#website\"},\"primaryImageOfPage\":{\"@id\":\"https:\\\/\\\/gldlaw.com\\\/immigration\\\/request-for-evidence\\\/#primaryimage\"},\"image\":{\"@id\":\"https:\\\/\\\/gldlaw.com\\\/immigration\\\/request-for-evidence\\\/#primaryimage\"},\"thumbnailUrl\":\"https:\\\/\\\/gldlaw.com\\\/wp-content\\\/uploads\\\/2021\\\/11\\\/What-is-a-Request-for-Evidence-or-RFE-in-Immigration.png\",\"datePublished\":\"2021-11-19T06:28:19+00:00\",\"dateModified\":\"2024-06-06T15:21:50+00:00\",\"description\":\"Muchas personas que han solicitado al gobierno de los EE. UU. Beneficios de inmigraci\u00f3n obtienen una Solicitud de evidencia, o RFE, pero \u00bfqu\u00e9 es?\",\"breadcrumb\":{\"@id\":\"https:\\\/\\\/gldlaw.com\\\/immigration\\\/request-for-evidence\\\/#breadcrumb\"},\"inLanguage\":\"es\",\"potentialAction\":[{\"@type\":\"ReadAction\",\"target\":[\"https:\\\/\\\/gldlaw.com\\\/immigration\\\/request-for-evidence\\\/\"]}]},{\"@type\":\"ImageObject\",\"inLanguage\":\"es\",\"@id\":\"https:\\\/\\\/gldlaw.com\\\/immigration\\\/request-for-evidence\\\/#primaryimage\",\"url\":\"https:\\\/\\\/gldlaw.com\\\/wp-content\\\/uploads\\\/2021\\\/11\\\/What-is-a-Request-for-Evidence-or-RFE-in-Immigration.png\",\"contentUrl\":\"https:\\\/\\\/gldlaw.com\\\/wp-content\\\/uploads\\\/2021\\\/11\\\/What-is-a-Request-for-Evidence-or-RFE-in-Immigration.png\"},{\"@type\":\"BreadcrumbList\",\"@id\":\"https:\\\/\\\/gldlaw.com\\\/immigration\\\/request-for-evidence\\\/#breadcrumb\",\"itemListElement\":[{\"@type\":\"ListItem\",\"position\":1,\"name\":\"Home\",\"item\":\"https:\\\/\\\/gldlaw.com\\\/es\\\/\"},{\"@type\":\"ListItem\",\"position\":2,\"name\":\"Areas de Pr\u00e1ctica\",\"item\":\"https:\\\/\\\/gldlaw.com\\\/es\\\/inmigracion\\\/\"},{\"@type\":\"ListItem\",\"position\":3,\"name\":\"\u00bfQu\u00e9 Es Una Solicitud De Evidencia, O RFE, En Inmigraci\u00f3n?\"}]},{\"@type\":\"WebSite\",\"@id\":\"https:\\\/\\\/gldlaw.com\\\/es\\\/#website\",\"url\":\"https:\\\/\\\/gldlaw.com\\\/es\\\/\",\"name\":\"Davis &amp; Associates\",\"description\":\"Dallas \\\/ Fort Worth Immigration Attorney\",\"potentialAction\":[{\"@type\":\"SearchAction\",\"target\":{\"@type\":\"EntryPoint\",\"urlTemplate\":\"https:\\\/\\\/gldlaw.com\\\/es\\\/?s={search_term_string}\"},\"query-input\":{\"@type\":\"PropertyValueSpecification\",\"valueRequired\":true,\"valueName\":\"search_term_string\"}}],\"inLanguage\":\"es\"}]}<\/script>\n<!-- \/ Yoast SEO plugin. -->","yoast_head_json":{"title":"\u00bfQu\u00e9 es una solicitud de evidencia, o RFE, en inmigraci\u00f3n? | GLD Law","description":"Muchas personas que han solicitado al gobierno de los EE. UU. Beneficios de inmigraci\u00f3n obtienen una Solicitud de evidencia, o RFE, pero \u00bfqu\u00e9 es?","robots":{"index":"index","follow":"follow","max-snippet":"max-snippet:-1","max-image-preview":"max-image-preview:large","max-video-preview":"max-video-preview:-1"},"canonical":"https:\/\/gldlaw.com\/immigration\/request-for-evidence\/","og_locale":"es_MX","og_type":"article","og_title":"\u00bfQu\u00e9 es una solicitud de evidencia, o RFE, en inmigraci\u00f3n? | GLD Law","og_description":"Muchas personas que han solicitado al gobierno de los EE. UU. Beneficios de inmigraci\u00f3n obtienen una Solicitud de evidencia, o RFE, pero \u00bfqu\u00e9 es?","og_url":"https:\/\/gldlaw.com\/immigration\/request-for-evidence\/","og_site_name":"Davis &amp; Associates","article_publisher":"https:\/\/www.facebook.com\/GLDavisandAssociates\/","article_modified_time":"2024-06-06T15:21:50+00:00","og_image":[{"url":"https:\/\/gldlaw.com\/wp-content\/uploads\/2021\/11\/What-is-a-Request-for-Evidence-or-RFE-in-Immigration.png","type":"","width":"","height":""}],"twitter_card":"summary_large_image","twitter_site":"@GLD_Law","twitter_misc":{"Tiempo de lectura":"7 minutos"},"schema":{"@context":"https:\/\/schema.org","@graph":[{"@type":"WebPage","@id":"https:\/\/gldlaw.com\/immigration\/request-for-evidence\/","url":"https:\/\/gldlaw.com\/immigration\/request-for-evidence\/","name":"\u00bfQu\u00e9 es una solicitud de evidencia, o RFE, en inmigraci\u00f3n? | GLD Law","isPartOf":{"@id":"https:\/\/gldlaw.com\/es\/#website"},"primaryImageOfPage":{"@id":"https:\/\/gldlaw.com\/immigration\/request-for-evidence\/#primaryimage"},"image":{"@id":"https:\/\/gldlaw.com\/immigration\/request-for-evidence\/#primaryimage"},"thumbnailUrl":"https:\/\/gldlaw.com\/wp-content\/uploads\/2021\/11\/What-is-a-Request-for-Evidence-or-RFE-in-Immigration.png","datePublished":"2021-11-19T06:28:19+00:00","dateModified":"2024-06-06T15:21:50+00:00","description":"Muchas personas que han solicitado al gobierno de los EE. UU. Beneficios de inmigraci\u00f3n obtienen una Solicitud de evidencia, o RFE, pero \u00bfqu\u00e9 es?","breadcrumb":{"@id":"https:\/\/gldlaw.com\/immigration\/request-for-evidence\/#breadcrumb"},"inLanguage":"es","potentialAction":[{"@type":"ReadAction","target":["https:\/\/gldlaw.com\/immigration\/request-for-evidence\/"]}]},{"@type":"ImageObject","inLanguage":"es","@id":"https:\/\/gldlaw.com\/immigration\/request-for-evidence\/#primaryimage","url":"https:\/\/gldlaw.com\/wp-content\/uploads\/2021\/11\/What-is-a-Request-for-Evidence-or-RFE-in-Immigration.png","contentUrl":"https:\/\/gldlaw.com\/wp-content\/uploads\/2021\/11\/What-is-a-Request-for-Evidence-or-RFE-in-Immigration.png"},{"@type":"BreadcrumbList","@id":"https:\/\/gldlaw.com\/immigration\/request-for-evidence\/#breadcrumb","itemListElement":[{"@type":"ListItem","position":1,"name":"Home","item":"https:\/\/gldlaw.com\/es\/"},{"@type":"ListItem","position":2,"name":"Areas de Pr\u00e1ctica","item":"https:\/\/gldlaw.com\/es\/inmigracion\/"},{"@type":"ListItem","position":3,"name":"\u00bfQu\u00e9 Es Una Solicitud De Evidencia, O RFE, En Inmigraci\u00f3n?"}]},{"@type":"WebSite","@id":"https:\/\/gldlaw.com\/es\/#website","url":"https:\/\/gldlaw.com\/es\/","name":"Davis &amp; Associates","description":"Dallas \/ Fort Worth Immigration Attorney","potentialAction":[{"@type":"SearchAction","target":{"@type":"EntryPoint","urlTemplate":"https:\/\/gldlaw.com\/es\/?s={search_term_string}"},"query-input":{"@type":"PropertyValueSpecification","valueRequired":true,"valueName":"search_term_string"}}],"inLanguage":"es"}]}},"_links":{"self":[{"href":"https:\/\/gldlaw.com\/es\/wp-json\/wp\/v2\/pages\/8960","targetHints":{"allow":["GET"]}}],"collection":[{"href":"https:\/\/gldlaw.com\/es\/wp-json\/wp\/v2\/pages"}],"about":[{"href":"https:\/\/gldlaw.com\/es\/wp-json\/wp\/v2\/types\/page"}],"author":[{"embeddable":true,"href":"https:\/\/gldlaw.com\/es\/wp-json\/wp\/v2\/users\/5"}],"replies":[{"embeddable":true,"href":"https:\/\/gldlaw.com\/es\/wp-json\/wp\/v2\/comments?post=8960"}],"version-history":[{"count":7,"href":"https:\/\/gldlaw.com\/es\/wp-json\/wp\/v2\/pages\/8960\/revisions"}],"predecessor-version":[{"id":11067,"href":"https:\/\/gldlaw.com\/es\/wp-json\/wp\/v2\/pages\/8960\/revisions\/11067"}],"up":[{"embeddable":true,"href":"https:\/\/gldlaw.com\/es\/wp-json\/wp\/v2\/pages\/3409"}],"wp:attachment":[{"href":"https:\/\/gldlaw.com\/es\/wp-json\/wp\/v2\/media?parent=8960"}],"curies":[{"name":"wp","href":"https:\/\/api.w.org\/{rel}","templated":true}]}}