{"id":9015,"date":"2021-12-16T11:47:11","date_gmt":"2021-12-16T17:47:11","guid":{"rendered":"https:\/\/gldlaw.com\/u-s-immigration-medical-exam\/"},"modified":"2024-07-16T16:33:27","modified_gmt":"2024-07-16T21:33:27","slug":"examen-medico-de-inmigracion","status":"publish","type":"page","link":"https:\/\/gldlaw.com\/es\/examen-medico-de-inmigracion\/","title":{"rendered":"C\u00f3mo prepararse para el examen m\u00e9dico de inmigraci\u00f3n"},"content":{"rendered":"\r\n<h1>C\u00f3mo Prepararse Para El Examen M\u00e9dico De Inmigraci\u00f3n<\/h1>\r\n<p>Cuando emigre a los Estados Unidos, tendr\u00e1 que someterse a un examen m\u00e9dico.<\/p>\r\n<p>Este examen, realizado por un m\u00e9dico autorizado por el gobierno, incluye varios controles que le indican al Servicio de Ciudadan\u00eda e Inmigraci\u00f3n \u00a0de los Estados Unidos (USCIS, por \u00a0sus siglas en ingl\u00e9s) que usted no tiene una afecci\u00f3n de salud que pueda hacerlo inadmisible en los Estados Unidos.<\/p>\r\n<h2>C\u00f3mo prepararse para un examen m\u00e9dico con fines de inmigraci\u00f3n<\/h2>\r\n<p><img loading=\"lazy\" decoding=\"async\" title=\"Medical Exam for Immigration - Davis &amp; Associates\" src=\"https:\/\/gldlaw.com\/wp-content\/uploads\/2021\/12\/Medical-Exam-for-Immigration-Davis-Associates.png\" alt=\"Medical Exam for Immigration - Davis &amp; Associates\" width=\"1200\" height=\"630\" \/><\/p>\r\n<p>Aunque no puedes estudiar para tu examen m\u00e9dico de la forma en que estudiar\u00edas para tu examen de ciudadan\u00eda, hay algunas cosas que puedes hacer para prepararse. Necesitar\u00e1s:<\/p>\r\n<ul>\r\n<li>Recopile su historial m\u00e9dico, incluidas copias de radiograf\u00edas de t\u00f3rax anteriores.<\/li>\r\n<li>Encuentra tus registros de vacunaci\u00f3n<\/li>\r\n<li>Obtenga una carta de su m\u00e9dico actual que describa un plan de tratamiento para cualquier condici\u00f3n de salud que tenga.<\/li>\r\n<li>Traiga su tarjeta de seguro m\u00e9dico, si tiene una<\/li>\r\n<li>Trae tu identificaci\u00f3n<\/li>\r\n<li>Traiga una copia parcialmente completada del Formulario I-693, Informe de examen m\u00e9dico y registro de vacunaci\u00f3n, si est\u00e1 solicitando desde dentro de los Estados Unidos (complete su parte antes de la cita, pero no la firme hasta que el m\u00e9dico se lo indique).<\/li>\r\n<\/ul>\r\n<p><a href=\"https:\/\/gldlaw.com\/es\/el-gobierno-exigira-la-vacuna-covid-para-la-residencia-permanente\/\"><strong><em>Relacionado: El gobierno de los Estados Unidos requiere la vacuna COVID para la residencia permanente<\/em><\/strong><\/a><\/p>\r\n<h2><a href=\"https:\/\/gldlaw.com\/es\/contacto\/\">Haga Click Hoy Para Su Consulta Gratis<\/a><\/h2>\r\n<p><a href=\"https:\/\/gldlaw.com\/es\/contacto\/\" target=\"_self\" rel=\"noopener\"> Oprima Aqu\u00ed <\/a><\/p>\r\n<h2>\u00bfPor qu\u00e9 necesitas un examen m\u00e9dico para inmigrar a los Estados Unidos?<\/h2>\r\n<p><img loading=\"lazy\" decoding=\"async\" src=\"https:\/\/gldlaw.com\/wp-content\/uploads\/2021\/12\/Why-Do-You-Need-a-Medical-Exam-to-Immigrate-to-the-United-States.png\" alt=\"Why Do You Need a Medical Exam to Immigrate to the United States?\" width=\"550\" height=\"412\" \/><\/p>\r\n<p>El gobierno de los Estados Unidos requiere que usted participe en un examen m\u00e9dico antes de poder inmigrar a los Estados Unidos. Esto se debe \u00a0a que el gobierno quiere asegurarse de que no tenga una condici\u00f3n f\u00edsica que lo haga inadmisible en los Estados Unidos. Todos los miembros de la familia que buscan una tarjeta verde basada en la familia, as\u00ed como algunos otros inmigrantes, deben someterse a un examen f\u00edsico.<\/p>\r\n<h3>\u00bfQu\u00e9 condiciones lo hacen inadmisible en los EE. UU.?<\/h3>\r\n<p>A menudo, las personas con enfermedades transmisibles de importancia para la salud p\u00fablica son inadmisibles en los Estados Unidos. En lenguaje sencillo, eso significa que una enfermedad que alguien puede contraer de usted, si esa enfermedad a\u00fan no est\u00e1 \u00a0\u00a0presente en los Estados Unidos o si representa un gran riesgo para las personas en los Estados Unidos, lo hace inelegible para inmigrar al pa\u00eds.<\/p>\r\n<p>El Departamento de Salud y Servicios Humanos de EE. UU., o HHS, mantiene una lista de enfermedades transmisibles de importancia para la salud p\u00fablica que incluye:<\/p>\r\n<ul>\r\n<li>Gonorrea<\/li>\r\n<li>Enfermedad de Hansen (lepra) que es infecciosa<\/li>\r\n<li>S\u00edfilis que es infecciosa<\/li>\r\n<li>Tuberculosis activa de clase A<\/li>\r\n<li>Otras enfermedades que pueden ponerlo en cuarentena<\/li>\r\n<\/ul>\r\n<p>Nota: Aunque el virus de la inmunodeficiencia humana (VIH) sol\u00eda considerarse una enfermedad transmisible de importancia para la salud p\u00fablica, ya no est\u00e1 en la lista. El VIH no lo hace inadmisible en los EE. UU., y los oficiales de inmigraci\u00f3n deben ignorar el diagn\u00f3stico de infecci\u00f3n por VIH al determinar si alguien es inadmisible por motivos relacionados con la salud.<\/p>\r\n<h3>\u00bfQu\u00e9 pasa con las discapacidades intelectuales o de aprendizaje?<\/h3>\r\n<p>Debe presentar un informe de su condici\u00f3n (o la condici\u00f3n de su familiar) si hay una discapacidad intelectual o de aprendizaje. Una discapacidad intelectual o de aprendizaje no lo hace autom\u00e1ticamente a usted (o a su familiar) inadmisible en los Estados Unidos.<\/p>\r\n<p>Sin embargo, ciertos trastornos mentales o f\u00edsicos pueden hacer que alguien sea inadmisible en los Estados Unidos, incluidas estas condiciones:<\/p>\r\n<ul>\r\n<li>Un trastorno mental o f\u00edsico que hace que un individuo participe en un comportamiento da\u00f1ino como resultado del trastorno. Aunque un trastorno puede haber estado presente en el pasado, si result\u00f3 en actos da\u00f1inos que probablemente se repitan o causen otros actos da\u00f1inos, ese individuo se considerar\u00e1 inadmisible.<\/li>\r\n<li>Trastornos o discapacidades que probablemente hagan de un posible inmigrante una carga p\u00fablica<\/li>\r\n<\/ul>\r\n<p>Una carga p\u00fablica es un inmigrante potencial\u00a0 que el gobierno de los Estados Unidos cree que no podr\u00e1 mantenerse financieramente en los Estados Unidos y necesitar\u00e1 la ayuda del gobierno para hacerlo. Es posible que la persona tenga que usar beneficios p\u00fablicos federales, como cupones de alimentos, Seguridad de Ingreso Suplementario (SSI), Asistencia Temporal para Familias Necesitadas (TANF), el Programa de Seguro M\u00e9dico Infantil (CHIP) o Medicaid.<\/p>\r\n<p>En tales casos, es muy probable que el gobierno de los Estados Unidos considere que el individuo es una carga p\u00fablica y USCIS puede negar su solicitud de tarjeta verde.<\/p>\r\n<h3>\u00bfQu\u00e9 vacunas se requieren para inmigrar a los Estados Unidos?<\/h3>\r\n<p>La Ley de Inmigraci\u00f3n y Nacionalidad (INA) especifica ciertas vacunas que debe haber completado para ser admisible en los Estados Unidos. Incluyen vacunas contra la hepatitis B, la poliomielitis, los toxoides del t\u00e9tanos y la difteria, la tos ferina y el sarampi\u00f3n, las paperas y la rub\u00e9ola.<\/p>\r\n<p>Hay ciertas vacunas que los Centros para el Control y la Prevenci\u00f3n de Enfermedades (CDC) ordenan. Son para COVID-19, influenza, hepatitis A, meningococo y neumon\u00eda neumoc\u00f3cica.<\/p>\r\n<p>Las listas de vacunas requeridas bajo el INA y por el CDC no son exhaustivas. Puede consultar una lista completa de <a href=\"https:\/\/www.uscis.gov\/policy-manual\/volume-8-part-b-chapter-9\">las vacunas requeridas por USCIS para los inmigrantes<\/a>.<\/p>\r\n<h3>\u00bfQu\u00e9 sucede durante el examen m\u00e9dico de inmigraci\u00f3n?<\/h3>\r\n<p>El examen m\u00e9dico de inmigraci\u00f3n de los Estados Unidos se compone de:<\/p>\r\n<ul>\r\n<li>Una revisi\u00f3n completa de su historial m\u00e9dico y sus registros de vacunaci\u00f3n, realizada por el m\u00e9dico que realiza el examen. El m\u00e9dico explorar\u00e1 si ha experimentado o no alg\u00fan evento de salud importante, como una enfermedad grave u hospitalizaci\u00f3n por otro problema importante.<\/li>\r\n<li>Un examen f\u00edsico que implica un examen superficial de su: ojos, o\u00eddos, nariz y garganta, extremidades, coraz\u00f3n, pulmones, abdomen, ganglios linf\u00e1ticos y piel. Puede esperar que se realice una radiograf\u00eda de t\u00f3rax durante su examen (para verificar si hay signos de tuberculosis)<\/li>\r\n<li>Una evaluaci\u00f3n mental<\/li>\r\n<\/ul>\r\n<ul>\r\n<li>\r\n<ul>\r\n<li>El m\u00e9dico evaluar\u00e1 su salud mental, comportamiento, juicio, capacidad de comprensi\u00f3n, su estado de \u00e1nimo y su inteligencia.<\/li>\r\n<\/ul>\r\n<\/li>\r\n<\/ul>\r\n<ul>\r\n<li>Una prueba de detecci\u00f3n de drogas y alcohol<\/li>\r\n<\/ul>\r\n<ul>\r\n<li>\r\n<ul>\r\n<li>Se le preguntar\u00e1 si est\u00e1 tomando alg\u00fan medicamento recetado y si alguna vez ha consumido alcohol, usado drogas o si tiene antecedentes de abuso de sustancias.<\/li>\r\n<\/ul>\r\n<\/li>\r\n<\/ul>\r\n<ul>\r\n<li>Pruebas para enfermedades y dolencias<\/li>\r\n<\/ul>\r\n<ul>\r\n<li>\r\n<ul>\r\n<li>Tendr\u00e1s que someterte a un an\u00e1lisis de sangre para detectar s\u00edfilis y una prueba de gonorrea,<em> si tienes 15 a\u00f1os o m\u00e1s.<\/em><\/li>\r\n<\/ul>\r\n<\/li>\r\n<\/ul>\r\n<p>La duraci\u00f3n del examen depende de su m\u00e9dico y de cualquier afecci\u00f3n que tenga o que le gustar\u00eda discutir con el m\u00e9dico. Para muchas personas, las pruebas de laboratorio son necesarias; Eso puede tomar un poco m\u00e1s de tiempo.<\/p>\r\n<p>Este no es un examen m\u00e9dico completo. Su \u00fanico prop\u00f3sito es examinarlo a usted y a los miembros de su familia para detectar algunas afecciones <a href=\"https:\/\/gldlaw.com\/immigration\/business-immigration\/us-investor-immigration-guide\/\"  data-wpil-monitor-id=\"411\">m\u00e9dicas que est\u00e1n vinculadas a la ley de inmigraci\u00f3n<\/a> de los Estados Unidos.<\/p>\r\n<h2><a href=\"https:\/\/gldlaw.com\/es\/contacto\/\">Haga Click Hoy Para Su Consulta Gratis<\/a><\/h2>\r\n<p><a href=\"https:\/\/gldlaw.com\/es\/contacto\/\" target=\"_self\" rel=\"noopener\"> Oprima Aqu\u00ed <\/a><\/p>\r\n<h2>\u00bfQu\u00e9 m\u00e9dicos pueden realizar los ex\u00e1menes m\u00e9dicos de inmigraci\u00f3n de EE. UU.?<\/h2>\r\n<p><img loading=\"lazy\" decoding=\"async\" src=\"https:\/\/gldlaw.com\/wp-content\/uploads\/2021\/12\/Medical-Exam-for-Immigration-Davis-Associates.png\" alt=\"Medical Exam for Immigration - Davis &amp; Associates\" width=\"550\" height=\"289\" \/>Solo un m\u00e9dico autorizado por el gobierno puede realizar ex\u00e1menes m\u00e9dicos de inmigraci\u00f3n en los EE. UU. A menos que su m\u00e9dico actual est\u00e9 autorizado para realizar estos ex\u00e1menes, no puede usar los resultados de un examen con ese m\u00e9dico.<\/p>\r\n<p>Si est\u00e1 solicitando desde los Estados Unidos, ver\u00e1 a un cirujano civil que USCIS ha aprobado. Puede localizar a un cirujano civil aprobado cerca de usted utilizando la herramienta en l\u00ednea Encuentre un cirujano civil de USCIS \u00a0ingresando su estado, ciudad, direcci\u00f3n o c\u00f3digo postal. En su b\u00fasqueda tambi\u00e9n puede indicar su idioma preferido y el sexo del m\u00e9dico que realizar\u00e1 el examen. Tambi\u00e9n puede llamar al 800-375-5283\u00a0 (TTY: 800-767-1833) para coordinar su examen.<\/p>\r\n<p>Si est\u00e1 solicitando desde fuera de los Estados Unidos, ver\u00e1 a un m\u00e9dico del panel que el Departamento de Estado de los Estados Unidos ha aprobado.<\/p>\r\n<h3>\u00bfCu\u00e1ndo y c\u00f3mo debe programar su examen m\u00e9dico de inmigraci\u00f3n de EE. UU.?<\/h3>\r\n<p>Puede programar su examen m\u00e9dico de inmigraci\u00f3n de los Estados Unidos antes de comenzar el proceso de solicitud de la tarjeta verde. Su Formulario I-693 completo es v\u00e1lido por dos a\u00f1os despu\u00e9s de que sea firmado por un cirujano civil. USCIS una vez requiri\u00f3 que presentara su solicitud de tarjeta verde no m\u00e1s de 60 d\u00edas despu\u00e9s de que un cirujano civil firmara el Formulario I-693, pero elimin\u00f3 ese requisito.<\/p>\r\n<p>Si es m\u00e1s conveniente, puede programar\u00a0 su examen despu\u00e9s de presentar su solicitud de tarjeta verde. Si eso es lo que decide hacer, debe enviar sus resultados a USCIS \u00a0de inmediato, o puede llevarlos\u00a0 con usted a su entrevista de tarjeta verde. (De todos modos, debe traer una copia de sus resultados a su entrevista de tarjeta verde, solo para asegurarse de tener una copia de seguridad si la necesita).<\/p>\r\n<p>Tambi\u00e9n puede presentar el Formulario I-693 al <em>mismo tiempo<\/em> que presenta el Formulario I-485. Hacerlo puede ayudarlo a evitar la posibilidad de obtener una <a href=\"https:\/\/gldlaw.com\/es\/inmigracion\/solicitud-de-evidencia\/\">Solicitud de Evidencia<\/a> (RFE) de USCIS. B\u00e1sicamente, una RFE significa que USCIS requiere informaci\u00f3n adicional de usted para que pueda procesar su petici\u00f3n de inmigraci\u00f3n. En este caso, puede solicitar su Formulario I-693.<\/p>\r\n<p>Si recibe una RFE de USCIS, significar\u00e1 que el procesamiento de su solicitud de tarjeta verde se detendr\u00e1 hasta que USCIS obtenga su formulario y cualquier otra informaci\u00f3n que pueda haberle solicitado.<\/p>\r\n<h3>\u00bfQu\u00e9 sucede con los resultados del examen m\u00e9dico de inmigraci\u00f3n?<\/h3>\r\n<p>En algunos pa\u00edses, el m\u00e9dico env\u00eda los resultados directamente a la embajada o consulado de los Estados Unidos. Sin embargo, en otros pa\u00edses, el m\u00e9dico le da al solicitante los resultados de su propio examen en un sobre sellado. No debe aceptar resultados de ex\u00e1menes que no est\u00e9n en un sobre sellado. De hecho, USCIS <em>\u00a0no <\/em>\u00a0aceptar\u00e1 su formulario si no est\u00e1 en un sobre sellado, o si ha sido abierto o manipulado.<\/p>\r\n<p>Nota: Si tiene una copia adicional de los resultados de su examen m\u00e9dico, debe traerla a la entrevista.<\/p>\r\n<h2>\u00bfNecesita hablar con un abogado sobre su examen m\u00e9dico de inmigraci\u00f3n de EE. UU.?<\/h2>\r\n<p>Si necesita ayuda con el proceso de inmigraci\u00f3n, o si no est\u00e1 seguro de qu\u00e9 hacer a continuaci\u00f3n, es posible que podamos ayudarlo. Llame a nuestra oficina hoy o p\u00f3ngase en contacto con nosotros en l\u00ednea para programar una consulta gratuita y sin compromiso. Estaremos encantados de responder a sus preguntas y darle la orientaci\u00f3n que necesita para seguir adelante con su petici\u00f3n de inmigraci\u00f3n.<\/p>\r\n<h2><a href=\"https:\/\/gldlaw.com\/es\/contacto\/\">Haga Click Hoy Para Su Consulta Gratis<\/a><\/h2>\r\n<p><a href=\"https:\/\/gldlaw.com\/es\/contacto\/\" target=\"_self\" rel=\"noopener\"> Oprima Aqu\u00ed <\/a><\/p>\r\n","protected":false},"excerpt":{"rendered":"<p>C\u00f3mo Prepararse Para El Examen M\u00e9dico De Inmigraci\u00f3n Cuando emigre a los Estados Unidos, tendr\u00e1 que someterse a un examen m\u00e9dico. Este examen, realizado por un m\u00e9dico autorizado por el gobierno, incluye varios controles que le indican al Servicio de Ciudadan\u00eda e Inmigraci\u00f3n \u00a0de los Estados Unidos (USCIS, por \u00a0sus siglas en ingl\u00e9s) que usted&hellip;<\/p>\n","protected":false},"author":5,"featured_media":0,"parent":0,"menu_order":0,"comment_status":"closed","ping_status":"closed","template":"","meta":{"_monsterinsights_skip_tracking":false,"_monsterinsights_sitenote_active":false,"_monsterinsights_sitenote_note":"","_monsterinsights_sitenote_category":0,"footnotes":""},"class_list":["post-9015","page","type-page","status-publish","hentry"],"yoast_head":"<!-- This site is optimized with the Yoast SEO plugin v27.5 - https:\/\/yoast.com\/product\/yoast-seo-wordpress\/ -->\n<title>C\u00f3mo Prepararse Para el Examen M\u00e9dico de Inmigraci\u00f3n EE. UU.<\/title>\n<meta name=\"description\" content=\"\u00bfC\u00f3mo debe prepararse para su examen m\u00e9dico de inmigraci\u00f3n a los EE. UU.? Esta gu\u00eda explica qu\u00e9 tipo de informaci\u00f3n necesita y qu\u00e9 puede esperar.\" \/>\n<meta name=\"robots\" content=\"index, follow, max-snippet:-1, max-image-preview:large, max-video-preview:-1\" \/>\n<link rel=\"canonical\" href=\"https:\/\/gldlaw.com\/u-s-immigration-medical-exam\/\" \/>\n<meta property=\"og:locale\" content=\"es_MX\" \/>\n<meta property=\"og:type\" content=\"article\" \/>\n<meta property=\"og:title\" content=\"C\u00f3mo Prepararse Para el Examen M\u00e9dico de Inmigraci\u00f3n EE. UU.\" \/>\n<meta property=\"og:description\" content=\"\u00bfC\u00f3mo debe prepararse para su examen m\u00e9dico de inmigraci\u00f3n a los EE. UU.? Esta gu\u00eda explica qu\u00e9 tipo de informaci\u00f3n necesita y qu\u00e9 puede esperar.\" \/>\n<meta property=\"og:url\" content=\"https:\/\/gldlaw.com\/u-s-immigration-medical-exam\/\" \/>\n<meta property=\"og:site_name\" content=\"Davis &amp; Associates\" \/>\n<meta property=\"article:publisher\" content=\"https:\/\/www.facebook.com\/GLDavisandAssociates\/\" \/>\n<meta property=\"article:modified_time\" content=\"2024-07-16T21:33:27+00:00\" \/>\n<meta property=\"og:image\" content=\"https:\/\/gldlaw.com\/wp-content\/uploads\/2021\/12\/Medical-Exam-for-Immigration-Davis-Associates.png\" \/>\n<meta name=\"twitter:card\" content=\"summary_large_image\" \/>\n<meta name=\"twitter:site\" content=\"@GLD_Law\" \/>\n<meta name=\"twitter:label1\" content=\"Tiempo de lectura\" \/>\n\t<meta name=\"twitter:data1\" content=\"8 minutos\" \/>\n<script type=\"application\/ld+json\" class=\"yoast-schema-graph\">{\"@context\":\"https:\\\/\\\/schema.org\",\"@graph\":[{\"@type\":\"WebPage\",\"@id\":\"https:\\\/\\\/gldlaw.com\\\/u-s-immigration-medical-exam\\\/\",\"url\":\"https:\\\/\\\/gldlaw.com\\\/u-s-immigration-medical-exam\\\/\",\"name\":\"C\u00f3mo Prepararse Para el Examen M\u00e9dico de Inmigraci\u00f3n EE. UU.\",\"isPartOf\":{\"@id\":\"https:\\\/\\\/gldlaw.com\\\/es\\\/#website\"},\"primaryImageOfPage\":{\"@id\":\"https:\\\/\\\/gldlaw.com\\\/u-s-immigration-medical-exam\\\/#primaryimage\"},\"image\":{\"@id\":\"https:\\\/\\\/gldlaw.com\\\/u-s-immigration-medical-exam\\\/#primaryimage\"},\"thumbnailUrl\":\"https:\\\/\\\/gldlaw.com\\\/wp-content\\\/uploads\\\/2021\\\/12\\\/Medical-Exam-for-Immigration-Davis-Associates.png\",\"datePublished\":\"2021-12-16T17:47:11+00:00\",\"dateModified\":\"2024-07-16T21:33:27+00:00\",\"description\":\"\u00bfC\u00f3mo debe prepararse para su examen m\u00e9dico de inmigraci\u00f3n a los EE. UU.? Esta gu\u00eda explica qu\u00e9 tipo de informaci\u00f3n necesita y qu\u00e9 puede esperar.\",\"breadcrumb\":{\"@id\":\"https:\\\/\\\/gldlaw.com\\\/u-s-immigration-medical-exam\\\/#breadcrumb\"},\"inLanguage\":\"es\",\"potentialAction\":[{\"@type\":\"ReadAction\",\"target\":[\"https:\\\/\\\/gldlaw.com\\\/u-s-immigration-medical-exam\\\/\"]}]},{\"@type\":\"ImageObject\",\"inLanguage\":\"es\",\"@id\":\"https:\\\/\\\/gldlaw.com\\\/u-s-immigration-medical-exam\\\/#primaryimage\",\"url\":\"https:\\\/\\\/gldlaw.com\\\/wp-content\\\/uploads\\\/2021\\\/12\\\/Medical-Exam-for-Immigration-Davis-Associates.png\",\"contentUrl\":\"https:\\\/\\\/gldlaw.com\\\/wp-content\\\/uploads\\\/2021\\\/12\\\/Medical-Exam-for-Immigration-Davis-Associates.png\"},{\"@type\":\"BreadcrumbList\",\"@id\":\"https:\\\/\\\/gldlaw.com\\\/u-s-immigration-medical-exam\\\/#breadcrumb\",\"itemListElement\":[{\"@type\":\"ListItem\",\"position\":1,\"name\":\"Home\",\"item\":\"https:\\\/\\\/gldlaw.com\\\/es\\\/\"},{\"@type\":\"ListItem\",\"position\":2,\"name\":\"C\u00f3mo prepararse para el examen m\u00e9dico de inmigraci\u00f3n\"}]},{\"@type\":\"WebSite\",\"@id\":\"https:\\\/\\\/gldlaw.com\\\/es\\\/#website\",\"url\":\"https:\\\/\\\/gldlaw.com\\\/es\\\/\",\"name\":\"Davis &amp; Associates\",\"description\":\"Dallas \\\/ Fort Worth Immigration Attorney\",\"potentialAction\":[{\"@type\":\"SearchAction\",\"target\":{\"@type\":\"EntryPoint\",\"urlTemplate\":\"https:\\\/\\\/gldlaw.com\\\/es\\\/?s={search_term_string}\"},\"query-input\":{\"@type\":\"PropertyValueSpecification\",\"valueRequired\":true,\"valueName\":\"search_term_string\"}}],\"inLanguage\":\"es\"}]}<\/script>\n<!-- \/ Yoast SEO plugin. -->","yoast_head_json":{"title":"C\u00f3mo Prepararse Para el Examen M\u00e9dico de Inmigraci\u00f3n EE. UU.","description":"\u00bfC\u00f3mo debe prepararse para su examen m\u00e9dico de inmigraci\u00f3n a los EE. UU.? Esta gu\u00eda explica qu\u00e9 tipo de informaci\u00f3n necesita y qu\u00e9 puede esperar.","robots":{"index":"index","follow":"follow","max-snippet":"max-snippet:-1","max-image-preview":"max-image-preview:large","max-video-preview":"max-video-preview:-1"},"canonical":"https:\/\/gldlaw.com\/u-s-immigration-medical-exam\/","og_locale":"es_MX","og_type":"article","og_title":"C\u00f3mo Prepararse Para el Examen M\u00e9dico de Inmigraci\u00f3n EE. UU.","og_description":"\u00bfC\u00f3mo debe prepararse para su examen m\u00e9dico de inmigraci\u00f3n a los EE. UU.? Esta gu\u00eda explica qu\u00e9 tipo de informaci\u00f3n necesita y qu\u00e9 puede esperar.","og_url":"https:\/\/gldlaw.com\/u-s-immigration-medical-exam\/","og_site_name":"Davis &amp; Associates","article_publisher":"https:\/\/www.facebook.com\/GLDavisandAssociates\/","article_modified_time":"2024-07-16T21:33:27+00:00","og_image":[{"url":"https:\/\/gldlaw.com\/wp-content\/uploads\/2021\/12\/Medical-Exam-for-Immigration-Davis-Associates.png","type":"","width":"","height":""}],"twitter_card":"summary_large_image","twitter_site":"@GLD_Law","twitter_misc":{"Tiempo de lectura":"8 minutos"},"schema":{"@context":"https:\/\/schema.org","@graph":[{"@type":"WebPage","@id":"https:\/\/gldlaw.com\/u-s-immigration-medical-exam\/","url":"https:\/\/gldlaw.com\/u-s-immigration-medical-exam\/","name":"C\u00f3mo Prepararse Para el Examen M\u00e9dico de Inmigraci\u00f3n EE. UU.","isPartOf":{"@id":"https:\/\/gldlaw.com\/es\/#website"},"primaryImageOfPage":{"@id":"https:\/\/gldlaw.com\/u-s-immigration-medical-exam\/#primaryimage"},"image":{"@id":"https:\/\/gldlaw.com\/u-s-immigration-medical-exam\/#primaryimage"},"thumbnailUrl":"https:\/\/gldlaw.com\/wp-content\/uploads\/2021\/12\/Medical-Exam-for-Immigration-Davis-Associates.png","datePublished":"2021-12-16T17:47:11+00:00","dateModified":"2024-07-16T21:33:27+00:00","description":"\u00bfC\u00f3mo debe prepararse para su examen m\u00e9dico de inmigraci\u00f3n a los EE. UU.? Esta gu\u00eda explica qu\u00e9 tipo de informaci\u00f3n necesita y qu\u00e9 puede esperar.","breadcrumb":{"@id":"https:\/\/gldlaw.com\/u-s-immigration-medical-exam\/#breadcrumb"},"inLanguage":"es","potentialAction":[{"@type":"ReadAction","target":["https:\/\/gldlaw.com\/u-s-immigration-medical-exam\/"]}]},{"@type":"ImageObject","inLanguage":"es","@id":"https:\/\/gldlaw.com\/u-s-immigration-medical-exam\/#primaryimage","url":"https:\/\/gldlaw.com\/wp-content\/uploads\/2021\/12\/Medical-Exam-for-Immigration-Davis-Associates.png","contentUrl":"https:\/\/gldlaw.com\/wp-content\/uploads\/2021\/12\/Medical-Exam-for-Immigration-Davis-Associates.png"},{"@type":"BreadcrumbList","@id":"https:\/\/gldlaw.com\/u-s-immigration-medical-exam\/#breadcrumb","itemListElement":[{"@type":"ListItem","position":1,"name":"Home","item":"https:\/\/gldlaw.com\/es\/"},{"@type":"ListItem","position":2,"name":"C\u00f3mo prepararse para el examen m\u00e9dico de inmigraci\u00f3n"}]},{"@type":"WebSite","@id":"https:\/\/gldlaw.com\/es\/#website","url":"https:\/\/gldlaw.com\/es\/","name":"Davis &amp; Associates","description":"Dallas \/ Fort Worth Immigration Attorney","potentialAction":[{"@type":"SearchAction","target":{"@type":"EntryPoint","urlTemplate":"https:\/\/gldlaw.com\/es\/?s={search_term_string}"},"query-input":{"@type":"PropertyValueSpecification","valueRequired":true,"valueName":"search_term_string"}}],"inLanguage":"es"}]}},"_links":{"self":[{"href":"https:\/\/gldlaw.com\/es\/wp-json\/wp\/v2\/pages\/9015","targetHints":{"allow":["GET"]}}],"collection":[{"href":"https:\/\/gldlaw.com\/es\/wp-json\/wp\/v2\/pages"}],"about":[{"href":"https:\/\/gldlaw.com\/es\/wp-json\/wp\/v2\/types\/page"}],"author":[{"embeddable":true,"href":"https:\/\/gldlaw.com\/es\/wp-json\/wp\/v2\/users\/5"}],"replies":[{"embeddable":true,"href":"https:\/\/gldlaw.com\/es\/wp-json\/wp\/v2\/comments?post=9015"}],"version-history":[{"count":6,"href":"https:\/\/gldlaw.com\/es\/wp-json\/wp\/v2\/pages\/9015\/revisions"}],"predecessor-version":[{"id":11390,"href":"https:\/\/gldlaw.com\/es\/wp-json\/wp\/v2\/pages\/9015\/revisions\/11390"}],"wp:attachment":[{"href":"https:\/\/gldlaw.com\/es\/wp-json\/wp\/v2\/media?parent=9015"}],"curies":[{"name":"wp","href":"https:\/\/api.w.org\/{rel}","templated":true}]}}