{"id":9119,"date":"2022-01-25T12:02:10","date_gmt":"2022-01-25T18:02:10","guid":{"rendered":"https:\/\/gldlaw.com\/inmigracion\/inmigracion-familiar\/family-preference-visa\/"},"modified":"2025-04-14T11:17:02","modified_gmt":"2025-04-14T16:17:02","slug":"visas-de-preferencia-familiar","status":"publish","type":"page","link":"https:\/\/gldlaw.com\/es\/inmigracion\/inmigracion-familiar\/visas-de-preferencia-familiar\/","title":{"rendered":"Visas de Preferencia Familiar"},"content":{"rendered":"\n\n\t<h1>Visas de Preferencia Familiar en Texas<\/h1>\n\t<p>Estas visas permiten a sus familiares venir a los EE. UU. para obtener la residencia permanente y, como residentes permanentes, los miembros de su familia podr\u00e1n vivir y trabajar donde quieran en los Estados Unidos.<\/p>\n<p>Esta gu\u00eda explica las categor\u00edas de preferencia familiar que pueden aplicarse a sus familiares.<\/p>\n<p>Informaci\u00f3n de Visa de Preferencia Familiar: Obtener Tarjetas Verdes para Inmigrantes de Preferencia Familiar<\/p>\n\t\t\t\t<img loading=\"lazy\" decoding=\"async\" src=\"https:\/\/gldlaw.com\/wp-content\/uploads\/2022\/01\/Getting-Green-Cards-for-Family-Preference-Immigrants-Davis-Associates.png\" alt=\"Getting Green Cards for Family Preference Immigrants - Davis &amp; Associates\" itemprop=\"image\" height=\"630\" width=\"1200\" title=\"Getting Green Cards for Family Preference Immigrants - Davis &amp; Associates\" onerror=\"this.style.display='none'\"  \/>\n\t<p>Hay cinco categor\u00edas de visas de preferencia familiar disponibles para algunos familiares de ciudadanos estadounidenses y residentes permanentes legales.<\/p>\n<p>Estas visas est\u00e1n sujetas a l\u00edmites anuales, lo que significa que los miembros de su familia deben esperar a que se abra un espacio para ellos antes de que puedan ser aprobados para venir a los EE. UU. y obtener la residencia permanente.<\/p>\n<h2>Estas son las categor\u00edas de preferencia familiar:<\/h2>\n<ul>\n<li>Primera preferencia (F1)<\/li>\n<li>Segunda preferencia (F2A)<\/li>\n<li>Segunda preferencia (F2B)<\/li>\n<li>Tercera preferencia (F3)<\/li>\n<li>Cuarta preferencia (F4)<\/li>\n<\/ul>\n<p>Los familiares cercanos de ciudadanos estadounidenses y residentes permanentes legales, como c\u00f3nyuges e hijos, no necesitan usar visas de preferencia familiar. Se consideran miembros de la familia inmediata y pueden calificar para tarjetas de residencia sin esperar un lugar en <a href=\"https:\/\/gldlaw.com\/es\/inmigracion\/tarjeta-verdes\/\">la lista de preferencias familiares<\/a>.<\/p>\n<p>Explore las categor\u00edas de preferencia familiar en las siguientes secciones.<\/p>\n\t<h2><a href=\"https:\/\/gldlaw.com\/es\/contacto\/\">PROGRAME SU CONSULTA GRATIS HOY <\/a><\/h2>\n\t\t\t<a href=\"https:\/\/gldlaw.com\/es\/contacto\/\" target=\"_self\">\n\t\t\t\t\t\t\tEMPIEZA \n\t\t\t\t\t<\/a>\n\t<h3>Visas de preferencia familiar F1 y tarjetas verdes<\/h3>\n<p><img loading=\"lazy\" decoding=\"async\" src=\"https:\/\/gldlaw.com\/wp-content\/uploads\/2022\/01\/Family-Preference-Visa-Information-Davis-Associates.png\" alt=\"Family Preference Visa Information - Davis &amp; Associates\" width=\"501\" height=\"376\" \/>Las visas de primera preferencia y las tarjetas verdes est\u00e1n disponibles para los hijos e hijas solteros de ciudadanos estadounidenses, pero solo si los hijos e hijas tienen 21 a\u00f1os o m\u00e1s. Los hijos e hijas casados \u200b\u200bno son elegibles para las visas de preferencia familiar F1, y tampoco lo son los menores de 21 a\u00f1os.<\/p>\n<h3>Visas F2A y tarjetas verdes para familiares de residentes permanentes legales<\/h3>\n<p>Las visas F2A est\u00e1n disponibles para los c\u00f3nyuges e hijos de residentes permanentes legales. Los c\u00f3nyuges pueden tener cualquier edad, pero los hijos deben ser solteros y menores de 21 a\u00f1os para calificar para las visas F2A. Los ni\u00f1os solteros y mayores de 21 a\u00f1os solo califican para visas F2B.<\/p>\n<h3>Visas F2B para hijos de LPR<\/h3>\n<p>Las visas F2B son para los hijos e hijas solteros de residentes permanentes legales, pero solo cuando los hijos e hijas tienen 21 a\u00f1os o m\u00e1s. (Los hijos e hijas solteros menores de 21 a\u00f1os solo son elegibles para visas F2A).<\/p>\n<h3>Visas F3 para hijos casados \u200b\u200bde ciudadanos estadounidenses<\/h3>\n<p>Las visas F3 solo est\u00e1n disponibles para los hijos e hijas casados \u200b\u200bde ciudadanos estadounidenses. La edad no importa con una visa F3, se aplica a cualquier hijo casado de un ciudadano estadounidense.<\/p>\n<h3>Visas F4 para hermanos de ciudadanos estadounidenses<\/h3>\n<p>Las visas F4 son para los hermanos y hermanas de ciudadanos estadounidenses. Los hermanos y hermanas pueden tener cualquier edad, pero el ciudadano estadounidense debe tener 21 a\u00f1os o m\u00e1s para que sus hermanos califiquen.<\/p>\n<h2>\u00bfQu\u00e9 es una fecha de prioridad en una solicitud de visa de preferencia familiar?<\/h2>\n<p>Debido a que hay un l\u00edmite en el n\u00famero de visas de preferencia familiar disponibles cada a\u00f1o, las visas de inmigrantes basadas en la familia se otorgan en el orden en que se recibieron las solicitudes. Por ejemplo, alguien que solicit\u00f3 una visa bajo una visa de primera preferencia hace tres a\u00f1os obtendr\u00e1 una antes que alguien que la solicit\u00f3 este a\u00f1o. La fecha de presentaci\u00f3n (la fecha en la que el Formulario I-130, Petici\u00f3n de familiar extranjero, se present\u00f3 correctamente ante los Servicios de Ciudadan\u00eda e Inmigraci\u00f3n de EE. UU.) se denomina fecha prioritaria.<\/p>\n<h2>\u00bfPuede ajustar el estado para obtener una tarjeta verde de preferencia familiar?<\/h2>\n<p>Si actualmente se encuentra en los Estados Unidos, puede ser elegible para ajustar su estado migratorio para obtener una tarjeta verde de preferencia familiar. Naturalmente, necesitar\u00e1 un familiar calificado, un ciudadano estadounidense o un residente permanente legal con quien comparta una relaci\u00f3n calificada, y tambi\u00e9n debe:<\/p>\n<ul>\n<li>Presentar el Formulario I-485, Solicitud de Registro de Residencia Permanente o Ajuste de Estatus<\/li>\n<li>Han sido inspeccionados y admitidos o inspeccionados y puestos en <a href=\"https:\/\/gldlaw.com\/immigration\/humanitarian-parole\/\"  data-wpil-monitor-id=\"52\">libertad condicional<\/a> en los Estados Unidos<\/li>\n<li>Estar f\u00edsicamente presente en los EE. UU. cuando presente su Formulario I-485<\/li>\n<li>Ser elegible para recibir una visa de inmigrante<\/li>\n<li>Tener una visa de inmigrante inmediatamente disponible para usted<\/li>\n<li>No estar excluido del ajuste de estatus<\/li>\n<li>Ser admisible en los EE. UU. para la residencia permanente legal (o elegible para una exenci\u00f3n de inadmisibilidad o algo similar)<\/li>\n<li>Tener factores positivos en su caso que superen los factores negativos<\/li>\n<\/ul>\n<p><a href=\"https:\/\/gldlaw.com\/es\/5-cosas-para-entender-acerca-de-la-ley-de-inmigracion-familiar\/\">Obtenga m\u00e1s informaci\u00f3n sobre las visas basadas en la familia<\/a><\/p>\n\t<h2><a href=\"https:\/\/gldlaw.com\/es\/contacto\/\">PROGRAME SU CONSULTA GRATIS HOY <\/a><\/h2>\n\t\t\t<a href=\"https:\/\/gldlaw.com\/es\/contacto\/\" target=\"_self\">\n\t\t\t\t\t\t\tEMPIEZA \n\t\t\t\t\t<\/a>\n\t<h2>\u00bfQu\u00e9 pasa si su familiar es inadmisible en los Estados Unidos?<\/h2>\n<p>No todos califican para venir a los Estados Unidos. De hecho, algunas personas son consideradas inadmisibles. A veces, el gobierno de los EE. UU. <a href=\"https:\/\/www.uscis.gov\/ilink\/docView\/SLB\/HTML\/SLB\/0-0-0-1\/0-0-0-29\/0-0-0-2006.html#0-0-0-202\">rechaza a los solicitantes<\/a> debido a:<\/p>\n<ul>\n<li>Motivos relacionados con la salud<\/li>\n<li>Motivos penales<\/li>\n<li>Motivos de seguridad<\/li>\n<li>Asociaci\u00f3n con organizaciones desfavorables o terroristas<\/li>\n<li>Entrada ilegal previa a los EE. UU., violaciones de inmigraci\u00f3n previas o expulsi\u00f3n previa de los EE. UU.<\/li>\n<li>Falta de documentaci\u00f3n adecuada<\/li>\n<\/ul>\n<p>En algunos casos, los familiares de ciudadanos estadounidenses y residentes permanentes legales pueden solicitar una exenci\u00f3n de inadmisibilidad. Eso significa que el gobierno de EE. UU. est\u00e1 dispuesto a renunciar a los requisitos de admisibilidad para algunas personas, lo que les permite solicitar (y, a menudo, recibir) una visa de preferencia familiar y, en \u00faltima instancia, una tarjeta verde basada en la familia.<\/p>\n<h2>\u00bfC\u00f3mo se solicita una visa de preferencia familiar?<\/h2>\n<p>Si una visa est\u00e1 disponible de inmediato para usted como inmigrante de preferencia familiar, y si actualmente se encuentra en los Estados Unidos, puede presentar un Formulario I-485 ante los Servicios de Ciudadan\u00eda e Inmigraci\u00f3n de los Estados Unidos. No necesitas una visa porque ya est\u00e1s en los EE. UU. con una; puedes avanzar r\u00e1pidamente y solicitar una tarjeta verde, que te da residencia permanente legal en los Estados Unidos.<\/p>\n<p>Puede presentar mientras su Formulario I-130 (que su pariente debe presentar en su nombre) todav\u00eda est\u00e1 procesando o pendiente, o puede presentar ambos al mismo tiempo. Tambi\u00e9n puede presentar una solicitud despu\u00e9s de que USCIS apruebe su Formulario I-130.<\/p>\n<p>Si actualmente estas fuera de los Estados Unidos, su pariente debe solicitar al gobierno por usted mediante el Formulario I-130. Despu\u00e9s de que su pariente presente este formulario, la fecha en el formulario se convierte en su fecha de prioridad (consulte la secci\u00f3n anterior, &#8220;\u00bfQu\u00e9 es una fecha de prioridad en una solicitud de visa de preferencia familiar?&#8221; para obtener m\u00e1s informaci\u00f3n). Cuando aparece su fecha de prioridad en el <a href=\"https:\/\/travel.state.gov\/content\/travel\/en\/legal\/visa-law0\/visa-bulletin.html\">Bolet\u00edn de Visas<\/a>, eso significa que una visa est\u00e1 disponible para usted.<\/p>\n<p>Para la mayor\u00eda de las personas, la mejor manera de solicitar una visa de preferencia familiar es trabajar con un abogado de inmigraci\u00f3n que tenga experiencia en ajuste de estatus, peticiones iniciales I-130 y peticiones I-485. Debido a que la ley de inmigraci\u00f3n de EE. UU. puede ser confusa, y debido a que est\u00e1 sujeta a cambios en cualquier momento, con poco o ning\u00fan aviso, a menudo es mejor trabajar con un abogado que est\u00e9 al tanto de los requisitos y cambios de la ley de inmigraci\u00f3n.<\/p>\n<p>Su abogado puede ayudarlo a usted y a su familiar a completar y presentar la documentaci\u00f3n adecuada ante USCIS, mantenerlo actualizado sobre el estado de su caso y responder sus preguntas en cada paso del camino.<\/p>\n<h2>\u00bfNecesita hablar con un abogado de inmigraci\u00f3n sobre c\u00f3mo obtener una visa de preferencia familiar?<\/h2>\n<p>Si necesita hablar con un abogado sobre c\u00f3mo obtener una visa de preferencia familiar para un miembro de la familia que califica, o si no est\u00e1 seguro de si su pariente califica para una visa inmediata, es posible que podamos ayudarlo. Llame a nuestra oficina para programar una consulta gratuita con un profesional experimentado que pueda darle las respuestas que necesita ahora mismo.<\/p>\n\t<h2><a href=\"https:\/\/gldlaw.com\/es\/contacto\/\">PROGRAME SU CONSULTA GRATIS HOY <\/a><\/h2>\n\t\t\t<a href=\"https:\/\/gldlaw.com\/es\/contacto\/\" target=\"_self\">\n\t\t\t\t\t\t\tEMPIEZA \n\t\t\t\t\t<\/a>\n\n","protected":false},"excerpt":{"rendered":"<p>Visas de Preferencia Familiar en Texas Estas visas permiten a sus familiares venir a los EE. UU. para obtener la residencia permanente y, como residentes permanentes, los miembros de su familia podr\u00e1n vivir y trabajar donde quieran en los Estados Unidos. Esta gu\u00eda explica las categor\u00edas de preferencia familiar que pueden aplicarse a sus familiares.&hellip;<\/p>\n","protected":false},"author":5,"featured_media":0,"parent":3424,"menu_order":0,"comment_status":"closed","ping_status":"closed","template":"","meta":{"_monsterinsights_skip_tracking":false,"_monsterinsights_sitenote_active":false,"_monsterinsights_sitenote_note":"","_monsterinsights_sitenote_category":0,"footnotes":""},"class_list":["post-9119","page","type-page","status-publish","hentry"],"yoast_head":"<!-- This site is optimized with the Yoast SEO plugin v27.3 - https:\/\/yoast.com\/product\/yoast-seo-wordpress\/ -->\n<title>Visas de Preferencia Familiar | Davis &amp; Associates<\/title>\n<meta name=\"description\" content=\"Si est\u00e1 buscando una visa de preferencia familiar para un pariente (o informaci\u00f3n sobre c\u00f3mo obtener una tarjeta verde para un inmigrante de preferencia familiar), la encontrar\u00e1 aqu\u00ed.\" \/>\n<meta name=\"robots\" content=\"index, follow, max-snippet:-1, max-image-preview:large, max-video-preview:-1\" \/>\n<link rel=\"canonical\" href=\"https:\/\/gldlaw.com\/es\/inmigracion\/inmigracion-familiar\/visas-de-preferencia-familiar\/\" \/>\n<meta property=\"og:locale\" content=\"es_MX\" \/>\n<meta property=\"og:type\" content=\"article\" \/>\n<meta property=\"og:title\" content=\"Visas de Preferencia Familiar | Davis &amp; Associates\" \/>\n<meta property=\"og:description\" content=\"Si est\u00e1 buscando una visa de preferencia familiar para un pariente (o informaci\u00f3n sobre c\u00f3mo obtener una tarjeta verde para un inmigrante de preferencia familiar), la encontrar\u00e1 aqu\u00ed.\" \/>\n<meta property=\"og:url\" content=\"https:\/\/gldlaw.com\/es\/inmigracion\/inmigracion-familiar\/visas-de-preferencia-familiar\/\" \/>\n<meta property=\"og:site_name\" content=\"Davis &amp; Associates\" \/>\n<meta property=\"article:publisher\" content=\"https:\/\/www.facebook.com\/GLDavisandAssociates\/\" \/>\n<meta property=\"article:modified_time\" content=\"2025-04-14T16:17:02+00:00\" \/>\n<meta property=\"og:image\" content=\"https:\/\/gldlaw.com\/wp-content\/uploads\/2022\/01\/Getting-Green-Cards-for-Family-Preference-Immigrants-Davis-Associates.png\" \/>\n<meta name=\"twitter:card\" content=\"summary_large_image\" \/>\n<meta name=\"twitter:site\" content=\"@GLD_Law\" \/>\n<meta name=\"twitter:label1\" content=\"Tiempo de lectura\" \/>\n\t<meta name=\"twitter:data1\" content=\"7 minutos\" \/>\n<script type=\"application\/ld+json\" class=\"yoast-schema-graph\">{\"@context\":\"https:\\\/\\\/schema.org\",\"@graph\":[{\"@type\":\"WebPage\",\"@id\":\"https:\\\/\\\/gldlaw.com\\\/es\\\/inmigracion\\\/inmigracion-familiar\\\/visas-de-preferencia-familiar\\\/\",\"url\":\"https:\\\/\\\/gldlaw.com\\\/es\\\/inmigracion\\\/inmigracion-familiar\\\/visas-de-preferencia-familiar\\\/\",\"name\":\"Visas de Preferencia Familiar | Davis & Associates\",\"isPartOf\":{\"@id\":\"https:\\\/\\\/gldlaw.com\\\/es\\\/#website\"},\"primaryImageOfPage\":{\"@id\":\"https:\\\/\\\/gldlaw.com\\\/es\\\/inmigracion\\\/inmigracion-familiar\\\/visas-de-preferencia-familiar\\\/#primaryimage\"},\"image\":{\"@id\":\"https:\\\/\\\/gldlaw.com\\\/es\\\/inmigracion\\\/inmigracion-familiar\\\/visas-de-preferencia-familiar\\\/#primaryimage\"},\"thumbnailUrl\":\"https:\\\/\\\/gldlaw.com\\\/wp-content\\\/uploads\\\/2022\\\/01\\\/Getting-Green-Cards-for-Family-Preference-Immigrants-Davis-Associates.png\",\"datePublished\":\"2022-01-25T18:02:10+00:00\",\"dateModified\":\"2025-04-14T16:17:02+00:00\",\"description\":\"Si est\u00e1 buscando una visa de preferencia familiar para un pariente (o informaci\u00f3n sobre c\u00f3mo obtener una tarjeta verde para un inmigrante de preferencia familiar), la encontrar\u00e1 aqu\u00ed.\",\"breadcrumb\":{\"@id\":\"https:\\\/\\\/gldlaw.com\\\/es\\\/inmigracion\\\/inmigracion-familiar\\\/visas-de-preferencia-familiar\\\/#breadcrumb\"},\"inLanguage\":\"es\",\"potentialAction\":[{\"@type\":\"ReadAction\",\"target\":[\"https:\\\/\\\/gldlaw.com\\\/es\\\/inmigracion\\\/inmigracion-familiar\\\/visas-de-preferencia-familiar\\\/\"]}]},{\"@type\":\"ImageObject\",\"inLanguage\":\"es\",\"@id\":\"https:\\\/\\\/gldlaw.com\\\/es\\\/inmigracion\\\/inmigracion-familiar\\\/visas-de-preferencia-familiar\\\/#primaryimage\",\"url\":\"https:\\\/\\\/gldlaw.com\\\/wp-content\\\/uploads\\\/2022\\\/01\\\/Getting-Green-Cards-for-Family-Preference-Immigrants-Davis-Associates.png\",\"contentUrl\":\"https:\\\/\\\/gldlaw.com\\\/wp-content\\\/uploads\\\/2022\\\/01\\\/Getting-Green-Cards-for-Family-Preference-Immigrants-Davis-Associates.png\"},{\"@type\":\"BreadcrumbList\",\"@id\":\"https:\\\/\\\/gldlaw.com\\\/es\\\/inmigracion\\\/inmigracion-familiar\\\/visas-de-preferencia-familiar\\\/#breadcrumb\",\"itemListElement\":[{\"@type\":\"ListItem\",\"position\":1,\"name\":\"Home\",\"item\":\"https:\\\/\\\/gldlaw.com\\\/es\\\/\"},{\"@type\":\"ListItem\",\"position\":2,\"name\":\"Areas de Pr\u00e1ctica\",\"item\":\"https:\\\/\\\/gldlaw.com\\\/es\\\/inmigracion\\\/\"},{\"@type\":\"ListItem\",\"position\":3,\"name\":\"Inmigraci\u00f3n Familiar\",\"item\":\"https:\\\/\\\/gldlaw.com\\\/es\\\/inmigracion\\\/inmigracion-familiar\\\/\"},{\"@type\":\"ListItem\",\"position\":4,\"name\":\"Visas de Preferencia Familiar\"}]},{\"@type\":\"WebSite\",\"@id\":\"https:\\\/\\\/gldlaw.com\\\/es\\\/#website\",\"url\":\"https:\\\/\\\/gldlaw.com\\\/es\\\/\",\"name\":\"Davis &amp; Associates\",\"description\":\"Dallas \\\/ Fort Worth Immigration Attorney\",\"potentialAction\":[{\"@type\":\"SearchAction\",\"target\":{\"@type\":\"EntryPoint\",\"urlTemplate\":\"https:\\\/\\\/gldlaw.com\\\/es\\\/?s={search_term_string}\"},\"query-input\":{\"@type\":\"PropertyValueSpecification\",\"valueRequired\":true,\"valueName\":\"search_term_string\"}}],\"inLanguage\":\"es\"}]}<\/script>\n<!-- \/ Yoast SEO plugin. -->","yoast_head_json":{"title":"Visas de Preferencia Familiar | Davis & Associates","description":"Si est\u00e1 buscando una visa de preferencia familiar para un pariente (o informaci\u00f3n sobre c\u00f3mo obtener una tarjeta verde para un inmigrante de preferencia familiar), la encontrar\u00e1 aqu\u00ed.","robots":{"index":"index","follow":"follow","max-snippet":"max-snippet:-1","max-image-preview":"max-image-preview:large","max-video-preview":"max-video-preview:-1"},"canonical":"https:\/\/gldlaw.com\/es\/inmigracion\/inmigracion-familiar\/visas-de-preferencia-familiar\/","og_locale":"es_MX","og_type":"article","og_title":"Visas de Preferencia Familiar | Davis & Associates","og_description":"Si est\u00e1 buscando una visa de preferencia familiar para un pariente (o informaci\u00f3n sobre c\u00f3mo obtener una tarjeta verde para un inmigrante de preferencia familiar), la encontrar\u00e1 aqu\u00ed.","og_url":"https:\/\/gldlaw.com\/es\/inmigracion\/inmigracion-familiar\/visas-de-preferencia-familiar\/","og_site_name":"Davis &amp; Associates","article_publisher":"https:\/\/www.facebook.com\/GLDavisandAssociates\/","article_modified_time":"2025-04-14T16:17:02+00:00","og_image":[{"url":"https:\/\/gldlaw.com\/wp-content\/uploads\/2022\/01\/Getting-Green-Cards-for-Family-Preference-Immigrants-Davis-Associates.png","type":"","width":"","height":""}],"twitter_card":"summary_large_image","twitter_site":"@GLD_Law","twitter_misc":{"Tiempo de lectura":"7 minutos"},"schema":{"@context":"https:\/\/schema.org","@graph":[{"@type":"WebPage","@id":"https:\/\/gldlaw.com\/es\/inmigracion\/inmigracion-familiar\/visas-de-preferencia-familiar\/","url":"https:\/\/gldlaw.com\/es\/inmigracion\/inmigracion-familiar\/visas-de-preferencia-familiar\/","name":"Visas de Preferencia Familiar | Davis & Associates","isPartOf":{"@id":"https:\/\/gldlaw.com\/es\/#website"},"primaryImageOfPage":{"@id":"https:\/\/gldlaw.com\/es\/inmigracion\/inmigracion-familiar\/visas-de-preferencia-familiar\/#primaryimage"},"image":{"@id":"https:\/\/gldlaw.com\/es\/inmigracion\/inmigracion-familiar\/visas-de-preferencia-familiar\/#primaryimage"},"thumbnailUrl":"https:\/\/gldlaw.com\/wp-content\/uploads\/2022\/01\/Getting-Green-Cards-for-Family-Preference-Immigrants-Davis-Associates.png","datePublished":"2022-01-25T18:02:10+00:00","dateModified":"2025-04-14T16:17:02+00:00","description":"Si est\u00e1 buscando una visa de preferencia familiar para un pariente (o informaci\u00f3n sobre c\u00f3mo obtener una tarjeta verde para un inmigrante de preferencia familiar), la encontrar\u00e1 aqu\u00ed.","breadcrumb":{"@id":"https:\/\/gldlaw.com\/es\/inmigracion\/inmigracion-familiar\/visas-de-preferencia-familiar\/#breadcrumb"},"inLanguage":"es","potentialAction":[{"@type":"ReadAction","target":["https:\/\/gldlaw.com\/es\/inmigracion\/inmigracion-familiar\/visas-de-preferencia-familiar\/"]}]},{"@type":"ImageObject","inLanguage":"es","@id":"https:\/\/gldlaw.com\/es\/inmigracion\/inmigracion-familiar\/visas-de-preferencia-familiar\/#primaryimage","url":"https:\/\/gldlaw.com\/wp-content\/uploads\/2022\/01\/Getting-Green-Cards-for-Family-Preference-Immigrants-Davis-Associates.png","contentUrl":"https:\/\/gldlaw.com\/wp-content\/uploads\/2022\/01\/Getting-Green-Cards-for-Family-Preference-Immigrants-Davis-Associates.png"},{"@type":"BreadcrumbList","@id":"https:\/\/gldlaw.com\/es\/inmigracion\/inmigracion-familiar\/visas-de-preferencia-familiar\/#breadcrumb","itemListElement":[{"@type":"ListItem","position":1,"name":"Home","item":"https:\/\/gldlaw.com\/es\/"},{"@type":"ListItem","position":2,"name":"Areas de Pr\u00e1ctica","item":"https:\/\/gldlaw.com\/es\/inmigracion\/"},{"@type":"ListItem","position":3,"name":"Inmigraci\u00f3n Familiar","item":"https:\/\/gldlaw.com\/es\/inmigracion\/inmigracion-familiar\/"},{"@type":"ListItem","position":4,"name":"Visas de Preferencia Familiar"}]},{"@type":"WebSite","@id":"https:\/\/gldlaw.com\/es\/#website","url":"https:\/\/gldlaw.com\/es\/","name":"Davis &amp; Associates","description":"Dallas \/ Fort Worth Immigration Attorney","potentialAction":[{"@type":"SearchAction","target":{"@type":"EntryPoint","urlTemplate":"https:\/\/gldlaw.com\/es\/?s={search_term_string}"},"query-input":{"@type":"PropertyValueSpecification","valueRequired":true,"valueName":"search_term_string"}}],"inLanguage":"es"}]}},"_links":{"self":[{"href":"https:\/\/gldlaw.com\/es\/wp-json\/wp\/v2\/pages\/9119","targetHints":{"allow":["GET"]}}],"collection":[{"href":"https:\/\/gldlaw.com\/es\/wp-json\/wp\/v2\/pages"}],"about":[{"href":"https:\/\/gldlaw.com\/es\/wp-json\/wp\/v2\/types\/page"}],"author":[{"embeddable":true,"href":"https:\/\/gldlaw.com\/es\/wp-json\/wp\/v2\/users\/5"}],"replies":[{"embeddable":true,"href":"https:\/\/gldlaw.com\/es\/wp-json\/wp\/v2\/comments?post=9119"}],"version-history":[{"count":5,"href":"https:\/\/gldlaw.com\/es\/wp-json\/wp\/v2\/pages\/9119\/revisions"}],"predecessor-version":[{"id":12125,"href":"https:\/\/gldlaw.com\/es\/wp-json\/wp\/v2\/pages\/9119\/revisions\/12125"}],"up":[{"embeddable":true,"href":"https:\/\/gldlaw.com\/es\/wp-json\/wp\/v2\/pages\/3424"}],"wp:attachment":[{"href":"https:\/\/gldlaw.com\/es\/wp-json\/wp\/v2\/media?parent=9119"}],"curies":[{"name":"wp","href":"https:\/\/api.w.org\/{rel}","templated":true}]}}