{"id":9179,"date":"2021-11-19T00:40:19","date_gmt":"2021-11-19T06:40:19","guid":{"rendered":"https:\/\/gldlaw.com\/inmigracion\/inmigracion-familiar\/affidavit-of-support-i-864\/"},"modified":"2024-03-07T20:39:20","modified_gmt":"2024-03-08T02:39:20","slug":"jurada-de-patrocinio-i-864","status":"publish","type":"page","link":"https:\/\/gldlaw.com\/es\/inmigracion\/inmigracion-familiar\/jurada-de-patrocinio-i-864\/","title":{"rendered":"\u00bfQu\u00e9 es una Declaraci\u00f3n Jurada de Patrocinio (I-864) en Inmigraci\u00f3n?"},"content":{"rendered":"\r\n<h1>\u00bfQu\u00e9 es una Declaraci\u00f3n Jurada de Patrocinio (I-864) en Inmigraci\u00f3n?<\/h1>\r\n<p>Los inmigrantes que no ganan suficiente dinero para vivir solos no son elegibles para <a href=\"https:\/\/gldlaw.com\/es\/inmigracion\/tarjeta-verdes\/\">tarjetas de residencia<\/a> a menos que tengan una Declaraci\u00f3n Jurada de Patrocinio firmada por alguien que sea financieramente capaz de mantenerlos. Esta gu\u00eda explica.<\/p>\r\n<h2>\u00bfQu\u00e9 es una declaraci\u00f3n jurada de apoyo?<\/h2>\r\n<p>Una Declaraci\u00f3n Jurada de Apoyo es el Formulario I-864 de Inmigraci\u00f3n de EE. UU.<\/p>\r\n<p><img loading=\"lazy\" decoding=\"async\" title=\"Affidavit of support\" src=\"https:\/\/gldlaw.com\/wp-content\/uploads\/2021\/11\/Affidavit-of-support.png\" alt=\"Affidavit of support\" width=\"1200\" height=\"630\" \/><\/p>\r\n<p>Este formulario dice que el patrocinador (u otra persona) est\u00e1 dispuesto y es capaz de aceptar la responsabilidad financiera por el miembro de la familia que solicita una tarjeta verde de EE. UU.<\/p>\r\n<p>Declaraci\u00f3n de apoyo<\/p>\r\n<p>Si el solicitante de la tarjeta verde luego no puede mantenerse a s\u00ed mismo, la persona que firm\u00f3 la Declaraci\u00f3n Jurada de Apoyo se vuelve responsable, y eso puede incluir el pago de cualquier beneficio p\u00fablico que haya utilizado el titular de la tarjeta verde patrocinado.<\/p>\r\n<h2>PROGRAMA TU CONSULTA GRASTUITA HOY&gt;&gt;<\/h2>\r\n<p><a role=\"button\" href=\"https:\/\/gldlaw.com\/es\/contacto\/\" target=\"_self\" rel=\"noopener\"> EMPEZAR <\/a><\/p>\r\n<h2>\u00bfQu\u00e9 ingresos califican para una tarjeta verde y qu\u00e9 ingresos requieren una declaraci\u00f3n jurada de apoyo?<\/h2>\r\n<p><img loading=\"lazy\" decoding=\"async\" src=\"https:\/\/gldlaw.com\/wp-content\/uploads\/2021\/11\/What-is-an-Affidavit-of-Support-Davis-Associates.png\" alt=\"What is an Affidavit of Support? - Davis &amp; Associates\" width=\"501\" height=\"376\" \/>El gobierno de los EE. UU. <a href=\"https:\/\/www.uscis.gov\/i-864p\">utiliza las pautas<\/a> de pobreza del Departamento de Salud y Servicios Humanos para determinar si una persona tiene suficientes ingresos propios o si necesita una Declaraci\u00f3n Jurada de Patrocinio del patrocinador o de otra persona.<\/p>\r\n<p>Si el ingreso de su hogar es igual o superior al 125 por ciento del nivel de pobreza de los EE. UU. para el tama\u00f1o de su hogar, no necesita un patrocinador. Sin embargo, si su ingreso es inferior al 125 por ciento del nivel de pobreza de los EE. UU., necesita un patrocinador.<\/p>\r\n<p>Las pautas del nivel de pobreza pueden cambiar, dependiendo de las condiciones econ\u00f3micas en los Estados Unidos, lo que significa que incluso si calific\u00f3 para una tarjeta verde seg\u00fan sus propios ingresos en alg\u00fan momento, es posible que no califique ahora.<\/p>\r\n<p>Es importante que consulte las pautas de pobreza m\u00e1s actualizadas (puede encontrarlas aqu\u00ed) si no est\u00e1 seguro de que sus ingresos son suficientes. Recuerde tambi\u00e9n que las pautas de pobreza pueden variar seg\u00fan el lugar donde pretenda vivir. Son diferentes en los Estados Unidos contiguos que en Alaska y Haw\u00e1i.<\/p>\r\n<p>Las pautas de pobreza aumentan con cada miembro de la familia que vive en un hogar. Por ejemplo, una familia de dos tiene un umbral m\u00e1s bajo que una familia de cinco. Cuantas m\u00e1s personas vivan en una casa, m\u00e1s ingresos se necesitan para cumplir con las pautas federales de pobreza.<\/p>\r\n<p>Si sus ingresos no son suficientes para calificar para una tarjeta verde por su cuenta, su patrocinador u otra persona responsable deber\u00e1 completar el Formulario I-864, Declaraci\u00f3n jurada de apoyo, para demostrarle al gobierno de los EE. UU. que no se volver\u00e1 dependiente en los programas de asistencia del gobierno.<\/p>\r\n<p><em>RELACIONADO: <a href=\"https:\/\/gldlaw.com\/es\/pros-y-contras-de-una-tarjeta-verde\/\">DEBERIA OBTENER UNA TARJETA DE RESIDENCIA?<\/a><\/em><\/p>\r\n<h3>\u00bfQu\u00e9 pasa con los miembros militares en servicio activo?<\/h3>\r\n<p>Los militares en servicio activo que patrocinan a un c\u00f3nyuge o hijo solo deben cumplir con el 100 por ciento de las pautas federales de pobreza para calificar. Eso significa que no necesitar\u00e1 una Declaraci\u00f3n jurada de apoyo si los ingresos de su familia est\u00e1n en el nivel de pobreza.<\/p>\r\n<p>Adem\u00e1s, una persona puede calificar para patrocinarlo si es militar en servicio activo y su salario es igual o superior al nivel de pobreza real.<\/p>\r\n<h2>Requisitos financieros para un patrocinador que completa una declaraci\u00f3n jurada de apoyo<\/h2>\r\n<p>La persona que firma una Declaraci\u00f3n Jurada de Patrocinio debe cumplir con ciertos requisitos; si no lo hacen, el gobierno de los Estados Unidos rechazar\u00e1 la petici\u00f3n. El patrocinador financiero debe:<\/p>\r\n<ul>\r\n<li>Ser ciudadano estadounidense o residente permanente legal (titular de la tarjeta verde) que tenga al menos 18 a\u00f1os y viva en los Estados Unidos<\/li>\r\n<li>Tener un ingreso anual que sea al menos el 125 por ciento de las pautas de pobreza para el tama\u00f1o de su familia.<\/li>\r\n<\/ul>\r\n<p>Sin embargo, los patrocinadores no se limitan solo a los ingresos. Pueden usar otros tipos de activos, como dinero en efectivo, acciones y bonos, y propiedades como una casa para demostrar que tienen suficiente dinero para patrocinar al inmigrante.<\/p>\r\n<p>El patrocinador no tiene que ser un miembro de la familia o del hogar. Alguien m\u00e1s puede patrocinar a un inmigrante. Si el patrocinador no gana suficiente dinero por su cuenta, otra persona puede presentar una solicitud conjunta con una Declaraci\u00f3n jurada de apoyo.<\/p>\r\n<p>Adem\u00e1s, el inmigrante mismo puede contar sus propios ingresos, pero solo si contin\u00faa generando esos ingresos despu\u00e9s de obtener una tarjeta verde.<\/p>\r\n<h3>\u00bfCu\u00e1ndo termina el compromiso de un patrocinador?<\/h3>\r\n<p>Debido a que una Declaraci\u00f3n Jurada de Apoyo es un contrato entre el patrocinador financiero del inmigrante y el gobierno de los EE. UU., el acuerdo permanece intacto hasta que ocurra una de las siguientes cuatro cosas:<\/p>\r\n<ol>\r\n<li>La persona que busca una tarjeta verde se convierte en ciudadano estadounidense<\/li>\r\n<li>Cualquiera de los c\u00f3nyuges muere<\/li>\r\n<li>La persona que busca una tarjeta verde ha trabajado en los EE. UU. durante 40 trimestres (si la persona trabaja de forma continua, sin interrupciones en el empleo, son 10 a\u00f1os)<\/li>\r\n<li>La persona que busca una tarjeta verde se muda fuera del pa\u00eds permanentemente<\/li>\r\n<\/ol>\r\n<h2>PROGRAMA TU CONSULTA GRASTUITA HOY&gt;&gt;<\/h2>\r\n<p><a role=\"button\" href=\"https:\/\/gldlaw.com\/es\/contacto\/\" target=\"_self\" rel=\"noopener\"> EMPEZAR <\/a><\/p>\r\n<h2>Beneficios y la declaraci\u00f3n jurada de apoyo<\/h2>\r\n<p>La Declaraci\u00f3n Jurada de Patrocinio tiene como objetivo mostrarle al gobierno de los EE. UU. que la persona que inmigra a los Estados Unidos no necesitar\u00e1 volverse dependiente de los beneficios p\u00fablicos. Los beneficios p\u00fablicos pueden provenir del gobierno federal o del gobierno estatal.<\/p>\r\n<h3>Beneficios P\u00fablicos Federales<\/h3>\r\n<p>Los beneficios p\u00fablicos federales con verificaci\u00f3n de recursos (dinero que una persona recibe porque tiene bajos ingresos) incluyen:<\/p>\r\n<ul>\r\n<li>Cupones de alimentos<\/li>\r\n<li>Seguro de enfermedad<\/li>\r\n<li>Seguridad de Ingreso Suplementario (SSI)<\/li>\r\n<li>Asistencia Temporal para Familias Necesitadas (TANF)<\/li>\r\n<li>Programa Estatal de Seguro M\u00e9dico para Ni\u00f1os (SCHIP)<\/li>\r\n<\/ul>\r\n<p>Relacionado: <a href=\"https:\/\/gldlaw.com\/guide-to-adjustment-of-status-for-u-s-immigration\/\">La gu\u00eda completa para el ajuste de estatus<\/a><\/p>\r\n<h3>Beneficios p\u00fablicos estatales<\/h3>\r\n<p>Cada estado puede determinar cu\u00e1les de sus propios beneficios (si los hay) est\u00e1n sujetos a prueba de recursos. Si un estado determina que tiene dichos programas, puede averiguar cu\u00e1les son en la oficina de asistencia p\u00fablica del estado.<\/p>\r\n<h3>Programas que no califican como beneficios de medios probados<\/h3>\r\n<p>Algunos beneficios no cuentan como beneficios con verificaci\u00f3n de recursos, y usarlos no afectar\u00e1 su capacidad para obtener una tarjeta verde. Esos beneficios incluyen:<\/p>\r\n<ul>\r\n<li>Medicaid de emergencia<\/li>\r\n<li>Almuerzos escolares gratuitos y otros servicios provistos bajo las Leyes Nacionales de Almuerzo Escolar y Nutrici\u00f3n Infantil<\/li>\r\n<li>Programas Head Start<\/li>\r\n<li>Inmunizaciones y pruebas, as\u00ed como tratamiento para enfermedades transmisibles.<\/li>\r\n<li>Programas de la Ley de Asociaci\u00f3n para la Capacitaci\u00f3n Laboral<\/li>\r\n<li>Programas con comprobaci\u00f3n de recursos que se rigen por la Ley de Educaci\u00f3n Primaria y Secundaria<\/li>\r\n<li>Alivio de emergencia no monetario a corto plazo<\/li>\r\n<li>Algunas formas de cuidado de crianza o asistencia para la adopci\u00f3n bajo la Ley del Seguro Social<\/li>\r\n<li>Asistencia estudiantil bajo la Ley de Educaci\u00f3n Superior y la Ley del Servicio de Salud P\u00fablica<\/li>\r\n<\/ul>\r\n<h2>Preguntas comunes sobre la declaraci\u00f3n jurada de apoyo<\/h2>\r\n<p>Consulte las preguntas m\u00e1s comunes sobre la Declaraci\u00f3n Jurada de Patrocinio. Si no ve la respuesta que est\u00e1 buscando, llame a nuestra oficina para programar una consulta gratuita, podemos ayudarlo.<\/p>\r\n<h3>\u00bfPuede un abogado presentar el Formulario I-864 (Declaraci\u00f3n jurada de patrocinio econ\u00f3mico) por usted?<\/h3>\r\n<p>Su abogado puede completar y presentar un Formulario I-864 por usted.<\/p>\r\n<h3>\u00bfQui\u00e9n puede patrocinar financieramente a un inmigrante?<\/h3>\r\n<p>Un patrocinador debe:<\/p>\r\n<ul>\r\n<li>Ser ciudadano estadounidense o residente permanente legal que vive en los Estados Unidos<\/li>\r\n<li>Ser mayor de 18 a\u00f1os<\/li>\r\n<li>Ganar al menos el 125 por ciento de las pautas federales de pobreza actuales, a menos que sea un miembro en servicio activo de las fuerzas armadas; en ese caso, deben ganar el 100 por ciento de las pautas federales de pobreza actuales<\/li>\r\n<\/ul>\r\n<h3>\u00bfPor cu\u00e1nto tiempo es v\u00e1lida una declaraci\u00f3n jurada de apoyo?<\/h3>\r\n<p>Una declaraci\u00f3n jurada de apoyo permanece vigente hasta que la persona que est\u00e1 siendo patrocinada se convierta en ciudadano estadounidense por naturalizaci\u00f3n, haya trabajado durante 40 trimestres en los EE. UU. o se mude fuera de los EE. UU. de forma permanente.<\/p>\r\n<p>Si uno de los c\u00f3nyuges muere, el acuerdo ya no es v\u00e1lido. Aparte de esas cuatro instancias, la Declaraci\u00f3n Jurada de Apoyo permanece vigente para siempre y no caduca.<\/p>\r\n<h2>\u00bfNecesita hablar con un abogado sobre los ingresos y una declaraci\u00f3n jurada de respaldo para una tarjeta verde?<\/h2>\r\n<p>Si tiene preguntas sobre los ingresos o la Declaraci\u00f3n jurada de apoyo cuando se trata de obtener una tarjeta verde, es posible que podamos ayudarlo.<\/p>\r\n<p>Llame a nuestra oficina ahora para programar una consulta gratuita con un abogado de inmigraci\u00f3n amable y con experiencia que pueda responder sus preguntas y brindarle la orientaci\u00f3n que necesita.<\/p>\r\n","protected":false},"excerpt":{"rendered":"<p>\u00bfQu\u00e9 es una Declaraci\u00f3n Jurada de Patrocinio (I-864) en Inmigraci\u00f3n? Los inmigrantes que no ganan suficiente dinero para vivir solos no son elegibles para tarjetas de residencia a menos que tengan una Declaraci\u00f3n Jurada de Patrocinio firmada por alguien que sea financieramente capaz de mantenerlos. Esta gu\u00eda explica. \u00bfQu\u00e9 es una declaraci\u00f3n jurada de apoyo?&hellip;<\/p>\n","protected":false},"author":5,"featured_media":0,"parent":3424,"menu_order":0,"comment_status":"closed","ping_status":"closed","template":"","meta":{"_monsterinsights_skip_tracking":false,"_monsterinsights_sitenote_active":false,"_monsterinsights_sitenote_note":"","_monsterinsights_sitenote_category":0,"footnotes":""},"class_list":["post-9179","page","type-page","status-publish","hentry"],"yoast_head":"<!-- This site is optimized with the Yoast SEO plugin v27.5 - https:\/\/yoast.com\/product\/yoast-seo-wordpress\/ -->\n<title>\u00bfQu\u00e9 es Declaraci\u00f3n Jurada Patrocinio I-864 en Inmigraci\u00f3n?<\/title>\n<meta name=\"description\" content=\"Cuando patrocina a un familiar inmigrante, es posible que deba presentar una Declaraci\u00f3n jurada de apoyo (Formulario I-864). Esto es lo que necesita saber.\" \/>\n<meta name=\"robots\" content=\"index, follow, max-snippet:-1, max-image-preview:large, max-video-preview:-1\" \/>\n<link rel=\"canonical\" href=\"https:\/\/gldlaw.com\/es\/inmigracion\/inmigracion-familiar\/jurada-de-patrocinio-i-864\/\" \/>\n<meta property=\"og:locale\" content=\"es_MX\" \/>\n<meta property=\"og:type\" content=\"article\" \/>\n<meta property=\"og:title\" content=\"\u00bfQu\u00e9 es Declaraci\u00f3n Jurada Patrocinio I-864 en Inmigraci\u00f3n?\" \/>\n<meta property=\"og:description\" content=\"Cuando patrocina a un familiar inmigrante, es posible que deba presentar una Declaraci\u00f3n jurada de apoyo (Formulario I-864). Esto es lo que necesita saber.\" \/>\n<meta property=\"og:url\" content=\"https:\/\/gldlaw.com\/es\/inmigracion\/inmigracion-familiar\/jurada-de-patrocinio-i-864\/\" \/>\n<meta property=\"og:site_name\" content=\"Davis &amp; Associates\" \/>\n<meta property=\"article:publisher\" content=\"https:\/\/www.facebook.com\/GLDavisandAssociates\/\" \/>\n<meta property=\"article:modified_time\" content=\"2024-03-08T02:39:20+00:00\" \/>\n<meta property=\"og:image\" content=\"https:\/\/gldlaw.com\/wp-content\/uploads\/2021\/11\/Affidavit-of-support.png\" \/>\n<meta name=\"twitter:card\" content=\"summary_large_image\" \/>\n<meta name=\"twitter:site\" content=\"@GLD_Law\" \/>\n<meta name=\"twitter:label1\" content=\"Tiempo de lectura\" \/>\n\t<meta name=\"twitter:data1\" content=\"7 minutos\" \/>\n<script type=\"application\/ld+json\" class=\"yoast-schema-graph\">{\"@context\":\"https:\\\/\\\/schema.org\",\"@graph\":[{\"@type\":\"WebPage\",\"@id\":\"https:\\\/\\\/gldlaw.com\\\/es\\\/inmigracion\\\/inmigracion-familiar\\\/jurada-de-patrocinio-i-864\\\/\",\"url\":\"https:\\\/\\\/gldlaw.com\\\/es\\\/inmigracion\\\/inmigracion-familiar\\\/jurada-de-patrocinio-i-864\\\/\",\"name\":\"\u00bfQu\u00e9 es Declaraci\u00f3n Jurada Patrocinio I-864 en Inmigraci\u00f3n?\",\"isPartOf\":{\"@id\":\"https:\\\/\\\/gldlaw.com\\\/es\\\/#website\"},\"primaryImageOfPage\":{\"@id\":\"https:\\\/\\\/gldlaw.com\\\/es\\\/inmigracion\\\/inmigracion-familiar\\\/jurada-de-patrocinio-i-864\\\/#primaryimage\"},\"image\":{\"@id\":\"https:\\\/\\\/gldlaw.com\\\/es\\\/inmigracion\\\/inmigracion-familiar\\\/jurada-de-patrocinio-i-864\\\/#primaryimage\"},\"thumbnailUrl\":\"https:\\\/\\\/gldlaw.com\\\/wp-content\\\/uploads\\\/2021\\\/11\\\/Affidavit-of-support.png\",\"datePublished\":\"2021-11-19T06:40:19+00:00\",\"dateModified\":\"2024-03-08T02:39:20+00:00\",\"description\":\"Cuando patrocina a un familiar inmigrante, es posible que deba presentar una Declaraci\u00f3n jurada de apoyo (Formulario I-864). Esto es lo que necesita saber.\",\"breadcrumb\":{\"@id\":\"https:\\\/\\\/gldlaw.com\\\/es\\\/inmigracion\\\/inmigracion-familiar\\\/jurada-de-patrocinio-i-864\\\/#breadcrumb\"},\"inLanguage\":\"es\",\"potentialAction\":[{\"@type\":\"ReadAction\",\"target\":[\"https:\\\/\\\/gldlaw.com\\\/es\\\/inmigracion\\\/inmigracion-familiar\\\/jurada-de-patrocinio-i-864\\\/\"]}]},{\"@type\":\"ImageObject\",\"inLanguage\":\"es\",\"@id\":\"https:\\\/\\\/gldlaw.com\\\/es\\\/inmigracion\\\/inmigracion-familiar\\\/jurada-de-patrocinio-i-864\\\/#primaryimage\",\"url\":\"https:\\\/\\\/gldlaw.com\\\/wp-content\\\/uploads\\\/2021\\\/11\\\/Affidavit-of-support.png\",\"contentUrl\":\"https:\\\/\\\/gldlaw.com\\\/wp-content\\\/uploads\\\/2021\\\/11\\\/Affidavit-of-support.png\"},{\"@type\":\"BreadcrumbList\",\"@id\":\"https:\\\/\\\/gldlaw.com\\\/es\\\/inmigracion\\\/inmigracion-familiar\\\/jurada-de-patrocinio-i-864\\\/#breadcrumb\",\"itemListElement\":[{\"@type\":\"ListItem\",\"position\":1,\"name\":\"Home\",\"item\":\"https:\\\/\\\/gldlaw.com\\\/es\\\/\"},{\"@type\":\"ListItem\",\"position\":2,\"name\":\"Areas de Pr\u00e1ctica\",\"item\":\"https:\\\/\\\/gldlaw.com\\\/es\\\/inmigracion\\\/\"},{\"@type\":\"ListItem\",\"position\":3,\"name\":\"Inmigraci\u00f3n Familiar\",\"item\":\"https:\\\/\\\/gldlaw.com\\\/es\\\/inmigracion\\\/inmigracion-familiar\\\/\"},{\"@type\":\"ListItem\",\"position\":4,\"name\":\"\u00bfQu\u00e9 es una Declaraci\u00f3n Jurada de Patrocinio (I-864) en Inmigraci\u00f3n?\"}]},{\"@type\":\"WebSite\",\"@id\":\"https:\\\/\\\/gldlaw.com\\\/es\\\/#website\",\"url\":\"https:\\\/\\\/gldlaw.com\\\/es\\\/\",\"name\":\"Davis &amp; Associates\",\"description\":\"Dallas \\\/ Fort Worth Immigration Attorney\",\"potentialAction\":[{\"@type\":\"SearchAction\",\"target\":{\"@type\":\"EntryPoint\",\"urlTemplate\":\"https:\\\/\\\/gldlaw.com\\\/es\\\/?s={search_term_string}\"},\"query-input\":{\"@type\":\"PropertyValueSpecification\",\"valueRequired\":true,\"valueName\":\"search_term_string\"}}],\"inLanguage\":\"es\"}]}<\/script>\n<!-- \/ Yoast SEO plugin. -->","yoast_head_json":{"title":"\u00bfQu\u00e9 es Declaraci\u00f3n Jurada Patrocinio I-864 en Inmigraci\u00f3n?","description":"Cuando patrocina a un familiar inmigrante, es posible que deba presentar una Declaraci\u00f3n jurada de apoyo (Formulario I-864). Esto es lo que necesita saber.","robots":{"index":"index","follow":"follow","max-snippet":"max-snippet:-1","max-image-preview":"max-image-preview:large","max-video-preview":"max-video-preview:-1"},"canonical":"https:\/\/gldlaw.com\/es\/inmigracion\/inmigracion-familiar\/jurada-de-patrocinio-i-864\/","og_locale":"es_MX","og_type":"article","og_title":"\u00bfQu\u00e9 es Declaraci\u00f3n Jurada Patrocinio I-864 en Inmigraci\u00f3n?","og_description":"Cuando patrocina a un familiar inmigrante, es posible que deba presentar una Declaraci\u00f3n jurada de apoyo (Formulario I-864). Esto es lo que necesita saber.","og_url":"https:\/\/gldlaw.com\/es\/inmigracion\/inmigracion-familiar\/jurada-de-patrocinio-i-864\/","og_site_name":"Davis &amp; Associates","article_publisher":"https:\/\/www.facebook.com\/GLDavisandAssociates\/","article_modified_time":"2024-03-08T02:39:20+00:00","og_image":[{"url":"https:\/\/gldlaw.com\/wp-content\/uploads\/2021\/11\/Affidavit-of-support.png","type":"","width":"","height":""}],"twitter_card":"summary_large_image","twitter_site":"@GLD_Law","twitter_misc":{"Tiempo de lectura":"7 minutos"},"schema":{"@context":"https:\/\/schema.org","@graph":[{"@type":"WebPage","@id":"https:\/\/gldlaw.com\/es\/inmigracion\/inmigracion-familiar\/jurada-de-patrocinio-i-864\/","url":"https:\/\/gldlaw.com\/es\/inmigracion\/inmigracion-familiar\/jurada-de-patrocinio-i-864\/","name":"\u00bfQu\u00e9 es Declaraci\u00f3n Jurada Patrocinio I-864 en Inmigraci\u00f3n?","isPartOf":{"@id":"https:\/\/gldlaw.com\/es\/#website"},"primaryImageOfPage":{"@id":"https:\/\/gldlaw.com\/es\/inmigracion\/inmigracion-familiar\/jurada-de-patrocinio-i-864\/#primaryimage"},"image":{"@id":"https:\/\/gldlaw.com\/es\/inmigracion\/inmigracion-familiar\/jurada-de-patrocinio-i-864\/#primaryimage"},"thumbnailUrl":"https:\/\/gldlaw.com\/wp-content\/uploads\/2021\/11\/Affidavit-of-support.png","datePublished":"2021-11-19T06:40:19+00:00","dateModified":"2024-03-08T02:39:20+00:00","description":"Cuando patrocina a un familiar inmigrante, es posible que deba presentar una Declaraci\u00f3n jurada de apoyo (Formulario I-864). Esto es lo que necesita saber.","breadcrumb":{"@id":"https:\/\/gldlaw.com\/es\/inmigracion\/inmigracion-familiar\/jurada-de-patrocinio-i-864\/#breadcrumb"},"inLanguage":"es","potentialAction":[{"@type":"ReadAction","target":["https:\/\/gldlaw.com\/es\/inmigracion\/inmigracion-familiar\/jurada-de-patrocinio-i-864\/"]}]},{"@type":"ImageObject","inLanguage":"es","@id":"https:\/\/gldlaw.com\/es\/inmigracion\/inmigracion-familiar\/jurada-de-patrocinio-i-864\/#primaryimage","url":"https:\/\/gldlaw.com\/wp-content\/uploads\/2021\/11\/Affidavit-of-support.png","contentUrl":"https:\/\/gldlaw.com\/wp-content\/uploads\/2021\/11\/Affidavit-of-support.png"},{"@type":"BreadcrumbList","@id":"https:\/\/gldlaw.com\/es\/inmigracion\/inmigracion-familiar\/jurada-de-patrocinio-i-864\/#breadcrumb","itemListElement":[{"@type":"ListItem","position":1,"name":"Home","item":"https:\/\/gldlaw.com\/es\/"},{"@type":"ListItem","position":2,"name":"Areas de Pr\u00e1ctica","item":"https:\/\/gldlaw.com\/es\/inmigracion\/"},{"@type":"ListItem","position":3,"name":"Inmigraci\u00f3n Familiar","item":"https:\/\/gldlaw.com\/es\/inmigracion\/inmigracion-familiar\/"},{"@type":"ListItem","position":4,"name":"\u00bfQu\u00e9 es una Declaraci\u00f3n Jurada de Patrocinio (I-864) en Inmigraci\u00f3n?"}]},{"@type":"WebSite","@id":"https:\/\/gldlaw.com\/es\/#website","url":"https:\/\/gldlaw.com\/es\/","name":"Davis &amp; Associates","description":"Dallas \/ Fort Worth Immigration Attorney","potentialAction":[{"@type":"SearchAction","target":{"@type":"EntryPoint","urlTemplate":"https:\/\/gldlaw.com\/es\/?s={search_term_string}"},"query-input":{"@type":"PropertyValueSpecification","valueRequired":true,"valueName":"search_term_string"}}],"inLanguage":"es"}]}},"_links":{"self":[{"href":"https:\/\/gldlaw.com\/es\/wp-json\/wp\/v2\/pages\/9179","targetHints":{"allow":["GET"]}}],"collection":[{"href":"https:\/\/gldlaw.com\/es\/wp-json\/wp\/v2\/pages"}],"about":[{"href":"https:\/\/gldlaw.com\/es\/wp-json\/wp\/v2\/types\/page"}],"author":[{"embeddable":true,"href":"https:\/\/gldlaw.com\/es\/wp-json\/wp\/v2\/users\/5"}],"replies":[{"embeddable":true,"href":"https:\/\/gldlaw.com\/es\/wp-json\/wp\/v2\/comments?post=9179"}],"version-history":[{"count":3,"href":"https:\/\/gldlaw.com\/es\/wp-json\/wp\/v2\/pages\/9179\/revisions"}],"predecessor-version":[{"id":9182,"href":"https:\/\/gldlaw.com\/es\/wp-json\/wp\/v2\/pages\/9179\/revisions\/9182"}],"up":[{"embeddable":true,"href":"https:\/\/gldlaw.com\/es\/wp-json\/wp\/v2\/pages\/3424"}],"wp:attachment":[{"href":"https:\/\/gldlaw.com\/es\/wp-json\/wp\/v2\/media?parent=9179"}],"curies":[{"name":"wp","href":"https:\/\/api.w.org\/{rel}","templated":true}]}}