{"id":9282,"date":"2022-03-22T14:21:29","date_gmt":"2022-03-22T19:21:29","guid":{"rendered":"https:\/\/gldlaw.com\/inmigracion\/tarjeta-verdes\/green-card-documentation\/"},"modified":"2024-06-06T10:24:34","modified_gmt":"2024-06-06T15:24:34","slug":"green-card-documentation","status":"publish","type":"page","link":"https:\/\/gldlaw.com\/es\/inmigracion\/tarjeta-verdes\/green-card-documentation\/","title":{"rendered":"\u00bfQu\u00e9 Documentaci\u00f3n Necesita Antes De Solicitar Una Tarjeta Verde?"},"content":{"rendered":"\r\n<h1>\u00bfQu\u00e9 Documentaci\u00f3n Necesita Antes De Solicitar Una Tarjeta Verde?<\/h1>\r\n<p>Si est\u00e1 solicitando una tarjeta verde, necesitar\u00e1 varios tipos de documentos para probar su caso ante el Servicio de Ciudadan\u00eda e Inmigraci\u00f3n de los Estados Unidos, o USCIS. Esta gu\u00eda los explica todos.<\/p>\r\n<h2>Documentos que necesita antes de solicitar una tarjeta verde<\/h2>\r\n<p>Es posible que no necesite todos estos documentos (por ejemplo, no necesitar\u00e1 un certificado de matrimonio si est\u00e1 solicitando como inversionista inmigrante, y no necesitar\u00e1 prueba de una oferta de empleo si est\u00e1 solicitando una tarjeta verde basada en el matrimonio). Sin embargo, esta lista lo ayudar\u00e1 a comenzar a recopilar la documentaci\u00f3n correcta para su solicitud de tarjeta verde de USCIS:<\/p>\r\n<p><img loading=\"lazy\" decoding=\"async\" title=\"Documents You Need Before You Apply for a Green Card\" src=\"https:\/\/gldlaw.com\/wp-content\/uploads\/2022\/03\/Documents-You-Need-Before-You-Apply-for-a-Green-Card.png\" alt=\"Documents You Need Before You Apply for a Green Card\" width=\"1200\" height=\"630\" \/><\/p>\r\n<ul>\r\n<li>Certificado de nacimiento<\/li>\r\n<li>Registros judiciales<\/li>\r\n<li>Visas estadounidenses vigentes o vencidas<\/li>\r\n<li>Certificado de defunci\u00f3n del ex c\u00f3nyuge<\/li>\r\n<li>Sentencia de divorcio<\/li>\r\n<li>Documentos financieros<\/li>\r\n<li>Registros de violaci\u00f3n de inmigraci\u00f3n<\/li>\r\n<li>Certificado de matrimonio<\/li>\r\n<li>Documentos de examen m\u00e9dico<\/li>\r\n<li>Registros militares<\/li>\r\n<li>Certificado de autorizaci\u00f3n policial<\/li>\r\n<li>Antecedentes policiales<\/li>\r\n<li>Registros penitenciarios<\/li>\r\n<li>Prueba de un matrimonio de buena fe<\/li>\r\n<li>Comprobante de fondos para una inversi\u00f3n<\/li>\r\n<li>Prueba de entrada legal a los Estados Unidos<\/li>\r\n<li>Prueba de su estado migratorio actual<\/li>\r\n<li>Prueba de la ciudadan\u00eda estadounidense o el estatus de residente permanente legal de su patrocinador<\/li>\r\n<li>Pasaporte v\u00e1lido<\/li>\r\n<\/ul>\r\n<p><strong><em>Relacionado: <\/em><\/strong><a href=\"https:\/\/gldlaw.com\/es\/que-esperar-en-su-entrevista-de-tarjeta-verde\/\"><strong><em>\u00bfQu\u00e9 sucede en una entrevista de tarjeta verde?<\/em><\/strong><\/a><\/p>\r\n<h2><a href=\"https:\/\/gldlaw.com\/es\/contacto\/\">Haga Clic Hoy Para Su Consulta Gratis \u00bb<\/a><\/h2>\r\n<p><a role=\"button\" href=\"https:\/\/gldlaw.com\/es\/contacto\/\" target=\"_self\" rel=\"noopener\"> Oprima Aqu\u00ed <\/a><\/p>\r\n<h3><img loading=\"lazy\" decoding=\"async\" src=\"https:\/\/gldlaw.com\/wp-content\/uploads\/2022\/03\/Documents-To-Apply-for-a-Green-Card-Davis-Associates.png\" alt=\"Documents You Need Before You Apply for a Green Card\" width=\"500\" height=\"375\" \/><\/h3>\r\n<h3>Una palabra sobre la traducci\u00f3n de documentos<\/h3>\r\n<p>Si tiene documentos en idiomas extranjeros, es su responsabilidad traducirlos al ingl\u00e9s antes de enviarlos a USCIS. Por ejemplo, un certificado de nacimiento extranjero debe traducirse al ingl\u00e9s antes de que USCIS lo considere una parte v\u00e1lida de su petici\u00f3n. Adem\u00e1s, cualquier traducci\u00f3n que env\u00ede tambi\u00e9n debe ir acompa\u00f1ada de una carta de certificaci\u00f3n. Usted, un amigo o familiar, o un servicio de traducci\u00f3n profesional puede traducir todos los documentos que env\u00ede a USCIS. Sin embargo, cualquier persona que traduzca para usted (o para usted, si lo hace usted mismo) debe tener fluidez tanto en ingl\u00e9s como en el idioma en el que est\u00e1 escrito el documento, y la carta de certificaci\u00f3n debe decirlo.<\/p>\r\n<h2>Tipos de prueba para diversas situaciones<\/h2>\r\n<p>En algunos casos, necesita m\u00faltiples tipos diferentes de documentos para proporcionar pruebas suficientes a USCIS. Las siguientes secciones explican lo que constituye una prueba de un matrimonio de buena fe, fondos para una inversi\u00f3n, entrada legal en los Estados Unidos, su estado migratorio actual y la ciudadan\u00eda o el estado legal de residente permanente de su patrocinador.<\/p>\r\n<h3>Prueba de un matrimonio de buena fe<\/h3>\r\n<p>Hay varios documentos que pueden ayudarlo a demostrar a USCIS que est\u00e1 involucrado en un matrimonio genuino. Eso significa mostrarle al gobierno que no se cas\u00f3 simplemente por un beneficio de inmigraci\u00f3n. El funcionario de USCIS a cargo de su caso revisar\u00e1 su documentaci\u00f3n con mucho cuidado para determinar si su matrimonio es genuino, y revisar\u00e1n su solicitud para verificar sus respuestas durante la entrevista. Si el funcionario de USCIS sospecha que usted no est\u00e1 siendo honesto sobre la validez de su matrimonio, su petici\u00f3n podr\u00eda ser denegada.<\/p>\r\n<p>Aqu\u00ed hay una lista de algunos de los documentos y elementos que puede usar para probar la validez de su matrimonio:<\/p>\r\n<ul>\r\n<li>Escritura de propiedad que muestre su nombre y el de su c\u00f3nyuge<\/li>\r\n<li>Documentos hipotecarios que tienen ambos nombres<\/li>\r\n<li>Contratos de arrendamiento o contratos de alquiler con los nombres de ambas partes enumerados<\/li>\r\n<li>Licencias de conducir o tarjetas de identificaci\u00f3n que muestran que comparte una direcci\u00f3n<\/li>\r\n<li>Extractos bancarios de cuentas conjuntas<\/li>\r\n<li>Cheques anulados o cancelados que muestran la misma direcci\u00f3n<\/li>\r\n<li>Facturas de servicios p\u00fablicos compartidas<\/li>\r\n<li>Declaraciones o acuerdos de seguro de propiedad con ambos nombres en la misma direcci\u00f3n<\/li>\r\n<li>Declaraciones de seguro de salud<\/li>\r\n<li>Declaraciones de seguro de vida<\/li>\r\n<li>Documentos de p\u00f3lizas de seguro de vida que se enumeran entre s\u00ed como beneficiarios<\/li>\r\n<li>Declaraciones juradas de amigos y otras personas que te conocen y pueden dar fe de que viven juntos<\/li>\r\n<li>Correspondencia de amigos y familiares que muestran que vives en la misma direcci\u00f3n<\/li>\r\n<li>Certificados de nacimiento que tienen sus dos nombres en ellos<\/li>\r\n<li>Certificados de adopci\u00f3n que tienen sus dos nombres en ellos<\/li>\r\n<li>Evidencia de relaciones con hijastros, como registros escolares, fotos e itinerarios de vacaciones<\/li>\r\n<li>Registros m\u00e9dicos que evidencian un embarazo en curso<\/li>\r\n<li>Evidencia que muestra a un padre no relacionado (usted o su c\u00f3nyuge) como contacto de emergencia en las escuelas de ni\u00f1os o consultorios m\u00e9dicos<\/li>\r\n<\/ul>\r\n<p><strong><em>Relacionado: <\/em><\/strong><a href=\"https:\/\/gldlaw.com\/es\/inmigracion\/inmigracion-familiar\/matrimonio-con-tarjeta-verde\/\"><strong><em>La gu\u00eda definitiva de matrimonio de tarjeta verde<\/em><\/strong><\/a><\/p>\r\n<h3>Prueba de fondos para una inversi\u00f3n<\/h3>\r\n<p>En general, deber\u00e1 proporcionar una prueba de los fondos para una inversi\u00f3n en una empresa estadounidense si est\u00e1 tratando de obtener una tarjeta verde sobre la base del esp\u00edritu empresarial. Puede hacerlo enviando estados de cuenta bancarios, documentos fiscales y otra informaci\u00f3n financiera. Su abogado puede hacerle saber exactamente lo que el gobierno de los Estados Unidos necesita de usted para procesar su solicitud.<\/p>\r\n<p><strong><em>Relacionado: <\/em><\/strong><a href=\"https:\/\/gldlaw.com\/immigration\/business-immigration\/eb-5-investor-visa\/\"><strong><em>Tarjetas verdes de inversionista: la gu\u00eda definitiva para EB5<\/em><\/strong><\/a><\/p>\r\n<p>&nbsp;<\/p>\r\n<h2><a href=\"https:\/\/gldlaw.com\/es\/contacto\/\">Haga Clic Hoy Para Su Consulta Gratis \u00bb<\/a><\/h2>\r\n<p><a role=\"button\" href=\"https:\/\/gldlaw.com\/es\/contacto\/\" target=\"_self\" rel=\"noopener\"> Oprima Aqu\u00ed <\/a><\/p>\r\n<h3>Prueba de entrada legal a los Estados Unidos<\/h3>\r\n<p>Puede probar la entrada legal a los Estados Unidos mostrando una copia de su registro de viaje I-94. El I-94 es un documento que usted recibe de un oficial de Aduanas y Protecci\u00f3n Fronteriza de los Estados Unidos despu\u00e9s de la \u00a0inspecci\u00f3n cuando ingresa a united States a trav\u00e9s de un puerto de entrada legal. Tambi\u00e9n puede mostrar su p\u00e1gina de pasaporte con su sello de admisi\u00f3n o <a href=\"https:\/\/gldlaw.com\/immigration\/humanitarian-parole\/\"  data-wpil-monitor-id=\"49\">libertad condicional<\/a>, una p\u00e1gina de pasaporte que muestre su visa de no inmigrante o, si es de M\u00e9xico, su tarjeta de cruce fronterizo. Es posible que deba acompa\u00f1ar estos documentos con la declaraci\u00f3n que indique la fecha en que ingres\u00f3 a United States, d\u00f3nde ingres\u00f3 y las circunstancias que rodearon su entrada. Su abogado puede darle art\u00edculos m\u00e1s espec\u00edficos si no tiene prueba de entrada legal a los Estados Unidos.<\/p>\r\n<h3>Prueba de su estado migratorio actual<\/h3>\r\n<p>Puede verificar su estado migratorio actual con una serie de documentos, incluido un permiso de reingreso, un documento de viaje de refugiado, un documento de autorizaci\u00f3n de empleo o un n\u00famero de registro de extranjero. Su abogado puede proporcionarle la documentaci\u00f3n apropiada para probar su estado migratorio actual en United States.<\/p>\r\n<h3>Prueba de la ciudadan\u00eda de su patrocinador o del estatus de residente permanente legal<\/h3>\r\n<p>Puede probar la ciudadan\u00eda de su patrocinador con un certificado de nacimiento o pasaporte o probar el estatus de residente permanente legal con una copia de la tarjeta verde de su patrocinador. Su abogado puede ayudarlo a brindarle orientaci\u00f3n sobre la documentaci\u00f3n adecuada para este requisito.<\/p>\r\n<h2>\u00bfQu\u00e9 pasa si su c\u00f3nyuge ha fallecido o est\u00e1 divorciado, pero est\u00e1 solicitando una tarjeta verde basada en el matrimonio?<\/h2>\r\n<p>Si su c\u00f3nyuge ha fallecido pero est\u00e1 solicitando una tarjeta verde basada en el matrimonio, a\u00fan deber\u00e1 demostrar que estaba casado y que su c\u00f3nyuge era ciudadano estadounidense o residente permanente legal. Eso puede incluir su certificado de matrimonio y un certificado de defunci\u00f3n.<\/p>\r\n<p>Del mismo modo, en circunstancias limitadas, las personas que est\u00e1n divorciadas de sus c\u00f3nyuges a\u00fan pueden solicitar tarjetas verdes basadas en el matrimonio; si esa es su situaci\u00f3n, deber\u00e1 proporcionar toda la documentaci\u00f3n necesaria para demostrar que estuvo involucrado en un matrimonio de buena fe y que actualmente est\u00e1 divorciado. Estas son dos situaciones raras, por lo que si cualquiera de las dos se aplica a usted, debe hablar con un abogado de inmigraci\u00f3n.<\/p>\r\n<p><strong><em>Relacionado: <\/em><\/strong><a href=\"https:\/\/gldlaw.com\/es\/preguntas-frecuentes-sobre-inmigracion\/\"><strong><em>Preguntas frecuentes sobre inmigraci\u00f3n en los Estados Unidos<\/em><\/strong><\/a><\/p>\r\n<h2>Tipos de tarjetas verdes que requieren documentaci\u00f3n diferente<\/h2>\r\n<p>Los siguientes son los diversos tipos de peticiones de tarjeta verde que pueden requerir documentaci\u00f3n diferente. Si no est\u00e1 seguro de qu\u00e9 documentos necesitar\u00e1 para respaldar su petici\u00f3n, debe hablar con su abogado de inmigraci\u00f3n: su abogado puede brindarle la orientaci\u00f3n que necesita.<\/p>\r\n<ul>\r\n<li>Petici\u00f3n de Familiar Extranjero. <em>Este es el tipo m\u00e1s com\u00fan de petici\u00f3n de tarjeta verde.<\/em><\/li>\r\n<li>Petici\u00f3n de Inmigrante para Trabajador Extranjero<\/li>\r\n<li>Petici\u00f3n de Familiar Refugiado\/Asilado<\/li>\r\n<li>Solicitud de asilo y retenci\u00f3n de expulsi\u00f3n<\/li>\r\n<li>Petici\u00f3n para Amerasiano, Viudo(a) o Inmigrante Especial<\/li>\r\n<li>Petici\u00f3n de Inmigrante por Empresario Extranjero<\/li>\r\n<li>Petici\u00f3n de Estatus de No Inmigrante U<\/li>\r\n<li>Petici\u00f3n para un familiar calificado de un no inmigrante U-1<\/li>\r\n<\/ul>\r\n<h3>\u00bfC\u00f3mo saber qu\u00e9 documentos presentar?<\/h3>\r\n<p>Su abogado puede decirle qu\u00e9 documentos debe presentar seg\u00fan el tipo de petici\u00f3n que est\u00e9 presentando. Por ejemplo, si est\u00e1 buscando una tarjeta verde basada en el matrimonio, necesitar\u00e1 un conjunto espec\u00edfico de documentos y pruebas para demostrar a USCIS que est\u00e1 involucrado en un matrimonio genuino (genuino). Del mismo modo, si usted es un inversionista, necesitar\u00e1 documentos financieros espec\u00edficos para mostrarle a USCIS c\u00f3mo se qualifica para hacer una inversi\u00f3n.<\/p>\r\n<p><strong><em>Relacionado: <\/em><\/strong><a href=\"https:\/\/gldlaw.com\/guide-to-adjustment-of-status-for-u-s-immigration\/\"><strong><em>Gu\u00eda para el ajuste de estatus en los EE. UU.<\/em><\/strong><\/a><\/p>\r\n<p><img loading=\"lazy\" decoding=\"async\" src=\"https:\/\/gldlaw.com\/wp-content\/uploads\/2021\/10\/Request-A-Free-Consultation-Today.png\" alt=\"Request A Free Consultation Today\" width=\"501\" height=\"263\" \/><\/p>\r\n<h2>\u00bfNecesita hablar con un abogado sobre la documentaci\u00f3n para una tarjeta verde?<\/h2>\r\n<p>Si no est\u00e1 seguro de qu\u00e9 documentos necesita proporcionar, o qu\u00e9 documentos cumplir\u00e1n con los requisitos de USCIS, estamos aqu\u00ed para ayudarlo. Llame a nuestra oficina o cont\u00e1ctenos en l\u00ednea ahora para programar su consulta gratuita con un abogado de inmigraci\u00f3n experimentado, atento y comprometido que puede ponerlo en el camino correcto.<\/p>\r\n<h2><a href=\"https:\/\/gldlaw.com\/es\/contacto\/\">Haga Clic Hoy Para Su Consulta Gratis \u00bb<\/a><\/h2>\r\n<p><a role=\"button\" href=\"https:\/\/gldlaw.com\/es\/contacto\/\" target=\"_self\" rel=\"noopener\"> Oprima Aqu\u00ed <\/a><\/p>\r\n","protected":false},"excerpt":{"rendered":"<p>\u00bfQu\u00e9 Documentaci\u00f3n Necesita Antes De Solicitar Una Tarjeta Verde? Si est\u00e1 solicitando una tarjeta verde, necesitar\u00e1 varios tipos de documentos para probar su caso ante el Servicio de Ciudadan\u00eda e Inmigraci\u00f3n de los Estados Unidos, o USCIS. Esta gu\u00eda los explica todos. Documentos que necesita antes de solicitar una tarjeta verde Es posible que no&hellip;<\/p>\n","protected":false},"author":5,"featured_media":0,"parent":5460,"menu_order":0,"comment_status":"closed","ping_status":"closed","template":"","meta":{"_monsterinsights_skip_tracking":false,"_monsterinsights_sitenote_active":false,"_monsterinsights_sitenote_note":"","_monsterinsights_sitenote_category":0,"footnotes":""},"class_list":["post-9282","page","type-page","status-publish","hentry"],"yoast_head":"<!-- This site is optimized with the Yoast SEO plugin v27.5 - https:\/\/yoast.com\/product\/yoast-seo-wordpress\/ -->\n<title>\u00bfQu\u00e9 Documentaci\u00f3n Necesita Antes De Solicitar Una Tarjeta Verde? - GLD Law<\/title>\n<meta name=\"description\" content=\"\u00bfQu\u00e9 documentos y pruebas necesita para obtener una tarjeta verde en los Estados Unidos? Esta gu\u00eda explica todo lo que necesita para...\" \/>\n<meta name=\"robots\" content=\"index, follow, max-snippet:-1, max-image-preview:large, max-video-preview:-1\" \/>\n<link rel=\"canonical\" href=\"https:\/\/gldlaw.com\/immigration\/green-cards\/green-card-documentation\/\" \/>\n<meta property=\"og:locale\" content=\"es_MX\" \/>\n<meta property=\"og:type\" content=\"article\" \/>\n<meta property=\"og:title\" content=\"\u00bfQu\u00e9 Documentaci\u00f3n Necesita Antes De Solicitar Una Tarjeta Verde? - GLD Law\" \/>\n<meta property=\"og:description\" content=\"\u00bfQu\u00e9 documentos y pruebas necesita para obtener una tarjeta verde en los Estados Unidos? Esta gu\u00eda explica todo lo que necesita para...\" \/>\n<meta property=\"og:url\" content=\"https:\/\/gldlaw.com\/immigration\/green-cards\/green-card-documentation\/\" \/>\n<meta property=\"og:site_name\" content=\"Davis &amp; Associates\" \/>\n<meta property=\"article:publisher\" content=\"https:\/\/www.facebook.com\/GLDavisandAssociates\/\" \/>\n<meta property=\"article:modified_time\" content=\"2024-06-06T15:24:34+00:00\" \/>\n<meta property=\"og:image\" content=\"https:\/\/gldlaw.com\/wp-content\/uploads\/2022\/03\/Documents-You-Need-Before-You-Apply-for-a-Green-Card.png\" \/>\n<meta name=\"twitter:card\" content=\"summary_large_image\" \/>\n<meta name=\"twitter:site\" content=\"@GLD_Law\" \/>\n<meta name=\"twitter:label1\" content=\"Tiempo de lectura\" \/>\n\t<meta name=\"twitter:data1\" content=\"8 minutos\" \/>\n<script type=\"application\/ld+json\" class=\"yoast-schema-graph\">{\"@context\":\"https:\\\/\\\/schema.org\",\"@graph\":[{\"@type\":\"WebPage\",\"@id\":\"https:\\\/\\\/gldlaw.com\\\/immigration\\\/green-cards\\\/green-card-documentation\\\/\",\"url\":\"https:\\\/\\\/gldlaw.com\\\/immigration\\\/green-cards\\\/green-card-documentation\\\/\",\"name\":\"\u00bfQu\u00e9 Documentaci\u00f3n Necesita Antes De Solicitar Una Tarjeta Verde? - GLD Law\",\"isPartOf\":{\"@id\":\"https:\\\/\\\/gldlaw.com\\\/es\\\/#website\"},\"primaryImageOfPage\":{\"@id\":\"https:\\\/\\\/gldlaw.com\\\/immigration\\\/green-cards\\\/green-card-documentation\\\/#primaryimage\"},\"image\":{\"@id\":\"https:\\\/\\\/gldlaw.com\\\/immigration\\\/green-cards\\\/green-card-documentation\\\/#primaryimage\"},\"thumbnailUrl\":\"https:\\\/\\\/gldlaw.com\\\/wp-content\\\/uploads\\\/2022\\\/03\\\/Documents-You-Need-Before-You-Apply-for-a-Green-Card.png\",\"datePublished\":\"2022-03-22T19:21:29+00:00\",\"dateModified\":\"2024-06-06T15:24:34+00:00\",\"description\":\"\u00bfQu\u00e9 documentos y pruebas necesita para obtener una tarjeta verde en los Estados Unidos? Esta gu\u00eda explica todo lo que necesita para...\",\"breadcrumb\":{\"@id\":\"https:\\\/\\\/gldlaw.com\\\/immigration\\\/green-cards\\\/green-card-documentation\\\/#breadcrumb\"},\"inLanguage\":\"es\",\"potentialAction\":[{\"@type\":\"ReadAction\",\"target\":[\"https:\\\/\\\/gldlaw.com\\\/immigration\\\/green-cards\\\/green-card-documentation\\\/\"]}]},{\"@type\":\"ImageObject\",\"inLanguage\":\"es\",\"@id\":\"https:\\\/\\\/gldlaw.com\\\/immigration\\\/green-cards\\\/green-card-documentation\\\/#primaryimage\",\"url\":\"https:\\\/\\\/gldlaw.com\\\/wp-content\\\/uploads\\\/2022\\\/03\\\/Documents-You-Need-Before-You-Apply-for-a-Green-Card.png\",\"contentUrl\":\"https:\\\/\\\/gldlaw.com\\\/wp-content\\\/uploads\\\/2022\\\/03\\\/Documents-You-Need-Before-You-Apply-for-a-Green-Card.png\"},{\"@type\":\"BreadcrumbList\",\"@id\":\"https:\\\/\\\/gldlaw.com\\\/immigration\\\/green-cards\\\/green-card-documentation\\\/#breadcrumb\",\"itemListElement\":[{\"@type\":\"ListItem\",\"position\":1,\"name\":\"Home\",\"item\":\"https:\\\/\\\/gldlaw.com\\\/es\\\/\"},{\"@type\":\"ListItem\",\"position\":2,\"name\":\"Areas de Pr\u00e1ctica\",\"item\":\"https:\\\/\\\/gldlaw.com\\\/es\\\/inmigracion\\\/\"},{\"@type\":\"ListItem\",\"position\":3,\"name\":\"Tarjeta Verdes\",\"item\":\"https:\\\/\\\/gldlaw.com\\\/es\\\/inmigracion\\\/tarjeta-verdes\\\/\"},{\"@type\":\"ListItem\",\"position\":4,\"name\":\"\u00bfQu\u00e9 Documentaci\u00f3n Necesita Antes De Solicitar Una Tarjeta Verde?\"}]},{\"@type\":\"WebSite\",\"@id\":\"https:\\\/\\\/gldlaw.com\\\/es\\\/#website\",\"url\":\"https:\\\/\\\/gldlaw.com\\\/es\\\/\",\"name\":\"Davis &amp; Associates\",\"description\":\"Dallas \\\/ Fort Worth Immigration Attorney\",\"potentialAction\":[{\"@type\":\"SearchAction\",\"target\":{\"@type\":\"EntryPoint\",\"urlTemplate\":\"https:\\\/\\\/gldlaw.com\\\/es\\\/?s={search_term_string}\"},\"query-input\":{\"@type\":\"PropertyValueSpecification\",\"valueRequired\":true,\"valueName\":\"search_term_string\"}}],\"inLanguage\":\"es\"}]}<\/script>\n<!-- \/ Yoast SEO plugin. -->","yoast_head_json":{"title":"\u00bfQu\u00e9 Documentaci\u00f3n Necesita Antes De Solicitar Una Tarjeta Verde? - GLD Law","description":"\u00bfQu\u00e9 documentos y pruebas necesita para obtener una tarjeta verde en los Estados Unidos? Esta gu\u00eda explica todo lo que necesita para...","robots":{"index":"index","follow":"follow","max-snippet":"max-snippet:-1","max-image-preview":"max-image-preview:large","max-video-preview":"max-video-preview:-1"},"canonical":"https:\/\/gldlaw.com\/immigration\/green-cards\/green-card-documentation\/","og_locale":"es_MX","og_type":"article","og_title":"\u00bfQu\u00e9 Documentaci\u00f3n Necesita Antes De Solicitar Una Tarjeta Verde? - GLD Law","og_description":"\u00bfQu\u00e9 documentos y pruebas necesita para obtener una tarjeta verde en los Estados Unidos? Esta gu\u00eda explica todo lo que necesita para...","og_url":"https:\/\/gldlaw.com\/immigration\/green-cards\/green-card-documentation\/","og_site_name":"Davis &amp; Associates","article_publisher":"https:\/\/www.facebook.com\/GLDavisandAssociates\/","article_modified_time":"2024-06-06T15:24:34+00:00","og_image":[{"url":"https:\/\/gldlaw.com\/wp-content\/uploads\/2022\/03\/Documents-You-Need-Before-You-Apply-for-a-Green-Card.png","type":"","width":"","height":""}],"twitter_card":"summary_large_image","twitter_site":"@GLD_Law","twitter_misc":{"Tiempo de lectura":"8 minutos"},"schema":{"@context":"https:\/\/schema.org","@graph":[{"@type":"WebPage","@id":"https:\/\/gldlaw.com\/immigration\/green-cards\/green-card-documentation\/","url":"https:\/\/gldlaw.com\/immigration\/green-cards\/green-card-documentation\/","name":"\u00bfQu\u00e9 Documentaci\u00f3n Necesita Antes De Solicitar Una Tarjeta Verde? - GLD Law","isPartOf":{"@id":"https:\/\/gldlaw.com\/es\/#website"},"primaryImageOfPage":{"@id":"https:\/\/gldlaw.com\/immigration\/green-cards\/green-card-documentation\/#primaryimage"},"image":{"@id":"https:\/\/gldlaw.com\/immigration\/green-cards\/green-card-documentation\/#primaryimage"},"thumbnailUrl":"https:\/\/gldlaw.com\/wp-content\/uploads\/2022\/03\/Documents-You-Need-Before-You-Apply-for-a-Green-Card.png","datePublished":"2022-03-22T19:21:29+00:00","dateModified":"2024-06-06T15:24:34+00:00","description":"\u00bfQu\u00e9 documentos y pruebas necesita para obtener una tarjeta verde en los Estados Unidos? Esta gu\u00eda explica todo lo que necesita para...","breadcrumb":{"@id":"https:\/\/gldlaw.com\/immigration\/green-cards\/green-card-documentation\/#breadcrumb"},"inLanguage":"es","potentialAction":[{"@type":"ReadAction","target":["https:\/\/gldlaw.com\/immigration\/green-cards\/green-card-documentation\/"]}]},{"@type":"ImageObject","inLanguage":"es","@id":"https:\/\/gldlaw.com\/immigration\/green-cards\/green-card-documentation\/#primaryimage","url":"https:\/\/gldlaw.com\/wp-content\/uploads\/2022\/03\/Documents-You-Need-Before-You-Apply-for-a-Green-Card.png","contentUrl":"https:\/\/gldlaw.com\/wp-content\/uploads\/2022\/03\/Documents-You-Need-Before-You-Apply-for-a-Green-Card.png"},{"@type":"BreadcrumbList","@id":"https:\/\/gldlaw.com\/immigration\/green-cards\/green-card-documentation\/#breadcrumb","itemListElement":[{"@type":"ListItem","position":1,"name":"Home","item":"https:\/\/gldlaw.com\/es\/"},{"@type":"ListItem","position":2,"name":"Areas de Pr\u00e1ctica","item":"https:\/\/gldlaw.com\/es\/inmigracion\/"},{"@type":"ListItem","position":3,"name":"Tarjeta Verdes","item":"https:\/\/gldlaw.com\/es\/inmigracion\/tarjeta-verdes\/"},{"@type":"ListItem","position":4,"name":"\u00bfQu\u00e9 Documentaci\u00f3n Necesita Antes De Solicitar Una Tarjeta Verde?"}]},{"@type":"WebSite","@id":"https:\/\/gldlaw.com\/es\/#website","url":"https:\/\/gldlaw.com\/es\/","name":"Davis &amp; Associates","description":"Dallas \/ Fort Worth Immigration Attorney","potentialAction":[{"@type":"SearchAction","target":{"@type":"EntryPoint","urlTemplate":"https:\/\/gldlaw.com\/es\/?s={search_term_string}"},"query-input":{"@type":"PropertyValueSpecification","valueRequired":true,"valueName":"search_term_string"}}],"inLanguage":"es"}]}},"_links":{"self":[{"href":"https:\/\/gldlaw.com\/es\/wp-json\/wp\/v2\/pages\/9282","targetHints":{"allow":["GET"]}}],"collection":[{"href":"https:\/\/gldlaw.com\/es\/wp-json\/wp\/v2\/pages"}],"about":[{"href":"https:\/\/gldlaw.com\/es\/wp-json\/wp\/v2\/types\/page"}],"author":[{"embeddable":true,"href":"https:\/\/gldlaw.com\/es\/wp-json\/wp\/v2\/users\/5"}],"replies":[{"embeddable":true,"href":"https:\/\/gldlaw.com\/es\/wp-json\/wp\/v2\/comments?post=9282"}],"version-history":[{"count":5,"href":"https:\/\/gldlaw.com\/es\/wp-json\/wp\/v2\/pages\/9282\/revisions"}],"predecessor-version":[{"id":11096,"href":"https:\/\/gldlaw.com\/es\/wp-json\/wp\/v2\/pages\/9282\/revisions\/11096"}],"up":[{"embeddable":true,"href":"https:\/\/gldlaw.com\/es\/wp-json\/wp\/v2\/pages\/5460"}],"wp:attachment":[{"href":"https:\/\/gldlaw.com\/es\/wp-json\/wp\/v2\/media?parent=9282"}],"curies":[{"name":"wp","href":"https:\/\/api.w.org\/{rel}","templated":true}]}}