{"id":9287,"date":"2022-03-01T10:46:06","date_gmt":"2022-03-01T16:46:06","guid":{"rendered":"https:\/\/gldlaw.com\/inmigracion\/inmigracion-familiar\/form-i-130-for-a-stepchild\/"},"modified":"2025-04-14T11:17:46","modified_gmt":"2025-04-14T16:17:46","slug":"formulario-i-130-para-un-hijastro","status":"publish","type":"page","link":"https:\/\/gldlaw.com\/es\/inmigracion\/inmigracion-familiar\/formulario-i-130-para-un-hijastro\/","title":{"rendered":"Formulario I-130 Para Un Hijastro: Petici\u00f3n Para La Inmigraci\u00f3n De Un Hijastro"},"content":{"rendered":"\n\n\t<h1>Formulario I-130 Para Un Hijastro: Petici\u00f3n Para La Inmigraci\u00f3n De Un Hijastro en Texas<\/h1>\n\t<p>Puede solicitar la inmigraci\u00f3n de su hijastro a los Estados Unidos utilizando el Formulario I-130, Petici\u00f3n para un pariente extranjero.<\/p>\n<p>Sin embargo, deber\u00e1 proporcionar la documentaci\u00f3n adecuada y demostrar que su hijastro califica para venir a los Estados Unidos. Esta gu\u00eda explica.<\/p>\n<h2>Solicitar la inmigraci\u00f3n de un hijastro con el Formulario I-130<\/h2>\n\t\t\t\t<img loading=\"lazy\" decoding=\"async\" src=\"https:\/\/gldlaw.com\/wp-content\/uploads\/2022\/03\/Form-I-130-for-a-Stepchild-Petition-for-a-Stepchilds-Immigration.png\" alt=\"Form I-130 for a Stepchild - Petition for a Stepchild's Immigration\" itemprop=\"image\" height=\"630\" width=\"1200\" title=\"Form I-130 for a Stepchild - Petition for a Stepchild's Immigration\" onerror=\"this.style.display='none'\"  \/>\n\t<p>Es posible solicitar al gobierno de <a href=\"https:\/\/gldlaw.com\/es\/lo-que-debe-saber-sobre-el-estado-de-proteccion-temporal-tps\/\"  data-wpil-monitor-id=\"526\">los Estados Unidos que<\/a> permita que su hijastro venga a los Estados Unidos y obtenga una tarjeta verde. Sin embargo, hay algunas condiciones que su hijastro debe cumplir, y esas dependen de si usted, el peticionario, es ciudadano estadounidense o residente permanente legal.<\/p>\n<p>Es importante tener en cuenta que solo un ciudadano estadounidense o residente permanente legal puede solicitar al gobierno de <a href=\"https:\/\/gldlaw.com\/es\/abogado-de-inmigracion-dallas-explicacion-de-las-nuevas-restricciones-de-prohibicion-de-viajes-en-los-estados-unidos\/\"  data-wpil-monitor-id=\"527\">los Estados Unidos la inmigraci\u00f3n<\/a> de un hijastro. El hijastro no puede pedir por s\u00ed mismo.<\/p>\n<p>Para solicitar al gobierno de los <a href=\"https:\/\/gldlaw.com\/es\/inmigracion\/visa-tn-a-una-tarjeta-verde-de-matrimonio\/\"  data-wpil-monitor-id=\"528\">Estados Unidos una tarjeta verde<\/a> en nombre de su hijastro, necesita el Formulario I-130, Petici\u00f3n para un pariente extranjero. Esta petici\u00f3n es necesaria incluso si adopta a sus hijastros; adoptar a sus hijastros no confiere autom\u00e1ticamente beneficios de inmigraci\u00f3n.<\/p>\n\t<h2><a href=\"https:\/\/gldlaw.com\/es\/contacto\/\">PROGAME SU CONSULTA GRATIS HOY \u00bb<\/a><\/h2>\n\t\t\t<a href=\"https:\/\/gldlaw.com\/es\/contacto\/\" target=\"_self\">\n\t\t\t\t\t\t\tCont\u00e1ctenos\n\t\t\t\t\t<\/a>\n\t<h3><img loading=\"lazy\" decoding=\"async\" src=\"https:\/\/gldlaw.com\/wp-content\/uploads\/2022\/03\/Form-I-130-for-a-Stepchild.png\" alt=\"Form I-130 for a Stepchild\" width=\"501\" height=\"376\" \/><\/h3>\n<h3>Solicitar la inmigraci\u00f3n de un hijastro cuando el ni\u00f1o es menor de 21 a\u00f1os<\/h3>\n<p>Si sus hijastros son menores de 21 a\u00f1os y no est\u00e1n casados, el gobierno de <a href=\"https:\/\/gldlaw.com\/es\/obtener-asilo-politico-en-los-estados-unidos\/\"  data-wpil-monitor-id=\"529\">los Estados Unidos<\/a> los considera sus parientes inmediatos. Debido a que son sus familiares inmediatos, pueden obtener <a href=\"https:\/\/gldlaw.com\/es\/inmigracion\/la-inmigracion-de-negocios\/visa-de-inversionista-eb-5\/\"  data-wpil-monitor-id=\"530\">tarjetas verdes<\/a> de inmediato, sin esperar. Su abogado puede presentar un Formulario I-130 para cada uno de sus hijastros que caen en esta categor\u00eda.<\/p>\n<h3>Solicitar la inmigraci\u00f3n de un hijastro cuando el ni\u00f1o es mayor de 21 a\u00f1os<\/h3>\n<p>Debido a que los hijastros se consideran parientes de un ciudadano estadounidense, pueden calificar <a href=\"https:\/\/gldlaw.com\/es\/3-formas-de-obtener-el-patrocinio-par-la-tarjeta-verde\/\"  data-wpil-monitor-id=\"531\">para venir a los Estados Unidos y obtener tarjetas verdes<\/a>. Sin embargo, si son mayores de 21 a\u00f1os, son adultos y no cuentan como <a href=\"https:\/\/gldlaw.com\/es\/inmigracion\/inmigracion-familiar\/visas-de-pariente-inmediato\/\"  data-wpil-monitor-id=\"532\">parientes inmediatos<\/a>.<\/p>\n<p>Estos hijastros tendr\u00e1n <a href=\"https:\/\/gldlaw.com\/es\/ukraine-us-inmigrar\/\"  data-wpil-monitor-id=\"533\">que inmigrar a los Estados Unidos<\/a> bajo una categor\u00eda de preferencia familiar, lo que significa que deben esperar hasta que una visa est\u00e9 disponible para ellos. En algunos casos, puede tomar a\u00f1os para que <a href=\"https:\/\/gldlaw.com\/es\/inmigrar-los-ee-uu-sin-una-oferta-de-trabajo-sus-opciones-explicadas\/\"  data-wpil-monitor-id=\"534\">una visa de preferencia familiar<\/a> est\u00e9 disponible. Eso significa que si tiene hijastros mayores de 21 a\u00f1os, debe comenzar el proceso de solicitud de visa lo antes posible.<\/p>\n<h3>Solicitar la inmigraci\u00f3n de un hijastro cuando el ni\u00f1o est\u00e1 casado<\/h3>\n<p>Al igual que los hijastros que tienen m\u00e1s de 21 a\u00f1os, los hijastros casados se consideran adultos. Como tal, no califican <a href=\"https:\/\/gldlaw.com\/es\/inmigracion\/vawa\/\"  data-wpil-monitor-id=\"535\">para una visa inmediata o tarjeta verde<\/a>. En su lugar, deben esperar a que una visa de preferencia familiar est\u00e9 disponible.<\/p>\n<h3>Uso del Formulario I-130 cuando sus hijastros viven en los Estados Unidos<\/h3>\n<p>Cuando sus hijastros vivan en los Estados Unidos, su abogado presentar\u00e1 el Formulario I-130 directamente con los Servicios de Ciudadan\u00eda e Inmigraci\u00f3n de los Estados Unidos. USCIS retiene la solicitud durante todo el proceso, y cuando USCIS apruebe la petici\u00f3n, sus hijastros se convertir\u00e1n en residentes permanentes legales y recibir\u00e1n tarjetas verdes. Usted podr\u00e1 hacer un seguimiento del progreso de la petici\u00f3n, al igual que su abogado.<\/p>\n<p><strong>Consejo:<\/strong> Si sus hijastros ya viven en los Estados Unidos, es posible que pueda presentar un ajuste de estatus para ellos. Sin embargo, cada situaci\u00f3n es diferente, y es mejor consultar con un abogado de inmigraci\u00f3n de Texas para obtener asesoramiento legal espec\u00edfico para cada caso.<\/p>\n<h3>Usar el Formulario I-130 cuando sus hijastros residen fuera de los Estados Unidos<\/h3>\n<p>Si sus hijastros residen fuera de los Estados Unidos, su abogado presentar\u00e1 el Formulario I-130 ante USCIS. Sin embargo, despu\u00e9s de que USCIS apruebe la solicitud, la agencia enviar\u00e1 el paquete de solicitud a la embajada o consulado de los Estados Unidos m\u00e1s cercano a sus hijastros. Este proceso se conoce como <em>procesamiento consular<\/em>, y cuando se apruebe, sus hijastros podr\u00e1n venir a los Estados Unidos usando una visa de inmigrante. No se convertir\u00e1n en residentes permanentes legales ni obtendr\u00e1n tarjetas verdes hasta que lleguen a los Estados Unidos.<\/p>\n<h2>La entrevista de la tarjeta verde del hijastro<\/h2>\n<p>Es posible que sus hijastros tengan que participar en una entrevista de tarjeta verde, aunque los ni\u00f1os muy peque\u00f1os generalmente est\u00e1n exentos. Si es necesaria una entrevista de tarjeta verde, el funcionario de USCIS que realiza la entrevista probablemente har\u00e1 las mismas preguntas que le har\u00eda a cualquier otro inmigrante, incluidas las preguntas sobre la admisibilidad. Tambi\u00e9n se les puede pedir que respondan preguntas sobre la edad que ten\u00edan cuando usted y su otro padre se casaron, as\u00ed como otras preguntas relacionadas con la vida familiar.<\/p>\n<h2>Preguntas comunes sobre la petici\u00f3n de inmigraci\u00f3n de un hijastro<\/h2>\n<p>Echa un vistazo a estas preguntas comunes sobre el uso del Formulario I-130 para solicitar la inmigraci\u00f3n de un hijastro. Si no ve la respuesta a su pregunta enumerada aqu\u00ed, llame a nuestra oficina para programar su consulta gratuita. Estaremos encantados de responder a sus preguntas para que pueda comenzar el proceso.<\/p>\n\t<h2><a href=\"https:\/\/gldlaw.com\/es\/contacto\/\">PROGAME SU CONSULTA GRATIS HOY \u00bb<\/a><\/h2>\n\t\t\t<a href=\"https:\/\/gldlaw.com\/es\/contacto\/\" target=\"_self\">\n\t\t\t\t\t\t\tCont\u00e1ctenos\n\t\t\t\t\t<\/a>\n\t<h3>\u00bfCu\u00e1nto tiempo le toma a un ciudadano estadounidense solicitar un hijastro?<\/h3>\n<p>El gobierno de los Estados Unidos puede tardar entre 6 y 19 meses en aprobar una petici\u00f3n para un hijastro. Sin embargo, cada situaci\u00f3n es diferente, y su caso puede procesarse m\u00e1s r\u00e1pido (o m\u00e1s lento) que el promedio.<\/p>\n<p>Si USCIS solicita m\u00e1s informaci\u00f3n, debe hac\u00e9rsela llegar lo antes posible. No apresurar la documentaci\u00f3n a USCIS podr\u00eda retrasar su caso, y si espera demasiado tiempo para responder, USCIS podr\u00eda rechazar la petici\u00f3n por completo. Adem\u00e1s, faltar a las citas (como la entrevista de la tarjeta verde del hijastro) puede retrasar su caso y resultar en el rechazo.<\/p>\n<h3>\u00bfEs un hijastro un pariente inmediato?<\/h3>\n<p>Los hijastros son parientes inmediatos si son menores de 21 a\u00f1os y no est\u00e1n casados. Sin embargo, despu\u00e9s de que los hijastros cumplen 21 a\u00f1os o despu\u00e9s de casarse, ya no se consideran parientes inmediatos para fines de inmigraci\u00f3n. Todav\u00eda pueden presentar una solicitud, pero deben hacerlo en una categor\u00eda diferente.<\/p>\n<p>La raz\u00f3n por la que muchas personas quieren solicitar a sus hijastros como parientes inmediatos es que no hay que esperar para obtener una tarjeta verde. Sin embargo, hay una espera para una tarjeta verde para los parientes no inmediatos que solicitan bajo categor\u00edas de preferencia familiar. Los hijastros adultos deben esperar a que una tarjeta verde est\u00e9 disponible para ellos porque el gobierno de los Estados Unidos solo emite un cierto n\u00famero de visas de preferencia familiar y tarjetas verdes cada a\u00f1o.<\/p>\n<h3>\u00bfPueden los titulares de la tarjeta verde solicitar un hijastro?<\/h3>\n<p>Los titulares de la tarjeta verde (residentes permanentes legales de los Estados Unidos) pueden presentar peticiones de inmigrantes para sus hijastros. Si usted es un residente permanente que desea solicitar por sus hijastros, debe proporcionar prueba de una relaci\u00f3n con su hijastro (as\u00ed como prueba que demuestre su estado migratorio). Su abogado puede ayudarle con el proceso.<\/p>\n<h3>\u00bfTiene que adoptar a su hijastro para presentar un ajuste de estatus o una petici\u00f3n de inmigrante?<\/h3>\n<p>Usted no tiene que adoptar legalmente a su hijastro para presentar <a href=\"https:\/\/gldlaw.com\/immigration\/business-immigration\/us-investor-immigration-guide\/\"  data-wpil-monitor-id=\"410\">un ajuste de estatus o una petici\u00f3n de inmigrante<\/a>.<\/p>\n<h3>\u00bfQu\u00e9 pasa si te casaste con el padre de tu hijastro cuando los ni\u00f1os crecieron?<\/h3>\n<p>Debe haberse casado con el padre de su hijastro antes de que el ni\u00f1o cumpla 18 a\u00f1os para poder solicitar a su hijastro. Si no se cas\u00f3 antes de que su hijastro se convirtiera en adulto, el padre biol\u00f3gico del ni\u00f1o puede solicitarlos, pero solo si el padre biol\u00f3gico del ni\u00f1o es un residente permanente legal o ciudadano estadounidense. En un caso como este, puede ser mejor trabajar con un abogado de inmigraci\u00f3n.<\/p>\n<h2>\u00bfNecesita hablar con un abogado sobre la presentaci\u00f3n de una petici\u00f3n del Formulario I-130 para la inmigraci\u00f3n de un hijastro?<\/h2>\n<p>Si necesita hablar con un abogado sobre la petici\u00f3n al gobierno de los Estados Unidos de una tarjeta verde para su hijastro, estamos aqu\u00ed para ayudarlo. Llame a nuestra oficina ahora para programar su consulta gratuita con un abogado experimentado que pueda darle las respuestas que necesita.<\/p>\n\t<h2><a href=\"https:\/\/gldlaw.com\/es\/contacto\/\">PROGAME SU CONSULTA GRATIS HOY \u00bb<\/a><\/h2>\n\t\t\t<a href=\"https:\/\/gldlaw.com\/es\/contacto\/\" target=\"_self\">\n\t\t\t\t\t\t\tCont\u00e1ctenos\n\t\t\t\t\t<\/a>\n\n","protected":false},"excerpt":{"rendered":"<p>Formulario I-130 Para Un Hijastro: Petici\u00f3n Para La Inmigraci\u00f3n De Un Hijastro en Texas Puede solicitar la inmigraci\u00f3n de su hijastro a los Estados Unidos utilizando el Formulario I-130, Petici\u00f3n para un pariente extranjero. Sin embargo, deber\u00e1 proporcionar la documentaci\u00f3n adecuada y demostrar que su hijastro califica para venir a los Estados Unidos. Esta gu\u00eda&hellip;<\/p>\n","protected":false},"author":5,"featured_media":0,"parent":3424,"menu_order":0,"comment_status":"closed","ping_status":"closed","template":"","meta":{"_monsterinsights_skip_tracking":false,"_monsterinsights_sitenote_active":false,"_monsterinsights_sitenote_note":"","_monsterinsights_sitenote_category":0,"footnotes":""},"class_list":["post-9287","page","type-page","status-publish","hentry"],"yoast_head":"<!-- This site is optimized with the Yoast SEO plugin v27.6 - https:\/\/yoast.com\/product\/yoast-seo-wordpress\/ -->\n<title>I-130, Petici\u00f3n de Familiar Hijastro: Una Gu\u00eda Para 2025<\/title>\n<meta name=\"description\" content=\"Si est\u00e1 interesado en solicitar la inmigraci\u00f3n de su hijastro, necesitar\u00e1 el Formulario I-130. Esta gu\u00eda explica c\u00f3mo funciona.\" \/>\n<meta name=\"robots\" content=\"index, follow, max-snippet:-1, max-image-preview:large, max-video-preview:-1\" \/>\n<link rel=\"canonical\" href=\"https:\/\/gldlaw.com\/es\/inmigracion\/inmigracion-familiar\/formulario-i-130-para-un-hijastro\/\" \/>\n<meta property=\"og:locale\" content=\"es_MX\" \/>\n<meta property=\"og:type\" content=\"article\" \/>\n<meta property=\"og:title\" content=\"I-130, Petici\u00f3n de Familiar Hijastro: Una Gu\u00eda Para 2025\" \/>\n<meta property=\"og:description\" content=\"Si est\u00e1 interesado en solicitar la inmigraci\u00f3n de su hijastro, necesitar\u00e1 el Formulario I-130. Esta gu\u00eda explica c\u00f3mo funciona.\" \/>\n<meta property=\"og:url\" content=\"https:\/\/gldlaw.com\/es\/inmigracion\/inmigracion-familiar\/formulario-i-130-para-un-hijastro\/\" \/>\n<meta property=\"og:site_name\" content=\"Davis &amp; Associates\" \/>\n<meta property=\"article:publisher\" content=\"https:\/\/www.facebook.com\/GLDavisandAssociates\/\" \/>\n<meta property=\"article:modified_time\" content=\"2025-04-14T16:17:46+00:00\" \/>\n<meta property=\"og:image\" content=\"https:\/\/gldlaw.com\/wp-content\/uploads\/2022\/03\/Form-I-130-for-a-Stepchild-Petition-for-a-Stepchilds-Immigration.png\" \/>\n<meta name=\"twitter:card\" content=\"summary_large_image\" \/>\n<meta name=\"twitter:site\" content=\"@GLD_Law\" \/>\n<meta name=\"twitter:label1\" content=\"Tiempo de lectura\" \/>\n\t<meta name=\"twitter:data1\" content=\"7 minutos\" \/>\n<script type=\"application\/ld+json\" class=\"yoast-schema-graph\">{\"@context\":\"https:\\\/\\\/schema.org\",\"@graph\":[{\"@type\":\"WebPage\",\"@id\":\"https:\\\/\\\/gldlaw.com\\\/es\\\/inmigracion\\\/inmigracion-familiar\\\/formulario-i-130-para-un-hijastro\\\/\",\"url\":\"https:\\\/\\\/gldlaw.com\\\/es\\\/inmigracion\\\/inmigracion-familiar\\\/formulario-i-130-para-un-hijastro\\\/\",\"name\":\"I-130, Petici\u00f3n de Familiar Hijastro: Una Gu\u00eda Para 2025\",\"isPartOf\":{\"@id\":\"https:\\\/\\\/gldlaw.com\\\/es\\\/#website\"},\"primaryImageOfPage\":{\"@id\":\"https:\\\/\\\/gldlaw.com\\\/es\\\/inmigracion\\\/inmigracion-familiar\\\/formulario-i-130-para-un-hijastro\\\/#primaryimage\"},\"image\":{\"@id\":\"https:\\\/\\\/gldlaw.com\\\/es\\\/inmigracion\\\/inmigracion-familiar\\\/formulario-i-130-para-un-hijastro\\\/#primaryimage\"},\"thumbnailUrl\":\"https:\\\/\\\/gldlaw.com\\\/wp-content\\\/uploads\\\/2022\\\/03\\\/Form-I-130-for-a-Stepchild-Petition-for-a-Stepchilds-Immigration.png\",\"datePublished\":\"2022-03-01T16:46:06+00:00\",\"dateModified\":\"2025-04-14T16:17:46+00:00\",\"description\":\"Si est\u00e1 interesado en solicitar la inmigraci\u00f3n de su hijastro, necesitar\u00e1 el Formulario I-130. Esta gu\u00eda explica c\u00f3mo funciona.\",\"breadcrumb\":{\"@id\":\"https:\\\/\\\/gldlaw.com\\\/es\\\/inmigracion\\\/inmigracion-familiar\\\/formulario-i-130-para-un-hijastro\\\/#breadcrumb\"},\"inLanguage\":\"es\",\"potentialAction\":[{\"@type\":\"ReadAction\",\"target\":[\"https:\\\/\\\/gldlaw.com\\\/es\\\/inmigracion\\\/inmigracion-familiar\\\/formulario-i-130-para-un-hijastro\\\/\"]}]},{\"@type\":\"ImageObject\",\"inLanguage\":\"es\",\"@id\":\"https:\\\/\\\/gldlaw.com\\\/es\\\/inmigracion\\\/inmigracion-familiar\\\/formulario-i-130-para-un-hijastro\\\/#primaryimage\",\"url\":\"https:\\\/\\\/gldlaw.com\\\/wp-content\\\/uploads\\\/2022\\\/03\\\/Form-I-130-for-a-Stepchild-Petition-for-a-Stepchilds-Immigration.png\",\"contentUrl\":\"https:\\\/\\\/gldlaw.com\\\/wp-content\\\/uploads\\\/2022\\\/03\\\/Form-I-130-for-a-Stepchild-Petition-for-a-Stepchilds-Immigration.png\"},{\"@type\":\"BreadcrumbList\",\"@id\":\"https:\\\/\\\/gldlaw.com\\\/es\\\/inmigracion\\\/inmigracion-familiar\\\/formulario-i-130-para-un-hijastro\\\/#breadcrumb\",\"itemListElement\":[{\"@type\":\"ListItem\",\"position\":1,\"name\":\"Home\",\"item\":\"https:\\\/\\\/gldlaw.com\\\/es\\\/\"},{\"@type\":\"ListItem\",\"position\":2,\"name\":\"Areas de Pr\u00e1ctica\",\"item\":\"https:\\\/\\\/gldlaw.com\\\/es\\\/inmigracion\\\/\"},{\"@type\":\"ListItem\",\"position\":3,\"name\":\"Inmigraci\u00f3n Familiar\",\"item\":\"https:\\\/\\\/gldlaw.com\\\/es\\\/inmigracion\\\/inmigracion-familiar\\\/\"},{\"@type\":\"ListItem\",\"position\":4,\"name\":\"Formulario I-130 Para Un Hijastro: Petici\u00f3n Para La Inmigraci\u00f3n De Un Hijastro\"}]},{\"@type\":\"WebSite\",\"@id\":\"https:\\\/\\\/gldlaw.com\\\/es\\\/#website\",\"url\":\"https:\\\/\\\/gldlaw.com\\\/es\\\/\",\"name\":\"Davis &amp; Associates\",\"description\":\"Dallas \\\/ Fort Worth Immigration Attorney\",\"potentialAction\":[{\"@type\":\"SearchAction\",\"target\":{\"@type\":\"EntryPoint\",\"urlTemplate\":\"https:\\\/\\\/gldlaw.com\\\/es\\\/?s={search_term_string}\"},\"query-input\":{\"@type\":\"PropertyValueSpecification\",\"valueRequired\":true,\"valueName\":\"search_term_string\"}}],\"inLanguage\":\"es\"}]}<\/script>\n<!-- \/ Yoast SEO plugin. -->","yoast_head_json":{"title":"I-130, Petici\u00f3n de Familiar Hijastro: Una Gu\u00eda Para 2025","description":"Si est\u00e1 interesado en solicitar la inmigraci\u00f3n de su hijastro, necesitar\u00e1 el Formulario I-130. Esta gu\u00eda explica c\u00f3mo funciona.","robots":{"index":"index","follow":"follow","max-snippet":"max-snippet:-1","max-image-preview":"max-image-preview:large","max-video-preview":"max-video-preview:-1"},"canonical":"https:\/\/gldlaw.com\/es\/inmigracion\/inmigracion-familiar\/formulario-i-130-para-un-hijastro\/","og_locale":"es_MX","og_type":"article","og_title":"I-130, Petici\u00f3n de Familiar Hijastro: Una Gu\u00eda Para 2025","og_description":"Si est\u00e1 interesado en solicitar la inmigraci\u00f3n de su hijastro, necesitar\u00e1 el Formulario I-130. Esta gu\u00eda explica c\u00f3mo funciona.","og_url":"https:\/\/gldlaw.com\/es\/inmigracion\/inmigracion-familiar\/formulario-i-130-para-un-hijastro\/","og_site_name":"Davis &amp; Associates","article_publisher":"https:\/\/www.facebook.com\/GLDavisandAssociates\/","article_modified_time":"2025-04-14T16:17:46+00:00","og_image":[{"url":"https:\/\/gldlaw.com\/wp-content\/uploads\/2022\/03\/Form-I-130-for-a-Stepchild-Petition-for-a-Stepchilds-Immigration.png","type":"","width":"","height":""}],"twitter_card":"summary_large_image","twitter_site":"@GLD_Law","twitter_misc":{"Tiempo de lectura":"7 minutos"},"schema":{"@context":"https:\/\/schema.org","@graph":[{"@type":"WebPage","@id":"https:\/\/gldlaw.com\/es\/inmigracion\/inmigracion-familiar\/formulario-i-130-para-un-hijastro\/","url":"https:\/\/gldlaw.com\/es\/inmigracion\/inmigracion-familiar\/formulario-i-130-para-un-hijastro\/","name":"I-130, Petici\u00f3n de Familiar Hijastro: Una Gu\u00eda Para 2025","isPartOf":{"@id":"https:\/\/gldlaw.com\/es\/#website"},"primaryImageOfPage":{"@id":"https:\/\/gldlaw.com\/es\/inmigracion\/inmigracion-familiar\/formulario-i-130-para-un-hijastro\/#primaryimage"},"image":{"@id":"https:\/\/gldlaw.com\/es\/inmigracion\/inmigracion-familiar\/formulario-i-130-para-un-hijastro\/#primaryimage"},"thumbnailUrl":"https:\/\/gldlaw.com\/wp-content\/uploads\/2022\/03\/Form-I-130-for-a-Stepchild-Petition-for-a-Stepchilds-Immigration.png","datePublished":"2022-03-01T16:46:06+00:00","dateModified":"2025-04-14T16:17:46+00:00","description":"Si est\u00e1 interesado en solicitar la inmigraci\u00f3n de su hijastro, necesitar\u00e1 el Formulario I-130. Esta gu\u00eda explica c\u00f3mo funciona.","breadcrumb":{"@id":"https:\/\/gldlaw.com\/es\/inmigracion\/inmigracion-familiar\/formulario-i-130-para-un-hijastro\/#breadcrumb"},"inLanguage":"es","potentialAction":[{"@type":"ReadAction","target":["https:\/\/gldlaw.com\/es\/inmigracion\/inmigracion-familiar\/formulario-i-130-para-un-hijastro\/"]}]},{"@type":"ImageObject","inLanguage":"es","@id":"https:\/\/gldlaw.com\/es\/inmigracion\/inmigracion-familiar\/formulario-i-130-para-un-hijastro\/#primaryimage","url":"https:\/\/gldlaw.com\/wp-content\/uploads\/2022\/03\/Form-I-130-for-a-Stepchild-Petition-for-a-Stepchilds-Immigration.png","contentUrl":"https:\/\/gldlaw.com\/wp-content\/uploads\/2022\/03\/Form-I-130-for-a-Stepchild-Petition-for-a-Stepchilds-Immigration.png"},{"@type":"BreadcrumbList","@id":"https:\/\/gldlaw.com\/es\/inmigracion\/inmigracion-familiar\/formulario-i-130-para-un-hijastro\/#breadcrumb","itemListElement":[{"@type":"ListItem","position":1,"name":"Home","item":"https:\/\/gldlaw.com\/es\/"},{"@type":"ListItem","position":2,"name":"Areas de Pr\u00e1ctica","item":"https:\/\/gldlaw.com\/es\/inmigracion\/"},{"@type":"ListItem","position":3,"name":"Inmigraci\u00f3n Familiar","item":"https:\/\/gldlaw.com\/es\/inmigracion\/inmigracion-familiar\/"},{"@type":"ListItem","position":4,"name":"Formulario I-130 Para Un Hijastro: Petici\u00f3n Para La Inmigraci\u00f3n De Un Hijastro"}]},{"@type":"WebSite","@id":"https:\/\/gldlaw.com\/es\/#website","url":"https:\/\/gldlaw.com\/es\/","name":"Davis &amp; Associates","description":"Dallas \/ Fort Worth Immigration Attorney","potentialAction":[{"@type":"SearchAction","target":{"@type":"EntryPoint","urlTemplate":"https:\/\/gldlaw.com\/es\/?s={search_term_string}"},"query-input":{"@type":"PropertyValueSpecification","valueRequired":true,"valueName":"search_term_string"}}],"inLanguage":"es"}]}},"_links":{"self":[{"href":"https:\/\/gldlaw.com\/es\/wp-json\/wp\/v2\/pages\/9287","targetHints":{"allow":["GET"]}}],"collection":[{"href":"https:\/\/gldlaw.com\/es\/wp-json\/wp\/v2\/pages"}],"about":[{"href":"https:\/\/gldlaw.com\/es\/wp-json\/wp\/v2\/types\/page"}],"author":[{"embeddable":true,"href":"https:\/\/gldlaw.com\/es\/wp-json\/wp\/v2\/users\/5"}],"replies":[{"embeddable":true,"href":"https:\/\/gldlaw.com\/es\/wp-json\/wp\/v2\/comments?post=9287"}],"version-history":[{"count":5,"href":"https:\/\/gldlaw.com\/es\/wp-json\/wp\/v2\/pages\/9287\/revisions"}],"predecessor-version":[{"id":12126,"href":"https:\/\/gldlaw.com\/es\/wp-json\/wp\/v2\/pages\/9287\/revisions\/12126"}],"up":[{"embeddable":true,"href":"https:\/\/gldlaw.com\/es\/wp-json\/wp\/v2\/pages\/3424"}],"wp:attachment":[{"href":"https:\/\/gldlaw.com\/es\/wp-json\/wp\/v2\/media?parent=9287"}],"curies":[{"name":"wp","href":"https:\/\/api.w.org\/{rel}","templated":true}]}}