{"id":9292,"date":"2022-03-01T12:10:31","date_gmt":"2022-03-01T18:10:31","guid":{"rendered":"https:\/\/gldlaw.com\/inmigracion\/la-inmigracion-de-negocios\/eb-2-visas\/"},"modified":"2024-07-16T16:31:29","modified_gmt":"2024-07-16T21:31:29","slug":"visas-eb-2","status":"publish","type":"page","link":"https:\/\/gldlaw.com\/es\/inmigracion\/la-inmigracion-de-negocios\/visas-eb-2\/","title":{"rendered":"Visas EB-2 para inmigraci\u00f3n basada en el empleo a los Ee. UU."},"content":{"rendered":"\r\n<h1>Visas EB-2 para inmigraci\u00f3n basada en el empleo a los EE. UU.<\/h1>\r\n<p>Muchas personas son elegibles para visas EB-2 para inmigrar a los Estados Unidos.<\/p>\r\n<p>Sin embargo, estas visas solo est\u00e1n disponibles para personas que son miembros de ciertas profesiones y cumplen con ciertos criterios, y no puede solicitar su propia visa EB-2.<\/p>\r\n<p>Su empleador debe presentar una petici\u00f3n al gobierno de los Estados Unidos por usted. Esta gu\u00eda explica el programa de segunda preferencia EB-2, qui\u00e9n califica y c\u00f3mo solicitar este beneficio <a href=\"https:\/\/gldlaw.com\/es\/inmigracion\/la-inmigracion-de-negocios\/\">de inmigraci\u00f3n comercial<\/a> .<\/p>\r\n<p><img loading=\"lazy\" decoding=\"async\" title=\"EB-2 Visas for Employment-Based Immigration\" src=\"https:\/\/gldlaw.com\/wp-content\/uploads\/2022\/03\/EB-2-Visas-for-Employment-Based-Immigration.png\" alt=\"EB-2 Visas for Employment-Based Immigration\" width=\"1200\" height=\"630\" \/><\/p>\r\n<h2>\u00bfQu\u00e9 es una Visa EB-2?<\/h2>\r\n<p>Una visa EB-2 se basa en el empleo. Es una visa de inmigrante que conduce a una tarjeta verde, lo que significa que una persona que tiene una visa EB-2 puede eventualmente solicitar la ciudadan\u00eda estadounidense si decide hacerlo. Sin embargo, la ciudadan\u00eda no es un beneficio inmediato, ni se requiere; puede tener una visa EB-2 y permanecer como residente permanente legal por el resto de su vida si no desea la ciudadan\u00eda estadounidense.<\/p>\r\n<p>Solo las personas que son miembros de ciertas profesiones, tienen t\u00edtulos avanzados o tienen habilidades excepcionales califican para visas EB-2, al igual que algunas personas que cumplen con los criterios para una exenci\u00f3n de inter\u00e9s nacional. Por lo general, debe tener una oferta de trabajo antes de poder solicitar el programa EB-2 (aunque hay excepciones).<\/p>\r\n<h2>Haga Clic Hoy Para Su Consulta Gratis<\/h2>\r\n<p><a role=\"button\" href=\"https:\/\/gldlaw.com\/es\/contacto\/\" target=\"_self\" rel=\"noopener\"> Oprima Aqu\u00ed <\/a><\/p>\r\n<h3><img loading=\"lazy\" decoding=\"async\" src=\"https:\/\/gldlaw.com\/wp-content\/uploads\/2022\/03\/EB-2-Visas-for-Employment-Based-Immigration-to-the-U.S.-300x225.png\" alt=\"EB-2 Visas for Employment-Based Immigration to the U.S.\" width=\"300\" height=\"225\" \/><\/h3>\r\n<h3>EB-2 para personas con t\u00edtulos avanzados<\/h3>\r\n<p>Puede calificar para el programa EB-2 si solicita un trabajo que requiere un t\u00edtulo avanzado y tiene ese t\u00edtulo (o su equivalente extranjero). Por lo general, el t\u00e9rmino <em>grado avanzado<\/em> se refiere a un\u00a0 t\u00edtulo de bachillerato, m\u00e1s cinco a\u00f1os de experiencia laboral progresiva posterior al bachillerato en el mismo campo.<\/p>\r\n<h3>EB-2 para personas de habilidad excepcional<\/h3>\r\n<p>Si puede mostrar una habilidad excepcional en las ciencias, las artes o los negocios, puede calificar para el programa EB-2. En general, el t\u00e9rmino <em>habilidad excepcional<\/em> significa un grado de experiencia que est\u00e1 significativamente por encima de lo que las personas normalmente tendr\u00edan en esos campos.<\/p>\r\n<h3>EB-2 bajo exenciones de inter\u00e9s nacional<\/h3>\r\n<p>Una <a href=\"https:\/\/www.uscis.gov\/newsroom\/alerts\/uscis-updates-guidance-on-national-interest-waivers\">exenci\u00f3n de inter\u00e9s nacional<\/a> puede estar disponible para usted si tiene un t\u00edtulo avanzado o una capacidad excepcional y:<\/p>\r\n<ul>\r\n<li>Est\u00e1n proponiendo un esfuerzo que tiene un m\u00e9rito sustancial e importancia nacional.<\/li>\r\n<li>Est\u00e1 bien posicionado para avanzar en su esfuerzo propuesto<\/li>\r\n<li>Es en el mejor inter\u00e9s de los Estados Unidos renunciar al requisito de que tenga una oferta de trabajo<\/li>\r\n<\/ul>\r\n<h2>\u00bfQu\u00e9 tipo de prueba necesita para el programa EB-2?<\/h2>\r\n<p>Si tiene la intenci\u00f3n de solicitar una visa y una tarjeta verde bajo el programa EB-2, tendr\u00e1 que proporcionar una cantidad significativa de pruebas al gobierno de los Estados Unidos. Algunos de <a href=\"https:\/\/gldlaw.com\/2020-democratic-candidates-stances-on-immigration\/\"  data-wpil-monitor-id=\"373\">los documentos que su abogado de inmigraci\u00f3n<\/a> le aconsejar\u00e1 que re\u00fana incluyen:<\/p>\r\n<ul>\r\n<li>Una copia de su licencia para ejercer su profesi\u00f3n (o, si no es necesaria una licencia, una certificaci\u00f3n que demuestre que puede ejercer su profesi\u00f3n).<\/li>\r\n<li>Evidencia de que ha ganado un salario u otra compensaci\u00f3n por los servicios que ha prestado que est\u00e1n relacionados con su capacidad excepcional.<\/li>\r\n<li>Cartas que documentan el hecho de que tiene al menos diez a\u00f1os de experiencia a tiempo completo en su ocupaci\u00f3n.<\/li>\r\n<li>Prueba de pertenencia a colegios profesionales.<\/li>\r\n<li>Reconocimiento por sus logros en su industria o campo.<\/li>\r\n<li>Reconocimiento por sus contribuciones significativas a su industria o campo.<\/li>\r\n<li>Tu expediente acad\u00e9mico oficial. Su registro debe mostrar que tiene un t\u00edtulo, diploma, certificado o un premio similar de una universidad, colegio, escuela u otra instituci\u00f3n educativa. El registro debe indicar que su aprendizaje est\u00e1 relacionado con su \u00e1rea de habilidad excepcional.<\/li>\r\n<li>Otra evidencia comparable de su elegibilidad.<\/li>\r\n<\/ul>\r\n<h2>Preguntas frecuentes sobre las visas EB-2<\/h2>\r\n<p>Echa un vistazo a estas preguntas frecuentes sobre las visas EB-2. Si tiene otra pregunta que no hemos respondido aqu\u00ed, llame a nuestra oficina <a href=\"https:\/\/gldlaw.com\/immigration\/business-immigration\/us-investor-immigration-guide\/\"  data-wpil-monitor-id=\"406\">para hablar con un abogado de inmigraci\u00f3n<\/a> con experiencia que pueda darle las respuestas que necesita.<\/p>\r\n<h3>\u00bfNecesita una oferta de trabajo para el Programa EB-2?<\/h3>\r\n<p>Por lo general, necesita una oferta de trabajo antes de poder solicitar una visa o tarjeta verde a trav\u00e9s del programa EB-2. Sin embargo, si cumple con los criterios para una exenci\u00f3n de inter\u00e9s nacional, es posible que pueda presentar una solicitud sin una oferta de trabajo. A\u00fan deber\u00e1 presentar un Formulario I-140, Petici\u00f3n para trabajador extranjero, con el que su abogado puede ayudarlo.<\/p>\r\n<p>En la gran mayor\u00eda de los casos, no puede simplemente solicitar el programa EB-2 usted mismo (a menos que est\u00e9 buscando una exenci\u00f3n de inter\u00e9s nacional). Su empleador debe presentar un Formulario I-140, Petici\u00f3n para Trabajador Extranjero en su nombre.<\/p>\r\n<h3>\u00bfEs una EB-2 una visa de no inmigrante?<\/h3>\r\n<p>Una EB-2 <em>no<\/em> es\u00a0 una visa de no inmigrante. Es una visa de inmigrante que conduce a la residencia permanente legal en los Estados Unidos. Sin embargo, incluso si tiene una visa EB-2 o una tarjeta verde, no necesita solicitar la ciudadan\u00eda estadounidense, aunque puede hacerlo si lo desea en el futuro.<\/p>\r\n<p>Estas visas se emiten a ciudadanos extranjeros que tienen la intenci\u00f3n de vivir y trabajar permanentemente en los Estados Unidos. Una vez m\u00e1s, sin embargo, puede mantener su estatus de residente permanente legal por el resto de su vida, no tiene que solicitar la ciudadan\u00eda a menos que lo desee.<\/p>\r\n<p>Hay varios beneficios que vienen con la ciudadan\u00eda estadounidense, incluido un pasaporte estadounidense, protecci\u00f3n contra la deportaci\u00f3n, ciudadan\u00eda para ni\u00f1os y otros miembros de la familia, y elegibilidad para trabajos gubernamentales. Depende de usted si desea dar ese paso adicional despu\u00e9s de mantener su tarjeta verde por el tiempo requerido.<\/p>\r\n<h2>Haga Clic Hoy Para Su Consulta Gratis<\/h2>\r\n<p><a role=\"button\" href=\"https:\/\/gldlaw.com\/es\/contacto\/\" target=\"_self\" rel=\"noopener\"> Oprima Aqu\u00ed <\/a><\/p>\r\n<h3>\u00bfCu\u00e1nto tiempo se tarda en obtener una tarjeta verde a trav\u00e9s de EB-2?<\/h3>\r\n<p>Por lo general, toma alrededor de 18 meses obtener una tarjeta verde a trav\u00e9s del programa EB-2. Hasta que llegue su tarjeta verde, estar\u00e1 en los Estados Unidos con una visa de inmigrante.<\/p>\r\n<p>La raz\u00f3n por la que toma tanto tiempo obtener una tarjeta verde a trav\u00e9s del programa EB-2 es que hay tres pasos distintos para el proceso. En primer lugar, la empresa que quiera contratarlo deber\u00e1 obtener una certificaci\u00f3n laboral permanente. Esa certificaci\u00f3n le permite a un empleador contratar a un trabajador extranjero para trabajar permanentemente en los Estados Unidos, y eso lleva alg\u00fan tiempo.<\/p>\r\n<p>El empleador debe seguir varios pasos para demostrar que ning\u00fan trabajador ciudadano estadounidense est\u00e1 disponible para ocupar el puesto, as\u00ed como demostrar que los salarios no se reducir\u00e1n al contratar trabajadores extranjeros. Todo el proceso se lleva a cabo entre el empleador y el Departamento de Trabajo de los Estados Unidos, o DOL. Cuando el empleador recibe la certificaci\u00f3n laboral permanente, puede comenzar el proceso de patrocinar a un trabajador extranjero (usted) para el puesto vacante. (Tenga en cuenta que este paso no es necesario para las personas que solicitan una exenci\u00f3n de inter\u00e9s nacional, por lo que si ese es usted, es probable que su proceso sea m\u00e1s r\u00e1pido).<\/p>\r\n<p>Despu\u00e9s de que el empleador tiene la certificaci\u00f3n laboral permanente, comienza la petici\u00f3n de inmigrante. Esta parte del proceso generalmente toma de 6 a 9 meses. El empleador presenta el Formulario I-140 con los Servicios de Ciudadan\u00eda e Inmigraci\u00f3n de los Estados Unidos. Sin embargo, si est\u00e1 solicitando una exenci\u00f3n de inter\u00e9s nacional, este paso tampoco se aplica a usted. Su abogado presentar\u00e1 el Formulario I-140 en su nombre. Todav\u00eda toma de 6 a 9 meses para que USCIS procese el Formulario I-140, independientemente de qui\u00e9n lo presente.<\/p>\r\n<p>Despu\u00e9s de que su abogado o su futuro empleador env\u00ede el Formulario I-140, recibir\u00e1 una fecha de prioridad. La fecha de prioridad le indica cu\u00e1ndo puede solicitar su visa de inmigrante o solicitar un ajuste de estatus. Para algunos pa\u00edses, pr\u00e1cticamente no hay per\u00edodo de espera: las personas de estos pa\u00edses pueden solicitar de inmediato. Sin embargo, para otros pa\u00edses, puede haber un tiempo de espera significativo (a veces varios a\u00f1os). La mejor manera de averiguar cu\u00e1nto tiempo es probable que espere es consultar a su abogado de inmigraci\u00f3n o <a href=\"https:\/\/travel.state.gov\/content\/travel\/en\/legal\/visa-law0\/visa-bulletin.html\">consultar el Bolet\u00edn de Visas de USCIS<\/a>.<\/p>\r\n<p>Si su fecha de prioridad es actual y ya est\u00e1 en los Estados Unidos, es posible que pueda presentar una solicitud de ajuste de estatus con su Formulario I-140. Si USCIS aprueba su petici\u00f3n, obtendr\u00e1 su tarjeta verde de inmediato.<\/p>\r\n<h3>\u00bfCu\u00e1nto tiempo necesita para tener una tarjeta verde EB-2 antes de solicitar la ciudadan\u00eda?<\/h3>\r\n<p>Al igual que la mayor\u00eda de las otras tarjetas verdes, debe tener una tarjeta verde EB-2 durante al menos 5 a\u00f1os antes de poder solicitar la ciudadan\u00eda estadounidense. El reloj comienza a marcar el d\u00eda en que se aprueba su tarjeta verde; puede solicitar la ciudadan\u00eda exactamente 5 a\u00f1os despu\u00e9s de esa fecha. Si su residencia permanente es aprobada el 1 de enero de 2023, puede solicitar la ciudadan\u00eda el 1 de enero de 2028.<\/p>\r\n<h3>\u00bfPuede una visa de trabajo conducir a la ciudadan\u00eda?<\/h3>\r\n<p>Las visas de trabajo pueden conducir a la ciudadan\u00eda, pero no todas califican. Solo las visas de trabajo de inmigrante conducen a la ciudadan\u00eda; las visas de trabajo de no inmigrante requieren que se vaya cuando expire su visa. Las visas de no inmigrante no proporcionan un camino hacia la ciudadan\u00eda.<\/p>\r\n<h3>\u00bfEs una visa EB-2 mejor que una visa EB-3?<\/h3>\r\n<p>Las visas EB-2 son diferentes de las visas EB-3, y una no es mejor que la otra, aunque es probable que solo una se aplique a su situaci\u00f3n. A diferencia de una visa EB-2, las visas EB-3 est\u00e1n disponibles para trabajadores calificados, profesionales y otros trabajadores. Ambas son visas de inmigrante, pero los requisitos para obtener una visa EB-2 son m\u00e1s estrictos y requieren que tenga m\u00e1s educaci\u00f3n.<\/p>\r\n<h3>\u00bfEB-2 requiere H-1B?<\/h3>\r\n<p>No es necesario que est\u00e9 en estado H-1B para obtener una tarjeta verde bajo el programa EB-2. De hecho, nunca necesita tener el estatus de visa H-1B para obtener una tarjeta verde EB-2. Puede obtener una visa EB-2 y solicitar una tarjeta verde EB-2 sin tener una visa H-1B.<\/p>\r\n<h3>\u00bfCu\u00e1nto cuesta una visa EB-2?<\/h3>\r\n<p>Los empleadores generalmente pagan los costos de las visas EB-2 y las tarjetas verdes. Sin embargo, si est\u00e1 solicitando una exenci\u00f3n de inter\u00e9s nacional, ser\u00e1 responsable de los costos asociados con la obtenci\u00f3n de este tipo de estatus de inmigrante. Las tarifas de USCIS siempre est\u00e1n sujetas a cambios, por lo que la mejor manera de averiguar cu\u00e1nto le costar\u00e1 una visa EB-2 es hablar con su abogado de inmigraci\u00f3n o consultar la <a href=\"https:\/\/www.uscis.gov\/forms\/filing-fees\">p\u00e1gina de tarifas de USCIS<\/a>.<\/p>\r\n<p>Es importante tener en cuenta que una variedad de tarifas entran en juego. Tendr\u00e1 que pagar la tarifa de presentaci\u00f3n del Formulario I-140, as\u00ed como una tarifa biom\u00e9trica. Su abogado puede explicarle los honorarios.<\/p>\r\n<h3>\u00bfPuede su familia venir a los Estados Unidos con usted si tiene una visa EB-2?<\/h3>\r\n<p>Si el gobierno de los Estados Unidos aprueba su Formulario I-140, Petici\u00f3n para Trabajador Extranjero, su c\u00f3nyuge e hijos solteros pueden ser elegibles para solicitar como inmigrantes E-21 y E-22. Sin embargo, cada caso es diferente, por lo que si est\u00e1 buscando una visa EB-2 o una tarjeta verde y tiene una familia que le gustar\u00eda traer a los Estados Unidos con usted, debe consultar con un abogado de inmigraci\u00f3n con experiencia para obtener orientaci\u00f3n.<\/p>\r\n<h2>\u00bfNecesita hablar con un abogado de inmigraci\u00f3n sobre la obtenci\u00f3n de una visa EB-2 o una tarjeta verde?<\/h2>\r\n<p>Si est\u00e1 interesado en obtener una visa EB-2 o una tarjeta verde, o si es un empleador que necesita contratar a un trabajador extranjero permanente, es posible que podamos ayudarlo. Llame a nuestra oficina hoy para programar su consulta gratuita con un abogado experimentado que entienda todo el programa EB-2 &#8211; estaremos encantados de responder sus preguntas.<\/p>\r\n<h2>Haga Clic Hoy Para Su Consulta Gratis<\/h2>\r\n<p><a role=\"button\" href=\"https:\/\/gldlaw.com\/es\/contacto\/\" target=\"_self\" rel=\"noopener\"> Oprima Aqu\u00ed <\/a><\/p>\r\n","protected":false},"excerpt":{"rendered":"<p>Visas EB-2 para inmigraci\u00f3n basada en el empleo a los EE. UU. Muchas personas son elegibles para visas EB-2 para inmigrar a los Estados Unidos. Sin embargo, estas visas solo est\u00e1n disponibles para personas que son miembros de ciertas profesiones y cumplen con ciertos criterios, y no puede solicitar su propia visa EB-2. Su empleador&hellip;<\/p>\n","protected":false},"author":5,"featured_media":0,"parent":3412,"menu_order":0,"comment_status":"closed","ping_status":"closed","template":"","meta":{"_monsterinsights_skip_tracking":false,"_monsterinsights_sitenote_active":false,"_monsterinsights_sitenote_note":"","_monsterinsights_sitenote_category":0,"footnotes":""},"class_list":["post-9292","page","type-page","status-publish","hentry"],"yoast_head":"<!-- This site is optimized with the Yoast SEO plugin v27.6 - https:\/\/yoast.com\/product\/yoast-seo-wordpress\/ -->\n<title>Visas EB-2 Para Inmigraci\u00f3n Basada En El Empleo A Los Ee. UU. - GLD Law<\/title>\n<meta name=\"description\" content=\"\u00bfQu\u00e9 es una visa EB-2 y usted es elegible para una? Usted podr\u00eda venir a los Estados Unidos como inmigrante si califica. \u00a1Descubre c\u00f3mo aqu\u00ed!\" \/>\n<meta name=\"robots\" content=\"index, follow, max-snippet:-1, max-image-preview:large, max-video-preview:-1\" \/>\n<link rel=\"canonical\" href=\"https:\/\/gldlaw.com\/immigration\/business-immigration\/eb-2-visas\/\" \/>\n<meta property=\"og:locale\" content=\"es_MX\" \/>\n<meta property=\"og:type\" content=\"article\" \/>\n<meta property=\"og:title\" content=\"Visas EB-2 Para Inmigraci\u00f3n Basada En El Empleo A Los Ee. UU. - GLD Law\" \/>\n<meta property=\"og:description\" content=\"\u00bfQu\u00e9 es una visa EB-2 y usted es elegible para una? Usted podr\u00eda venir a los Estados Unidos como inmigrante si califica. \u00a1Descubre c\u00f3mo aqu\u00ed!\" \/>\n<meta property=\"og:url\" content=\"https:\/\/gldlaw.com\/immigration\/business-immigration\/eb-2-visas\/\" \/>\n<meta property=\"og:site_name\" content=\"Davis &amp; Associates\" \/>\n<meta property=\"article:publisher\" content=\"https:\/\/www.facebook.com\/GLDavisandAssociates\/\" \/>\n<meta property=\"article:modified_time\" content=\"2024-07-16T21:31:29+00:00\" \/>\n<meta property=\"og:image\" content=\"https:\/\/gldlaw.com\/wp-content\/uploads\/2022\/03\/EB-2-Visas-for-Employment-Based-Immigration.png\" \/>\n<meta name=\"twitter:card\" content=\"summary_large_image\" \/>\n<meta name=\"twitter:site\" content=\"@GLD_Law\" \/>\n<meta name=\"twitter:label1\" content=\"Tiempo de lectura\" \/>\n\t<meta name=\"twitter:data1\" content=\"10 minutos\" \/>\n<script type=\"application\/ld+json\" class=\"yoast-schema-graph\">{\"@context\":\"https:\\\/\\\/schema.org\",\"@graph\":[{\"@type\":\"WebPage\",\"@id\":\"https:\\\/\\\/gldlaw.com\\\/immigration\\\/business-immigration\\\/eb-2-visas\\\/\",\"url\":\"https:\\\/\\\/gldlaw.com\\\/immigration\\\/business-immigration\\\/eb-2-visas\\\/\",\"name\":\"Visas EB-2 Para Inmigraci\u00f3n Basada En El Empleo A Los Ee. UU. - GLD Law\",\"isPartOf\":{\"@id\":\"https:\\\/\\\/gldlaw.com\\\/es\\\/#website\"},\"primaryImageOfPage\":{\"@id\":\"https:\\\/\\\/gldlaw.com\\\/immigration\\\/business-immigration\\\/eb-2-visas\\\/#primaryimage\"},\"image\":{\"@id\":\"https:\\\/\\\/gldlaw.com\\\/immigration\\\/business-immigration\\\/eb-2-visas\\\/#primaryimage\"},\"thumbnailUrl\":\"https:\\\/\\\/gldlaw.com\\\/wp-content\\\/uploads\\\/2022\\\/03\\\/EB-2-Visas-for-Employment-Based-Immigration.png\",\"datePublished\":\"2022-03-01T18:10:31+00:00\",\"dateModified\":\"2024-07-16T21:31:29+00:00\",\"description\":\"\u00bfQu\u00e9 es una visa EB-2 y usted es elegible para una? Usted podr\u00eda venir a los Estados Unidos como inmigrante si califica. \u00a1Descubre c\u00f3mo aqu\u00ed!\",\"breadcrumb\":{\"@id\":\"https:\\\/\\\/gldlaw.com\\\/immigration\\\/business-immigration\\\/eb-2-visas\\\/#breadcrumb\"},\"inLanguage\":\"es\",\"potentialAction\":[{\"@type\":\"ReadAction\",\"target\":[\"https:\\\/\\\/gldlaw.com\\\/immigration\\\/business-immigration\\\/eb-2-visas\\\/\"]}]},{\"@type\":\"ImageObject\",\"inLanguage\":\"es\",\"@id\":\"https:\\\/\\\/gldlaw.com\\\/immigration\\\/business-immigration\\\/eb-2-visas\\\/#primaryimage\",\"url\":\"https:\\\/\\\/gldlaw.com\\\/wp-content\\\/uploads\\\/2022\\\/03\\\/EB-2-Visas-for-Employment-Based-Immigration.png\",\"contentUrl\":\"https:\\\/\\\/gldlaw.com\\\/wp-content\\\/uploads\\\/2022\\\/03\\\/EB-2-Visas-for-Employment-Based-Immigration.png\"},{\"@type\":\"BreadcrumbList\",\"@id\":\"https:\\\/\\\/gldlaw.com\\\/immigration\\\/business-immigration\\\/eb-2-visas\\\/#breadcrumb\",\"itemListElement\":[{\"@type\":\"ListItem\",\"position\":1,\"name\":\"Home\",\"item\":\"https:\\\/\\\/gldlaw.com\\\/es\\\/\"},{\"@type\":\"ListItem\",\"position\":2,\"name\":\"Areas de Pr\u00e1ctica\",\"item\":\"https:\\\/\\\/gldlaw.com\\\/es\\\/inmigracion\\\/\"},{\"@type\":\"ListItem\",\"position\":3,\"name\":\"Inmigraci\u00f3n de Negocio\",\"item\":\"https:\\\/\\\/gldlaw.com\\\/es\\\/inmigracion\\\/la-inmigracion-de-negocios\\\/\"},{\"@type\":\"ListItem\",\"position\":4,\"name\":\"Visas EB-2 para inmigraci\u00f3n basada en el empleo a los Ee. UU.\"}]},{\"@type\":\"WebSite\",\"@id\":\"https:\\\/\\\/gldlaw.com\\\/es\\\/#website\",\"url\":\"https:\\\/\\\/gldlaw.com\\\/es\\\/\",\"name\":\"Davis &amp; Associates\",\"description\":\"Dallas \\\/ Fort Worth Immigration Attorney\",\"potentialAction\":[{\"@type\":\"SearchAction\",\"target\":{\"@type\":\"EntryPoint\",\"urlTemplate\":\"https:\\\/\\\/gldlaw.com\\\/es\\\/?s={search_term_string}\"},\"query-input\":{\"@type\":\"PropertyValueSpecification\",\"valueRequired\":true,\"valueName\":\"search_term_string\"}}],\"inLanguage\":\"es\"}]}<\/script>\n<!-- \/ Yoast SEO plugin. -->","yoast_head_json":{"title":"Visas EB-2 Para Inmigraci\u00f3n Basada En El Empleo A Los Ee. UU. - GLD Law","description":"\u00bfQu\u00e9 es una visa EB-2 y usted es elegible para una? Usted podr\u00eda venir a los Estados Unidos como inmigrante si califica. \u00a1Descubre c\u00f3mo aqu\u00ed!","robots":{"index":"index","follow":"follow","max-snippet":"max-snippet:-1","max-image-preview":"max-image-preview:large","max-video-preview":"max-video-preview:-1"},"canonical":"https:\/\/gldlaw.com\/immigration\/business-immigration\/eb-2-visas\/","og_locale":"es_MX","og_type":"article","og_title":"Visas EB-2 Para Inmigraci\u00f3n Basada En El Empleo A Los Ee. UU. - GLD Law","og_description":"\u00bfQu\u00e9 es una visa EB-2 y usted es elegible para una? Usted podr\u00eda venir a los Estados Unidos como inmigrante si califica. \u00a1Descubre c\u00f3mo aqu\u00ed!","og_url":"https:\/\/gldlaw.com\/immigration\/business-immigration\/eb-2-visas\/","og_site_name":"Davis &amp; Associates","article_publisher":"https:\/\/www.facebook.com\/GLDavisandAssociates\/","article_modified_time":"2024-07-16T21:31:29+00:00","og_image":[{"url":"https:\/\/gldlaw.com\/wp-content\/uploads\/2022\/03\/EB-2-Visas-for-Employment-Based-Immigration.png","type":"","width":"","height":""}],"twitter_card":"summary_large_image","twitter_site":"@GLD_Law","twitter_misc":{"Tiempo de lectura":"10 minutos"},"schema":{"@context":"https:\/\/schema.org","@graph":[{"@type":"WebPage","@id":"https:\/\/gldlaw.com\/immigration\/business-immigration\/eb-2-visas\/","url":"https:\/\/gldlaw.com\/immigration\/business-immigration\/eb-2-visas\/","name":"Visas EB-2 Para Inmigraci\u00f3n Basada En El Empleo A Los Ee. UU. - GLD Law","isPartOf":{"@id":"https:\/\/gldlaw.com\/es\/#website"},"primaryImageOfPage":{"@id":"https:\/\/gldlaw.com\/immigration\/business-immigration\/eb-2-visas\/#primaryimage"},"image":{"@id":"https:\/\/gldlaw.com\/immigration\/business-immigration\/eb-2-visas\/#primaryimage"},"thumbnailUrl":"https:\/\/gldlaw.com\/wp-content\/uploads\/2022\/03\/EB-2-Visas-for-Employment-Based-Immigration.png","datePublished":"2022-03-01T18:10:31+00:00","dateModified":"2024-07-16T21:31:29+00:00","description":"\u00bfQu\u00e9 es una visa EB-2 y usted es elegible para una? Usted podr\u00eda venir a los Estados Unidos como inmigrante si califica. \u00a1Descubre c\u00f3mo aqu\u00ed!","breadcrumb":{"@id":"https:\/\/gldlaw.com\/immigration\/business-immigration\/eb-2-visas\/#breadcrumb"},"inLanguage":"es","potentialAction":[{"@type":"ReadAction","target":["https:\/\/gldlaw.com\/immigration\/business-immigration\/eb-2-visas\/"]}]},{"@type":"ImageObject","inLanguage":"es","@id":"https:\/\/gldlaw.com\/immigration\/business-immigration\/eb-2-visas\/#primaryimage","url":"https:\/\/gldlaw.com\/wp-content\/uploads\/2022\/03\/EB-2-Visas-for-Employment-Based-Immigration.png","contentUrl":"https:\/\/gldlaw.com\/wp-content\/uploads\/2022\/03\/EB-2-Visas-for-Employment-Based-Immigration.png"},{"@type":"BreadcrumbList","@id":"https:\/\/gldlaw.com\/immigration\/business-immigration\/eb-2-visas\/#breadcrumb","itemListElement":[{"@type":"ListItem","position":1,"name":"Home","item":"https:\/\/gldlaw.com\/es\/"},{"@type":"ListItem","position":2,"name":"Areas de Pr\u00e1ctica","item":"https:\/\/gldlaw.com\/es\/inmigracion\/"},{"@type":"ListItem","position":3,"name":"Inmigraci\u00f3n de Negocio","item":"https:\/\/gldlaw.com\/es\/inmigracion\/la-inmigracion-de-negocios\/"},{"@type":"ListItem","position":4,"name":"Visas EB-2 para inmigraci\u00f3n basada en el empleo a los Ee. UU."}]},{"@type":"WebSite","@id":"https:\/\/gldlaw.com\/es\/#website","url":"https:\/\/gldlaw.com\/es\/","name":"Davis &amp; Associates","description":"Dallas \/ Fort Worth Immigration Attorney","potentialAction":[{"@type":"SearchAction","target":{"@type":"EntryPoint","urlTemplate":"https:\/\/gldlaw.com\/es\/?s={search_term_string}"},"query-input":{"@type":"PropertyValueSpecification","valueRequired":true,"valueName":"search_term_string"}}],"inLanguage":"es"}]}},"_links":{"self":[{"href":"https:\/\/gldlaw.com\/es\/wp-json\/wp\/v2\/pages\/9292","targetHints":{"allow":["GET"]}}],"collection":[{"href":"https:\/\/gldlaw.com\/es\/wp-json\/wp\/v2\/pages"}],"about":[{"href":"https:\/\/gldlaw.com\/es\/wp-json\/wp\/v2\/types\/page"}],"author":[{"embeddable":true,"href":"https:\/\/gldlaw.com\/es\/wp-json\/wp\/v2\/users\/5"}],"replies":[{"embeddable":true,"href":"https:\/\/gldlaw.com\/es\/wp-json\/wp\/v2\/comments?post=9292"}],"version-history":[{"count":5,"href":"https:\/\/gldlaw.com\/es\/wp-json\/wp\/v2\/pages\/9292\/revisions"}],"predecessor-version":[{"id":11387,"href":"https:\/\/gldlaw.com\/es\/wp-json\/wp\/v2\/pages\/9292\/revisions\/11387"}],"up":[{"embeddable":true,"href":"https:\/\/gldlaw.com\/es\/wp-json\/wp\/v2\/pages\/3412"}],"wp:attachment":[{"href":"https:\/\/gldlaw.com\/es\/wp-json\/wp\/v2\/media?parent=9292"}],"curies":[{"name":"wp","href":"https:\/\/api.w.org\/{rel}","templated":true}]}}