{"id":9296,"date":"2022-02-25T13:53:32","date_gmt":"2022-02-25T19:53:32","guid":{"rendered":"https:\/\/gldlaw.com\/inmigracion\/inmigracion-familiar\/immediate-relative-visas\/"},"modified":"2025-04-14T11:16:44","modified_gmt":"2025-04-14T16:16:44","slug":"visas-de-pariente-inmediato","status":"publish","type":"page","link":"https:\/\/gldlaw.com\/es\/inmigracion\/inmigracion-familiar\/visas-de-pariente-inmediato\/","title":{"rendered":"Visas De Pariente Inmediato \u2013 IR-1, CR-1, IR-2 Y M\u00e1s"},"content":{"rendered":"\n\n\t<h1>Visas De Pariente Inmediato en Texas &#8211; IR-1, CR-1, IR-2 Y M\u00e1s<\/h1>\n\t<p>Algunos familiares de ciudadanos de los Estados Unidos califican para visas de parientes inmediatos. Estas visas le permiten venir a los Estados Unidos y recibir una tarjeta verde sin esperar a que una visa est\u00e9 disponible.<\/p>\n<p>Una vez que tenga una tarjeta verde, usted ser\u00e1 un residente permanente legal que eventualmente ser\u00e1 elegible para solicitar la ciudadan\u00eda.<\/p>\n<h2>\u00bfQu\u00e9 son las visas de parientes inmediatos?<\/h2>\n\t\t\t\t<img loading=\"lazy\" decoding=\"async\" src=\"https:\/\/gldlaw.com\/wp-content\/uploads\/2022\/02\/Immediate-Relative-Visas---IR-1-CR-1-IR-2-and-More.png\" alt=\"Immediate Relative Visas - IR-1, CR-1, IR-2 and More\" itemprop=\"image\" height=\"630\" width=\"1200\" title=\"Immediate Relative Visas - IR-1, CR-1, IR-2 and More\" onerror=\"this.style.display='none'\"  \/>\n\t<p>La ley de inmigraci\u00f3n de los Estados Unidos proporciona muchas rutas<a href=\"https:\/\/gldlaw.com\/es\/inmigracion\/inmigracion-familiar\/\"> de inmigraci\u00f3n familiar<\/a>. \u00a0Estos caminos se priorizan seg\u00fan el tipo de relaci\u00f3n familiar y si el patrocinador es o no un ciudadano estadounidense o residente permanente legal. \u00a0Los familiares inmediatos de los ciudadanos estadounidenses tienen la primera prioridad y son elegibles para solicitar visas para venir a los Estados Unidos sin tener que esperar a que una visa est\u00e9 disponible para ellos. Solo algunas relaciones familiares cuentan, como c\u00f3nyuges, hijos y padres.<\/p>\n<p>Las visas de parientes inmediatos que pueden estar disponibles para usted incluyen:<\/p>\n<ul>\n<li>IR-1 y CR-1<\/li>\n<li>IR-2 y CR-2<\/li>\n<li>IR-3<\/li>\n<li>IR-4<\/li>\n<li>IR-5<\/li>\n<\/ul>\n<p>La relaci\u00f3n familiar que tenga con su pariente ciudadano estadounidense determinar\u00e1 para qu\u00e9 tipo de visa califica; esta gu\u00eda explica.<\/p>\n\t<h2>Haga Clic Hoy Para Su Consulta Gratis<\/h2>\n\t\t\t<a href=\"https:\/\/gldlaw.com\/es\/contacto\/\" target=\"_self\">\n\t\t\t\t\t\t\tOprima Aqu\u00ed\n\t\t\t\t\t<\/a>\n\t<h3><img loading=\"lazy\" decoding=\"async\" src=\"https:\/\/gldlaw.com\/wp-content\/uploads\/2022\/02\/Immediate-Relative-Family-Immigration-Davis-Associates.png\" alt=\"Immediate Relative - Family Immigration - Davis &amp; Associates\" width=\"500\" height=\"375\" \/>Visas de Pariente Inmediato para C\u00f3nyuges de Ciudadanos Estadounidenses: Visas IR-1 y CR-1<\/h3>\n<p>Si su c\u00f3nyuge, es decir, su esposo o esposa legalmente casado, es ciudadano estadounidense, puede presentar una petici\u00f3n para una visa IR-1 o CR-1. La diferencia entre las dos visas es la duraci\u00f3n de su matrimonio; Si ha estado casado por menos de dos a\u00f1os, el c\u00f3nyuge extranjero solicita una visa CR-1, y si ha estado casado por dos o m\u00e1s a\u00f1os, el c\u00f3nyuge extranjero solicita la visa IR-1.<\/p>\n<h3>Visas para Ni\u00f1os y Parientes Inmediatos: Visas IR-2 y CR-2<\/h3>\n<p>Si usted es ciudadano estadounidense y tiene hijos solteros menores de 21 a\u00f1os que viven fuera de los Estados Unidos, una visa IR-2 o CR-2 es probablemente la opci\u00f3n correcta para usted. Una visa IR-2 es para ni\u00f1os cuyos padres han estado casados por m\u00e1s de dos a\u00f1os (cuando uno de los padres recibe una visa IR-1), mientras que una visa CR-2 es para ni\u00f1os cuyos padres han estado casados por menos de dos a\u00f1os.<\/p>\n<h3>Ni\u00f1os adoptados en el extranjero: Visa IR-3<\/h3>\n<p>Si usted es ciudadano estadounidense y ha adoptado a un ni\u00f1o que est\u00e1 fuera de los Estados Unidos, necesitar\u00e1 la visa IR-3. La visa IR-3 est\u00e1 reservada espec\u00edficamente para hijos adoptados de ciudadanos estadounidenses donde el proceso de adopci\u00f3n tuvo lugar en el pa\u00eds de origen del ni\u00f1o. El proceso para obtener una visa IR-3 difiere seg\u00fan el pa\u00eds de origen del ni\u00f1o.<\/p>\n\n<h3>Ni\u00f1os que ser\u00e1n adoptados en los EE.UU.: Visa IR-4<\/h3>\n<p>La visa IR-4 permite a los ciudadanos estadounidenses obtener la tutela del ni\u00f1o que desean adoptar en el pa\u00eds de origen del ni\u00f1o y luego llevarlos a los Estados Unidos para completar el proceso de adopci\u00f3n. El proceso de obtener una visa IR-4 difiere seg\u00fan el pa\u00eds de origen del ni\u00f1o.<\/p>\n<h3>Padres de ciudadanos estadounidenses: Visa IR-5<\/h3>\n<p>La visa IR-5 est\u00e1 reservada para padres de ciudadanos estadounidenses. El ciudadano estadounidense debe tener al menos 21 a\u00f1os de edad y debe poder probar la relaci\u00f3n parental a trav\u00e9s de un certificado de nacimiento v\u00e1lido.<\/p>\n<h2>Visas de parientes inmediatos de un vistazo<\/h2>\n<p>Esta tabla ilustra qu\u00e9 tipos de visas son apropiadas para que los miembros de la familia inmediata vengan a los Estados Unidos.<\/p>\n<table width=\"619\">\n<tbody>\n<tr>\n<td width=\"202\"><strong>Tipo de visa<\/strong><\/td>\n<td width=\"214\"><strong>Relaciones familiares<\/strong><\/td>\n<td width=\"202\"><strong>Condiciones de aplicaci\u00f3n<\/strong><\/td>\n<\/tr>\n<tr>\n<td width=\"202\">IR-1<\/td>\n<td width=\"214\">C\u00f3nyuges de ciudadanos estadounidenses<\/td>\n<td width=\"202\">Ha estado casado por m\u00e1s de dos a\u00f1os.<\/td>\n<\/tr>\n<tr>\n<td width=\"202\">CR-1<\/td>\n<td width=\"214\">C\u00f3nyuges de ciudadanos estadounidenses<\/td>\n<td width=\"202\">Ha estado casado por menos de dos a\u00f1os.<\/td>\n<\/tr>\n<tr>\n<td width=\"202\">IR-2<\/td>\n<td width=\"214\">Hijos de ciudadanos estadounidenses solteros y menores de 21 a\u00f1os que residen fuera de los Estados Unidos<\/td>\n<td width=\"202\">El padre no ciudadano debe tener una visa IR-1.<\/td>\n<\/tr>\n<tr>\n<td width=\"202\">CR-2<\/td>\n<td width=\"214\">Hijos de ciudadanos estadounidenses solteros y menores de 21 a\u00f1os que residen fuera de los Estados Unidos<\/td>\n<td width=\"202\">El padre no ciudadano debe tener una visa CR-2.\n<p>&nbsp;<\/p>\n&nbsp;<\/td>\n<\/tr>\n<tr>\n<td width=\"202\">IR-3<\/td>\n<td width=\"214\">Ni\u00f1os adoptados en el extranjero por ciudadanos estadounidenses<\/td>\n<td width=\"202\">El ni\u00f1o debe ser menor de 21 a\u00f1os y soltero.<\/td>\n<\/tr>\n<tr>\n<td width=\"202\">IR-4<\/td>\n<td width=\"214\">Ni\u00f1os que ser\u00e1n adoptados en los Estados Unidos por ciudadanos estadounidenses<\/td>\n<td width=\"202\">El ni\u00f1o debe ser menor de 21 a\u00f1os y soltero.<\/td>\n<\/tr>\n<tr>\n<td width=\"202\">IR-5<\/td>\n<td width=\"214\">Padres de ciudadanos estadounidenses<\/td>\n<td width=\"202\">El ciudadano estadounidense debe tener al menos 21 a\u00f1os de edad.<\/td>\n<\/tr>\n<\/tbody>\n<\/table>\n\t<h2>Haga Clic Hoy Para Su Consulta Gratis<\/h2>\n\t\t\t<a href=\"https:\/\/gldlaw.com\/es\/contacto\/\" target=\"_self\">\n\t\t\t\t\t\t\tOprima Aqu\u00ed\n\t\t\t\t\t<\/a>\n\t<h3>\u00bfQu\u00e9 pasa con los miembros de la familia de los miembros de la familia?<\/h3>\n<p>Si su c\u00f3nyuge o padre califica para una visa de pariente inmediato, usted tambi\u00e9n puede ser elegible para una visa. Usted obtiene su autorizaci\u00f3n de la autorizaci\u00f3n de ese miembro de la familia.<\/p>\n<p>Por ejemplo, si su esposo puede solicitar una visa IR-5 porque es el padre de un ciudadano estadounidense, tambi\u00e9n puede solicitar una visa y una tarjeta verde. Deber\u00e1 proporcionar toda su propia documentaci\u00f3n y ser admisible en los Estados Unidos por derecho propio (lo que significa que debe cumplir con los mismos criterios de admisibilidad que su c\u00f3nyuge).<\/p>\n<p>Esto se llama ser un solicitante derivado, y si cree que puede calificar (o si usted es el solicitante y cree que sus otros miembros de la familia tambi\u00e9n califican), debe hablar con un abogado de inmigraci\u00f3n de Dallas para obtener algunos detalles sobre su caso.<\/p>\n<p><strong><em>Relacionado: <\/em><\/strong><a href=\"https:\/\/gldlaw.com\/es\/inmigracion\/inmigracion-familiar\/visas-de-preferencia-familiar\/\"><strong><em>Visas de Preferencia Familiar: Visas para Miembros de la Familia Extendida<\/em><\/strong><\/a><\/p>\n<h3>\u00bfCu\u00e1les son los motivos de inadmisibilidad?<\/h3>\n<p>Para calificar para una de estas visas y una tarjeta verde, debe ser admisible en los Estados Unidos. Eso significa que debe cumplir con todos los criterios que cualquier otra persona debe cumplir para ingresar al pa\u00eds (como ser una persona de buen car\u00e1cter moral y no tener ciertas enfermedades transmisibles). Sin embargo, hay exenciones disponibles para la inadmisibilidad. Debe hablar con un abogado de inmigraci\u00f3n si no est\u00e1 seguro de si es admisible en los Estados Unidos.<\/p>\n<h2>\u00bfC\u00f3mo se solicita una visa de pariente inmediato?<\/h2>\n<p>Para muchas personas, la forma m\u00e1s f\u00e1cil de solicitar una visa de pariente inmediato es con la ayuda de un abogado. Si usted es el pariente extranjero, no puede solicitar por s\u00ed mismo: el ciudadano estadounidense debe solicitarlo en su nombre, aunque tendr\u00e1 que cooperar y proporcionar la documentaci\u00f3n que sea necesaria.<\/p>\n<h2>\u00bfNecesita hablar con un abogado sobre c\u00f3mo obtener una visa de pariente inmediato?<\/h2>\n<p>Si usted es ciudadano estadounidense, o si es un pariente inmediato con un miembro de la familia que est\u00e1 listo para solicitar por usted, es posible que podamos ayudarlo. Llame a nuestra oficina hoy para programar su consulta con un abogado experimentado para comenzar el proceso.<\/p>\n\t<h2>Haga Clic Hoy Para Su Consulta Gratis<\/h2>\n\t\t\t<a href=\"https:\/\/gldlaw.com\/es\/contacto\/\" target=\"_self\">\n\t\t\t\t\t\t\tOprima Aqu\u00ed\n\t\t\t\t\t<\/a>\n\n","protected":false},"excerpt":{"rendered":"<p>Visas De Pariente Inmediato en Texas &#8211; IR-1, CR-1, IR-2 Y M\u00e1s Algunos familiares de ciudadanos de los Estados Unidos califican para visas de parientes inmediatos. Estas visas le permiten venir a los Estados Unidos y recibir una tarjeta verde sin esperar a que una visa est\u00e9 disponible. Una vez que tenga una tarjeta verde,&hellip;<\/p>\n","protected":false},"author":5,"featured_media":0,"parent":3424,"menu_order":0,"comment_status":"closed","ping_status":"closed","template":"","meta":{"_monsterinsights_skip_tracking":false,"_monsterinsights_sitenote_active":false,"_monsterinsights_sitenote_note":"","_monsterinsights_sitenote_category":0,"footnotes":""},"class_list":["post-9296","page","type-page","status-publish","hentry"],"yoast_head":"<!-- This site is optimized with the Yoast SEO plugin v27.6 - https:\/\/yoast.com\/product\/yoast-seo-wordpress\/ -->\n<title>Visas De Pariente Inmediato \u2013 IR-1, CR-1, IR-2 Y M\u00e1s - GLD Law<\/title>\n<meta name=\"description\" content=\"Si est\u00e1 relacionado con un ciudadano estadounidense, puede calificar para una visa de pariente inmediato que le permite venir a los Estados Unidos sin esperar. \u00a1Aprende m\u00e1s ahora!\" \/>\n<meta name=\"robots\" content=\"index, follow, max-snippet:-1, max-image-preview:large, max-video-preview:-1\" \/>\n<link rel=\"canonical\" href=\"https:\/\/gldlaw.com\/es\/inmigracion\/inmigracion-familiar\/visas-de-pariente-inmediato\/\" \/>\n<meta property=\"og:locale\" content=\"es_MX\" \/>\n<meta property=\"og:type\" content=\"article\" \/>\n<meta property=\"og:title\" content=\"Visas De Pariente Inmediato \u2013 IR-1, CR-1, IR-2 Y M\u00e1s - GLD Law\" \/>\n<meta property=\"og:description\" content=\"Si est\u00e1 relacionado con un ciudadano estadounidense, puede calificar para una visa de pariente inmediato que le permite venir a los Estados Unidos sin esperar. \u00a1Aprende m\u00e1s ahora!\" \/>\n<meta property=\"og:url\" content=\"https:\/\/gldlaw.com\/es\/inmigracion\/inmigracion-familiar\/visas-de-pariente-inmediato\/\" \/>\n<meta property=\"og:site_name\" content=\"Davis &amp; Associates\" \/>\n<meta property=\"article:publisher\" content=\"https:\/\/www.facebook.com\/GLDavisandAssociates\/\" \/>\n<meta property=\"article:modified_time\" content=\"2025-04-14T16:16:44+00:00\" \/>\n<meta property=\"og:image\" content=\"https:\/\/gldlaw.com\/wp-content\/uploads\/2022\/02\/Immediate-Relative-Visas---IR-1-CR-1-IR-2-and-More.png\" \/>\n<meta name=\"twitter:card\" content=\"summary_large_image\" \/>\n<meta name=\"twitter:site\" content=\"@GLD_Law\" \/>\n<meta name=\"twitter:label1\" content=\"Tiempo de lectura\" \/>\n\t<meta name=\"twitter:data1\" content=\"6 minutos\" \/>\n<script type=\"application\/ld+json\" class=\"yoast-schema-graph\">{\"@context\":\"https:\\\/\\\/schema.org\",\"@graph\":[{\"@type\":\"WebPage\",\"@id\":\"https:\\\/\\\/gldlaw.com\\\/es\\\/inmigracion\\\/inmigracion-familiar\\\/visas-de-pariente-inmediato\\\/\",\"url\":\"https:\\\/\\\/gldlaw.com\\\/es\\\/inmigracion\\\/inmigracion-familiar\\\/visas-de-pariente-inmediato\\\/\",\"name\":\"Visas De Pariente Inmediato \u2013 IR-1, CR-1, IR-2 Y M\u00e1s - GLD Law\",\"isPartOf\":{\"@id\":\"https:\\\/\\\/gldlaw.com\\\/es\\\/#website\"},\"primaryImageOfPage\":{\"@id\":\"https:\\\/\\\/gldlaw.com\\\/es\\\/inmigracion\\\/inmigracion-familiar\\\/visas-de-pariente-inmediato\\\/#primaryimage\"},\"image\":{\"@id\":\"https:\\\/\\\/gldlaw.com\\\/es\\\/inmigracion\\\/inmigracion-familiar\\\/visas-de-pariente-inmediato\\\/#primaryimage\"},\"thumbnailUrl\":\"https:\\\/\\\/gldlaw.com\\\/wp-content\\\/uploads\\\/2022\\\/02\\\/Immediate-Relative-Visas---IR-1-CR-1-IR-2-and-More.png\",\"datePublished\":\"2022-02-25T19:53:32+00:00\",\"dateModified\":\"2025-04-14T16:16:44+00:00\",\"description\":\"Si est\u00e1 relacionado con un ciudadano estadounidense, puede calificar para una visa de pariente inmediato que le permite venir a los Estados Unidos sin esperar. \u00a1Aprende m\u00e1s ahora!\",\"breadcrumb\":{\"@id\":\"https:\\\/\\\/gldlaw.com\\\/es\\\/inmigracion\\\/inmigracion-familiar\\\/visas-de-pariente-inmediato\\\/#breadcrumb\"},\"inLanguage\":\"es\",\"potentialAction\":[{\"@type\":\"ReadAction\",\"target\":[\"https:\\\/\\\/gldlaw.com\\\/es\\\/inmigracion\\\/inmigracion-familiar\\\/visas-de-pariente-inmediato\\\/\"]}]},{\"@type\":\"ImageObject\",\"inLanguage\":\"es\",\"@id\":\"https:\\\/\\\/gldlaw.com\\\/es\\\/inmigracion\\\/inmigracion-familiar\\\/visas-de-pariente-inmediato\\\/#primaryimage\",\"url\":\"https:\\\/\\\/gldlaw.com\\\/wp-content\\\/uploads\\\/2022\\\/02\\\/Immediate-Relative-Visas---IR-1-CR-1-IR-2-and-More.png\",\"contentUrl\":\"https:\\\/\\\/gldlaw.com\\\/wp-content\\\/uploads\\\/2022\\\/02\\\/Immediate-Relative-Visas---IR-1-CR-1-IR-2-and-More.png\"},{\"@type\":\"BreadcrumbList\",\"@id\":\"https:\\\/\\\/gldlaw.com\\\/es\\\/inmigracion\\\/inmigracion-familiar\\\/visas-de-pariente-inmediato\\\/#breadcrumb\",\"itemListElement\":[{\"@type\":\"ListItem\",\"position\":1,\"name\":\"Home\",\"item\":\"https:\\\/\\\/gldlaw.com\\\/es\\\/\"},{\"@type\":\"ListItem\",\"position\":2,\"name\":\"Areas de Pr\u00e1ctica\",\"item\":\"https:\\\/\\\/gldlaw.com\\\/es\\\/inmigracion\\\/\"},{\"@type\":\"ListItem\",\"position\":3,\"name\":\"Inmigraci\u00f3n Familiar\",\"item\":\"https:\\\/\\\/gldlaw.com\\\/es\\\/inmigracion\\\/inmigracion-familiar\\\/\"},{\"@type\":\"ListItem\",\"position\":4,\"name\":\"Visas De Pariente Inmediato \u2013 IR-1, CR-1, IR-2 Y M\u00e1s\"}]},{\"@type\":\"WebSite\",\"@id\":\"https:\\\/\\\/gldlaw.com\\\/es\\\/#website\",\"url\":\"https:\\\/\\\/gldlaw.com\\\/es\\\/\",\"name\":\"Davis &amp; Associates\",\"description\":\"Dallas \\\/ Fort Worth Immigration Attorney\",\"potentialAction\":[{\"@type\":\"SearchAction\",\"target\":{\"@type\":\"EntryPoint\",\"urlTemplate\":\"https:\\\/\\\/gldlaw.com\\\/es\\\/?s={search_term_string}\"},\"query-input\":{\"@type\":\"PropertyValueSpecification\",\"valueRequired\":true,\"valueName\":\"search_term_string\"}}],\"inLanguage\":\"es\"}]}<\/script>\n<!-- \/ Yoast SEO plugin. -->","yoast_head_json":{"title":"Visas De Pariente Inmediato \u2013 IR-1, CR-1, IR-2 Y M\u00e1s - GLD Law","description":"Si est\u00e1 relacionado con un ciudadano estadounidense, puede calificar para una visa de pariente inmediato que le permite venir a los Estados Unidos sin esperar. \u00a1Aprende m\u00e1s ahora!","robots":{"index":"index","follow":"follow","max-snippet":"max-snippet:-1","max-image-preview":"max-image-preview:large","max-video-preview":"max-video-preview:-1"},"canonical":"https:\/\/gldlaw.com\/es\/inmigracion\/inmigracion-familiar\/visas-de-pariente-inmediato\/","og_locale":"es_MX","og_type":"article","og_title":"Visas De Pariente Inmediato \u2013 IR-1, CR-1, IR-2 Y M\u00e1s - GLD Law","og_description":"Si est\u00e1 relacionado con un ciudadano estadounidense, puede calificar para una visa de pariente inmediato que le permite venir a los Estados Unidos sin esperar. \u00a1Aprende m\u00e1s ahora!","og_url":"https:\/\/gldlaw.com\/es\/inmigracion\/inmigracion-familiar\/visas-de-pariente-inmediato\/","og_site_name":"Davis &amp; Associates","article_publisher":"https:\/\/www.facebook.com\/GLDavisandAssociates\/","article_modified_time":"2025-04-14T16:16:44+00:00","og_image":[{"url":"https:\/\/gldlaw.com\/wp-content\/uploads\/2022\/02\/Immediate-Relative-Visas---IR-1-CR-1-IR-2-and-More.png","type":"","width":"","height":""}],"twitter_card":"summary_large_image","twitter_site":"@GLD_Law","twitter_misc":{"Tiempo de lectura":"6 minutos"},"schema":{"@context":"https:\/\/schema.org","@graph":[{"@type":"WebPage","@id":"https:\/\/gldlaw.com\/es\/inmigracion\/inmigracion-familiar\/visas-de-pariente-inmediato\/","url":"https:\/\/gldlaw.com\/es\/inmigracion\/inmigracion-familiar\/visas-de-pariente-inmediato\/","name":"Visas De Pariente Inmediato \u2013 IR-1, CR-1, IR-2 Y M\u00e1s - GLD Law","isPartOf":{"@id":"https:\/\/gldlaw.com\/es\/#website"},"primaryImageOfPage":{"@id":"https:\/\/gldlaw.com\/es\/inmigracion\/inmigracion-familiar\/visas-de-pariente-inmediato\/#primaryimage"},"image":{"@id":"https:\/\/gldlaw.com\/es\/inmigracion\/inmigracion-familiar\/visas-de-pariente-inmediato\/#primaryimage"},"thumbnailUrl":"https:\/\/gldlaw.com\/wp-content\/uploads\/2022\/02\/Immediate-Relative-Visas---IR-1-CR-1-IR-2-and-More.png","datePublished":"2022-02-25T19:53:32+00:00","dateModified":"2025-04-14T16:16:44+00:00","description":"Si est\u00e1 relacionado con un ciudadano estadounidense, puede calificar para una visa de pariente inmediato que le permite venir a los Estados Unidos sin esperar. \u00a1Aprende m\u00e1s ahora!","breadcrumb":{"@id":"https:\/\/gldlaw.com\/es\/inmigracion\/inmigracion-familiar\/visas-de-pariente-inmediato\/#breadcrumb"},"inLanguage":"es","potentialAction":[{"@type":"ReadAction","target":["https:\/\/gldlaw.com\/es\/inmigracion\/inmigracion-familiar\/visas-de-pariente-inmediato\/"]}]},{"@type":"ImageObject","inLanguage":"es","@id":"https:\/\/gldlaw.com\/es\/inmigracion\/inmigracion-familiar\/visas-de-pariente-inmediato\/#primaryimage","url":"https:\/\/gldlaw.com\/wp-content\/uploads\/2022\/02\/Immediate-Relative-Visas---IR-1-CR-1-IR-2-and-More.png","contentUrl":"https:\/\/gldlaw.com\/wp-content\/uploads\/2022\/02\/Immediate-Relative-Visas---IR-1-CR-1-IR-2-and-More.png"},{"@type":"BreadcrumbList","@id":"https:\/\/gldlaw.com\/es\/inmigracion\/inmigracion-familiar\/visas-de-pariente-inmediato\/#breadcrumb","itemListElement":[{"@type":"ListItem","position":1,"name":"Home","item":"https:\/\/gldlaw.com\/es\/"},{"@type":"ListItem","position":2,"name":"Areas de Pr\u00e1ctica","item":"https:\/\/gldlaw.com\/es\/inmigracion\/"},{"@type":"ListItem","position":3,"name":"Inmigraci\u00f3n Familiar","item":"https:\/\/gldlaw.com\/es\/inmigracion\/inmigracion-familiar\/"},{"@type":"ListItem","position":4,"name":"Visas De Pariente Inmediato \u2013 IR-1, CR-1, IR-2 Y M\u00e1s"}]},{"@type":"WebSite","@id":"https:\/\/gldlaw.com\/es\/#website","url":"https:\/\/gldlaw.com\/es\/","name":"Davis &amp; Associates","description":"Dallas \/ Fort Worth Immigration Attorney","potentialAction":[{"@type":"SearchAction","target":{"@type":"EntryPoint","urlTemplate":"https:\/\/gldlaw.com\/es\/?s={search_term_string}"},"query-input":{"@type":"PropertyValueSpecification","valueRequired":true,"valueName":"search_term_string"}}],"inLanguage":"es"}]}},"_links":{"self":[{"href":"https:\/\/gldlaw.com\/es\/wp-json\/wp\/v2\/pages\/9296","targetHints":{"allow":["GET"]}}],"collection":[{"href":"https:\/\/gldlaw.com\/es\/wp-json\/wp\/v2\/pages"}],"about":[{"href":"https:\/\/gldlaw.com\/es\/wp-json\/wp\/v2\/types\/page"}],"author":[{"embeddable":true,"href":"https:\/\/gldlaw.com\/es\/wp-json\/wp\/v2\/users\/5"}],"replies":[{"embeddable":true,"href":"https:\/\/gldlaw.com\/es\/wp-json\/wp\/v2\/comments?post=9296"}],"version-history":[{"count":4,"href":"https:\/\/gldlaw.com\/es\/wp-json\/wp\/v2\/pages\/9296\/revisions"}],"predecessor-version":[{"id":12124,"href":"https:\/\/gldlaw.com\/es\/wp-json\/wp\/v2\/pages\/9296\/revisions\/12124"}],"up":[{"embeddable":true,"href":"https:\/\/gldlaw.com\/es\/wp-json\/wp\/v2\/pages\/3424"}],"wp:attachment":[{"href":"https:\/\/gldlaw.com\/es\/wp-json\/wp\/v2\/media?parent=9296"}],"curies":[{"name":"wp","href":"https:\/\/api.w.org\/{rel}","templated":true}]}}