{"id":9301,"date":"2022-01-25T11:23:32","date_gmt":"2022-01-25T17:23:32","guid":{"rendered":"https:\/\/gldlaw.com\/inmigracion\/visas-and-green-cards-for-vawa\/"},"modified":"2025-04-14T11:22:41","modified_gmt":"2025-04-14T16:22:41","slug":"vawa","status":"publish","type":"page","link":"https:\/\/gldlaw.com\/es\/inmigracion\/vawa\/","title":{"rendered":"VAWA: Visas Y Tarjetas Verdes Para Auto-Peticionarios De VAWA"},"content":{"rendered":"\n\n\t<h1>VAWA: Visas Y Tarjetas Verdes Para Auto-Peticionarios De VAWA en Texas<\/h1>\n\t<p><img loading=\"lazy\" decoding=\"async\" src=\"https:\/\/gldlaw.com\/wp-content\/uploads\/2022\/01\/Visas-and-Green-Cards-for-VAWA-Self-Petitioners-Davis-Associates-1024x538.png\" alt=\"Visas and Green Cards for VAWA Self-Petitioners - Davis &amp; Associates\" width=\"526\" height=\"276\" \/>La Ley de Violencia contra la Mujer, o VAWA, proporciona v\u00edas especiales hacia la residencia para los familiares abusados de ciudadanos estadounidenses y residentes permanentes legales.<\/p>\n<p>Bajo VAWA, las personas pueden solicitar al gobierno un ajuste de estatus para convertirse en residentes permanentes legales de los Estados Unidos. Esto es lo que necesitas saber.<\/p>\n<h2>\u00bfQu\u00e9 es una visa VAWA\/green card?<\/h2>\n<p>Las v\u00edctimas de agresi\u00f3n o crueldad extrema a manos de un familiar inmediato pueden solicitar al gobierno de los Estados Unidos la residencia permanente legal por su cuenta al ser auto-peticionarios de VAWA. Esto significa que algunas personas con relaciones familiares elegibles pueden solicitar al gobierno una tarjeta verde sin el conocimiento o consentimiento de su familiar.<\/p>\n<p>Si no est\u00e1 en los Estados Unidos, necesitar\u00e1 una visa VAWA. Si ya est\u00e1 en los Estados Unidos, puede saltar directamente a la solicitud de una tarjeta verde VAWA a trav\u00e9s del ajuste de estatus.<\/p>\n<h3>\u00bfQu\u00e9 es un auto-peticionario?<\/h3>\n<p>Un auto-peticionario de VAWA es una persona que solicita al gobierno de los Estados Unidos una tarjeta verde sin tener que pasar primero por su c\u00f3nyuge, padre o hijo. (Por lo general, un c\u00f3nyuge, padre o hijo no puede solicitar al gobierno de los Estados Unidos una tarjeta verde; su familiar debe hacerlo en su nombre).<\/p>\n<p>Debido a que estas personas son v\u00edctimas de agresi\u00f3n o crueldad extrema a manos de su familiar (siempre que el miembro de la familia sea ciudadano estadounidense o residente permanente legal), no necesitan que su familiar presente una petici\u00f3n de residencia para ellos. De hecho, ni siquiera necesitan obtener el consentimiento de su familiar, o incluso hacerle saber a su familiar que est\u00e1 solicitando una tarjeta verde.<\/p>\n\t<h2>Haga Clic Hoy Para Su Consulta Gratis<\/h2>\n\t\t\t<a href=\"https:\/\/gldlaw.com\/es\/contacto\/\" target=\"_self\">\n\t\t\t\t\t\t\tOprima Aqu\u00ed\n\t\t\t\t\t<\/a>\n\t<h2>\u00bfQui\u00e9n es elegible para el Ajuste de Estatus como Auto-Peticionario de VAWA?<\/h2>\n<p><img loading=\"lazy\" decoding=\"async\" src=\"https:\/\/gldlaw.com\/wp-content\/uploads\/2022\/01\/What-is-a-VAWA-VisaGreen-Card-Davis-Associates.png\" alt=\"What is a VAWA Visa:Green Card? - Davis &amp; Associates\" width=\"503\" height=\"377\" \/><\/p>\n<p>Usted es elegible para solicitar un ajuste de estatus como auto-peticionario de VAWA si es v\u00edctima de crueldad extrema o agresi\u00f3n cometida por su:<\/p>\n<ul>\n<li>C\u00f3nyuge ciudadano estadounidense<\/li>\n<li>Padre ciudadano estadounidense<\/li>\n<li>Hijo o hija ciudadano estadounidense<\/li>\n<li>C\u00f3nyuge o ex c\u00f3nyuge residente permanente legal<\/li>\n<li>Padre residente permanente legal<\/li>\n<\/ul>\n<p>Muchas personas eligen trabajar con un abogado de inmigraci\u00f3n para convertirse en auto-peticionarios de VAWA porque la cantidad de papeleo requerido puede ser tremenda, y desafortunadamente, tambi\u00e9n puede ser confuso. Debe presentar correctamente un Formulario I-485, Solicitud de Registro de Residencia Permanente o Ajuste de Estatus, y debe estar f\u00edsicamente presente en los Estados Unidos. Tambi\u00e9n debe ser elegible para recibir una visa de inmigrante (eso significa que el gobierno de los Estados Unidos decide que usted es admisible en los Estados Unidos, no que realmente debe <em>obtener<\/em> una visa; ya debe tener una visa si est\u00e1 en los Estados Unidos). No puede tener ninguna restricci\u00f3n para el ajuste de estatus, y merece el ejercicio favorable de la discreci\u00f3n de los Servicios de Ciudadan\u00eda e Inmigraci\u00f3n de los Estados Unidos. (Eso simplemente significa que hay m\u00e1s &#8220;positivos&#8221; en su caso que &#8220;negativos&#8221;).<\/p>\n<h3>\u00bfEl abuso tiene que ser f\u00edsico?<\/h3>\n<p>Usted puede ser un auto-peticionario de VAWA si su familiar nunca fue f\u00edsicamente violento con usted. No necesita probar el abuso f\u00edsico <a href=\"https:\/\/gldlaw.com\/immigration\/family-immigration\/parents-green-card\/\"  data-wpil-monitor-id=\"72\">para obtener una visa VAWA o una tarjeta verde<\/a>. Si no est\u00e1 seguro de si califica, debe comunicarse con un abogado de inmigraci\u00f3n. Entendemos que puede ser dif\u00edcil hablar sobre su situaci\u00f3n, pero es posible que podamos ayudarlo.<\/p>\n<h3>\u00bfQu\u00e9 son las barras para ajustar?<\/h3>\n<p>Las restricciones al ajuste son condiciones que no ha cumplido, o que ha violado, que legalmente le impiden ajustar su estado de estar en los Estados Unidos como visitante a ser un residente permanente legal.<\/p>\n<p>Sin embargo, vale la pena se\u00f1alar que muchas barreras para el ajuste, como no estar en un estado migratorio legal cuando presenta la solicitud o no mantener un estado legal desde que ingres\u00f3 a los Estados Unidos, no se aplican a los auto-peticionarios de VAWA.<\/p>\n<p>Si no est\u00e1 seguro de si se le permite solicitar al gobierno que ajuste su estado, debe programar una consulta gratuita con un abogado de inmigraci\u00f3n para obtener asesoramiento. Tambi\u00e9n puede revisar el Manual de Pol\u00edticas de USCIS para obtener m\u00e1s informaci\u00f3n sobre las restricciones al ajuste para los auto-peticionarios de VAWA; est\u00e1n en <a href=\"https:\/\/www.uscis.gov\/policy-manual\/volume-7-part-b-chapter-8\">el cap\u00edtulo 8<\/a>.<\/p>\n<h3>\u00bfCu\u00e1les son los motivos de inadmisibilidad?<\/h3>\n<p>Algunas personas se consideran inadmisibles en los Estados Unidos. Eso significa que el gobierno de los Estados Unidos dice que usted no califica por ninguna de una variedad de razones.<\/p>\n<p>Sin embargo, si usted es un auto-peticionario de VAWA que busca una visa VAWA o una tarjeta verde, dos motivos de inadmisibilidad no se aplican a usted: ser una carga p\u00fablica y la entrada sin inspecci\u00f3n.<\/p>\n<p>Por lo general, para todos, excepto para los auto-peticionarios de VAWA, es decir, no debe ser una carga p\u00fablica. Eso significa que no depender\u00e1 de los programas de asistencia p\u00fablica (como el Programa de Asistencia Nutricional Suplementaria, o SNAP, u otros beneficios emitidos por el gobierno). Adem\u00e1s, incluso si ingres\u00f3 a los Estados Unidos sin inspecci\u00f3n, que normalmente es un motivo de inadmisibilidad, a\u00fan puede solicitar una tarjeta verde bajo VAWA.<\/p>\n\t<h2>Haga Clic Hoy Para Su Consulta Gratis<\/h2>\n\t\t\t<a href=\"https:\/\/gldlaw.com\/es\/contacto\/\" target=\"_self\">\n\t\t\t\t\t\t\tOprima Aqu\u00ed\n\t\t\t\t\t<\/a>\n\t<h2>\u00bfQui\u00e9n es elegible para una visa VAWA?<\/h2>\n<p>Si actualmente no se encuentra en los Estados Unidos pero tiene una relaci\u00f3n familiar calificada con un ciudadano estadounidense o residente permanente legal, necesitar\u00e1 una visa VAWA para ingresar al pa\u00eds. Puede recibir una visa VAWA de inmigrante si tiene una auto-petici\u00f3n VAWA aprobada (a trav\u00e9s del Formulario I-360, Petici\u00f3n para Amerasi\u00e1tico, Viudo(a) o Inmigrante Especial), o si ha presentado previamente una auto-petici\u00f3n VAWA que permanece pendiente o finalmente es aprobada. Tambi\u00e9n puede solicitar una visa VAWA al mismo tiempo que presenta un Formulario I-485.<\/p>\n<h2>C\u00f3mo solicitar una tarjeta verde VAWA<\/h2>\n<p>Muchos auto-peticionarios de VAWA eligen trabajar con un abogado de inmigraci\u00f3n para solicitar una tarjeta verde de VAWA. Esto se debe a que el papeleo puede ser largo y confuso, y porque un solo error puede hacer que una petici\u00f3n tarde meses m\u00e1s de lo que normalmente lo har\u00eda (o peor a\u00fan, podr\u00eda hacer que USCIS rechace una petici\u00f3n por completo).<\/p>\n<p><img loading=\"lazy\" decoding=\"async\" src=\"https:\/\/gldlaw.com\/wp-content\/uploads\/2022\/01\/VAWA-Visa-Attorneys-in-Dallas-Houston-Davis-Associates.png\" alt=\"VAWA Visa Attorneys in Dallas &amp; Houston - Davis &amp; Associates\" width=\"501\" height=\"263\" \/>Su solicitud depende de d\u00f3nde se encuentre cuando presente la solicitud, ya sea que se encuentre en los Estados Unidos o en otro pa\u00eds, y si ya tiene un Formulario I-360. Si ya tiene un I-360 aprobado, o si ya ha presentado uno y su solicitud est\u00e1 pendiente, puede presentar un Formulario I-485 para ajustar su estado. Sin embargo, si no tiene un Formulario I-130, debe enviar uno.<\/p>\n<p>Nota: Si su familiar abusivo ya ha presentado un Formulario I-130 o un Formulario I-485 para usted, tambi\u00e9n debe notificar a USCIS que tiene la intenci\u00f3n de cambiar la petici\u00f3n para que est\u00e9 solicitando por s\u00ed mismo. Debe hacerlo dentro de los 30 d\u00edas; si no lo hace, USCIS puede tomar una decisi\u00f3n basada en la petici\u00f3n original.<\/p>\n<p>Tambi\u00e9n debe proporcionar registros policiales y judiciales certificados de arrestos, cargos penales o condenas judiciales si los tiene. Estos pueden ayudar a demostrar a USCIS que usted es un miembro de la familia abusado. Tambi\u00e9n necesitar\u00e1 otra documentaci\u00f3n con su petici\u00f3n, incluida una copia de la p\u00e1gina de su pasaporte con su visa de no inmigrante, registros de llegada y salida, y documentaci\u00f3n de estados migratorios pasados o presentes que haya tenido en los Estados Unidos.<\/p>\n<h3>\u00bfMi familiar se enterar\u00e1 de que soy un auto-peticionario de VAWA?<\/h3>\n<p>La informaci\u00f3n en su auto-petici\u00f3n de VAWA permanecer\u00e1 confidencial. Su familiar no sabr\u00e1 que usted est\u00e1 presentando un caso de VAWA.<\/p>\n<h2>\u00bfNecesita hablar con un abogado sobre una visa VAWA o una tarjeta verde VAWA?<\/h2>\n<p>Si cree que es elegible para ser un auto-peticionario de VAWA para obtener una visa o tarjeta verde, es posible que podamos ayudarlo. Llame a nuestra oficina hoy para programar su consulta completamente gratuita y completamente confidencial con un profesional experimentado.<\/p>\n\t<h2>Haga Clic Hoy Para Su Consulta Gratis<\/h2>\n\t\t\t<a href=\"https:\/\/gldlaw.com\/es\/contacto\/\" target=\"_self\">\n\t\t\t\t\t\t\tOprima Aqu\u00ed\n\t\t\t\t\t<\/a>\n\n","protected":false},"excerpt":{"rendered":"<p>VAWA: Visas Y Tarjetas Verdes Para Auto-Peticionarios De VAWA en Texas La Ley de Violencia contra la Mujer, o VAWA, proporciona v\u00edas especiales hacia la residencia para los familiares abusados de ciudadanos estadounidenses y residentes permanentes legales. Bajo VAWA, las personas pueden solicitar al gobierno un ajuste de estatus para convertirse en residentes permanentes legales&hellip;<\/p>\n","protected":false},"author":5,"featured_media":0,"parent":3409,"menu_order":0,"comment_status":"closed","ping_status":"closed","template":"","meta":{"_monsterinsights_skip_tracking":false,"_monsterinsights_sitenote_active":false,"_monsterinsights_sitenote_note":"","_monsterinsights_sitenote_category":0,"footnotes":""},"class_list":["post-9301","page","type-page","status-publish","hentry"],"yoast_head":"<!-- This site is optimized with the Yoast SEO plugin v27.4 - https:\/\/yoast.com\/product\/yoast-seo-wordpress\/ -->\n<title>VAWA: Visas Y Tarjetas Verdes Para Auto-Peticionarios De VAWA - GLD Law<\/title>\n<meta name=\"description\" content=\"La Ley de Violencia contra la Mujer proporciona protecciones especiales para las familias maltratadas de ciudadanos estadounidenses y LPR. Obtenga m\u00e1s informaci\u00f3n sobre las tarjetas verdes de VAWA ahora.\" \/>\n<meta name=\"robots\" content=\"index, follow, max-snippet:-1, max-image-preview:large, max-video-preview:-1\" \/>\n<link rel=\"canonical\" href=\"https:\/\/gldlaw.com\/es\/inmigracion\/vawa\/\" \/>\n<meta property=\"og:locale\" content=\"es_MX\" \/>\n<meta property=\"og:type\" content=\"article\" \/>\n<meta property=\"og:title\" content=\"VAWA: Visas Y Tarjetas Verdes Para Auto-Peticionarios De VAWA - GLD Law\" \/>\n<meta property=\"og:description\" content=\"La Ley de Violencia contra la Mujer proporciona protecciones especiales para las familias maltratadas de ciudadanos estadounidenses y LPR. Obtenga m\u00e1s informaci\u00f3n sobre las tarjetas verdes de VAWA ahora.\" \/>\n<meta property=\"og:url\" content=\"https:\/\/gldlaw.com\/es\/inmigracion\/vawa\/\" \/>\n<meta property=\"og:site_name\" content=\"Davis &amp; Associates\" \/>\n<meta property=\"article:publisher\" content=\"https:\/\/www.facebook.com\/GLDavisandAssociates\/\" \/>\n<meta property=\"article:modified_time\" content=\"2025-04-14T16:22:41+00:00\" \/>\n<meta property=\"og:image\" content=\"https:\/\/gldlaw.com\/wp-content\/uploads\/2022\/01\/Visas-and-Green-Cards-for-VAWA-Self-Petitioners-Davis-Associates-1024x538.png\" \/>\n<meta name=\"twitter:card\" content=\"summary_large_image\" \/>\n<meta name=\"twitter:site\" content=\"@GLD_Law\" \/>\n<meta name=\"twitter:label1\" content=\"Tiempo de lectura\" \/>\n\t<meta name=\"twitter:data1\" content=\"7 minutos\" \/>\n<script type=\"application\/ld+json\" class=\"yoast-schema-graph\">{\"@context\":\"https:\\\/\\\/schema.org\",\"@graph\":[{\"@type\":\"WebPage\",\"@id\":\"https:\\\/\\\/gldlaw.com\\\/es\\\/inmigracion\\\/vawa\\\/\",\"url\":\"https:\\\/\\\/gldlaw.com\\\/es\\\/inmigracion\\\/vawa\\\/\",\"name\":\"VAWA: Visas Y Tarjetas Verdes Para Auto-Peticionarios De VAWA - GLD Law\",\"isPartOf\":{\"@id\":\"https:\\\/\\\/gldlaw.com\\\/es\\\/#website\"},\"primaryImageOfPage\":{\"@id\":\"https:\\\/\\\/gldlaw.com\\\/es\\\/inmigracion\\\/vawa\\\/#primaryimage\"},\"image\":{\"@id\":\"https:\\\/\\\/gldlaw.com\\\/es\\\/inmigracion\\\/vawa\\\/#primaryimage\"},\"thumbnailUrl\":\"https:\\\/\\\/gldlaw.com\\\/wp-content\\\/uploads\\\/2022\\\/01\\\/Visas-and-Green-Cards-for-VAWA-Self-Petitioners-Davis-Associates-1024x538.png\",\"datePublished\":\"2022-01-25T17:23:32+00:00\",\"dateModified\":\"2025-04-14T16:22:41+00:00\",\"description\":\"La Ley de Violencia contra la Mujer proporciona protecciones especiales para las familias maltratadas de ciudadanos estadounidenses y LPR. Obtenga m\u00e1s informaci\u00f3n sobre las tarjetas verdes de VAWA ahora.\",\"breadcrumb\":{\"@id\":\"https:\\\/\\\/gldlaw.com\\\/es\\\/inmigracion\\\/vawa\\\/#breadcrumb\"},\"inLanguage\":\"es\",\"potentialAction\":[{\"@type\":\"ReadAction\",\"target\":[\"https:\\\/\\\/gldlaw.com\\\/es\\\/inmigracion\\\/vawa\\\/\"]}]},{\"@type\":\"ImageObject\",\"inLanguage\":\"es\",\"@id\":\"https:\\\/\\\/gldlaw.com\\\/es\\\/inmigracion\\\/vawa\\\/#primaryimage\",\"url\":\"https:\\\/\\\/gldlaw.com\\\/wp-content\\\/uploads\\\/2022\\\/01\\\/Visas-and-Green-Cards-for-VAWA-Self-Petitioners-Davis-Associates-1024x538.png\",\"contentUrl\":\"https:\\\/\\\/gldlaw.com\\\/wp-content\\\/uploads\\\/2022\\\/01\\\/Visas-and-Green-Cards-for-VAWA-Self-Petitioners-Davis-Associates-1024x538.png\"},{\"@type\":\"BreadcrumbList\",\"@id\":\"https:\\\/\\\/gldlaw.com\\\/es\\\/inmigracion\\\/vawa\\\/#breadcrumb\",\"itemListElement\":[{\"@type\":\"ListItem\",\"position\":1,\"name\":\"Home\",\"item\":\"https:\\\/\\\/gldlaw.com\\\/es\\\/\"},{\"@type\":\"ListItem\",\"position\":2,\"name\":\"Areas de Pr\u00e1ctica\",\"item\":\"https:\\\/\\\/gldlaw.com\\\/es\\\/inmigracion\\\/\"},{\"@type\":\"ListItem\",\"position\":3,\"name\":\"VAWA: Visas Y Tarjetas Verdes Para Auto-Peticionarios De VAWA\"}]},{\"@type\":\"WebSite\",\"@id\":\"https:\\\/\\\/gldlaw.com\\\/es\\\/#website\",\"url\":\"https:\\\/\\\/gldlaw.com\\\/es\\\/\",\"name\":\"Davis &amp; Associates\",\"description\":\"Dallas \\\/ Fort Worth Immigration Attorney\",\"potentialAction\":[{\"@type\":\"SearchAction\",\"target\":{\"@type\":\"EntryPoint\",\"urlTemplate\":\"https:\\\/\\\/gldlaw.com\\\/es\\\/?s={search_term_string}\"},\"query-input\":{\"@type\":\"PropertyValueSpecification\",\"valueRequired\":true,\"valueName\":\"search_term_string\"}}],\"inLanguage\":\"es\"}]}<\/script>\n<!-- \/ Yoast SEO plugin. -->","yoast_head_json":{"title":"VAWA: Visas Y Tarjetas Verdes Para Auto-Peticionarios De VAWA - GLD Law","description":"La Ley de Violencia contra la Mujer proporciona protecciones especiales para las familias maltratadas de ciudadanos estadounidenses y LPR. Obtenga m\u00e1s informaci\u00f3n sobre las tarjetas verdes de VAWA ahora.","robots":{"index":"index","follow":"follow","max-snippet":"max-snippet:-1","max-image-preview":"max-image-preview:large","max-video-preview":"max-video-preview:-1"},"canonical":"https:\/\/gldlaw.com\/es\/inmigracion\/vawa\/","og_locale":"es_MX","og_type":"article","og_title":"VAWA: Visas Y Tarjetas Verdes Para Auto-Peticionarios De VAWA - GLD Law","og_description":"La Ley de Violencia contra la Mujer proporciona protecciones especiales para las familias maltratadas de ciudadanos estadounidenses y LPR. Obtenga m\u00e1s informaci\u00f3n sobre las tarjetas verdes de VAWA ahora.","og_url":"https:\/\/gldlaw.com\/es\/inmigracion\/vawa\/","og_site_name":"Davis &amp; Associates","article_publisher":"https:\/\/www.facebook.com\/GLDavisandAssociates\/","article_modified_time":"2025-04-14T16:22:41+00:00","og_image":[{"url":"https:\/\/gldlaw.com\/wp-content\/uploads\/2022\/01\/Visas-and-Green-Cards-for-VAWA-Self-Petitioners-Davis-Associates-1024x538.png","type":"","width":"","height":""}],"twitter_card":"summary_large_image","twitter_site":"@GLD_Law","twitter_misc":{"Tiempo de lectura":"7 minutos"},"schema":{"@context":"https:\/\/schema.org","@graph":[{"@type":"WebPage","@id":"https:\/\/gldlaw.com\/es\/inmigracion\/vawa\/","url":"https:\/\/gldlaw.com\/es\/inmigracion\/vawa\/","name":"VAWA: Visas Y Tarjetas Verdes Para Auto-Peticionarios De VAWA - GLD Law","isPartOf":{"@id":"https:\/\/gldlaw.com\/es\/#website"},"primaryImageOfPage":{"@id":"https:\/\/gldlaw.com\/es\/inmigracion\/vawa\/#primaryimage"},"image":{"@id":"https:\/\/gldlaw.com\/es\/inmigracion\/vawa\/#primaryimage"},"thumbnailUrl":"https:\/\/gldlaw.com\/wp-content\/uploads\/2022\/01\/Visas-and-Green-Cards-for-VAWA-Self-Petitioners-Davis-Associates-1024x538.png","datePublished":"2022-01-25T17:23:32+00:00","dateModified":"2025-04-14T16:22:41+00:00","description":"La Ley de Violencia contra la Mujer proporciona protecciones especiales para las familias maltratadas de ciudadanos estadounidenses y LPR. Obtenga m\u00e1s informaci\u00f3n sobre las tarjetas verdes de VAWA ahora.","breadcrumb":{"@id":"https:\/\/gldlaw.com\/es\/inmigracion\/vawa\/#breadcrumb"},"inLanguage":"es","potentialAction":[{"@type":"ReadAction","target":["https:\/\/gldlaw.com\/es\/inmigracion\/vawa\/"]}]},{"@type":"ImageObject","inLanguage":"es","@id":"https:\/\/gldlaw.com\/es\/inmigracion\/vawa\/#primaryimage","url":"https:\/\/gldlaw.com\/wp-content\/uploads\/2022\/01\/Visas-and-Green-Cards-for-VAWA-Self-Petitioners-Davis-Associates-1024x538.png","contentUrl":"https:\/\/gldlaw.com\/wp-content\/uploads\/2022\/01\/Visas-and-Green-Cards-for-VAWA-Self-Petitioners-Davis-Associates-1024x538.png"},{"@type":"BreadcrumbList","@id":"https:\/\/gldlaw.com\/es\/inmigracion\/vawa\/#breadcrumb","itemListElement":[{"@type":"ListItem","position":1,"name":"Home","item":"https:\/\/gldlaw.com\/es\/"},{"@type":"ListItem","position":2,"name":"Areas de Pr\u00e1ctica","item":"https:\/\/gldlaw.com\/es\/inmigracion\/"},{"@type":"ListItem","position":3,"name":"VAWA: Visas Y Tarjetas Verdes Para Auto-Peticionarios De VAWA"}]},{"@type":"WebSite","@id":"https:\/\/gldlaw.com\/es\/#website","url":"https:\/\/gldlaw.com\/es\/","name":"Davis &amp; Associates","description":"Dallas \/ Fort Worth Immigration Attorney","potentialAction":[{"@type":"SearchAction","target":{"@type":"EntryPoint","urlTemplate":"https:\/\/gldlaw.com\/es\/?s={search_term_string}"},"query-input":{"@type":"PropertyValueSpecification","valueRequired":true,"valueName":"search_term_string"}}],"inLanguage":"es"}]}},"_links":{"self":[{"href":"https:\/\/gldlaw.com\/es\/wp-json\/wp\/v2\/pages\/9301","targetHints":{"allow":["GET"]}}],"collection":[{"href":"https:\/\/gldlaw.com\/es\/wp-json\/wp\/v2\/pages"}],"about":[{"href":"https:\/\/gldlaw.com\/es\/wp-json\/wp\/v2\/types\/page"}],"author":[{"embeddable":true,"href":"https:\/\/gldlaw.com\/es\/wp-json\/wp\/v2\/users\/5"}],"replies":[{"embeddable":true,"href":"https:\/\/gldlaw.com\/es\/wp-json\/wp\/v2\/comments?post=9301"}],"version-history":[{"count":4,"href":"https:\/\/gldlaw.com\/es\/wp-json\/wp\/v2\/pages\/9301\/revisions"}],"predecessor-version":[{"id":12141,"href":"https:\/\/gldlaw.com\/es\/wp-json\/wp\/v2\/pages\/9301\/revisions\/12141"}],"up":[{"embeddable":true,"href":"https:\/\/gldlaw.com\/es\/wp-json\/wp\/v2\/pages\/3409"}],"wp:attachment":[{"href":"https:\/\/gldlaw.com\/es\/wp-json\/wp\/v2\/media?parent=9301"}],"curies":[{"name":"wp","href":"https:\/\/api.w.org\/{rel}","templated":true}]}}