{"id":9361,"date":"2022-04-11T11:37:56","date_gmt":"2022-04-11T16:37:56","guid":{"rendered":"https:\/\/gldlaw.com\/inmigracion\/translating-immigration-documents\/"},"modified":"2023-12-05T01:19:24","modified_gmt":"2023-12-05T07:19:24","slug":"como-traducir-sus-documentos-de-inmigracion-al-ingles","status":"publish","type":"page","link":"https:\/\/gldlaw.com\/es\/inmigracion\/como-traducir-sus-documentos-de-inmigracion-al-ingles\/","title":{"rendered":"C\u00f3mo Traducir Sus Documentos De Inmigraci\u00f3n Al Ingl\u00e9s"},"content":{"rendered":"\n\n\t<h1>C\u00f3mo Traducir Sus Documentos De Inmigraci\u00f3n Al Ingl\u00e9s<\/h1>\n\t<p>Cuando env\u00eda formularios en idiomas extranjeros al gobierno de los Estados Unidos con fines de inmigraci\u00f3n, el gobierno requiere que los traduzca al ingl\u00e9s.<\/p>\n<p>Aunque el gobierno de los Estados Unidos emplea a muchas personas con antecedentes muy diversos, no hay garant\u00eda de que haya alguien en el personal que pueda traducir o entender su documento por usted.<\/p>\n<p>Esta gu\u00eda explica c\u00f3mo traducir documentos en idiomas extranjeros al ingl\u00e9s antes de enviarlos al gobierno de los Estados Unidos.<\/p>\n\t\t\t\t<img loading=\"lazy\" decoding=\"async\" src=\"https:\/\/gldlaw.com\/wp-content\/uploads\/2022\/04\/Understanding-the-Immigration-Process-with-Davis-Associates.png\" alt=\"Understanding the ImmigraUnderstanding the Immigration Process with Davis &amp; Associatestion Process with Davis &amp; Associates\" itemprop=\"image\" height=\"630\" width=\"1200\" title=\"Understanding the Immigration Process with Davis &amp; Associates\" onerror=\"this.style.display='none'\"  \/>\n\t<h2>\u00bfPor qu\u00e9 traducir sus documentos de inmigraci\u00f3n al ingl\u00e9s?<\/h2>\n<p>La raz\u00f3n principal por la que necesita traducir sus documentos de inmigraci\u00f3n al ingl\u00e9s es que el gobierno de los Estados Unidos no lo har\u00e1 por usted. Aunque estos documentos son obligatorios, usted es el responsable de traducirlos al ingl\u00e9s para que las personas que los revisan en la agencia de inmigraci\u00f3n con la que est\u00e1 trabajando puedan entenderlos.<\/p>\n<p><strong><em>Relacionado: <\/em><\/strong><a href=\"https:\/\/gldlaw.com\/applying-for-the-h-1b-visa\/\"><strong><em>Todo lo que necesita saber sobre el proceso de visa H-1B<\/em><\/strong><\/a><\/p>\n\t<h2>Haga Click Hoy Para Su Consulta Gratis<\/h2>\n\t\t\t<a href=\"https:\/\/gldlaw.com\/es\/contacto\/\" target=\"_self\" rel=\"noopener\">\n\t\t\t\t\t\t\tOprima Aqu\u00ed\n\t\t\t\t\t<\/a>\n\t<h2>\u00bfQu\u00e9 documentos necesita traducir?<\/h2>\n<p><img loading=\"lazy\" decoding=\"async\" src=\"https:\/\/gldlaw.com\/wp-content\/uploads\/2022\/04\/How-to-Translate-Your-Immigration-Documents-Into-English.png\" alt=\"How to Translate Your Immigration Documents Into English\" width=\"501\" height=\"376\" \/><\/p>\n<p>Todos los documentos en idiomas extranjeros que el gobierno de los Estados Unidos requiere que usted presente deben ser traducidos. No importa si se trata de un certificado de matrimonio, un certificado de nacimiento, un registro policial o incluso un extracto bancario. Si no est\u00e1 seguro de si un documento que tiene debe ser traducido, hable con su <a href=\"https:\/\/gldlaw.com\/es\/presentacion-de-la-oficina\/\">abogado de inmigraci\u00f3n de Dallas o Houston<\/a>. Su abogado le ayudar\u00e1 a determinar si es necesario.<\/p>\n<h2>C\u00f3mo traducir sus documentos de inmigraci\u00f3n al ingl\u00e9s<\/h2>\n<p>Usted, un familiar o amigo puede traducir sus documentos de inmigraci\u00f3n al ingl\u00e9s, siempre que pueda certificar que la persona que los traduce es competente en ambos idiomas. Nadie tiene que ser un experto en ambos idiomas para traducir. Las siguientes secciones describen los requisitos del gobierno de los Estados Unidos para los documentos traducidos.<\/p>\n<p><strong><em>Relacionado: <\/em><\/strong><a href=\"https:\/\/gldlaw.com\/es\/el-gobierno-exigira-la-vacuna-covid-para-la-residencia-permanente\/\"><strong><em>Requisitos de vacunaci\u00f3n COVID-19 para la residencia permanente en los EE. UU.<\/em><\/strong><\/a><\/p>\n<h3>\u00bfQui\u00e9n puede traducir sus documentos por usted?<\/h3>\n<p>Usted, alguien que conoce o un traductor profesional puede traducir sus documentos de inmigraci\u00f3n por usted. Sin embargo, el oficial de Servicios de Ciudadan\u00eda e Inmigraci\u00f3n de los Estados Unidos que eval\u00fae su documentaci\u00f3n tendr\u00e1 la \u00faltima palabra sobre si usted, un familiar o un amigo califican como traductor. Por esa raz\u00f3n, muchas personas optan por trabajar con un servicio de traducci\u00f3n profesional.<\/p>\n<h3>\u00bfQu\u00e9 es una carta de certificaci\u00f3n para documentos traducidos?<\/h3>\n<p>El gobierno de los Estados Unidos requiere que los documentos traducidos est\u00e9n certificados. Eso significa que el traductor debe certificar que es competente en ingl\u00e9s y en el idioma extranjero en el que est\u00e1 escrito el documento original. El gobierno de los Estados Unidos solo considerar\u00e1 que un documento est\u00e1 certificado si la persona que lo tradujo al ingl\u00e9s escribe una carta formal que dice que est\u00e1 calificada para traducir el documento en funci\u00f3n del dominio de ambos idiomas <em>y <\/em>que tradujo el documento de manera completa y precisa, lo mejor que pueda.<\/p>\n<p>La carta debe incluir el nombre del traductor, la direcci\u00f3n, la fecha en que escribi\u00f3 y firm\u00f3 la carta, y la firma. Debe presentar la carta de certificaci\u00f3n con las traducciones, as\u00ed como fotocopias de los documentos no traducidos en caso de que USCIS necesite verificar la exactitud de cualquiera de la informaci\u00f3n traducida. No es necesario que las traducciones est\u00e9n notariadas; solo necesita incluir la carta de certificaci\u00f3n con sus documentos.<\/p>\n<p>Una carta de certificaci\u00f3n puede decir algo como esto: &#8220;Yo, [nombre completo], certifico que hablo con fluidez (versado) en ingl\u00e9s y [idioma extranjero]. El documento adjunto es una traducci\u00f3n exacta de [nombre del documento]&#8221;. Esta recomendaci\u00f3n proviene del <a href=\"https:\/\/2009-2017.state.gov\/m\/dghr\/flo\/154965.htm\">Departamento de Estado de los Estados Unidos<\/a>.<\/p>\n<p><strong><em>Relacionado: <\/em><\/strong><a href=\"https:\/\/gldlaw.com\/es\/preparacion-para-su-entrevista-de-asilo\/\"><strong><em>C\u00f3mo prepararse para una entrevista de asilo<\/em><\/strong><\/a><\/p>\n<h3>\u00bfLos documentos de inmigraci\u00f3n traducidos tienen que ser mecanografiados e impresos?<\/h3>\n<p>Las traducciones que proporcione al gobierno de los Estados Unidos deben escribirse a m\u00e1quina. Aunque no hay una regla escrita sobre la presentaci\u00f3n de documentos escritos a mano, los funcionarios de USCIS tendr\u00e1n m\u00e1s facilidad para clasificar su paquete y evaluar sus formularios si los materiales que proporciona est\u00e1n mecanografiados.<\/p>\n<p><strong><em>Relacionado: <\/em><\/strong><a href=\"https:\/\/gldlaw.com\/guide-to-adjustment-of-status-for-u-s-immigration\/\"><strong><em>La gu\u00eda completa para el ajuste de estatus en la inmigraci\u00f3n de los Estados Unidos<\/em><\/strong><\/a><\/p>\n\t<h2>Haga Click Hoy Para Su Consulta Gratis<\/h2>\n\t\t\t<a href=\"https:\/\/gldlaw.com\/es\/contacto\/\" target=\"_self\" rel=\"noopener\">\n\t\t\t\t\t\t\tOprima Aqu\u00ed\n\t\t\t\t\t<\/a>\n\t<h3>\u00bfQu\u00e9 pasa si su documento en idioma extranjero es una &#8220;versi\u00f3n abreviada&#8221; del documento original?<\/h3>\n<p>En muchos casos, los gobiernos emiten versiones abreviadas de documentos, como certificados de nacimiento y disminuci\u00f3n del divorcio. A veces, estos documentos abreviados est\u00e1n bien para los prop\u00f3sitos de USCIS, pero en otros casos necesitar\u00e1 una versi\u00f3n completa.<\/p>\n<p>Por ejemplo, una traducci\u00f3n abreviada del certificado de nacimiento puede estar bien para identificar laedad de sus padres, pero presentar un certificado de nacimiento abreviado para usted no volar\u00e1 con USCIS. \u00a0Sino est\u00e1 seguro de si un documento est\u00e1 bien tal como est\u00e1, debe hablar con su abogado de inmigraci\u00f3n. Su abogado le informar\u00e1 si una versi\u00f3n abreviada est\u00e1 bien o si necesita obtener una versi\u00f3n completa antes de traducirla al ingl\u00e9s.<\/p>\n<h3>\u00bfCu\u00e1ndo necesita enviar documentos traducidos a Inmigraci\u00f3n?<\/h3>\n<p>Cada vez que env\u00ede documentos a USCIS u otra agencia gubernamental, deben traducirse al ingl\u00e9s. Recuerde, siempre debe presentar una copia del documento original <em>m\u00e1s<\/em> su versi\u00f3n traducida cuando env\u00ede documentaci\u00f3n a los Servicios de Ciudadan\u00eda e Inmigraci\u00f3n de los Estados Unidos o a cualquier otra agencia gubernamental.<\/p>\n<p><strong><em>Relacionado: <\/em><\/strong><a href=\"https:\/\/gldlaw.com\/what-is-consular-processing\/\"><strong><em>\u00bfQu\u00e9 es el procesamiento consular?<\/em><\/strong><\/a><\/p>\n<h3>\u00bfQu\u00e9 pasa si la traducci\u00f3n es pobre?<\/h3>\n<p>Si la traducci\u00f3n de sus documentos es de mala calidad, USCIS puede rechazar su petici\u00f3n de plano. Esto se debe aque el gobierno de los Estados Unidos requiere una precisi\u00f3n completa con las peticiones de inmigraci\u00f3n. Es muy importante que su traducci\u00f3n sea completa y precisa, por lo que a menudo es una buena idea, a menos que est\u00e9 trabajando con un servicio de traducci\u00f3n profesional, hacer que otra persona verifique sus documentos antes de enviarlos.<\/p>\n<h3>\u00bfCu\u00e1nto cuesta la traducci\u00f3n de documentos de inmigraci\u00f3n?<\/h3>\n<p>Los servicios de traducci\u00f3n var\u00edan en precio. A menudo, los profesionales de la traducci\u00f3n cobran por p\u00e1gina. Si est\u00e1 tratando de ahorrar dinero, puede ser en su mejor inter\u00e9s que un amigo o familiar traduzca sus documentos por usted, o que lo haga usted mismo. Dependiendo de la cantidad de documentos que necesite traducir, podr\u00eda mantener una cantidad significativa de efectivo en su bolsillo.<\/p>\n<p>Hay varias agencias de traducci\u00f3n profesionales que trabajan con frecuencia con documentos de inmigraci\u00f3n. Si necesita ayuda para encontrar uno, su abogado de inmigraci\u00f3n puede recomendarle una compa\u00f1\u00eda de buena reputaci\u00f3n que pueda ayudarlo o que tenga a alguien con quien trabajen constantemente.<\/p>\n<p><strong><em>Relacionado: <\/em><\/strong><a href=\"https:\/\/gldlaw.com\/what-to-expect-at-your-green-card-interview\/\"><strong><em>Qu\u00e9 esperar de una entrevista de tarjeta verde<\/em><\/strong><\/a><\/p>\n<h2>Cosas importantes que debe recordar sobre los documentos traducidos<\/h2>\n<p>Aseg\u00farese de que usted y su traductor sigan estos consejos para asegurarse de que USCIS u otra agencia gubernamental acepte su documentaci\u00f3n:<\/p>\n<ul>\n<li>No agregue ni reste ninguna informaci\u00f3n del documento original. Traducirlo palabra por palabra.<\/li>\n<li>No abrevie palabras ni use acr\u00f3nimos, o, si debe usar un acr\u00f3nimo, def\u00ednalo.<\/li>\n<li>Nunca olvides la carta de traducci\u00f3n. USCIS rechazar\u00e1 su petici\u00f3n si sus documentos no est\u00e1n certificados.<\/li>\n<li>Evite usar herramientas como Google Translate para traducir sus documentos de inmigraci\u00f3n. Aunque pueden proporcionarle traducciones r\u00e1pidas en un apuro, no est\u00e1n destinadas a documentos serios que est\u00e1 presentando como parte de una petici\u00f3n de inmigraci\u00f3n.<\/li>\n<li>Est\u00e1 bien traducir sus documentos usted mismo si conf\u00eda en su capacidad para hacerlo con precisi\u00f3n. Sin embargo, si no est\u00e1 seguro, es mejor que un amigo o familiar lo haga por usted. Si no tienes un amigo o familiar que domine tu lengua materna <em>y<\/em> el ingl\u00e9s, lo mejor es contratar un servicio de traducci\u00f3n profesional.<\/li>\n<\/ul>\n<h2>\u00bfNecesita ayuda de inmigraci\u00f3n?<\/h2>\n<p>Si est\u00e1 considerando inmigrar a lasUniversidades Unidas o est\u00e1 tratando de ayudar a un miembro de su familia a hacerlo, puede beneficiarse de trabajar con un abogado de inmigraci\u00f3n. \u00a0En Davis and Associates, ofrecemos servicios de traducci\u00f3n con nuestros servicios de inmigraci\u00f3n para que tenga una cosa menos de qu\u00e9 preocuparse.<\/p>\n<p>Llame a nuestra oficina hoy o cont\u00e1ctenos en l\u00ednea para programar una consulta gratuita con un abogado de inmigraci\u00f3n experimentado y atento. Estaremos encantados de responder a todas sus preguntas y hacer que apunte en la direcci\u00f3n correcta.<\/p>\n\t<h2>Haga Click Hoy Para Su Consulta Gratis<\/h2>\n\t\t\t<a href=\"https:\/\/gldlaw.com\/es\/contacto\/\" target=\"_self\" rel=\"noopener\">\n\t\t\t\t\t\t\tOprima Aqu\u00ed\n\t\t\t\t\t<\/a>\n\n","protected":false},"excerpt":{"rendered":"<p>C\u00f3mo Traducir Sus Documentos De Inmigraci\u00f3n Al Ingl\u00e9s Cuando env\u00eda formularios en idiomas extranjeros al gobierno de los Estados Unidos con fines de inmigraci\u00f3n, el gobierno requiere que los traduzca al ingl\u00e9s. Aunque el gobierno de los Estados Unidos emplea a muchas personas con antecedentes muy diversos, no hay garant\u00eda de que haya alguien en&hellip;<\/p>\n","protected":false},"author":5,"featured_media":0,"parent":3409,"menu_order":0,"comment_status":"closed","ping_status":"closed","template":"","meta":{"_monsterinsights_skip_tracking":false,"_monsterinsights_sitenote_active":false,"_monsterinsights_sitenote_note":"","_monsterinsights_sitenote_category":0,"footnotes":""},"class_list":["post-9361","page","type-page","status-publish","hentry"],"yoast_head":"<!-- This site is optimized with the Yoast SEO plugin v27.5 - https:\/\/yoast.com\/product\/yoast-seo-wordpress\/ -->\n<title>C\u00f3mo Traducir Sus Documentos De Inmigraci\u00f3n Al Ingl\u00e9s | GLD Law<\/title>\n<meta name=\"description\" content=\"El gobierno de los Estados Unidos requiere que traduzca documentos en idiomas extranjeros al ingl\u00e9s cuando los use con fines de inmigraci\u00f3n. A continuaci\u00f3n, le indicamos c\u00f3mo hacerlo.\" \/>\n<meta name=\"robots\" content=\"index, follow, max-snippet:-1, max-image-preview:large, max-video-preview:-1\" \/>\n<link rel=\"canonical\" href=\"https:\/\/gldlaw.com\/es\/inmigracion\/como-traducir-sus-documentos-de-inmigracion-al-ingles\/\" \/>\n<meta property=\"og:locale\" content=\"es_MX\" \/>\n<meta property=\"og:type\" content=\"article\" \/>\n<meta property=\"og:title\" content=\"C\u00f3mo Traducir Sus Documentos De Inmigraci\u00f3n Al Ingl\u00e9s | GLD Law\" \/>\n<meta property=\"og:description\" content=\"El gobierno de los Estados Unidos requiere que traduzca documentos en idiomas extranjeros al ingl\u00e9s cuando los use con fines de inmigraci\u00f3n. A continuaci\u00f3n, le indicamos c\u00f3mo hacerlo.\" \/>\n<meta property=\"og:url\" content=\"https:\/\/gldlaw.com\/es\/inmigracion\/como-traducir-sus-documentos-de-inmigracion-al-ingles\/\" \/>\n<meta property=\"og:site_name\" content=\"Davis &amp; Associates\" \/>\n<meta property=\"article:publisher\" content=\"https:\/\/www.facebook.com\/GLDavisandAssociates\/\" \/>\n<meta property=\"article:modified_time\" content=\"2023-12-05T07:19:24+00:00\" \/>\n<meta property=\"og:image\" content=\"https:\/\/gldlaw.com\/wp-content\/uploads\/2022\/04\/Understanding-the-Immigration-Process-with-Davis-Associates.png\" \/>\n<meta name=\"twitter:card\" content=\"summary_large_image\" \/>\n<meta name=\"twitter:site\" content=\"@GLD_Law\" \/>\n<meta name=\"twitter:label1\" content=\"Tiempo de lectura\" \/>\n\t<meta name=\"twitter:data1\" content=\"7 minutos\" \/>\n<script type=\"application\/ld+json\" class=\"yoast-schema-graph\">{\"@context\":\"https:\\\/\\\/schema.org\",\"@graph\":[{\"@type\":\"WebPage\",\"@id\":\"https:\\\/\\\/gldlaw.com\\\/es\\\/inmigracion\\\/como-traducir-sus-documentos-de-inmigracion-al-ingles\\\/\",\"url\":\"https:\\\/\\\/gldlaw.com\\\/es\\\/inmigracion\\\/como-traducir-sus-documentos-de-inmigracion-al-ingles\\\/\",\"name\":\"C\u00f3mo Traducir Sus Documentos De Inmigraci\u00f3n Al Ingl\u00e9s | GLD Law\",\"isPartOf\":{\"@id\":\"https:\\\/\\\/gldlaw.com\\\/es\\\/#website\"},\"primaryImageOfPage\":{\"@id\":\"https:\\\/\\\/gldlaw.com\\\/es\\\/inmigracion\\\/como-traducir-sus-documentos-de-inmigracion-al-ingles\\\/#primaryimage\"},\"image\":{\"@id\":\"https:\\\/\\\/gldlaw.com\\\/es\\\/inmigracion\\\/como-traducir-sus-documentos-de-inmigracion-al-ingles\\\/#primaryimage\"},\"thumbnailUrl\":\"https:\\\/\\\/gldlaw.com\\\/wp-content\\\/uploads\\\/2022\\\/04\\\/Understanding-the-Immigration-Process-with-Davis-Associates.png\",\"datePublished\":\"2022-04-11T16:37:56+00:00\",\"dateModified\":\"2023-12-05T07:19:24+00:00\",\"description\":\"El gobierno de los Estados Unidos requiere que traduzca documentos en idiomas extranjeros al ingl\u00e9s cuando los use con fines de inmigraci\u00f3n. A continuaci\u00f3n, le indicamos c\u00f3mo hacerlo.\",\"breadcrumb\":{\"@id\":\"https:\\\/\\\/gldlaw.com\\\/es\\\/inmigracion\\\/como-traducir-sus-documentos-de-inmigracion-al-ingles\\\/#breadcrumb\"},\"inLanguage\":\"es\",\"potentialAction\":[{\"@type\":\"ReadAction\",\"target\":[\"https:\\\/\\\/gldlaw.com\\\/es\\\/inmigracion\\\/como-traducir-sus-documentos-de-inmigracion-al-ingles\\\/\"]}]},{\"@type\":\"ImageObject\",\"inLanguage\":\"es\",\"@id\":\"https:\\\/\\\/gldlaw.com\\\/es\\\/inmigracion\\\/como-traducir-sus-documentos-de-inmigracion-al-ingles\\\/#primaryimage\",\"url\":\"https:\\\/\\\/gldlaw.com\\\/wp-content\\\/uploads\\\/2022\\\/04\\\/Understanding-the-Immigration-Process-with-Davis-Associates.png\",\"contentUrl\":\"https:\\\/\\\/gldlaw.com\\\/wp-content\\\/uploads\\\/2022\\\/04\\\/Understanding-the-Immigration-Process-with-Davis-Associates.png\"},{\"@type\":\"BreadcrumbList\",\"@id\":\"https:\\\/\\\/gldlaw.com\\\/es\\\/inmigracion\\\/como-traducir-sus-documentos-de-inmigracion-al-ingles\\\/#breadcrumb\",\"itemListElement\":[{\"@type\":\"ListItem\",\"position\":1,\"name\":\"Home\",\"item\":\"https:\\\/\\\/gldlaw.com\\\/es\\\/\"},{\"@type\":\"ListItem\",\"position\":2,\"name\":\"Areas de Pr\u00e1ctica\",\"item\":\"https:\\\/\\\/gldlaw.com\\\/es\\\/inmigracion\\\/\"},{\"@type\":\"ListItem\",\"position\":3,\"name\":\"C\u00f3mo Traducir Sus Documentos De Inmigraci\u00f3n Al Ingl\u00e9s\"}]},{\"@type\":\"WebSite\",\"@id\":\"https:\\\/\\\/gldlaw.com\\\/es\\\/#website\",\"url\":\"https:\\\/\\\/gldlaw.com\\\/es\\\/\",\"name\":\"Davis &amp; Associates\",\"description\":\"Dallas \\\/ Fort Worth Immigration Attorney\",\"potentialAction\":[{\"@type\":\"SearchAction\",\"target\":{\"@type\":\"EntryPoint\",\"urlTemplate\":\"https:\\\/\\\/gldlaw.com\\\/es\\\/?s={search_term_string}\"},\"query-input\":{\"@type\":\"PropertyValueSpecification\",\"valueRequired\":true,\"valueName\":\"search_term_string\"}}],\"inLanguage\":\"es\"}]}<\/script>\n<!-- \/ Yoast SEO plugin. -->","yoast_head_json":{"title":"C\u00f3mo Traducir Sus Documentos De Inmigraci\u00f3n Al Ingl\u00e9s | GLD Law","description":"El gobierno de los Estados Unidos requiere que traduzca documentos en idiomas extranjeros al ingl\u00e9s cuando los use con fines de inmigraci\u00f3n. A continuaci\u00f3n, le indicamos c\u00f3mo hacerlo.","robots":{"index":"index","follow":"follow","max-snippet":"max-snippet:-1","max-image-preview":"max-image-preview:large","max-video-preview":"max-video-preview:-1"},"canonical":"https:\/\/gldlaw.com\/es\/inmigracion\/como-traducir-sus-documentos-de-inmigracion-al-ingles\/","og_locale":"es_MX","og_type":"article","og_title":"C\u00f3mo Traducir Sus Documentos De Inmigraci\u00f3n Al Ingl\u00e9s | GLD Law","og_description":"El gobierno de los Estados Unidos requiere que traduzca documentos en idiomas extranjeros al ingl\u00e9s cuando los use con fines de inmigraci\u00f3n. A continuaci\u00f3n, le indicamos c\u00f3mo hacerlo.","og_url":"https:\/\/gldlaw.com\/es\/inmigracion\/como-traducir-sus-documentos-de-inmigracion-al-ingles\/","og_site_name":"Davis &amp; Associates","article_publisher":"https:\/\/www.facebook.com\/GLDavisandAssociates\/","article_modified_time":"2023-12-05T07:19:24+00:00","og_image":[{"url":"https:\/\/gldlaw.com\/wp-content\/uploads\/2022\/04\/Understanding-the-Immigration-Process-with-Davis-Associates.png","type":"","width":"","height":""}],"twitter_card":"summary_large_image","twitter_site":"@GLD_Law","twitter_misc":{"Tiempo de lectura":"7 minutos"},"schema":{"@context":"https:\/\/schema.org","@graph":[{"@type":"WebPage","@id":"https:\/\/gldlaw.com\/es\/inmigracion\/como-traducir-sus-documentos-de-inmigracion-al-ingles\/","url":"https:\/\/gldlaw.com\/es\/inmigracion\/como-traducir-sus-documentos-de-inmigracion-al-ingles\/","name":"C\u00f3mo Traducir Sus Documentos De Inmigraci\u00f3n Al Ingl\u00e9s | GLD Law","isPartOf":{"@id":"https:\/\/gldlaw.com\/es\/#website"},"primaryImageOfPage":{"@id":"https:\/\/gldlaw.com\/es\/inmigracion\/como-traducir-sus-documentos-de-inmigracion-al-ingles\/#primaryimage"},"image":{"@id":"https:\/\/gldlaw.com\/es\/inmigracion\/como-traducir-sus-documentos-de-inmigracion-al-ingles\/#primaryimage"},"thumbnailUrl":"https:\/\/gldlaw.com\/wp-content\/uploads\/2022\/04\/Understanding-the-Immigration-Process-with-Davis-Associates.png","datePublished":"2022-04-11T16:37:56+00:00","dateModified":"2023-12-05T07:19:24+00:00","description":"El gobierno de los Estados Unidos requiere que traduzca documentos en idiomas extranjeros al ingl\u00e9s cuando los use con fines de inmigraci\u00f3n. A continuaci\u00f3n, le indicamos c\u00f3mo hacerlo.","breadcrumb":{"@id":"https:\/\/gldlaw.com\/es\/inmigracion\/como-traducir-sus-documentos-de-inmigracion-al-ingles\/#breadcrumb"},"inLanguage":"es","potentialAction":[{"@type":"ReadAction","target":["https:\/\/gldlaw.com\/es\/inmigracion\/como-traducir-sus-documentos-de-inmigracion-al-ingles\/"]}]},{"@type":"ImageObject","inLanguage":"es","@id":"https:\/\/gldlaw.com\/es\/inmigracion\/como-traducir-sus-documentos-de-inmigracion-al-ingles\/#primaryimage","url":"https:\/\/gldlaw.com\/wp-content\/uploads\/2022\/04\/Understanding-the-Immigration-Process-with-Davis-Associates.png","contentUrl":"https:\/\/gldlaw.com\/wp-content\/uploads\/2022\/04\/Understanding-the-Immigration-Process-with-Davis-Associates.png"},{"@type":"BreadcrumbList","@id":"https:\/\/gldlaw.com\/es\/inmigracion\/como-traducir-sus-documentos-de-inmigracion-al-ingles\/#breadcrumb","itemListElement":[{"@type":"ListItem","position":1,"name":"Home","item":"https:\/\/gldlaw.com\/es\/"},{"@type":"ListItem","position":2,"name":"Areas de Pr\u00e1ctica","item":"https:\/\/gldlaw.com\/es\/inmigracion\/"},{"@type":"ListItem","position":3,"name":"C\u00f3mo Traducir Sus Documentos De Inmigraci\u00f3n Al Ingl\u00e9s"}]},{"@type":"WebSite","@id":"https:\/\/gldlaw.com\/es\/#website","url":"https:\/\/gldlaw.com\/es\/","name":"Davis &amp; Associates","description":"Dallas \/ Fort Worth Immigration Attorney","potentialAction":[{"@type":"SearchAction","target":{"@type":"EntryPoint","urlTemplate":"https:\/\/gldlaw.com\/es\/?s={search_term_string}"},"query-input":{"@type":"PropertyValueSpecification","valueRequired":true,"valueName":"search_term_string"}}],"inLanguage":"es"}]}},"_links":{"self":[{"href":"https:\/\/gldlaw.com\/es\/wp-json\/wp\/v2\/pages\/9361","targetHints":{"allow":["GET"]}}],"collection":[{"href":"https:\/\/gldlaw.com\/es\/wp-json\/wp\/v2\/pages"}],"about":[{"href":"https:\/\/gldlaw.com\/es\/wp-json\/wp\/v2\/types\/page"}],"author":[{"embeddable":true,"href":"https:\/\/gldlaw.com\/es\/wp-json\/wp\/v2\/users\/5"}],"replies":[{"embeddable":true,"href":"https:\/\/gldlaw.com\/es\/wp-json\/wp\/v2\/comments?post=9361"}],"version-history":[{"count":6,"href":"https:\/\/gldlaw.com\/es\/wp-json\/wp\/v2\/pages\/9361\/revisions"}],"predecessor-version":[{"id":10700,"href":"https:\/\/gldlaw.com\/es\/wp-json\/wp\/v2\/pages\/9361\/revisions\/10700"}],"up":[{"embeddable":true,"href":"https:\/\/gldlaw.com\/es\/wp-json\/wp\/v2\/pages\/3409"}],"wp:attachment":[{"href":"https:\/\/gldlaw.com\/es\/wp-json\/wp\/v2\/media?parent=9361"}],"curies":[{"name":"wp","href":"https:\/\/api.w.org\/{rel}","templated":true}]}}