{"id":9456,"date":"2022-05-16T14:00:48","date_gmt":"2022-05-16T19:00:48","guid":{"rendered":"https:\/\/gldlaw.com\/abogados\/cristina-marrero-rodriguez\/"},"modified":"2022-09-26T13:06:44","modified_gmt":"2022-09-26T18:06:44","slug":"cristina","status":"publish","type":"page","link":"https:\/\/gldlaw.com\/es\/abogados\/cristina\/","title":{"rendered":"Cristina Marrero Rodr\u00edguez"},"content":{"rendered":"\n\n\t<h2>Cristina Marrero Rodr\u00edguez<\/h2>\n\t\t\t\t<img loading=\"lazy\" decoding=\"async\" src=\"https:\/\/gldlaw.com\/wp-content\/uploads\/2022\/09\/Christina-Davis-Associates-1.jpeg\" alt=\"Christina - Davis &amp; Associates\" itemprop=\"image\" height=\"563\" width=\"394\" title=\"Christina - Davis &amp; Associates\" onerror=\"this.style.display='none'\"  \/>\n<h5>\n\t\tDEPARTAMENTOS\n\t<\/h5>\n\t<p>Abogado de Inmigraci\u00f3n<\/p>\n<h5>\n\t\tEDUCACI\u00d3N\n\t<\/h5>\n<h5>\n\t\tCONT\u00c1CTAME\n\t<\/h5>\n<h1>\n\t\tPERFIL DEL ABOGADO DE INMIGRACI\u00d3N\n\t<\/h1>\n\t<p>Cristina Marrero Rodr\u00edguez naci\u00f3 y se cri\u00f3 en la isla de Puerto Rico y habla ingl\u00e9s y espa\u00f1ol con fluidez. Siempre le ha gustado ayudar a las personas y est\u00e1 especialmente emocionada de poder hacerlo en el campo de la inmigraci\u00f3n. \u00a1Su parte favorita de ejercer la abogac\u00eda es hacer conexiones con los clientes, encontrar soluciones para sus problemas y luego verlos obtener resultados que les cambiar\u00e1n la vida!<\/p>\n<p>Se gradu\u00f3 Magna Cum Laude de la Universidad de Puerto Rico en 2016 con un bachillerato en Sociolog\u00eda, \u00e9nfasis en Estudios Culturales y Criminolog\u00eda. Cristina tambi\u00e9n complet\u00f3 m\u00e1s tarde su Juris Doctor en 2019 y es admitida en el Colegio de Abogados de Puerto Rico.<\/p>\n<p>En el primer a\u00f1o de la facultad de derecho de Cristina, descubri\u00f3 su amor por la ley de inmigraci\u00f3n. Quer\u00eda brindarles a los inmigrantes las herramientas y la asistencia que necesitaban para vivir y trabajar legalmente en los Estados Unidos.<\/p>\n<p>Durante su tiempo en la facultad de derecho, particip\u00f3 en la Cl\u00ednica de Inmigraci\u00f3n y pro-bono &#8220;SOI&#8221; Servicios de Orientaci\u00f3n al Inmigrante. Ser voluntaria en la cl\u00ednica de leyes de inmigraci\u00f3n y &#8220;SOI&#8221; le dio la oportunidad de comprender que un gran abogado de inmigraci\u00f3n no solo debe tener conocimientos sobre las leyes sino tambi\u00e9n sobre las personas. Ser un abogado de inmigraci\u00f3n requiere mucho respeto, compasi\u00f3n y empat\u00eda por sus clientes.<\/p>\n<p>Antes de mudarse a Houston en 2022, Cristina trabaj\u00f3 como asistente legal para un bufete de abogados de litigios colectivos y agravios masivos en Puerto Rico. Su trabajo anterior en inmigraci\u00f3n le ha dado una comprensi\u00f3n profunda del proceso de inmigraci\u00f3n basado en la familia.<\/p>\n\n","protected":false},"excerpt":{"rendered":"<p>Cristina Marrero Rodr\u00edguez DEPARTAMENTOS Abogado de Inmigraci\u00f3n EDUCACI\u00d3N CONT\u00c1CTAME PERFIL DEL ABOGADO DE INMIGRACI\u00d3N Cristina Marrero Rodr\u00edguez naci\u00f3 y se cri\u00f3 en la isla de Puerto Rico y habla ingl\u00e9s y espa\u00f1ol con fluidez. Siempre le ha gustado ayudar a las personas y est\u00e1 especialmente emocionada de poder hacerlo en el campo de la inmigraci\u00f3n.&hellip;<\/p>\n","protected":false},"author":5,"featured_media":0,"parent":7276,"menu_order":0,"comment_status":"closed","ping_status":"closed","template":"","meta":{"_monsterinsights_skip_tracking":false,"_monsterinsights_sitenote_active":false,"_monsterinsights_sitenote_note":"","_monsterinsights_sitenote_category":0,"footnotes":""},"class_list":["post-9456","page","type-page","status-publish","hentry"],"yoast_head":"<!-- This site is optimized with the Yoast SEO plugin v27.6 - https:\/\/yoast.com\/product\/yoast-seo-wordpress\/ -->\n<title>Cristina Marrero Rodr\u00edguez Immigration Attorney | Dallas Immigration Law<\/title>\n<meta name=\"description\" content=\"Cristina Marrero Rodr\u00edguez has always loved helping people and is especially excited to be able do so in the immigration field.\" \/>\n<meta name=\"robots\" content=\"index, follow, max-snippet:-1, max-image-preview:large, max-video-preview:-1\" \/>\n<link rel=\"canonical\" href=\"https:\/\/gldlaw.com\/es\/abogados\/cristina\/\" \/>\n<meta property=\"og:locale\" content=\"es_MX\" \/>\n<meta property=\"og:type\" content=\"article\" \/>\n<meta property=\"og:title\" content=\"Cristina Marrero Rodr\u00edguez Immigration Attorney | Dallas Immigration Law\" \/>\n<meta property=\"og:description\" content=\"Cristina Marrero Rodr\u00edguez has always loved helping people and is especially excited to be able do so in the immigration field.\" \/>\n<meta property=\"og:url\" content=\"https:\/\/gldlaw.com\/es\/abogados\/cristina\/\" \/>\n<meta property=\"og:site_name\" content=\"Davis &amp; Associates\" \/>\n<meta property=\"article:publisher\" content=\"https:\/\/www.facebook.com\/GLDavisandAssociates\/\" \/>\n<meta property=\"article:modified_time\" content=\"2022-09-26T18:06:44+00:00\" \/>\n<meta property=\"og:image\" content=\"https:\/\/gldlaw.com\/wp-content\/uploads\/2022\/09\/Christina-Davis-Associates-1.jpeg\" \/>\n<meta name=\"twitter:card\" content=\"summary_large_image\" \/>\n<meta name=\"twitter:site\" content=\"@GLD_Law\" \/>\n<meta name=\"twitter:label1\" content=\"Tiempo de lectura\" \/>\n\t<meta name=\"twitter:data1\" content=\"2 minutos\" \/>\n<script type=\"application\/ld+json\" class=\"yoast-schema-graph\">{\"@context\":\"https:\\\/\\\/schema.org\",\"@graph\":[{\"@type\":\"WebPage\",\"@id\":\"https:\\\/\\\/gldlaw.com\\\/es\\\/abogados\\\/cristina\\\/\",\"url\":\"https:\\\/\\\/gldlaw.com\\\/es\\\/abogados\\\/cristina\\\/\",\"name\":\"Cristina Marrero Rodr\u00edguez Immigration Attorney | Dallas Immigration Law\",\"isPartOf\":{\"@id\":\"https:\\\/\\\/gldlaw.com\\\/es\\\/#website\"},\"primaryImageOfPage\":{\"@id\":\"https:\\\/\\\/gldlaw.com\\\/es\\\/abogados\\\/cristina\\\/#primaryimage\"},\"image\":{\"@id\":\"https:\\\/\\\/gldlaw.com\\\/es\\\/abogados\\\/cristina\\\/#primaryimage\"},\"thumbnailUrl\":\"https:\\\/\\\/gldlaw.com\\\/wp-content\\\/uploads\\\/2022\\\/09\\\/Christina-Davis-Associates-1.jpeg\",\"datePublished\":\"2022-05-16T19:00:48+00:00\",\"dateModified\":\"2022-09-26T18:06:44+00:00\",\"description\":\"Cristina Marrero Rodr\u00edguez has always loved helping people and is especially excited to be able do so in the immigration field.\",\"breadcrumb\":{\"@id\":\"https:\\\/\\\/gldlaw.com\\\/es\\\/abogados\\\/cristina\\\/#breadcrumb\"},\"inLanguage\":\"es\",\"potentialAction\":[{\"@type\":\"ReadAction\",\"target\":[\"https:\\\/\\\/gldlaw.com\\\/es\\\/abogados\\\/cristina\\\/\"]}]},{\"@type\":\"ImageObject\",\"inLanguage\":\"es\",\"@id\":\"https:\\\/\\\/gldlaw.com\\\/es\\\/abogados\\\/cristina\\\/#primaryimage\",\"url\":\"https:\\\/\\\/gldlaw.com\\\/wp-content\\\/uploads\\\/2022\\\/09\\\/Christina-Davis-Associates-1.jpeg\",\"contentUrl\":\"https:\\\/\\\/gldlaw.com\\\/wp-content\\\/uploads\\\/2022\\\/09\\\/Christina-Davis-Associates-1.jpeg\"},{\"@type\":\"BreadcrumbList\",\"@id\":\"https:\\\/\\\/gldlaw.com\\\/es\\\/abogados\\\/cristina\\\/#breadcrumb\",\"itemListElement\":[{\"@type\":\"ListItem\",\"position\":1,\"name\":\"Home\",\"item\":\"https:\\\/\\\/gldlaw.com\\\/es\\\/\"},{\"@type\":\"ListItem\",\"position\":2,\"name\":\"Abogados\",\"item\":\"https:\\\/\\\/gldlaw.com\\\/es\\\/abogados\\\/\"},{\"@type\":\"ListItem\",\"position\":3,\"name\":\"Cristina Marrero Rodr\u00edguez\"}]},{\"@type\":\"WebSite\",\"@id\":\"https:\\\/\\\/gldlaw.com\\\/es\\\/#website\",\"url\":\"https:\\\/\\\/gldlaw.com\\\/es\\\/\",\"name\":\"Davis &amp; Associates\",\"description\":\"Dallas \\\/ Fort Worth Immigration Attorney\",\"potentialAction\":[{\"@type\":\"SearchAction\",\"target\":{\"@type\":\"EntryPoint\",\"urlTemplate\":\"https:\\\/\\\/gldlaw.com\\\/es\\\/?s={search_term_string}\"},\"query-input\":{\"@type\":\"PropertyValueSpecification\",\"valueRequired\":true,\"valueName\":\"search_term_string\"}}],\"inLanguage\":\"es\"}]}<\/script>\n<!-- \/ Yoast SEO plugin. -->","yoast_head_json":{"title":"Cristina Marrero Rodr\u00edguez Immigration Attorney | Dallas Immigration Law","description":"Cristina Marrero Rodr\u00edguez has always loved helping people and is especially excited to be able do so in the immigration field.","robots":{"index":"index","follow":"follow","max-snippet":"max-snippet:-1","max-image-preview":"max-image-preview:large","max-video-preview":"max-video-preview:-1"},"canonical":"https:\/\/gldlaw.com\/es\/abogados\/cristina\/","og_locale":"es_MX","og_type":"article","og_title":"Cristina Marrero Rodr\u00edguez Immigration Attorney | Dallas Immigration Law","og_description":"Cristina Marrero Rodr\u00edguez has always loved helping people and is especially excited to be able do so in the immigration field.","og_url":"https:\/\/gldlaw.com\/es\/abogados\/cristina\/","og_site_name":"Davis &amp; Associates","article_publisher":"https:\/\/www.facebook.com\/GLDavisandAssociates\/","article_modified_time":"2022-09-26T18:06:44+00:00","og_image":[{"url":"https:\/\/gldlaw.com\/wp-content\/uploads\/2022\/09\/Christina-Davis-Associates-1.jpeg","type":"","width":"","height":""}],"twitter_card":"summary_large_image","twitter_site":"@GLD_Law","twitter_misc":{"Tiempo de lectura":"2 minutos"},"schema":{"@context":"https:\/\/schema.org","@graph":[{"@type":"WebPage","@id":"https:\/\/gldlaw.com\/es\/abogados\/cristina\/","url":"https:\/\/gldlaw.com\/es\/abogados\/cristina\/","name":"Cristina Marrero Rodr\u00edguez Immigration Attorney | Dallas Immigration Law","isPartOf":{"@id":"https:\/\/gldlaw.com\/es\/#website"},"primaryImageOfPage":{"@id":"https:\/\/gldlaw.com\/es\/abogados\/cristina\/#primaryimage"},"image":{"@id":"https:\/\/gldlaw.com\/es\/abogados\/cristina\/#primaryimage"},"thumbnailUrl":"https:\/\/gldlaw.com\/wp-content\/uploads\/2022\/09\/Christina-Davis-Associates-1.jpeg","datePublished":"2022-05-16T19:00:48+00:00","dateModified":"2022-09-26T18:06:44+00:00","description":"Cristina Marrero Rodr\u00edguez has always loved helping people and is especially excited to be able do so in the immigration field.","breadcrumb":{"@id":"https:\/\/gldlaw.com\/es\/abogados\/cristina\/#breadcrumb"},"inLanguage":"es","potentialAction":[{"@type":"ReadAction","target":["https:\/\/gldlaw.com\/es\/abogados\/cristina\/"]}]},{"@type":"ImageObject","inLanguage":"es","@id":"https:\/\/gldlaw.com\/es\/abogados\/cristina\/#primaryimage","url":"https:\/\/gldlaw.com\/wp-content\/uploads\/2022\/09\/Christina-Davis-Associates-1.jpeg","contentUrl":"https:\/\/gldlaw.com\/wp-content\/uploads\/2022\/09\/Christina-Davis-Associates-1.jpeg"},{"@type":"BreadcrumbList","@id":"https:\/\/gldlaw.com\/es\/abogados\/cristina\/#breadcrumb","itemListElement":[{"@type":"ListItem","position":1,"name":"Home","item":"https:\/\/gldlaw.com\/es\/"},{"@type":"ListItem","position":2,"name":"Abogados","item":"https:\/\/gldlaw.com\/es\/abogados\/"},{"@type":"ListItem","position":3,"name":"Cristina Marrero Rodr\u00edguez"}]},{"@type":"WebSite","@id":"https:\/\/gldlaw.com\/es\/#website","url":"https:\/\/gldlaw.com\/es\/","name":"Davis &amp; Associates","description":"Dallas \/ Fort Worth Immigration Attorney","potentialAction":[{"@type":"SearchAction","target":{"@type":"EntryPoint","urlTemplate":"https:\/\/gldlaw.com\/es\/?s={search_term_string}"},"query-input":{"@type":"PropertyValueSpecification","valueRequired":true,"valueName":"search_term_string"}}],"inLanguage":"es"}]}},"_links":{"self":[{"href":"https:\/\/gldlaw.com\/es\/wp-json\/wp\/v2\/pages\/9456","targetHints":{"allow":["GET"]}}],"collection":[{"href":"https:\/\/gldlaw.com\/es\/wp-json\/wp\/v2\/pages"}],"about":[{"href":"https:\/\/gldlaw.com\/es\/wp-json\/wp\/v2\/types\/page"}],"author":[{"embeddable":true,"href":"https:\/\/gldlaw.com\/es\/wp-json\/wp\/v2\/users\/5"}],"replies":[{"embeddable":true,"href":"https:\/\/gldlaw.com\/es\/wp-json\/wp\/v2\/comments?post=9456"}],"version-history":[{"count":4,"href":"https:\/\/gldlaw.com\/es\/wp-json\/wp\/v2\/pages\/9456\/revisions"}],"predecessor-version":[{"id":9617,"href":"https:\/\/gldlaw.com\/es\/wp-json\/wp\/v2\/pages\/9456\/revisions\/9617"}],"up":[{"embeddable":true,"href":"https:\/\/gldlaw.com\/es\/wp-json\/wp\/v2\/pages\/7276"}],"wp:attachment":[{"href":"https:\/\/gldlaw.com\/es\/wp-json\/wp\/v2\/media?parent=9456"}],"curies":[{"name":"wp","href":"https:\/\/api.w.org\/{rel}","templated":true}]}}