{"id":9500,"date":"2022-07-21T14:37:40","date_gmt":"2022-07-21T19:37:40","guid":{"rendered":"https:\/\/gldlaw.com\/inmigracion\/visas\/b-1-or-b-2-visa-to-a-marriage-green-card\/"},"modified":"2025-04-14T11:43:20","modified_gmt":"2025-04-14T16:43:20","slug":"visa-b-1-o-b-2-a-una-tarjeta-verde-de-matrimonio","status":"publish","type":"page","link":"https:\/\/gldlaw.com\/es\/inmigracion\/visas\/visa-b-1-o-b-2-a-una-tarjeta-verde-de-matrimonio\/","title":{"rendered":"\u00bfC\u00f3mo Paso De Una Visa B-1 O B-2 A Una Tarjeta Verde De Matrimonio?"},"content":{"rendered":"\n\n\t<h1>\u00bfC\u00f3mo Paso De Una Visa B-1 O B-2 A Una Tarjeta Verde De Matrimonio en Texas?<\/h1>\n\t<p>Si se encuentra en los Estados Unidos con una <a href=\"https:\/\/gldlaw.com\/es\/inmigracion\/visas\/b-1b-2-visas\/\">visa B-1 o B-2<\/a>, es posible que cambie su estado de una visa de visitante a una <a href=\"https:\/\/gldlaw.com\/es\/inmigracion\/tarjeta-verdes\/\">tarjeta verde de matrimonio<\/a>.<\/p>\n<p>Sin embargo, no siempre es f\u00e1cil, y es posible que necesite la ayuda de un abogado de inmigraci\u00f3n para hacerlo. Esta gu\u00eda explica sus opciones cuando desea casarse con un ciudadano de los Estados Unidos o residente permanente legal.<\/p>\n<h2>\u00bfPuede Pasar De Una Visa B-1 O B-2 A Una Tarjeta Verde De Matrimonio?<\/h2>\n\t\t\t\t<img loading=\"lazy\" decoding=\"async\" src=\"https:\/\/gldlaw.com\/wp-content\/uploads\/2022\/07\/\u00bfCo\u0301mo-Paso-De-Una-Visa-B-1-O-B-2-A-Una-Tarjeta-Verde-De-Matrimonio.png\" alt=\"\u00bfCo\u0301mo Paso De Una Visa B-1 O B-2 A Una Tarjeta Verde De Matrimonio?\" itemprop=\"image\" height=\"630\" width=\"1200\" title=\"\u00bfCo\u0301mo Paso De Una Visa B-1 O B-2 A Una Tarjeta Verde De Matrimonio?\" onerror=\"this.style.display='none'\"  \/>\n\t<p>Lo primero es lo primero: puede casarse con un ciudadano estadounidense o residente permanente legal para obtener una tarjeta verde en los Estados Unidos. Sin embargo, no puede hacerlo solo para obtener un beneficio de inmigraci\u00f3n, como la residencia permanente legal o la ciudadan\u00eda.<\/p>\n<p>Eso significa que si vino a los Estados Unidos como visitante con el \u00fanico prop\u00f3sito de casarse con alguien y luego solicitar un ajuste de estatus, est\u00e1 cometiendo fraude de inmigraci\u00f3n. El fraude de inmigraci\u00f3n es motivo de deportaci\u00f3n (deportaci\u00f3n) de los Estados Unidos. Si el gobierno de los Estados Unidos lo deporta, no se le permitir\u00e1 regresar por un per\u00edodo de tiempo espec\u00edfico, si es que alguna vez lo hace.<\/p>\n<p>Sin embargo, si se est\u00e1 casando leg\u00edtimamente con alguien y no obtuvo fraudulentamente una visa B1 o B2, es posible obtener una tarjeta verde de matrimonio. El primer paso es presentar el Formulario I-485 para ajustar su estado.<\/p>\n<p>Muchas personas optan por trabajar con un abogado durante todo este proceso. Trabajar con un abogado no garantiza resultados espec\u00edficos, pero puede hacer que el proceso de solicitud sea m\u00e1s f\u00e1cil para usted. Adem\u00e1s, su abogado de inmigraci\u00f3n sabr\u00e1 qu\u00e9 formularios presentar ante el Servicio de Ciudadan\u00eda e Inmigraci\u00f3n de los Estados Unidos (USCIS), lo que le quita un poco de la tarea de su plato.<\/p>\n\t<h2><a href=\"https:\/\/gldlaw.com\/es\/contacto\/\">Haga Click Hoy Para Su Consulta Gratis\u00bb<\/a><\/h2>\n\t\t\t<a href=\"https:\/\/gldlaw.com\/es\/contacto\/\" target=\"_self\">\n\t\t\t\t\t\t\tGET STARTED &raquo;\n\t\t\t\t\t<\/a>\n\t<h3><img loading=\"lazy\" decoding=\"async\" src=\"https:\/\/gldlaw.com\/wp-content\/uploads\/2022\/07\/How-Do-I-Go-From-a-B-1-or-B-2-Visa-to-a-Marriage-Green-Card.png\" alt=\"How Do I Go From a B-1 or B-2 Visa to a Marriage Green Card?\" width=\"500\" height=\"375\" \/><\/h3>\n<h3>Visas B-1 Y B-2, Explicadas<\/h3>\n<p>Las visas B-1 y B-2 son para <a href=\"https:\/\/www.uscis.gov\/working-in-the-united-states\/temporary-visitors-for-business\/b-1-temporary-business-visitor\">visitantes<\/a> temporales \u00a0a los Estados Unidos. Con una de estas visas, puede visitar los Estados Unidos por negocios o turismo, tales como:<\/p>\n<ul>\n<li>realizar negocios, como negociar contratos o asistir a reuniones importantes relacionadas con su trabajo<\/li>\n<li>asistir a conferencias en su campo<\/li>\n<li>tomar unas vacaciones o visitar a amigos y familiares<\/li>\n<li>recibir tratamiento m\u00e9dico<\/li>\n<li>liquidar el patrimonio de un pariente<\/li>\n<li>asistir a ciertos eventos, como conciertos, o participar en clases a las que no se le paga por asistir o participar en ellas<\/li>\n<\/ul>\n<p>Si est\u00e1 en los Estados Unidos con una visa B-1 o B-2, no se le permite ir a la escuela, trabajar en un empleo a largo plazo para una empresa de los Estados Unidos ni participar en ninguna actuaci\u00f3n remunerada. Tampoco puede trabajar como miembro de la prensa extranjera o venir al pa\u00eds para obtener la residencia permanente. Esa \u00faltima parte es importante, porque descarta venir a los Estados Unidos simplemente para casarse con alguien y obtener <a href=\"https:\/\/gldlaw.com\/immigration\/family-immigration\/parents-green-card\/\"  data-wpil-monitor-id=\"81\">una tarjeta<\/a> verde.<\/p>\n<p>Eso no quiere decir que no sea posible ingresar a los Estados Unidos, conocer a alguien especial y decidir casarse. Si se casa con un ciudadano de los Estados Unidos o un residente permanente legal, puede ser elegible para una tarjeta verde, que le otorga la residencia permanente legal aqu\u00ed. Cuando tiene residencia permanente legal, tiene derecho a vivir y trabajar en cualquier lugar que desee dentro de los Estados Unidos.<\/p>\n<h3>Una Palabra Sobre La Doble Intenci\u00f3n<\/h3>\n<p>Algunas visas son de &#8220;doble intenci\u00f3n&#8221;. Eso significa que puede usarlos con la intenci\u00f3n de convertirse en un residente permanente legal en los Estados Unidos. Estos incluyen las visas de trabajo H-1B y L-1, pero no incluyen visas B-1 o B-2. Solo puede usar una visa B-1 o B-2 para el prop\u00f3sito previsto.<\/p>\n<p>Si, antes de su visita, tiene la intenci\u00f3n de convertirse en un residente permanente legal de los Estados Unidos, debe solicitar un tipo diferente de visa. De lo contrario, puede ser acusado y declarado culpable de fraude de inmigraci\u00f3n. Las visas B-1 y B-2 no son visas de doble intenci\u00f3n; son visas de intenci\u00f3n \u00fanica.<\/p>\n<p>Sin embargo, aunque estas visas son de una sola intenci\u00f3n, se le permite cambiar de opini\u00f3n despu\u00e9s de llegar a los Estados Unidos, que es lo que hace posible cambiar este tipo de visa en una tarjeta verde de matrimonio.<\/p>\n<h2>Convertir Una Visa B-1 O B-2 En Una Tarjeta Verde De Matrimonio<\/h2>\n<p>Antes de que pueda convertir su visa en una tarjeta verde de matrimonio, debe casarse. Si no est\u00e1 casado, no es elegible para este tipo de tarjeta verde (aunque puede ser elegible para solicitar una tarjeta verde basada en otras relaciones que comparta con ciudadanos estadounidenses o residentes permanentes legales o si se le ofrece un trabajo elegible).<\/p>\n<p>Despu\u00e9s de casarse, debe presentar el Formulario I-485 para ajustar su estado. Como parte del proceso de solicitud de la tarjeta verde, debe demostrar a USCIS que se cas\u00f3 de buena fe. Eso significa que no se cas\u00f3 solo para obtener un beneficio de inmigraci\u00f3n (como su tarjeta verde).<\/p>\n<p>El gobierno de los Estados Unidos se toma muy en serio el fraude de inmigraci\u00f3n, por lo que depende de usted demostrar que su relaci\u00f3n es de buena fe; es decir, est\u00e1s involucrado en una relaci\u00f3n matrimonial genuina con alguien que te importa y con quien tienes la intenci\u00f3n de permanecer casado para siempre.<\/p>\n<p>El proceso de ajuste de estatus puede llevar bastante tiempo. Primero debe mostrar su relaci\u00f3n con su nuevo c\u00f3nyuge para establecer su elegibilidad. Luego, lo m\u00e1s probable es que deba asistir a citas espec\u00edficas como parte del proceso; esas se describen en las siguientes secciones.<\/p>\n<h3>Asistir A Una Cita Biom\u00e9trica<\/h3>\n<p>Despu\u00e9s de presentar su solicitud de tarjeta verde, USCIS le enviar\u00e1 por correo un aviso de cita para asistir a una evaluaci\u00f3n biom\u00e9trica. Su cita biom\u00e9trica implica obtener su foto, huellas dactilares y firma, que el gobierno utiliza para realizar una verificaci\u00f3n de antecedentes penales sobre usted. Esta informaci\u00f3n permanece en los archivos del gobierno.<\/p>\n<h3>Asistir A Una Entrevista De Inmigraci\u00f3n<\/h3>\n<p>La gran mayor\u00eda de las personas necesitan asistir a una entrevista de inmigraci\u00f3n cuando solicitan un ajuste de estatus. Sin embargo, esta entrevista generalmente no se lleva a cabo durante varios meses despu\u00e9s de que se presenta la solicitud inicialmente. USCIS le notificar\u00e1 cu\u00e1ndo y d\u00f3nde presentarse para su entrevista.<\/p>\n<p>Durante la entrevista de inmigraci\u00f3n, un funcionario de USCIS revisar\u00e1 la informaci\u00f3n en su formulario de solicitud. Tambi\u00e9n intentar\u00e1n determinar si est\u00e1 involucrado en una relaci\u00f3n de buena fe o simplemente se cas\u00f3 para obtener un beneficio de inmigraci\u00f3n. Es posible que se requiera que usted y su c\u00f3nyuge asistan, y si el funcionario de USCIS considera que es necesario, pueden separarlo y hacerle las mismas preguntas para ver si sus respuestas coinciden.<\/p>\n<p>La entrevista oficial puede necesitar m\u00e1s informaci\u00f3n, o pueden decidir all\u00ed mismo. De cualquier manera, recibir\u00e1 la decisi\u00f3n del gobierno sobre su tarjeta verde por escrito. Si USCIS otorga su tarjeta verde, la agencia la enviar\u00e1 por correo a la direcci\u00f3n que tiene registrada para usted.<\/p>\n<h3>\u00bfParece Sospechoso Si Cambia Una Visa B-1 O B-2 A Una Tarjeta Verde?<\/h3>\n<p>Dependiendo de la rapidez con la que solicite un ajuste de estatus despu\u00e9s de su llegada a los Estados Unidos, USCIS puede encontrar su caso sospechoso. Puede estar sujeto a un escrutinio adicional durante el proceso, y el gobierno de los Estados Unidos puede presumir que siempre tuvo la intenci\u00f3n de convertirse en residente permanente, no que simplemente cambi\u00f3 de opini\u00f3n despu\u00e9s de su llegada a los Estados Unidos.<\/p>\n<h2>\u00bfNecesita Hablar Con Un Abogado Sobre La Conversi\u00f3n De Una Visa B-1 O B-2 En Una Tarjeta Verde De Matrimonio?<\/h2>\n<p>Si vino a los Estados Unidos con una visa B-1 o B-2 y ahora necesita convertirla en una tarjeta verde de matrimonio, es posible que podamos ayudarlo. Llame a nuestra oficina ahora para programar una consulta con un abogado de inmigraci\u00f3n con experiencia que puede ayudarlo a ajustar su estado y responder todas sus preguntas sobre el proceso.<\/p>\n\t<h2><a href=\"https:\/\/gldlaw.com\/es\/contacto\/\">Haga Click Hoy Para Su Consulta Gratis\u00bb<\/a><\/h2>\n\t\t\t<a href=\"https:\/\/gldlaw.com\/es\/contacto\/\" target=\"_self\">\n\t\t\t\t\t\t\tGET STARTED &raquo;\n\t\t\t\t\t<\/a>\n\n","protected":false},"excerpt":{"rendered":"<p>\u00bfC\u00f3mo Paso De Una Visa B-1 O B-2 A Una Tarjeta Verde De Matrimonio en Texas? Si se encuentra en los Estados Unidos con una visa B-1 o B-2, es posible que cambie su estado de una visa de visitante a una tarjeta verde de matrimonio. Sin embargo, no siempre es f\u00e1cil, y es posible&hellip;<\/p>\n","protected":false},"author":5,"featured_media":0,"parent":3427,"menu_order":0,"comment_status":"closed","ping_status":"closed","template":"","meta":{"_monsterinsights_skip_tracking":false,"_monsterinsights_sitenote_active":false,"_monsterinsights_sitenote_note":"","_monsterinsights_sitenote_category":0,"footnotes":""},"class_list":["post-9500","page","type-page","status-publish","hentry"],"yoast_head":"<!-- This site is optimized with the Yoast SEO plugin v27.6 - https:\/\/yoast.com\/product\/yoast-seo-wordpress\/ -->\n<title>\u00bfC\u00f3mo Paso De Visa B-1 O B-2 A Tarjeta Verde De Matrimonio?<\/title>\n<meta name=\"description\" content=\"\u00bfEs posible pasar de una visa B-1 o B-2 a una tarjeta verde de matrimonio en los Estados Unidos? Esta gu\u00eda explica sus opciones si est\u00e1 aqu\u00ed como visitante.\" \/>\n<meta name=\"robots\" content=\"index, follow, max-snippet:-1, max-image-preview:large, max-video-preview:-1\" \/>\n<link rel=\"canonical\" href=\"https:\/\/gldlaw.com\/es\/inmigracion\/visas\/visa-b-1-o-b-2-a-una-tarjeta-verde-de-matrimonio\/\" \/>\n<meta property=\"og:locale\" content=\"es_MX\" \/>\n<meta property=\"og:type\" content=\"article\" \/>\n<meta property=\"og:title\" content=\"\u00bfC\u00f3mo Paso De Visa B-1 O B-2 A Tarjeta Verde De Matrimonio?\" \/>\n<meta property=\"og:description\" content=\"\u00bfEs posible pasar de una visa B-1 o B-2 a una tarjeta verde de matrimonio en los Estados Unidos? Esta gu\u00eda explica sus opciones si est\u00e1 aqu\u00ed como visitante.\" \/>\n<meta property=\"og:url\" content=\"https:\/\/gldlaw.com\/es\/inmigracion\/visas\/visa-b-1-o-b-2-a-una-tarjeta-verde-de-matrimonio\/\" \/>\n<meta property=\"og:site_name\" content=\"Davis &amp; Associates\" \/>\n<meta property=\"article:publisher\" content=\"https:\/\/www.facebook.com\/GLDavisandAssociates\/\" \/>\n<meta property=\"article:modified_time\" content=\"2025-04-14T16:43:20+00:00\" \/>\n<meta property=\"og:image\" content=\"https:\/\/gldlaw.com\/wp-content\/uploads\/2022\/07\/How-Do-I-Go-From-a-B-1-or-B-2-Visa-to-a-Marriage-Green-Card.png\" \/>\n<meta name=\"twitter:card\" content=\"summary_large_image\" \/>\n<meta name=\"twitter:site\" content=\"@GLD_Law\" \/>\n<meta name=\"twitter:label1\" content=\"Tiempo de lectura\" \/>\n\t<meta name=\"twitter:data1\" content=\"7 minutos\" \/>\n<script type=\"application\/ld+json\" class=\"yoast-schema-graph\">{\"@context\":\"https:\\\/\\\/schema.org\",\"@graph\":[{\"@type\":\"WebPage\",\"@id\":\"https:\\\/\\\/gldlaw.com\\\/es\\\/inmigracion\\\/visas\\\/visa-b-1-o-b-2-a-una-tarjeta-verde-de-matrimonio\\\/\",\"url\":\"https:\\\/\\\/gldlaw.com\\\/es\\\/inmigracion\\\/visas\\\/visa-b-1-o-b-2-a-una-tarjeta-verde-de-matrimonio\\\/\",\"name\":\"\u00bfC\u00f3mo Paso De Visa B-1 O B-2 A Tarjeta Verde De Matrimonio?\",\"isPartOf\":{\"@id\":\"https:\\\/\\\/gldlaw.com\\\/es\\\/#website\"},\"primaryImageOfPage\":{\"@id\":\"https:\\\/\\\/gldlaw.com\\\/es\\\/inmigracion\\\/visas\\\/visa-b-1-o-b-2-a-una-tarjeta-verde-de-matrimonio\\\/#primaryimage\"},\"image\":{\"@id\":\"https:\\\/\\\/gldlaw.com\\\/es\\\/inmigracion\\\/visas\\\/visa-b-1-o-b-2-a-una-tarjeta-verde-de-matrimonio\\\/#primaryimage\"},\"thumbnailUrl\":\"https:\\\/\\\/gldlaw.com\\\/wp-content\\\/uploads\\\/2022\\\/07\\\/How-Do-I-Go-From-a-B-1-or-B-2-Visa-to-a-Marriage-Green-Card.png\",\"datePublished\":\"2022-07-21T19:37:40+00:00\",\"dateModified\":\"2025-04-14T16:43:20+00:00\",\"description\":\"\u00bfEs posible pasar de una visa B-1 o B-2 a una tarjeta verde de matrimonio en los Estados Unidos? Esta gu\u00eda explica sus opciones si est\u00e1 aqu\u00ed como visitante.\",\"breadcrumb\":{\"@id\":\"https:\\\/\\\/gldlaw.com\\\/es\\\/inmigracion\\\/visas\\\/visa-b-1-o-b-2-a-una-tarjeta-verde-de-matrimonio\\\/#breadcrumb\"},\"inLanguage\":\"es\",\"potentialAction\":[{\"@type\":\"ReadAction\",\"target\":[\"https:\\\/\\\/gldlaw.com\\\/es\\\/inmigracion\\\/visas\\\/visa-b-1-o-b-2-a-una-tarjeta-verde-de-matrimonio\\\/\"]}]},{\"@type\":\"ImageObject\",\"inLanguage\":\"es\",\"@id\":\"https:\\\/\\\/gldlaw.com\\\/es\\\/inmigracion\\\/visas\\\/visa-b-1-o-b-2-a-una-tarjeta-verde-de-matrimonio\\\/#primaryimage\",\"url\":\"https:\\\/\\\/gldlaw.com\\\/wp-content\\\/uploads\\\/2022\\\/07\\\/How-Do-I-Go-From-a-B-1-or-B-2-Visa-to-a-Marriage-Green-Card.png\",\"contentUrl\":\"https:\\\/\\\/gldlaw.com\\\/wp-content\\\/uploads\\\/2022\\\/07\\\/How-Do-I-Go-From-a-B-1-or-B-2-Visa-to-a-Marriage-Green-Card.png\"},{\"@type\":\"BreadcrumbList\",\"@id\":\"https:\\\/\\\/gldlaw.com\\\/es\\\/inmigracion\\\/visas\\\/visa-b-1-o-b-2-a-una-tarjeta-verde-de-matrimonio\\\/#breadcrumb\",\"itemListElement\":[{\"@type\":\"ListItem\",\"position\":1,\"name\":\"Home\",\"item\":\"https:\\\/\\\/gldlaw.com\\\/es\\\/\"},{\"@type\":\"ListItem\",\"position\":2,\"name\":\"Areas de Pr\u00e1ctica\",\"item\":\"https:\\\/\\\/gldlaw.com\\\/es\\\/inmigracion\\\/\"},{\"@type\":\"ListItem\",\"position\":3,\"name\":\"Inmigraci\u00f3n y Visas\",\"item\":\"https:\\\/\\\/gldlaw.com\\\/es\\\/inmigracion\\\/visas\\\/\"},{\"@type\":\"ListItem\",\"position\":4,\"name\":\"\u00bfC\u00f3mo Paso De Una Visa B-1 O B-2 A Una Tarjeta Verde De Matrimonio?\"}]},{\"@type\":\"WebSite\",\"@id\":\"https:\\\/\\\/gldlaw.com\\\/es\\\/#website\",\"url\":\"https:\\\/\\\/gldlaw.com\\\/es\\\/\",\"name\":\"Davis &amp; Associates\",\"description\":\"Dallas \\\/ Fort Worth Immigration Attorney\",\"potentialAction\":[{\"@type\":\"SearchAction\",\"target\":{\"@type\":\"EntryPoint\",\"urlTemplate\":\"https:\\\/\\\/gldlaw.com\\\/es\\\/?s={search_term_string}\"},\"query-input\":{\"@type\":\"PropertyValueSpecification\",\"valueRequired\":true,\"valueName\":\"search_term_string\"}}],\"inLanguage\":\"es\"}]}<\/script>\n<!-- \/ Yoast SEO plugin. -->","yoast_head_json":{"title":"\u00bfC\u00f3mo Paso De Visa B-1 O B-2 A Tarjeta Verde De Matrimonio?","description":"\u00bfEs posible pasar de una visa B-1 o B-2 a una tarjeta verde de matrimonio en los Estados Unidos? Esta gu\u00eda explica sus opciones si est\u00e1 aqu\u00ed como visitante.","robots":{"index":"index","follow":"follow","max-snippet":"max-snippet:-1","max-image-preview":"max-image-preview:large","max-video-preview":"max-video-preview:-1"},"canonical":"https:\/\/gldlaw.com\/es\/inmigracion\/visas\/visa-b-1-o-b-2-a-una-tarjeta-verde-de-matrimonio\/","og_locale":"es_MX","og_type":"article","og_title":"\u00bfC\u00f3mo Paso De Visa B-1 O B-2 A Tarjeta Verde De Matrimonio?","og_description":"\u00bfEs posible pasar de una visa B-1 o B-2 a una tarjeta verde de matrimonio en los Estados Unidos? Esta gu\u00eda explica sus opciones si est\u00e1 aqu\u00ed como visitante.","og_url":"https:\/\/gldlaw.com\/es\/inmigracion\/visas\/visa-b-1-o-b-2-a-una-tarjeta-verde-de-matrimonio\/","og_site_name":"Davis &amp; Associates","article_publisher":"https:\/\/www.facebook.com\/GLDavisandAssociates\/","article_modified_time":"2025-04-14T16:43:20+00:00","og_image":[{"url":"https:\/\/gldlaw.com\/wp-content\/uploads\/2022\/07\/How-Do-I-Go-From-a-B-1-or-B-2-Visa-to-a-Marriage-Green-Card.png","type":"","width":"","height":""}],"twitter_card":"summary_large_image","twitter_site":"@GLD_Law","twitter_misc":{"Tiempo de lectura":"7 minutos"},"schema":{"@context":"https:\/\/schema.org","@graph":[{"@type":"WebPage","@id":"https:\/\/gldlaw.com\/es\/inmigracion\/visas\/visa-b-1-o-b-2-a-una-tarjeta-verde-de-matrimonio\/","url":"https:\/\/gldlaw.com\/es\/inmigracion\/visas\/visa-b-1-o-b-2-a-una-tarjeta-verde-de-matrimonio\/","name":"\u00bfC\u00f3mo Paso De Visa B-1 O B-2 A Tarjeta Verde De Matrimonio?","isPartOf":{"@id":"https:\/\/gldlaw.com\/es\/#website"},"primaryImageOfPage":{"@id":"https:\/\/gldlaw.com\/es\/inmigracion\/visas\/visa-b-1-o-b-2-a-una-tarjeta-verde-de-matrimonio\/#primaryimage"},"image":{"@id":"https:\/\/gldlaw.com\/es\/inmigracion\/visas\/visa-b-1-o-b-2-a-una-tarjeta-verde-de-matrimonio\/#primaryimage"},"thumbnailUrl":"https:\/\/gldlaw.com\/wp-content\/uploads\/2022\/07\/How-Do-I-Go-From-a-B-1-or-B-2-Visa-to-a-Marriage-Green-Card.png","datePublished":"2022-07-21T19:37:40+00:00","dateModified":"2025-04-14T16:43:20+00:00","description":"\u00bfEs posible pasar de una visa B-1 o B-2 a una tarjeta verde de matrimonio en los Estados Unidos? Esta gu\u00eda explica sus opciones si est\u00e1 aqu\u00ed como visitante.","breadcrumb":{"@id":"https:\/\/gldlaw.com\/es\/inmigracion\/visas\/visa-b-1-o-b-2-a-una-tarjeta-verde-de-matrimonio\/#breadcrumb"},"inLanguage":"es","potentialAction":[{"@type":"ReadAction","target":["https:\/\/gldlaw.com\/es\/inmigracion\/visas\/visa-b-1-o-b-2-a-una-tarjeta-verde-de-matrimonio\/"]}]},{"@type":"ImageObject","inLanguage":"es","@id":"https:\/\/gldlaw.com\/es\/inmigracion\/visas\/visa-b-1-o-b-2-a-una-tarjeta-verde-de-matrimonio\/#primaryimage","url":"https:\/\/gldlaw.com\/wp-content\/uploads\/2022\/07\/How-Do-I-Go-From-a-B-1-or-B-2-Visa-to-a-Marriage-Green-Card.png","contentUrl":"https:\/\/gldlaw.com\/wp-content\/uploads\/2022\/07\/How-Do-I-Go-From-a-B-1-or-B-2-Visa-to-a-Marriage-Green-Card.png"},{"@type":"BreadcrumbList","@id":"https:\/\/gldlaw.com\/es\/inmigracion\/visas\/visa-b-1-o-b-2-a-una-tarjeta-verde-de-matrimonio\/#breadcrumb","itemListElement":[{"@type":"ListItem","position":1,"name":"Home","item":"https:\/\/gldlaw.com\/es\/"},{"@type":"ListItem","position":2,"name":"Areas de Pr\u00e1ctica","item":"https:\/\/gldlaw.com\/es\/inmigracion\/"},{"@type":"ListItem","position":3,"name":"Inmigraci\u00f3n y Visas","item":"https:\/\/gldlaw.com\/es\/inmigracion\/visas\/"},{"@type":"ListItem","position":4,"name":"\u00bfC\u00f3mo Paso De Una Visa B-1 O B-2 A Una Tarjeta Verde De Matrimonio?"}]},{"@type":"WebSite","@id":"https:\/\/gldlaw.com\/es\/#website","url":"https:\/\/gldlaw.com\/es\/","name":"Davis &amp; Associates","description":"Dallas \/ Fort Worth Immigration Attorney","potentialAction":[{"@type":"SearchAction","target":{"@type":"EntryPoint","urlTemplate":"https:\/\/gldlaw.com\/es\/?s={search_term_string}"},"query-input":{"@type":"PropertyValueSpecification","valueRequired":true,"valueName":"search_term_string"}}],"inLanguage":"es"}]}},"_links":{"self":[{"href":"https:\/\/gldlaw.com\/es\/wp-json\/wp\/v2\/pages\/9500","targetHints":{"allow":["GET"]}}],"collection":[{"href":"https:\/\/gldlaw.com\/es\/wp-json\/wp\/v2\/pages"}],"about":[{"href":"https:\/\/gldlaw.com\/es\/wp-json\/wp\/v2\/types\/page"}],"author":[{"embeddable":true,"href":"https:\/\/gldlaw.com\/es\/wp-json\/wp\/v2\/users\/5"}],"replies":[{"embeddable":true,"href":"https:\/\/gldlaw.com\/es\/wp-json\/wp\/v2\/comments?post=9500"}],"version-history":[{"count":5,"href":"https:\/\/gldlaw.com\/es\/wp-json\/wp\/v2\/pages\/9500\/revisions"}],"predecessor-version":[{"id":12157,"href":"https:\/\/gldlaw.com\/es\/wp-json\/wp\/v2\/pages\/9500\/revisions\/12157"}],"up":[{"embeddable":true,"href":"https:\/\/gldlaw.com\/es\/wp-json\/wp\/v2\/pages\/3427"}],"wp:attachment":[{"href":"https:\/\/gldlaw.com\/es\/wp-json\/wp\/v2\/media?parent=9500"}],"curies":[{"name":"wp","href":"https:\/\/api.w.org\/{rel}","templated":true}]}}