{"id":9513,"date":"2022-07-21T15:35:15","date_gmt":"2022-07-21T20:35:15","guid":{"rendered":"https:\/\/gldlaw.com\/biometric-appointment\/"},"modified":"2024-07-17T19:28:11","modified_gmt":"2024-07-18T00:28:11","slug":"cita-biometrica","status":"publish","type":"page","link":"https:\/\/gldlaw.com\/es\/cita-biometrica\/","title":{"rendered":"C\u00f3mo Prepararse Para Una Cita Biom\u00e9trica"},"content":{"rendered":"\r\n<h1>C\u00f3mo Prepararse Para Una Cita Biom\u00e9trica<\/h1>\r\n<p>Muchos inmigrantes deben asistir a una cita de evaluaci\u00f3n biom\u00e9trica en un Centro de Apoyo de Solicitudes de Servicios de Ciudadan\u00eda e Inmigraci\u00f3n de los Estados Unidos.<\/p>\r\n<p>Pero, \u00bfc\u00f3mo se prepara para su cita biom\u00e9trica, qu\u00e9 trae y qu\u00e9 sucede a continuaci\u00f3n? Esta gu\u00eda explica.<\/p>\r\n<h2>\u00bfQu\u00e9 Es Una Cita De Detecci\u00f3n Biom\u00e9trica En Inmigraci\u00f3n De Los Estados Unidos?<\/h2>\r\n<p><img loading=\"lazy\" decoding=\"async\" title=\"Biometric Appointment - Davis &amp; Associates\" src=\"https:\/\/gldlaw.com\/wp-content\/uploads\/2022\/07\/Biometric-Appointment-Davis-Associates.png\" alt=\"Biometric Appointment - Davis &amp; Associates\" width=\"1200\" height=\"630\" \/><\/p>\r\n<p>Una cita de evaluaci\u00f3n biom\u00e9trica es una cita en la que se recopilan sus\u00a0 huellas dactilares, foto y firma electr\u00f3nica con fines de inmigraci\u00f3n.<\/p>\r\n<p>El Servicio de Ciudadan\u00eda e Inmigraci\u00f3n de los Estados Unidos (USCIS) tambi\u00e9n puede recolectar su firma. USCIS utiliza esta informaci\u00f3n para realizar verificaciones de antecedentes como parte del proceso de inmigraci\u00f3n.<\/p>\r\n<h2>\u00bfCu\u00e1ndo Asiste A Una Cita De Detecci\u00f3n Biom\u00e9trica?<\/h2>\r\n<p>Se le pedir\u00e1 que asista a una cita de evaluaci\u00f3n biom\u00e9trica cuando presente ciertas solicitudes o peticiones ante USCIS. Por ejemplo, si est\u00e1 solicitando una tarjeta verde, deber\u00e1 asistir a una cita de detecci\u00f3n biom\u00e9trica. Otras veces que es posible que deba asistir a una cita de detecci\u00f3n biom\u00e9trica incluyen cuando:<\/p>\r\n<ul>\r\n<li>Ajuste su estado de una <a href=\"https:\/\/gldlaw.com\/es\/inmigracion\/visas\/b-1b-2-visas\/\">visa temporal<\/a> a una <a href=\"https:\/\/gldlaw.com\/es\/inmigracion\/tarjeta-verdes\/\">tarjeta verde<\/a><\/li>\r\n<li><a href=\"https:\/\/gldlaw.com\/es\/inmigracion\/ciudadania-y-naturalizacion\/\">Solicitar la naturalizaci\u00f3n<\/a> para convertirse en ciudadano estadounidense<\/li>\r\n<li><a href=\"https:\/\/gldlaw.com\/es\/inmigracion\/asilo\/\">Solicitar asilo<\/a><\/li>\r\n<li>Es v\u00edctima de trata de personas o delitos y est\u00e1 solicitando un <a href=\"https:\/\/gldlaw.com\/es\/inmigracion\/vawa\/\">estatus migratorio especial<\/a><\/li>\r\n<\/ul>\r\n<p>Despu\u00e9s de enviar su solicitud para recibir beneficios de inmigraci\u00f3n, USCIS programar\u00e1 su cita biom\u00e9trica\u00a0 y le enviar\u00e1 un aviso\u00a0 de cita (Aviso de Acci\u00f3n (Formulario I-797C)) que le indica exactamente cu\u00e1ndo y d\u00f3nde presentarse. La cita \u00a0se llevar\u00e1 a cabo en un centro llamado Centro de Soporte de Aplicaciones (ASC). Estas\u00a0 oficinas est\u00e1n ubicadas en todo Estados Unidos, y puede usar el <a href=\"https:\/\/egov.uscis.gov\/office-locator\/#\/asc\">Localizador de servicios y oficinas de USCIS<\/a> para obtener detalles sobre la oficina de ASC que est\u00e1 en su c\u00f3digo postal. Si necesita que USCIS haga adaptaciones especiales para usted para su cita biom\u00e9trica, puede encontrar informaci\u00f3n sobre c\u00f3mo manejarlo en la p\u00e1gina de servicio y localizaci\u00f3n de oficinas.<\/p>\r\n<p>Si no puede asistir a su cita biom\u00e9trica, debe reprogramarla antes de perderla. Si falta a la cita, USCIS puede concluir que ha abandonado su solicitud de beneficios. Es aconsejable reprogramar con la mayor anticipaci\u00f3n posible. Puede hacerlo a trav\u00e9s de su <a href=\"https:\/\/myaccount.uscis.gov\/\">cuenta en l\u00ednea de USCIS <\/a>\u00a0o comunic\u00e1ndose con el Centro de Contacto de USCIS al: 800-375-5283. Deber\u00e1 proporcionar una buena raz\u00f3n para la reprogramaci\u00f3n. Si USCIS determina que su raz\u00f3n no es aceptable, puede negar su petici\u00f3n por completo.<\/p>\r\n<p>Si la oficina de ASC destinada a organizar su cita biom\u00e9trica cierra debido al mal tiempo o debido a un problema con la oficina, USCIS reprogramar\u00e1 autom\u00e1ticamente la cita. El d\u00eda de su cita, antes de ir a un ASC, la agencia le aconseja que consulte la\u00a0 p\u00e1gina de <a href=\"https:\/\/www.uscis.gov\/about-us\/uscis-office-closings\">Cierres de Oficinas de USCIS<\/a> para estar al tanto de cualquier oficina que est\u00e9 cerrada o que haya cambiado temporalmente el horario comercial. Puede verificar el estado de los ASC y las oficinas locales de USCIS en esta p\u00e1gina.<\/p>\r\n<h2><a href=\"https:\/\/gldlaw.com\/es\/contacto\/\">Haga Clic Hoy Para Su Consulta Gratis<\/a><\/h2>\r\n<p><a href=\"https:\/\/gldlaw.com\/es\/contacto\/\" target=\"_self\" rel=\"noopener\"> Oprima Aqu\u00ed <\/a><\/p>\r\n<h2>\u00bfQu\u00e9 Aporta A Una Cita Biom\u00e9trica De ASC?<\/h2>\r\n<p><img loading=\"lazy\" decoding=\"async\" src=\"https:\/\/gldlaw.com\/wp-content\/uploads\/2022\/07\/How-to-Prepare-for-a-Biometric-Appointment.png\" alt=\"How to Prepare for a Biometric Appointment\" width=\"502\" height=\"376\" \/>Cuando asista a su cita de detecci\u00f3n biom\u00e9trica, deber\u00e1 traer:<\/p>\r\n<ul>\r\n<li>Un aviso que USCIS le envi\u00f3 dici\u00e9ndole cu\u00e1ndo y d\u00f3nde presentarse (Aviso de Acci\u00f3n (Formulario I-797C)). Si recibi\u00f3 m\u00e1s de un aviso, tr\u00e1igalos todos.<\/li>\r\n<li>Una forma aceptable de identificaci\u00f3n con foto. Esto podr\u00eda ser un pasaporte, licencia de conducir o tarjeta de identificaci\u00f3n estatal<\/li>\r\n<li>Cualquier otro documento que USCIS le haya dicho que traiga el aviso<\/li>\r\n<\/ul>\r\n<p>Debe llegar a su cita 15 minutos antes. Si llega tarde, USCIS puede reprogramar su cita o denegar su petici\u00f3n. Su abogado no necesita venir a su cita con usted, incluso si presentaron su petici\u00f3n por usted.<\/p>\r\n<h3>\u00bfQu\u00e9 Necesito Ayuda Ling\u00fc\u00edstica En Una Cita De Detecci\u00f3n Biom\u00e9trica?<\/h3>\r\n<p>Si no entiendes bien el ingl\u00e9s, est\u00e1 bien. USCIS proporciona instrucciones escritas en \u00e1rabe, chino, criollo, franc\u00e9s, coreano, polaco y portugu\u00e9s. Tambi\u00e9n puede traer a alguien que pueda traducir para usted; esa persona puede ser un amigo, familiar, abogado o representante acreditado.<\/p>\r\n<p>Si una discapacidad u otro problema de salud hace que no pueda viajar a su cita, puede calificar para usar los servicios de biometr\u00eda m\u00f3vil de USCIS. Puede hacer esta solicitud de adaptaci\u00f3n por discapacidad, entre otras solicitudes de adaptaciones, <a href=\"https:\/\/www.uscis.gov\/about-us\/disability-accommodations-for-the-public\">en l\u00ednea <\/a>\u00a0(como se indic\u00f3 anteriormente) o llamando al Centro de Contacto de USCIS al: 800-375-5283.<\/p>\r\n<p>Si usted es \u00a0\u00a0un solicitante de asilo o un solicitante de la Ley de Ajuste Nicarag\u00fcense y Alivio Centroamericano \u00a0203 (NACARA 203), debe <em>llamar <\/em>para hacer su \u00a0solicitud de alojamiento.<\/p>\r\n<p>Si su solicitud de alojamiento es denegada por USCIS y usted siente que fue denegada por error, puede solicitar que su solicitud sea reconsiderada. Debe proporcionar cualquier informaci\u00f3n nueva que tenga con respecto a su necesidad de una adaptaci\u00f3n.<\/p>\r\n<h3>\u00bfQu\u00e9 Sucede Con La Informaci\u00f3n Que USCIS Recopila En Una Cita De Servicios Biom\u00e9tricos?<\/h3>\r\n<p>USCIS recopila su informaci\u00f3n biom\u00e9trica (huellas dactilares, foto y firma) para realizar verificaciones de antecedentes. USCIS puede usar esta informaci\u00f3n para:<\/p>\r\n<ul>\r\n<li>Verifica tu identidad<\/li>\r\n<li>Determinar si usted representa un riesgo para la aplicaci\u00f3n de la ley o la seguridad nacional<\/li>\r\n<li>Verifique si hay violaciones de inmigraci\u00f3n anteriores<\/li>\r\n<li>Vea si tiene antecedentes penales<\/li>\r\n<li>Busque signos de fraude<\/li>\r\n<\/ul>\r\n<p>Su firma digital servir\u00e1 como su verificaci\u00f3n de que toda la documentaci\u00f3n, evidencia e informaci\u00f3n que proporcion\u00f3 en su presentaci\u00f3n para recibir beneficios de inmigraci\u00f3n fueron verdaderas y precisas.<\/p>\r\n<p>USCIS puede compartir su informaci\u00f3n biom\u00e9trica con otras agencias gubernamentales, como la Oficina Federal de Investigaciones (FBI) o el Departamento de Seguridad Nacional (DHS).<\/p>\r\n<p>El FBI utilizar\u00e1 los datos para realizar una verificaci\u00f3n de antecedentes penales por su cuenta. La oficina tambi\u00e9n puede realizar lo que se conoce como una <em>verificaci\u00f3n de nombre<\/em>, lo que significa que escanear\u00e1 sus registros en busca de cualquier aparici\u00f3n del nombre del solicitante. Este proceso puede realizarse a petici\u00f3n de USCIS.<\/p>\r\n<h3>\u00bfQu\u00e9 tarifa se cobra por un examen biom\u00e9trico?<\/h3>\r\n<p>Al momento de escribir este art\u00edculo, una evaluaci\u00f3n biom\u00e9trica viene con una tarifa de $ 85 cobrada por USCIS. Sin embargo, tenga en cuenta que USCIS ajusta las tarifas asociadas con sus servicios de vez en cuando. Puede consultar la <a href=\"https:\/\/www.uscis.gov\/feecalculator\">\u00a0herramienta en l\u00ednea Calcule sus<\/a> tarifas de USCIS para\u00a0 comprender m\u00e1s sobre las tarifas que se cobran por procesar solicitudes para una amplia gama de beneficios de inmigraci\u00f3n.<\/p>\r\n<h3>\u00bfCu\u00e1nto Tiempo Es V\u00e1lida Su Informaci\u00f3n Biom\u00e9trica?<\/h3>\r\n<p>Su informaci\u00f3n biom\u00e9trica solo es v\u00e1lida durante 15 meses. Si USCIS tarda m\u00e1s en procesar su solicitud, debe asistir a otra cita biom\u00e9trica.<\/p>\r\n<h3>\u00bfSiempre se requiere un examen biom\u00e9trico?<\/h3>\r\n<p>La biometr\u00eda no siempre es necesaria en todos los casos en que alguien solicita beneficios de inmigraci\u00f3n. Por ejemplo, las personas que presentan peticiones para inmigrar a los Estados Unidos como inversionistas del Centro Regional no est\u00e1n obligadas a asistir a una evaluaci\u00f3n biom\u00e9trica.<\/p>\r\n<p>Sin embargo, USCIS a\u00fan se reserva el derecho de solicitar datos biom\u00e9tricos siempre que determine que es necesario hacerlo. La agencia dice que tiene la autoridad para requerir y recopilar datos biom\u00e9tricos de cualquier peticionario, solicitante, beneficiario, patrocinador u otra persona que resida en los Estados Unidos y busque cualquier beneficio de inmigraci\u00f3n y naturalizaci\u00f3n.<\/p>\r\n<h2>\u00bfNecesita Hablar Con Un Abogado Sobre La Preparaci\u00f3n Para Una Cita Biom\u00e9trica?<\/h2>\r\n<p>Si necesita hablar con un abogado sobre c\u00f3mo prepararse para su cita biom\u00e9trica, estamos aqu\u00ed para ayudarlo. Llame a nuestra oficina ahora para programar una consulta gratuita con un abogado de inmigraci\u00f3n con experiencia que pueda brindarle la orientaci\u00f3n que necesita.<\/p>\r\n<h2><a href=\"https:\/\/gldlaw.com\/es\/contacto\/\">Haga Clic Hoy Para Su Consulta Gratis<\/a><\/h2>\r\n<p><a href=\"https:\/\/gldlaw.com\/es\/contacto\/\" target=\"_self\" rel=\"noopener\"> Oprima Aqu\u00ed <\/a><\/p>\r\n","protected":false},"excerpt":{"rendered":"<p>C\u00f3mo Prepararse Para Una Cita Biom\u00e9trica Muchos inmigrantes deben asistir a una cita de evaluaci\u00f3n biom\u00e9trica en un Centro de Apoyo de Solicitudes de Servicios de Ciudadan\u00eda e Inmigraci\u00f3n de los Estados Unidos. Pero, \u00bfc\u00f3mo se prepara para su cita biom\u00e9trica, qu\u00e9 trae y qu\u00e9 sucede a continuaci\u00f3n? Esta gu\u00eda explica. \u00bfQu\u00e9 Es Una Cita&hellip;<\/p>\n","protected":false},"author":5,"featured_media":0,"parent":0,"menu_order":0,"comment_status":"closed","ping_status":"closed","template":"","meta":{"_monsterinsights_skip_tracking":false,"_monsterinsights_sitenote_active":false,"_monsterinsights_sitenote_note":"","_monsterinsights_sitenote_category":0,"footnotes":""},"class_list":["post-9513","page","type-page","status-publish","hentry"],"yoast_head":"<!-- This site is optimized with the Yoast SEO plugin v27.6 - https:\/\/yoast.com\/product\/yoast-seo-wordpress\/ -->\n<title>C\u00f3mo Prepararse Para Una Cita Biom\u00e9trica de USCIS<\/title>\n<meta name=\"description\" content=\"Muchas personas que inmigran a los Estados Unidos deben asistir a una cita de detecci\u00f3n biom\u00e9trica. A continuaci\u00f3n, le indicamos c\u00f3mo prepararse antes de presentarse.\" \/>\n<meta name=\"robots\" content=\"index, follow, max-snippet:-1, max-image-preview:large, max-video-preview:-1\" \/>\n<link rel=\"canonical\" href=\"https:\/\/gldlaw.com\/es\/cita-biometrica\/\" \/>\n<meta property=\"og:locale\" content=\"es_MX\" \/>\n<meta property=\"og:type\" content=\"article\" \/>\n<meta property=\"og:title\" content=\"C\u00f3mo Prepararse Para Una Cita Biom\u00e9trica de USCIS\" \/>\n<meta property=\"og:description\" content=\"Muchas personas que inmigran a los Estados Unidos deben asistir a una cita de detecci\u00f3n biom\u00e9trica. A continuaci\u00f3n, le indicamos c\u00f3mo prepararse antes de presentarse.\" \/>\n<meta property=\"og:url\" content=\"https:\/\/gldlaw.com\/es\/cita-biometrica\/\" \/>\n<meta property=\"og:site_name\" content=\"Davis &amp; Associates\" \/>\n<meta property=\"article:publisher\" content=\"https:\/\/www.facebook.com\/GLDavisandAssociates\/\" \/>\n<meta property=\"article:modified_time\" content=\"2024-07-18T00:28:11+00:00\" \/>\n<meta property=\"og:image\" content=\"https:\/\/gldlaw.com\/wp-content\/uploads\/2022\/07\/Biometric-Appointment-Davis-Associates.png\" \/>\n<meta name=\"twitter:card\" content=\"summary_large_image\" \/>\n<meta name=\"twitter:site\" content=\"@GLD_Law\" \/>\n<meta name=\"twitter:label1\" content=\"Tiempo de lectura\" \/>\n\t<meta name=\"twitter:data1\" content=\"6 minutos\" \/>\n<script type=\"application\/ld+json\" class=\"yoast-schema-graph\">{\"@context\":\"https:\\\/\\\/schema.org\",\"@graph\":[{\"@type\":\"WebPage\",\"@id\":\"https:\\\/\\\/gldlaw.com\\\/es\\\/cita-biometrica\\\/\",\"url\":\"https:\\\/\\\/gldlaw.com\\\/es\\\/cita-biometrica\\\/\",\"name\":\"C\u00f3mo Prepararse Para Una Cita Biom\u00e9trica de USCIS\",\"isPartOf\":{\"@id\":\"https:\\\/\\\/gldlaw.com\\\/es\\\/#website\"},\"primaryImageOfPage\":{\"@id\":\"https:\\\/\\\/gldlaw.com\\\/es\\\/cita-biometrica\\\/#primaryimage\"},\"image\":{\"@id\":\"https:\\\/\\\/gldlaw.com\\\/es\\\/cita-biometrica\\\/#primaryimage\"},\"thumbnailUrl\":\"https:\\\/\\\/gldlaw.com\\\/wp-content\\\/uploads\\\/2022\\\/07\\\/Biometric-Appointment-Davis-Associates.png\",\"datePublished\":\"2022-07-21T20:35:15+00:00\",\"dateModified\":\"2024-07-18T00:28:11+00:00\",\"description\":\"Muchas personas que inmigran a los Estados Unidos deben asistir a una cita de detecci\u00f3n biom\u00e9trica. A continuaci\u00f3n, le indicamos c\u00f3mo prepararse antes de presentarse.\",\"breadcrumb\":{\"@id\":\"https:\\\/\\\/gldlaw.com\\\/es\\\/cita-biometrica\\\/#breadcrumb\"},\"inLanguage\":\"es\",\"potentialAction\":[{\"@type\":\"ReadAction\",\"target\":[\"https:\\\/\\\/gldlaw.com\\\/es\\\/cita-biometrica\\\/\"]}]},{\"@type\":\"ImageObject\",\"inLanguage\":\"es\",\"@id\":\"https:\\\/\\\/gldlaw.com\\\/es\\\/cita-biometrica\\\/#primaryimage\",\"url\":\"https:\\\/\\\/gldlaw.com\\\/wp-content\\\/uploads\\\/2022\\\/07\\\/Biometric-Appointment-Davis-Associates.png\",\"contentUrl\":\"https:\\\/\\\/gldlaw.com\\\/wp-content\\\/uploads\\\/2022\\\/07\\\/Biometric-Appointment-Davis-Associates.png\"},{\"@type\":\"BreadcrumbList\",\"@id\":\"https:\\\/\\\/gldlaw.com\\\/es\\\/cita-biometrica\\\/#breadcrumb\",\"itemListElement\":[{\"@type\":\"ListItem\",\"position\":1,\"name\":\"Home\",\"item\":\"https:\\\/\\\/gldlaw.com\\\/es\\\/\"},{\"@type\":\"ListItem\",\"position\":2,\"name\":\"C\u00f3mo Prepararse Para Una Cita Biom\u00e9trica\"}]},{\"@type\":\"WebSite\",\"@id\":\"https:\\\/\\\/gldlaw.com\\\/es\\\/#website\",\"url\":\"https:\\\/\\\/gldlaw.com\\\/es\\\/\",\"name\":\"Davis &amp; Associates\",\"description\":\"Dallas \\\/ Fort Worth Immigration Attorney\",\"potentialAction\":[{\"@type\":\"SearchAction\",\"target\":{\"@type\":\"EntryPoint\",\"urlTemplate\":\"https:\\\/\\\/gldlaw.com\\\/es\\\/?s={search_term_string}\"},\"query-input\":{\"@type\":\"PropertyValueSpecification\",\"valueRequired\":true,\"valueName\":\"search_term_string\"}}],\"inLanguage\":\"es\"}]}<\/script>\n<!-- \/ Yoast SEO plugin. -->","yoast_head_json":{"title":"C\u00f3mo Prepararse Para Una Cita Biom\u00e9trica de USCIS","description":"Muchas personas que inmigran a los Estados Unidos deben asistir a una cita de detecci\u00f3n biom\u00e9trica. A continuaci\u00f3n, le indicamos c\u00f3mo prepararse antes de presentarse.","robots":{"index":"index","follow":"follow","max-snippet":"max-snippet:-1","max-image-preview":"max-image-preview:large","max-video-preview":"max-video-preview:-1"},"canonical":"https:\/\/gldlaw.com\/es\/cita-biometrica\/","og_locale":"es_MX","og_type":"article","og_title":"C\u00f3mo Prepararse Para Una Cita Biom\u00e9trica de USCIS","og_description":"Muchas personas que inmigran a los Estados Unidos deben asistir a una cita de detecci\u00f3n biom\u00e9trica. A continuaci\u00f3n, le indicamos c\u00f3mo prepararse antes de presentarse.","og_url":"https:\/\/gldlaw.com\/es\/cita-biometrica\/","og_site_name":"Davis &amp; Associates","article_publisher":"https:\/\/www.facebook.com\/GLDavisandAssociates\/","article_modified_time":"2024-07-18T00:28:11+00:00","og_image":[{"url":"https:\/\/gldlaw.com\/wp-content\/uploads\/2022\/07\/Biometric-Appointment-Davis-Associates.png","type":"","width":"","height":""}],"twitter_card":"summary_large_image","twitter_site":"@GLD_Law","twitter_misc":{"Tiempo de lectura":"6 minutos"},"schema":{"@context":"https:\/\/schema.org","@graph":[{"@type":"WebPage","@id":"https:\/\/gldlaw.com\/es\/cita-biometrica\/","url":"https:\/\/gldlaw.com\/es\/cita-biometrica\/","name":"C\u00f3mo Prepararse Para Una Cita Biom\u00e9trica de USCIS","isPartOf":{"@id":"https:\/\/gldlaw.com\/es\/#website"},"primaryImageOfPage":{"@id":"https:\/\/gldlaw.com\/es\/cita-biometrica\/#primaryimage"},"image":{"@id":"https:\/\/gldlaw.com\/es\/cita-biometrica\/#primaryimage"},"thumbnailUrl":"https:\/\/gldlaw.com\/wp-content\/uploads\/2022\/07\/Biometric-Appointment-Davis-Associates.png","datePublished":"2022-07-21T20:35:15+00:00","dateModified":"2024-07-18T00:28:11+00:00","description":"Muchas personas que inmigran a los Estados Unidos deben asistir a una cita de detecci\u00f3n biom\u00e9trica. A continuaci\u00f3n, le indicamos c\u00f3mo prepararse antes de presentarse.","breadcrumb":{"@id":"https:\/\/gldlaw.com\/es\/cita-biometrica\/#breadcrumb"},"inLanguage":"es","potentialAction":[{"@type":"ReadAction","target":["https:\/\/gldlaw.com\/es\/cita-biometrica\/"]}]},{"@type":"ImageObject","inLanguage":"es","@id":"https:\/\/gldlaw.com\/es\/cita-biometrica\/#primaryimage","url":"https:\/\/gldlaw.com\/wp-content\/uploads\/2022\/07\/Biometric-Appointment-Davis-Associates.png","contentUrl":"https:\/\/gldlaw.com\/wp-content\/uploads\/2022\/07\/Biometric-Appointment-Davis-Associates.png"},{"@type":"BreadcrumbList","@id":"https:\/\/gldlaw.com\/es\/cita-biometrica\/#breadcrumb","itemListElement":[{"@type":"ListItem","position":1,"name":"Home","item":"https:\/\/gldlaw.com\/es\/"},{"@type":"ListItem","position":2,"name":"C\u00f3mo Prepararse Para Una Cita Biom\u00e9trica"}]},{"@type":"WebSite","@id":"https:\/\/gldlaw.com\/es\/#website","url":"https:\/\/gldlaw.com\/es\/","name":"Davis &amp; Associates","description":"Dallas \/ Fort Worth Immigration Attorney","potentialAction":[{"@type":"SearchAction","target":{"@type":"EntryPoint","urlTemplate":"https:\/\/gldlaw.com\/es\/?s={search_term_string}"},"query-input":{"@type":"PropertyValueSpecification","valueRequired":true,"valueName":"search_term_string"}}],"inLanguage":"es"}]}},"_links":{"self":[{"href":"https:\/\/gldlaw.com\/es\/wp-json\/wp\/v2\/pages\/9513","targetHints":{"allow":["GET"]}}],"collection":[{"href":"https:\/\/gldlaw.com\/es\/wp-json\/wp\/v2\/pages"}],"about":[{"href":"https:\/\/gldlaw.com\/es\/wp-json\/wp\/v2\/types\/page"}],"author":[{"embeddable":true,"href":"https:\/\/gldlaw.com\/es\/wp-json\/wp\/v2\/users\/5"}],"replies":[{"embeddable":true,"href":"https:\/\/gldlaw.com\/es\/wp-json\/wp\/v2\/comments?post=9513"}],"version-history":[{"count":4,"href":"https:\/\/gldlaw.com\/es\/wp-json\/wp\/v2\/pages\/9513\/revisions"}],"predecessor-version":[{"id":11448,"href":"https:\/\/gldlaw.com\/es\/wp-json\/wp\/v2\/pages\/9513\/revisions\/11448"}],"wp:attachment":[{"href":"https:\/\/gldlaw.com\/es\/wp-json\/wp\/v2\/media?parent=9513"}],"curies":[{"name":"wp","href":"https:\/\/api.w.org\/{rel}","templated":true}]}}